{"id":2324,"date":"2025-03-21T12:13:31","date_gmt":"2025-03-21T12:13:31","guid":{"rendered":"https:\/\/fahrerlaubnisnetz.com\/?page_id=2324"},"modified":"2025-03-21T12:15:50","modified_gmt":"2025-03-21T12:15:50","slug":"lieferinformationen","status":"publish","type":"page","link":"https:\/\/fahrerlaubnisnetz.com\/de\/lieferinformationen\/","title":{"rendered":"Lieferinformationen"},"content":{"rendered":"<h2 class=\"wp-block-heading\">Lieferinformationen<\/h2>\n\n\n\n<figure class=\"wp-block-image\"><img decoding=\"async\" src=\"https:\/\/buylegitdocs.com\/wp-content\/uploads\/2024\/05\/deliveryinformationnew.png\" alt=\"delivery information\" class=\"wp-image-25347\" title=\"Lieferinformationen\"\/><\/figure>\n\n\n\n<p><\/p>\n\n\n\n<h3 class=\"wp-block-heading\">Versandinformationen:<\/h3>\n\n\n\n<p>Lieferinformationen Versandinformationen: Lieferinformationen. Wir bem\u00fchen uns, Produkte, die bei Fahrerlaubnis Netz gekauft wurden, in ausgezeichnetem Zustand zu liefern <a href=\"https:\/\/fahrerlaubnisnetz.com\/de\/produkt-kategorie\/aufenthaltserlaubnis\/\" title=\"\">Fahrerlaubnis Netz<\/a>, der Versand ist v\u00f6llig KOSTENLOS. Au\u00dferdem werden wir f\u00fcr alle weiteren Eink\u00e4ufe von USD 500 oder mehr\u00a0<a href=\"https:\/\/fahrerlaubnisnetz.com\/de\/produkt-kategorie\/aufenthaltserlaubnis\/\" target=\"_blank\" rel=\"noopener\" title=\"\">die Bestellung ausliefern<\/a>\u00a0kostenlos bis an Ihre Haust\u00fcr. F\u00fcr alle Bestellungen unter 500 USD wird eine Versandgeb\u00fchr erhoben.<\/p>\n\n\n\n<ul class=\"wp-block-list\">\n<li>Wenn die Bestellung storniert wird, verloren geht oder nicht an Ihren Wunschort geliefert wird, erstatten wir Ihnen den gesamten Bestellbetrag einschlie\u00dflich aller Versandkosten.<\/li>\n\n\n\n<li>Wenn Sie eine an Sie gelieferte Bestellung zur\u00fccksenden, werden die Versandkosten nicht erstattet.<\/li>\n<\/ul>\n\n\n\n<p>*Der Bestellwert wird nach Abzug der Rabatte berechnet. &nbsp;<\/p>\n\n\n\n<h3 class=\"wp-block-heading\">Informationen zu Lieferzeiten und garantierter Lieferung:<\/h3>\n\n\n\n<p>Der Expressversand per&nbsp;<a href=\"https:\/\/www.dhl.com\/us-en\/home.html\" target=\"_blank\" rel=\"noreferrer noopener\">DHL<\/a>\/FedEx\/UPS dauert je nach Region 3\u20137 Tage.<\/p>\n\n\n\n<p>Wir bieten au\u00dferdem garantierte Lieferung f\u00fcr bestimmte schnelle Liefergeschwindigkeiten und ausgew\u00e4hlte Produkte an. Wenn f\u00fcr eine Bestellung eine garantierte Lieferung verf\u00fcgbar ist, wird dies auf der Checkout-Seite mit dem zugeh\u00f6rigen Lieferdatum (falls zutreffend) deutlich gekennzeichnet.<\/p>\n\n\n\n<p>Wenn wir einen garantierten Liefertermin angeben und bis zu diesem Termin kein Zustellversuch erfolgt, gew\u00e4hren wir Ihnen einen guten Rabatt (bis zu 50 %) f\u00fcr Ihre n\u00e4chste Bestellung (kontaktieren Sie unseren Mitarbeiter).<\/p>","protected":false},"excerpt":{"rendered":"<p>Delivery Information Shipping information: Delivery Information. We strive to deliver products purchased from Fahrerlaubnis netz, in excellent condition and in the fastest time possible. If this is your first order with Fahrerlaubnis Netz, shipping will be completely FREE. Also, for all the subsequent purchases of USD 500 or more, we will\u00a0deliver the order\u00a0to your doorstep [&hellip;]<\/p>\n","protected":false},"author":1,"featured_media":0,"parent":0,"menu_order":0,"comment_status":"closed","ping_status":"closed","template":"","meta":{"site-sidebar-layout":"default","site-content-layout":"","ast-site-content-layout":"default","site-content-style":"default","site-sidebar-style":"default","ast-global-header-display":"","ast-banner-title-visibility":"","ast-main-header-display":"","ast-hfb-above-header-display":"","ast-hfb-below-header-display":"","ast-hfb-mobile-header-display":"","site-post-title":"disabled","ast-breadcrumbs-content":"","ast-featured-img":"","footer-sml-layout":"","ast-disable-related-posts":"","theme-transparent-header-meta":"","adv-header-id-meta":"","stick-header-meta":"","header-above-stick-meta":"","header-main-stick-meta":"","header-below-stick-meta":"","astra-migrate-meta-layouts":"set","ast-page-background-enabled":"default","ast-page-background-meta":{"desktop":{"background-color":"var(--ast-global-color-4)","background-image":"","background-repeat":"repeat","background-position":"center center","background-size":"auto","background-attachment":"scroll","background-type":"","background-media":"","overlay-type":"","overlay-color":"","overlay-opacity":"","overlay-gradient":""},"tablet":{"background-color":"","background-image":"","background-repeat":"repeat","background-position":"center center","background-size":"auto","background-attachment":"scroll","background-type":"","background-media":"","overlay-type":"","overlay-color":"","overlay-opacity":"","overlay-gradient":""},"mobile":{"background-color":"","background-image":"","background-repeat":"repeat","background-position":"center center","background-size":"auto","background-attachment":"scroll","background-type":"","background-media":"","overlay-type":"","overlay-color":"","overlay-opacity":"","overlay-gradient":""}},"ast-content-background-meta":{"desktop":{"background-color":"var(--ast-global-color-5)","background-image":"","background-repeat":"repeat","background-position":"center center","background-size":"auto","background-attachment":"scroll","background-type":"","background-media":"","overlay-type":"","overlay-color":"","overlay-opacity":"","overlay-gradient":""},"tablet":{"background-color":"var(--ast-global-color-5)","background-image":"","background-repeat":"repeat","background-position":"center center","background-size":"auto","background-attachment":"scroll","background-type":"","background-media":"","overlay-type":"","overlay-color":"","overlay-opacity":"","overlay-gradient":""},"mobile":{"background-color":"var(--ast-global-color-5)","background-image":"","background-repeat":"repeat","background-position":"center center","background-size":"auto","background-attachment":"scroll","background-type":"","background-media":"","overlay-type":"","overlay-color":"","overlay-opacity":"","overlay-gradient":""}},"footnotes":""},"class_list":["post-2324","page","type-page","status-publish","hentry"],"yoast_head":"<!-- This site is optimized with the Yoast SEO Premium plugin v24.7 (Yoast SEO v27.1.1) - https:\/\/yoast.com\/product\/yoast-seo-premium-wordpress\/ -->\n<title>Delivery Information | Fahrerlaubnis Netz<\/title>\n<meta name=\"description\" content=\"Delivery Information Shipping information: Delivery Information. We strive to deliver products purchased from Fahrerlaubnis netz, in excellent condition\" \/>\n<meta name=\"robots\" content=\"index, follow, max-snippet:-1, max-image-preview:large, max-video-preview:-1\" \/>\n<link rel=\"canonical\" href=\"https:\/\/fahrerlaubnisnetz.com\/de\/lieferinformationen\/\" \/>\n<meta property=\"og:locale\" content=\"de_DE\" \/>\n<meta property=\"og:type\" content=\"article\" \/>\n<meta property=\"og:title\" content=\"Delivery Information\" \/>\n<meta property=\"og:description\" content=\"Delivery Information Shipping information: Delivery Information. We strive to deliver products purchased from Fahrerlaubnis netz, in excellent condition\" \/>\n<meta property=\"og:url\" content=\"https:\/\/fahrerlaubnisnetz.com\/de\/lieferinformationen\/\" \/>\n<meta property=\"og:site_name\" content=\"Fahrerlaubnis Netz\" \/>\n<meta property=\"article:modified_time\" content=\"2025-03-21T12:15:50+00:00\" \/>\n<meta property=\"og:image\" content=\"https:\/\/fahrerlaubnisnetz.com\/wp-content\/uploads\/2025\/04\/image_2025-04-08_074319487.png\" \/>\n\t<meta property=\"og:image:width\" content=\"621\" \/>\n\t<meta property=\"og:image:height\" content=\"500\" \/>\n\t<meta property=\"og:image:type\" content=\"image\/png\" \/>\n<meta name=\"twitter:card\" content=\"summary_large_image\" \/>\n<meta name=\"twitter:label1\" content=\"Gesch\u00e4tzte Lesezeit\" \/>\n\t<meta name=\"twitter:data1\" content=\"1\u00a0Minute\" \/>\n<script type=\"application\/ld+json\" class=\"yoast-schema-graph\">{\"@context\":\"https:\/\/schema.org\",\"@graph\":[{\"@type\":\"WebPage\",\"@id\":\"https:\/\/fahrerlaubnisnetz.com\/delivery-information\/\",\"url\":\"https:\/\/fahrerlaubnisnetz.com\/delivery-information\/\",\"name\":\"Delivery Information | Fahrerlaubnis Netz\",\"isPartOf\":{\"@id\":\"https:\/\/fahrerlaubnisnetz.com\/#website\"},\"primaryImageOfPage\":{\"@id\":\"https:\/\/fahrerlaubnisnetz.com\/delivery-information\/#primaryimage\"},\"image\":{\"@id\":\"https:\/\/fahrerlaubnisnetz.com\/delivery-information\/#primaryimage\"},\"thumbnailUrl\":\"https:\/\/buylegitdocs.com\/wp-content\/uploads\/2024\/05\/deliveryinformationnew.png\",\"datePublished\":\"2025-03-21T12:13:31+00:00\",\"dateModified\":\"2025-03-21T12:15:50+00:00\",\"description\":\"Delivery Information Shipping information: Delivery Information. We strive to deliver products purchased from Fahrerlaubnis netz, in excellent condition\",\"breadcrumb\":{\"@id\":\"https:\/\/fahrerlaubnisnetz.com\/delivery-information\/#breadcrumb\"},\"inLanguage\":\"de\",\"potentialAction\":[{\"@type\":\"ReadAction\",\"target\":[\"https:\/\/fahrerlaubnisnetz.com\/delivery-information\/\"]}]},{\"@type\":\"ImageObject\",\"inLanguage\":\"de\",\"@id\":\"https:\/\/fahrerlaubnisnetz.com\/delivery-information\/#primaryimage\",\"url\":\"https:\/\/buylegitdocs.com\/wp-content\/uploads\/2024\/05\/deliveryinformationnew.png\",\"contentUrl\":\"https:\/\/buylegitdocs.com\/wp-content\/uploads\/2024\/05\/deliveryinformationnew.png\"},{\"@type\":\"BreadcrumbList\",\"@id\":\"https:\/\/fahrerlaubnisnetz.com\/delivery-information\/#breadcrumb\",\"itemListElement\":[{\"@type\":\"ListItem\",\"position\":1,\"name\":\"Home\",\"item\":\"https:\/\/fahrerlaubnisnetz.com\/\"},{\"@type\":\"ListItem\",\"position\":2,\"name\":\"Delivery Information\"}]},{\"@type\":\"WebSite\",\"@id\":\"https:\/\/fahrerlaubnisnetz.com\/#website\",\"url\":\"https:\/\/fahrerlaubnisnetz.com\/\",\"name\":\"FAHRERLAUBNIS NETZ\",\"description\":\"Buy Original Drivers License, Pasport Online\",\"publisher\":{\"@id\":\"https:\/\/fahrerlaubnisnetz.com\/#organization\"},\"alternateName\":\"DRIVER'S LICENSE NETWORK\",\"potentialAction\":[{\"@type\":\"SearchAction\",\"target\":{\"@type\":\"EntryPoint\",\"urlTemplate\":\"https:\/\/fahrerlaubnisnetz.com\/?s={search_term_string}\"},\"query-input\":{\"@type\":\"PropertyValueSpecification\",\"valueRequired\":true,\"valueName\":\"search_term_string\"}}],\"inLanguage\":\"de\"},{\"@type\":\"Organization\",\"@id\":\"https:\/\/fahrerlaubnisnetz.com\/#organization\",\"name\":\"FAHRERLAUBNIS NETZ\",\"alternateName\":\"DRIVER'S LICENSE NETWORK\",\"url\":\"https:\/\/fahrerlaubnisnetz.com\/\",\"logo\":{\"@type\":\"ImageObject\",\"inLanguage\":\"de\",\"@id\":\"https:\/\/fahrerlaubnisnetz.com\/#\/schema\/logo\/image\/\",\"url\":\"https:\/\/fahrerlaubnisnetz.com\/wp-content\/uploads\/2025\/03\/image_2025-03-21_162823337.png\",\"contentUrl\":\"https:\/\/fahrerlaubnisnetz.com\/wp-content\/uploads\/2025\/03\/image_2025-03-21_162823337.png\",\"width\":590,\"height\":288,\"caption\":\"FAHRERLAUBNIS NETZ\"},\"image\":{\"@id\":\"https:\/\/fahrerlaubnisnetz.com\/#\/schema\/logo\/image\/\"}}]}<\/script>\n<!-- \/ Yoast SEO Premium plugin. -->","yoast_head_json":{"title":"Lieferinformationen | Fahrerlaubnis Netz","description":"Lieferinformationen Versandinformationen: Lieferinformationen. Wir bem\u00fchen uns, Produkte, die bei Fahrerlaubnis Netz gekauft wurden, in ausgezeichnetem Zustand zu liefern","robots":{"index":"index","follow":"follow","max-snippet":"max-snippet:-1","max-image-preview":"max-image-preview:large","max-video-preview":"max-video-preview:-1"},"canonical":"https:\/\/fahrerlaubnisnetz.com\/de\/lieferinformationen\/","og_locale":"de_DE","og_type":"article","og_title":"Delivery Information","og_description":"Delivery Information Shipping information: Delivery Information. We strive to deliver products purchased from Fahrerlaubnis netz, in excellent condition","og_url":"https:\/\/fahrerlaubnisnetz.com\/de\/lieferinformationen\/","og_site_name":"Fahrerlaubnis Netz","article_modified_time":"2025-03-21T12:15:50+00:00","og_image":[{"width":621,"height":500,"url":"https:\/\/fahrerlaubnisnetz.com\/wp-content\/uploads\/2025\/04\/image_2025-04-08_074319487.png","type":"image\/png"}],"twitter_card":"summary_large_image","twitter_misc":{"Gesch\u00e4tzte Lesezeit":"1\u00a0Minute"},"schema":{"@context":"https:\/\/schema.org","@graph":[{"@type":"WebPage","@id":"https:\/\/fahrerlaubnisnetz.com\/delivery-information\/","url":"https:\/\/fahrerlaubnisnetz.com\/delivery-information\/","name":"Lieferinformationen | Fahrerlaubnis Netz","isPartOf":{"@id":"https:\/\/fahrerlaubnisnetz.com\/#website"},"primaryImageOfPage":{"@id":"https:\/\/fahrerlaubnisnetz.com\/delivery-information\/#primaryimage"},"image":{"@id":"https:\/\/fahrerlaubnisnetz.com\/delivery-information\/#primaryimage"},"thumbnailUrl":"https:\/\/buylegitdocs.com\/wp-content\/uploads\/2024\/05\/deliveryinformationnew.png","datePublished":"2025-03-21T12:13:31+00:00","dateModified":"2025-03-21T12:15:50+00:00","description":"Lieferinformationen Versandinformationen: Lieferinformationen. Wir bem\u00fchen uns, Produkte, die bei Fahrerlaubnis Netz gekauft wurden, in ausgezeichnetem Zustand zu liefern","breadcrumb":{"@id":"https:\/\/fahrerlaubnisnetz.com\/delivery-information\/#breadcrumb"},"inLanguage":"de","potentialAction":[{"@type":"ReadAction","target":["https:\/\/fahrerlaubnisnetz.com\/delivery-information\/"]}]},{"@type":"ImageObject","inLanguage":"de","@id":"https:\/\/fahrerlaubnisnetz.com\/delivery-information\/#primaryimage","url":"https:\/\/buylegitdocs.com\/wp-content\/uploads\/2024\/05\/deliveryinformationnew.png","contentUrl":"https:\/\/buylegitdocs.com\/wp-content\/uploads\/2024\/05\/deliveryinformationnew.png"},{"@type":"BreadcrumbList","@id":"https:\/\/fahrerlaubnisnetz.com\/delivery-information\/#breadcrumb","itemListElement":[{"@type":"ListItem","position":1,"name":"Home","item":"https:\/\/fahrerlaubnisnetz.com\/"},{"@type":"ListItem","position":2,"name":"Delivery Information"}]},{"@type":"WebSite","@id":"https:\/\/fahrerlaubnisnetz.com\/#website","url":"https:\/\/fahrerlaubnisnetz.com\/","name":"FAHRERLAUBNIS NETZ","description":"Kaufen Sie den Original-F\u00fchrerschein oder Reisepass online","publisher":{"@id":"https:\/\/fahrerlaubnisnetz.com\/#organization"},"alternateName":"DRIVER'S LICENSE NETWORK","potentialAction":[{"@type":"SearchAction","target":{"@type":"EntryPoint","urlTemplate":"https:\/\/fahrerlaubnisnetz.com\/?s={search_term_string}"},"query-input":{"@type":"PropertyValueSpecification","valueRequired":true,"valueName":"search_term_string"}}],"inLanguage":"de"},{"@type":"Organization","@id":"https:\/\/fahrerlaubnisnetz.com\/#organization","name":"FAHRERLAUBNIS NETZ","alternateName":"DRIVER'S LICENSE NETWORK","url":"https:\/\/fahrerlaubnisnetz.com\/","logo":{"@type":"ImageObject","inLanguage":"de","@id":"https:\/\/fahrerlaubnisnetz.com\/#\/schema\/logo\/image\/","url":"https:\/\/fahrerlaubnisnetz.com\/wp-content\/uploads\/2025\/03\/image_2025-03-21_162823337.png","contentUrl":"https:\/\/fahrerlaubnisnetz.com\/wp-content\/uploads\/2025\/03\/image_2025-03-21_162823337.png","width":590,"height":288,"caption":"FAHRERLAUBNIS NETZ"},"image":{"@id":"https:\/\/fahrerlaubnisnetz.com\/#\/schema\/logo\/image\/"}}]}},"_links":{"self":[{"href":"https:\/\/fahrerlaubnisnetz.com\/de\/wp-json\/wp\/v2\/pages\/2324","targetHints":{"allow":["GET"]}}],"collection":[{"href":"https:\/\/fahrerlaubnisnetz.com\/de\/wp-json\/wp\/v2\/pages"}],"about":[{"href":"https:\/\/fahrerlaubnisnetz.com\/de\/wp-json\/wp\/v2\/types\/page"}],"author":[{"embeddable":true,"href":"https:\/\/fahrerlaubnisnetz.com\/de\/wp-json\/wp\/v2\/users\/1"}],"replies":[{"embeddable":true,"href":"https:\/\/fahrerlaubnisnetz.com\/de\/wp-json\/wp\/v2\/comments?post=2324"}],"version-history":[{"count":3,"href":"https:\/\/fahrerlaubnisnetz.com\/de\/wp-json\/wp\/v2\/pages\/2324\/revisions"}],"predecessor-version":[{"id":2328,"href":"https:\/\/fahrerlaubnisnetz.com\/de\/wp-json\/wp\/v2\/pages\/2324\/revisions\/2328"}],"wp:attachment":[{"href":"https:\/\/fahrerlaubnisnetz.com\/de\/wp-json\/wp\/v2\/media?parent=2324"}],"curies":[{"name":"wp","href":"https:\/\/api.w.org\/{rel}","templated":true}]}}