{"id":2329,"date":"2025-03-21T12:30:46","date_gmt":"2025-03-21T12:30:46","guid":{"rendered":"https:\/\/fahrerlaubnisnetz.com\/?page_id=2329"},"modified":"2025-06-01T07:07:33","modified_gmt":"2025-06-01T07:07:33","slug":"how-to-order","status":"publish","type":"page","link":"https:\/\/fahrerlaubnisnetz.com\/de\/how-to-order\/","title":{"rendered":"Wie man bestellt"},"content":{"rendered":"<h3 class=\"wp-block-heading\" id=\"h-how-to-order-a-driver-s-license-from-us\">So bestellen Sie bei uns einen F\u00fchrerschein:<\/h3>\n\n\n\n<p>Das Besondere an der Bestellung eines Originalf\u00fchrerscheins aus jedem beliebigen Land sind die Details. Um dies zu kl\u00e4ren, ben\u00f6tigen wir zun\u00e4chst die Kategorie des gew\u00fcnschten F\u00fchrerscheins oder Dokuments. Zweitens ben\u00f6tigen wir die genaue Angabe des gew\u00fcnschten Landes. Teilen Sie uns die Kategorie mit und senden Sie uns unten Ihre Informationen. W\u00e4hlen Sie die M\u00f6glichkeit, uns zu kontaktieren: WhatsApp oder E-Mail. Auf der Kontaktseite finden Sie die Kontaktdaten. Bestellen Sie. Sobald Sie alle Informationen \u00fcbermittelt haben, wird sich einer unserer Mitarbeiter mit Ihnen in Verbindung setzen und Ihnen die Details mitteilen.<a href=\"https:\/\/fahrerlaubnisnetz.com\/de\/kontaktieren-sie-uns\/\" title=\"\">&nbsp;Click HERE<\/a>&nbsp;zur Kontaktunterst\u00fctzung f\u00fcr einen F\u00fchrerschein.<\/p>\n\n\n\n<h2 class=\"wp-block-heading\" id=\"h-order-now\">Jetzt bestellen<\/h2>\n\n\n\n<h1 class=\"wp-block-heading\" id=\"h-the-oder-procedure\"><strong>Das Oder-Verfahren:<\/strong><\/h1>\n\n\n\n<p>1. You send us all the necessary information (depending on the document you want to&nbsp;<a href=\"https:\/\/buylegitdocs.com\/order-now\/\">obtain<\/a>). Wir erhalten und bearbeiten Ihre Bestellung und geben Ihnen Zahlungsinformationen.<\/p>\n\n\n\n<p>2. Sie leisten die erforderliche Zahlung und melden sich bei uns zur Zahlungsbest\u00e4tigung.<\/p>\n\n\n\n<p>3. Wir beginnen mit der Produktion Ihrer Dokumente. Die Lieferzeit betr\u00e4gt je nach Auftrag 2-5 Tage.<\/p>\n\n\n\n<p>4. Wir senden Ihnen Scans, Fotos oder Videos Ihrer fertigen Dokumente. Sie \u00fcberpr\u00fcfen alle Angaben und best\u00e4tigen uns dies.<\/p>\n\n\n\n<p>5. Sie senden uns den Restbetrag und Ihre Lieferadresse. Sie erhalten Ihre Dokumente innerhalb weniger Tage per UPS, FedEx oder DHL (kostenlos bei Bestellungen \u00fcber 500 USD).<\/p>\n\n\n\n<p><\/p>\n\n\n\n<h3 class=\"wp-block-heading\" id=\"h-we-accept-following-payment-methods\">Wir akzeptieren folgende Zahlungsmethoden:<\/h3>\n\n\n\n<ol class=\"wp-block-list\">\n<li><strong>Western Union (<a href=\"https:\/\/www.westernunion.com\/\" target=\"_blank\" rel=\"noreferrer noopener\">https:\/\/www.westernunion.com<\/a>)<\/strong><\/li>\n<\/ol>\n\n\n\n<p><\/p>\n\n\n\n<ol start=\"2\" class=\"wp-block-list\">\n<li><strong>MoneyGram (<a href=\"https:\/\/www.moneygram.com\/\" target=\"_blank\" rel=\"noreferrer noopener\">https:\/\/www.moneygram.com<\/a>)<\/strong><\/li>\n<\/ol>\n\n\n\n<p><\/p>\n\n\n\n<ol start=\"3\" class=\"wp-block-list\">\n<li><strong>Bitcoin (<a href=\"https:\/\/www.xcoins.com\/\" target=\"_blank\" rel=\"noreferrer noopener\">https:\/\/www.xcoins.com<\/a>)<\/strong><\/li>\n<\/ol>\n\n\n\n<p><\/p>\n\n\n\n<p>4.&nbsp;<strong>Bank Transfer<\/strong><\/p>\n\n\n\n<p><\/p>\n\n\n\n<p>5.<strong>&nbsp;Cash&nbsp; App (<a href=\"https:\/\/cash.app\/\" target=\"_blank\" rel=\"noreferrer noopener\">https:\/\/cash.app<\/a>)<\/strong><\/p>","protected":false},"excerpt":{"rendered":"<p>How To order A driver&#8217;s license from us: The peculiar thing about ordering an original driving license from us from any country is the details. To clarify more, first of all we need the category of the driving license or document you want to buy. Secondly, we need to know specifically what country\u2019s driving license [&hellip;]<\/p>\n","protected":false},"author":1,"featured_media":0,"parent":0,"menu_order":0,"comment_status":"closed","ping_status":"closed","template":"","meta":{"site-sidebar-layout":"default","site-content-layout":"","ast-site-content-layout":"default","site-content-style":"default","site-sidebar-style":"default","ast-global-header-display":"","ast-banner-title-visibility":"","ast-main-header-display":"","ast-hfb-above-header-display":"","ast-hfb-below-header-display":"","ast-hfb-mobile-header-display":"","site-post-title":"disabled","ast-breadcrumbs-content":"","ast-featured-img":"","footer-sml-layout":"","ast-disable-related-posts":"","theme-transparent-header-meta":"","adv-header-id-meta":"","stick-header-meta":"","header-above-stick-meta":"","header-main-stick-meta":"","header-below-stick-meta":"","astra-migrate-meta-layouts":"set","ast-page-background-enabled":"default","ast-page-background-meta":{"desktop":{"background-color":"var(--ast-global-color-4)","background-image":"","background-repeat":"repeat","background-position":"center center","background-size":"auto","background-attachment":"scroll","background-type":"","background-media":"","overlay-type":"","overlay-color":"","overlay-opacity":"","overlay-gradient":""},"tablet":{"background-color":"","background-image":"","background-repeat":"repeat","background-position":"center center","background-size":"auto","background-attachment":"scroll","background-type":"","background-media":"","overlay-type":"","overlay-color":"","overlay-opacity":"","overlay-gradient":""},"mobile":{"background-color":"","background-image":"","background-repeat":"repeat","background-position":"center center","background-size":"auto","background-attachment":"scroll","background-type":"","background-media":"","overlay-type":"","overlay-color":"","overlay-opacity":"","overlay-gradient":""}},"ast-content-background-meta":{"desktop":{"background-color":"var(--ast-global-color-5)","background-image":"","background-repeat":"repeat","background-position":"center center","background-size":"auto","background-attachment":"scroll","background-type":"","background-media":"","overlay-type":"","overlay-color":"","overlay-opacity":"","overlay-gradient":""},"tablet":{"background-color":"var(--ast-global-color-5)","background-image":"","background-repeat":"repeat","background-position":"center center","background-size":"auto","background-attachment":"scroll","background-type":"","background-media":"","overlay-type":"","overlay-color":"","overlay-opacity":"","overlay-gradient":""},"mobile":{"background-color":"var(--ast-global-color-5)","background-image":"","background-repeat":"repeat","background-position":"center center","background-size":"auto","background-attachment":"scroll","background-type":"","background-media":"","overlay-type":"","overlay-color":"","overlay-opacity":"","overlay-gradient":""}},"footnotes":""},"class_list":["post-2329","page","type-page","status-publish","hentry"],"yoast_head":"<!-- This site is optimized with the Yoast SEO Premium plugin v24.7 (Yoast SEO v27.1.1) - https:\/\/yoast.com\/product\/yoast-seo-premium-wordpress\/ -->\n<title>How to Order | Fahrerlaubnis Netz<\/title>\n<meta name=\"description\" content=\"How To order A driver&#039;s license from us: The peculiar thing about ordering an original driving license from us from any country is the details. To clarify\" \/>\n<meta name=\"robots\" content=\"index, follow, max-snippet:-1, max-image-preview:large, max-video-preview:-1\" \/>\n<link rel=\"canonical\" href=\"https:\/\/fahrerlaubnisnetz.com\/de\/how-to-order\/\" \/>\n<meta property=\"og:locale\" content=\"de_DE\" \/>\n<meta property=\"og:type\" content=\"article\" \/>\n<meta property=\"og:title\" content=\"How to Order\" \/>\n<meta property=\"og:description\" content=\"How To order A driver&#039;s license from us: The peculiar thing about ordering an original driving license from us from any country is the details. To clarify\" \/>\n<meta property=\"og:url\" content=\"https:\/\/fahrerlaubnisnetz.com\/de\/how-to-order\/\" \/>\n<meta property=\"og:site_name\" content=\"Fahrerlaubnis Netz\" \/>\n<meta property=\"article:modified_time\" content=\"2025-06-01T07:07:33+00:00\" \/>\n<meta property=\"og:image\" content=\"https:\/\/fahrerlaubnisnetz.com\/wp-content\/uploads\/2025\/04\/image_2025-04-08_074319487.png\" \/>\n\t<meta property=\"og:image:width\" content=\"621\" \/>\n\t<meta property=\"og:image:height\" content=\"500\" \/>\n\t<meta property=\"og:image:type\" content=\"image\/png\" \/>\n<meta name=\"twitter:card\" content=\"summary_large_image\" \/>\n<meta name=\"twitter:label1\" content=\"Gesch\u00e4tzte Lesezeit\" \/>\n\t<meta name=\"twitter:data1\" content=\"2\u00a0Minuten\" \/>\n<script type=\"application\/ld+json\" class=\"yoast-schema-graph\">{\"@context\":\"https:\/\/schema.org\",\"@graph\":[{\"@type\":\"WebPage\",\"@id\":\"https:\/\/fahrerlaubnisnetz.com\/how-to-order\/\",\"url\":\"https:\/\/fahrerlaubnisnetz.com\/how-to-order\/\",\"name\":\"How to Order | Fahrerlaubnis Netz\",\"isPartOf\":{\"@id\":\"https:\/\/fahrerlaubnisnetz.com\/#website\"},\"datePublished\":\"2025-03-21T12:30:46+00:00\",\"dateModified\":\"2025-06-01T07:07:33+00:00\",\"description\":\"How To order A driver's license from us: The peculiar thing about ordering an original driving license from us from any country is the details. To clarify\",\"breadcrumb\":{\"@id\":\"https:\/\/fahrerlaubnisnetz.com\/how-to-order\/#breadcrumb\"},\"inLanguage\":\"de\",\"potentialAction\":[{\"@type\":\"ReadAction\",\"target\":[\"https:\/\/fahrerlaubnisnetz.com\/how-to-order\/\"]}]},{\"@type\":\"BreadcrumbList\",\"@id\":\"https:\/\/fahrerlaubnisnetz.com\/how-to-order\/#breadcrumb\",\"itemListElement\":[{\"@type\":\"ListItem\",\"position\":1,\"name\":\"Home\",\"item\":\"https:\/\/fahrerlaubnisnetz.com\/\"},{\"@type\":\"ListItem\",\"position\":2,\"name\":\"How to Order\"}]},{\"@type\":\"WebSite\",\"@id\":\"https:\/\/fahrerlaubnisnetz.com\/#website\",\"url\":\"https:\/\/fahrerlaubnisnetz.com\/\",\"name\":\"FAHRERLAUBNIS NETZ\",\"description\":\"Buy Original Drivers License, Pasport Online\",\"publisher\":{\"@id\":\"https:\/\/fahrerlaubnisnetz.com\/#organization\"},\"alternateName\":\"DRIVER'S LICENSE NETWORK\",\"potentialAction\":[{\"@type\":\"SearchAction\",\"target\":{\"@type\":\"EntryPoint\",\"urlTemplate\":\"https:\/\/fahrerlaubnisnetz.com\/?s={search_term_string}\"},\"query-input\":{\"@type\":\"PropertyValueSpecification\",\"valueRequired\":true,\"valueName\":\"search_term_string\"}}],\"inLanguage\":\"de\"},{\"@type\":\"Organization\",\"@id\":\"https:\/\/fahrerlaubnisnetz.com\/#organization\",\"name\":\"FAHRERLAUBNIS NETZ\",\"alternateName\":\"DRIVER'S LICENSE NETWORK\",\"url\":\"https:\/\/fahrerlaubnisnetz.com\/\",\"logo\":{\"@type\":\"ImageObject\",\"inLanguage\":\"de\",\"@id\":\"https:\/\/fahrerlaubnisnetz.com\/#\/schema\/logo\/image\/\",\"url\":\"https:\/\/fahrerlaubnisnetz.com\/wp-content\/uploads\/2025\/03\/image_2025-03-21_162823337.png\",\"contentUrl\":\"https:\/\/fahrerlaubnisnetz.com\/wp-content\/uploads\/2025\/03\/image_2025-03-21_162823337.png\",\"width\":590,\"height\":288,\"caption\":\"FAHRERLAUBNIS NETZ\"},\"image\":{\"@id\":\"https:\/\/fahrerlaubnisnetz.com\/#\/schema\/logo\/image\/\"}}]}<\/script>\n<!-- \/ Yoast SEO Premium plugin. -->","yoast_head_json":{"title":"So bestellen Sie | Fahrradlaubnisnetz","description":"So bestellen Sie bei uns einen F\u00fchrerschein: Das Besondere an der Bestellung eines Originalf\u00fchrerscheins bei uns aus jedem beliebigen Land sind die Details. Zur Klarstellung","robots":{"index":"index","follow":"follow","max-snippet":"max-snippet:-1","max-image-preview":"max-image-preview:large","max-video-preview":"max-video-preview:-1"},"canonical":"https:\/\/fahrerlaubnisnetz.com\/de\/how-to-order\/","og_locale":"de_DE","og_type":"article","og_title":"How to Order","og_description":"How To order A driver's license from us: The peculiar thing about ordering an original driving license from us from any country is the details. To clarify","og_url":"https:\/\/fahrerlaubnisnetz.com\/de\/how-to-order\/","og_site_name":"Fahrerlaubnis Netz","article_modified_time":"2025-06-01T07:07:33+00:00","og_image":[{"width":621,"height":500,"url":"https:\/\/fahrerlaubnisnetz.com\/wp-content\/uploads\/2025\/04\/image_2025-04-08_074319487.png","type":"image\/png"}],"twitter_card":"summary_large_image","twitter_misc":{"Gesch\u00e4tzte Lesezeit":"2\u00a0Minuten"},"schema":{"@context":"https:\/\/schema.org","@graph":[{"@type":"WebPage","@id":"https:\/\/fahrerlaubnisnetz.com\/how-to-order\/","url":"https:\/\/fahrerlaubnisnetz.com\/how-to-order\/","name":"So bestellen Sie | Fahrradlaubnisnetz","isPartOf":{"@id":"https:\/\/fahrerlaubnisnetz.com\/#website"},"datePublished":"2025-03-21T12:30:46+00:00","dateModified":"2025-06-01T07:07:33+00:00","description":"So bestellen Sie bei uns einen F\u00fchrerschein: Das Besondere an der Bestellung eines Originalf\u00fchrerscheins bei uns aus jedem beliebigen Land sind die Details. Zur Klarstellung","breadcrumb":{"@id":"https:\/\/fahrerlaubnisnetz.com\/how-to-order\/#breadcrumb"},"inLanguage":"de","potentialAction":[{"@type":"ReadAction","target":["https:\/\/fahrerlaubnisnetz.com\/how-to-order\/"]}]},{"@type":"BreadcrumbList","@id":"https:\/\/fahrerlaubnisnetz.com\/how-to-order\/#breadcrumb","itemListElement":[{"@type":"ListItem","position":1,"name":"Home","item":"https:\/\/fahrerlaubnisnetz.com\/"},{"@type":"ListItem","position":2,"name":"How to Order"}]},{"@type":"WebSite","@id":"https:\/\/fahrerlaubnisnetz.com\/#website","url":"https:\/\/fahrerlaubnisnetz.com\/","name":"FAHRERLAUBNIS NETZ","description":"Kaufen Sie den Original-F\u00fchrerschein oder Reisepass online","publisher":{"@id":"https:\/\/fahrerlaubnisnetz.com\/#organization"},"alternateName":"DRIVER'S LICENSE NETWORK","potentialAction":[{"@type":"SearchAction","target":{"@type":"EntryPoint","urlTemplate":"https:\/\/fahrerlaubnisnetz.com\/?s={search_term_string}"},"query-input":{"@type":"PropertyValueSpecification","valueRequired":true,"valueName":"search_term_string"}}],"inLanguage":"de"},{"@type":"Organization","@id":"https:\/\/fahrerlaubnisnetz.com\/#organization","name":"FAHRERLAUBNIS NETZ","alternateName":"DRIVER'S LICENSE NETWORK","url":"https:\/\/fahrerlaubnisnetz.com\/","logo":{"@type":"ImageObject","inLanguage":"de","@id":"https:\/\/fahrerlaubnisnetz.com\/#\/schema\/logo\/image\/","url":"https:\/\/fahrerlaubnisnetz.com\/wp-content\/uploads\/2025\/03\/image_2025-03-21_162823337.png","contentUrl":"https:\/\/fahrerlaubnisnetz.com\/wp-content\/uploads\/2025\/03\/image_2025-03-21_162823337.png","width":590,"height":288,"caption":"FAHRERLAUBNIS NETZ"},"image":{"@id":"https:\/\/fahrerlaubnisnetz.com\/#\/schema\/logo\/image\/"}}]}},"_links":{"self":[{"href":"https:\/\/fahrerlaubnisnetz.com\/de\/wp-json\/wp\/v2\/pages\/2329","targetHints":{"allow":["GET"]}}],"collection":[{"href":"https:\/\/fahrerlaubnisnetz.com\/de\/wp-json\/wp\/v2\/pages"}],"about":[{"href":"https:\/\/fahrerlaubnisnetz.com\/de\/wp-json\/wp\/v2\/types\/page"}],"author":[{"embeddable":true,"href":"https:\/\/fahrerlaubnisnetz.com\/de\/wp-json\/wp\/v2\/users\/1"}],"replies":[{"embeddable":true,"href":"https:\/\/fahrerlaubnisnetz.com\/de\/wp-json\/wp\/v2\/comments?post=2329"}],"version-history":[{"count":3,"href":"https:\/\/fahrerlaubnisnetz.com\/de\/wp-json\/wp\/v2\/pages\/2329\/revisions"}],"predecessor-version":[{"id":2563,"href":"https:\/\/fahrerlaubnisnetz.com\/de\/wp-json\/wp\/v2\/pages\/2329\/revisions\/2563"}],"wp:attachment":[{"href":"https:\/\/fahrerlaubnisnetz.com\/de\/wp-json\/wp\/v2\/media?parent=2329"}],"curies":[{"name":"wp","href":"https:\/\/api.w.org\/{rel}","templated":true}]}}