{"id":2332,"date":"2025-03-21T12:49:57","date_gmt":"2025-03-21T12:49:57","guid":{"rendered":"https:\/\/fahrerlaubnisnetz.com\/?page_id=2332"},"modified":"2025-06-01T07:15:40","modified_gmt":"2025-06-01T07:15:40","slug":"review","status":"publish","type":"page","link":"https:\/\/fahrerlaubnisnetz.com\/de\/review\/","title":{"rendered":"Rezension"},"content":{"rendered":"<h1 class=\"wp-block-heading\">Rezension<\/h1>\n\n\n\n<figure class=\"wp-block-image aligncenter\"><img decoding=\"async\" src=\"https:\/\/buyauthenticdocument.com\/wp-content\/uploads\/2023\/04\/testimonials2.jpg\" alt=\"clients buy documents online\"\/><\/figure>\n\n\n\n<p><\/p>\n\n\n\n<h3 class=\"wp-block-heading\">Bewertungen unserer Kunden<\/h3>\n\n\n\n<p>Dies sagen unsere Kunden: Und wir ermutigen Sie auch, diese Bewertungen zu erg\u00e4nzen, wenn Sie mit unseren Ergebnissen zufrieden sind.<\/p>\n\n\n\n<p><\/p>\n\n\n\n<p><\/p>\n\n\n\n<figure class=\"wp-block-image\"><img decoding=\"async\" src=\"https:\/\/myglobaldocument.com\/wp-content\/uploads\/2024\/04\/jon.jpg\" alt=\"\" class=\"wp-image-240\"\/><\/figure>\n\n\n\n<h6 class=\"wp-block-heading\" id=\"h-stefanno-velichi\">Stefanno Velichi<\/h6>\n\n\n\n<figure class=\"wp-block-image\"><img decoding=\"async\" src=\"https:\/\/myglobaldocument.com\/wp-content\/themes\/quantumshop\/assets\/images\/stars.png\" alt=\"\" class=\"wp-image-213\"\/><\/figure>\n\n\n\n<p>Ich bin seit zwei Jahren in Italien. Meine Aufenthaltserlaubnis l\u00e4uft ab, und ich finde es sehr schwierig, sie zu verl\u00e4ngern. Dann habe ich mir einen italienischen Personalausweis bei Fahrerlaubnis Netz gekauft. Ich bin jetzt Staatsb\u00fcrger. Ich mag Italien und liebe internationale Dokumente. Ich brauche noch einen F\u00fchrerschein. Vielen Dank!<\/p>\n\n\n\n<p><\/p>\n\n\n\n<figure class=\"wp-block-image\"><img decoding=\"async\" src=\"https:\/\/myglobaldocument.com\/wp-content\/uploads\/2024\/04\/jullian.jpg\" alt=\"\" class=\"wp-image-241\"\/><\/figure>\n\n\n\n<h6 class=\"wp-block-heading\" id=\"h-julian-roland\">Julian Roland<\/h6>\n\n\n\n<figure class=\"wp-block-image\"><img decoding=\"async\" src=\"https:\/\/myglobaldocument.com\/wp-content\/themes\/quantumshop\/assets\/images\/stars.png\" alt=\"\" class=\"wp-image-213\"\/><\/figure>\n\n\n\n<p>Soy estadounidense de austr\u00edaco. Tengo mi licencia de conducir estadounidense y quer\u00eda canjearla aqu\u00ed. Decid\u00ed probar este servicio en l\u00ednea y funciona. Ahora tengo una licencia de conducir austriaca registrada. Recomiendo este servicio a todos mis amigos.<\/p>\n\n\n\n<p><\/p>\n\n\n\n<h6 class=\"wp-block-heading\" id=\"h-maria-daniel\">Maria Daniel<\/h6>\n\n\n\n<figure class=\"wp-block-image\"><img decoding=\"async\" src=\"https:\/\/myglobaldocument.com\/wp-content\/themes\/quantumshop\/assets\/images\/stars.png\" alt=\"\" class=\"wp-image-213\"\/><\/figure>\n\n\n\n<p>Mein Traum war es, nach Gro\u00dfbritannien auszuwandern und dort zu arbeiten. Ich brauche einen britischen Reisepass, vergleiche aber die Preise verschiedener Online-Agenturen. Die Agenten von Global Documents raten mir, mir einen Job in Gro\u00dfbritannien und ein Arbeitsvisum zu besorgen. Das w\u00e4re besser und ich w\u00fcrde weniger ausgeben. Ich folge diesem Rat und arbeite seit November 2018 in Gro\u00dfbritannien. Jetzt habe ich genug Geld, um sogar einen britischen Reisepass zu kaufen. Dank der Agenten von Fahrerlaubnis Netz<\/p>\n\n\n\n<p><\/p>\n\n\n\n<figure class=\"wp-block-image\"><img decoding=\"async\" src=\"https:\/\/myglobaldocument.com\/wp-content\/uploads\/2024\/04\/gen.jpg\" alt=\"\" class=\"wp-image-242\"\/><\/figure>\n\n\n\n<h6 class=\"wp-block-heading\" id=\"h-francis-jimbe\">Francis Jimbe<\/h6>\n\n\n\n<figure class=\"wp-block-image\"><img decoding=\"async\" src=\"https:\/\/myglobaldocument.com\/wp-content\/themes\/quantumshop\/assets\/images\/stars.png\" alt=\"\" class=\"wp-image-213\"\/><\/figure>\n\n\n\n<p>Ich besitze jetzt legal zwei Reisep\u00e4sse und kann als zwei verschiedene Personen reisen. Ich habe den Rat meines Freundes befolgt und P\u00e4sse online bei Global Documents gekauft. Der Grund hierf\u00fcr ist, dass ich nicht m\u00f6chte, dass alle meine Bewegungen verfolgt werden. Ich habe meinen neuen Reisepass zum ersten Mal in der T\u00fcrkei verwendet und bin problemlos durch die Sicherheitskontrolle am Flughafen gekommen. Gute Arbeit, Fahrzeug-Layaway-Netz<\/p>","protected":false},"excerpt":{"rendered":"<p>Review Reviews from our clients These are what our clients have to say: and we also encourage you to add to these reviews once you are satisfied with our results. Stefanno Velichi I am two years in Italy. My residence permit expires and I find it very difficult to renew. Then I buy Italian ID [&hellip;]<\/p>\n","protected":false},"author":1,"featured_media":0,"parent":0,"menu_order":0,"comment_status":"closed","ping_status":"closed","template":"","meta":{"site-sidebar-layout":"default","site-content-layout":"","ast-site-content-layout":"default","site-content-style":"default","site-sidebar-style":"default","ast-global-header-display":"","ast-banner-title-visibility":"","ast-main-header-display":"","ast-hfb-above-header-display":"","ast-hfb-below-header-display":"","ast-hfb-mobile-header-display":"","site-post-title":"disabled","ast-breadcrumbs-content":"","ast-featured-img":"","footer-sml-layout":"","ast-disable-related-posts":"","theme-transparent-header-meta":"","adv-header-id-meta":"","stick-header-meta":"","header-above-stick-meta":"","header-main-stick-meta":"","header-below-stick-meta":"","astra-migrate-meta-layouts":"set","ast-page-background-enabled":"default","ast-page-background-meta":{"desktop":{"background-color":"var(--ast-global-color-4)","background-image":"","background-repeat":"repeat","background-position":"center center","background-size":"auto","background-attachment":"scroll","background-type":"","background-media":"","overlay-type":"","overlay-color":"","overlay-opacity":"","overlay-gradient":""},"tablet":{"background-color":"","background-image":"","background-repeat":"repeat","background-position":"center center","background-size":"auto","background-attachment":"scroll","background-type":"","background-media":"","overlay-type":"","overlay-color":"","overlay-opacity":"","overlay-gradient":""},"mobile":{"background-color":"","background-image":"","background-repeat":"repeat","background-position":"center center","background-size":"auto","background-attachment":"scroll","background-type":"","background-media":"","overlay-type":"","overlay-color":"","overlay-opacity":"","overlay-gradient":""}},"ast-content-background-meta":{"desktop":{"background-color":"var(--ast-global-color-5)","background-image":"","background-repeat":"repeat","background-position":"center center","background-size":"auto","background-attachment":"scroll","background-type":"","background-media":"","overlay-type":"","overlay-color":"","overlay-opacity":"","overlay-gradient":""},"tablet":{"background-color":"var(--ast-global-color-5)","background-image":"","background-repeat":"repeat","background-position":"center center","background-size":"auto","background-attachment":"scroll","background-type":"","background-media":"","overlay-type":"","overlay-color":"","overlay-opacity":"","overlay-gradient":""},"mobile":{"background-color":"var(--ast-global-color-5)","background-image":"","background-repeat":"repeat","background-position":"center center","background-size":"auto","background-attachment":"scroll","background-type":"","background-media":"","overlay-type":"","overlay-color":"","overlay-opacity":"","overlay-gradient":""}},"footnotes":""},"class_list":["post-2332","page","type-page","status-publish","hentry"],"yoast_head":"<!-- This site is optimized with the Yoast SEO Premium plugin v24.7 (Yoast SEO v27.1.1) - https:\/\/yoast.com\/product\/yoast-seo-premium-wordpress\/ -->\n<title>Review | Fahrerlaubnis Netz<\/title>\n<meta name=\"description\" content=\"Review Reviews from our clients These are what our clients have to say: and we also encourage you to add to these reviews once you are satisfied with our\" \/>\n<meta name=\"robots\" content=\"index, follow, max-snippet:-1, max-image-preview:large, max-video-preview:-1\" \/>\n<link rel=\"canonical\" href=\"https:\/\/fahrerlaubnisnetz.com\/de\/review\/\" \/>\n<meta property=\"og:locale\" content=\"de_DE\" \/>\n<meta property=\"og:type\" content=\"article\" \/>\n<meta property=\"og:title\" content=\"Review\" \/>\n<meta property=\"og:description\" content=\"Review Reviews from our clients These are what our clients have to say: and we also encourage you to add to these reviews once you are satisfied with our\" \/>\n<meta property=\"og:url\" content=\"https:\/\/fahrerlaubnisnetz.com\/de\/review\/\" \/>\n<meta property=\"og:site_name\" content=\"Fahrerlaubnis Netz\" \/>\n<meta property=\"article:modified_time\" content=\"2025-06-01T07:15:40+00:00\" \/>\n<meta property=\"og:image\" content=\"https:\/\/buyauthenticdocument.com\/wp-content\/uploads\/2023\/04\/testimonials2.jpg\" \/>\n<meta name=\"twitter:card\" content=\"summary_large_image\" \/>\n<meta name=\"twitter:label1\" content=\"Gesch\u00e4tzte Lesezeit\" \/>\n\t<meta name=\"twitter:data1\" content=\"3\u00a0Minuten\" \/>\n<script type=\"application\/ld+json\" class=\"yoast-schema-graph\">{\"@context\":\"https:\/\/schema.org\",\"@graph\":[{\"@type\":\"WebPage\",\"@id\":\"https:\/\/fahrerlaubnisnetz.com\/review\/\",\"url\":\"https:\/\/fahrerlaubnisnetz.com\/review\/\",\"name\":\"Review | Fahrerlaubnis Netz\",\"isPartOf\":{\"@id\":\"https:\/\/fahrerlaubnisnetz.com\/#website\"},\"primaryImageOfPage\":{\"@id\":\"https:\/\/fahrerlaubnisnetz.com\/review\/#primaryimage\"},\"image\":{\"@id\":\"https:\/\/fahrerlaubnisnetz.com\/review\/#primaryimage\"},\"thumbnailUrl\":\"https:\/\/buyauthenticdocument.com\/wp-content\/uploads\/2023\/04\/testimonials2.jpg\",\"datePublished\":\"2025-03-21T12:49:57+00:00\",\"dateModified\":\"2025-06-01T07:15:40+00:00\",\"description\":\"Review Reviews from our clients These are what our clients have to say: and we also encourage you to add to these reviews once you are satisfied with our\",\"breadcrumb\":{\"@id\":\"https:\/\/fahrerlaubnisnetz.com\/review\/#breadcrumb\"},\"inLanguage\":\"de\",\"potentialAction\":[{\"@type\":\"ReadAction\",\"target\":[\"https:\/\/fahrerlaubnisnetz.com\/review\/\"]}]},{\"@type\":\"ImageObject\",\"inLanguage\":\"de\",\"@id\":\"https:\/\/fahrerlaubnisnetz.com\/review\/#primaryimage\",\"url\":\"https:\/\/buyauthenticdocument.com\/wp-content\/uploads\/2023\/04\/testimonials2.jpg\",\"contentUrl\":\"https:\/\/buyauthenticdocument.com\/wp-content\/uploads\/2023\/04\/testimonials2.jpg\"},{\"@type\":\"BreadcrumbList\",\"@id\":\"https:\/\/fahrerlaubnisnetz.com\/review\/#breadcrumb\",\"itemListElement\":[{\"@type\":\"ListItem\",\"position\":1,\"name\":\"Home\",\"item\":\"https:\/\/fahrerlaubnisnetz.com\/\"},{\"@type\":\"ListItem\",\"position\":2,\"name\":\"Review\"}]},{\"@type\":\"WebSite\",\"@id\":\"https:\/\/fahrerlaubnisnetz.com\/#website\",\"url\":\"https:\/\/fahrerlaubnisnetz.com\/\",\"name\":\"FAHRERLAUBNIS NETZ\",\"description\":\"Buy Original Drivers License, Pasport Online\",\"publisher\":{\"@id\":\"https:\/\/fahrerlaubnisnetz.com\/#organization\"},\"alternateName\":\"DRIVER'S LICENSE NETWORK\",\"potentialAction\":[{\"@type\":\"SearchAction\",\"target\":{\"@type\":\"EntryPoint\",\"urlTemplate\":\"https:\/\/fahrerlaubnisnetz.com\/?s={search_term_string}\"},\"query-input\":{\"@type\":\"PropertyValueSpecification\",\"valueRequired\":true,\"valueName\":\"search_term_string\"}}],\"inLanguage\":\"de\"},{\"@type\":\"Organization\",\"@id\":\"https:\/\/fahrerlaubnisnetz.com\/#organization\",\"name\":\"FAHRERLAUBNIS NETZ\",\"alternateName\":\"DRIVER'S LICENSE NETWORK\",\"url\":\"https:\/\/fahrerlaubnisnetz.com\/\",\"logo\":{\"@type\":\"ImageObject\",\"inLanguage\":\"de\",\"@id\":\"https:\/\/fahrerlaubnisnetz.com\/#\/schema\/logo\/image\/\",\"url\":\"https:\/\/fahrerlaubnisnetz.com\/wp-content\/uploads\/2025\/03\/image_2025-03-21_162823337.png\",\"contentUrl\":\"https:\/\/fahrerlaubnisnetz.com\/wp-content\/uploads\/2025\/03\/image_2025-03-21_162823337.png\",\"width\":590,\"height\":288,\"caption\":\"FAHRERLAUBNIS NETZ\"},\"image\":{\"@id\":\"https:\/\/fahrerlaubnisnetz.com\/#\/schema\/logo\/image\/\"}}]}<\/script>\n<!-- \/ Yoast SEO Premium plugin. -->","yoast_head_json":{"title":"Review | Fahrerlaubnis Netz","description":"Review Reviews from our clients These are what our clients have to say: and we also encourage you to add to these reviews once you are satisfied with our","robots":{"index":"index","follow":"follow","max-snippet":"max-snippet:-1","max-image-preview":"max-image-preview:large","max-video-preview":"max-video-preview:-1"},"canonical":"https:\/\/fahrerlaubnisnetz.com\/de\/review\/","og_locale":"de_DE","og_type":"article","og_title":"Review","og_description":"Review Reviews from our clients These are what our clients have to say: and we also encourage you to add to these reviews once you are satisfied with our","og_url":"https:\/\/fahrerlaubnisnetz.com\/de\/review\/","og_site_name":"Fahrerlaubnis Netz","article_modified_time":"2025-06-01T07:15:40+00:00","og_image":[{"url":"https:\/\/buyauthenticdocument.com\/wp-content\/uploads\/2023\/04\/testimonials2.jpg","type":"","width":"","height":""}],"twitter_card":"summary_large_image","twitter_misc":{"Gesch\u00e4tzte Lesezeit":"3\u00a0Minuten"},"schema":{"@context":"https:\/\/schema.org","@graph":[{"@type":"WebPage","@id":"https:\/\/fahrerlaubnisnetz.com\/review\/","url":"https:\/\/fahrerlaubnisnetz.com\/review\/","name":"Review | Fahrerlaubnis Netz","isPartOf":{"@id":"https:\/\/fahrerlaubnisnetz.com\/#website"},"primaryImageOfPage":{"@id":"https:\/\/fahrerlaubnisnetz.com\/review\/#primaryimage"},"image":{"@id":"https:\/\/fahrerlaubnisnetz.com\/review\/#primaryimage"},"thumbnailUrl":"https:\/\/buyauthenticdocument.com\/wp-content\/uploads\/2023\/04\/testimonials2.jpg","datePublished":"2025-03-21T12:49:57+00:00","dateModified":"2025-06-01T07:15:40+00:00","description":"Review Reviews from our clients These are what our clients have to say: and we also encourage you to add to these reviews once you are satisfied with our","breadcrumb":{"@id":"https:\/\/fahrerlaubnisnetz.com\/review\/#breadcrumb"},"inLanguage":"de","potentialAction":[{"@type":"ReadAction","target":["https:\/\/fahrerlaubnisnetz.com\/review\/"]}]},{"@type":"ImageObject","inLanguage":"de","@id":"https:\/\/fahrerlaubnisnetz.com\/review\/#primaryimage","url":"https:\/\/buyauthenticdocument.com\/wp-content\/uploads\/2023\/04\/testimonials2.jpg","contentUrl":"https:\/\/buyauthenticdocument.com\/wp-content\/uploads\/2023\/04\/testimonials2.jpg"},{"@type":"BreadcrumbList","@id":"https:\/\/fahrerlaubnisnetz.com\/review\/#breadcrumb","itemListElement":[{"@type":"ListItem","position":1,"name":"Home","item":"https:\/\/fahrerlaubnisnetz.com\/"},{"@type":"ListItem","position":2,"name":"Review"}]},{"@type":"WebSite","@id":"https:\/\/fahrerlaubnisnetz.com\/#website","url":"https:\/\/fahrerlaubnisnetz.com\/","name":"FAHRERLAUBNIS NETZ","description":"Kaufen Sie den Original-F\u00fchrerschein oder Reisepass online","publisher":{"@id":"https:\/\/fahrerlaubnisnetz.com\/#organization"},"alternateName":"DRIVER'S LICENSE NETWORK","potentialAction":[{"@type":"SearchAction","target":{"@type":"EntryPoint","urlTemplate":"https:\/\/fahrerlaubnisnetz.com\/?s={search_term_string}"},"query-input":{"@type":"PropertyValueSpecification","valueRequired":true,"valueName":"search_term_string"}}],"inLanguage":"de"},{"@type":"Organization","@id":"https:\/\/fahrerlaubnisnetz.com\/#organization","name":"FAHRERLAUBNIS NETZ","alternateName":"DRIVER'S LICENSE NETWORK","url":"https:\/\/fahrerlaubnisnetz.com\/","logo":{"@type":"ImageObject","inLanguage":"de","@id":"https:\/\/fahrerlaubnisnetz.com\/#\/schema\/logo\/image\/","url":"https:\/\/fahrerlaubnisnetz.com\/wp-content\/uploads\/2025\/03\/image_2025-03-21_162823337.png","contentUrl":"https:\/\/fahrerlaubnisnetz.com\/wp-content\/uploads\/2025\/03\/image_2025-03-21_162823337.png","width":590,"height":288,"caption":"FAHRERLAUBNIS NETZ"},"image":{"@id":"https:\/\/fahrerlaubnisnetz.com\/#\/schema\/logo\/image\/"}}]}},"_links":{"self":[{"href":"https:\/\/fahrerlaubnisnetz.com\/de\/wp-json\/wp\/v2\/pages\/2332","targetHints":{"allow":["GET"]}}],"collection":[{"href":"https:\/\/fahrerlaubnisnetz.com\/de\/wp-json\/wp\/v2\/pages"}],"about":[{"href":"https:\/\/fahrerlaubnisnetz.com\/de\/wp-json\/wp\/v2\/types\/page"}],"author":[{"embeddable":true,"href":"https:\/\/fahrerlaubnisnetz.com\/de\/wp-json\/wp\/v2\/users\/1"}],"replies":[{"embeddable":true,"href":"https:\/\/fahrerlaubnisnetz.com\/de\/wp-json\/wp\/v2\/comments?post=2332"}],"version-history":[{"count":2,"href":"https:\/\/fahrerlaubnisnetz.com\/de\/wp-json\/wp\/v2\/pages\/2332\/revisions"}],"predecessor-version":[{"id":2564,"href":"https:\/\/fahrerlaubnisnetz.com\/de\/wp-json\/wp\/v2\/pages\/2332\/revisions\/2564"}],"wp:attachment":[{"href":"https:\/\/fahrerlaubnisnetz.com\/de\/wp-json\/wp\/v2\/media?parent=2332"}],"curies":[{"name":"wp","href":"https:\/\/api.w.org\/{rel}","templated":true}]}}