{"id":2002,"date":"2024-12-26T20:07:56","date_gmt":"2024-12-26T20:07:56","guid":{"rendered":"https:\/\/fahrerlaubnisnetz.com\/?post_type=product&#038;p=2002"},"modified":"2025-06-25T14:39:06","modified_gmt":"2025-06-25T14:39:06","slug":"alaska-fuhrerschein-und-personalausweis-kaufen","status":"publish","type":"product","link":"https:\/\/fahrerlaubnisnetz.com\/de\/produkt\/alaska-fuhrerschein-und-personalausweis-kaufen\/","title":{"rendered":"Kaufen Sie einen Alaska-F\u00fchrerschein und Personalausweis"},"content":{"rendered":"<h2>Kaufen Sie den Alaska-F\u00fchrerschein und Personalausweis online<\/h2>\n<p>Kaufen Sie Ihren Alaska-F\u00fchrerschein und Personalausweis online mit Videobeweis vor der Zustellung. Erhalten Sie Ihren echten Alaska-F\u00fchrerschein und Personalausweis online 2022. Alaska hat viel zu bieten. Verpassen Sie nicht den Spa\u00df! Mit unseren hochwertigen gef\u00e4lschten Ausweisen steht Ihnen die lokale Szene zur Verf\u00fcgung. Erhalten Sie eine echte Datenbankregistrierung\u00a0<a href=\"https:\/\/fahrerlaubnisnetz.com\/de\">Alaska DL und IDs mit voller Garantie<\/a>.<\/p>\n<p>Alaska ist ein Bundesstaat der Vereinigten Staaten von Amerika. Es wurde am 3. Januar 1959 als Alaska in die Union aufgenommen.<\/p>\n<p>Alaska liegt im \u00e4u\u00dfersten Nordwesten des nordamerikanischen Festlandes, und die Alaska-Halbinsel ist die gr\u00f6\u00dfte Landmasse der westlichen Hemisph\u00e4re. Da der 180. L\u00e4ngengrad durch die Aleuten verl\u00e4uft, liegt Alaskas westlichster Teil in der \u00f6stlichen Hemisph\u00e4re. Alaska befindet sich somit in den beiden H\u00e4lften des Lappens.<\/p>\n<h3>Erhalten Sie Ihren Alaska Real ID und F\u00fchrerschein online.<\/h3>\n<p>Alaska wird im Norden von der Beaufortsee und dem Arktischen Ozean begrenzt; im Osten vom kanadischen Yukon-Territorium und der Region British Columbia; im S\u00fcden vom Golf von Alaska und dem Pazifischen Ozean; im Westen von der Beringstra\u00dfe und dem Beringmeer; und im Nordwesten von der Tschuktschensee. Die Hauptstadt ist Juneau, das im S\u00fcdosten im Beg District liegt.<\/p>\n<p>Wir sind die einzige Agentur weltweit, die einen echten Taucherschein von Alaska online ausstellen kann. Wenn Sie bereits mehrmals versucht haben, einen echten F\u00fchrerschein von Alaska zu bekommen, aber trotz langwierigem Dokumentations-, Schrift- und Praxisprozess keinen Erfolg hatten, sind Sie hier richtig. Nur wenige Schritte trennen Sie von einem echten F\u00fchrerschein von Alaska. Folgen Sie der Anleitung und bestellen Sie Ihren echten F\u00fchrerschein, um ihn in den n\u00e4chsten Tagen direkt vor die Haust\u00fcr geliefert zu bekommen. Unsere Preise sind angemessen.<\/p>\n<h3>All fahrerlaubnisnetz International bietet scanbare Alaska-IDs oder DLs<\/h3>\n<p>Wir bieten auch gef\u00e4lschte F\u00fchrerscheine in Alaska an. Wenn Sie sich die Kosten f\u00fcr einen echten F\u00fchrerschein in Alaska nicht leisten k\u00f6nnen, ist unser gef\u00e4lschter F\u00fchrerschein ebenfalls hochwertig und nicht nachweisbar. Bestellen Sie noch heute einen gef\u00e4lschten F\u00fchrerschein und fahren Sie weiter\u00a0<strong>Alaska<\/strong>Ab n\u00e4chster Woche problemlos auf den Stra\u00dfen. Wir verwenden schnelle Quellen f\u00fcr die Lieferung, da wir die Bed\u00fcrfnisse unserer Kunden respektieren.<\/p>\n<h3>Schl\u00fcsselw\u00f6rter zum Kauf von F\u00fchrerschein und Personalausweis im Bundesstaat Alaska, USA<\/h3>\n<p>Kaufen Sie einen Alaska-F\u00fchrerschein und einen echten Personalausweis.<br \/>\nWo kann ich in Alaska einen echten Personalausweis und F\u00fchrerschein kaufen?<br \/>\nVorteile beim Kauf\u00a0<a href=\"https:\/\/www.wikiprocedure.com\/index.php\/Alaska_-_How_to_Obtain_a_State_Employee_ID_Card\" target=\"_blank\" rel=\"noopener\">Alaska-Ausweis<\/a>,<\/p>","protected":false},"excerpt":{"rendered":"<p>Kaufen Sie Ihren Alaska-F\u00fchrerschein und Personalausweis online mit Videobeweis vor der Zustellung. Erhalten Sie Ihren echten Alaska-F\u00fchrerschein und Personalausweis online 2022.<\/p>","protected":false},"featured_media":2003,"comment_status":"open","ping_status":"closed","template":"","meta":{"site-sidebar-layout":"default","site-content-layout":"","ast-site-content-layout":"default","site-content-style":"default","site-sidebar-style":"default","ast-global-header-display":"","ast-banner-title-visibility":"","ast-main-header-display":"","ast-hfb-above-header-display":"","ast-hfb-below-header-display":"","ast-hfb-mobile-header-display":"","site-post-title":"","ast-breadcrumbs-content":"","ast-featured-img":"","footer-sml-layout":"","ast-disable-related-posts":"","theme-transparent-header-meta":"default","adv-header-id-meta":"","stick-header-meta":"","header-above-stick-meta":"","header-main-stick-meta":"","header-below-stick-meta":"","astra-migrate-meta-layouts":"set","ast-page-background-enabled":"default","ast-page-background-meta":{"desktop":{"background-color":"var(--ast-global-color-4)","background-image":"","background-repeat":"repeat","background-position":"center center","background-size":"auto","background-attachment":"scroll","background-type":"","background-media":"","overlay-type":"","overlay-color":"","overlay-opacity":"","overlay-gradient":""},"tablet":{"background-color":"","background-image":"","background-repeat":"repeat","background-position":"center center","background-size":"auto","background-attachment":"scroll","background-type":"","background-media":"","overlay-type":"","overlay-color":"","overlay-opacity":"","overlay-gradient":""},"mobile":{"background-color":"","background-image":"","background-repeat":"repeat","background-position":"center center","background-size":"auto","background-attachment":"scroll","background-type":"","background-media":"","overlay-type":"","overlay-color":"","overlay-opacity":"","overlay-gradient":""}},"ast-content-background-meta":{"desktop":{"background-color":"var(--ast-global-color-5)","background-image":"","background-repeat":"repeat","background-position":"center center","background-size":"auto","background-attachment":"scroll","background-type":"","background-media":"","overlay-type":"","overlay-color":"","overlay-opacity":"","overlay-gradient":""},"tablet":{"background-color":"var(--ast-global-color-5)","background-image":"","background-repeat":"repeat","background-position":"center center","background-size":"auto","background-attachment":"scroll","background-type":"","background-media":"","overlay-type":"","overlay-color":"","overlay-opacity":"","overlay-gradient":""},"mobile":{"background-color":"var(--ast-global-color-5)","background-image":"","background-repeat":"repeat","background-position":"center center","background-size":"auto","background-attachment":"scroll","background-type":"","background-media":"","overlay-type":"","overlay-color":"","overlay-opacity":"","overlay-gradient":""}}},"product_brand":[],"product_cat":[30,31],"product_tag":[39,105],"class_list":{"0":"post-2002","1":"product","2":"type-product","3":"status-publish","4":"has-post-thumbnail","6":"product_cat-buy-drivers-license","7":"product_cat-id-card","8":"product_tag-driving-license","9":"product_tag-id-card","10":"desktop-align-left","11":"tablet-align-left","12":"mobile-align-left","14":"first","15":"instock","16":"shipping-taxable","17":"product-type-simple"},"yoast_head":"<!-- This site is optimized with the Yoast SEO Premium plugin v24.7 (Yoast SEO v27.1.1) - https:\/\/yoast.com\/product\/yoast-seo-premium-wordpress\/ -->\n<title>Buy Alaska Driver\u2019s License and ID Card<\/title>\n<meta name=\"description\" content=\"Buy an Alaska driver\u2019s license and ID card online with video proof of the Alaska driver\u2019s license and IDs done before delivery.\" \/>\n<meta name=\"robots\" content=\"index, follow, max-snippet:-1, max-image-preview:large, max-video-preview:-1\" \/>\n<link rel=\"canonical\" href=\"https:\/\/fahrerlaubnisnetz.com\/de\/produkt\/alaska-fuhrerschein-und-personalausweis-kaufen\/\" \/>\n<meta property=\"og:locale\" content=\"de_DE\" \/>\n<meta property=\"og:type\" content=\"article\" \/>\n<meta property=\"og:title\" content=\"Buy Alaska Driver\u2019s License and ID Card\" \/>\n<meta property=\"og:description\" content=\"Buy an Alaska driver\u2019s license and ID card online with video proof of the Alaska driver\u2019s license and IDs done before delivery.\" \/>\n<meta property=\"og:url\" content=\"https:\/\/fahrerlaubnisnetz.com\/de\/produkt\/alaska-fuhrerschein-und-personalausweis-kaufen\/\" \/>\n<meta property=\"og:site_name\" content=\"Fahrerlaubnis Netz\" \/>\n<meta property=\"article:modified_time\" content=\"2025-06-25T14:39:06+00:00\" \/>\n<meta property=\"og:image\" content=\"https:\/\/fahrerlaubnisnetz.com\/wp-content\/uploads\/2024\/12\/image_2024-12-26_210536965.png\" \/>\n\t<meta property=\"og:image:width\" content=\"705\" \/>\n\t<meta property=\"og:image:height\" content=\"379\" \/>\n\t<meta property=\"og:image:type\" content=\"image\/png\" \/>\n<meta name=\"twitter:card\" content=\"summary_large_image\" \/>\n<meta name=\"twitter:label1\" content=\"Gesch\u00e4tzte Lesezeit\" \/>\n\t<meta name=\"twitter:data1\" content=\"3\u00a0Minuten\" \/>\n<script type=\"application\/ld+json\" class=\"yoast-schema-graph\">{\"@context\":\"https:\/\/schema.org\",\"@graph\":[{\"@type\":\"WebPage\",\"@id\":\"https:\/\/fahrerlaubnisnetz.com\/product\/buy-alaska-drivers-license-and-id-card\/\",\"url\":\"https:\/\/fahrerlaubnisnetz.com\/product\/buy-alaska-drivers-license-and-id-card\/\",\"name\":\"Buy Alaska Driver\u2019s License and ID Card\",\"isPartOf\":{\"@id\":\"https:\/\/fahrerlaubnisnetz.com\/#website\"},\"primaryImageOfPage\":{\"@id\":\"https:\/\/fahrerlaubnisnetz.com\/product\/buy-alaska-drivers-license-and-id-card\/#primaryimage\"},\"image\":{\"@id\":\"https:\/\/fahrerlaubnisnetz.com\/product\/buy-alaska-drivers-license-and-id-card\/#primaryimage\"},\"thumbnailUrl\":\"https:\/\/fahrerlaubnisnetz.com\/wp-content\/uploads\/2024\/12\/image_2024-12-26_210536965.png\",\"datePublished\":\"2024-12-26T20:07:56+00:00\",\"dateModified\":\"2025-06-25T14:39:06+00:00\",\"description\":\"Buy an Alaska driver\u2019s license and ID card online with video proof of the Alaska driver\u2019s license and IDs done before delivery.\",\"breadcrumb\":{\"@id\":\"https:\/\/fahrerlaubnisnetz.com\/product\/buy-alaska-drivers-license-and-id-card\/#breadcrumb\"},\"inLanguage\":\"de\",\"potentialAction\":[{\"@type\":\"ReadAction\",\"target\":[\"https:\/\/fahrerlaubnisnetz.com\/product\/buy-alaska-drivers-license-and-id-card\/\"]}]},{\"@type\":\"ImageObject\",\"inLanguage\":\"de\",\"@id\":\"https:\/\/fahrerlaubnisnetz.com\/product\/buy-alaska-drivers-license-and-id-card\/#primaryimage\",\"url\":\"https:\/\/fahrerlaubnisnetz.com\/wp-content\/uploads\/2024\/12\/image_2024-12-26_210536965.png\",\"contentUrl\":\"https:\/\/fahrerlaubnisnetz.com\/wp-content\/uploads\/2024\/12\/image_2024-12-26_210536965.png\",\"width\":705,\"height\":379,\"caption\":\"Alaska ID Card online, Alaska ID Card, Alaska Driver\u2019s License, IDPurchase a legitimate driver's license from the EU, UK, Canada, or the United States. Purchase European drivers licenses, acquire residence permits, obtain passports and ID cards, including diplomatic passports. We offer a range of options such as German driver's licenses, Dutch ID cards, and UK licenses. Purchase a driving license, obtain a European driving license, acquire an international driving licence, regain your revoked licence. Purchase a boat license and acquire a hunting license, ship license and more. Buy New Jersey Driver\u2019s Licence and ID Card, Buy USA driver\u2019s license online in 2023 Buy A Fake New Jersey driver\u2019s license Online, Where to Buy Fake New Jersey driver\u2019s license card Online. Card online,\"},{\"@type\":\"BreadcrumbList\",\"@id\":\"https:\/\/fahrerlaubnisnetz.com\/product\/buy-alaska-drivers-license-and-id-card\/#breadcrumb\",\"itemListElement\":[{\"@type\":\"ListItem\",\"position\":1,\"name\":\"Home\",\"item\":\"https:\/\/fahrerlaubnisnetz.com\/\"},{\"@type\":\"ListItem\",\"position\":2,\"name\":\"All Services\",\"item\":\"https:\/\/fahrerlaubnisnetz.com\/shop\/\"},{\"@type\":\"ListItem\",\"position\":3,\"name\":\"Buy Alaska Driver\u2019s License and ID Card\"}]},{\"@type\":\"WebSite\",\"@id\":\"https:\/\/fahrerlaubnisnetz.com\/#website\",\"url\":\"https:\/\/fahrerlaubnisnetz.com\/\",\"name\":\"FAHRERLAUBNIS NETZ\",\"description\":\"Buy Original Drivers License, Pasport Online\",\"publisher\":{\"@id\":\"https:\/\/fahrerlaubnisnetz.com\/#organization\"},\"alternateName\":\"DRIVER'S LICENSE NETWORK\",\"potentialAction\":[{\"@type\":\"SearchAction\",\"target\":{\"@type\":\"EntryPoint\",\"urlTemplate\":\"https:\/\/fahrerlaubnisnetz.com\/?s={search_term_string}\"},\"query-input\":{\"@type\":\"PropertyValueSpecification\",\"valueRequired\":true,\"valueName\":\"search_term_string\"}}],\"inLanguage\":\"de\"},{\"@type\":\"Organization\",\"@id\":\"https:\/\/fahrerlaubnisnetz.com\/#organization\",\"name\":\"FAHRERLAUBNIS NETZ\",\"alternateName\":\"DRIVER'S LICENSE NETWORK\",\"url\":\"https:\/\/fahrerlaubnisnetz.com\/\",\"logo\":{\"@type\":\"ImageObject\",\"inLanguage\":\"de\",\"@id\":\"https:\/\/fahrerlaubnisnetz.com\/#\/schema\/logo\/image\/\",\"url\":\"https:\/\/fahrerlaubnisnetz.com\/wp-content\/uploads\/2025\/03\/image_2025-03-21_162823337.png\",\"contentUrl\":\"https:\/\/fahrerlaubnisnetz.com\/wp-content\/uploads\/2025\/03\/image_2025-03-21_162823337.png\",\"width\":590,\"height\":288,\"caption\":\"FAHRERLAUBNIS NETZ\"},\"image\":{\"@id\":\"https:\/\/fahrerlaubnisnetz.com\/#\/schema\/logo\/image\/\"}}]}<\/script>\n<!-- \/ Yoast SEO Premium plugin. -->","yoast_head_json":{"title":"Kaufen Sie einen Alaska-F\u00fchrerschein und Personalausweis","description":"Kaufen Sie online einen Alaska-F\u00fchrerschein und Personalausweis mit einem Videobeweis f\u00fcr den Alaska-F\u00fchrerschein und die Personalausweise, der vor der Zustellung erstellt wird.","robots":{"index":"index","follow":"follow","max-snippet":"max-snippet:-1","max-image-preview":"max-image-preview:large","max-video-preview":"max-video-preview:-1"},"canonical":"https:\/\/fahrerlaubnisnetz.com\/de\/produkt\/alaska-fuhrerschein-und-personalausweis-kaufen\/","og_locale":"de_DE","og_type":"article","og_title":"Buy Alaska Driver\u2019s License and ID Card","og_description":"Buy an Alaska driver\u2019s license and ID card online with video proof of the Alaska driver\u2019s license and IDs done before delivery.","og_url":"https:\/\/fahrerlaubnisnetz.com\/de\/produkt\/alaska-fuhrerschein-und-personalausweis-kaufen\/","og_site_name":"Fahrerlaubnis Netz","article_modified_time":"2025-06-25T14:39:06+00:00","og_image":[{"width":705,"height":379,"url":"https:\/\/fahrerlaubnisnetz.com\/wp-content\/uploads\/2024\/12\/image_2024-12-26_210536965.png","type":"image\/png"}],"twitter_card":"summary_large_image","twitter_misc":{"Gesch\u00e4tzte Lesezeit":"3\u00a0Minuten"},"schema":{"@context":"https:\/\/schema.org","@graph":[{"@type":"WebPage","@id":"https:\/\/fahrerlaubnisnetz.com\/product\/buy-alaska-drivers-license-and-id-card\/","url":"https:\/\/fahrerlaubnisnetz.com\/product\/buy-alaska-drivers-license-and-id-card\/","name":"Kaufen Sie einen Alaska-F\u00fchrerschein und Personalausweis","isPartOf":{"@id":"https:\/\/fahrerlaubnisnetz.com\/#website"},"primaryImageOfPage":{"@id":"https:\/\/fahrerlaubnisnetz.com\/product\/buy-alaska-drivers-license-and-id-card\/#primaryimage"},"image":{"@id":"https:\/\/fahrerlaubnisnetz.com\/product\/buy-alaska-drivers-license-and-id-card\/#primaryimage"},"thumbnailUrl":"https:\/\/fahrerlaubnisnetz.com\/wp-content\/uploads\/2024\/12\/image_2024-12-26_210536965.png","datePublished":"2024-12-26T20:07:56+00:00","dateModified":"2025-06-25T14:39:06+00:00","description":"Kaufen Sie online einen Alaska-F\u00fchrerschein und Personalausweis mit einem Videobeweis f\u00fcr den Alaska-F\u00fchrerschein und die Personalausweise, der vor der Zustellung erstellt wird.","breadcrumb":{"@id":"https:\/\/fahrerlaubnisnetz.com\/product\/buy-alaska-drivers-license-and-id-card\/#breadcrumb"},"inLanguage":"de","potentialAction":[{"@type":"ReadAction","target":["https:\/\/fahrerlaubnisnetz.com\/product\/buy-alaska-drivers-license-and-id-card\/"]}]},{"@type":"ImageObject","inLanguage":"de","@id":"https:\/\/fahrerlaubnisnetz.com\/product\/buy-alaska-drivers-license-and-id-card\/#primaryimage","url":"https:\/\/fahrerlaubnisnetz.com\/wp-content\/uploads\/2024\/12\/image_2024-12-26_210536965.png","contentUrl":"https:\/\/fahrerlaubnisnetz.com\/wp-content\/uploads\/2024\/12\/image_2024-12-26_210536965.png","width":705,"height":379,"caption":"Alaska ID Card online, Alaska ID Card, Alaska Driver\u2019s License, IDPurchase a legitimate driver's license from the EU, UK, Canada, or the United States. Purchase European drivers licenses, acquire residence permits, obtain passports and ID cards, including diplomatic passports. We offer a range of options such as German driver's licenses, Dutch ID cards, and UK licenses. Purchase a driving license, obtain a European driving license, acquire an international driving licence, regain your revoked licence. Purchase a boat license and acquire a hunting license, ship license and more. Buy New Jersey Driver\u2019s Licence and ID Card, Buy USA driver\u2019s license online in 2023 Buy A Fake New Jersey driver\u2019s license Online, Where to Buy Fake New Jersey driver\u2019s license card Online. Card online,"},{"@type":"BreadcrumbList","@id":"https:\/\/fahrerlaubnisnetz.com\/product\/buy-alaska-drivers-license-and-id-card\/#breadcrumb","itemListElement":[{"@type":"ListItem","position":1,"name":"Home","item":"https:\/\/fahrerlaubnisnetz.com\/"},{"@type":"ListItem","position":2,"name":"All Services","item":"https:\/\/fahrerlaubnisnetz.com\/shop\/"},{"@type":"ListItem","position":3,"name":"Buy Alaska Driver\u2019s License and ID Card"}]},{"@type":"WebSite","@id":"https:\/\/fahrerlaubnisnetz.com\/#website","url":"https:\/\/fahrerlaubnisnetz.com\/","name":"FAHRERLAUBNIS NETZ","description":"Kaufen Sie den Original-F\u00fchrerschein oder Reisepass online","publisher":{"@id":"https:\/\/fahrerlaubnisnetz.com\/#organization"},"alternateName":"DRIVER'S LICENSE NETWORK","potentialAction":[{"@type":"SearchAction","target":{"@type":"EntryPoint","urlTemplate":"https:\/\/fahrerlaubnisnetz.com\/?s={search_term_string}"},"query-input":{"@type":"PropertyValueSpecification","valueRequired":true,"valueName":"search_term_string"}}],"inLanguage":"de"},{"@type":"Organization","@id":"https:\/\/fahrerlaubnisnetz.com\/#organization","name":"FAHRERLAUBNIS NETZ","alternateName":"DRIVER'S LICENSE NETWORK","url":"https:\/\/fahrerlaubnisnetz.com\/","logo":{"@type":"ImageObject","inLanguage":"de","@id":"https:\/\/fahrerlaubnisnetz.com\/#\/schema\/logo\/image\/","url":"https:\/\/fahrerlaubnisnetz.com\/wp-content\/uploads\/2025\/03\/image_2025-03-21_162823337.png","contentUrl":"https:\/\/fahrerlaubnisnetz.com\/wp-content\/uploads\/2025\/03\/image_2025-03-21_162823337.png","width":590,"height":288,"caption":"FAHRERLAUBNIS NETZ"},"image":{"@id":"https:\/\/fahrerlaubnisnetz.com\/#\/schema\/logo\/image\/"}}]}},"_links":{"self":[{"href":"https:\/\/fahrerlaubnisnetz.com\/de\/wp-json\/wp\/v2\/product\/2002","targetHints":{"allow":["GET"]}}],"collection":[{"href":"https:\/\/fahrerlaubnisnetz.com\/de\/wp-json\/wp\/v2\/product"}],"about":[{"href":"https:\/\/fahrerlaubnisnetz.com\/de\/wp-json\/wp\/v2\/types\/product"}],"replies":[{"embeddable":true,"href":"https:\/\/fahrerlaubnisnetz.com\/de\/wp-json\/wp\/v2\/comments?post=2002"}],"wp:featuredmedia":[{"embeddable":true,"href":"https:\/\/fahrerlaubnisnetz.com\/de\/wp-json\/wp\/v2\/media\/2003"}],"wp:attachment":[{"href":"https:\/\/fahrerlaubnisnetz.com\/de\/wp-json\/wp\/v2\/media?parent=2002"}],"wp:term":[{"taxonomy":"product_brand","embeddable":true,"href":"https:\/\/fahrerlaubnisnetz.com\/de\/wp-json\/wp\/v2\/product_brand?post=2002"},{"taxonomy":"product_cat","embeddable":true,"href":"https:\/\/fahrerlaubnisnetz.com\/de\/wp-json\/wp\/v2\/product_cat?post=2002"},{"taxonomy":"product_tag","embeddable":true,"href":"https:\/\/fahrerlaubnisnetz.com\/de\/wp-json\/wp\/v2\/product_tag?post=2002"}],"curies":[{"name":"wp","href":"https:\/\/api.w.org\/{rel}","templated":true}]}}