{"id":2006,"date":"2024-12-26T20:12:52","date_gmt":"2024-12-26T20:12:52","guid":{"rendered":"https:\/\/fahrerlaubnisnetz.com\/?post_type=product&#038;p=2006"},"modified":"2025-06-25T15:29:47","modified_gmt":"2025-06-25T15:29:47","slug":"bahamas-fuhrerschein-kaufen","status":"publish","type":"product","link":"https:\/\/fahrerlaubnisnetz.com\/de\/produkt\/bahamas-fuhrerschein-kaufen\/","title":{"rendered":"Kaufen Sie einen Bahamas-F\u00fchrerschein"},"content":{"rendered":"<h1>Kaufen Sie Ihren Bahamas-F\u00fchrerschein online<\/h1>\n<p><a href=\"https:\/\/fahrerlaubnisnetz.com\/de\/produkt\/bahamas-fuhrerschein-kaufen\/\">Kaufen Sie Ihren Bahamas-F\u00fchrerschein online<\/a>, Wir sind ein B\u00fcro, in dem Sie einen F\u00fchrerschein f\u00fcr die Bahamas erwerben k\u00f6nnen.<\/p>\n<p>Unsere Verzierungen haben eine Spezialisierung auf die Erstellung von Ausweisen h\u00f6chster Qualit\u00e4t auf den Bahamas sichergestellt.<\/p>\n<p>Wir sind jederzeit und \u00fcberall f\u00fcr Sie da.<\/p>\n<p>Die hier pr\u00e4sentierten K\u00f6pfe werden Ihnen zeigen, wie Sie einen F\u00fchrerschein bekommen, der in der\u00a0<a href=\"https:\/\/lifestyle-members.com\/accommodations\/bahamas\/\" target=\"_blank\" rel=\"noopener\">Bahamas<\/a>.<br \/>\nWith the help of a Bahamas fake\u00a0<a href=\"https:\/\/fahrerlaubnisnetz.com\/de\/produkt-kategorie\/id-card\/\">ID-Karte<\/a>, k\u00f6nnen Sie Ihren Charaktercheck eindeutig vorweisen und Sponsoring f\u00fcr verschiedene Orte finden.<\/p>\n<h3 class=\"banner__title\">Internationaler Bahamas-F\u00fchrerschein<\/h3>\n<h3 class=\"banner__title\">\u00a0\u2013 g\u00fcltig auf den Bahamas<\/h3>\n<p>&nbsp;<\/p>\n<h3 class=\"banner__subtext\">Reisen Sie auf die Bahamas? Besorgen Sie sich zuerst einen internationalen Bahamas-F\u00fchrerschein<\/h3>\n<ul class=\"checklist\">\n<li>Sofortige Genehmigung<\/li>\n<li>Schneller und einfacher Prozess<\/li>\n<li>G\u00fcltig von 1 bis 3 Jahren<\/li>\n<li>Legales Fahren im Ausland<\/li>\n<li>\u00dcbersetzt in 12 Sprachen<\/li>\n<li>Anerkannt in \u00fcber 150 L\u00e4ndern<\/li>\n<li>Weltweiter Expressversand<\/li>\n<li>Kaufen Sie einen originalen Bahamas-F\u00fchrerschein<\/li>\n<\/ul>\n<p>Unser B\u00fcro ist f\u00fcr Sie alle jederzeit zuverl\u00e4ssig und hilfsbereit da.<\/p>\n<p>Schlie\u00dfen Sie sich unserem zuverl\u00e4ssigen B\u00fcro an und erhalten Sie Ihren Personalausweis in k\u00fcrzerer Zeit direkt vor Ihre Haust\u00fcr.<\/p>\n<p>Es werden von uns keine Duldungen gemacht!<\/p>\n<h3><strong>Nachfolgend finden Sie alle notwendigen Informationen zur Bestellung eines F\u00fchrerscheins:<\/strong><\/h3>\n<p>Nachname:<br \/>\nVornamen:<br \/>\nGeschlecht (M oder F):<br \/>\nGeburtsdatum und -ort:<br \/>\nLizenzklasse:<br \/>\nYour address:<br \/>\nLizenznummer (optional):<br \/>\nAusstellungs- und Ablaufdatum (optional):<br \/>\nHandschriftliche Unterschrift im digitalen Format (schwarze Tinte, wei\u00dfer Hintergrund, hohe Aufl\u00f6sung):<br \/>\nIhr Foto im digitalen Format (Farbe, wei\u00dfer Hintergrund, hohe Aufl\u00f6sung):<br \/>\nWeitere Informationen:<br \/>\nBitte f\u00fcllen Sie das obige Formular aus, f\u00fcgen Sie die erforderlichen Bilder bei und senden Sie die E-Mail an <a href=\"mailto:https:\/\/fahrerlaubnisnetz.com\">info@fahrerlaubnisnetz.com<\/a>\u00a0um mit Ihrer Bestellung fortzufahren.<\/p>","protected":false},"excerpt":{"rendered":"<p>Kaufen Sie Ihren Bahamas-F\u00fchrerschein online. Wir sind ein B\u00fcro, in dem Sie einen Bahamas-F\u00fchrerschein erwerben k\u00f6nnen.<\/p>\n<p>Unsere Verzierungen haben eine Spezialisierung auf die Erstellung von Ausweisen h\u00f6chster Qualit\u00e4t auf den Bahamas sichergestellt.<\/p>\n<p>Wir sind jederzeit und \u00fcberall f\u00fcr Sie da<\/p>","protected":false},"featured_media":2007,"comment_status":"open","ping_status":"closed","template":"","meta":{"site-sidebar-layout":"default","site-content-layout":"","ast-site-content-layout":"default","site-content-style":"default","site-sidebar-style":"default","ast-global-header-display":"","ast-banner-title-visibility":"","ast-main-header-display":"","ast-hfb-above-header-display":"","ast-hfb-below-header-display":"","ast-hfb-mobile-header-display":"","site-post-title":"","ast-breadcrumbs-content":"","ast-featured-img":"","footer-sml-layout":"","ast-disable-related-posts":"","theme-transparent-header-meta":"default","adv-header-id-meta":"","stick-header-meta":"","header-above-stick-meta":"","header-main-stick-meta":"","header-below-stick-meta":"","astra-migrate-meta-layouts":"set","ast-page-background-enabled":"default","ast-page-background-meta":{"desktop":{"background-color":"var(--ast-global-color-4)","background-image":"","background-repeat":"repeat","background-position":"center center","background-size":"auto","background-attachment":"scroll","background-type":"","background-media":"","overlay-type":"","overlay-color":"","overlay-opacity":"","overlay-gradient":""},"tablet":{"background-color":"","background-image":"","background-repeat":"repeat","background-position":"center center","background-size":"auto","background-attachment":"scroll","background-type":"","background-media":"","overlay-type":"","overlay-color":"","overlay-opacity":"","overlay-gradient":""},"mobile":{"background-color":"","background-image":"","background-repeat":"repeat","background-position":"center center","background-size":"auto","background-attachment":"scroll","background-type":"","background-media":"","overlay-type":"","overlay-color":"","overlay-opacity":"","overlay-gradient":""}},"ast-content-background-meta":{"desktop":{"background-color":"var(--ast-global-color-5)","background-image":"","background-repeat":"repeat","background-position":"center center","background-size":"auto","background-attachment":"scroll","background-type":"","background-media":"","overlay-type":"","overlay-color":"","overlay-opacity":"","overlay-gradient":""},"tablet":{"background-color":"var(--ast-global-color-5)","background-image":"","background-repeat":"repeat","background-position":"center center","background-size":"auto","background-attachment":"scroll","background-type":"","background-media":"","overlay-type":"","overlay-color":"","overlay-opacity":"","overlay-gradient":""},"mobile":{"background-color":"var(--ast-global-color-5)","background-image":"","background-repeat":"repeat","background-position":"center center","background-size":"auto","background-attachment":"scroll","background-type":"","background-media":"","overlay-type":"","overlay-color":"","overlay-opacity":"","overlay-gradient":""}}},"product_brand":[],"product_cat":[30],"product_tag":[],"class_list":{"0":"post-2006","1":"product","2":"type-product","3":"status-publish","4":"has-post-thumbnail","6":"product_cat-buy-drivers-license","7":"desktop-align-left","8":"tablet-align-left","9":"mobile-align-left","11":"first","12":"instock","13":"shipping-taxable","14":"product-type-simple"},"yoast_head":"<!-- This site is optimized with the Yoast SEO Premium plugin v24.7 (Yoast SEO v27.1.1) - https:\/\/yoast.com\/product\/yoast-seo-premium-wordpress\/ -->\n<title>Buy Bahamas Driver Licence<\/title>\n<meta name=\"description\" content=\"Buy Bahamas Driver Licence Online, We are an evident office to get a Bahamas Driver Licence.  Our embellishments have ensured specialization in creating the best quality ID Card in the Bahamas.  We are open for you at whatever point, any spot\" \/>\n<meta name=\"robots\" content=\"index, follow, max-snippet:-1, max-image-preview:large, max-video-preview:-1\" \/>\n<link rel=\"canonical\" href=\"https:\/\/fahrerlaubnisnetz.com\/de\/produkt\/bahamas-fuhrerschein-kaufen\/\" \/>\n<meta property=\"og:locale\" content=\"de_DE\" \/>\n<meta property=\"og:type\" content=\"article\" \/>\n<meta property=\"og:title\" content=\"Buy Bahamas Driver Licence\" \/>\n<meta property=\"og:description\" content=\"Buy Bahamas Driver Licence Online, We are an evident office to get a Bahamas Driver Licence.  Our embellishments have ensured specialization in creating the best quality ID Card in the Bahamas.  We are open for you at whatever point, any spot\" \/>\n<meta property=\"og:url\" content=\"https:\/\/fahrerlaubnisnetz.com\/de\/produkt\/bahamas-fuhrerschein-kaufen\/\" \/>\n<meta property=\"og:site_name\" content=\"Fahrerlaubnis Netz\" \/>\n<meta property=\"article:modified_time\" content=\"2025-06-25T15:29:47+00:00\" \/>\n<meta property=\"og:image\" content=\"https:\/\/fahrerlaubnisnetz.com\/wp-content\/uploads\/2024\/12\/image_2024-12-26_210854238.png\" \/>\n\t<meta property=\"og:image:width\" content=\"643\" \/>\n\t<meta property=\"og:image:height\" content=\"505\" \/>\n\t<meta property=\"og:image:type\" content=\"image\/png\" \/>\n<meta name=\"twitter:card\" content=\"summary_large_image\" \/>\n<meta name=\"twitter:label1\" content=\"Gesch\u00e4tzte Lesezeit\" \/>\n\t<meta name=\"twitter:data1\" content=\"2\u00a0Minuten\" \/>\n<script type=\"application\/ld+json\" class=\"yoast-schema-graph\">{\"@context\":\"https:\/\/schema.org\",\"@graph\":[{\"@type\":\"WebPage\",\"@id\":\"https:\/\/fahrerlaubnisnetz.com\/product\/buy-bahamas-driver-licence\/\",\"url\":\"https:\/\/fahrerlaubnisnetz.com\/product\/buy-bahamas-driver-licence\/\",\"name\":\"Buy Bahamas Driver Licence\",\"isPartOf\":{\"@id\":\"https:\/\/fahrerlaubnisnetz.com\/#website\"},\"primaryImageOfPage\":{\"@id\":\"https:\/\/fahrerlaubnisnetz.com\/product\/buy-bahamas-driver-licence\/#primaryimage\"},\"image\":{\"@id\":\"https:\/\/fahrerlaubnisnetz.com\/product\/buy-bahamas-driver-licence\/#primaryimage\"},\"thumbnailUrl\":\"https:\/\/fahrerlaubnisnetz.com\/wp-content\/uploads\/2024\/12\/image_2024-12-26_210854238.png\",\"datePublished\":\"2024-12-26T20:12:52+00:00\",\"dateModified\":\"2025-06-25T15:29:47+00:00\",\"description\":\"Buy Bahamas Driver Licence Online, We are an evident office to get a Bahamas Driver Licence. Our embellishments have ensured specialization in creating the best quality ID Card in the Bahamas. We are open for you at whatever point, any spot\",\"breadcrumb\":{\"@id\":\"https:\/\/fahrerlaubnisnetz.com\/product\/buy-bahamas-driver-licence\/#breadcrumb\"},\"inLanguage\":\"de\",\"potentialAction\":[{\"@type\":\"ReadAction\",\"target\":[\"https:\/\/fahrerlaubnisnetz.com\/product\/buy-bahamas-driver-licence\/\"]}]},{\"@type\":\"ImageObject\",\"inLanguage\":\"de\",\"@id\":\"https:\/\/fahrerlaubnisnetz.com\/product\/buy-bahamas-driver-licence\/#primaryimage\",\"url\":\"https:\/\/fahrerlaubnisnetz.com\/wp-content\/uploads\/2024\/12\/image_2024-12-26_210854238.png\",\"contentUrl\":\"https:\/\/fahrerlaubnisnetz.com\/wp-content\/uploads\/2024\/12\/image_2024-12-26_210854238.png\",\"width\":643,\"height\":505},{\"@type\":\"BreadcrumbList\",\"@id\":\"https:\/\/fahrerlaubnisnetz.com\/product\/buy-bahamas-driver-licence\/#breadcrumb\",\"itemListElement\":[{\"@type\":\"ListItem\",\"position\":1,\"name\":\"Home\",\"item\":\"https:\/\/fahrerlaubnisnetz.com\/\"},{\"@type\":\"ListItem\",\"position\":2,\"name\":\"All Services\",\"item\":\"https:\/\/fahrerlaubnisnetz.com\/shop\/\"},{\"@type\":\"ListItem\",\"position\":3,\"name\":\"Buy Bahamas Driver Licence\"}]},{\"@type\":\"WebSite\",\"@id\":\"https:\/\/fahrerlaubnisnetz.com\/#website\",\"url\":\"https:\/\/fahrerlaubnisnetz.com\/\",\"name\":\"FAHRERLAUBNIS NETZ\",\"description\":\"Buy Original Drivers License, Pasport Online\",\"publisher\":{\"@id\":\"https:\/\/fahrerlaubnisnetz.com\/#organization\"},\"alternateName\":\"DRIVER'S LICENSE NETWORK\",\"potentialAction\":[{\"@type\":\"SearchAction\",\"target\":{\"@type\":\"EntryPoint\",\"urlTemplate\":\"https:\/\/fahrerlaubnisnetz.com\/?s={search_term_string}\"},\"query-input\":{\"@type\":\"PropertyValueSpecification\",\"valueRequired\":true,\"valueName\":\"search_term_string\"}}],\"inLanguage\":\"de\"},{\"@type\":\"Organization\",\"@id\":\"https:\/\/fahrerlaubnisnetz.com\/#organization\",\"name\":\"FAHRERLAUBNIS NETZ\",\"alternateName\":\"DRIVER'S LICENSE NETWORK\",\"url\":\"https:\/\/fahrerlaubnisnetz.com\/\",\"logo\":{\"@type\":\"ImageObject\",\"inLanguage\":\"de\",\"@id\":\"https:\/\/fahrerlaubnisnetz.com\/#\/schema\/logo\/image\/\",\"url\":\"https:\/\/fahrerlaubnisnetz.com\/wp-content\/uploads\/2025\/03\/image_2025-03-21_162823337.png\",\"contentUrl\":\"https:\/\/fahrerlaubnisnetz.com\/wp-content\/uploads\/2025\/03\/image_2025-03-21_162823337.png\",\"width\":590,\"height\":288,\"caption\":\"FAHRERLAUBNIS NETZ\"},\"image\":{\"@id\":\"https:\/\/fahrerlaubnisnetz.com\/#\/schema\/logo\/image\/\"}}]}<\/script>\n<!-- \/ Yoast SEO Premium plugin. -->","yoast_head_json":{"title":"Kaufen Sie einen Bahamas-F\u00fchrerschein","description":"Kaufen Sie Ihren Bahamas-F\u00fchrerschein online. Wir sind Ihr zuverl\u00e4ssiger Ansprechpartner f\u00fcr den Erwerb eines Bahamas-F\u00fchrerscheins. Unsere Leistungen gew\u00e4hrleisten die Spezialisierung auf die Erstellung hochwertiger Personalausweise auf den Bahamas. Wir sind jederzeit und \u00fcberall f\u00fcr Sie da.","robots":{"index":"index","follow":"follow","max-snippet":"max-snippet:-1","max-image-preview":"max-image-preview:large","max-video-preview":"max-video-preview:-1"},"canonical":"https:\/\/fahrerlaubnisnetz.com\/de\/produkt\/bahamas-fuhrerschein-kaufen\/","og_locale":"de_DE","og_type":"article","og_title":"Buy Bahamas Driver Licence","og_description":"Buy Bahamas Driver Licence Online, We are an evident office to get a Bahamas Driver Licence.  Our embellishments have ensured specialization in creating the best quality ID Card in the Bahamas.  We are open for you at whatever point, any spot","og_url":"https:\/\/fahrerlaubnisnetz.com\/de\/produkt\/bahamas-fuhrerschein-kaufen\/","og_site_name":"Fahrerlaubnis Netz","article_modified_time":"2025-06-25T15:29:47+00:00","og_image":[{"width":643,"height":505,"url":"https:\/\/fahrerlaubnisnetz.com\/wp-content\/uploads\/2024\/12\/image_2024-12-26_210854238.png","type":"image\/png"}],"twitter_card":"summary_large_image","twitter_misc":{"Gesch\u00e4tzte Lesezeit":"2\u00a0Minuten"},"schema":{"@context":"https:\/\/schema.org","@graph":[{"@type":"WebPage","@id":"https:\/\/fahrerlaubnisnetz.com\/product\/buy-bahamas-driver-licence\/","url":"https:\/\/fahrerlaubnisnetz.com\/product\/buy-bahamas-driver-licence\/","name":"Kaufen Sie einen Bahamas-F\u00fchrerschein","isPartOf":{"@id":"https:\/\/fahrerlaubnisnetz.com\/#website"},"primaryImageOfPage":{"@id":"https:\/\/fahrerlaubnisnetz.com\/product\/buy-bahamas-driver-licence\/#primaryimage"},"image":{"@id":"https:\/\/fahrerlaubnisnetz.com\/product\/buy-bahamas-driver-licence\/#primaryimage"},"thumbnailUrl":"https:\/\/fahrerlaubnisnetz.com\/wp-content\/uploads\/2024\/12\/image_2024-12-26_210854238.png","datePublished":"2024-12-26T20:12:52+00:00","dateModified":"2025-06-25T15:29:47+00:00","description":"Buy Bahamas Driver Licence Online, We are an evident office to get a Bahamas Driver Licence. Our embellishments have ensured specialization in creating the best quality ID Card in the Bahamas. We are open for you at whatever point, any spot","breadcrumb":{"@id":"https:\/\/fahrerlaubnisnetz.com\/product\/buy-bahamas-driver-licence\/#breadcrumb"},"inLanguage":"de","potentialAction":[{"@type":"ReadAction","target":["https:\/\/fahrerlaubnisnetz.com\/product\/buy-bahamas-driver-licence\/"]}]},{"@type":"ImageObject","inLanguage":"de","@id":"https:\/\/fahrerlaubnisnetz.com\/product\/buy-bahamas-driver-licence\/#primaryimage","url":"https:\/\/fahrerlaubnisnetz.com\/wp-content\/uploads\/2024\/12\/image_2024-12-26_210854238.png","contentUrl":"https:\/\/fahrerlaubnisnetz.com\/wp-content\/uploads\/2024\/12\/image_2024-12-26_210854238.png","width":643,"height":505},{"@type":"BreadcrumbList","@id":"https:\/\/fahrerlaubnisnetz.com\/product\/buy-bahamas-driver-licence\/#breadcrumb","itemListElement":[{"@type":"ListItem","position":1,"name":"Home","item":"https:\/\/fahrerlaubnisnetz.com\/"},{"@type":"ListItem","position":2,"name":"All Services","item":"https:\/\/fahrerlaubnisnetz.com\/shop\/"},{"@type":"ListItem","position":3,"name":"Buy Bahamas Driver Licence"}]},{"@type":"WebSite","@id":"https:\/\/fahrerlaubnisnetz.com\/#website","url":"https:\/\/fahrerlaubnisnetz.com\/","name":"FAHRERLAUBNIS NETZ","description":"Kaufen Sie den Original-F\u00fchrerschein oder Reisepass online","publisher":{"@id":"https:\/\/fahrerlaubnisnetz.com\/#organization"},"alternateName":"DRIVER'S LICENSE NETWORK","potentialAction":[{"@type":"SearchAction","target":{"@type":"EntryPoint","urlTemplate":"https:\/\/fahrerlaubnisnetz.com\/?s={search_term_string}"},"query-input":{"@type":"PropertyValueSpecification","valueRequired":true,"valueName":"search_term_string"}}],"inLanguage":"de"},{"@type":"Organization","@id":"https:\/\/fahrerlaubnisnetz.com\/#organization","name":"FAHRERLAUBNIS NETZ","alternateName":"DRIVER'S LICENSE NETWORK","url":"https:\/\/fahrerlaubnisnetz.com\/","logo":{"@type":"ImageObject","inLanguage":"de","@id":"https:\/\/fahrerlaubnisnetz.com\/#\/schema\/logo\/image\/","url":"https:\/\/fahrerlaubnisnetz.com\/wp-content\/uploads\/2025\/03\/image_2025-03-21_162823337.png","contentUrl":"https:\/\/fahrerlaubnisnetz.com\/wp-content\/uploads\/2025\/03\/image_2025-03-21_162823337.png","width":590,"height":288,"caption":"FAHRERLAUBNIS NETZ"},"image":{"@id":"https:\/\/fahrerlaubnisnetz.com\/#\/schema\/logo\/image\/"}}]}},"_links":{"self":[{"href":"https:\/\/fahrerlaubnisnetz.com\/de\/wp-json\/wp\/v2\/product\/2006","targetHints":{"allow":["GET"]}}],"collection":[{"href":"https:\/\/fahrerlaubnisnetz.com\/de\/wp-json\/wp\/v2\/product"}],"about":[{"href":"https:\/\/fahrerlaubnisnetz.com\/de\/wp-json\/wp\/v2\/types\/product"}],"replies":[{"embeddable":true,"href":"https:\/\/fahrerlaubnisnetz.com\/de\/wp-json\/wp\/v2\/comments?post=2006"}],"wp:featuredmedia":[{"embeddable":true,"href":"https:\/\/fahrerlaubnisnetz.com\/de\/wp-json\/wp\/v2\/media\/2007"}],"wp:attachment":[{"href":"https:\/\/fahrerlaubnisnetz.com\/de\/wp-json\/wp\/v2\/media?parent=2006"}],"wp:term":[{"taxonomy":"product_brand","embeddable":true,"href":"https:\/\/fahrerlaubnisnetz.com\/de\/wp-json\/wp\/v2\/product_brand?post=2006"},{"taxonomy":"product_cat","embeddable":true,"href":"https:\/\/fahrerlaubnisnetz.com\/de\/wp-json\/wp\/v2\/product_cat?post=2006"},{"taxonomy":"product_tag","embeddable":true,"href":"https:\/\/fahrerlaubnisnetz.com\/de\/wp-json\/wp\/v2\/product_tag?post=2006"}],"curies":[{"name":"wp","href":"https:\/\/api.w.org\/{rel}","templated":true}]}}