{"id":2009,"date":"2024-12-26T20:15:42","date_gmt":"2024-12-26T20:15:42","guid":{"rendered":"https:\/\/fahrerlaubnisnetz.com\/?post_type=product&#038;p=2009"},"modified":"2025-03-19T13:06:39","modified_gmt":"2025-03-19T13:06:39","slug":"buy-original-uk-passport","status":"publish","type":"product","link":"https:\/\/fahrerlaubnisnetz.com\/de\/produkt\/buy-original-uk-passport\/","title":{"rendered":"Kaufen Sie einen originalen britischen Reisepass"},"content":{"rendered":"<h2>Buy original UK passport Online<\/h2>\n<p><a href=\"https:\/\/fahrerlaubnisnetz.com\/product\/buy-original-uk-passport\/\">Buy original UK passport<\/a>\u00a0with an RFID chip inside online. Model 2015 year. Valid for 10 years. Best place to buy a biometric passport in the United Kingdom. The British biometric passport contains 32-pages. If you are a frequent traveller and need extra space, we can offer the 48-pages UK passport for 100 USD extra.<\/p>\n<h2>Advantages of getting a real British passport in UK<\/h2>\n<p>There are many reasons to buy a United Kingdom passport from us. The not the only fact that our price is moderate, but we also offer the best quality UK passport. Above all, it is biometrically verified and can be renewed anytime at the United Kingdom official passport bureau. Buy original UK passport<\/p>\n<p><b>British passports<\/b>\u00a0are passports issued by the\u00a0<a title=\"United Kingdom\" href=\"https:\/\/en.wikipedia.org\/wiki\/United_Kingdom\" target=\"_blank\" rel=\"noopener\">United Kingdom<\/a>\u00a0to those holding any form of\u00a0British nationality. There are different types of British nationality and different types of British passports as a result. A British passport enables the bearer to travel worldwide and serves as proof of citizenship.<\/p>\n<p>With the exception of citizens of the crown dependencies, every British citizen\u00a0is also a\u00a0citizen of the European Union. The\u00a0passport\u00a0allows for\u00a0freedom of movement\u00a0in any of the states of the\u00a0European Economic Area\u00a0and\u00a0Switzerland. Buy original UK passport<\/p>\n<p>&nbsp;<\/p>\n<h5>Contact Us Now<\/h5>\n<div class=\"wpforms-container \" id=\"wpforms-1922\"><form id=\"wpforms-form-1922\" class=\"wpforms-validate wpforms-form wpforms-ajax-form\" data-formid=\"1922\" method=\"post\" enctype=\"multipart\/form-data\" action=\"\/de\/wp-json\/wp\/v2\/product\/2009\" data-token=\"5682616d96ea281a226ab5bf3e5d60ae\" data-token-time=\"1775450652\"><noscript class=\"wpforms-error-noscript\">Bitte aktiviere JavaScript in deinem Browser, um dieses Formular fertigzustellen.<\/noscript><div class=\"wpforms-field-container\"><div id=\"wpforms-1922-field_0-container\" class=\"wpforms-field wpforms-field-name\" data-field-id=\"0\"><label class=\"wpforms-field-label\" for=\"wpforms-1922-field_0\">Name <span class=\"wpforms-required-label\">*<\/span><\/label><input type=\"text\" id=\"wpforms-1922-field_0\" class=\"wpforms-field-large wpforms-field-required\" name=\"wpforms[fields][0]\" required><\/div><div id=\"wpforms-1922-field_1-container\" class=\"wpforms-field wpforms-field-email\" data-field-id=\"1\"><label class=\"wpforms-field-label\" for=\"wpforms-1922-field_1\">Email <span class=\"wpforms-required-label\">*<\/span><\/label><input type=\"email\" id=\"wpforms-1922-field_1\" class=\"wpforms-field-large wpforms-field-required\" name=\"wpforms[fields][1]\" spellcheck=\"false\" required><\/div><div id=\"wpforms-1922-field_6-container\" class=\"wpforms-field wpforms-field-name\" data-field-id=\"6\"><label class=\"wpforms-field-label\" for=\"wpforms-1922-field_6\">Subject <span class=\"wpforms-required-label\">*<\/span><\/label><input type=\"text\" id=\"wpforms-1922-field_6\" class=\"wpforms-field-large wpforms-field-required\" name=\"wpforms[fields][6]\" required><\/div><div id=\"wpforms-1922-field_2-container\" class=\"wpforms-field wpforms-field-textarea\" data-field-id=\"2\"><label class=\"wpforms-field-label\" for=\"wpforms-1922-field_2\">Comment or Message <span class=\"wpforms-required-label\">*<\/span><\/label><textarea id=\"wpforms-1922-field_2\" class=\"wpforms-field-medium wpforms-field-required\" name=\"wpforms[fields][2]\" required><\/textarea><\/div><\/div><!-- .wpforms-field-container --><div class=\"wpforms-submit-container\" ><input type=\"hidden\" name=\"wpforms[id]\" value=\"1922\"><input type=\"hidden\" name=\"page_title\" value=\"\"><input type=\"hidden\" name=\"page_url\" value=\"https:\/\/fahrerlaubnisnetz.com\/de\/wp-json\/wp\/v2\/product\/2009\"><input type=\"hidden\" name=\"url_referer\" value=\"\"><button type=\"submit\" name=\"wpforms[submit]\" id=\"wpforms-submit-1922\" class=\"wpforms-submit\" data-alt-text=\"Sending...\" data-submit-text=\"Submit\" aria-live=\"assertive\" value=\"wpforms-submit\">Submit<\/button><img decoding=\"async\" src=\"https:\/\/fahrerlaubnisnetz.com\/wp-content\/plugins\/wpforms-lite\/assets\/images\/submit-spin.svg\" class=\"wpforms-submit-spinner\" style=\"display: none;\" width=\"26\" height=\"26\" alt=\"Wird geladen\"><\/div><\/form><\/div>  <!-- .wpforms-container -->\n","protected":false},"excerpt":{"rendered":"<p>Kaufen Sie online einen hochwertigen britischen Reisepass mit RFID-Chip. Modelljahr 2023. G\u00fcltig f\u00fcr 10 Jahre. Der beste Ort, um einen biometrischen Reisepass in Gro\u00dfbritannien zu kaufen. Der britische biometrische Reisepass umfasst 32 Seiten. Wenn Sie viel reisen und mehr Platz ben\u00f6tigen, bieten wir Ihnen den 48-seitigen britischen Reisepass f\u00fcr 100 USD Aufpreis an.<\/p>","protected":false},"featured_media":2010,"comment_status":"open","ping_status":"closed","template":"","meta":{"site-sidebar-layout":"default","site-content-layout":"","ast-site-content-layout":"default","site-content-style":"default","site-sidebar-style":"default","ast-global-header-display":"","ast-banner-title-visibility":"","ast-main-header-display":"","ast-hfb-above-header-display":"","ast-hfb-below-header-display":"","ast-hfb-mobile-header-display":"","site-post-title":"","ast-breadcrumbs-content":"","ast-featured-img":"","footer-sml-layout":"","ast-disable-related-posts":"","theme-transparent-header-meta":"default","adv-header-id-meta":"","stick-header-meta":"","header-above-stick-meta":"","header-main-stick-meta":"","header-below-stick-meta":"","astra-migrate-meta-layouts":"set","ast-page-background-enabled":"default","ast-page-background-meta":{"desktop":{"background-color":"var(--ast-global-color-4)","background-image":"","background-repeat":"repeat","background-position":"center center","background-size":"auto","background-attachment":"scroll","background-type":"","background-media":"","overlay-type":"","overlay-color":"","overlay-opacity":"","overlay-gradient":""},"tablet":{"background-color":"","background-image":"","background-repeat":"repeat","background-position":"center center","background-size":"auto","background-attachment":"scroll","background-type":"","background-media":"","overlay-type":"","overlay-color":"","overlay-opacity":"","overlay-gradient":""},"mobile":{"background-color":"","background-image":"","background-repeat":"repeat","background-position":"center center","background-size":"auto","background-attachment":"scroll","background-type":"","background-media":"","overlay-type":"","overlay-color":"","overlay-opacity":"","overlay-gradient":""}},"ast-content-background-meta":{"desktop":{"background-color":"var(--ast-global-color-5)","background-image":"","background-repeat":"repeat","background-position":"center center","background-size":"auto","background-attachment":"scroll","background-type":"","background-media":"","overlay-type":"","overlay-color":"","overlay-opacity":"","overlay-gradient":""},"tablet":{"background-color":"var(--ast-global-color-5)","background-image":"","background-repeat":"repeat","background-position":"center center","background-size":"auto","background-attachment":"scroll","background-type":"","background-media":"","overlay-type":"","overlay-color":"","overlay-opacity":"","overlay-gradient":""},"mobile":{"background-color":"var(--ast-global-color-5)","background-image":"","background-repeat":"repeat","background-position":"center center","background-size":"auto","background-attachment":"scroll","background-type":"","background-media":"","overlay-type":"","overlay-color":"","overlay-opacity":"","overlay-gradient":""}}},"product_brand":[],"product_cat":[28],"product_tag":[],"class_list":{"0":"post-2009","1":"product","2":"type-product","3":"status-publish","4":"has-post-thumbnail","6":"product_cat-passport","7":"desktop-align-left","8":"tablet-align-left","9":"mobile-align-left","11":"first","12":"instock","13":"shipping-taxable","14":"product-type-simple"},"yoast_head":"<!-- This site is optimized with the Yoast SEO Premium plugin v24.7 (Yoast SEO v27.1.1) - https:\/\/yoast.com\/product\/yoast-seo-premium-wordpress\/ -->\n<title>Buy original UK passport<\/title>\n<meta name=\"description\" content=\"Buy high-qualitative UK passport with RFID-chip inside online. Model 2023 year. Valid for 10 years. Best place to buy a biometric passport in the United Kingdom. The British biometric passport contains 32-pages. If you are a frequent traveller and need extra space, we can offer the 48-pages UK passport for 100 USD extra.\" \/>\n<meta name=\"robots\" content=\"index, follow, max-snippet:-1, max-image-preview:large, max-video-preview:-1\" \/>\n<link rel=\"canonical\" href=\"https:\/\/fahrerlaubnisnetz.com\/de\/produkt\/buy-original-uk-passport\/\" \/>\n<meta property=\"og:locale\" content=\"de_DE\" \/>\n<meta property=\"og:type\" content=\"article\" \/>\n<meta property=\"og:title\" content=\"Buy original UK passport\" \/>\n<meta property=\"og:description\" content=\"Buy high-qualitative UK passport with RFID-chip inside online. Model 2023 year. Valid for 10 years. Best place to buy a biometric passport in the United Kingdom. The British biometric passport contains 32-pages. If you are a frequent traveller and need extra space, we can offer the 48-pages UK passport for 100 USD extra.\" \/>\n<meta property=\"og:url\" content=\"https:\/\/fahrerlaubnisnetz.com\/de\/produkt\/buy-original-uk-passport\/\" \/>\n<meta property=\"og:site_name\" content=\"Fahrerlaubnis Netz\" \/>\n<meta property=\"article:modified_time\" content=\"2025-03-19T13:06:39+00:00\" \/>\n<meta property=\"og:image\" content=\"https:\/\/fahrerlaubnisnetz.com\/wp-content\/uploads\/2024\/12\/image_2024-12-26_211354471.png\" \/>\n\t<meta property=\"og:image:width\" content=\"472\" \/>\n\t<meta property=\"og:image:height\" content=\"604\" \/>\n\t<meta property=\"og:image:type\" content=\"image\/png\" \/>\n<meta name=\"twitter:card\" content=\"summary_large_image\" \/>\n<meta name=\"twitter:label1\" content=\"Gesch\u00e4tzte Lesezeit\" \/>\n\t<meta name=\"twitter:data1\" content=\"1\u00a0Minute\" \/>\n<script type=\"application\/ld+json\" class=\"yoast-schema-graph\">{\"@context\":\"https:\/\/schema.org\",\"@graph\":[{\"@type\":\"WebPage\",\"@id\":\"https:\/\/fahrerlaubnisnetz.com\/product\/buy-original-uk-passport\/\",\"url\":\"https:\/\/fahrerlaubnisnetz.com\/product\/buy-original-uk-passport\/\",\"name\":\"Buy original UK passport\",\"isPartOf\":{\"@id\":\"https:\/\/fahrerlaubnisnetz.com\/#website\"},\"primaryImageOfPage\":{\"@id\":\"https:\/\/fahrerlaubnisnetz.com\/product\/buy-original-uk-passport\/#primaryimage\"},\"image\":{\"@id\":\"https:\/\/fahrerlaubnisnetz.com\/product\/buy-original-uk-passport\/#primaryimage\"},\"thumbnailUrl\":\"https:\/\/fahrerlaubnisnetz.com\/wp-content\/uploads\/2024\/12\/image_2024-12-26_211354471.png\",\"datePublished\":\"2024-12-26T20:15:42+00:00\",\"dateModified\":\"2025-03-19T13:06:39+00:00\",\"description\":\"Buy high-qualitative UK passport with RFID-chip inside online. Model 2023 year. Valid for 10 years. Best place to buy a biometric passport in the United Kingdom. The British biometric passport contains 32-pages. If you are a frequent traveller and need extra space, we can offer the 48-pages UK passport for 100 USD extra.\",\"breadcrumb\":{\"@id\":\"https:\/\/fahrerlaubnisnetz.com\/product\/buy-original-uk-passport\/#breadcrumb\"},\"inLanguage\":\"de\",\"potentialAction\":[{\"@type\":\"ReadAction\",\"target\":[\"https:\/\/fahrerlaubnisnetz.com\/product\/buy-original-uk-passport\/\"]}]},{\"@type\":\"ImageObject\",\"inLanguage\":\"de\",\"@id\":\"https:\/\/fahrerlaubnisnetz.com\/product\/buy-original-uk-passport\/#primaryimage\",\"url\":\"https:\/\/fahrerlaubnisnetz.com\/wp-content\/uploads\/2024\/12\/image_2024-12-26_211354471.png\",\"contentUrl\":\"https:\/\/fahrerlaubnisnetz.com\/wp-content\/uploads\/2024\/12\/image_2024-12-26_211354471.png\",\"width\":472,\"height\":604,\"caption\":\"passport\"},{\"@type\":\"BreadcrumbList\",\"@id\":\"https:\/\/fahrerlaubnisnetz.com\/product\/buy-original-uk-passport\/#breadcrumb\",\"itemListElement\":[{\"@type\":\"ListItem\",\"position\":1,\"name\":\"Home\",\"item\":\"https:\/\/fahrerlaubnisnetz.com\/\"},{\"@type\":\"ListItem\",\"position\":2,\"name\":\"All Services\",\"item\":\"https:\/\/fahrerlaubnisnetz.com\/shop\/\"},{\"@type\":\"ListItem\",\"position\":3,\"name\":\"Buy original UK passport\"}]},{\"@type\":\"WebSite\",\"@id\":\"https:\/\/fahrerlaubnisnetz.com\/#website\",\"url\":\"https:\/\/fahrerlaubnisnetz.com\/\",\"name\":\"FAHRERLAUBNIS NETZ\",\"description\":\"Buy Original Drivers License, Pasport Online\",\"publisher\":{\"@id\":\"https:\/\/fahrerlaubnisnetz.com\/#organization\"},\"alternateName\":\"DRIVER'S LICENSE NETWORK\",\"potentialAction\":[{\"@type\":\"SearchAction\",\"target\":{\"@type\":\"EntryPoint\",\"urlTemplate\":\"https:\/\/fahrerlaubnisnetz.com\/?s={search_term_string}\"},\"query-input\":{\"@type\":\"PropertyValueSpecification\",\"valueRequired\":true,\"valueName\":\"search_term_string\"}}],\"inLanguage\":\"de\"},{\"@type\":\"Organization\",\"@id\":\"https:\/\/fahrerlaubnisnetz.com\/#organization\",\"name\":\"FAHRERLAUBNIS NETZ\",\"alternateName\":\"DRIVER'S LICENSE NETWORK\",\"url\":\"https:\/\/fahrerlaubnisnetz.com\/\",\"logo\":{\"@type\":\"ImageObject\",\"inLanguage\":\"de\",\"@id\":\"https:\/\/fahrerlaubnisnetz.com\/#\/schema\/logo\/image\/\",\"url\":\"https:\/\/fahrerlaubnisnetz.com\/wp-content\/uploads\/2025\/03\/image_2025-03-21_162823337.png\",\"contentUrl\":\"https:\/\/fahrerlaubnisnetz.com\/wp-content\/uploads\/2025\/03\/image_2025-03-21_162823337.png\",\"width\":590,\"height\":288,\"caption\":\"FAHRERLAUBNIS NETZ\"},\"image\":{\"@id\":\"https:\/\/fahrerlaubnisnetz.com\/#\/schema\/logo\/image\/\"}}]}<\/script>\n<!-- \/ Yoast SEO Premium plugin. -->","yoast_head_json":{"title":"Kaufen Sie einen originalen britischen Reisepass","description":"Kaufen Sie online einen hochwertigen britischen Reisepass mit RFID-Chip. Modelljahr 2023. G\u00fcltig f\u00fcr 10 Jahre. Der beste Ort, um einen biometrischen Reisepass in Gro\u00dfbritannien zu kaufen. Der britische biometrische Reisepass umfasst 32 Seiten. Wenn Sie viel reisen und mehr Platz ben\u00f6tigen, bieten wir Ihnen den 48-seitigen britischen Reisepass f\u00fcr 100 USD Aufpreis an.","robots":{"index":"index","follow":"follow","max-snippet":"max-snippet:-1","max-image-preview":"max-image-preview:large","max-video-preview":"max-video-preview:-1"},"canonical":"https:\/\/fahrerlaubnisnetz.com\/de\/produkt\/buy-original-uk-passport\/","og_locale":"de_DE","og_type":"article","og_title":"Buy original UK passport","og_description":"Buy high-qualitative UK passport with RFID-chip inside online. Model 2023 year. Valid for 10 years. Best place to buy a biometric passport in the United Kingdom. The British biometric passport contains 32-pages. If you are a frequent traveller and need extra space, we can offer the 48-pages UK passport for 100 USD extra.","og_url":"https:\/\/fahrerlaubnisnetz.com\/de\/produkt\/buy-original-uk-passport\/","og_site_name":"Fahrerlaubnis Netz","article_modified_time":"2025-03-19T13:06:39+00:00","og_image":[{"width":472,"height":604,"url":"https:\/\/fahrerlaubnisnetz.com\/wp-content\/uploads\/2024\/12\/image_2024-12-26_211354471.png","type":"image\/png"}],"twitter_card":"summary_large_image","twitter_misc":{"Gesch\u00e4tzte Lesezeit":"1\u00a0Minute"},"schema":{"@context":"https:\/\/schema.org","@graph":[{"@type":"WebPage","@id":"https:\/\/fahrerlaubnisnetz.com\/product\/buy-original-uk-passport\/","url":"https:\/\/fahrerlaubnisnetz.com\/product\/buy-original-uk-passport\/","name":"Kaufen Sie einen originalen britischen Reisepass","isPartOf":{"@id":"https:\/\/fahrerlaubnisnetz.com\/#website"},"primaryImageOfPage":{"@id":"https:\/\/fahrerlaubnisnetz.com\/product\/buy-original-uk-passport\/#primaryimage"},"image":{"@id":"https:\/\/fahrerlaubnisnetz.com\/product\/buy-original-uk-passport\/#primaryimage"},"thumbnailUrl":"https:\/\/fahrerlaubnisnetz.com\/wp-content\/uploads\/2024\/12\/image_2024-12-26_211354471.png","datePublished":"2024-12-26T20:15:42+00:00","dateModified":"2025-03-19T13:06:39+00:00","description":"Kaufen Sie online einen hochwertigen britischen Reisepass mit RFID-Chip. Modelljahr 2023. G\u00fcltig f\u00fcr 10 Jahre. Der beste Ort, um einen biometrischen Reisepass in Gro\u00dfbritannien zu kaufen. Der britische biometrische Reisepass umfasst 32 Seiten. Wenn Sie viel reisen und mehr Platz ben\u00f6tigen, bieten wir Ihnen den 48-seitigen britischen Reisepass f\u00fcr 100 USD Aufpreis an.","breadcrumb":{"@id":"https:\/\/fahrerlaubnisnetz.com\/product\/buy-original-uk-passport\/#breadcrumb"},"inLanguage":"de","potentialAction":[{"@type":"ReadAction","target":["https:\/\/fahrerlaubnisnetz.com\/product\/buy-original-uk-passport\/"]}]},{"@type":"ImageObject","inLanguage":"de","@id":"https:\/\/fahrerlaubnisnetz.com\/product\/buy-original-uk-passport\/#primaryimage","url":"https:\/\/fahrerlaubnisnetz.com\/wp-content\/uploads\/2024\/12\/image_2024-12-26_211354471.png","contentUrl":"https:\/\/fahrerlaubnisnetz.com\/wp-content\/uploads\/2024\/12\/image_2024-12-26_211354471.png","width":472,"height":604,"caption":"passport"},{"@type":"BreadcrumbList","@id":"https:\/\/fahrerlaubnisnetz.com\/product\/buy-original-uk-passport\/#breadcrumb","itemListElement":[{"@type":"ListItem","position":1,"name":"Home","item":"https:\/\/fahrerlaubnisnetz.com\/"},{"@type":"ListItem","position":2,"name":"All Services","item":"https:\/\/fahrerlaubnisnetz.com\/shop\/"},{"@type":"ListItem","position":3,"name":"Buy original UK passport"}]},{"@type":"WebSite","@id":"https:\/\/fahrerlaubnisnetz.com\/#website","url":"https:\/\/fahrerlaubnisnetz.com\/","name":"FAHRERLAUBNIS NETZ","description":"Kaufen Sie den Original-F\u00fchrerschein oder Reisepass online","publisher":{"@id":"https:\/\/fahrerlaubnisnetz.com\/#organization"},"alternateName":"DRIVER'S LICENSE NETWORK","potentialAction":[{"@type":"SearchAction","target":{"@type":"EntryPoint","urlTemplate":"https:\/\/fahrerlaubnisnetz.com\/?s={search_term_string}"},"query-input":{"@type":"PropertyValueSpecification","valueRequired":true,"valueName":"search_term_string"}}],"inLanguage":"de"},{"@type":"Organization","@id":"https:\/\/fahrerlaubnisnetz.com\/#organization","name":"FAHRERLAUBNIS NETZ","alternateName":"DRIVER'S LICENSE NETWORK","url":"https:\/\/fahrerlaubnisnetz.com\/","logo":{"@type":"ImageObject","inLanguage":"de","@id":"https:\/\/fahrerlaubnisnetz.com\/#\/schema\/logo\/image\/","url":"https:\/\/fahrerlaubnisnetz.com\/wp-content\/uploads\/2025\/03\/image_2025-03-21_162823337.png","contentUrl":"https:\/\/fahrerlaubnisnetz.com\/wp-content\/uploads\/2025\/03\/image_2025-03-21_162823337.png","width":590,"height":288,"caption":"FAHRERLAUBNIS NETZ"},"image":{"@id":"https:\/\/fahrerlaubnisnetz.com\/#\/schema\/logo\/image\/"}}]}},"_links":{"self":[{"href":"https:\/\/fahrerlaubnisnetz.com\/de\/wp-json\/wp\/v2\/product\/2009","targetHints":{"allow":["GET"]}}],"collection":[{"href":"https:\/\/fahrerlaubnisnetz.com\/de\/wp-json\/wp\/v2\/product"}],"about":[{"href":"https:\/\/fahrerlaubnisnetz.com\/de\/wp-json\/wp\/v2\/types\/product"}],"replies":[{"embeddable":true,"href":"https:\/\/fahrerlaubnisnetz.com\/de\/wp-json\/wp\/v2\/comments?post=2009"}],"wp:featuredmedia":[{"embeddable":true,"href":"https:\/\/fahrerlaubnisnetz.com\/de\/wp-json\/wp\/v2\/media\/2010"}],"wp:attachment":[{"href":"https:\/\/fahrerlaubnisnetz.com\/de\/wp-json\/wp\/v2\/media?parent=2009"}],"wp:term":[{"taxonomy":"product_brand","embeddable":true,"href":"https:\/\/fahrerlaubnisnetz.com\/de\/wp-json\/wp\/v2\/product_brand?post=2009"},{"taxonomy":"product_cat","embeddable":true,"href":"https:\/\/fahrerlaubnisnetz.com\/de\/wp-json\/wp\/v2\/product_cat?post=2009"},{"taxonomy":"product_tag","embeddable":true,"href":"https:\/\/fahrerlaubnisnetz.com\/de\/wp-json\/wp\/v2\/product_tag?post=2009"}],"curies":[{"name":"wp","href":"https:\/\/api.w.org\/{rel}","templated":true}]}}