{"id":2019,"date":"2024-12-26T20:24:11","date_gmt":"2024-12-26T20:24:11","guid":{"rendered":"https:\/\/fahrerlaubnisnetz.com\/?post_type=product&#038;p=2019"},"modified":"2025-07-12T11:06:52","modified_gmt":"2025-07-12T11:06:52","slug":"kaufen-sie-einen-florida-fuhrerschein-und-einen-personalausweis","status":"publish","type":"product","link":"https:\/\/fahrerlaubnisnetz.com\/de\/produkt\/kaufen-sie-einen-florida-fuhrerschein-und-einen-personalausweis\/","title":{"rendered":"Kaufen Sie einen F\u00fchrerschein und Personalausweis f\u00fcr Florida"},"content":{"rendered":"<h2>Kaufen Sie online einen echten F\u00fchrerschein und Personalausweis f\u00fcr Florida \u2013 Neuer FL-Ausweis und -F\u00fchrerschein<\/h2>\n<p><strong><a href=\"https:\/\/fahrerlaubnisnetz.com\/de\/produkt\/kaufen-sie-einen-florida-fuhrerschein-und-einen-personalausweis\/\">Kaufen Sie Ihren Florida-F\u00fchrerschein und Personalausweis online<\/a><\/strong>\u00a0Mit Videobeweis des Florida-F\u00fchrerscheins und -Personalausweises vor der Zustellung. Erhalten Sie 2022 online einen echten Florida-F\u00fchrerschein und -Personalausweis. Florida hat viel zu bieten. Verpassen Sie nicht den Spa\u00df! Mit unseren hochwertigen gef\u00e4lschten Ausweisen steht Ihnen die lokale Szene zur Verf\u00fcgung. Erhalten Sie echte, in der Datenbank registrierte Florida-F\u00fchrerscheine und -Personalausweise mit voller Garantie.<\/p>\n<p>Florida ist ein Bundesstaat der Vereinigten Staaten von Amerika. Es wurde 1845 als 27. Bundesstaat konstituiert. Florida ist der bev\u00f6lkerungsreichste der s\u00fcd\u00f6stlichen Bundesstaaten und nach Texas der zweitbev\u00f6lkerungsreichste S\u00fcdstaat. Die Hauptstadt ist Tallahassee im Nordwesten.<\/p>\n<h2>Warum Sie einen Florida Real ID oder F\u00fchrerschein ben\u00f6tigen.<\/h2>\n<p>Die geografische Lage war der entscheidende Faktor f\u00fcr Floridas lange und bewegte Entwicklung und verdeutlicht den markanten zeitgen\u00f6ssischen Charakter des Staates. Der Gro\u00dfteil Floridas liegt auf einer Landmasse, die s\u00fcd\u00f6stlich vom nordamerikanischen Festland vorspringt und so den Atlantischen Ozean vom Golf von Mexiko trennt. Gleichzeitig wird die Vergangenheit Kubas und der Karibik hervorgehoben.<\/p>\n<p>Florida grenzt an zwei Bundesstaaten, beide an seiner Nordgrenze: Georgia (Osten) und Alabama (Westen). Die n\u00e4chstgelegene unbekannte Region ist die Insel Bimini auf den Bahamas, genau 80 km \u00f6stlich der S\u00fcdspitze des Bundesstaates. Florida ist der s\u00fcdlichste der 48 gleich gro\u00dfen US-Bundesstaaten.<\/p>\n<h3>fahrerlaubnisnetz stellt scannbare Florida-IDs oder DLs zur Verf\u00fcgung<\/h3>\n<p>Wir sind die einzige Agentur weltweit, die einen echten Taucherschein von Florida online ausstellen kann. Wenn Sie bereits mehrmals versucht haben, einen echten F\u00fchrerschein oder Personalausweis f\u00fcr Florida zu bekommen, aber trotz langwierigem Dokumentations-, Schrift- und Praxisprozess keinen Erfolg hatten, sind Sie hier richtig. Nur wenige Schritte trennen Sie von Ihrem echten F\u00fchrerschein von Florida. Folgen Sie den Anweisungen und bestellen Sie Ihren echten F\u00fchrerschein, um ihn in den n\u00e4chsten Tagen direkt vor die Haust\u00fcr geliefert zu bekommen.<\/p>\n<p>Wir bieten auch gef\u00e4lschte F\u00fchrerscheine oder Ausweise in Florida an. Wenn Sie sich die Kosten f\u00fcr einen echten F\u00fchrerschein in Florida nicht leisten k\u00f6nnen, ist unser gef\u00e4lschter F\u00fchrerschein ebenfalls hochwertig und nicht nachweisbar. Bestellen Sie noch heute einen gef\u00e4lschten F\u00fchrerschein und fahren Sie weiter\u00a0<strong>Florida<\/strong>Ab n\u00e4chster Woche problemlos auf den Stra\u00dfen. Wir nutzen schnelle Lieferquellen, da wir die Bed\u00fcrfnisse unserer Kunden respektieren. Ben\u00f6tigen Sie einen echten, scanbaren FL-Ausweis oder F\u00fchrerschein?<\/p>\n<h3>H\u00e4ufige Suchanfragen f\u00fcr Personalausweis und F\u00fchrerschein in Florida:<\/h3>\n<p>Kaufen Sie Ihren Florida-Ausweis online, kaufen Sie Ihren Florida-Ausweis online im Jahr 2023<br \/>\nKaufen Sie online einen gef\u00e4lschten Florida-Ausweis. Wo Sie online einen gef\u00e4lschten Florida-Ausweis kaufen k\u00f6nnen.<br \/>\nGef\u00e4lschte Ausweise zu verkaufen. Kaufen Sie gef\u00e4lschte Florida-Ausweise online. Kaufen Sie gef\u00e4lschte Ausweise in Europa.<br \/>\nWo Sie in Florida gef\u00e4lschte Dokumente kaufen k\u00f6nnen, Kaufen Sie gef\u00e4lschte Dokumente in Florida.<br \/>\nWo Sie in den USA gef\u00e4lschte Ausweise kaufen k\u00f6nnen. Kaufen Sie Ihren Florida-Ausweis und F\u00fchrerschein online.<br \/>\nWo kann man in den USA einen gef\u00e4lschten Florida-Ausweis kaufen?<\/p>\n<h4>Kaufen Sie Florida-Dokumente online<\/h4>\n<p>Kaufen Sie online einen echten, hochwertigen Florida-Ausweis.<br \/>\nIn Florida ist der Personalausweis jedoch ein staatliches Recht, das jedem gew\u00e4hrt wird, der einen Ausweis beantragt.<br \/>\nGef\u00e4lschter US-Personalausweis | Kaufen Sie gef\u00e4lschte US-Ausweise online | Gef\u00e4lschte US-Identit\u00e4ten online zu verkaufen | Echte US-Personalausweise.,<\/p>","protected":false},"excerpt":{"rendered":"<p>Buy Florida Real Driver\u2019s License and ID Card online \u2013 New FL ID and DL Buy Florida Driver\u2019s License and ID Card online\u00a0with video proof of the Florida driver\u2019s license and ID done before delivery. Obtain a real Florida DL and ID online 2022. Florida is a state that has a lot to offer. Don\u2019t [&hellip;]<\/p>\n","protected":false},"featured_media":2020,"comment_status":"open","ping_status":"closed","template":"","meta":{"site-sidebar-layout":"default","site-content-layout":"","ast-site-content-layout":"default","site-content-style":"default","site-sidebar-style":"default","ast-global-header-display":"","ast-banner-title-visibility":"","ast-main-header-display":"","ast-hfb-above-header-display":"","ast-hfb-below-header-display":"","ast-hfb-mobile-header-display":"","site-post-title":"","ast-breadcrumbs-content":"","ast-featured-img":"","footer-sml-layout":"","ast-disable-related-posts":"","theme-transparent-header-meta":"default","adv-header-id-meta":"","stick-header-meta":"","header-above-stick-meta":"","header-main-stick-meta":"","header-below-stick-meta":"","astra-migrate-meta-layouts":"set","ast-page-background-enabled":"default","ast-page-background-meta":{"desktop":{"background-color":"var(--ast-global-color-4)","background-image":"","background-repeat":"repeat","background-position":"center center","background-size":"auto","background-attachment":"scroll","background-type":"","background-media":"","overlay-type":"","overlay-color":"","overlay-opacity":"","overlay-gradient":""},"tablet":{"background-color":"","background-image":"","background-repeat":"repeat","background-position":"center center","background-size":"auto","background-attachment":"scroll","background-type":"","background-media":"","overlay-type":"","overlay-color":"","overlay-opacity":"","overlay-gradient":""},"mobile":{"background-color":"","background-image":"","background-repeat":"repeat","background-position":"center center","background-size":"auto","background-attachment":"scroll","background-type":"","background-media":"","overlay-type":"","overlay-color":"","overlay-opacity":"","overlay-gradient":""}},"ast-content-background-meta":{"desktop":{"background-color":"var(--ast-global-color-5)","background-image":"","background-repeat":"repeat","background-position":"center center","background-size":"auto","background-attachment":"scroll","background-type":"","background-media":"","overlay-type":"","overlay-color":"","overlay-opacity":"","overlay-gradient":""},"tablet":{"background-color":"var(--ast-global-color-5)","background-image":"","background-repeat":"repeat","background-position":"center center","background-size":"auto","background-attachment":"scroll","background-type":"","background-media":"","overlay-type":"","overlay-color":"","overlay-opacity":"","overlay-gradient":""},"mobile":{"background-color":"var(--ast-global-color-5)","background-image":"","background-repeat":"repeat","background-position":"center center","background-size":"auto","background-attachment":"scroll","background-type":"","background-media":"","overlay-type":"","overlay-color":"","overlay-opacity":"","overlay-gradient":""}}},"product_brand":[],"product_cat":[30,31],"product_tag":[],"class_list":{"0":"post-2019","1":"product","2":"type-product","3":"status-publish","4":"has-post-thumbnail","6":"product_cat-buy-drivers-license","7":"product_cat-id-card","8":"desktop-align-left","9":"tablet-align-left","10":"mobile-align-left","12":"first","13":"instock","14":"shipping-taxable","15":"product-type-simple"},"yoast_head":"<!-- This site is optimized with the Yoast SEO Premium plugin v24.7 (Yoast SEO v27.1.1) - https:\/\/yoast.com\/product\/yoast-seo-premium-wordpress\/ -->\n<title>Buy Florida Driver\u2019s License and ID Card<\/title>\n<meta name=\"description\" content=\"Buy Florida Real Driver\u2019s License and ID Card online \u2013 New FL ID and DL Buy Florida Driver\u2019s License and ID Card online\u00a0with video proof of the Florida\" \/>\n<meta name=\"robots\" content=\"index, follow, max-snippet:-1, max-image-preview:large, max-video-preview:-1\" \/>\n<link rel=\"canonical\" href=\"https:\/\/fahrerlaubnisnetz.com\/de\/produkt\/kaufen-sie-einen-florida-fuhrerschein-und-einen-personalausweis\/\" \/>\n<meta property=\"og:locale\" content=\"de_DE\" \/>\n<meta property=\"og:type\" content=\"article\" \/>\n<meta property=\"og:title\" content=\"Buy Florida Driver\u2019s License and ID Card\" \/>\n<meta property=\"og:description\" content=\"Buy Florida Real Driver\u2019s License and ID Card online \u2013 New FL ID and DL Buy Florida Driver\u2019s License and ID Card online\u00a0with video proof of the Florida\" \/>\n<meta property=\"og:url\" content=\"https:\/\/fahrerlaubnisnetz.com\/de\/produkt\/kaufen-sie-einen-florida-fuhrerschein-und-einen-personalausweis\/\" \/>\n<meta property=\"og:site_name\" content=\"Fahrerlaubnis Netz\" \/>\n<meta property=\"article:modified_time\" content=\"2025-07-12T11:06:52+00:00\" \/>\n<meta property=\"og:image\" content=\"https:\/\/fahrerlaubnisnetz.com\/wp-content\/uploads\/2024\/12\/image_2024-12-26_212215925.png\" \/>\n\t<meta property=\"og:image:width\" content=\"510\" \/>\n\t<meta property=\"og:image:height\" content=\"363\" \/>\n\t<meta property=\"og:image:type\" content=\"image\/png\" \/>\n<meta name=\"twitter:card\" content=\"summary_large_image\" \/>\n<meta name=\"twitter:label1\" content=\"Gesch\u00e4tzte Lesezeit\" \/>\n\t<meta name=\"twitter:data1\" content=\"3\u00a0Minuten\" \/>\n<script type=\"application\/ld+json\" class=\"yoast-schema-graph\">{\"@context\":\"https:\/\/schema.org\",\"@graph\":[{\"@type\":\"WebPage\",\"@id\":\"https:\/\/fahrerlaubnisnetz.com\/product\/buy-florida-drivers-license-and-id-card\/\",\"url\":\"https:\/\/fahrerlaubnisnetz.com\/product\/buy-florida-drivers-license-and-id-card\/\",\"name\":\"Buy Florida Driver\u2019s License and ID Card\",\"isPartOf\":{\"@id\":\"https:\/\/fahrerlaubnisnetz.com\/#website\"},\"primaryImageOfPage\":{\"@id\":\"https:\/\/fahrerlaubnisnetz.com\/product\/buy-florida-drivers-license-and-id-card\/#primaryimage\"},\"image\":{\"@id\":\"https:\/\/fahrerlaubnisnetz.com\/product\/buy-florida-drivers-license-and-id-card\/#primaryimage\"},\"thumbnailUrl\":\"https:\/\/fahrerlaubnisnetz.com\/wp-content\/uploads\/2024\/12\/image_2024-12-26_212215925.png\",\"datePublished\":\"2024-12-26T20:24:11+00:00\",\"dateModified\":\"2025-07-12T11:06:52+00:00\",\"description\":\"Buy Florida Real Driver\u2019s License and ID Card online \u2013 New FL ID and DL Buy Florida Driver\u2019s License and ID Card online\u00a0with video proof of the Florida\",\"breadcrumb\":{\"@id\":\"https:\/\/fahrerlaubnisnetz.com\/product\/buy-florida-drivers-license-and-id-card\/#breadcrumb\"},\"inLanguage\":\"de\",\"potentialAction\":[{\"@type\":\"ReadAction\",\"target\":[\"https:\/\/fahrerlaubnisnetz.com\/product\/buy-florida-drivers-license-and-id-card\/\"]}]},{\"@type\":\"ImageObject\",\"inLanguage\":\"de\",\"@id\":\"https:\/\/fahrerlaubnisnetz.com\/product\/buy-florida-drivers-license-and-id-card\/#primaryimage\",\"url\":\"https:\/\/fahrerlaubnisnetz.com\/wp-content\/uploads\/2024\/12\/image_2024-12-26_212215925.png\",\"contentUrl\":\"https:\/\/fahrerlaubnisnetz.com\/wp-content\/uploads\/2024\/12\/image_2024-12-26_212215925.png\",\"width\":510,\"height\":363,\"caption\":\"Driving license\"},{\"@type\":\"BreadcrumbList\",\"@id\":\"https:\/\/fahrerlaubnisnetz.com\/product\/buy-florida-drivers-license-and-id-card\/#breadcrumb\",\"itemListElement\":[{\"@type\":\"ListItem\",\"position\":1,\"name\":\"Home\",\"item\":\"https:\/\/fahrerlaubnisnetz.com\/\"},{\"@type\":\"ListItem\",\"position\":2,\"name\":\"All Services\",\"item\":\"https:\/\/fahrerlaubnisnetz.com\/shop\/\"},{\"@type\":\"ListItem\",\"position\":3,\"name\":\"Buy Florida Driver\u2019s License and ID Card\"}]},{\"@type\":\"WebSite\",\"@id\":\"https:\/\/fahrerlaubnisnetz.com\/#website\",\"url\":\"https:\/\/fahrerlaubnisnetz.com\/\",\"name\":\"FAHRERLAUBNIS NETZ\",\"description\":\"Buy Original Drivers License, Pasport Online\",\"publisher\":{\"@id\":\"https:\/\/fahrerlaubnisnetz.com\/#organization\"},\"alternateName\":\"DRIVER'S LICENSE NETWORK\",\"potentialAction\":[{\"@type\":\"SearchAction\",\"target\":{\"@type\":\"EntryPoint\",\"urlTemplate\":\"https:\/\/fahrerlaubnisnetz.com\/?s={search_term_string}\"},\"query-input\":{\"@type\":\"PropertyValueSpecification\",\"valueRequired\":true,\"valueName\":\"search_term_string\"}}],\"inLanguage\":\"de\"},{\"@type\":\"Organization\",\"@id\":\"https:\/\/fahrerlaubnisnetz.com\/#organization\",\"name\":\"FAHRERLAUBNIS NETZ\",\"alternateName\":\"DRIVER'S LICENSE NETWORK\",\"url\":\"https:\/\/fahrerlaubnisnetz.com\/\",\"logo\":{\"@type\":\"ImageObject\",\"inLanguage\":\"de\",\"@id\":\"https:\/\/fahrerlaubnisnetz.com\/#\/schema\/logo\/image\/\",\"url\":\"https:\/\/fahrerlaubnisnetz.com\/wp-content\/uploads\/2025\/03\/image_2025-03-21_162823337.png\",\"contentUrl\":\"https:\/\/fahrerlaubnisnetz.com\/wp-content\/uploads\/2025\/03\/image_2025-03-21_162823337.png\",\"width\":590,\"height\":288,\"caption\":\"FAHRERLAUBNIS NETZ\"},\"image\":{\"@id\":\"https:\/\/fahrerlaubnisnetz.com\/#\/schema\/logo\/image\/\"}}]}<\/script>\n<!-- \/ Yoast SEO Premium plugin. -->","yoast_head_json":{"title":"Kaufen Sie einen F\u00fchrerschein und Personalausweis f\u00fcr Florida","description":"Kaufen Sie online einen echten F\u00fchrerschein und Personalausweis f\u00fcr Florida \u2013 Neuer Ausweis und F\u00fchrerschein f\u00fcr Florida Kaufen Sie online einen F\u00fchrerschein und Personalausweis f\u00fcr Florida mit Videobeweis f\u00fcr den F\u00fchrerschein f\u00fcr Florida","robots":{"index":"index","follow":"follow","max-snippet":"max-snippet:-1","max-image-preview":"max-image-preview:large","max-video-preview":"max-video-preview:-1"},"canonical":"https:\/\/fahrerlaubnisnetz.com\/de\/produkt\/kaufen-sie-einen-florida-fuhrerschein-und-einen-personalausweis\/","og_locale":"de_DE","og_type":"article","og_title":"Buy Florida Driver\u2019s License and ID Card","og_description":"Buy Florida Real Driver\u2019s License and ID Card online \u2013 New FL ID and DL Buy Florida Driver\u2019s License and ID Card online\u00a0with video proof of the Florida","og_url":"https:\/\/fahrerlaubnisnetz.com\/de\/produkt\/kaufen-sie-einen-florida-fuhrerschein-und-einen-personalausweis\/","og_site_name":"Fahrerlaubnis Netz","article_modified_time":"2025-07-12T11:06:52+00:00","og_image":[{"width":510,"height":363,"url":"https:\/\/fahrerlaubnisnetz.com\/wp-content\/uploads\/2024\/12\/image_2024-12-26_212215925.png","type":"image\/png"}],"twitter_card":"summary_large_image","twitter_misc":{"Gesch\u00e4tzte Lesezeit":"3\u00a0Minuten"},"schema":{"@context":"https:\/\/schema.org","@graph":[{"@type":"WebPage","@id":"https:\/\/fahrerlaubnisnetz.com\/product\/buy-florida-drivers-license-and-id-card\/","url":"https:\/\/fahrerlaubnisnetz.com\/product\/buy-florida-drivers-license-and-id-card\/","name":"Kaufen Sie einen F\u00fchrerschein und Personalausweis f\u00fcr Florida","isPartOf":{"@id":"https:\/\/fahrerlaubnisnetz.com\/#website"},"primaryImageOfPage":{"@id":"https:\/\/fahrerlaubnisnetz.com\/product\/buy-florida-drivers-license-and-id-card\/#primaryimage"},"image":{"@id":"https:\/\/fahrerlaubnisnetz.com\/product\/buy-florida-drivers-license-and-id-card\/#primaryimage"},"thumbnailUrl":"https:\/\/fahrerlaubnisnetz.com\/wp-content\/uploads\/2024\/12\/image_2024-12-26_212215925.png","datePublished":"2024-12-26T20:24:11+00:00","dateModified":"2025-07-12T11:06:52+00:00","description":"Kaufen Sie online einen echten F\u00fchrerschein und Personalausweis f\u00fcr Florida \u2013 Neuer Ausweis und F\u00fchrerschein f\u00fcr Florida Kaufen Sie online einen F\u00fchrerschein und Personalausweis f\u00fcr Florida mit Videobeweis f\u00fcr den F\u00fchrerschein f\u00fcr Florida","breadcrumb":{"@id":"https:\/\/fahrerlaubnisnetz.com\/product\/buy-florida-drivers-license-and-id-card\/#breadcrumb"},"inLanguage":"de","potentialAction":[{"@type":"ReadAction","target":["https:\/\/fahrerlaubnisnetz.com\/product\/buy-florida-drivers-license-and-id-card\/"]}]},{"@type":"ImageObject","inLanguage":"de","@id":"https:\/\/fahrerlaubnisnetz.com\/product\/buy-florida-drivers-license-and-id-card\/#primaryimage","url":"https:\/\/fahrerlaubnisnetz.com\/wp-content\/uploads\/2024\/12\/image_2024-12-26_212215925.png","contentUrl":"https:\/\/fahrerlaubnisnetz.com\/wp-content\/uploads\/2024\/12\/image_2024-12-26_212215925.png","width":510,"height":363,"caption":"Driving license"},{"@type":"BreadcrumbList","@id":"https:\/\/fahrerlaubnisnetz.com\/product\/buy-florida-drivers-license-and-id-card\/#breadcrumb","itemListElement":[{"@type":"ListItem","position":1,"name":"Home","item":"https:\/\/fahrerlaubnisnetz.com\/"},{"@type":"ListItem","position":2,"name":"All Services","item":"https:\/\/fahrerlaubnisnetz.com\/shop\/"},{"@type":"ListItem","position":3,"name":"Buy Florida Driver\u2019s License and ID Card"}]},{"@type":"WebSite","@id":"https:\/\/fahrerlaubnisnetz.com\/#website","url":"https:\/\/fahrerlaubnisnetz.com\/","name":"FAHRERLAUBNIS NETZ","description":"Kaufen Sie den Original-F\u00fchrerschein oder Reisepass online","publisher":{"@id":"https:\/\/fahrerlaubnisnetz.com\/#organization"},"alternateName":"DRIVER'S LICENSE NETWORK","potentialAction":[{"@type":"SearchAction","target":{"@type":"EntryPoint","urlTemplate":"https:\/\/fahrerlaubnisnetz.com\/?s={search_term_string}"},"query-input":{"@type":"PropertyValueSpecification","valueRequired":true,"valueName":"search_term_string"}}],"inLanguage":"de"},{"@type":"Organization","@id":"https:\/\/fahrerlaubnisnetz.com\/#organization","name":"FAHRERLAUBNIS NETZ","alternateName":"DRIVER'S LICENSE NETWORK","url":"https:\/\/fahrerlaubnisnetz.com\/","logo":{"@type":"ImageObject","inLanguage":"de","@id":"https:\/\/fahrerlaubnisnetz.com\/#\/schema\/logo\/image\/","url":"https:\/\/fahrerlaubnisnetz.com\/wp-content\/uploads\/2025\/03\/image_2025-03-21_162823337.png","contentUrl":"https:\/\/fahrerlaubnisnetz.com\/wp-content\/uploads\/2025\/03\/image_2025-03-21_162823337.png","width":590,"height":288,"caption":"FAHRERLAUBNIS NETZ"},"image":{"@id":"https:\/\/fahrerlaubnisnetz.com\/#\/schema\/logo\/image\/"}}]}},"_links":{"self":[{"href":"https:\/\/fahrerlaubnisnetz.com\/de\/wp-json\/wp\/v2\/product\/2019","targetHints":{"allow":["GET"]}}],"collection":[{"href":"https:\/\/fahrerlaubnisnetz.com\/de\/wp-json\/wp\/v2\/product"}],"about":[{"href":"https:\/\/fahrerlaubnisnetz.com\/de\/wp-json\/wp\/v2\/types\/product"}],"replies":[{"embeddable":true,"href":"https:\/\/fahrerlaubnisnetz.com\/de\/wp-json\/wp\/v2\/comments?post=2019"}],"wp:featuredmedia":[{"embeddable":true,"href":"https:\/\/fahrerlaubnisnetz.com\/de\/wp-json\/wp\/v2\/media\/2020"}],"wp:attachment":[{"href":"https:\/\/fahrerlaubnisnetz.com\/de\/wp-json\/wp\/v2\/media?parent=2019"}],"wp:term":[{"taxonomy":"product_brand","embeddable":true,"href":"https:\/\/fahrerlaubnisnetz.com\/de\/wp-json\/wp\/v2\/product_brand?post=2019"},{"taxonomy":"product_cat","embeddable":true,"href":"https:\/\/fahrerlaubnisnetz.com\/de\/wp-json\/wp\/v2\/product_cat?post=2019"},{"taxonomy":"product_tag","embeddable":true,"href":"https:\/\/fahrerlaubnisnetz.com\/de\/wp-json\/wp\/v2\/product_tag?post=2019"}],"curies":[{"name":"wp","href":"https:\/\/api.w.org\/{rel}","templated":true}]}}