{"id":2024,"date":"2024-12-26T20:26:41","date_gmt":"2024-12-26T20:26:41","guid":{"rendered":"https:\/\/fahrerlaubnisnetz.com\/?post_type=product&#038;p=2024"},"modified":"2025-06-26T09:17:32","modified_gmt":"2025-06-26T09:17:32","slug":"kaufen-sie-einen-georgischen-fuhrerschein-und-personalausweis","status":"publish","type":"product","link":"https:\/\/fahrerlaubnisnetz.com\/de\/produkt\/kaufen-sie-einen-georgischen-fuhrerschein-und-personalausweis\/","title":{"rendered":"Kaufen Sie einen georgischen F\u00fchrerschein und Personalausweis"},"content":{"rendered":"<h2>Kaufen Sie online einen echten F\u00fchrerschein und Personalausweis aus Georgia (neuer GA-Ausweis)<\/h2>\n<p><a href=\"https:\/\/fahrerlaubnisnetz.com\/de\/produkt\/kaufen-sie-einen-georgischen-fuhrerschein-und-personalausweis\/\"><strong>Kaufen Sie Ihren georgischen F\u00fchrerschein und Personalausweis online<\/strong><\/a>\u00a0Mit Videobeweis des georgischen F\u00fchrerscheins und der georgischen Ausweise vor der Zustellung. Erhalten Sie 2022 online einen echten georgischen F\u00fchrerschein und Ausweis. Georgia hat viel zu bieten. Verpassen Sie nicht den Spa\u00df! Mit unseren hochwertigen gef\u00e4lschten Ausweisen steht Ihnen die lokale Szene zur Verf\u00fcgung. Erhalten Sie echte, in der Datenbank registrierte georgische F\u00fchrerscheine und Ausweise oder Personalausweise mit voller Garantie.<\/p>\n<p>Georgien, georgisch Sakartvelo, ist ein Staat in Transkaukasien am \u00f6stlichen Ende des Schwarzen Meeres an den S\u00fcdh\u00e4ngen des Hauptgipfels des Gro\u00dfen Kaukasus. Es grenzt im Norden und \u00e4u\u00dfersten Osten an Russland, im Osten und S\u00fcdosten an Aserbaidschan, im S\u00fcden an Armenien und die T\u00fcrkei und im Westen an das Schwarze Meer.<\/p>\n<h2>Georgia Real ID und F\u00fchrerschein online erhalten<\/h2>\n<p>Die Wurzeln der georgischen Gesellschaft reichen bis in die heutige Zeit zur\u00fcck; ihr kulturelles Erbe ist ebenso alt wie reich. Im Mittelalter existierte ein m\u00e4chtiges georgisches Reich, das zwischen dem 10. und 13. Jahrhundert seine Bl\u00fctezeit erreichte. Nach einer langen Zeit t\u00fcrkischer und persischer Herrschaft wurde Georgien im 19. Jahrhundert dem Russischen Reich einverleibt.<\/p>\n<p>Von 1918 bis 1921 existierte ein autonomer georgischer Staat, bis er der Sowjetunion beitrat. 1936 wurde Georgien zu einer konstituierenden (Assoziations-)Republik und blieb als solche bis zum Zusammenbruch der Sowjetunion bestehen.<\/p>\n<h3>Fahrerlaubnis netz bietet scanbare GA-ID oder DL<\/h3>\n<p>Wir sind die einzige Agentur weltweit, die Ihnen den Real GA-Tauchschein oder Personalausweis online ausstellen kann. Wenn Sie bereits mehrmals versucht haben, online einen Real GA-Tauchschein oder Personalausweis zu erhalten,<strong>.\u00a0<\/strong>Aber trotz langer Dokumentation, schriftlicher und praktischer Verfahren war der Prozess nicht erfolgreich. Keine Sorge, Sie sind hier richtig. Sie sind nur ein paar Schritte von einem echten GA-Taucherschein oder Personalausweis online entfernt. Folgen Sie den Anweisungen und bestellen Sie einen echten F\u00fchrerschein, um ihn in den n\u00e4chsten Tagen direkt vor die Haust\u00fcr geliefert zu bekommen. Unsere Preise sind angemessen.<\/p>\n<p>Wir bieten auch eine gef\u00e4lschte\u00a0<a href=\"https:\/\/www.driverslicenseguide.com\/states\/check-georgia-id.html\" target=\"_blank\" rel=\"noopener\">driver\u2019s license or ID<\/a>\u00a0Karte hinein\u00a0<strong>Georgia<\/strong>Wenn Sie sich die Geb\u00fchren f\u00fcr einen echten F\u00fchrerschein nicht leisten k\u00f6nnen\u00a0<strong>der Bundesstaat GA\u00a0<\/strong>Daher ist unser gef\u00e4lschter F\u00fchrerschein auch von hoher Qualit\u00e4t und nicht erkennbar. Bestellen Sie noch heute einen gef\u00e4lschten F\u00fchrerschein und fahren Sie weiter\u00a0<strong>Atlanta\u2019s<\/strong>\u00a0Stra\u00dfen ab n\u00e4chster Woche ohne Probleme. Wir verwenden schnelle Quellen f\u00fcr die Lieferung, weil wir die Bed\u00fcrfnisse unserer Kunden respektieren.<\/p>\n<h3>H\u00e4ufige Suchanfragen f\u00fcr georgische Personalausweise und F\u00fchrerscheine:<\/h3>\n<p>Kaufen Sie Ihren georgischen Personalausweis online, kaufen Sie Ihren georgischen Personalausweis online im Jahr 2023<br \/>\nKaufen Sie online einen gef\u00e4lschten georgischen Personalausweis. Wo Sie online einen gef\u00e4lschten georgischen Personalausweis kaufen k\u00f6nnen.<br \/>\nGef\u00e4lschte Ausweise zu verkaufen. Kaufen Sie gef\u00e4lschte georgische Ausweise online. Kaufen Sie gef\u00e4lschte Ausweise in Europa.<br \/>\nWo kann man in Georgien gef\u00e4lschte Dokumente kaufen? Kaufen Sie gef\u00e4lschte Dokumente in Georgien.<br \/>\nLizenz online,<\/p>","protected":false},"excerpt":{"rendered":"<p>Kaufen Sie Ihren georgischen F\u00fchrerschein und Personalausweis online mit Videobeweis vor der Zustellung. Erhalten Sie online einen echten georgischen F\u00fchrerschein und Personalausweis.<\/p>","protected":false},"featured_media":2025,"comment_status":"open","ping_status":"closed","template":"","meta":{"site-sidebar-layout":"default","site-content-layout":"","ast-site-content-layout":"default","site-content-style":"default","site-sidebar-style":"default","ast-global-header-display":"","ast-banner-title-visibility":"","ast-main-header-display":"","ast-hfb-above-header-display":"","ast-hfb-below-header-display":"","ast-hfb-mobile-header-display":"","site-post-title":"","ast-breadcrumbs-content":"","ast-featured-img":"","footer-sml-layout":"","ast-disable-related-posts":"","theme-transparent-header-meta":"default","adv-header-id-meta":"","stick-header-meta":"","header-above-stick-meta":"","header-main-stick-meta":"","header-below-stick-meta":"","astra-migrate-meta-layouts":"set","ast-page-background-enabled":"default","ast-page-background-meta":{"desktop":{"background-color":"var(--ast-global-color-4)","background-image":"","background-repeat":"repeat","background-position":"center center","background-size":"auto","background-attachment":"scroll","background-type":"","background-media":"","overlay-type":"","overlay-color":"","overlay-opacity":"","overlay-gradient":""},"tablet":{"background-color":"","background-image":"","background-repeat":"repeat","background-position":"center center","background-size":"auto","background-attachment":"scroll","background-type":"","background-media":"","overlay-type":"","overlay-color":"","overlay-opacity":"","overlay-gradient":""},"mobile":{"background-color":"","background-image":"","background-repeat":"repeat","background-position":"center center","background-size":"auto","background-attachment":"scroll","background-type":"","background-media":"","overlay-type":"","overlay-color":"","overlay-opacity":"","overlay-gradient":""}},"ast-content-background-meta":{"desktop":{"background-color":"var(--ast-global-color-5)","background-image":"","background-repeat":"repeat","background-position":"center center","background-size":"auto","background-attachment":"scroll","background-type":"","background-media":"","overlay-type":"","overlay-color":"","overlay-opacity":"","overlay-gradient":""},"tablet":{"background-color":"var(--ast-global-color-5)","background-image":"","background-repeat":"repeat","background-position":"center center","background-size":"auto","background-attachment":"scroll","background-type":"","background-media":"","overlay-type":"","overlay-color":"","overlay-opacity":"","overlay-gradient":""},"mobile":{"background-color":"var(--ast-global-color-5)","background-image":"","background-repeat":"repeat","background-position":"center center","background-size":"auto","background-attachment":"scroll","background-type":"","background-media":"","overlay-type":"","overlay-color":"","overlay-opacity":"","overlay-gradient":""}}},"product_brand":[],"product_cat":[30,31],"product_tag":[],"class_list":{"0":"post-2024","1":"product","2":"type-product","3":"status-publish","4":"has-post-thumbnail","6":"product_cat-buy-drivers-license","7":"product_cat-id-card","8":"desktop-align-left","9":"tablet-align-left","10":"mobile-align-left","12":"first","13":"instock","14":"shipping-taxable","15":"purchasable","16":"product-type-variable"},"yoast_head":"<!-- This site is optimized with the Yoast SEO Premium plugin v24.7 (Yoast SEO v27.1.1) - https:\/\/yoast.com\/product\/yoast-seo-premium-wordpress\/ -->\n<title>Buy Georgia Driver\u2019s License and ID Card<\/title>\n<meta name=\"description\" content=\"Buy a Georgia driver&#039;s license and ID card online, with video evidence provided prior to delivery. Obtain a real Georgia DL and ID online.\" \/>\n<meta name=\"robots\" content=\"index, follow, max-snippet:-1, max-image-preview:large, max-video-preview:-1\" \/>\n<link rel=\"canonical\" href=\"https:\/\/fahrerlaubnisnetz.com\/de\/produkt\/kaufen-sie-einen-georgischen-fuhrerschein-und-personalausweis\/\" \/>\n<meta property=\"og:locale\" content=\"de_DE\" \/>\n<meta property=\"og:type\" content=\"article\" \/>\n<meta property=\"og:title\" content=\"Buy Georgia Driver\u2019s License and ID Card\" \/>\n<meta property=\"og:description\" content=\"Buy a Georgia driver&#039;s license and ID card online, with video evidence provided prior to delivery. Obtain a real Georgia DL and ID online.\" \/>\n<meta property=\"og:url\" content=\"https:\/\/fahrerlaubnisnetz.com\/de\/produkt\/kaufen-sie-einen-georgischen-fuhrerschein-und-personalausweis\/\" \/>\n<meta property=\"og:site_name\" content=\"Fahrerlaubnis Netz\" \/>\n<meta property=\"article:modified_time\" content=\"2025-06-26T09:17:32+00:00\" \/>\n<meta property=\"og:image\" content=\"https:\/\/fahrerlaubnisnetz.com\/wp-content\/uploads\/2024\/12\/image_2024-12-26_212552832.png\" \/>\n\t<meta property=\"og:image:width\" content=\"711\" \/>\n\t<meta property=\"og:image:height\" content=\"546\" \/>\n\t<meta property=\"og:image:type\" content=\"image\/png\" \/>\n<meta name=\"twitter:card\" content=\"summary_large_image\" \/>\n<meta name=\"twitter:label1\" content=\"Gesch\u00e4tzte Lesezeit\" \/>\n\t<meta name=\"twitter:data1\" content=\"3\u00a0Minuten\" \/>\n<script type=\"application\/ld+json\" class=\"yoast-schema-graph\">{\"@context\":\"https:\/\/schema.org\",\"@graph\":[{\"@type\":\"WebPage\",\"@id\":\"https:\/\/fahrerlaubnisnetz.com\/product\/buy-georgia-drivers-license-and-id-card\/\",\"url\":\"https:\/\/fahrerlaubnisnetz.com\/product\/buy-georgia-drivers-license-and-id-card\/\",\"name\":\"Buy Georgia Driver\u2019s License and ID Card\",\"isPartOf\":{\"@id\":\"https:\/\/fahrerlaubnisnetz.com\/#website\"},\"primaryImageOfPage\":{\"@id\":\"https:\/\/fahrerlaubnisnetz.com\/product\/buy-georgia-drivers-license-and-id-card\/#primaryimage\"},\"image\":{\"@id\":\"https:\/\/fahrerlaubnisnetz.com\/product\/buy-georgia-drivers-license-and-id-card\/#primaryimage\"},\"thumbnailUrl\":\"https:\/\/fahrerlaubnisnetz.com\/wp-content\/uploads\/2024\/12\/image_2024-12-26_212552832.png\",\"datePublished\":\"2024-12-26T20:26:41+00:00\",\"dateModified\":\"2025-06-26T09:17:32+00:00\",\"description\":\"Buy a Georgia driver's license and ID card online, with video evidence provided prior to delivery. Obtain a real Georgia DL and ID online.\",\"breadcrumb\":{\"@id\":\"https:\/\/fahrerlaubnisnetz.com\/product\/buy-georgia-drivers-license-and-id-card\/#breadcrumb\"},\"inLanguage\":\"de\",\"potentialAction\":[{\"@type\":\"ReadAction\",\"target\":[\"https:\/\/fahrerlaubnisnetz.com\/product\/buy-georgia-drivers-license-and-id-card\/\"]}]},{\"@type\":\"ImageObject\",\"inLanguage\":\"de\",\"@id\":\"https:\/\/fahrerlaubnisnetz.com\/product\/buy-georgia-drivers-license-and-id-card\/#primaryimage\",\"url\":\"https:\/\/fahrerlaubnisnetz.com\/wp-content\/uploads\/2024\/12\/image_2024-12-26_212552832.png\",\"contentUrl\":\"https:\/\/fahrerlaubnisnetz.com\/wp-content\/uploads\/2024\/12\/image_2024-12-26_212552832.png\",\"width\":711,\"height\":546},{\"@type\":\"BreadcrumbList\",\"@id\":\"https:\/\/fahrerlaubnisnetz.com\/product\/buy-georgia-drivers-license-and-id-card\/#breadcrumb\",\"itemListElement\":[{\"@type\":\"ListItem\",\"position\":1,\"name\":\"Home\",\"item\":\"https:\/\/fahrerlaubnisnetz.com\/\"},{\"@type\":\"ListItem\",\"position\":2,\"name\":\"All Services\",\"item\":\"https:\/\/fahrerlaubnisnetz.com\/shop\/\"},{\"@type\":\"ListItem\",\"position\":3,\"name\":\"Buy Georgia Driver\u2019s License and ID Card\"}]},{\"@type\":\"WebSite\",\"@id\":\"https:\/\/fahrerlaubnisnetz.com\/#website\",\"url\":\"https:\/\/fahrerlaubnisnetz.com\/\",\"name\":\"FAHRERLAUBNIS NETZ\",\"description\":\"Buy Original Drivers License, Pasport Online\",\"publisher\":{\"@id\":\"https:\/\/fahrerlaubnisnetz.com\/#organization\"},\"alternateName\":\"DRIVER'S LICENSE NETWORK\",\"potentialAction\":[{\"@type\":\"SearchAction\",\"target\":{\"@type\":\"EntryPoint\",\"urlTemplate\":\"https:\/\/fahrerlaubnisnetz.com\/?s={search_term_string}\"},\"query-input\":{\"@type\":\"PropertyValueSpecification\",\"valueRequired\":true,\"valueName\":\"search_term_string\"}}],\"inLanguage\":\"de\"},{\"@type\":\"Organization\",\"@id\":\"https:\/\/fahrerlaubnisnetz.com\/#organization\",\"name\":\"FAHRERLAUBNIS NETZ\",\"alternateName\":\"DRIVER'S LICENSE NETWORK\",\"url\":\"https:\/\/fahrerlaubnisnetz.com\/\",\"logo\":{\"@type\":\"ImageObject\",\"inLanguage\":\"de\",\"@id\":\"https:\/\/fahrerlaubnisnetz.com\/#\/schema\/logo\/image\/\",\"url\":\"https:\/\/fahrerlaubnisnetz.com\/wp-content\/uploads\/2025\/03\/image_2025-03-21_162823337.png\",\"contentUrl\":\"https:\/\/fahrerlaubnisnetz.com\/wp-content\/uploads\/2025\/03\/image_2025-03-21_162823337.png\",\"width\":590,\"height\":288,\"caption\":\"FAHRERLAUBNIS NETZ\"},\"image\":{\"@id\":\"https:\/\/fahrerlaubnisnetz.com\/#\/schema\/logo\/image\/\"}}]}<\/script>\n<!-- \/ Yoast SEO Premium plugin. -->","yoast_head_json":{"title":"Kaufen Sie einen georgischen F\u00fchrerschein und Personalausweis","description":"Kaufen Sie Ihren Georgia-F\u00fchrerschein und Personalausweis online. Vor der Zustellung erhalten Sie einen Videobeweis. Erhalten Sie online einen echten Georgia-F\u00fchrerschein und Personalausweis.","robots":{"index":"index","follow":"follow","max-snippet":"max-snippet:-1","max-image-preview":"max-image-preview:large","max-video-preview":"max-video-preview:-1"},"canonical":"https:\/\/fahrerlaubnisnetz.com\/de\/produkt\/kaufen-sie-einen-georgischen-fuhrerschein-und-personalausweis\/","og_locale":"de_DE","og_type":"article","og_title":"Buy Georgia Driver\u2019s License and ID Card","og_description":"Buy a Georgia driver's license and ID card online, with video evidence provided prior to delivery. Obtain a real Georgia DL and ID online.","og_url":"https:\/\/fahrerlaubnisnetz.com\/de\/produkt\/kaufen-sie-einen-georgischen-fuhrerschein-und-personalausweis\/","og_site_name":"Fahrerlaubnis Netz","article_modified_time":"2025-06-26T09:17:32+00:00","og_image":[{"width":711,"height":546,"url":"https:\/\/fahrerlaubnisnetz.com\/wp-content\/uploads\/2024\/12\/image_2024-12-26_212552832.png","type":"image\/png"}],"twitter_card":"summary_large_image","twitter_misc":{"Gesch\u00e4tzte Lesezeit":"3\u00a0Minuten"},"schema":{"@context":"https:\/\/schema.org","@graph":[{"@type":"WebPage","@id":"https:\/\/fahrerlaubnisnetz.com\/product\/buy-georgia-drivers-license-and-id-card\/","url":"https:\/\/fahrerlaubnisnetz.com\/product\/buy-georgia-drivers-license-and-id-card\/","name":"Kaufen Sie einen georgischen F\u00fchrerschein und Personalausweis","isPartOf":{"@id":"https:\/\/fahrerlaubnisnetz.com\/#website"},"primaryImageOfPage":{"@id":"https:\/\/fahrerlaubnisnetz.com\/product\/buy-georgia-drivers-license-and-id-card\/#primaryimage"},"image":{"@id":"https:\/\/fahrerlaubnisnetz.com\/product\/buy-georgia-drivers-license-and-id-card\/#primaryimage"},"thumbnailUrl":"https:\/\/fahrerlaubnisnetz.com\/wp-content\/uploads\/2024\/12\/image_2024-12-26_212552832.png","datePublished":"2024-12-26T20:26:41+00:00","dateModified":"2025-06-26T09:17:32+00:00","description":"Kaufen Sie Ihren Georgia-F\u00fchrerschein und Personalausweis online. Vor der Zustellung erhalten Sie einen Videobeweis. Erhalten Sie online einen echten Georgia-F\u00fchrerschein und Personalausweis.","breadcrumb":{"@id":"https:\/\/fahrerlaubnisnetz.com\/product\/buy-georgia-drivers-license-and-id-card\/#breadcrumb"},"inLanguage":"de","potentialAction":[{"@type":"ReadAction","target":["https:\/\/fahrerlaubnisnetz.com\/product\/buy-georgia-drivers-license-and-id-card\/"]}]},{"@type":"ImageObject","inLanguage":"de","@id":"https:\/\/fahrerlaubnisnetz.com\/product\/buy-georgia-drivers-license-and-id-card\/#primaryimage","url":"https:\/\/fahrerlaubnisnetz.com\/wp-content\/uploads\/2024\/12\/image_2024-12-26_212552832.png","contentUrl":"https:\/\/fahrerlaubnisnetz.com\/wp-content\/uploads\/2024\/12\/image_2024-12-26_212552832.png","width":711,"height":546},{"@type":"BreadcrumbList","@id":"https:\/\/fahrerlaubnisnetz.com\/product\/buy-georgia-drivers-license-and-id-card\/#breadcrumb","itemListElement":[{"@type":"ListItem","position":1,"name":"Home","item":"https:\/\/fahrerlaubnisnetz.com\/"},{"@type":"ListItem","position":2,"name":"All Services","item":"https:\/\/fahrerlaubnisnetz.com\/shop\/"},{"@type":"ListItem","position":3,"name":"Buy Georgia Driver\u2019s License and ID Card"}]},{"@type":"WebSite","@id":"https:\/\/fahrerlaubnisnetz.com\/#website","url":"https:\/\/fahrerlaubnisnetz.com\/","name":"FAHRERLAUBNIS NETZ","description":"Kaufen Sie den Original-F\u00fchrerschein oder Reisepass online","publisher":{"@id":"https:\/\/fahrerlaubnisnetz.com\/#organization"},"alternateName":"DRIVER'S LICENSE NETWORK","potentialAction":[{"@type":"SearchAction","target":{"@type":"EntryPoint","urlTemplate":"https:\/\/fahrerlaubnisnetz.com\/?s={search_term_string}"},"query-input":{"@type":"PropertyValueSpecification","valueRequired":true,"valueName":"search_term_string"}}],"inLanguage":"de"},{"@type":"Organization","@id":"https:\/\/fahrerlaubnisnetz.com\/#organization","name":"FAHRERLAUBNIS NETZ","alternateName":"DRIVER'S LICENSE NETWORK","url":"https:\/\/fahrerlaubnisnetz.com\/","logo":{"@type":"ImageObject","inLanguage":"de","@id":"https:\/\/fahrerlaubnisnetz.com\/#\/schema\/logo\/image\/","url":"https:\/\/fahrerlaubnisnetz.com\/wp-content\/uploads\/2025\/03\/image_2025-03-21_162823337.png","contentUrl":"https:\/\/fahrerlaubnisnetz.com\/wp-content\/uploads\/2025\/03\/image_2025-03-21_162823337.png","width":590,"height":288,"caption":"FAHRERLAUBNIS NETZ"},"image":{"@id":"https:\/\/fahrerlaubnisnetz.com\/#\/schema\/logo\/image\/"}}]}},"_links":{"self":[{"href":"https:\/\/fahrerlaubnisnetz.com\/de\/wp-json\/wp\/v2\/product\/2024","targetHints":{"allow":["GET"]}}],"collection":[{"href":"https:\/\/fahrerlaubnisnetz.com\/de\/wp-json\/wp\/v2\/product"}],"about":[{"href":"https:\/\/fahrerlaubnisnetz.com\/de\/wp-json\/wp\/v2\/types\/product"}],"replies":[{"embeddable":true,"href":"https:\/\/fahrerlaubnisnetz.com\/de\/wp-json\/wp\/v2\/comments?post=2024"}],"wp:featuredmedia":[{"embeddable":true,"href":"https:\/\/fahrerlaubnisnetz.com\/de\/wp-json\/wp\/v2\/media\/2025"}],"wp:attachment":[{"href":"https:\/\/fahrerlaubnisnetz.com\/de\/wp-json\/wp\/v2\/media?parent=2024"}],"wp:term":[{"taxonomy":"product_brand","embeddable":true,"href":"https:\/\/fahrerlaubnisnetz.com\/de\/wp-json\/wp\/v2\/product_brand?post=2024"},{"taxonomy":"product_cat","embeddable":true,"href":"https:\/\/fahrerlaubnisnetz.com\/de\/wp-json\/wp\/v2\/product_cat?post=2024"},{"taxonomy":"product_tag","embeddable":true,"href":"https:\/\/fahrerlaubnisnetz.com\/de\/wp-json\/wp\/v2\/product_tag?post=2024"}],"curies":[{"name":"wp","href":"https:\/\/api.w.org\/{rel}","templated":true}]}}