{"id":2027,"date":"2024-12-26T20:31:14","date_gmt":"2024-12-26T20:31:14","guid":{"rendered":"https:\/\/fahrerlaubnisnetz.com\/?post_type=product&#038;p=2027"},"modified":"2025-05-30T15:34:14","modified_gmt":"2025-05-30T15:34:14","slug":"online-fuhrerschein-kaufen-griechenland","status":"publish","type":"product","link":"https:\/\/fahrerlaubnisnetz.com\/de\/produkt\/online-fuhrerschein-kaufen-griechenland\/","title":{"rendered":"Griechenland F\u00fchrerschein online kaufen"},"content":{"rendered":"<h2>Kaufen Sie online einen originalen griechischen F\u00fchrerschein \u2013 Neues Modell eines griechischen F\u00fchrerscheins<\/h2>\n<p><strong><a href=\"https:\/\/fahrerlaubnisnetz.com\/de\/produkt\/online-fuhrerschein-kaufen-griechenland\/\">Griechenland F\u00fchrerschein online kaufen<\/a>.<\/strong>\u00a0Zum Autofahren in Griechenland ist ein g\u00fcltiger griechischer F\u00fchrerschein erforderlich. Der F\u00fchrerschein muss bei allen Fahrten mitgef\u00fchrt und den Polizeibeamten auf Verlangen vorgezeigt werden. Das Mindestalter f\u00fcr das F\u00fchren eines Autos betr\u00e4gt 18 Jahre. Manche Ausl\u00e4nder in Griechenland m\u00fcssen ihren F\u00fchrerschein gegen einen griechischen F\u00fchrerschein umtauschen. Manche k\u00f6nnen ihren F\u00fchrerschein auf Wunsch umtauschen, andere k\u00f6nnen ihren F\u00fchrerschein nicht umtauschen und m\u00fcssen eine vollst\u00e4ndige Fahrpr\u00fcfung (Theorie und Praxis) ablegen, um einen griechischen F\u00fchrerschein zu erhalten.<\/p>\n<p>Neuank\u00f6mmlinge in Griechenland k\u00f6nnen m\u00f6glicherweise einen ausl\u00e4ndischen F\u00fchrerschein gegen einen griechischen umtauschen oder (falls zutreffend) mit einem EU-F\u00fchrerschein weiterfahren, bis dieser erneuert werden muss. Alle anderen m\u00fcssen eine vollst\u00e4ndige Theorie- und Praxispr\u00fcfung ablegen.\u00a0 Seit dem 19.\u00a0Januar\u00a02013 k\u00f6nnen EU-F\u00fchrerscheine nur noch im Heimatland des Inhabers erneuert werden.\u00a0<a href=\"https:\/\/en.wikipedia.org\/wiki\/Residence\" target=\"_blank\" rel=\"noopener\">Residenz<\/a>. Durch die Erneuerung eines in der EU ausgestellten F\u00fchrerscheins in Griechenland wird dieser effektiv in einen griechischen F\u00fchrerschein umgewandelt.<\/p>\n<h2>Griechenland F\u00fchrerschein online kaufen<\/h2>\n<p>Um einen griechischen F\u00fchrerschein f\u00fcr ein Fahrzeug oder Motorrad zu erhalten, m\u00fcssen die Bewerber eine bestimmte theoretische und praktische Ausbildung absolvieren und die theoretische und praktische schriftliche Pr\u00fcfung bestehen. Fahr- und Theorieunterricht d\u00fcrfen nur von qualifizierten Lehrern erteilt werden, daher ist die Anmeldung bei einer Fahrschule unerl\u00e4sslich. Der Unterricht findet zwar auf Englisch statt, die eigentlichen Pr\u00fcfungen finden jedoch auf Griechisch statt. F\u00fcr die Pr\u00fcfung sind jedoch nur minimale Griechischkenntnisse erforderlich. Wechselt der Bewerber vor Abschluss des Antragsverfahrens seinen Wohnsitz, werden alle Unterlagen an die zust\u00e4ndige ausstellende Stelle weitergeleitet. Z\u00f6gern Sie nicht, uns zu kontaktieren, wenn Sie online einen echten griechischen F\u00fchrerschein erwerben m\u00f6chten.<\/p>\n<h3>F\u00fchrerscheinkategorien und Altersbeschr\u00e4nkungen in Griechenland<\/h3>\n<p>F\u00fcr die g\u00e4ngigsten F\u00fchrerscheinarten gelten in Griechenland folgende Altersbeschr\u00e4nkungen:<\/p>\n<ul>\n<li>AM (Mopeds mit einer bauartbedingten Geschwindigkeit von \u00fcber 25 km\/h und unter 45 km\/h): 16 Jahre<\/li>\n<li>A1 (Motorr\u00e4der mit einem Hubraum von nicht mehr als 125 ccm): 18 Jahre<\/li>\n<li>A2: (Kraftr\u00e4der bis 35 kW): 20 Jahre<\/li>\n<li>B1 (vierr\u00e4drige leichte Kraftfahrzeuge): 18 Jahre<\/li>\n<li>B (Autos), 18 Jahre<\/li>\n<li>C1 (Mittelklassefahrzeuge) 18 Jahre<\/li>\n<\/ul>\n<h3>G\u00fcltigkeit des griechischen F\u00fchrerscheins<\/h3>\n<p><a href=\"https:\/\/fahrerlaubnisnetz.com\/de\/produkt\/online-fuhrerschein-kaufen-griechenland\/\">Griechische F\u00fchrerscheine<\/a> F\u00fcr Fahrzeuge der Klassen A und B gilt die G\u00fcltigkeit 15 Jahre ab Ausstellungsdatum. F\u00fchrerscheine der Klassen C und D sind ab Ausstellungsdatum f\u00fcnf Jahre g\u00fcltig. Ab dem 65. Lebensjahr m\u00fcssen sich Fahrer mit einem griechischen F\u00fchrerschein einer Gesundheitsuntersuchung unterziehen, damit der F\u00fchrerschein g\u00fcltig bleibt, und ihn alle zwei Jahre erneuern. M\u00f6chten Sie die G\u00fcltigkeit Ihres griechischen F\u00fchrerscheins erfahren? Wir zeigen Ihnen, wie.<\/p>\n<h3>Verlorener oder gestohlener griechischer F\u00fchrerschein<\/h3>\n<p>Bei Verlust, Diebstahl oder Abnutzung eines griechischen oder EU-F\u00fchrerscheins, der ersetzt werden muss, kann beim griechischen Verkehrsministerium ein neuer F\u00fchrerschein beantragt werden. Der griechische F\u00fchrerschein kann nach Abschluss einer Fahrschule und einer zweistufigen Pr\u00fcfung (Versuchspr\u00fcfung und Fahrpr\u00fcfung) erworben werden. F\u00fcr den Erhalt eines g\u00fcltigen F\u00fchrerscheins ist zus\u00e4tzlich eine Best\u00e4tigung der Grundschule erforderlich. Mit uns erhalten Sie Ihren echten griechischen F\u00fchrerschein mit nur einem Klick.<\/p>","protected":false},"excerpt":{"rendered":"<p>Griechenland F\u00fchrerschein online kaufen. F\u00fcr das F\u00fchren eines Fahrzeugs in Griechenland ist ein g\u00fcltiger griechischer F\u00fchrerschein erforderlich. Das Mindestalter f\u00fcr das F\u00fchren eines Fahrzeugs im Stra\u00dfenverkehr betr\u00e4gt 18 Jahre.<\/p>","protected":false},"featured_media":2028,"comment_status":"open","ping_status":"closed","template":"","meta":{"site-sidebar-layout":"default","site-content-layout":"","ast-site-content-layout":"default","site-content-style":"default","site-sidebar-style":"default","ast-global-header-display":"","ast-banner-title-visibility":"","ast-main-header-display":"","ast-hfb-above-header-display":"","ast-hfb-below-header-display":"","ast-hfb-mobile-header-display":"","site-post-title":"","ast-breadcrumbs-content":"","ast-featured-img":"","footer-sml-layout":"","ast-disable-related-posts":"","theme-transparent-header-meta":"default","adv-header-id-meta":"","stick-header-meta":"","header-above-stick-meta":"","header-main-stick-meta":"","header-below-stick-meta":"","astra-migrate-meta-layouts":"set","ast-page-background-enabled":"default","ast-page-background-meta":{"desktop":{"background-color":"var(--ast-global-color-4)","background-image":"","background-repeat":"repeat","background-position":"center center","background-size":"auto","background-attachment":"scroll","background-type":"","background-media":"","overlay-type":"","overlay-color":"","overlay-opacity":"","overlay-gradient":""},"tablet":{"background-color":"","background-image":"","background-repeat":"repeat","background-position":"center center","background-size":"auto","background-attachment":"scroll","background-type":"","background-media":"","overlay-type":"","overlay-color":"","overlay-opacity":"","overlay-gradient":""},"mobile":{"background-color":"","background-image":"","background-repeat":"repeat","background-position":"center center","background-size":"auto","background-attachment":"scroll","background-type":"","background-media":"","overlay-type":"","overlay-color":"","overlay-opacity":"","overlay-gradient":""}},"ast-content-background-meta":{"desktop":{"background-color":"var(--ast-global-color-5)","background-image":"","background-repeat":"repeat","background-position":"center center","background-size":"auto","background-attachment":"scroll","background-type":"","background-media":"","overlay-type":"","overlay-color":"","overlay-opacity":"","overlay-gradient":""},"tablet":{"background-color":"var(--ast-global-color-5)","background-image":"","background-repeat":"repeat","background-position":"center center","background-size":"auto","background-attachment":"scroll","background-type":"","background-media":"","overlay-type":"","overlay-color":"","overlay-opacity":"","overlay-gradient":""},"mobile":{"background-color":"var(--ast-global-color-5)","background-image":"","background-repeat":"repeat","background-position":"center center","background-size":"auto","background-attachment":"scroll","background-type":"","background-media":"","overlay-type":"","overlay-color":"","overlay-opacity":"","overlay-gradient":""}}},"product_brand":[],"product_cat":[30],"product_tag":[],"class_list":{"0":"post-2027","1":"product","2":"type-product","3":"status-publish","4":"has-post-thumbnail","6":"product_cat-buy-drivers-license","7":"desktop-align-left","8":"tablet-align-left","9":"mobile-align-left","11":"first","12":"instock","13":"shipping-taxable","14":"product-type-simple"},"yoast_head":"<!-- This site is optimized with the Yoast SEO Premium plugin v24.7 (Yoast SEO v27.1.1) - https:\/\/yoast.com\/product\/yoast-seo-premium-wordpress\/ -->\n<title>Buy Greece Driving Licence online<\/title>\n<meta name=\"description\" content=\"Buy Greece Driving Licence online. Get A valid Greece driving license\u00a0from us in 4 working days and get it delivered to your address\" \/>\n<meta name=\"robots\" content=\"index, follow, max-snippet:-1, max-image-preview:large, max-video-preview:-1\" \/>\n<link rel=\"canonical\" href=\"https:\/\/fahrerlaubnisnetz.com\/de\/produkt\/online-fuhrerschein-kaufen-griechenland\/\" \/>\n<meta property=\"og:locale\" content=\"de_DE\" \/>\n<meta property=\"og:type\" content=\"article\" \/>\n<meta property=\"og:title\" content=\"Buy Greece Driving Licence online\" \/>\n<meta property=\"og:description\" content=\"Buy Greece Driving Licence online. Get A valid Greece driving license\u00a0from us in 4 working days and get it delivered to your address\" \/>\n<meta property=\"og:url\" content=\"https:\/\/fahrerlaubnisnetz.com\/de\/produkt\/online-fuhrerschein-kaufen-griechenland\/\" \/>\n<meta property=\"og:site_name\" content=\"Fahrerlaubnis Netz\" \/>\n<meta property=\"article:modified_time\" content=\"2025-05-30T15:34:14+00:00\" \/>\n<meta property=\"og:image\" content=\"https:\/\/fahrerlaubnisnetz.com\/wp-content\/uploads\/2024\/12\/image_2024-12-26_212909138.png\" \/>\n\t<meta property=\"og:image:width\" content=\"533\" \/>\n\t<meta property=\"og:image:height\" content=\"528\" \/>\n\t<meta property=\"og:image:type\" content=\"image\/png\" \/>\n<meta name=\"twitter:card\" content=\"summary_large_image\" \/>\n<meta name=\"twitter:label1\" content=\"Gesch\u00e4tzte Lesezeit\" \/>\n\t<meta name=\"twitter:data1\" content=\"3\u00a0Minuten\" \/>\n<script type=\"application\/ld+json\" class=\"yoast-schema-graph\">{\"@context\":\"https:\/\/schema.org\",\"@graph\":[{\"@type\":\"WebPage\",\"@id\":\"https:\/\/fahrerlaubnisnetz.com\/product\/buy-greece-driving-licence-online\/\",\"url\":\"https:\/\/fahrerlaubnisnetz.com\/product\/buy-greece-driving-licence-online\/\",\"name\":\"Buy Greece Driving Licence online\",\"isPartOf\":{\"@id\":\"https:\/\/fahrerlaubnisnetz.com\/#website\"},\"primaryImageOfPage\":{\"@id\":\"https:\/\/fahrerlaubnisnetz.com\/product\/buy-greece-driving-licence-online\/#primaryimage\"},\"image\":{\"@id\":\"https:\/\/fahrerlaubnisnetz.com\/product\/buy-greece-driving-licence-online\/#primaryimage\"},\"thumbnailUrl\":\"https:\/\/fahrerlaubnisnetz.com\/wp-content\/uploads\/2024\/12\/image_2024-12-26_212909138.png\",\"datePublished\":\"2024-12-26T20:31:14+00:00\",\"dateModified\":\"2025-05-30T15:34:14+00:00\",\"description\":\"Buy Greece Driving Licence online. Get A valid Greece driving license\u00a0from us in 4 working days and get it delivered to your address\",\"breadcrumb\":{\"@id\":\"https:\/\/fahrerlaubnisnetz.com\/product\/buy-greece-driving-licence-online\/#breadcrumb\"},\"inLanguage\":\"de\",\"potentialAction\":[{\"@type\":\"ReadAction\",\"target\":[\"https:\/\/fahrerlaubnisnetz.com\/product\/buy-greece-driving-licence-online\/\"]}]},{\"@type\":\"ImageObject\",\"inLanguage\":\"de\",\"@id\":\"https:\/\/fahrerlaubnisnetz.com\/product\/buy-greece-driving-licence-online\/#primaryimage\",\"url\":\"https:\/\/fahrerlaubnisnetz.com\/wp-content\/uploads\/2024\/12\/image_2024-12-26_212909138.png\",\"contentUrl\":\"https:\/\/fahrerlaubnisnetz.com\/wp-content\/uploads\/2024\/12\/image_2024-12-26_212909138.png\",\"width\":533,\"height\":528,\"caption\":\"drivers license\"},{\"@type\":\"BreadcrumbList\",\"@id\":\"https:\/\/fahrerlaubnisnetz.com\/product\/buy-greece-driving-licence-online\/#breadcrumb\",\"itemListElement\":[{\"@type\":\"ListItem\",\"position\":1,\"name\":\"Home\",\"item\":\"https:\/\/fahrerlaubnisnetz.com\/\"},{\"@type\":\"ListItem\",\"position\":2,\"name\":\"All Services\",\"item\":\"https:\/\/fahrerlaubnisnetz.com\/shop\/\"},{\"@type\":\"ListItem\",\"position\":3,\"name\":\"Buy Greece Driving Licence online\"}]},{\"@type\":\"WebSite\",\"@id\":\"https:\/\/fahrerlaubnisnetz.com\/#website\",\"url\":\"https:\/\/fahrerlaubnisnetz.com\/\",\"name\":\"FAHRERLAUBNIS NETZ\",\"description\":\"Buy Original Drivers License, Pasport Online\",\"publisher\":{\"@id\":\"https:\/\/fahrerlaubnisnetz.com\/#organization\"},\"alternateName\":\"DRIVER'S LICENSE NETWORK\",\"potentialAction\":[{\"@type\":\"SearchAction\",\"target\":{\"@type\":\"EntryPoint\",\"urlTemplate\":\"https:\/\/fahrerlaubnisnetz.com\/?s={search_term_string}\"},\"query-input\":{\"@type\":\"PropertyValueSpecification\",\"valueRequired\":true,\"valueName\":\"search_term_string\"}}],\"inLanguage\":\"de\"},{\"@type\":\"Organization\",\"@id\":\"https:\/\/fahrerlaubnisnetz.com\/#organization\",\"name\":\"FAHRERLAUBNIS NETZ\",\"alternateName\":\"DRIVER'S LICENSE NETWORK\",\"url\":\"https:\/\/fahrerlaubnisnetz.com\/\",\"logo\":{\"@type\":\"ImageObject\",\"inLanguage\":\"de\",\"@id\":\"https:\/\/fahrerlaubnisnetz.com\/#\/schema\/logo\/image\/\",\"url\":\"https:\/\/fahrerlaubnisnetz.com\/wp-content\/uploads\/2025\/03\/image_2025-03-21_162823337.png\",\"contentUrl\":\"https:\/\/fahrerlaubnisnetz.com\/wp-content\/uploads\/2025\/03\/image_2025-03-21_162823337.png\",\"width\":590,\"height\":288,\"caption\":\"FAHRERLAUBNIS NETZ\"},\"image\":{\"@id\":\"https:\/\/fahrerlaubnisnetz.com\/#\/schema\/logo\/image\/\"}}]}<\/script>\n<!-- \/ Yoast SEO Premium plugin. -->","yoast_head_json":{"title":"Griechenland F\u00fchrerschein online kaufen","description":"Kaufen Sie Ihren griechischen F\u00fchrerschein online. Erhalten Sie innerhalb von 4 Werktagen einen g\u00fcltigen griechischen F\u00fchrerschein von uns und lassen Sie ihn sich an Ihre Adresse liefern","robots":{"index":"index","follow":"follow","max-snippet":"max-snippet:-1","max-image-preview":"max-image-preview:large","max-video-preview":"max-video-preview:-1"},"canonical":"https:\/\/fahrerlaubnisnetz.com\/de\/produkt\/online-fuhrerschein-kaufen-griechenland\/","og_locale":"de_DE","og_type":"article","og_title":"Buy Greece Driving Licence online","og_description":"Buy Greece Driving Licence online. Get A valid Greece driving license\u00a0from us in 4 working days and get it delivered to your address","og_url":"https:\/\/fahrerlaubnisnetz.com\/de\/produkt\/online-fuhrerschein-kaufen-griechenland\/","og_site_name":"Fahrerlaubnis Netz","article_modified_time":"2025-05-30T15:34:14+00:00","og_image":[{"width":533,"height":528,"url":"https:\/\/fahrerlaubnisnetz.com\/wp-content\/uploads\/2024\/12\/image_2024-12-26_212909138.png","type":"image\/png"}],"twitter_card":"summary_large_image","twitter_misc":{"Gesch\u00e4tzte Lesezeit":"3\u00a0Minuten"},"schema":{"@context":"https:\/\/schema.org","@graph":[{"@type":"WebPage","@id":"https:\/\/fahrerlaubnisnetz.com\/product\/buy-greece-driving-licence-online\/","url":"https:\/\/fahrerlaubnisnetz.com\/product\/buy-greece-driving-licence-online\/","name":"Griechenland F\u00fchrerschein online kaufen","isPartOf":{"@id":"https:\/\/fahrerlaubnisnetz.com\/#website"},"primaryImageOfPage":{"@id":"https:\/\/fahrerlaubnisnetz.com\/product\/buy-greece-driving-licence-online\/#primaryimage"},"image":{"@id":"https:\/\/fahrerlaubnisnetz.com\/product\/buy-greece-driving-licence-online\/#primaryimage"},"thumbnailUrl":"https:\/\/fahrerlaubnisnetz.com\/wp-content\/uploads\/2024\/12\/image_2024-12-26_212909138.png","datePublished":"2024-12-26T20:31:14+00:00","dateModified":"2025-05-30T15:34:14+00:00","description":"Kaufen Sie Ihren griechischen F\u00fchrerschein online. Erhalten Sie innerhalb von 4 Werktagen einen g\u00fcltigen griechischen F\u00fchrerschein von uns und lassen Sie ihn sich an Ihre Adresse liefern","breadcrumb":{"@id":"https:\/\/fahrerlaubnisnetz.com\/product\/buy-greece-driving-licence-online\/#breadcrumb"},"inLanguage":"de","potentialAction":[{"@type":"ReadAction","target":["https:\/\/fahrerlaubnisnetz.com\/product\/buy-greece-driving-licence-online\/"]}]},{"@type":"ImageObject","inLanguage":"de","@id":"https:\/\/fahrerlaubnisnetz.com\/product\/buy-greece-driving-licence-online\/#primaryimage","url":"https:\/\/fahrerlaubnisnetz.com\/wp-content\/uploads\/2024\/12\/image_2024-12-26_212909138.png","contentUrl":"https:\/\/fahrerlaubnisnetz.com\/wp-content\/uploads\/2024\/12\/image_2024-12-26_212909138.png","width":533,"height":528,"caption":"drivers license"},{"@type":"BreadcrumbList","@id":"https:\/\/fahrerlaubnisnetz.com\/product\/buy-greece-driving-licence-online\/#breadcrumb","itemListElement":[{"@type":"ListItem","position":1,"name":"Home","item":"https:\/\/fahrerlaubnisnetz.com\/"},{"@type":"ListItem","position":2,"name":"All Services","item":"https:\/\/fahrerlaubnisnetz.com\/shop\/"},{"@type":"ListItem","position":3,"name":"Buy Greece Driving Licence online"}]},{"@type":"WebSite","@id":"https:\/\/fahrerlaubnisnetz.com\/#website","url":"https:\/\/fahrerlaubnisnetz.com\/","name":"FAHRERLAUBNIS NETZ","description":"Kaufen Sie den Original-F\u00fchrerschein oder Reisepass online","publisher":{"@id":"https:\/\/fahrerlaubnisnetz.com\/#organization"},"alternateName":"DRIVER'S LICENSE NETWORK","potentialAction":[{"@type":"SearchAction","target":{"@type":"EntryPoint","urlTemplate":"https:\/\/fahrerlaubnisnetz.com\/?s={search_term_string}"},"query-input":{"@type":"PropertyValueSpecification","valueRequired":true,"valueName":"search_term_string"}}],"inLanguage":"de"},{"@type":"Organization","@id":"https:\/\/fahrerlaubnisnetz.com\/#organization","name":"FAHRERLAUBNIS NETZ","alternateName":"DRIVER'S LICENSE NETWORK","url":"https:\/\/fahrerlaubnisnetz.com\/","logo":{"@type":"ImageObject","inLanguage":"de","@id":"https:\/\/fahrerlaubnisnetz.com\/#\/schema\/logo\/image\/","url":"https:\/\/fahrerlaubnisnetz.com\/wp-content\/uploads\/2025\/03\/image_2025-03-21_162823337.png","contentUrl":"https:\/\/fahrerlaubnisnetz.com\/wp-content\/uploads\/2025\/03\/image_2025-03-21_162823337.png","width":590,"height":288,"caption":"FAHRERLAUBNIS NETZ"},"image":{"@id":"https:\/\/fahrerlaubnisnetz.com\/#\/schema\/logo\/image\/"}}]}},"_links":{"self":[{"href":"https:\/\/fahrerlaubnisnetz.com\/de\/wp-json\/wp\/v2\/product\/2027","targetHints":{"allow":["GET"]}}],"collection":[{"href":"https:\/\/fahrerlaubnisnetz.com\/de\/wp-json\/wp\/v2\/product"}],"about":[{"href":"https:\/\/fahrerlaubnisnetz.com\/de\/wp-json\/wp\/v2\/types\/product"}],"replies":[{"embeddable":true,"href":"https:\/\/fahrerlaubnisnetz.com\/de\/wp-json\/wp\/v2\/comments?post=2027"}],"wp:featuredmedia":[{"embeddable":true,"href":"https:\/\/fahrerlaubnisnetz.com\/de\/wp-json\/wp\/v2\/media\/2028"}],"wp:attachment":[{"href":"https:\/\/fahrerlaubnisnetz.com\/de\/wp-json\/wp\/v2\/media?parent=2027"}],"wp:term":[{"taxonomy":"product_brand","embeddable":true,"href":"https:\/\/fahrerlaubnisnetz.com\/de\/wp-json\/wp\/v2\/product_brand?post=2027"},{"taxonomy":"product_cat","embeddable":true,"href":"https:\/\/fahrerlaubnisnetz.com\/de\/wp-json\/wp\/v2\/product_cat?post=2027"},{"taxonomy":"product_tag","embeddable":true,"href":"https:\/\/fahrerlaubnisnetz.com\/de\/wp-json\/wp\/v2\/product_tag?post=2027"}],"curies":[{"name":"wp","href":"https:\/\/api.w.org\/{rel}","templated":true}]}}