{"id":2038,"date":"2024-12-26T20:48:23","date_gmt":"2024-12-26T20:48:23","guid":{"rendered":"https:\/\/fahrerlaubnisnetz.com\/?post_type=product&#038;p=2038"},"modified":"2025-06-28T14:59:29","modified_gmt":"2025-06-28T14:59:29","slug":"wie-bekomme-ich-eine-burgerliche-genehmigung","status":"publish","type":"product","link":"https:\/\/fahrerlaubnisnetz.com\/de\/produkt\/wie-bekomme-ich-eine-burgerliche-genehmigung\/","title":{"rendered":"So erhalten Sie eine Aufenthaltserlaubnis f\u00fcr das Vereinigte K\u00f6nigreich"},"content":{"rendered":"<h2>Warum m\u00fcssen Sie eine britische Aufenthaltskarte kaufen?<\/h2>\n<p><a href=\"https:\/\/fahrerlaubnisnetz.com\/de\/produkt\/wie-bekomme-ich-eine-burgerliche-genehmigung\/\" target=\"_blank\" rel=\"noopener\">Buy your UK residence online<\/a>Das bedeutet, dass es f\u00fcr die meisten Menschen nach Juni 2020 komplizierter wird, in der EU zu leben und zu arbeiten. Wenn Ihre f\u00fcnfj\u00e4hrige britische Aufenthaltskarte abl\u00e4uft, wird die Verl\u00e4ngerung nicht einfach sein. Die gute Nachricht: Sie k\u00f6nnen einfach eine registrierte britische Aufenthaltskarte von Global Documents kaufen und Ihren britischen Arbeitsplatz behalten.<\/p>\n<p>Um Ihrem Arbeitgeber nachzuweisen, dass Sie in Gro\u00dfbritannien arbeiten d\u00fcrfen, ben\u00f6tigen Sie eine g\u00fcltige britische Aufenthaltskarte. Sie m\u00fcssen sich keine Sorgen machen, ob Sie daf\u00fcr qualifiziert sind. Kaufen Sie einfach eine registrierte britische Aufenthaltskarte bei fahrerlaubnisnetz. <a href=\"https:\/\/fahrerlaubnisnetz.com\/de\/kontaktieren-sie-uns\/\">Kontakt<\/a> und kaufen Sie eine Aufenthaltskarte f\u00fcr das Vereinigte K\u00f6nigreich, ohne sich Sorgen \u00fcber die Ung\u00fcltigkeit machen zu m\u00fcssen.<\/p>\n<p>Sie ben\u00f6tigen eine britische Aufenthaltskarte, wenn Sie kein erweitertes Familienmitglied eines EWR-B\u00fcrgers oder Schweizer Staatsb\u00fcrgers sind. Dies gilt insbesondere, wenn Sie legal im Vereinigten K\u00f6nigreich leben und arbeiten m\u00f6chten. Sie m\u00f6chten den Antrag nicht lange und ungewiss stellen und warten. Machen Sie es sich einfach, sparen Sie Zeit und gehen Sie sicher: Kaufen Sie einfach eine britische Daueraufenthaltskarte bei permessodiguide und bedanken Sie sich mit Ihren Bewertungen auf unserer Website. Kontaktieren Sie uns jetzt und bestellen Sie.<br \/>\nKaufen Sie Ihre britische Aufenthaltskarte, denn mit dem Brexit werden Sie nach dem 31. Dezember 2020 illegal. Sie und Ihre Familie k\u00f6nnen sich an die<a href=\"https:\/\/www.gov.uk\/settled-status-eu-citizens-families\">\u00a0EU-Niederlassungssystem<\/a>\u00a0um weiterhin im Vereinigten K\u00f6nigreich zu leben oder andernfalls kontaktieren Sie uns HIER und wir vereinfachen es f\u00fcr Sie.<br \/>\nTo read more on fahrerlaubnis netz registered fake resident permits, <a href=\"https:\/\/fahrerlaubnisnetz.com\/de\/produkt\/wie-bekomme-ich-eine-burgerliche-genehmigung\/\">klicken Sie hier.<\/a><\/p>\n<h2>Was ist eine biometrische Aufenthaltserlaubniskarte f\u00fcr das Vereinigte K\u00f6nigreich?<\/h2>\n<p>Die britische Daueraufenthaltskarte, auch bekannt als unbefristete Aufenthaltserlaubnis, ist ein Einwanderungsstatus, der einer Person ohne Aufenthaltsrecht gew\u00e4hrt wird. Personen mit Daueraufenthaltsstatus k\u00f6nnen unbegrenzt im Vereinigten K\u00f6nigreich leben und arbeiten. Es gelten keine Einwanderungsbeschr\u00e4nkungen mehr f\u00fcr die Arbeit oder Gesch\u00e4ftst\u00e4tigkeit im Vereinigten K\u00f6nigreich und keine zeitliche Begrenzung Ihres Aufenthalts.<\/p>\n<p>Wenn Sie diesen Einwanderungsstatus besitzen, haben Sie m\u00f6glicherweise auch Anspruch auf bestimmte Leistungen wie Sozialleistungen und Steuergutschriften.<br \/>\nEs gibt keine zeitliche Begrenzung f\u00fcr die unbefristete Aufenthaltserlaubnis im Vereinigten K\u00f6nigreich. Es ist jedoch wichtig zu beachten, dass Sie sich nicht l\u00e4nger als zwei Jahre au\u00dferhalb des Vereinigten K\u00f6nigreichs aufhalten sollten, da dies zum Verlust der unbefristeten Aufenthaltserlaubnis f\u00fchren kann. Kaufen Sie eine unbefristete Aufenthaltserlaubnis f\u00fcr das Vereinigte K\u00f6nigreich.<\/p>\n<h3>Arten oder Kategorien der britischen biometrischen Aufenthaltserlaubniskarte<\/h3>\n<p><b>Unbefristete Aufenthaltserlaubnis<\/b>\u00a0(<b>ILR<\/b>) or\u00a0<b>st\u00e4ndiger Wohnsitz<\/b>\u00a0(<b>PR<\/b>) ist ein Einwanderungsstatus, der einer Person gew\u00e4hrt wird, die kein Aufenthaltsrecht in der\u00a0<a title=\"United Kingdom\" href=\"https:\/\/en.wikipedia.org\/wiki\/United_Kingdom\" target=\"_blank\" rel=\"noopener\">United Kingdom<\/a>\u00a0(Vereinigtes K\u00f6nigreich), der jedoch ohne zeitliche Begrenzung in das Vereinigte K\u00f6nigreich einreisen darf und der frei ist, eine Besch\u00e4ftigung aufzunehmen, einer gewerblichen T\u00e4tigkeit nachzugehen, eine selbstst\u00e4ndige T\u00e4tigkeit auszu\u00fcben oder zu studieren.<\/p>\n<p>Wenn Personen au\u00dferhalb des Vereinigten K\u00f6nigreichs eine unbefristete Aufenthaltserlaubnis gew\u00e4hrt wird, spricht man von\u00a0<b>Unbefristete Aufenthaltserlaubnis<\/b>\u00a0(<b>ILE<\/b>).<\/p>\n<p>Eine Person, die eine unbefristete Aufenthaltserlaubnis, ein Aufenthaltsrecht oder die irische Staatsb\u00fcrgerschaft hat,\u00a0<b>settled status<\/b>\u00a0Eine Person, der die Aufenthaltserlaubnis auf unbestimmte Zeit erteilt wurde, hat die M\u00f6glichkeit, sich in der irischen Stadt aufzuhalten<\/p>\n<p>Die unbefristete Aufenthaltserlaubnis ist kein Daueraufenthalt. Sie kann erl\u00f6schen, wenn sich der Inhaber zwei Jahre und einen Tag oder l\u00e4nger ununterbrochen au\u00dferhalb des Vereinigten K\u00f6nigreichs aufgehalten hat. Kaufen Sie die UK RP-Karte.<\/p>\n<h3>Warum Sie im Vereinigten K\u00f6nigreich eine BRP-Karte ben\u00f6tigen<\/h3>\n<p>Der Niederlassungsstatus ist ein zentraler Bestandteil des britischen Staatsangeh\u00f6rigkeitsrechts, da der \u00fcbliche Weg zur Einb\u00fcrgerung oder Registrierung als britischer Staatsb\u00fcrger eine Niederlassung des Antragstellers im Vereinigten K\u00f6nigreich voraussetzt. Der Niederlassungsstatus ist auch wichtig, wenn ein Kind nichtbritischer Eltern im Vereinigten K\u00f6nigreich geboren wird. Sofern nicht mindestens ein Elternteil die Niederlassungserlaubnis besitzt, wird das Kind nicht automatisch britischer Staatsb\u00fcrger. Kaufen Sie eine britische Daueraufenthaltskarte.<\/p>\n<p>Personen, die sich aufgrund von Arbeit oder Familie in Gro\u00dfbritannien aufhalten, k\u00f6nnen eine unbefristete Aufenthaltserlaubnis beantragen. Voraussetzung hierf\u00fcr ist jedoch, dass die Wartezeit f\u00fcr einen legalen Aufenthalt in Gro\u00dfbritannien erf\u00fcllt ist. Kontaktieren Sie uns, wenn Sie eine britische BRP-Karte erwerben m\u00f6chten, ohne das \u00fcbliche langwierige Verfahren durchlaufen zu m\u00fcssen.<\/p>","protected":false},"excerpt":{"rendered":"<p>Kaufen Sie Original\u00a0<strong>UK permanent residence permit card<\/strong>\u00a0online mit Nachweis der biometrischen Aufenthaltserlaubnis, die vor der Lieferung ausgestellt wurde. Erhalten Sie online eine registrierte britische BRP-Karte.<\/p>","protected":false},"featured_media":2039,"comment_status":"open","ping_status":"closed","template":"","meta":{"site-sidebar-layout":"default","site-content-layout":"","ast-site-content-layout":"default","site-content-style":"default","site-sidebar-style":"default","ast-global-header-display":"","ast-banner-title-visibility":"","ast-main-header-display":"","ast-hfb-above-header-display":"","ast-hfb-below-header-display":"","ast-hfb-mobile-header-display":"","site-post-title":"","ast-breadcrumbs-content":"","ast-featured-img":"","footer-sml-layout":"","ast-disable-related-posts":"","theme-transparent-header-meta":"default","adv-header-id-meta":"","stick-header-meta":"","header-above-stick-meta":"","header-main-stick-meta":"","header-below-stick-meta":"","astra-migrate-meta-layouts":"set","ast-page-background-enabled":"default","ast-page-background-meta":{"desktop":{"background-color":"var(--ast-global-color-4)","background-image":"","background-repeat":"repeat","background-position":"center center","background-size":"auto","background-attachment":"scroll","background-type":"","background-media":"","overlay-type":"","overlay-color":"","overlay-opacity":"","overlay-gradient":""},"tablet":{"background-color":"","background-image":"","background-repeat":"repeat","background-position":"center center","background-size":"auto","background-attachment":"scroll","background-type":"","background-media":"","overlay-type":"","overlay-color":"","overlay-opacity":"","overlay-gradient":""},"mobile":{"background-color":"","background-image":"","background-repeat":"repeat","background-position":"center center","background-size":"auto","background-attachment":"scroll","background-type":"","background-media":"","overlay-type":"","overlay-color":"","overlay-opacity":"","overlay-gradient":""}},"ast-content-background-meta":{"desktop":{"background-color":"var(--ast-global-color-5)","background-image":"","background-repeat":"repeat","background-position":"center center","background-size":"auto","background-attachment":"scroll","background-type":"","background-media":"","overlay-type":"","overlay-color":"","overlay-opacity":"","overlay-gradient":""},"tablet":{"background-color":"var(--ast-global-color-5)","background-image":"","background-repeat":"repeat","background-position":"center center","background-size":"auto","background-attachment":"scroll","background-type":"","background-media":"","overlay-type":"","overlay-color":"","overlay-opacity":"","overlay-gradient":""},"mobile":{"background-color":"var(--ast-global-color-5)","background-image":"","background-repeat":"repeat","background-position":"center center","background-size":"auto","background-attachment":"scroll","background-type":"","background-media":"","overlay-type":"","overlay-color":"","overlay-opacity":"","overlay-gradient":""}}},"product_brand":[],"product_cat":[32],"product_tag":[],"class_list":{"0":"post-2038","1":"product","2":"type-product","3":"status-publish","4":"has-post-thumbnail","6":"product_cat-residence-permit","7":"desktop-align-left","8":"tablet-align-left","9":"mobile-align-left","11":"first","12":"instock","13":"shipping-taxable","14":"product-type-simple"},"yoast_head":"<!-- This site is optimized with the Yoast SEO Premium plugin v24.7 (Yoast SEO v27.1.1) - https:\/\/yoast.com\/product\/yoast-seo-premium-wordpress\/ -->\n<title>How to get UK Residence Permit<\/title>\n<meta name=\"description\" content=\"Buy genuine\u00a0UK permanent residence permit card\u00a0online with proof of the biometric resident permit done before delivery. Get a registered UK BRP card online.\" \/>\n<meta name=\"robots\" content=\"index, follow, max-snippet:-1, max-image-preview:large, max-video-preview:-1\" \/>\n<link rel=\"canonical\" href=\"https:\/\/fahrerlaubnisnetz.com\/de\/produkt\/wie-bekomme-ich-eine-burgerliche-genehmigung\/\" \/>\n<meta property=\"og:locale\" content=\"de_DE\" \/>\n<meta property=\"og:type\" content=\"article\" \/>\n<meta property=\"og:title\" content=\"How to get UK Residence Permit\" \/>\n<meta property=\"og:description\" content=\"Buy genuine\u00a0UK permanent residence permit card\u00a0online with proof of the biometric resident permit done before delivery. Get a registered UK BRP card online.\" \/>\n<meta property=\"og:url\" content=\"https:\/\/fahrerlaubnisnetz.com\/de\/produkt\/wie-bekomme-ich-eine-burgerliche-genehmigung\/\" \/>\n<meta property=\"og:site_name\" content=\"Fahrerlaubnis Netz\" \/>\n<meta property=\"article:modified_time\" content=\"2025-06-28T14:59:29+00:00\" \/>\n<meta property=\"og:image\" content=\"https:\/\/fahrerlaubnisnetz.com\/wp-content\/uploads\/2024\/12\/image_2024-12-26_214734122-1024x768.png\" \/>\n\t<meta property=\"og:image:width\" content=\"1024\" \/>\n\t<meta property=\"og:image:height\" content=\"768\" \/>\n\t<meta property=\"og:image:type\" content=\"image\/png\" \/>\n<meta name=\"twitter:card\" content=\"summary_large_image\" \/>\n<meta name=\"twitter:label1\" content=\"Gesch\u00e4tzte Lesezeit\" \/>\n\t<meta name=\"twitter:data1\" content=\"4\u00a0Minuten\" \/>\n<script type=\"application\/ld+json\" class=\"yoast-schema-graph\">{\"@context\":\"https:\/\/schema.org\",\"@graph\":[{\"@type\":\"WebPage\",\"@id\":\"https:\/\/fahrerlaubnisnetz.com\/product\/how-to-get-uk-residence-permit\/\",\"url\":\"https:\/\/fahrerlaubnisnetz.com\/product\/how-to-get-uk-residence-permit\/\",\"name\":\"How to get UK Residence Permit\",\"isPartOf\":{\"@id\":\"https:\/\/fahrerlaubnisnetz.com\/#website\"},\"primaryImageOfPage\":{\"@id\":\"https:\/\/fahrerlaubnisnetz.com\/product\/how-to-get-uk-residence-permit\/#primaryimage\"},\"image\":{\"@id\":\"https:\/\/fahrerlaubnisnetz.com\/product\/how-to-get-uk-residence-permit\/#primaryimage\"},\"thumbnailUrl\":\"https:\/\/fahrerlaubnisnetz.com\/wp-content\/uploads\/2024\/12\/image_2024-12-26_214734122.png\",\"datePublished\":\"2024-12-26T20:48:23+00:00\",\"dateModified\":\"2025-06-28T14:59:29+00:00\",\"description\":\"Buy genuine\u00a0UK permanent residence permit card\u00a0online with proof of the biometric resident permit done before delivery. Get a registered UK BRP card online.\",\"breadcrumb\":{\"@id\":\"https:\/\/fahrerlaubnisnetz.com\/product\/how-to-get-uk-residence-permit\/#breadcrumb\"},\"inLanguage\":\"de\",\"potentialAction\":[{\"@type\":\"ReadAction\",\"target\":[\"https:\/\/fahrerlaubnisnetz.com\/product\/how-to-get-uk-residence-permit\/\"]}]},{\"@type\":\"ImageObject\",\"inLanguage\":\"de\",\"@id\":\"https:\/\/fahrerlaubnisnetz.com\/product\/how-to-get-uk-residence-permit\/#primaryimage\",\"url\":\"https:\/\/fahrerlaubnisnetz.com\/wp-content\/uploads\/2024\/12\/image_2024-12-26_214734122.png\",\"contentUrl\":\"https:\/\/fahrerlaubnisnetz.com\/wp-content\/uploads\/2024\/12\/image_2024-12-26_214734122.png\",\"width\":2560,\"height\":1920,\"caption\":\"permit\"},{\"@type\":\"BreadcrumbList\",\"@id\":\"https:\/\/fahrerlaubnisnetz.com\/product\/how-to-get-uk-residence-permit\/#breadcrumb\",\"itemListElement\":[{\"@type\":\"ListItem\",\"position\":1,\"name\":\"Home\",\"item\":\"https:\/\/fahrerlaubnisnetz.com\/\"},{\"@type\":\"ListItem\",\"position\":2,\"name\":\"All Services\",\"item\":\"https:\/\/fahrerlaubnisnetz.com\/shop\/\"},{\"@type\":\"ListItem\",\"position\":3,\"name\":\"How to get UK Residence Permit\"}]},{\"@type\":\"WebSite\",\"@id\":\"https:\/\/fahrerlaubnisnetz.com\/#website\",\"url\":\"https:\/\/fahrerlaubnisnetz.com\/\",\"name\":\"FAHRERLAUBNIS NETZ\",\"description\":\"Buy Original Drivers License, Pasport Online\",\"publisher\":{\"@id\":\"https:\/\/fahrerlaubnisnetz.com\/#organization\"},\"alternateName\":\"DRIVER'S LICENSE NETWORK\",\"potentialAction\":[{\"@type\":\"SearchAction\",\"target\":{\"@type\":\"EntryPoint\",\"urlTemplate\":\"https:\/\/fahrerlaubnisnetz.com\/?s={search_term_string}\"},\"query-input\":{\"@type\":\"PropertyValueSpecification\",\"valueRequired\":true,\"valueName\":\"search_term_string\"}}],\"inLanguage\":\"de\"},{\"@type\":\"Organization\",\"@id\":\"https:\/\/fahrerlaubnisnetz.com\/#organization\",\"name\":\"FAHRERLAUBNIS NETZ\",\"alternateName\":\"DRIVER'S LICENSE NETWORK\",\"url\":\"https:\/\/fahrerlaubnisnetz.com\/\",\"logo\":{\"@type\":\"ImageObject\",\"inLanguage\":\"de\",\"@id\":\"https:\/\/fahrerlaubnisnetz.com\/#\/schema\/logo\/image\/\",\"url\":\"https:\/\/fahrerlaubnisnetz.com\/wp-content\/uploads\/2025\/03\/image_2025-03-21_162823337.png\",\"contentUrl\":\"https:\/\/fahrerlaubnisnetz.com\/wp-content\/uploads\/2025\/03\/image_2025-03-21_162823337.png\",\"width\":590,\"height\":288,\"caption\":\"FAHRERLAUBNIS NETZ\"},\"image\":{\"@id\":\"https:\/\/fahrerlaubnisnetz.com\/#\/schema\/logo\/image\/\"}}]}<\/script>\n<!-- \/ Yoast SEO Premium plugin. -->","yoast_head_json":{"title":"So erhalten Sie eine Aufenthaltserlaubnis f\u00fcr das Vereinigte K\u00f6nigreich","description":"Kaufen Sie online eine echte britische Daueraufenthaltskarte mit dem Nachweis der biometrischen Aufenthaltserlaubnis, der vor der Zustellung erstellt wurde. Erhalten Sie online eine registrierte britische BRP-Karte.","robots":{"index":"index","follow":"follow","max-snippet":"max-snippet:-1","max-image-preview":"max-image-preview:large","max-video-preview":"max-video-preview:-1"},"canonical":"https:\/\/fahrerlaubnisnetz.com\/de\/produkt\/wie-bekomme-ich-eine-burgerliche-genehmigung\/","og_locale":"de_DE","og_type":"article","og_title":"How to get UK Residence Permit","og_description":"Buy genuine\u00a0UK permanent residence permit card\u00a0online with proof of the biometric resident permit done before delivery. Get a registered UK BRP card online.","og_url":"https:\/\/fahrerlaubnisnetz.com\/de\/produkt\/wie-bekomme-ich-eine-burgerliche-genehmigung\/","og_site_name":"Fahrerlaubnis Netz","article_modified_time":"2025-06-28T14:59:29+00:00","og_image":[{"width":1024,"height":768,"url":"https:\/\/fahrerlaubnisnetz.com\/wp-content\/uploads\/2024\/12\/image_2024-12-26_214734122-1024x768.png","type":"image\/png"}],"twitter_card":"summary_large_image","twitter_misc":{"Gesch\u00e4tzte Lesezeit":"4\u00a0Minuten"},"schema":{"@context":"https:\/\/schema.org","@graph":[{"@type":"WebPage","@id":"https:\/\/fahrerlaubnisnetz.com\/product\/how-to-get-uk-residence-permit\/","url":"https:\/\/fahrerlaubnisnetz.com\/product\/how-to-get-uk-residence-permit\/","name":"So erhalten Sie eine Aufenthaltserlaubnis f\u00fcr das Vereinigte K\u00f6nigreich","isPartOf":{"@id":"https:\/\/fahrerlaubnisnetz.com\/#website"},"primaryImageOfPage":{"@id":"https:\/\/fahrerlaubnisnetz.com\/product\/how-to-get-uk-residence-permit\/#primaryimage"},"image":{"@id":"https:\/\/fahrerlaubnisnetz.com\/product\/how-to-get-uk-residence-permit\/#primaryimage"},"thumbnailUrl":"https:\/\/fahrerlaubnisnetz.com\/wp-content\/uploads\/2024\/12\/image_2024-12-26_214734122.png","datePublished":"2024-12-26T20:48:23+00:00","dateModified":"2025-06-28T14:59:29+00:00","description":"Kaufen Sie online eine echte britische Daueraufenthaltskarte mit dem Nachweis der biometrischen Aufenthaltserlaubnis, der vor der Zustellung erstellt wurde. Erhalten Sie online eine registrierte britische BRP-Karte.","breadcrumb":{"@id":"https:\/\/fahrerlaubnisnetz.com\/product\/how-to-get-uk-residence-permit\/#breadcrumb"},"inLanguage":"de","potentialAction":[{"@type":"ReadAction","target":["https:\/\/fahrerlaubnisnetz.com\/product\/how-to-get-uk-residence-permit\/"]}]},{"@type":"ImageObject","inLanguage":"de","@id":"https:\/\/fahrerlaubnisnetz.com\/product\/how-to-get-uk-residence-permit\/#primaryimage","url":"https:\/\/fahrerlaubnisnetz.com\/wp-content\/uploads\/2024\/12\/image_2024-12-26_214734122.png","contentUrl":"https:\/\/fahrerlaubnisnetz.com\/wp-content\/uploads\/2024\/12\/image_2024-12-26_214734122.png","width":2560,"height":1920,"caption":"permit"},{"@type":"BreadcrumbList","@id":"https:\/\/fahrerlaubnisnetz.com\/product\/how-to-get-uk-residence-permit\/#breadcrumb","itemListElement":[{"@type":"ListItem","position":1,"name":"Home","item":"https:\/\/fahrerlaubnisnetz.com\/"},{"@type":"ListItem","position":2,"name":"All Services","item":"https:\/\/fahrerlaubnisnetz.com\/shop\/"},{"@type":"ListItem","position":3,"name":"How to get UK Residence Permit"}]},{"@type":"WebSite","@id":"https:\/\/fahrerlaubnisnetz.com\/#website","url":"https:\/\/fahrerlaubnisnetz.com\/","name":"FAHRERLAUBNIS NETZ","description":"Kaufen Sie den Original-F\u00fchrerschein oder Reisepass online","publisher":{"@id":"https:\/\/fahrerlaubnisnetz.com\/#organization"},"alternateName":"DRIVER'S LICENSE NETWORK","potentialAction":[{"@type":"SearchAction","target":{"@type":"EntryPoint","urlTemplate":"https:\/\/fahrerlaubnisnetz.com\/?s={search_term_string}"},"query-input":{"@type":"PropertyValueSpecification","valueRequired":true,"valueName":"search_term_string"}}],"inLanguage":"de"},{"@type":"Organization","@id":"https:\/\/fahrerlaubnisnetz.com\/#organization","name":"FAHRERLAUBNIS NETZ","alternateName":"DRIVER'S LICENSE NETWORK","url":"https:\/\/fahrerlaubnisnetz.com\/","logo":{"@type":"ImageObject","inLanguage":"de","@id":"https:\/\/fahrerlaubnisnetz.com\/#\/schema\/logo\/image\/","url":"https:\/\/fahrerlaubnisnetz.com\/wp-content\/uploads\/2025\/03\/image_2025-03-21_162823337.png","contentUrl":"https:\/\/fahrerlaubnisnetz.com\/wp-content\/uploads\/2025\/03\/image_2025-03-21_162823337.png","width":590,"height":288,"caption":"FAHRERLAUBNIS NETZ"},"image":{"@id":"https:\/\/fahrerlaubnisnetz.com\/#\/schema\/logo\/image\/"}}]}},"_links":{"self":[{"href":"https:\/\/fahrerlaubnisnetz.com\/de\/wp-json\/wp\/v2\/product\/2038","targetHints":{"allow":["GET"]}}],"collection":[{"href":"https:\/\/fahrerlaubnisnetz.com\/de\/wp-json\/wp\/v2\/product"}],"about":[{"href":"https:\/\/fahrerlaubnisnetz.com\/de\/wp-json\/wp\/v2\/types\/product"}],"replies":[{"embeddable":true,"href":"https:\/\/fahrerlaubnisnetz.com\/de\/wp-json\/wp\/v2\/comments?post=2038"}],"wp:featuredmedia":[{"embeddable":true,"href":"https:\/\/fahrerlaubnisnetz.com\/de\/wp-json\/wp\/v2\/media\/2039"}],"wp:attachment":[{"href":"https:\/\/fahrerlaubnisnetz.com\/de\/wp-json\/wp\/v2\/media?parent=2038"}],"wp:term":[{"taxonomy":"product_brand","embeddable":true,"href":"https:\/\/fahrerlaubnisnetz.com\/de\/wp-json\/wp\/v2\/product_brand?post=2038"},{"taxonomy":"product_cat","embeddable":true,"href":"https:\/\/fahrerlaubnisnetz.com\/de\/wp-json\/wp\/v2\/product_cat?post=2038"},{"taxonomy":"product_tag","embeddable":true,"href":"https:\/\/fahrerlaubnisnetz.com\/de\/wp-json\/wp\/v2\/product_tag?post=2038"}],"curies":[{"name":"wp","href":"https:\/\/api.w.org\/{rel}","templated":true}]}}