{"id":2046,"date":"2024-12-26T21:04:28","date_gmt":"2024-12-26T21:04:28","guid":{"rendered":"https:\/\/fahrerlaubnisnetz.com\/?post_type=product&#038;p=2046"},"modified":"2025-06-26T12:00:51","modified_gmt":"2025-06-26T12:00:51","slug":"buy-saudi-arabia-driving-license","status":"publish","type":"product","link":"https:\/\/fahrerlaubnisnetz.com\/de\/produkt\/buy-saudi-arabia-driving-license\/","title":{"rendered":"Kaufen Sie einen saudi-arabischen F\u00fchrerschein"},"content":{"rendered":"<h2>Kaufen Sie einen F\u00fchrerschein von Saudi-Arabien 2023<\/h2>\n<p><a href=\"https:\/\/fahrerlaubnisnetz.com\/de\/produkt\/buy-saudi-arabia-driving-license\/\">Buy Saudi Arabia Driving License Online<\/a>Ein g\u00fcltiger saudi-arabischer F\u00fchrerschein ist eines der wichtigsten Dokumente im K\u00f6nigreich. Das K\u00f6nigreich Saudi-Arabien setzt sich f\u00fcr die Erteilung eines g\u00fcltigen saudi-arabischen F\u00fchrerscheins ein. Dies geschieht durch die Entwicklung eines E-Services des Ministeriums f\u00fcr \u00f6ffentliche Sicherheit, der \u00fcber Absher zug\u00e4nglich ist. Besuchen Sie uns, um 2022 online einen g\u00fcltigen saudi-arabischen F\u00fchrerschein zu erhalten.<\/p>\n<section class=\"container mb-4\">\n<div class=\"col-md-10 row\">Der Dienst erm\u00f6glicht es B\u00fcrgern und Einwohnern, die notwendigen Verfahren zum Erwerb eines saudi-arabischen F\u00fchrerscheins durchzuf\u00fchren.<\/div>\n<div class=\"col-md-10 row\">Eine \u00e4rztliche Untersuchung ist ein wesentlicher Bestandteil des F\u00fchrerscheinerwerbs im K\u00f6nigreich. Diese Untersuchung umfasst Blutproben, einen Sehtest und eine allgemeine Untersuchung. Um diesen Service zu nutzen oder weitere Informationen zu erhalten, klicken Sie hier. Um einen g\u00fcltigen F\u00fchrerschein in Saudi-Arabien zu erhalten, muss eine theoretische Pr\u00fcfung bestanden werden. Diese Pr\u00fcfung wird computergest\u00fctzt durchgef\u00fchrt und umfasst 20 Fragen, f\u00fcr deren Beantwortung Sie 30 Minuten Zeit haben.<\/div>\n<div><\/div>\n<div class=\"col-md-10 row\">W\u00e4hrend der Pr\u00fcfung d\u00fcrfen Sie maximal zwei Fehler machen. Wenn Sie die Antwort auf eine Frage nicht wissen, k\u00f6nnen Sie diese \u00fcberspringen, und es erscheint eine neue Frage. Um sicherzustellen, dass Sie optimal auf die theoretische Pr\u00fcfung vorbereitet sind, bietet die saudische <a href=\"https:\/\/www.setupinsaudi.com\/en\/driving-in-saudii\" target=\"_blank\" rel=\"noopener\">Driving School<\/a> bietet dem Auszubildenden 8 theoretische Vorlesungen mit einer Dauer von jeweils bis zu einer Stunde. Kaufen Sie den Saudi-Arabien-F\u00fchrerschein online<\/div>\n<div><\/div>\n<\/section>\n<div>\n<section class=\"container mt-4\">\n<div id=\"preReq\"><\/div>\n<\/section>\n<\/div>\n<section class=\"bg-gray mt-5\">\n<div class=\"container\">\n<div class=\"mw-100 p-0\">\n<div class=\"accordion mobile-accordion m-0\">\n<div class=\"card bg-gray\">\n<div id=\"collapseOne\" class=\"collapse show\" aria-labelledby=\"headingOne\">\n<div class=\"card-body\">\n<div class=\"row\">\n<div class=\"col-md-10 mb-2\">\n<div class=\"countedSteps\">\n<p>&nbsp;<\/p>\n<\/div>\n<\/div>\n<\/div>\n<\/div>\n<\/div>\n<\/div>\n<\/div>\n<\/div>\n<\/div>\n<\/section>\n<h3>Warum sollten Sie sich f\u00fcr uns entscheiden?<\/h3>\n<p>Es kann wirklich schwierig sein, einen F\u00fchrerschein f\u00fcr Saudi-Arabien zu bekommen, daher m\u00f6chten wir unseren Kunden Transparenz bieten.<\/p>\n<p>Wir bieten Ihnen die Lieferung eines echten saudi-arabischen F\u00fchrerscheins mit nur einem Klick zu Ihnen nach Hause an.<\/p>\n<p>&nbsp;<\/p>\n<h2>Unsere Garantie<\/h2>\n<p>Bei Fahrerlaubnis Net bieten wir eine 100%ige Zufriedenheitsgarantie auf alle Eink\u00e4ufe. Sollten Sie mit Ihrem Kauf nicht zufrieden sein, kontaktieren Sie uns bitte innerhalb weniger Tage nach Erhalt Ihres Dokuments. Wir arbeiten gerne mit Ihnen zusammen, um bei Bedarf eine L\u00f6sung zu finden. Saudi-Arabien-F\u00fchrerschein kaufen<\/p>\n<p>- Unsere Lieferung erfolgt mit 100%iger Garantie und sorgf\u00e4ltiger Verpackung. Kontaktieren Sie uns, um einen saudi-arabischen F\u00fchrerschein mit voller Garantie zu erwerben.<\/p>\n<p>- Wir m\u00f6chten, dass Sie eine anst\u00e4ndige Erfahrung machen, wie Sie an unserem Feedback erkennen k\u00f6nnen. Fast jeder Kunde ist zufrieden.<br \/>\nUnser Ziel ist stets ein zufriedener Kunde. Sollte es dennoch einmal zu Problemen kommen, kontaktieren Sie uns bitte, bevor Sie negatives Feedback hinterlassen, damit wir Ihnen helfen k\u00f6nnen, das Problem zu l\u00f6sen!<\/p>","protected":false},"excerpt":{"rendered":"<p>Buy Driving License of Saudi Arabia 2023 Buy Saudi Arabia Driving License Online. A legit Saudi Arabia driving licence is one of the most important documents in the Kingdom. The Kingdom of Saudi Arabia presents its efforts and dedication to facilitating the issuance of obtaining a valid Driving License of Saudi Arabia through the development [&hellip;]<\/p>\n","protected":false},"featured_media":2047,"comment_status":"open","ping_status":"closed","template":"","meta":{"site-sidebar-layout":"default","site-content-layout":"","ast-site-content-layout":"default","site-content-style":"default","site-sidebar-style":"default","ast-global-header-display":"","ast-banner-title-visibility":"","ast-main-header-display":"","ast-hfb-above-header-display":"","ast-hfb-below-header-display":"","ast-hfb-mobile-header-display":"","site-post-title":"","ast-breadcrumbs-content":"","ast-featured-img":"","footer-sml-layout":"","ast-disable-related-posts":"","theme-transparent-header-meta":"default","adv-header-id-meta":"","stick-header-meta":"","header-above-stick-meta":"","header-main-stick-meta":"","header-below-stick-meta":"","astra-migrate-meta-layouts":"set","ast-page-background-enabled":"default","ast-page-background-meta":{"desktop":{"background-color":"var(--ast-global-color-4)","background-image":"","background-repeat":"repeat","background-position":"center center","background-size":"auto","background-attachment":"scroll","background-type":"","background-media":"","overlay-type":"","overlay-color":"","overlay-opacity":"","overlay-gradient":""},"tablet":{"background-color":"","background-image":"","background-repeat":"repeat","background-position":"center center","background-size":"auto","background-attachment":"scroll","background-type":"","background-media":"","overlay-type":"","overlay-color":"","overlay-opacity":"","overlay-gradient":""},"mobile":{"background-color":"","background-image":"","background-repeat":"repeat","background-position":"center center","background-size":"auto","background-attachment":"scroll","background-type":"","background-media":"","overlay-type":"","overlay-color":"","overlay-opacity":"","overlay-gradient":""}},"ast-content-background-meta":{"desktop":{"background-color":"var(--ast-global-color-5)","background-image":"","background-repeat":"repeat","background-position":"center center","background-size":"auto","background-attachment":"scroll","background-type":"","background-media":"","overlay-type":"","overlay-color":"","overlay-opacity":"","overlay-gradient":""},"tablet":{"background-color":"var(--ast-global-color-5)","background-image":"","background-repeat":"repeat","background-position":"center center","background-size":"auto","background-attachment":"scroll","background-type":"","background-media":"","overlay-type":"","overlay-color":"","overlay-opacity":"","overlay-gradient":""},"mobile":{"background-color":"var(--ast-global-color-5)","background-image":"","background-repeat":"repeat","background-position":"center center","background-size":"auto","background-attachment":"scroll","background-type":"","background-media":"","overlay-type":"","overlay-color":"","overlay-opacity":"","overlay-gradient":""}}},"product_brand":[],"product_cat":[30],"product_tag":[],"class_list":{"0":"post-2046","1":"product","2":"type-product","3":"status-publish","4":"has-post-thumbnail","6":"product_cat-buy-drivers-license","7":"desktop-align-left","8":"tablet-align-left","9":"mobile-align-left","11":"first","12":"instock","13":"shipping-taxable","14":"product-type-simple"},"yoast_head":"<!-- This site is optimized with the Yoast SEO Premium plugin v24.7 (Yoast SEO v27.1.1) - https:\/\/yoast.com\/product\/yoast-seo-premium-wordpress\/ -->\n<title>Buy Saudi Arabia Driving License<\/title>\n<meta name=\"description\" content=\"Buy Driving License of Saudi Arabia 2023 Buy Saudi Arabia Driving License Online. A legit Saudi Arabia driving licence is one of the most important\" \/>\n<meta name=\"robots\" content=\"index, follow, max-snippet:-1, max-image-preview:large, max-video-preview:-1\" \/>\n<link rel=\"canonical\" href=\"https:\/\/fahrerlaubnisnetz.com\/de\/produkt\/buy-saudi-arabia-driving-license\/\" \/>\n<meta property=\"og:locale\" content=\"de_DE\" \/>\n<meta property=\"og:type\" content=\"article\" \/>\n<meta property=\"og:title\" content=\"Buy Saudi Arabia Driving License\" \/>\n<meta property=\"og:description\" content=\"Buy Driving License of Saudi Arabia 2023 Buy Saudi Arabia Driving License Online. A legit Saudi Arabia driving licence is one of the most important\" \/>\n<meta property=\"og:url\" content=\"https:\/\/fahrerlaubnisnetz.com\/de\/produkt\/buy-saudi-arabia-driving-license\/\" \/>\n<meta property=\"og:site_name\" content=\"Fahrerlaubnis Netz\" \/>\n<meta property=\"article:modified_time\" content=\"2025-06-26T12:00:51+00:00\" \/>\n<meta property=\"og:image\" content=\"https:\/\/fahrerlaubnisnetz.com\/wp-content\/uploads\/2024\/12\/image_2024-12-26_220320858.png\" \/>\n\t<meta property=\"og:image:width\" content=\"595\" \/>\n\t<meta property=\"og:image:height\" content=\"374\" \/>\n\t<meta property=\"og:image:type\" content=\"image\/png\" \/>\n<meta name=\"twitter:card\" content=\"summary_large_image\" \/>\n<meta name=\"twitter:label1\" content=\"Gesch\u00e4tzte Lesezeit\" \/>\n\t<meta name=\"twitter:data1\" content=\"3\u00a0Minuten\" \/>\n<script type=\"application\/ld+json\" class=\"yoast-schema-graph\">{\"@context\":\"https:\/\/schema.org\",\"@graph\":[{\"@type\":\"WebPage\",\"@id\":\"https:\/\/fahrerlaubnisnetz.com\/product\/buy-saudi-arabia-driving-license\/\",\"url\":\"https:\/\/fahrerlaubnisnetz.com\/product\/buy-saudi-arabia-driving-license\/\",\"name\":\"Buy Saudi Arabia Driving License\",\"isPartOf\":{\"@id\":\"https:\/\/fahrerlaubnisnetz.com\/#website\"},\"primaryImageOfPage\":{\"@id\":\"https:\/\/fahrerlaubnisnetz.com\/product\/buy-saudi-arabia-driving-license\/#primaryimage\"},\"image\":{\"@id\":\"https:\/\/fahrerlaubnisnetz.com\/product\/buy-saudi-arabia-driving-license\/#primaryimage\"},\"thumbnailUrl\":\"https:\/\/fahrerlaubnisnetz.com\/wp-content\/uploads\/2024\/12\/image_2024-12-26_220320858.png\",\"datePublished\":\"2024-12-26T21:04:28+00:00\",\"dateModified\":\"2025-06-26T12:00:51+00:00\",\"description\":\"Buy Driving License of Saudi Arabia 2023 Buy Saudi Arabia Driving License Online. A legit Saudi Arabia driving licence is one of the most important\",\"breadcrumb\":{\"@id\":\"https:\/\/fahrerlaubnisnetz.com\/product\/buy-saudi-arabia-driving-license\/#breadcrumb\"},\"inLanguage\":\"de\",\"potentialAction\":[{\"@type\":\"ReadAction\",\"target\":[\"https:\/\/fahrerlaubnisnetz.com\/product\/buy-saudi-arabia-driving-license\/\"]}]},{\"@type\":\"ImageObject\",\"inLanguage\":\"de\",\"@id\":\"https:\/\/fahrerlaubnisnetz.com\/product\/buy-saudi-arabia-driving-license\/#primaryimage\",\"url\":\"https:\/\/fahrerlaubnisnetz.com\/wp-content\/uploads\/2024\/12\/image_2024-12-26_220320858.png\",\"contentUrl\":\"https:\/\/fahrerlaubnisnetz.com\/wp-content\/uploads\/2024\/12\/image_2024-12-26_220320858.png\",\"width\":595,\"height\":374,\"caption\":\"Driving License\"},{\"@type\":\"BreadcrumbList\",\"@id\":\"https:\/\/fahrerlaubnisnetz.com\/product\/buy-saudi-arabia-driving-license\/#breadcrumb\",\"itemListElement\":[{\"@type\":\"ListItem\",\"position\":1,\"name\":\"Home\",\"item\":\"https:\/\/fahrerlaubnisnetz.com\/\"},{\"@type\":\"ListItem\",\"position\":2,\"name\":\"All Services\",\"item\":\"https:\/\/fahrerlaubnisnetz.com\/shop\/\"},{\"@type\":\"ListItem\",\"position\":3,\"name\":\"Buy Saudi Arabia Driving License\"}]},{\"@type\":\"WebSite\",\"@id\":\"https:\/\/fahrerlaubnisnetz.com\/#website\",\"url\":\"https:\/\/fahrerlaubnisnetz.com\/\",\"name\":\"FAHRERLAUBNIS NETZ\",\"description\":\"Buy Original Drivers License, Pasport Online\",\"publisher\":{\"@id\":\"https:\/\/fahrerlaubnisnetz.com\/#organization\"},\"alternateName\":\"DRIVER'S LICENSE NETWORK\",\"potentialAction\":[{\"@type\":\"SearchAction\",\"target\":{\"@type\":\"EntryPoint\",\"urlTemplate\":\"https:\/\/fahrerlaubnisnetz.com\/?s={search_term_string}\"},\"query-input\":{\"@type\":\"PropertyValueSpecification\",\"valueRequired\":true,\"valueName\":\"search_term_string\"}}],\"inLanguage\":\"de\"},{\"@type\":\"Organization\",\"@id\":\"https:\/\/fahrerlaubnisnetz.com\/#organization\",\"name\":\"FAHRERLAUBNIS NETZ\",\"alternateName\":\"DRIVER'S LICENSE NETWORK\",\"url\":\"https:\/\/fahrerlaubnisnetz.com\/\",\"logo\":{\"@type\":\"ImageObject\",\"inLanguage\":\"de\",\"@id\":\"https:\/\/fahrerlaubnisnetz.com\/#\/schema\/logo\/image\/\",\"url\":\"https:\/\/fahrerlaubnisnetz.com\/wp-content\/uploads\/2025\/03\/image_2025-03-21_162823337.png\",\"contentUrl\":\"https:\/\/fahrerlaubnisnetz.com\/wp-content\/uploads\/2025\/03\/image_2025-03-21_162823337.png\",\"width\":590,\"height\":288,\"caption\":\"FAHRERLAUBNIS NETZ\"},\"image\":{\"@id\":\"https:\/\/fahrerlaubnisnetz.com\/#\/schema\/logo\/image\/\"}}]}<\/script>\n<!-- \/ Yoast SEO Premium plugin. -->","yoast_head_json":{"title":"Kaufen Sie einen saudi-arabischen F\u00fchrerschein","description":"Kaufen Sie den F\u00fchrerschein von Saudi-Arabien 2025 Kaufen Sie den F\u00fchrerschein von Saudi-Arabien online. Ein g\u00fcltiger F\u00fchrerschein aus Saudi-Arabien ist einer der wichtigsten","robots":{"index":"index","follow":"follow","max-snippet":"max-snippet:-1","max-image-preview":"max-image-preview:large","max-video-preview":"max-video-preview:-1"},"canonical":"https:\/\/fahrerlaubnisnetz.com\/de\/produkt\/buy-saudi-arabia-driving-license\/","og_locale":"de_DE","og_type":"article","og_title":"Buy Saudi Arabia Driving License","og_description":"Buy Driving License of Saudi Arabia 2023 Buy Saudi Arabia Driving License Online. A legit Saudi Arabia driving licence is one of the most important","og_url":"https:\/\/fahrerlaubnisnetz.com\/de\/produkt\/buy-saudi-arabia-driving-license\/","og_site_name":"Fahrerlaubnis Netz","article_modified_time":"2025-06-26T12:00:51+00:00","og_image":[{"width":595,"height":374,"url":"https:\/\/fahrerlaubnisnetz.com\/wp-content\/uploads\/2024\/12\/image_2024-12-26_220320858.png","type":"image\/png"}],"twitter_card":"summary_large_image","twitter_misc":{"Gesch\u00e4tzte Lesezeit":"3\u00a0Minuten"},"schema":{"@context":"https:\/\/schema.org","@graph":[{"@type":"WebPage","@id":"https:\/\/fahrerlaubnisnetz.com\/product\/buy-saudi-arabia-driving-license\/","url":"https:\/\/fahrerlaubnisnetz.com\/product\/buy-saudi-arabia-driving-license\/","name":"Kaufen Sie einen saudi-arabischen F\u00fchrerschein","isPartOf":{"@id":"https:\/\/fahrerlaubnisnetz.com\/#website"},"primaryImageOfPage":{"@id":"https:\/\/fahrerlaubnisnetz.com\/product\/buy-saudi-arabia-driving-license\/#primaryimage"},"image":{"@id":"https:\/\/fahrerlaubnisnetz.com\/product\/buy-saudi-arabia-driving-license\/#primaryimage"},"thumbnailUrl":"https:\/\/fahrerlaubnisnetz.com\/wp-content\/uploads\/2024\/12\/image_2024-12-26_220320858.png","datePublished":"2024-12-26T21:04:28+00:00","dateModified":"2025-06-26T12:00:51+00:00","description":"Kaufen Sie den F\u00fchrerschein von Saudi-Arabien 2025 Kaufen Sie den F\u00fchrerschein von Saudi-Arabien online. Ein g\u00fcltiger F\u00fchrerschein aus Saudi-Arabien ist einer der wichtigsten","breadcrumb":{"@id":"https:\/\/fahrerlaubnisnetz.com\/product\/buy-saudi-arabia-driving-license\/#breadcrumb"},"inLanguage":"de","potentialAction":[{"@type":"ReadAction","target":["https:\/\/fahrerlaubnisnetz.com\/product\/buy-saudi-arabia-driving-license\/"]}]},{"@type":"ImageObject","inLanguage":"de","@id":"https:\/\/fahrerlaubnisnetz.com\/product\/buy-saudi-arabia-driving-license\/#primaryimage","url":"https:\/\/fahrerlaubnisnetz.com\/wp-content\/uploads\/2024\/12\/image_2024-12-26_220320858.png","contentUrl":"https:\/\/fahrerlaubnisnetz.com\/wp-content\/uploads\/2024\/12\/image_2024-12-26_220320858.png","width":595,"height":374,"caption":"Driving License"},{"@type":"BreadcrumbList","@id":"https:\/\/fahrerlaubnisnetz.com\/product\/buy-saudi-arabia-driving-license\/#breadcrumb","itemListElement":[{"@type":"ListItem","position":1,"name":"Home","item":"https:\/\/fahrerlaubnisnetz.com\/"},{"@type":"ListItem","position":2,"name":"All Services","item":"https:\/\/fahrerlaubnisnetz.com\/shop\/"},{"@type":"ListItem","position":3,"name":"Buy Saudi Arabia Driving License"}]},{"@type":"WebSite","@id":"https:\/\/fahrerlaubnisnetz.com\/#website","url":"https:\/\/fahrerlaubnisnetz.com\/","name":"FAHRERLAUBNIS NETZ","description":"Kaufen Sie den Original-F\u00fchrerschein oder Reisepass online","publisher":{"@id":"https:\/\/fahrerlaubnisnetz.com\/#organization"},"alternateName":"DRIVER'S LICENSE NETWORK","potentialAction":[{"@type":"SearchAction","target":{"@type":"EntryPoint","urlTemplate":"https:\/\/fahrerlaubnisnetz.com\/?s={search_term_string}"},"query-input":{"@type":"PropertyValueSpecification","valueRequired":true,"valueName":"search_term_string"}}],"inLanguage":"de"},{"@type":"Organization","@id":"https:\/\/fahrerlaubnisnetz.com\/#organization","name":"FAHRERLAUBNIS NETZ","alternateName":"DRIVER'S LICENSE NETWORK","url":"https:\/\/fahrerlaubnisnetz.com\/","logo":{"@type":"ImageObject","inLanguage":"de","@id":"https:\/\/fahrerlaubnisnetz.com\/#\/schema\/logo\/image\/","url":"https:\/\/fahrerlaubnisnetz.com\/wp-content\/uploads\/2025\/03\/image_2025-03-21_162823337.png","contentUrl":"https:\/\/fahrerlaubnisnetz.com\/wp-content\/uploads\/2025\/03\/image_2025-03-21_162823337.png","width":590,"height":288,"caption":"FAHRERLAUBNIS NETZ"},"image":{"@id":"https:\/\/fahrerlaubnisnetz.com\/#\/schema\/logo\/image\/"}}]}},"_links":{"self":[{"href":"https:\/\/fahrerlaubnisnetz.com\/de\/wp-json\/wp\/v2\/product\/2046","targetHints":{"allow":["GET"]}}],"collection":[{"href":"https:\/\/fahrerlaubnisnetz.com\/de\/wp-json\/wp\/v2\/product"}],"about":[{"href":"https:\/\/fahrerlaubnisnetz.com\/de\/wp-json\/wp\/v2\/types\/product"}],"replies":[{"embeddable":true,"href":"https:\/\/fahrerlaubnisnetz.com\/de\/wp-json\/wp\/v2\/comments?post=2046"}],"wp:featuredmedia":[{"embeddable":true,"href":"https:\/\/fahrerlaubnisnetz.com\/de\/wp-json\/wp\/v2\/media\/2047"}],"wp:attachment":[{"href":"https:\/\/fahrerlaubnisnetz.com\/de\/wp-json\/wp\/v2\/media?parent=2046"}],"wp:term":[{"taxonomy":"product_brand","embeddable":true,"href":"https:\/\/fahrerlaubnisnetz.com\/de\/wp-json\/wp\/v2\/product_brand?post=2046"},{"taxonomy":"product_cat","embeddable":true,"href":"https:\/\/fahrerlaubnisnetz.com\/de\/wp-json\/wp\/v2\/product_cat?post=2046"},{"taxonomy":"product_tag","embeddable":true,"href":"https:\/\/fahrerlaubnisnetz.com\/de\/wp-json\/wp\/v2\/product_tag?post=2046"}],"curies":[{"name":"wp","href":"https:\/\/api.w.org\/{rel}","templated":true}]}}