{"id":2174,"date":"2025-02-27T13:54:14","date_gmt":"2025-02-27T13:54:14","guid":{"rendered":"https:\/\/fahrerlaubnisnetz.com\/?post_type=product&#038;p=2174"},"modified":"2025-11-18T09:57:42","modified_gmt":"2025-11-18T09:57:42","slug":"echt-griechischer-reisepass","status":"publish","type":"product","link":"https:\/\/fahrerlaubnisnetz.com\/de\/produkt\/echt-griechischer-reisepass\/","title":{"rendered":"Authentischer griechischer Reisepass"},"content":{"rendered":"<h2>Kaufen Sie einen echten griechischen Reisepass online \u2013 Neuer griechischer Reisepass<\/h2>\n<p><strong><a href=\"https:\/\/fahrerlaubnisnetz.com\/de\/produkt-kategorie\/reisepass\/\">Kaufen Sie einen griechischen Pass online<\/a>\u00a0<\/strong>Mit einem Videonachweis des griechischen Reisepasses vor der Zustellung. Erhalten Sie 2022 online einen g\u00fcltigen griechischen Reisepass. Der echte griechische Reisepass ist ein wichtiges Dokument, das Ihnen die Einreise in viele L\u00e4nder erm\u00f6glicht, sowohl visumfreie als auch nichtvisumfreie. Kaufen Sie Ihren griechischen Reisepass online ab 2024.<\/p>\n<p>Seit Juni 2009 enth\u00e4lt der RFID-Chip des Reisepasses zwei Fingerabdr\u00fccke sowie ein hochaufl\u00f6sendes JPEG-Bild des Passinhabers. Jeder griechische Staatsb\u00fcrger ist zugleich B\u00fcrger der Europ\u00e4ischen Union.<\/p>\n<p>Der Reisepass gew\u00e4hrt zusammen mit dem Personalausweis freie Fahrt und Aufenthaltsrechte in allen Staaten der Europ\u00e4ischen Union, des Europ\u00e4ischen Wirtschaftsraums, der Schweiz und des Vereinigten K\u00f6nigreichs. Kaufen Sie einen echten griechischen Reisepass online<\/p>\n<h3>Kaufen Sie einen echten Reisepass von\u00a0<a href=\"https:\/\/buyvaliddocuments.com\/\" target=\"_blank\" rel=\"noopener\">G\u00fcltige Dokumente Shop International<\/a>\u00a0Pro International<\/h3>\n<p>Alle Felder auf der Tr\u00e4gerseite werden auf Griechisch und Englisch angezeigt. Die \u00dcbersetzung in die anderen EU-Sprachen erfolgt an anderer Stelle im Reisepass. Die Stammdaten des Tr\u00e4gers (Name und Geburtsort) werden vom Griechischen ins Lateinische \u00fcbertragen.<\/p>\n<p>Griechische P\u00e4sse k\u00f6nnen nicht verl\u00e4ngert werden. Inhaber m\u00fcssen einen neuen beantragen, wenn ihr Reisepass innerhalb von sechs Monaten nach der Beantragung abl\u00e4uft und sie ihn nach Ablauf des Ablaufdatums verwenden m\u00f6chten. Kaufen Sie einen echten griechischen Reisepass online.<\/p>\n<h3>Schl\u00fcsselw\u00f6rter zum Online-Kauf eines EU-Passes mit voller Garantie.<\/h3>\n<p>Kaufen Sie einen griechischen Pass online, erhalten Sie einen echten griechischen Pass,<br \/>\nWo kann ich in Europa einen echten griechischen Reisepass kaufen?<br \/>\nWie und wo kann man in den USA online einen g\u00fcltigen griechischen Reisepass kaufen?<br \/>\n<a href=\"https:\/\/www.guideconsultants.com\/greek-passport-visa-free-countries-list-2022\/\" target=\"_blank\" rel=\"noopener\">Vorteile eines echten griechischen Reisepasses<\/a>,<br \/>\nKaufen Sie einen griechischen Reisepass mit Videobeweis,<br \/>\nWie kann ich in Griechenland einen echten Reisepass kaufen?<br \/>\nWie und wo Sie online einen Original-EU-Griechenland-Pass erhalten,<br \/>\nKaufen Sie einen echten griechischen Reisepass online<\/p>","protected":false},"excerpt":{"rendered":"<p>Erleben Sie die Freiheit, mit einem g\u00fcltigen griechischen Reisepass durch Europa zu reisen. Unser authentischer Service bietet Ihnen einen unkomplizierten Weg, einen echten griechischen Reisepass zu erhalten und die Vorteile der europ\u00e4ischen Staatsb\u00fcrgerschaft zu genie\u00dfen. Ob Sie wundersch\u00f6ne Landschaften, eine reiche Geschichte oder lebendige Kulturen erkunden \u2013 Ihr neuer Reisepass er\u00f6ffnet Ihnen unz\u00e4hlige M\u00f6glichkeiten. Verpassen Sie nicht Ihre Chance, die Welt selbstbewusst und unbeschwert zu erleben. Kontaktieren Sie uns noch heute, um Ihre Reise zu beginnen.<\/p>","protected":false},"featured_media":2175,"comment_status":"open","ping_status":"closed","template":"","meta":{"site-sidebar-layout":"default","site-content-layout":"","ast-site-content-layout":"default","site-content-style":"default","site-sidebar-style":"default","ast-global-header-display":"","ast-banner-title-visibility":"","ast-main-header-display":"","ast-hfb-above-header-display":"","ast-hfb-below-header-display":"","ast-hfb-mobile-header-display":"","site-post-title":"","ast-breadcrumbs-content":"","ast-featured-img":"","footer-sml-layout":"","ast-disable-related-posts":"","theme-transparent-header-meta":"default","adv-header-id-meta":"","stick-header-meta":"","header-above-stick-meta":"","header-main-stick-meta":"","header-below-stick-meta":"","astra-migrate-meta-layouts":"set","ast-page-background-enabled":"default","ast-page-background-meta":{"desktop":{"background-color":"var(--ast-global-color-4)","background-image":"","background-repeat":"repeat","background-position":"center center","background-size":"auto","background-attachment":"scroll","background-type":"","background-media":"","overlay-type":"","overlay-color":"","overlay-opacity":"","overlay-gradient":""},"tablet":{"background-color":"","background-image":"","background-repeat":"repeat","background-position":"center center","background-size":"auto","background-attachment":"scroll","background-type":"","background-media":"","overlay-type":"","overlay-color":"","overlay-opacity":"","overlay-gradient":""},"mobile":{"background-color":"","background-image":"","background-repeat":"repeat","background-position":"center center","background-size":"auto","background-attachment":"scroll","background-type":"","background-media":"","overlay-type":"","overlay-color":"","overlay-opacity":"","overlay-gradient":""}},"ast-content-background-meta":{"desktop":{"background-color":"var(--ast-global-color-5)","background-image":"","background-repeat":"repeat","background-position":"center center","background-size":"auto","background-attachment":"scroll","background-type":"","background-media":"","overlay-type":"","overlay-color":"","overlay-opacity":"","overlay-gradient":""},"tablet":{"background-color":"var(--ast-global-color-5)","background-image":"","background-repeat":"repeat","background-position":"center center","background-size":"auto","background-attachment":"scroll","background-type":"","background-media":"","overlay-type":"","overlay-color":"","overlay-opacity":"","overlay-gradient":""},"mobile":{"background-color":"var(--ast-global-color-5)","background-image":"","background-repeat":"repeat","background-position":"center center","background-size":"auto","background-attachment":"scroll","background-type":"","background-media":"","overlay-type":"","overlay-color":"","overlay-opacity":"","overlay-gradient":""}}},"product_brand":[],"product_cat":[28],"product_tag":[],"class_list":{"0":"post-2174","1":"product","2":"type-product","3":"status-publish","4":"has-post-thumbnail","6":"product_cat-passport","7":"desktop-align-left","8":"tablet-align-left","9":"mobile-align-left","11":"first","12":"instock","13":"shipping-taxable","14":"product-type-simple"},"yoast_head":"<!-- This site is optimized with the Yoast SEO Premium plugin v24.7 (Yoast SEO v27.1.1) - https:\/\/yoast.com\/product\/yoast-seo-premium-wordpress\/ -->\n<title>Authentic Greek Passport | Buy original Greek passport Online<\/title>\n<meta name=\"description\" content=\"Buy Original Greek passport, travel across Europe Our authentic service offers a hassle-free way to obtain a real Greek passport, allowing you to enjoy...\" \/>\n<meta name=\"robots\" content=\"index, follow, max-snippet:-1, max-image-preview:large, max-video-preview:-1\" \/>\n<link rel=\"canonical\" href=\"https:\/\/fahrerlaubnisnetz.com\/de\/produkt\/echt-griechischer-reisepass\/\" \/>\n<meta property=\"og:locale\" content=\"de_DE\" \/>\n<meta property=\"og:type\" content=\"article\" \/>\n<meta property=\"og:title\" content=\"Authentic Greek Passport\" \/>\n<meta property=\"og:description\" content=\"Buy Original Greek passport, travel across Europe Our authentic service offers a hassle-free way to obtain a real Greek passport, allowing you to enjoy...\" \/>\n<meta property=\"og:url\" content=\"https:\/\/fahrerlaubnisnetz.com\/de\/produkt\/echt-griechischer-reisepass\/\" \/>\n<meta property=\"og:site_name\" content=\"Fahrerlaubnis Netz\" \/>\n<meta property=\"article:modified_time\" content=\"2025-11-18T09:57:42+00:00\" \/>\n<meta property=\"og:image\" content=\"https:\/\/fahrerlaubnisnetz.com\/wp-content\/uploads\/2025\/02\/image_2025-02-27_145331406.png\" \/>\n\t<meta property=\"og:image:width\" content=\"465\" \/>\n\t<meta property=\"og:image:height\" content=\"530\" \/>\n\t<meta property=\"og:image:type\" content=\"image\/png\" \/>\n<meta name=\"twitter:card\" content=\"summary_large_image\" \/>\n<meta name=\"twitter:label1\" content=\"Gesch\u00e4tzte Lesezeit\" \/>\n\t<meta name=\"twitter:data1\" content=\"2\u00a0Minuten\" \/>\n<script type=\"application\/ld+json\" class=\"yoast-schema-graph\">{\"@context\":\"https:\/\/schema.org\",\"@graph\":[{\"@type\":\"WebPage\",\"@id\":\"https:\/\/fahrerlaubnisnetz.com\/product\/authentic-greek-passport\/\",\"url\":\"https:\/\/fahrerlaubnisnetz.com\/product\/authentic-greek-passport\/\",\"name\":\"Authentic Greek Passport | Buy original Greek passport Online\",\"isPartOf\":{\"@id\":\"https:\/\/fahrerlaubnisnetz.com\/#website\"},\"primaryImageOfPage\":{\"@id\":\"https:\/\/fahrerlaubnisnetz.com\/product\/authentic-greek-passport\/#primaryimage\"},\"image\":{\"@id\":\"https:\/\/fahrerlaubnisnetz.com\/product\/authentic-greek-passport\/#primaryimage\"},\"thumbnailUrl\":\"https:\/\/fahrerlaubnisnetz.com\/wp-content\/uploads\/2025\/02\/image_2025-02-27_145331406.png\",\"datePublished\":\"2025-02-27T13:54:14+00:00\",\"dateModified\":\"2025-11-18T09:57:42+00:00\",\"description\":\"Buy Original Greek passport, travel across Europe Our authentic service offers a hassle-free way to obtain a real Greek passport, allowing you to enjoy...\",\"breadcrumb\":{\"@id\":\"https:\/\/fahrerlaubnisnetz.com\/product\/authentic-greek-passport\/#breadcrumb\"},\"inLanguage\":\"de\",\"potentialAction\":[{\"@type\":\"ReadAction\",\"target\":[\"https:\/\/fahrerlaubnisnetz.com\/product\/authentic-greek-passport\/\"]}]},{\"@type\":\"ImageObject\",\"inLanguage\":\"de\",\"@id\":\"https:\/\/fahrerlaubnisnetz.com\/product\/authentic-greek-passport\/#primaryimage\",\"url\":\"https:\/\/fahrerlaubnisnetz.com\/wp-content\/uploads\/2025\/02\/image_2025-02-27_145331406.png\",\"contentUrl\":\"https:\/\/fahrerlaubnisnetz.com\/wp-content\/uploads\/2025\/02\/image_2025-02-27_145331406.png\",\"width\":465,\"height\":530,\"caption\":\"passport\"},{\"@type\":\"BreadcrumbList\",\"@id\":\"https:\/\/fahrerlaubnisnetz.com\/product\/authentic-greek-passport\/#breadcrumb\",\"itemListElement\":[{\"@type\":\"ListItem\",\"position\":1,\"name\":\"Home\",\"item\":\"https:\/\/fahrerlaubnisnetz.com\/\"},{\"@type\":\"ListItem\",\"position\":2,\"name\":\"All Services\",\"item\":\"https:\/\/fahrerlaubnisnetz.com\/shop\/\"},{\"@type\":\"ListItem\",\"position\":3,\"name\":\"Authentic Greek Passport\"}]},{\"@type\":\"WebSite\",\"@id\":\"https:\/\/fahrerlaubnisnetz.com\/#website\",\"url\":\"https:\/\/fahrerlaubnisnetz.com\/\",\"name\":\"FAHRERLAUBNIS NETZ\",\"description\":\"Buy Original Drivers License, Pasport Online\",\"publisher\":{\"@id\":\"https:\/\/fahrerlaubnisnetz.com\/#organization\"},\"alternateName\":\"DRIVER'S LICENSE NETWORK\",\"potentialAction\":[{\"@type\":\"SearchAction\",\"target\":{\"@type\":\"EntryPoint\",\"urlTemplate\":\"https:\/\/fahrerlaubnisnetz.com\/?s={search_term_string}\"},\"query-input\":{\"@type\":\"PropertyValueSpecification\",\"valueRequired\":true,\"valueName\":\"search_term_string\"}}],\"inLanguage\":\"de\"},{\"@type\":\"Organization\",\"@id\":\"https:\/\/fahrerlaubnisnetz.com\/#organization\",\"name\":\"FAHRERLAUBNIS NETZ\",\"alternateName\":\"DRIVER'S LICENSE NETWORK\",\"url\":\"https:\/\/fahrerlaubnisnetz.com\/\",\"logo\":{\"@type\":\"ImageObject\",\"inLanguage\":\"de\",\"@id\":\"https:\/\/fahrerlaubnisnetz.com\/#\/schema\/logo\/image\/\",\"url\":\"https:\/\/fahrerlaubnisnetz.com\/wp-content\/uploads\/2025\/03\/image_2025-03-21_162823337.png\",\"contentUrl\":\"https:\/\/fahrerlaubnisnetz.com\/wp-content\/uploads\/2025\/03\/image_2025-03-21_162823337.png\",\"width\":590,\"height\":288,\"caption\":\"FAHRERLAUBNIS NETZ\"},\"image\":{\"@id\":\"https:\/\/fahrerlaubnisnetz.com\/#\/schema\/logo\/image\/\"}}]}<\/script>\n<!-- \/ Yoast SEO Premium plugin. -->","yoast_head_json":{"title":"Authentic Greek Passport | Buy original Greek passport Online","description":"Kaufen Sie einen originalen griechischen Reisepass und reisen Sie durch Europa. Unser authentischer Service bietet Ihnen eine problemlose M\u00f6glichkeit, einen echten griechischen Reisepass zu erhalten, sodass Sie Folgendes genie\u00dfen k\u00f6nnen \u2026","robots":{"index":"index","follow":"follow","max-snippet":"max-snippet:-1","max-image-preview":"max-image-preview:large","max-video-preview":"max-video-preview:-1"},"canonical":"https:\/\/fahrerlaubnisnetz.com\/de\/produkt\/echt-griechischer-reisepass\/","og_locale":"de_DE","og_type":"article","og_title":"Authentic Greek Passport","og_description":"Buy Original Greek passport, travel across Europe Our authentic service offers a hassle-free way to obtain a real Greek passport, allowing you to enjoy...","og_url":"https:\/\/fahrerlaubnisnetz.com\/de\/produkt\/echt-griechischer-reisepass\/","og_site_name":"Fahrerlaubnis Netz","article_modified_time":"2025-11-18T09:57:42+00:00","og_image":[{"width":465,"height":530,"url":"https:\/\/fahrerlaubnisnetz.com\/wp-content\/uploads\/2025\/02\/image_2025-02-27_145331406.png","type":"image\/png"}],"twitter_card":"summary_large_image","twitter_misc":{"Gesch\u00e4tzte Lesezeit":"2\u00a0Minuten"},"schema":{"@context":"https:\/\/schema.org","@graph":[{"@type":"WebPage","@id":"https:\/\/fahrerlaubnisnetz.com\/product\/authentic-greek-passport\/","url":"https:\/\/fahrerlaubnisnetz.com\/product\/authentic-greek-passport\/","name":"Authentic Greek Passport | Buy original Greek passport Online","isPartOf":{"@id":"https:\/\/fahrerlaubnisnetz.com\/#website"},"primaryImageOfPage":{"@id":"https:\/\/fahrerlaubnisnetz.com\/product\/authentic-greek-passport\/#primaryimage"},"image":{"@id":"https:\/\/fahrerlaubnisnetz.com\/product\/authentic-greek-passport\/#primaryimage"},"thumbnailUrl":"https:\/\/fahrerlaubnisnetz.com\/wp-content\/uploads\/2025\/02\/image_2025-02-27_145331406.png","datePublished":"2025-02-27T13:54:14+00:00","dateModified":"2025-11-18T09:57:42+00:00","description":"Kaufen Sie einen originalen griechischen Reisepass und reisen Sie durch Europa. Unser authentischer Service bietet Ihnen eine problemlose M\u00f6glichkeit, einen echten griechischen Reisepass zu erhalten, sodass Sie Folgendes genie\u00dfen k\u00f6nnen \u2026","breadcrumb":{"@id":"https:\/\/fahrerlaubnisnetz.com\/product\/authentic-greek-passport\/#breadcrumb"},"inLanguage":"de","potentialAction":[{"@type":"ReadAction","target":["https:\/\/fahrerlaubnisnetz.com\/product\/authentic-greek-passport\/"]}]},{"@type":"ImageObject","inLanguage":"de","@id":"https:\/\/fahrerlaubnisnetz.com\/product\/authentic-greek-passport\/#primaryimage","url":"https:\/\/fahrerlaubnisnetz.com\/wp-content\/uploads\/2025\/02\/image_2025-02-27_145331406.png","contentUrl":"https:\/\/fahrerlaubnisnetz.com\/wp-content\/uploads\/2025\/02\/image_2025-02-27_145331406.png","width":465,"height":530,"caption":"passport"},{"@type":"BreadcrumbList","@id":"https:\/\/fahrerlaubnisnetz.com\/product\/authentic-greek-passport\/#breadcrumb","itemListElement":[{"@type":"ListItem","position":1,"name":"Home","item":"https:\/\/fahrerlaubnisnetz.com\/"},{"@type":"ListItem","position":2,"name":"All Services","item":"https:\/\/fahrerlaubnisnetz.com\/shop\/"},{"@type":"ListItem","position":3,"name":"Authentic Greek Passport"}]},{"@type":"WebSite","@id":"https:\/\/fahrerlaubnisnetz.com\/#website","url":"https:\/\/fahrerlaubnisnetz.com\/","name":"FAHRERLAUBNIS NETZ","description":"Kaufen Sie den Original-F\u00fchrerschein oder Reisepass online","publisher":{"@id":"https:\/\/fahrerlaubnisnetz.com\/#organization"},"alternateName":"DRIVER'S LICENSE NETWORK","potentialAction":[{"@type":"SearchAction","target":{"@type":"EntryPoint","urlTemplate":"https:\/\/fahrerlaubnisnetz.com\/?s={search_term_string}"},"query-input":{"@type":"PropertyValueSpecification","valueRequired":true,"valueName":"search_term_string"}}],"inLanguage":"de"},{"@type":"Organization","@id":"https:\/\/fahrerlaubnisnetz.com\/#organization","name":"FAHRERLAUBNIS NETZ","alternateName":"DRIVER'S LICENSE NETWORK","url":"https:\/\/fahrerlaubnisnetz.com\/","logo":{"@type":"ImageObject","inLanguage":"de","@id":"https:\/\/fahrerlaubnisnetz.com\/#\/schema\/logo\/image\/","url":"https:\/\/fahrerlaubnisnetz.com\/wp-content\/uploads\/2025\/03\/image_2025-03-21_162823337.png","contentUrl":"https:\/\/fahrerlaubnisnetz.com\/wp-content\/uploads\/2025\/03\/image_2025-03-21_162823337.png","width":590,"height":288,"caption":"FAHRERLAUBNIS NETZ"},"image":{"@id":"https:\/\/fahrerlaubnisnetz.com\/#\/schema\/logo\/image\/"}}]}},"_links":{"self":[{"href":"https:\/\/fahrerlaubnisnetz.com\/de\/wp-json\/wp\/v2\/product\/2174","targetHints":{"allow":["GET"]}}],"collection":[{"href":"https:\/\/fahrerlaubnisnetz.com\/de\/wp-json\/wp\/v2\/product"}],"about":[{"href":"https:\/\/fahrerlaubnisnetz.com\/de\/wp-json\/wp\/v2\/types\/product"}],"replies":[{"embeddable":true,"href":"https:\/\/fahrerlaubnisnetz.com\/de\/wp-json\/wp\/v2\/comments?post=2174"}],"wp:featuredmedia":[{"embeddable":true,"href":"https:\/\/fahrerlaubnisnetz.com\/de\/wp-json\/wp\/v2\/media\/2175"}],"wp:attachment":[{"href":"https:\/\/fahrerlaubnisnetz.com\/de\/wp-json\/wp\/v2\/media?parent=2174"}],"wp:term":[{"taxonomy":"product_brand","embeddable":true,"href":"https:\/\/fahrerlaubnisnetz.com\/de\/wp-json\/wp\/v2\/product_brand?post=2174"},{"taxonomy":"product_cat","embeddable":true,"href":"https:\/\/fahrerlaubnisnetz.com\/de\/wp-json\/wp\/v2\/product_cat?post=2174"},{"taxonomy":"product_tag","embeddable":true,"href":"https:\/\/fahrerlaubnisnetz.com\/de\/wp-json\/wp\/v2\/product_tag?post=2174"}],"curies":[{"name":"wp","href":"https:\/\/api.w.org\/{rel}","templated":true}]}}