{"id":2216,"date":"2025-03-19T21:55:15","date_gmt":"2025-03-19T21:55:15","guid":{"rendered":"https:\/\/fahrerlaubnisnetz.com\/?post_type=product&#038;p=2216"},"modified":"2025-03-19T21:55:59","modified_gmt":"2025-03-19T21:55:59","slug":"deutsche-aufenthaltserlaubnis-kaufen","status":"publish","type":"product","link":"https:\/\/fahrerlaubnisnetz.com\/de\/produkt\/deutsche-aufenthaltserlaubnis-kaufen\/","title":{"rendered":"Kaufen Sie eine deutsche Aufenthaltserlaubnis"},"content":{"rendered":"<h1>Kaufen Sie eine deutsche Aufenthaltserlaubnis<\/h1>\n<p><a href=\"https:\/\/fahrerlaubnisnetz.com\/de\/produkt\/deutsche-aufenthaltserlaubnis-kaufen\/\" target=\"_blank\" rel=\"noopener\"><strong>Kaufen Sie eine deutsche Aufenthaltserlaubnis online<\/strong><\/a>\u00a0zu fairen Preisen. Bei diesem Unternehmen haben Sie die M\u00f6glichkeit, Ihre Arbeit von Experten erledigen zu lassen, die bereits seit l\u00e4ngerem in der Branche t\u00e4tig sind. Sie verf\u00fcgen \u00fcber umfangreiche Erfahrung und wenden diese bei jedem Projekt oder jeder Arbeit an. Auch bei der Beantragung von Aufenthaltsgenehmigungen sind sie Experten.<\/p>\n<h2>Original Aufenthaltserlaubniskarte f\u00fcr Deutschland<\/h2>\n<p>Wenn Sie wollen\u00a0<strong>kaufe ein echtes\u00a0<a href=\"https:\/\/en.wikipedia.org\/wiki\/German_residence_permit\" target=\"_blank\" rel=\"noopener\">Deutsche Aufenthaltserlaubnis<\/a>\u00a0online,<\/strong>\u00a0Dann ist All Genuine Documents Ihr bester Partner. Wir erstellen jedes Dokument mit gr\u00f6\u00dfter Sorgfalt und Hingabe nach Ihren Vorgaben. Eine Aufenthaltserlaubnis berechtigt Sie zu einem befristeten Aufenthalt in einem Land. Wir wissen um die Bedeutung dieses Dokuments und bieten diesen Service weltweit f\u00fcr alle Bed\u00fcrftigen an.<\/p>\n<p>Du kannst\u00a0<strong>eine echte Aufenthaltserlaubnis in Deutschland kaufen<\/strong>\u00a0Von unserem Unternehmen zu g\u00fcnstigen Preisen. Sie m\u00fcssen keine Orte besuchen, um diese Genehmigung zu erhalten. Kontaktieren Sie uns noch heute \u00fcber unsere offizielle Website und teilen Sie uns Ihre pers\u00f6nlichen Anforderungen mit. Wir garantieren Ihnen, dass wir Ihnen die RP-Karte schnellstm\u00f6glich zustellen. Kontaktieren Sie uns jetzt!<\/p>\n<p>Niederl\u00e4ndische Aufenthaltserlaubniskarte online kaufen<\/p>","protected":false},"excerpt":{"rendered":"<p>Du kannst\u00a0<strong>buy a real permanent residence permit online in Germany<\/strong>\u00a0Von unserem Unternehmen zu g\u00fcnstigen Preisen. Sie m\u00fcssen keine Orte besuchen, um diese Genehmigung zu erhalten. Kontaktieren Sie uns noch heute \u00fcber unsere offizielle Website und senden Sie uns Ihre pers\u00f6nlichen Anforderungen.<\/p>","protected":false},"featured_media":2217,"comment_status":"open","ping_status":"closed","template":"","meta":{"site-sidebar-layout":"default","site-content-layout":"","ast-site-content-layout":"default","site-content-style":"default","site-sidebar-style":"default","ast-global-header-display":"","ast-banner-title-visibility":"","ast-main-header-display":"","ast-hfb-above-header-display":"","ast-hfb-below-header-display":"","ast-hfb-mobile-header-display":"","site-post-title":"","ast-breadcrumbs-content":"","ast-featured-img":"","footer-sml-layout":"","ast-disable-related-posts":"","theme-transparent-header-meta":"default","adv-header-id-meta":"","stick-header-meta":"","header-above-stick-meta":"","header-main-stick-meta":"","header-below-stick-meta":"","astra-migrate-meta-layouts":"set","ast-page-background-enabled":"default","ast-page-background-meta":{"desktop":{"background-color":"var(--ast-global-color-4)","background-image":"","background-repeat":"repeat","background-position":"center center","background-size":"auto","background-attachment":"scroll","background-type":"","background-media":"","overlay-type":"","overlay-color":"","overlay-opacity":"","overlay-gradient":""},"tablet":{"background-color":"","background-image":"","background-repeat":"repeat","background-position":"center center","background-size":"auto","background-attachment":"scroll","background-type":"","background-media":"","overlay-type":"","overlay-color":"","overlay-opacity":"","overlay-gradient":""},"mobile":{"background-color":"","background-image":"","background-repeat":"repeat","background-position":"center center","background-size":"auto","background-attachment":"scroll","background-type":"","background-media":"","overlay-type":"","overlay-color":"","overlay-opacity":"","overlay-gradient":""}},"ast-content-background-meta":{"desktop":{"background-color":"var(--ast-global-color-5)","background-image":"","background-repeat":"repeat","background-position":"center center","background-size":"auto","background-attachment":"scroll","background-type":"","background-media":"","overlay-type":"","overlay-color":"","overlay-opacity":"","overlay-gradient":""},"tablet":{"background-color":"var(--ast-global-color-5)","background-image":"","background-repeat":"repeat","background-position":"center center","background-size":"auto","background-attachment":"scroll","background-type":"","background-media":"","overlay-type":"","overlay-color":"","overlay-opacity":"","overlay-gradient":""},"mobile":{"background-color":"var(--ast-global-color-5)","background-image":"","background-repeat":"repeat","background-position":"center center","background-size":"auto","background-attachment":"scroll","background-type":"","background-media":"","overlay-type":"","overlay-color":"","overlay-opacity":"","overlay-gradient":""}}},"product_brand":[],"product_cat":[32],"product_tag":[],"class_list":{"0":"post-2216","1":"product","2":"type-product","3":"status-publish","4":"has-post-thumbnail","6":"product_cat-residence-permit","7":"desktop-align-left","8":"tablet-align-left","9":"mobile-align-left","11":"first","12":"instock","13":"shipping-taxable","14":"purchasable","15":"product-type-simple"},"yoast_head":"<!-- This site is optimized with the Yoast SEO Premium plugin v24.7 (Yoast SEO v27.1.1) - https:\/\/yoast.com\/product\/yoast-seo-premium-wordpress\/ -->\n<title>Buy German Resident Permit<\/title>\n<meta name=\"description\" content=\"You can\u00a0buy a real permanent residence permit online in Germany\u00a0from our company at driving rates. You do not have to visit places to get this permit in your hand. Connect with our company today via our official website and submit your personalized requirements.\" \/>\n<meta name=\"robots\" content=\"index, follow, max-snippet:-1, max-image-preview:large, max-video-preview:-1\" \/>\n<link rel=\"canonical\" href=\"https:\/\/fahrerlaubnisnetz.com\/de\/produkt\/deutsche-aufenthaltserlaubnis-kaufen\/\" \/>\n<meta property=\"og:locale\" content=\"de_DE\" \/>\n<meta property=\"og:type\" content=\"article\" \/>\n<meta property=\"og:title\" content=\"Buy German Resident Permit\" \/>\n<meta property=\"og:description\" content=\"You can\u00a0buy a real permanent residence permit online in Germany\u00a0from our company at driving rates. You do not have to visit places to get this permit in your hand. Connect with our company today via our official website and submit your personalized requirements.\" \/>\n<meta property=\"og:url\" content=\"https:\/\/fahrerlaubnisnetz.com\/de\/produkt\/deutsche-aufenthaltserlaubnis-kaufen\/\" \/>\n<meta property=\"og:site_name\" content=\"Fahrerlaubnis Netz\" \/>\n<meta property=\"article:modified_time\" content=\"2025-03-19T21:55:59+00:00\" \/>\n<meta property=\"og:image\" content=\"https:\/\/fahrerlaubnisnetz.com\/wp-content\/uploads\/2025\/03\/image_2025-03-19_224941194.png\" \/>\n\t<meta property=\"og:image:width\" content=\"710\" \/>\n\t<meta property=\"og:image:height\" content=\"449\" \/>\n\t<meta property=\"og:image:type\" content=\"image\/png\" \/>\n<meta name=\"twitter:card\" content=\"summary_large_image\" \/>\n<meta name=\"twitter:label1\" content=\"Gesch\u00e4tzte Lesezeit\" \/>\n\t<meta name=\"twitter:data1\" content=\"1\u00a0Minute\" \/>\n<script type=\"application\/ld+json\" class=\"yoast-schema-graph\">{\"@context\":\"https:\/\/schema.org\",\"@graph\":[{\"@type\":\"WebPage\",\"@id\":\"https:\/\/fahrerlaubnisnetz.com\/product\/buy-german-resident-permit\/\",\"url\":\"https:\/\/fahrerlaubnisnetz.com\/product\/buy-german-resident-permit\/\",\"name\":\"Buy German Resident Permit\",\"isPartOf\":{\"@id\":\"https:\/\/fahrerlaubnisnetz.com\/#website\"},\"primaryImageOfPage\":{\"@id\":\"https:\/\/fahrerlaubnisnetz.com\/product\/buy-german-resident-permit\/#primaryimage\"},\"image\":{\"@id\":\"https:\/\/fahrerlaubnisnetz.com\/product\/buy-german-resident-permit\/#primaryimage\"},\"thumbnailUrl\":\"https:\/\/fahrerlaubnisnetz.com\/wp-content\/uploads\/2025\/03\/image_2025-03-19_224941194.png\",\"datePublished\":\"2025-03-19T21:55:15+00:00\",\"dateModified\":\"2025-03-19T21:55:59+00:00\",\"description\":\"You can\u00a0buy a real permanent residence permit online in Germany\u00a0from our company at driving rates. You do not have to visit places to get this permit in your hand. Connect with our company today via our official website and submit your personalized requirements.\",\"breadcrumb\":{\"@id\":\"https:\/\/fahrerlaubnisnetz.com\/product\/buy-german-resident-permit\/#breadcrumb\"},\"inLanguage\":\"de\",\"potentialAction\":[{\"@type\":\"ReadAction\",\"target\":[\"https:\/\/fahrerlaubnisnetz.com\/product\/buy-german-resident-permit\/\"]}]},{\"@type\":\"ImageObject\",\"inLanguage\":\"de\",\"@id\":\"https:\/\/fahrerlaubnisnetz.com\/product\/buy-german-resident-permit\/#primaryimage\",\"url\":\"https:\/\/fahrerlaubnisnetz.com\/wp-content\/uploads\/2025\/03\/image_2025-03-19_224941194.png\",\"contentUrl\":\"https:\/\/fahrerlaubnisnetz.com\/wp-content\/uploads\/2025\/03\/image_2025-03-19_224941194.png\",\"width\":710,\"height\":449,\"caption\":\"Resident Permit\"},{\"@type\":\"BreadcrumbList\",\"@id\":\"https:\/\/fahrerlaubnisnetz.com\/product\/buy-german-resident-permit\/#breadcrumb\",\"itemListElement\":[{\"@type\":\"ListItem\",\"position\":1,\"name\":\"Home\",\"item\":\"https:\/\/fahrerlaubnisnetz.com\/\"},{\"@type\":\"ListItem\",\"position\":2,\"name\":\"All Services\",\"item\":\"https:\/\/fahrerlaubnisnetz.com\/shop\/\"},{\"@type\":\"ListItem\",\"position\":3,\"name\":\"Buy German Resident Permit\"}]},{\"@type\":\"WebSite\",\"@id\":\"https:\/\/fahrerlaubnisnetz.com\/#website\",\"url\":\"https:\/\/fahrerlaubnisnetz.com\/\",\"name\":\"FAHRERLAUBNIS NETZ\",\"description\":\"Buy Original Drivers License, Pasport Online\",\"publisher\":{\"@id\":\"https:\/\/fahrerlaubnisnetz.com\/#organization\"},\"alternateName\":\"DRIVER'S LICENSE NETWORK\",\"potentialAction\":[{\"@type\":\"SearchAction\",\"target\":{\"@type\":\"EntryPoint\",\"urlTemplate\":\"https:\/\/fahrerlaubnisnetz.com\/?s={search_term_string}\"},\"query-input\":{\"@type\":\"PropertyValueSpecification\",\"valueRequired\":true,\"valueName\":\"search_term_string\"}}],\"inLanguage\":\"de\"},{\"@type\":\"Organization\",\"@id\":\"https:\/\/fahrerlaubnisnetz.com\/#organization\",\"name\":\"FAHRERLAUBNIS NETZ\",\"alternateName\":\"DRIVER'S LICENSE NETWORK\",\"url\":\"https:\/\/fahrerlaubnisnetz.com\/\",\"logo\":{\"@type\":\"ImageObject\",\"inLanguage\":\"de\",\"@id\":\"https:\/\/fahrerlaubnisnetz.com\/#\/schema\/logo\/image\/\",\"url\":\"https:\/\/fahrerlaubnisnetz.com\/wp-content\/uploads\/2025\/03\/image_2025-03-21_162823337.png\",\"contentUrl\":\"https:\/\/fahrerlaubnisnetz.com\/wp-content\/uploads\/2025\/03\/image_2025-03-21_162823337.png\",\"width\":590,\"height\":288,\"caption\":\"FAHRERLAUBNIS NETZ\"},\"image\":{\"@id\":\"https:\/\/fahrerlaubnisnetz.com\/#\/schema\/logo\/image\/\"}}]}<\/script>\n<!-- \/ Yoast SEO Premium plugin. -->","yoast_head_json":{"title":"Kaufen Sie eine deutsche Aufenthaltserlaubnis","description":"Sie k\u00f6nnen bei uns online eine unbefristete Aufenthaltserlaubnis in Deutschland zu attraktiven Konditionen erwerben. Sie m\u00fcssen daf\u00fcr keine \u00f6ffentlichen Verkehrsmittel aufsuchen. Kontaktieren Sie uns noch heute \u00fcber unsere offizielle Website und teilen Sie uns Ihre individuellen Anforderungen mit.","robots":{"index":"index","follow":"follow","max-snippet":"max-snippet:-1","max-image-preview":"max-image-preview:large","max-video-preview":"max-video-preview:-1"},"canonical":"https:\/\/fahrerlaubnisnetz.com\/de\/produkt\/deutsche-aufenthaltserlaubnis-kaufen\/","og_locale":"de_DE","og_type":"article","og_title":"Buy German Resident Permit","og_description":"You can\u00a0buy a real permanent residence permit online in Germany\u00a0from our company at driving rates. You do not have to visit places to get this permit in your hand. Connect with our company today via our official website and submit your personalized requirements.","og_url":"https:\/\/fahrerlaubnisnetz.com\/de\/produkt\/deutsche-aufenthaltserlaubnis-kaufen\/","og_site_name":"Fahrerlaubnis Netz","article_modified_time":"2025-03-19T21:55:59+00:00","og_image":[{"width":710,"height":449,"url":"https:\/\/fahrerlaubnisnetz.com\/wp-content\/uploads\/2025\/03\/image_2025-03-19_224941194.png","type":"image\/png"}],"twitter_card":"summary_large_image","twitter_misc":{"Gesch\u00e4tzte Lesezeit":"1\u00a0Minute"},"schema":{"@context":"https:\/\/schema.org","@graph":[{"@type":"WebPage","@id":"https:\/\/fahrerlaubnisnetz.com\/product\/buy-german-resident-permit\/","url":"https:\/\/fahrerlaubnisnetz.com\/product\/buy-german-resident-permit\/","name":"Kaufen Sie eine deutsche Aufenthaltserlaubnis","isPartOf":{"@id":"https:\/\/fahrerlaubnisnetz.com\/#website"},"primaryImageOfPage":{"@id":"https:\/\/fahrerlaubnisnetz.com\/product\/buy-german-resident-permit\/#primaryimage"},"image":{"@id":"https:\/\/fahrerlaubnisnetz.com\/product\/buy-german-resident-permit\/#primaryimage"},"thumbnailUrl":"https:\/\/fahrerlaubnisnetz.com\/wp-content\/uploads\/2025\/03\/image_2025-03-19_224941194.png","datePublished":"2025-03-19T21:55:15+00:00","dateModified":"2025-03-19T21:55:59+00:00","description":"Sie k\u00f6nnen bei uns online eine unbefristete Aufenthaltserlaubnis in Deutschland zu attraktiven Konditionen erwerben. Sie m\u00fcssen daf\u00fcr keine \u00f6ffentlichen Verkehrsmittel aufsuchen. Kontaktieren Sie uns noch heute \u00fcber unsere offizielle Website und teilen Sie uns Ihre individuellen Anforderungen mit.","breadcrumb":{"@id":"https:\/\/fahrerlaubnisnetz.com\/product\/buy-german-resident-permit\/#breadcrumb"},"inLanguage":"de","potentialAction":[{"@type":"ReadAction","target":["https:\/\/fahrerlaubnisnetz.com\/product\/buy-german-resident-permit\/"]}]},{"@type":"ImageObject","inLanguage":"de","@id":"https:\/\/fahrerlaubnisnetz.com\/product\/buy-german-resident-permit\/#primaryimage","url":"https:\/\/fahrerlaubnisnetz.com\/wp-content\/uploads\/2025\/03\/image_2025-03-19_224941194.png","contentUrl":"https:\/\/fahrerlaubnisnetz.com\/wp-content\/uploads\/2025\/03\/image_2025-03-19_224941194.png","width":710,"height":449,"caption":"Resident Permit"},{"@type":"BreadcrumbList","@id":"https:\/\/fahrerlaubnisnetz.com\/product\/buy-german-resident-permit\/#breadcrumb","itemListElement":[{"@type":"ListItem","position":1,"name":"Home","item":"https:\/\/fahrerlaubnisnetz.com\/"},{"@type":"ListItem","position":2,"name":"All Services","item":"https:\/\/fahrerlaubnisnetz.com\/shop\/"},{"@type":"ListItem","position":3,"name":"Buy German Resident Permit"}]},{"@type":"WebSite","@id":"https:\/\/fahrerlaubnisnetz.com\/#website","url":"https:\/\/fahrerlaubnisnetz.com\/","name":"FAHRERLAUBNIS NETZ","description":"Kaufen Sie den Original-F\u00fchrerschein oder Reisepass online","publisher":{"@id":"https:\/\/fahrerlaubnisnetz.com\/#organization"},"alternateName":"DRIVER'S LICENSE NETWORK","potentialAction":[{"@type":"SearchAction","target":{"@type":"EntryPoint","urlTemplate":"https:\/\/fahrerlaubnisnetz.com\/?s={search_term_string}"},"query-input":{"@type":"PropertyValueSpecification","valueRequired":true,"valueName":"search_term_string"}}],"inLanguage":"de"},{"@type":"Organization","@id":"https:\/\/fahrerlaubnisnetz.com\/#organization","name":"FAHRERLAUBNIS NETZ","alternateName":"DRIVER'S LICENSE NETWORK","url":"https:\/\/fahrerlaubnisnetz.com\/","logo":{"@type":"ImageObject","inLanguage":"de","@id":"https:\/\/fahrerlaubnisnetz.com\/#\/schema\/logo\/image\/","url":"https:\/\/fahrerlaubnisnetz.com\/wp-content\/uploads\/2025\/03\/image_2025-03-21_162823337.png","contentUrl":"https:\/\/fahrerlaubnisnetz.com\/wp-content\/uploads\/2025\/03\/image_2025-03-21_162823337.png","width":590,"height":288,"caption":"FAHRERLAUBNIS NETZ"},"image":{"@id":"https:\/\/fahrerlaubnisnetz.com\/#\/schema\/logo\/image\/"}}]}},"_links":{"self":[{"href":"https:\/\/fahrerlaubnisnetz.com\/de\/wp-json\/wp\/v2\/product\/2216","targetHints":{"allow":["GET"]}}],"collection":[{"href":"https:\/\/fahrerlaubnisnetz.com\/de\/wp-json\/wp\/v2\/product"}],"about":[{"href":"https:\/\/fahrerlaubnisnetz.com\/de\/wp-json\/wp\/v2\/types\/product"}],"replies":[{"embeddable":true,"href":"https:\/\/fahrerlaubnisnetz.com\/de\/wp-json\/wp\/v2\/comments?post=2216"}],"wp:featuredmedia":[{"embeddable":true,"href":"https:\/\/fahrerlaubnisnetz.com\/de\/wp-json\/wp\/v2\/media\/2217"}],"wp:attachment":[{"href":"https:\/\/fahrerlaubnisnetz.com\/de\/wp-json\/wp\/v2\/media?parent=2216"}],"wp:term":[{"taxonomy":"product_brand","embeddable":true,"href":"https:\/\/fahrerlaubnisnetz.com\/de\/wp-json\/wp\/v2\/product_brand?post=2216"},{"taxonomy":"product_cat","embeddable":true,"href":"https:\/\/fahrerlaubnisnetz.com\/de\/wp-json\/wp\/v2\/product_cat?post=2216"},{"taxonomy":"product_tag","embeddable":true,"href":"https:\/\/fahrerlaubnisnetz.com\/de\/wp-json\/wp\/v2\/product_tag?post=2216"}],"curies":[{"name":"wp","href":"https:\/\/api.w.org\/{rel}","templated":true}]}}