{"id":2219,"date":"2025-03-19T22:13:06","date_gmt":"2025-03-19T22:13:06","guid":{"rendered":"https:\/\/fahrerlaubnisnetz.com\/?post_type=product&#038;p=2219"},"modified":"2025-05-29T06:05:57","modified_gmt":"2025-05-29T06:05:57","slug":"belgische-reisepasse-kaufen-online","status":"publish","type":"product","link":"https:\/\/fahrerlaubnisnetz.com\/de\/produkt\/belgische-reisepasse-kaufen-online\/","title":{"rendered":"Belgiens Reisepass online kaufen"},"content":{"rendered":"<h2><strong>Kaufen Sie einen echten belgischen Reisepass online \u2013 Neuer belgischer Reisepass<\/strong><\/h2>\n<p><a href=\"https:\/\/fahrerlaubnisnetz.com\/de\/produkt\/belgische-reisepasse-kaufen-online\/\">Kaufen Sie einen belgischen Reisepass online<\/a>\u00a0Mit einem Videonachweis des belgischen Reisepasses vor der Zustellung. Besorgen Sie sich 2022 online einen neuen belgischen Reisepass. Der echte belgische Reisepass ist ein wichtiges Dokument, das Ihnen die Einreise in viele L\u00e4nder erm\u00f6glicht, sowohl visumfreie als auch nichtvisumfreie. Mit unserem hochwertigen echten und gef\u00e4lschten belgischen Reisepass ist Ihre Freiheit in Belgien zu Ihrer vollsten Zufriedenheit garantiert. So bestellen Sie einen belgischen Reisepass online.<\/p>\n<h2>Vorteile eines echten belgischen Reisepasses<\/h2>\n<p>Belgische P\u00e4sse sind ein weit verbreitetes Dokument, das mittlerweile weltweit erh\u00e4ltlich ist. Menschen aus aller Welt m\u00f6chten aus unterschiedlichen Gr\u00fcnden die belgische Staatsb\u00fcrgerschaft erwerben. Das in Osteuropa gelegene Land hat das ganze Jahr \u00fcber ein angenehmes Klima. Dies zieht Besucher aus aller Welt an.<\/p>\n<p>Nach Guinea ist Belgien ein bedeutender Kakaoproduzent und zieht zahlreiche Lebensmittelunternehmen und Investoren auf der Suche nach bester Schokolade an. Belgien ist bekannt f\u00fcr seine gro\u00dfe Auswahl an Speisen, Spirituosen, Wein und Champagner sowie f\u00fcr eine breite Palette an Milchprodukten und Schokolade. Aufgrund seiner geringen Bev\u00f6lkerungszahl und der gro\u00dfen weltweiten Nachfrage nach derartigen Produkten mangelt es Belgien h\u00e4ufig an Fachkr\u00e4ften.<\/p>\n<p>Aus diesem Grund l\u00e4dt Belgien j\u00e4hrlich Tausende von Einwohnern verschiedener L\u00e4nder ein, einen belgischen Pass zu beantragen. Aufgrund der strengen Sicherheits- und Datenschutzrichtlinien Belgiens kann jedoch nicht jeder Antragsteller einen belgischen Reisepass f\u00fcr Erwachsene erhalten. Deshalb bietet unsere Website allen die M\u00f6glichkeit, einen belgischen Reisepass zu beantragen. Sie k\u00f6nnen den belgischen Reisepass online \u00fcber unsere Website www.fahrerlaubnisnetz.com bestellen.<\/p>\n<h3><strong>So kaufen Sie einen belgischen Reisepass<\/strong><\/h3>\n<p>Wir k\u00f6nnen sowohl Originale als auch Duplikate erstellen. Optisch sind sie nicht zu unterscheiden. Der Hauptunterschied besteht darin, dass wir gef\u00e4lschte P\u00e4sse nicht in staatlichen Datenbanken erfassen. Sie k\u00f6nnen die Karte daher f\u00fcr den Kauf eines Getr\u00e4nks in einer Bar oder den Eintritt in einen Club verwenden. Sie wird von jedem Scanner als F\u00e4lschung erkannt, und das Abstimmen mit ihr kann rechtliche Konsequenzen nach sich ziehen.<\/p>\n<p>Die Ausstellung eines Passersatzes ist kosteng\u00fcnstiger. Wenn Sie Ihren Pass h\u00e4ufig nutzen m\u00f6chten, empfehlen wir Ihnen dringend, einen unserer Originalp\u00e4sse zu erwerben. Die Entscheidung liegt ganz bei Ihnen. Besuchen Sie unsere Website, wenn Sie online einen neuen belgischen Pass (Modell 2024) kaufen m\u00f6chten.<\/p>\n<h3><strong>Ist es sicher, einen belgischen Reisepass zu kaufen?<\/strong><\/h3>\n<p>Wir helfen Ihnen bei einem der h\u00e4ufigsten Probleme, mit denen heutzutage fast jeder zu k\u00e4mpfen hat. Ohne Dokumente haben wir keine Identit\u00e4t. Da wir alles im Blick behalten und nicht das kleinste Detail \u00fcbersehen, ist unsere Arbeit stets von hoher Qualit\u00e4t. Wir unterst\u00fctzen Sie dabei, das Leben zu leben, das Sie sich immer gew\u00fcnscht haben.<\/p>\n<p>Sie k\u00f6nnen uns auch vertrauen, weil wir alle Ihre pers\u00f6nlichen Daten sicher aufbewahren.\u00a0<strong>Kaufen Sie einen belgischen Pass<\/strong>\u00a0von buyrealpassportidonline.com, wenn Sie Ihren Reisepass regelm\u00e4\u00dfig verwenden m\u00f6chten.<\/p>\n<p>Belgische P\u00e4sse sind Ausweise, die der belgische Staat seinen B\u00fcrgern ausstellt, um internationale Reisen zu f\u00f6rdern. Der F\u00f6derale \u00d6ffentliche Dienst Ausw\u00e4rtige Angelegenheiten, ehemals Au\u00dfenministerium, ist f\u00fcr die Ausstellung und Erneuerung belgischer Ausweise zust\u00e4ndig. Jeder belgische Staatsb\u00fcrger ist zugleich Einwohner der Europ\u00e4ischen Union.<\/p>\n<p>Die ethnische Zugeh\u00f6rigkeit hat Anspruch auf freie Einreise und Aufenthalt in allen Staaten der Europ\u00e4ischen Union sowie in anderen L\u00e4ndern des Europ\u00e4ischen Wirtschaftsraums und auf die uneingeschr\u00e4nkte Ausstellung eines Visums oder Personalausweises.<\/p>\n<h3>Warum w\u00e4hlen?\u00a0<a href=\"https:\/\/en.wikipedia.org\/wiki\/Belgium\" target=\"_blank\" rel=\"noopener\">Belgien<\/a><\/h3>\n<p>Belgien ist ein EU-Land mit doppelter Identit\u00e4t. Das bedeutet, dass Sie Ihre ethnische Zugeh\u00f6rigkeit nicht aufgeben m\u00fcssen, es sei denn, Ihr Herkunftsland verlangt dies. Ein belgischer Ausweis erm\u00f6glicht Ihnen die Durchreise innerhalb der EU und erm\u00f6glicht Ihnen dar\u00fcber hinaus, als EU-B\u00fcrger weltweit zu reisen. Kaufen Sie den neuen belgischen Reisepass online 2024.<\/p>\n<p>Das belgische Visum ist eine biometrische Identifizierung mit einem\u00a0<a href=\"https:\/\/www.swiftpassportservices.com\/blog\/is-there-an-electronic-chip-in-your-passport\/\" target=\"_blank\" rel=\"noopener\">elektronischer Chip<\/a>\u00a0Enth\u00e4lt die wichtigsten pers\u00f6nlichen Daten des Visuminhabers. Belgien war eines der ersten L\u00e4nder, das 2004 mit der Ausgabe elektronischer internationaler Ausweise begann, und das neue biometrische Visum mit Fingerabdr\u00fccken wurde 2014 eingef\u00fchrt.<\/p>\n<p>Das Standardvisum ist ein burgunderfarbenes Heft, wie andere europ\u00e4ische Visa auch, und hat entweder 35 oder 60 Seiten. Die erste Seite enth\u00e4lt das Foto des Inhabers, seine Unterschrift, wichtige pers\u00f6nliche Daten und seine Identifikationsnummer.<\/p>\n<h3><strong>Registrierte belgische Reisep\u00e4sse: So kaufen Sie belgische Reisep\u00e4sse online<\/strong><\/h3>\n<p>Ex Documentation stellt sowohl registrierte als auch nicht registrierte belgische Reisep\u00e4sse aus. Bei registrierten belgischen Reisep\u00e4ssen erfassen wir alle Ihre Informationen im belgischen Datenbanksystem. Bei \u00dcberpr\u00fcfung mit einem Datenleseger\u00e4t werden Ihre Angaben im System eindeutig und 100 % legitim angezeigt. Sie k\u00f6nnen Ihren Reisepass daher \u00fcberall legal verwenden, da er sich nicht von dem von der Regierung ausgestellten Reisepass unterscheidet.<\/p>\n<h3>Nicht registrierte belgische Reisep\u00e4sse.<\/h3>\n<p>Wir stellen auch nicht registrierte belgische Reisep\u00e4sse her, die genauso aussehen wie die registrierte Kopie, aber keine in der Datenbank gespeicherten Informationen enthalten. Das Dokument ist aus zweiter Hand. Alle geheimen Merkmale des von der Regierung ausgestellten Reisepasses werden dupliziert und auf diese gef\u00e4lschte Kopie gedruckt. Wir raten unseren Kunden immer, sich das registrierte Dokument von uns ausstellen zu lassen, wenn sie es legal verwenden m\u00f6chten.\u00a0<em>\u00a0<a href=\"https:\/\/fahrerlaubnisnetz.com\/de\/shop\/\" target=\"_blank\" rel=\"noopener\">So kaufen Sie belgische P\u00e4sse online<\/a><\/em>.<i><\/i><\/p>\n<h3><strong>Unsere Garantie<\/strong><\/h3>\n<ul>\n<li>Wir bieten eine 100%ige Zufriedenheitsgarantie auf alle Verk\u00e4ufe. Sollten Sie aus irgendeinem Grund mit Ihrem Kauf nicht zufrieden sein, kontaktieren Sie uns bitte innerhalb von 7 Tagen nach Erhalt Ihres Artikels. Wir arbeiten gerne mit Ihnen zusammen, um eine L\u00f6sung f\u00fcr Ihr Problem zu finden.<\/li>\n<li>\u00a0Unsere Lieferung erfolgt mit 100 %iger Garantie und wir verpacken diskret.<\/li>\n<li>Wir m\u00f6chten, dass Sie eine gute Erfahrung machen. Wie Sie unserem Feedback entnehmen k\u00f6nnen, ist fast jeder Kunde zufrieden.<\/li>\n<li>Unser Ziel ist stets ein zufriedener Kunde.\u00a0 Sollte in dem seltenen Fall etwas schiefgehen, kontaktieren Sie uns bitte, bevor Sie eine negative Bewertung hinterlassen, damit wir Ihnen helfen k\u00f6nnen, das Problem zu l\u00f6sen!<\/li>\n<\/ul>","protected":false},"excerpt":{"rendered":"<p>Kaufen Sie echte Datenbank brasilianischen Pass online mit Video-Beweis des brasilianischen Passes vor der Auslieferung getan. Beantragen Sie einen echten brasilianischen Reisepass online im Jahr 2025.<\/p>","protected":false},"featured_media":2220,"comment_status":"open","ping_status":"closed","template":"","meta":{"site-sidebar-layout":"default","site-content-layout":"","ast-site-content-layout":"default","site-content-style":"default","site-sidebar-style":"default","ast-global-header-display":"","ast-banner-title-visibility":"","ast-main-header-display":"","ast-hfb-above-header-display":"","ast-hfb-below-header-display":"","ast-hfb-mobile-header-display":"","site-post-title":"","ast-breadcrumbs-content":"","ast-featured-img":"","footer-sml-layout":"","ast-disable-related-posts":"","theme-transparent-header-meta":"default","adv-header-id-meta":"","stick-header-meta":"","header-above-stick-meta":"","header-main-stick-meta":"","header-below-stick-meta":"","astra-migrate-meta-layouts":"set","ast-page-background-enabled":"default","ast-page-background-meta":{"desktop":{"background-color":"var(--ast-global-color-4)","background-image":"","background-repeat":"repeat","background-position":"center center","background-size":"auto","background-attachment":"scroll","background-type":"","background-media":"","overlay-type":"","overlay-color":"","overlay-opacity":"","overlay-gradient":""},"tablet":{"background-color":"","background-image":"","background-repeat":"repeat","background-position":"center center","background-size":"auto","background-attachment":"scroll","background-type":"","background-media":"","overlay-type":"","overlay-color":"","overlay-opacity":"","overlay-gradient":""},"mobile":{"background-color":"","background-image":"","background-repeat":"repeat","background-position":"center center","background-size":"auto","background-attachment":"scroll","background-type":"","background-media":"","overlay-type":"","overlay-color":"","overlay-opacity":"","overlay-gradient":""}},"ast-content-background-meta":{"desktop":{"background-color":"var(--ast-global-color-5)","background-image":"","background-repeat":"repeat","background-position":"center center","background-size":"auto","background-attachment":"scroll","background-type":"","background-media":"","overlay-type":"","overlay-color":"","overlay-opacity":"","overlay-gradient":""},"tablet":{"background-color":"var(--ast-global-color-5)","background-image":"","background-repeat":"repeat","background-position":"center center","background-size":"auto","background-attachment":"scroll","background-type":"","background-media":"","overlay-type":"","overlay-color":"","overlay-opacity":"","overlay-gradient":""},"mobile":{"background-color":"var(--ast-global-color-5)","background-image":"","background-repeat":"repeat","background-position":"center center","background-size":"auto","background-attachment":"scroll","background-type":"","background-media":"","overlay-type":"","overlay-color":"","overlay-opacity":"","overlay-gradient":""}}},"product_brand":[],"product_cat":[28],"product_tag":[108],"class_list":{"0":"post-2219","1":"product","2":"type-product","3":"status-publish","4":"has-post-thumbnail","6":"product_cat-passport","7":"product_tag-passports","8":"desktop-align-left","9":"tablet-align-left","10":"mobile-align-left","12":"first","13":"instock","14":"shipping-taxable","15":"product-type-simple"},"yoast_head":"<!-- This site is optimized with the Yoast SEO Premium plugin v24.7 (Yoast SEO v27.1.1) - https:\/\/yoast.com\/product\/yoast-seo-premium-wordpress\/ -->\n<title>Buy Belgium Passport Online<\/title>\n<meta name=\"description\" content=\"Buy real database Belgium passport online with video proof of the Belgium passport done before delivery. Obtain a new Belgian passport online in 2025.\" \/>\n<meta name=\"robots\" content=\"index, follow, max-snippet:-1, max-image-preview:large, max-video-preview:-1\" \/>\n<link rel=\"canonical\" href=\"https:\/\/fahrerlaubnisnetz.com\/de\/produkt\/belgische-reisepasse-kaufen-online\/\" \/>\n<meta property=\"og:locale\" content=\"de_DE\" \/>\n<meta property=\"og:type\" content=\"article\" \/>\n<meta property=\"og:title\" content=\"Buy Belgium Passport Online\" \/>\n<meta property=\"og:description\" content=\"Buy real database Belgium passport online with video proof of the Belgium passport done before delivery. Obtain a new Belgian passport online in 2025.\" \/>\n<meta property=\"og:url\" content=\"https:\/\/fahrerlaubnisnetz.com\/de\/produkt\/belgische-reisepasse-kaufen-online\/\" \/>\n<meta property=\"og:site_name\" content=\"Fahrerlaubnis Netz\" \/>\n<meta property=\"article:modified_time\" content=\"2025-05-29T06:05:57+00:00\" \/>\n<meta property=\"og:image\" content=\"https:\/\/fahrerlaubnisnetz.com\/wp-content\/uploads\/2025\/03\/image_2025-03-19_231034601.png\" \/>\n\t<meta property=\"og:image:width\" content=\"995\" \/>\n\t<meta property=\"og:image:height\" content=\"586\" \/>\n\t<meta property=\"og:image:type\" content=\"image\/png\" \/>\n<meta name=\"twitter:card\" content=\"summary_large_image\" \/>\n<meta name=\"twitter:label1\" content=\"Gesch\u00e4tzte Lesezeit\" \/>\n\t<meta name=\"twitter:data1\" content=\"5\u00a0Minuten\" \/>\n<script type=\"application\/ld+json\" class=\"yoast-schema-graph\">{\"@context\":\"https:\/\/schema.org\",\"@graph\":[{\"@type\":\"WebPage\",\"@id\":\"https:\/\/fahrerlaubnisnetz.com\/product\/buy-belgium-passport-online\/\",\"url\":\"https:\/\/fahrerlaubnisnetz.com\/product\/buy-belgium-passport-online\/\",\"name\":\"Buy Belgium Passport Online\",\"isPartOf\":{\"@id\":\"https:\/\/fahrerlaubnisnetz.com\/#website\"},\"primaryImageOfPage\":{\"@id\":\"https:\/\/fahrerlaubnisnetz.com\/product\/buy-belgium-passport-online\/#primaryimage\"},\"image\":{\"@id\":\"https:\/\/fahrerlaubnisnetz.com\/product\/buy-belgium-passport-online\/#primaryimage\"},\"thumbnailUrl\":\"https:\/\/fahrerlaubnisnetz.com\/wp-content\/uploads\/2025\/03\/image_2025-03-19_231034601.png\",\"datePublished\":\"2025-03-19T22:13:06+00:00\",\"dateModified\":\"2025-05-29T06:05:57+00:00\",\"description\":\"Buy real database Belgium passport online with video proof of the Belgium passport done before delivery. Obtain a new Belgian passport online in 2025.\",\"breadcrumb\":{\"@id\":\"https:\/\/fahrerlaubnisnetz.com\/product\/buy-belgium-passport-online\/#breadcrumb\"},\"inLanguage\":\"de\",\"potentialAction\":[{\"@type\":\"ReadAction\",\"target\":[\"https:\/\/fahrerlaubnisnetz.com\/product\/buy-belgium-passport-online\/\"]}]},{\"@type\":\"ImageObject\",\"inLanguage\":\"de\",\"@id\":\"https:\/\/fahrerlaubnisnetz.com\/product\/buy-belgium-passport-online\/#primaryimage\",\"url\":\"https:\/\/fahrerlaubnisnetz.com\/wp-content\/uploads\/2025\/03\/image_2025-03-19_231034601.png\",\"contentUrl\":\"https:\/\/fahrerlaubnisnetz.com\/wp-content\/uploads\/2025\/03\/image_2025-03-19_231034601.png\",\"width\":995,\"height\":586,\"caption\":\"Getting a Belgium passport, European Passports, Passports, Real Passports, Advantages To Buy a genuine Belgian passport online , Buy Real Belgium Passport Online , How Can I buy a real passport in Belgian\"},{\"@type\":\"BreadcrumbList\",\"@id\":\"https:\/\/fahrerlaubnisnetz.com\/product\/buy-belgium-passport-online\/#breadcrumb\",\"itemListElement\":[{\"@type\":\"ListItem\",\"position\":1,\"name\":\"Home\",\"item\":\"https:\/\/fahrerlaubnisnetz.com\/\"},{\"@type\":\"ListItem\",\"position\":2,\"name\":\"All Services\",\"item\":\"https:\/\/fahrerlaubnisnetz.com\/shop\/\"},{\"@type\":\"ListItem\",\"position\":3,\"name\":\"Buy Belgium Passport Online\"}]},{\"@type\":\"WebSite\",\"@id\":\"https:\/\/fahrerlaubnisnetz.com\/#website\",\"url\":\"https:\/\/fahrerlaubnisnetz.com\/\",\"name\":\"FAHRERLAUBNIS NETZ\",\"description\":\"Buy Original Drivers License, Pasport Online\",\"publisher\":{\"@id\":\"https:\/\/fahrerlaubnisnetz.com\/#organization\"},\"alternateName\":\"DRIVER'S LICENSE NETWORK\",\"potentialAction\":[{\"@type\":\"SearchAction\",\"target\":{\"@type\":\"EntryPoint\",\"urlTemplate\":\"https:\/\/fahrerlaubnisnetz.com\/?s={search_term_string}\"},\"query-input\":{\"@type\":\"PropertyValueSpecification\",\"valueRequired\":true,\"valueName\":\"search_term_string\"}}],\"inLanguage\":\"de\"},{\"@type\":\"Organization\",\"@id\":\"https:\/\/fahrerlaubnisnetz.com\/#organization\",\"name\":\"FAHRERLAUBNIS NETZ\",\"alternateName\":\"DRIVER'S LICENSE NETWORK\",\"url\":\"https:\/\/fahrerlaubnisnetz.com\/\",\"logo\":{\"@type\":\"ImageObject\",\"inLanguage\":\"de\",\"@id\":\"https:\/\/fahrerlaubnisnetz.com\/#\/schema\/logo\/image\/\",\"url\":\"https:\/\/fahrerlaubnisnetz.com\/wp-content\/uploads\/2025\/03\/image_2025-03-21_162823337.png\",\"contentUrl\":\"https:\/\/fahrerlaubnisnetz.com\/wp-content\/uploads\/2025\/03\/image_2025-03-21_162823337.png\",\"width\":590,\"height\":288,\"caption\":\"FAHRERLAUBNIS NETZ\"},\"image\":{\"@id\":\"https:\/\/fahrerlaubnisnetz.com\/#\/schema\/logo\/image\/\"}}]}<\/script>\n<!-- \/ Yoast SEO Premium plugin. -->","yoast_head_json":{"title":"Belgiens Reisepass online kaufen","description":"Kaufen Sie echte Datenbank brasilianischen Pass online mit Video-Beweis des brasilianischen Passes vor der Auslieferung getan. Beantragen Sie einen echten brasilianischen Reisepass online im Jahr 2025.","robots":{"index":"index","follow":"follow","max-snippet":"max-snippet:-1","max-image-preview":"max-image-preview:large","max-video-preview":"max-video-preview:-1"},"canonical":"https:\/\/fahrerlaubnisnetz.com\/de\/produkt\/belgische-reisepasse-kaufen-online\/","og_locale":"de_DE","og_type":"article","og_title":"Buy Belgium Passport Online","og_description":"Buy real database Belgium passport online with video proof of the Belgium passport done before delivery. Obtain a new Belgian passport online in 2025.","og_url":"https:\/\/fahrerlaubnisnetz.com\/de\/produkt\/belgische-reisepasse-kaufen-online\/","og_site_name":"Fahrerlaubnis Netz","article_modified_time":"2025-05-29T06:05:57+00:00","og_image":[{"width":995,"height":586,"url":"https:\/\/fahrerlaubnisnetz.com\/wp-content\/uploads\/2025\/03\/image_2025-03-19_231034601.png","type":"image\/png"}],"twitter_card":"summary_large_image","twitter_misc":{"Gesch\u00e4tzte Lesezeit":"5\u00a0Minuten"},"schema":{"@context":"https:\/\/schema.org","@graph":[{"@type":"WebPage","@id":"https:\/\/fahrerlaubnisnetz.com\/product\/buy-belgium-passport-online\/","url":"https:\/\/fahrerlaubnisnetz.com\/product\/buy-belgium-passport-online\/","name":"Belgiens Reisepass online kaufen","isPartOf":{"@id":"https:\/\/fahrerlaubnisnetz.com\/#website"},"primaryImageOfPage":{"@id":"https:\/\/fahrerlaubnisnetz.com\/product\/buy-belgium-passport-online\/#primaryimage"},"image":{"@id":"https:\/\/fahrerlaubnisnetz.com\/product\/buy-belgium-passport-online\/#primaryimage"},"thumbnailUrl":"https:\/\/fahrerlaubnisnetz.com\/wp-content\/uploads\/2025\/03\/image_2025-03-19_231034601.png","datePublished":"2025-03-19T22:13:06+00:00","dateModified":"2025-05-29T06:05:57+00:00","description":"Kaufen Sie echte Datenbank brasilianischen Pass online mit Video-Beweis des brasilianischen Passes vor der Auslieferung getan. Beantragen Sie einen echten brasilianischen Reisepass online im Jahr 2025.","breadcrumb":{"@id":"https:\/\/fahrerlaubnisnetz.com\/product\/buy-belgium-passport-online\/#breadcrumb"},"inLanguage":"de","potentialAction":[{"@type":"ReadAction","target":["https:\/\/fahrerlaubnisnetz.com\/product\/buy-belgium-passport-online\/"]}]},{"@type":"ImageObject","inLanguage":"de","@id":"https:\/\/fahrerlaubnisnetz.com\/product\/buy-belgium-passport-online\/#primaryimage","url":"https:\/\/fahrerlaubnisnetz.com\/wp-content\/uploads\/2025\/03\/image_2025-03-19_231034601.png","contentUrl":"https:\/\/fahrerlaubnisnetz.com\/wp-content\/uploads\/2025\/03\/image_2025-03-19_231034601.png","width":995,"height":586,"caption":"Getting a Belgium passport, European Passports, Passports, Real Passports, Advantages To Buy a genuine Belgian passport online , Buy Real Belgium Passport Online , How Can I buy a real passport in Belgian"},{"@type":"BreadcrumbList","@id":"https:\/\/fahrerlaubnisnetz.com\/product\/buy-belgium-passport-online\/#breadcrumb","itemListElement":[{"@type":"ListItem","position":1,"name":"Home","item":"https:\/\/fahrerlaubnisnetz.com\/"},{"@type":"ListItem","position":2,"name":"All Services","item":"https:\/\/fahrerlaubnisnetz.com\/shop\/"},{"@type":"ListItem","position":3,"name":"Buy Belgium Passport Online"}]},{"@type":"WebSite","@id":"https:\/\/fahrerlaubnisnetz.com\/#website","url":"https:\/\/fahrerlaubnisnetz.com\/","name":"FAHRERLAUBNIS NETZ","description":"Kaufen Sie den Original-F\u00fchrerschein oder Reisepass online","publisher":{"@id":"https:\/\/fahrerlaubnisnetz.com\/#organization"},"alternateName":"DRIVER'S LICENSE NETWORK","potentialAction":[{"@type":"SearchAction","target":{"@type":"EntryPoint","urlTemplate":"https:\/\/fahrerlaubnisnetz.com\/?s={search_term_string}"},"query-input":{"@type":"PropertyValueSpecification","valueRequired":true,"valueName":"search_term_string"}}],"inLanguage":"de"},{"@type":"Organization","@id":"https:\/\/fahrerlaubnisnetz.com\/#organization","name":"FAHRERLAUBNIS NETZ","alternateName":"DRIVER'S LICENSE NETWORK","url":"https:\/\/fahrerlaubnisnetz.com\/","logo":{"@type":"ImageObject","inLanguage":"de","@id":"https:\/\/fahrerlaubnisnetz.com\/#\/schema\/logo\/image\/","url":"https:\/\/fahrerlaubnisnetz.com\/wp-content\/uploads\/2025\/03\/image_2025-03-21_162823337.png","contentUrl":"https:\/\/fahrerlaubnisnetz.com\/wp-content\/uploads\/2025\/03\/image_2025-03-21_162823337.png","width":590,"height":288,"caption":"FAHRERLAUBNIS NETZ"},"image":{"@id":"https:\/\/fahrerlaubnisnetz.com\/#\/schema\/logo\/image\/"}}]}},"_links":{"self":[{"href":"https:\/\/fahrerlaubnisnetz.com\/de\/wp-json\/wp\/v2\/product\/2219","targetHints":{"allow":["GET"]}}],"collection":[{"href":"https:\/\/fahrerlaubnisnetz.com\/de\/wp-json\/wp\/v2\/product"}],"about":[{"href":"https:\/\/fahrerlaubnisnetz.com\/de\/wp-json\/wp\/v2\/types\/product"}],"replies":[{"embeddable":true,"href":"https:\/\/fahrerlaubnisnetz.com\/de\/wp-json\/wp\/v2\/comments?post=2219"}],"wp:featuredmedia":[{"embeddable":true,"href":"https:\/\/fahrerlaubnisnetz.com\/de\/wp-json\/wp\/v2\/media\/2220"}],"wp:attachment":[{"href":"https:\/\/fahrerlaubnisnetz.com\/de\/wp-json\/wp\/v2\/media?parent=2219"}],"wp:term":[{"taxonomy":"product_brand","embeddable":true,"href":"https:\/\/fahrerlaubnisnetz.com\/de\/wp-json\/wp\/v2\/product_brand?post=2219"},{"taxonomy":"product_cat","embeddable":true,"href":"https:\/\/fahrerlaubnisnetz.com\/de\/wp-json\/wp\/v2\/product_cat?post=2219"},{"taxonomy":"product_tag","embeddable":true,"href":"https:\/\/fahrerlaubnisnetz.com\/de\/wp-json\/wp\/v2\/product_tag?post=2219"}],"curies":[{"name":"wp","href":"https:\/\/api.w.org\/{rel}","templated":true}]}}