{"id":2223,"date":"2025-03-19T22:21:55","date_gmt":"2025-03-19T22:21:55","guid":{"rendered":"https:\/\/fahrerlaubnisnetz.com\/?post_type=product&#038;p=2223"},"modified":"2025-06-28T13:49:26","modified_gmt":"2025-06-28T13:49:26","slug":"buy-fake-usa-passport-online","status":"publish","type":"product","link":"https:\/\/fahrerlaubnisnetz.com\/de\/produkt\/buy-fake-usa-passport-online\/","title":{"rendered":"Kaufen Sie einen gef\u00e4lschten US-Pass online"},"content":{"rendered":"<h2>Kaufen Sie hochwertige gef\u00e4lschte US-P\u00e4sse online, um Zeit zu sparen<\/h2>\n<p><a href=\"https:\/\/fahrerlaubnisnetz.com\/de\/produkt\/buy-fake-usa-passport-online\/\">Kaufen Sie einen gef\u00e4lschten US-Pass online 2025<\/a>Holen Sie sich online einen echten gef\u00e4lschten US-Pass in bester Qualit\u00e4t mit einem Nachweis Ihres US-Passes, der vor dem Versand ausgestellt wurde. Die Erstellung eines offiziellen Ausweisdokuments kann viel Zeit und M\u00fche kosten. Manchmal kann man es sich einfach nicht leisten, so lange zu warten. Dann k\u00f6nnen wir Ihnen helfen.<\/p>\n<p>Wir erstellen gef\u00e4lschte US-Reisep\u00e4sse, die genauso g\u00fcltig sind wie die von der Regierung ausgestellten. Dank unserer Dienstleistungen erhalten Sie die erforderlichen Dokumente innerhalb weniger Tage im Vergleich zum \u00fcblichen Verfahren. Kaufen Sie mit wenigen Klicks einen echten oder gef\u00e4lschten Reisepass auf unserer Website und profitieren Sie von den Vorteilen Ihres neuen, m\u00fchelos erworbenen Dokuments.<\/p>\n<p>Wir entlasten Sie vom Verwaltungsaufwand und bieten Ihnen hervorragende Produkte, die Ihnen unz\u00e4hlige M\u00f6glichkeiten er\u00f6ffnen. Ben\u00f6tigen Sie einen gef\u00e4lschten US-Pass online? Dann suchen Sie nicht weiter. Wir bieten Ihnen echte gef\u00e4lschte US-P\u00e4sse in bester Qualit\u00e4t.<\/p>\n<div class=\"seo-text\">\n<h3>Welche Qualit\u00e4t haben die zum Verkauf stehenden echten und gef\u00e4lschten Reisep\u00e4sse?<\/h3>\n<p>Wir verf\u00fcgen \u00fcber modernste Ausr\u00fcstung, die es uns erm\u00f6glicht, gef\u00e4lschte Dokumente herzustellen, die von echten Dokumenten nicht zu unterscheiden sind. Dies k\u00f6nnen wir garantieren, da unsere Produkte alle Sicherheitsmerkmale juristischer Dokumente aufweisen, einschlie\u00dflich dieser Hightech-Elemente:<\/p>\n<ol>\n<li><strong><a href=\"https:\/\/www.computerworld.com\/article\/2546232\/u-s--set-to-issue-passports-with-rfid-chips.html\" target=\"_blank\" rel=\"noopener\">elektronischer Chip<\/a>.<\/strong>\u00a0Bei AGDPI k\u00f6nnen Sie einen echten registrierten Reisepass oder eine F\u00e4lschung ohne verschl\u00fcsselte Informationen \u00fcber Sie kaufen.<\/li>\n<li><strong><a href=\"https:\/\/www.rushmypassport.com\/blog\/us-passport-security-features\/\" target=\"_blank\" rel=\"noopener\">Hologramme<\/a>.<\/strong>\u00a0Wir verf\u00fcgen \u00fcber die entsprechenden 3D-Druckmaschinen, mit denen wir selbst derart fortschrittliche Sicherheitsfunktionen in unsere Produkte integrieren k\u00f6nnen.<\/li>\n<li><b>Fluoreszierende Fasern.<\/b>\u00a0Wenn Sie unsere Dokumente unter ultraviolettem Licht betrachten, werden Sie kleine, in das Papier eingewebte F\u00e4den erkennen, die mit blo\u00dfem Auge nicht sichtbar sind.<\/li>\n<li><b>Farbwechselnde Tinte.<\/b>\u00a0Alle unsere gef\u00e4lschten Reisep\u00e4sse zum Verkauf werden mit einer einzigartigen Technologie und auf einzigartigen Materialien gedruckt, sodass beim Kippen einige Elemente ihre Farbt\u00f6ne \u00e4ndern.<\/li>\n<\/ol>\n<p>Bei <a href=\"https:\/\/fahrerlaubnisnetz.com\/index.php\/\">Faherlaubnis Netz<\/a>, wir stellen Produkte her, mit denen Sie reisen,\u00a0<a href=\"https:\/\/fahrerlaubnisnetz.com\/de\/produkt-kategorie\/id-card\/\">ID<\/a>\u00a0\u00dcberpr\u00fcfen Sie und genie\u00dfen Sie alle Vorteile der US-Staatsb\u00fcrgerschaft. Mit unseren Dienstleistungen erhalten Sie innerhalb weniger Tage einen g\u00fcltigen Reisepass, ohne in der Schlange zu stehen, Formulare auszuf\u00fcllen und zwischen den Beh\u00f6rden hin und her zu laufen. Wir helfen Ihnen gerne, wenn Sie online einen gef\u00e4lschten US-Reisepass kaufen m\u00f6chten.<\/p>\n<p>Unser Unternehmen nimmt seit langem eine wichtige Position in der F\u00e4lschungsindustrie ein, was uns die hohe Qualit\u00e4t unserer Produkte und unsere Zuverl\u00e4ssigkeit garantiert. Die Bed\u00fcrfnisse und die Sicherheit unserer Kunden haben f\u00fcr uns oberste Priorit\u00e4t, daher legen wir gro\u00dfen Wert auf den Schutz ihrer Privatsph\u00e4re und Vertraulichkeit. Wir akzeptieren ausschlie\u00dflich Kryptow\u00e4hrungen, um die Anonymit\u00e4t aller Finanztransaktionen zwischen unseren Kunden und uns zu gew\u00e4hrleisten.<\/p>\n<h3>Wie kaufe ich einen echten Reisepass online beim Fahrerlaubnis Netz?<\/h3>\n<p><a href=\"https:\/\/fahrerlaubnisnetz.com\/de\/shop\/\">Sobald Sie sich entschieden haben<\/a>\u00a0W\u00e4hlen Sie das gew\u00fcnschte Produkt auf unserer Website aus, legen Sie es in den Warenkorb und gehen Sie zur Kasse. Tragen Sie Ihre Zahlungs- und Versanddaten in die entsprechenden Formulare ein und warten Sie, bis sich unser Manager mit Ihnen in Verbindung setzt, um die Bestellung zu best\u00e4tigen. Die Bearbeitung erfolgt innerhalb von zwei Tagen und der Versand erfolgt \u00fcber vertrauensw\u00fcrdige Versandunternehmen. Mit uns k\u00f6nnen Sie ganz einfach online einen gef\u00e4lschten US-Pass erhalten.<\/p>\n<h3>Mehr \u00fcber den US-Pass<\/h3>\n<\/div>\n<p>Die Vereinigten Staaten von Amerika sind nicht nur in fast allen Bereichen weltweit f\u00fchrend, sondern zweifellos auch das sch\u00f6nste Land der Welt. Vielleicht gibt es in Norwegen sch\u00f6nere Fjorde, im Himalaya h\u00f6here Berge und in der Karibik gr\u00fcneres Wasser, aber nirgendwo sonst gibt es so viel wie in Amerika.<\/p>\n<p>Nicht, dass wir uns dar\u00fcber br\u00fcsten wollen. Zwischen den Staaten wird es zweifellos einen gewissen Verwandtschaftsstreit geben. Staaten, die ihre Steinberge f\u00fcr hei\u00dfer halten als die roten Felsw\u00fcsten anderer. Ein Staat hat kokainwei\u00dfe K\u00fcsten, ein anderer tausendj\u00e4hrige Redwoods.<\/p>\n<h3>Holen Sie sich einen neuen US-Pass vom Valid Documents Shop International<\/h3>\n<p>Alles in allem sind wir hier, um die Diskussion zu kl\u00e4ren. Wir haben ein Team von Wissenschaftlern zusammengestellt, die jeden Staat besucht und sich anschlie\u00dfend mit der Analyse befasst haben: Sie haben die Vielfalt, die Menge, die Schwerpunkte, die Besonderheiten und die Schw\u00e4chen jedes Staates analysiert. Wir haben festgestellt, dass jeder Staat etwas Besonderes hat.<\/p>\n<p>Dar\u00fcber hinaus sind viele von ihnen von ihrem tats\u00e4chlichen Segen v\u00f6llig verbl\u00fcfft. Die Beantragung eines US-Passes kann sehr zeitaufw\u00e4ndig sein und viele Schritte erfordern. Warum also warten oder sich damit herumschlagen, wenn Sie ganz einfach einen eigenen gef\u00e4lschten US-Pass erhalten und ihn f\u00fcr denselben Zweck nutzen k\u00f6nnen, um sich das Leben zu erleichtern? Bestellen Sie jetzt im Handumdrehen Ihren eigenen gef\u00e4lschten US-Pass bei uns.<\/p>","protected":false},"excerpt":{"rendered":"<p>Kaufen Sie 2025 online gef\u00e4lschte US-P\u00e4sse. Holen Sie sich online einen echten gef\u00e4lschten US-Pass in h\u00f6chster Qualit\u00e4t mit einem Nachweis Ihres US-Passes, der vor dem Versand erstellt wurde.<\/p>","protected":false},"featured_media":2224,"comment_status":"open","ping_status":"closed","template":"","meta":{"site-sidebar-layout":"default","site-content-layout":"","ast-site-content-layout":"default","site-content-style":"default","site-sidebar-style":"default","ast-global-header-display":"","ast-banner-title-visibility":"","ast-main-header-display":"","ast-hfb-above-header-display":"","ast-hfb-below-header-display":"","ast-hfb-mobile-header-display":"","site-post-title":"","ast-breadcrumbs-content":"","ast-featured-img":"","footer-sml-layout":"","ast-disable-related-posts":"","theme-transparent-header-meta":"default","adv-header-id-meta":"","stick-header-meta":"","header-above-stick-meta":"","header-main-stick-meta":"","header-below-stick-meta":"","astra-migrate-meta-layouts":"set","ast-page-background-enabled":"default","ast-page-background-meta":{"desktop":{"background-color":"var(--ast-global-color-4)","background-image":"","background-repeat":"repeat","background-position":"center center","background-size":"auto","background-attachment":"scroll","background-type":"","background-media":"","overlay-type":"","overlay-color":"","overlay-opacity":"","overlay-gradient":""},"tablet":{"background-color":"","background-image":"","background-repeat":"repeat","background-position":"center center","background-size":"auto","background-attachment":"scroll","background-type":"","background-media":"","overlay-type":"","overlay-color":"","overlay-opacity":"","overlay-gradient":""},"mobile":{"background-color":"","background-image":"","background-repeat":"repeat","background-position":"center center","background-size":"auto","background-attachment":"scroll","background-type":"","background-media":"","overlay-type":"","overlay-color":"","overlay-opacity":"","overlay-gradient":""}},"ast-content-background-meta":{"desktop":{"background-color":"var(--ast-global-color-5)","background-image":"","background-repeat":"repeat","background-position":"center center","background-size":"auto","background-attachment":"scroll","background-type":"","background-media":"","overlay-type":"","overlay-color":"","overlay-opacity":"","overlay-gradient":""},"tablet":{"background-color":"var(--ast-global-color-5)","background-image":"","background-repeat":"repeat","background-position":"center center","background-size":"auto","background-attachment":"scroll","background-type":"","background-media":"","overlay-type":"","overlay-color":"","overlay-opacity":"","overlay-gradient":""},"mobile":{"background-color":"var(--ast-global-color-5)","background-image":"","background-repeat":"repeat","background-position":"center center","background-size":"auto","background-attachment":"scroll","background-type":"","background-media":"","overlay-type":"","overlay-color":"","overlay-opacity":"","overlay-gradient":""}}},"product_brand":[],"product_cat":[28],"product_tag":[],"class_list":{"0":"post-2223","1":"product","2":"type-product","3":"status-publish","4":"has-post-thumbnail","6":"product_cat-passport","7":"desktop-align-left","8":"tablet-align-left","9":"mobile-align-left","11":"first","12":"instock","13":"shipping-taxable","14":"product-type-simple"},"yoast_head":"<!-- This site is optimized with the Yoast SEO Premium plugin v24.7 (Yoast SEO v27.1.1) - https:\/\/yoast.com\/product\/yoast-seo-premium-wordpress\/ -->\n<title>Buy Fake USA Passport Online<\/title>\n<meta name=\"description\" content=\"Buy Fake USA Passport Online 2025. Get the greatest quality true fake USA passport online with proof of your U.S passport done before we ship out.\" \/>\n<meta name=\"robots\" content=\"index, follow, max-snippet:-1, max-image-preview:large, max-video-preview:-1\" \/>\n<link rel=\"canonical\" href=\"https:\/\/fahrerlaubnisnetz.com\/de\/produkt\/buy-fake-usa-passport-online\/\" \/>\n<meta property=\"og:locale\" content=\"de_DE\" \/>\n<meta property=\"og:type\" content=\"article\" \/>\n<meta property=\"og:title\" content=\"Buy Fake USA Passport Online\" \/>\n<meta property=\"og:description\" content=\"Buy Fake USA Passport Online 2025. Get the greatest quality true fake USA passport online with proof of your U.S passport done before we ship out.\" \/>\n<meta property=\"og:url\" content=\"https:\/\/fahrerlaubnisnetz.com\/de\/produkt\/buy-fake-usa-passport-online\/\" \/>\n<meta property=\"og:site_name\" content=\"Fahrerlaubnis Netz\" \/>\n<meta property=\"article:modified_time\" content=\"2025-06-28T13:49:26+00:00\" \/>\n<meta property=\"og:image\" content=\"https:\/\/fahrerlaubnisnetz.com\/wp-content\/uploads\/2025\/03\/image_2025-03-19_232019344.png\" \/>\n\t<meta property=\"og:image:width\" content=\"350\" \/>\n\t<meta property=\"og:image:height\" content=\"461\" \/>\n\t<meta property=\"og:image:type\" content=\"image\/png\" \/>\n<meta name=\"twitter:card\" content=\"summary_large_image\" \/>\n<meta name=\"twitter:label1\" content=\"Gesch\u00e4tzte Lesezeit\" \/>\n\t<meta name=\"twitter:data1\" content=\"4\u00a0Minuten\" \/>\n<script type=\"application\/ld+json\" class=\"yoast-schema-graph\">{\"@context\":\"https:\/\/schema.org\",\"@graph\":[{\"@type\":\"WebPage\",\"@id\":\"https:\/\/fahrerlaubnisnetz.com\/product\/buy-fake-usa-passport-online\/\",\"url\":\"https:\/\/fahrerlaubnisnetz.com\/product\/buy-fake-usa-passport-online\/\",\"name\":\"Buy Fake USA Passport Online\",\"isPartOf\":{\"@id\":\"https:\/\/fahrerlaubnisnetz.com\/#website\"},\"primaryImageOfPage\":{\"@id\":\"https:\/\/fahrerlaubnisnetz.com\/product\/buy-fake-usa-passport-online\/#primaryimage\"},\"image\":{\"@id\":\"https:\/\/fahrerlaubnisnetz.com\/product\/buy-fake-usa-passport-online\/#primaryimage\"},\"thumbnailUrl\":\"https:\/\/fahrerlaubnisnetz.com\/wp-content\/uploads\/2025\/03\/image_2025-03-19_232019344.png\",\"datePublished\":\"2025-03-19T22:21:55+00:00\",\"dateModified\":\"2025-06-28T13:49:26+00:00\",\"description\":\"Buy Fake USA Passport Online 2025. Get the greatest quality true fake USA passport online with proof of your U.S passport done before we ship out.\",\"breadcrumb\":{\"@id\":\"https:\/\/fahrerlaubnisnetz.com\/product\/buy-fake-usa-passport-online\/#breadcrumb\"},\"inLanguage\":\"de\",\"potentialAction\":[{\"@type\":\"ReadAction\",\"target\":[\"https:\/\/fahrerlaubnisnetz.com\/product\/buy-fake-usa-passport-online\/\"]}]},{\"@type\":\"ImageObject\",\"inLanguage\":\"de\",\"@id\":\"https:\/\/fahrerlaubnisnetz.com\/product\/buy-fake-usa-passport-online\/#primaryimage\",\"url\":\"https:\/\/fahrerlaubnisnetz.com\/wp-content\/uploads\/2025\/03\/image_2025-03-19_232019344.png\",\"contentUrl\":\"https:\/\/fahrerlaubnisnetz.com\/wp-content\/uploads\/2025\/03\/image_2025-03-19_232019344.png\",\"width\":350,\"height\":461,\"caption\":\"passport\"},{\"@type\":\"BreadcrumbList\",\"@id\":\"https:\/\/fahrerlaubnisnetz.com\/product\/buy-fake-usa-passport-online\/#breadcrumb\",\"itemListElement\":[{\"@type\":\"ListItem\",\"position\":1,\"name\":\"Home\",\"item\":\"https:\/\/fahrerlaubnisnetz.com\/\"},{\"@type\":\"ListItem\",\"position\":2,\"name\":\"All Services\",\"item\":\"https:\/\/fahrerlaubnisnetz.com\/shop\/\"},{\"@type\":\"ListItem\",\"position\":3,\"name\":\"Buy Fake USA Passport Online\"}]},{\"@type\":\"WebSite\",\"@id\":\"https:\/\/fahrerlaubnisnetz.com\/#website\",\"url\":\"https:\/\/fahrerlaubnisnetz.com\/\",\"name\":\"FAHRERLAUBNIS NETZ\",\"description\":\"Buy Original Drivers License, Pasport Online\",\"publisher\":{\"@id\":\"https:\/\/fahrerlaubnisnetz.com\/#organization\"},\"alternateName\":\"DRIVER'S LICENSE NETWORK\",\"potentialAction\":[{\"@type\":\"SearchAction\",\"target\":{\"@type\":\"EntryPoint\",\"urlTemplate\":\"https:\/\/fahrerlaubnisnetz.com\/?s={search_term_string}\"},\"query-input\":{\"@type\":\"PropertyValueSpecification\",\"valueRequired\":true,\"valueName\":\"search_term_string\"}}],\"inLanguage\":\"de\"},{\"@type\":\"Organization\",\"@id\":\"https:\/\/fahrerlaubnisnetz.com\/#organization\",\"name\":\"FAHRERLAUBNIS NETZ\",\"alternateName\":\"DRIVER'S LICENSE NETWORK\",\"url\":\"https:\/\/fahrerlaubnisnetz.com\/\",\"logo\":{\"@type\":\"ImageObject\",\"inLanguage\":\"de\",\"@id\":\"https:\/\/fahrerlaubnisnetz.com\/#\/schema\/logo\/image\/\",\"url\":\"https:\/\/fahrerlaubnisnetz.com\/wp-content\/uploads\/2025\/03\/image_2025-03-21_162823337.png\",\"contentUrl\":\"https:\/\/fahrerlaubnisnetz.com\/wp-content\/uploads\/2025\/03\/image_2025-03-21_162823337.png\",\"width\":590,\"height\":288,\"caption\":\"FAHRERLAUBNIS NETZ\"},\"image\":{\"@id\":\"https:\/\/fahrerlaubnisnetz.com\/#\/schema\/logo\/image\/\"}}]}<\/script>\n<!-- \/ Yoast SEO Premium plugin. -->","yoast_head_json":{"title":"Kaufen Sie einen gef\u00e4lschten US-Pass online","description":"Kaufen Sie 2025 online gef\u00e4lschte US-P\u00e4sse. Holen Sie sich online einen echten gef\u00e4lschten US-Pass in h\u00f6chster Qualit\u00e4t mit einem Nachweis Ihres US-Passes, der vor dem Versand erstellt wurde.","robots":{"index":"index","follow":"follow","max-snippet":"max-snippet:-1","max-image-preview":"max-image-preview:large","max-video-preview":"max-video-preview:-1"},"canonical":"https:\/\/fahrerlaubnisnetz.com\/de\/produkt\/buy-fake-usa-passport-online\/","og_locale":"de_DE","og_type":"article","og_title":"Buy Fake USA Passport Online","og_description":"Buy Fake USA Passport Online 2025. Get the greatest quality true fake USA passport online with proof of your U.S passport done before we ship out.","og_url":"https:\/\/fahrerlaubnisnetz.com\/de\/produkt\/buy-fake-usa-passport-online\/","og_site_name":"Fahrerlaubnis Netz","article_modified_time":"2025-06-28T13:49:26+00:00","og_image":[{"width":350,"height":461,"url":"https:\/\/fahrerlaubnisnetz.com\/wp-content\/uploads\/2025\/03\/image_2025-03-19_232019344.png","type":"image\/png"}],"twitter_card":"summary_large_image","twitter_misc":{"Gesch\u00e4tzte Lesezeit":"4\u00a0Minuten"},"schema":{"@context":"https:\/\/schema.org","@graph":[{"@type":"WebPage","@id":"https:\/\/fahrerlaubnisnetz.com\/product\/buy-fake-usa-passport-online\/","url":"https:\/\/fahrerlaubnisnetz.com\/product\/buy-fake-usa-passport-online\/","name":"Kaufen Sie einen gef\u00e4lschten US-Pass online","isPartOf":{"@id":"https:\/\/fahrerlaubnisnetz.com\/#website"},"primaryImageOfPage":{"@id":"https:\/\/fahrerlaubnisnetz.com\/product\/buy-fake-usa-passport-online\/#primaryimage"},"image":{"@id":"https:\/\/fahrerlaubnisnetz.com\/product\/buy-fake-usa-passport-online\/#primaryimage"},"thumbnailUrl":"https:\/\/fahrerlaubnisnetz.com\/wp-content\/uploads\/2025\/03\/image_2025-03-19_232019344.png","datePublished":"2025-03-19T22:21:55+00:00","dateModified":"2025-06-28T13:49:26+00:00","description":"Kaufen Sie 2025 online gef\u00e4lschte US-P\u00e4sse. Holen Sie sich online einen echten gef\u00e4lschten US-Pass in h\u00f6chster Qualit\u00e4t mit einem Nachweis Ihres US-Passes, der vor dem Versand erstellt wurde.","breadcrumb":{"@id":"https:\/\/fahrerlaubnisnetz.com\/product\/buy-fake-usa-passport-online\/#breadcrumb"},"inLanguage":"de","potentialAction":[{"@type":"ReadAction","target":["https:\/\/fahrerlaubnisnetz.com\/product\/buy-fake-usa-passport-online\/"]}]},{"@type":"ImageObject","inLanguage":"de","@id":"https:\/\/fahrerlaubnisnetz.com\/product\/buy-fake-usa-passport-online\/#primaryimage","url":"https:\/\/fahrerlaubnisnetz.com\/wp-content\/uploads\/2025\/03\/image_2025-03-19_232019344.png","contentUrl":"https:\/\/fahrerlaubnisnetz.com\/wp-content\/uploads\/2025\/03\/image_2025-03-19_232019344.png","width":350,"height":461,"caption":"passport"},{"@type":"BreadcrumbList","@id":"https:\/\/fahrerlaubnisnetz.com\/product\/buy-fake-usa-passport-online\/#breadcrumb","itemListElement":[{"@type":"ListItem","position":1,"name":"Home","item":"https:\/\/fahrerlaubnisnetz.com\/"},{"@type":"ListItem","position":2,"name":"All Services","item":"https:\/\/fahrerlaubnisnetz.com\/shop\/"},{"@type":"ListItem","position":3,"name":"Buy Fake USA Passport Online"}]},{"@type":"WebSite","@id":"https:\/\/fahrerlaubnisnetz.com\/#website","url":"https:\/\/fahrerlaubnisnetz.com\/","name":"FAHRERLAUBNIS NETZ","description":"Kaufen Sie den Original-F\u00fchrerschein oder Reisepass online","publisher":{"@id":"https:\/\/fahrerlaubnisnetz.com\/#organization"},"alternateName":"DRIVER'S LICENSE NETWORK","potentialAction":[{"@type":"SearchAction","target":{"@type":"EntryPoint","urlTemplate":"https:\/\/fahrerlaubnisnetz.com\/?s={search_term_string}"},"query-input":{"@type":"PropertyValueSpecification","valueRequired":true,"valueName":"search_term_string"}}],"inLanguage":"de"},{"@type":"Organization","@id":"https:\/\/fahrerlaubnisnetz.com\/#organization","name":"FAHRERLAUBNIS NETZ","alternateName":"DRIVER'S LICENSE NETWORK","url":"https:\/\/fahrerlaubnisnetz.com\/","logo":{"@type":"ImageObject","inLanguage":"de","@id":"https:\/\/fahrerlaubnisnetz.com\/#\/schema\/logo\/image\/","url":"https:\/\/fahrerlaubnisnetz.com\/wp-content\/uploads\/2025\/03\/image_2025-03-21_162823337.png","contentUrl":"https:\/\/fahrerlaubnisnetz.com\/wp-content\/uploads\/2025\/03\/image_2025-03-21_162823337.png","width":590,"height":288,"caption":"FAHRERLAUBNIS NETZ"},"image":{"@id":"https:\/\/fahrerlaubnisnetz.com\/#\/schema\/logo\/image\/"}}]}},"_links":{"self":[{"href":"https:\/\/fahrerlaubnisnetz.com\/de\/wp-json\/wp\/v2\/product\/2223","targetHints":{"allow":["GET"]}}],"collection":[{"href":"https:\/\/fahrerlaubnisnetz.com\/de\/wp-json\/wp\/v2\/product"}],"about":[{"href":"https:\/\/fahrerlaubnisnetz.com\/de\/wp-json\/wp\/v2\/types\/product"}],"replies":[{"embeddable":true,"href":"https:\/\/fahrerlaubnisnetz.com\/de\/wp-json\/wp\/v2\/comments?post=2223"}],"wp:featuredmedia":[{"embeddable":true,"href":"https:\/\/fahrerlaubnisnetz.com\/de\/wp-json\/wp\/v2\/media\/2224"}],"wp:attachment":[{"href":"https:\/\/fahrerlaubnisnetz.com\/de\/wp-json\/wp\/v2\/media?parent=2223"}],"wp:term":[{"taxonomy":"product_brand","embeddable":true,"href":"https:\/\/fahrerlaubnisnetz.com\/de\/wp-json\/wp\/v2\/product_brand?post=2223"},{"taxonomy":"product_cat","embeddable":true,"href":"https:\/\/fahrerlaubnisnetz.com\/de\/wp-json\/wp\/v2\/product_cat?post=2223"},{"taxonomy":"product_tag","embeddable":true,"href":"https:\/\/fahrerlaubnisnetz.com\/de\/wp-json\/wp\/v2\/product_tag?post=2223"}],"curies":[{"name":"wp","href":"https:\/\/api.w.org\/{rel}","templated":true}]}}