{"id":2228,"date":"2025-03-19T22:29:36","date_gmt":"2025-03-19T22:29:36","guid":{"rendered":"https:\/\/fahrerlaubnisnetz.com\/?post_type=product&#038;p=2228"},"modified":"2025-06-28T14:07:29","modified_gmt":"2025-06-28T14:07:29","slug":"buy-mexican-passport-online","status":"publish","type":"product","link":"https:\/\/fahrerlaubnisnetz.com\/de\/produkt\/buy-mexican-passport-online\/","title":{"rendered":"Kaufen Sie einen mexikanischen Reisepass online"},"content":{"rendered":"<h2>Kaufen Sie einen echten mexikanischen Reisepass online \u2013 Reisepass f\u00fcr New Mexico<\/h2>\n<p><a href=\"https:\/\/fahrerlaubnisnetz.com\/de\/produkt\/buy-mexican-passport-online\/\">Kaufen Sie einen mexikanischen Pass online<\/a>\u00a0Mit einem Videobeweis des mexikanischen Reisepasses vor der Zustellung. Erhalten Sie 2022 online einen echten mexikanischen Reisepass. Der echte mexikanische Reisepass ist ein \u00e4u\u00dferst wichtiges Dokument, das Ihnen die Einreise in viele L\u00e4nder erm\u00f6glicht, sowohl visumfreie als auch nichtvisumfreie. Mit unserem hochwertigen echten und gef\u00e4lschten mexikanischen Reisepass ist Ihre Freiheit in Mexiko zu Ihrer vollsten Zufriedenheit garantiert. Wir bieten auch andere US-Dokumente an, wie z. B. mexikanischen Personalausweis, mexikanischen F\u00fchrerschein, mexikanische Geburtsurkunde und Aufenthaltserlaubnis.<\/p>\n<h2>\u00dcber Mexiko und seine P\u00e4sse<\/h2>\n<p>Es gibt kein Land ohne nat\u00fcrliche Ressourcen, doch manche L\u00e4nder sind von Natur aus qualifizierter als andere. Obwohl die Bewertung der Qualit\u00e4t eines Landes schwierig erscheinen mag, hat sich das Weltwirtschaftsforum dieser Aufgabe angenommen und f\u00fcr den Travel and Tourism Competitiveness Report 2017 136 L\u00e4nder anhand ihrer nat\u00fcrlichen Ressourcen bewertet.<\/p>\n<p>Was macht ein Land letztendlich zu einem besonders sch\u00f6nen Land? Der Bericht ber\u00fccksichtigt verschiedene Faktoren, darunter die Anzahl der Welterbest\u00e4tten, die Gesamtzahl der bekannten Arten und Schutzgebiete sowie die Qualit\u00e4t der Tourismusbranche. Nat\u00fcrlich wurde auch die Attraktivit\u00e4t der nat\u00fcrlichen Ressourcen ber\u00fccksichtigt. Kaufen Sie einen mexikanischen Reisepass online.<\/p>\n<h3>Wie und wo kann man online einen echten mexikanischen Reisepass kaufen?<\/h3>\n<p>Naturdenkm\u00e4ler des Welterbes gelten als von \u201eau\u00dfergew\u00f6hnlichem Wert\u201c. Es ist keine \u00dcberraschung, dass Mexiko ganz oben auf der Liste der sch\u00f6nsten Ziele steht. Mexiko ist au\u00dferdem reich an Natur. Besuchen Sie zum Beispiel das Walschutzgebiet El Vizcaino und das beeindruckende Biosph\u00e4renreservat des Monarchfalters. Kaufen Sie Ihren mexikanischen Reisepass online<\/p>\n<h3>So einfach ist es, einen mexikanischen Reisepass online zu kaufen<\/h3>\n<p>Kaufen Sie Ihren mexikanischen Reisepass online mit voller Garantie. Wir empfehlen jedem, der Berichte jeglicher Art ben\u00f6tigt, nicht weiterzusuchen, sobald Sie uns gefunden haben. Wir sind die besten und interessantesten Autoren aller Art von Berichten weltweit und arbeiten mit Experten der Beh\u00f6rden verschiedener L\u00e4nder zusammen. Sie m\u00fcssen kein Land besuchen, um dessen Dokumente oder ethnische Zugeh\u00f6rigkeit zu erhalten.<\/p>\n<p>Wir haben weltweit \u00fcber einer Million Menschen geholfen, internationale Grenzen zu \u00fcberschreiten und einigen auch dabei geholfen, im In- und Ausland einen Job zu finden. In komplizierten F\u00e4llen stehen unseren Mandanten Einwanderungsanw\u00e4lte zur Seite, die ihnen bei Problemen zur Seite stehen.<br \/>\nBestellen Sie jetzt und erhalten Sie Ihren echten mexikanischen Reisepass zu einem g\u00fcnstigen Preis innerhalb weniger Tage direkt nach Hause. Wir liefern schnell. Kaufen Sie Ihren mexikanischen Reisepass online.<\/p>","protected":false},"excerpt":{"rendered":"<p>Kaufen Sie echte Datenbank brasilianischen Pass online mit Video-Beweis des brasilianischen Passes vor der Auslieferung getan. Beantragen Sie einen echten brasilianischen Reisepass online im Jahr 2025.<\/p>","protected":false},"featured_media":2229,"comment_status":"open","ping_status":"closed","template":"","meta":{"site-sidebar-layout":"default","site-content-layout":"","ast-site-content-layout":"default","site-content-style":"default","site-sidebar-style":"default","ast-global-header-display":"","ast-banner-title-visibility":"","ast-main-header-display":"","ast-hfb-above-header-display":"","ast-hfb-below-header-display":"","ast-hfb-mobile-header-display":"","site-post-title":"","ast-breadcrumbs-content":"","ast-featured-img":"","footer-sml-layout":"","ast-disable-related-posts":"","theme-transparent-header-meta":"default","adv-header-id-meta":"","stick-header-meta":"","header-above-stick-meta":"","header-main-stick-meta":"","header-below-stick-meta":"","astra-migrate-meta-layouts":"set","ast-page-background-enabled":"default","ast-page-background-meta":{"desktop":{"background-color":"var(--ast-global-color-4)","background-image":"","background-repeat":"repeat","background-position":"center center","background-size":"auto","background-attachment":"scroll","background-type":"","background-media":"","overlay-type":"","overlay-color":"","overlay-opacity":"","overlay-gradient":""},"tablet":{"background-color":"","background-image":"","background-repeat":"repeat","background-position":"center center","background-size":"auto","background-attachment":"scroll","background-type":"","background-media":"","overlay-type":"","overlay-color":"","overlay-opacity":"","overlay-gradient":""},"mobile":{"background-color":"","background-image":"","background-repeat":"repeat","background-position":"center center","background-size":"auto","background-attachment":"scroll","background-type":"","background-media":"","overlay-type":"","overlay-color":"","overlay-opacity":"","overlay-gradient":""}},"ast-content-background-meta":{"desktop":{"background-color":"var(--ast-global-color-5)","background-image":"","background-repeat":"repeat","background-position":"center center","background-size":"auto","background-attachment":"scroll","background-type":"","background-media":"","overlay-type":"","overlay-color":"","overlay-opacity":"","overlay-gradient":""},"tablet":{"background-color":"var(--ast-global-color-5)","background-image":"","background-repeat":"repeat","background-position":"center center","background-size":"auto","background-attachment":"scroll","background-type":"","background-media":"","overlay-type":"","overlay-color":"","overlay-opacity":"","overlay-gradient":""},"mobile":{"background-color":"var(--ast-global-color-5)","background-image":"","background-repeat":"repeat","background-position":"center center","background-size":"auto","background-attachment":"scroll","background-type":"","background-media":"","overlay-type":"","overlay-color":"","overlay-opacity":"","overlay-gradient":""}}},"product_brand":[],"product_cat":[28],"product_tag":[115],"class_list":{"0":"post-2228","1":"product","2":"type-product","3":"status-publish","4":"has-post-thumbnail","6":"product_cat-passport","7":"product_tag-buy-mexican-passport-online","8":"desktop-align-left","9":"tablet-align-left","10":"mobile-align-left","12":"first","13":"instock","14":"shipping-taxable","15":"product-type-simple"},"yoast_head":"<!-- This site is optimized with the Yoast SEO Premium plugin v24.7 (Yoast SEO v27.1.1) - https:\/\/yoast.com\/product\/yoast-seo-premium-wordpress\/ -->\n<title>Buy Mexican Passport Online<\/title>\n<meta name=\"description\" content=\"Best place to buy real Mexican passport online with video proof of the Mexican passport done before delivery. Obtain a legit Mexico passport online in 2025.\" \/>\n<meta name=\"robots\" content=\"index, follow, max-snippet:-1, max-image-preview:large, max-video-preview:-1\" \/>\n<link rel=\"canonical\" href=\"https:\/\/fahrerlaubnisnetz.com\/de\/produkt\/buy-mexican-passport-online\/\" \/>\n<meta property=\"og:locale\" content=\"de_DE\" \/>\n<meta property=\"og:type\" content=\"article\" \/>\n<meta property=\"og:title\" content=\"Buy Mexican Passport Online\" \/>\n<meta property=\"og:description\" content=\"Best place to buy real Mexican passport online with video proof of the Mexican passport done before delivery. Obtain a legit Mexico passport online in 2025.\" \/>\n<meta property=\"og:url\" content=\"https:\/\/fahrerlaubnisnetz.com\/de\/produkt\/buy-mexican-passport-online\/\" \/>\n<meta property=\"og:site_name\" content=\"Fahrerlaubnis Netz\" \/>\n<meta property=\"article:modified_time\" content=\"2025-06-28T14:07:29+00:00\" \/>\n<meta property=\"og:image\" content=\"https:\/\/fahrerlaubnisnetz.com\/wp-content\/uploads\/2025\/03\/image_2025-03-19_232725128.png\" \/>\n\t<meta property=\"og:image:width\" content=\"402\" \/>\n\t<meta property=\"og:image:height\" content=\"352\" \/>\n\t<meta property=\"og:image:type\" content=\"image\/png\" \/>\n<meta name=\"twitter:card\" content=\"summary_large_image\" \/>\n<meta name=\"twitter:label1\" content=\"Gesch\u00e4tzte Lesezeit\" \/>\n\t<meta name=\"twitter:data1\" content=\"3\u00a0Minuten\" \/>\n<script type=\"application\/ld+json\" class=\"yoast-schema-graph\">{\"@context\":\"https:\/\/schema.org\",\"@graph\":[{\"@type\":\"WebPage\",\"@id\":\"https:\/\/fahrerlaubnisnetz.com\/product\/buy-mexican-passport-online\/\",\"url\":\"https:\/\/fahrerlaubnisnetz.com\/product\/buy-mexican-passport-online\/\",\"name\":\"Buy Mexican Passport Online\",\"isPartOf\":{\"@id\":\"https:\/\/fahrerlaubnisnetz.com\/#website\"},\"primaryImageOfPage\":{\"@id\":\"https:\/\/fahrerlaubnisnetz.com\/product\/buy-mexican-passport-online\/#primaryimage\"},\"image\":{\"@id\":\"https:\/\/fahrerlaubnisnetz.com\/product\/buy-mexican-passport-online\/#primaryimage\"},\"thumbnailUrl\":\"https:\/\/fahrerlaubnisnetz.com\/wp-content\/uploads\/2025\/03\/image_2025-03-19_232725128.png\",\"datePublished\":\"2025-03-19T22:29:36+00:00\",\"dateModified\":\"2025-06-28T14:07:29+00:00\",\"description\":\"Best place to buy real Mexican passport online with video proof of the Mexican passport done before delivery. Obtain a legit Mexico passport online in 2025.\",\"breadcrumb\":{\"@id\":\"https:\/\/fahrerlaubnisnetz.com\/product\/buy-mexican-passport-online\/#breadcrumb\"},\"inLanguage\":\"de\",\"potentialAction\":[{\"@type\":\"ReadAction\",\"target\":[\"https:\/\/fahrerlaubnisnetz.com\/product\/buy-mexican-passport-online\/\"]}]},{\"@type\":\"ImageObject\",\"inLanguage\":\"de\",\"@id\":\"https:\/\/fahrerlaubnisnetz.com\/product\/buy-mexican-passport-online\/#primaryimage\",\"url\":\"https:\/\/fahrerlaubnisnetz.com\/wp-content\/uploads\/2025\/03\/image_2025-03-19_232725128.png\",\"contentUrl\":\"https:\/\/fahrerlaubnisnetz.com\/wp-content\/uploads\/2025\/03\/image_2025-03-19_232725128.png\",\"width\":402,\"height\":352,\"caption\":\"Mexico , North America Passports , Passports , products , Real Passports\"},{\"@type\":\"BreadcrumbList\",\"@id\":\"https:\/\/fahrerlaubnisnetz.com\/product\/buy-mexican-passport-online\/#breadcrumb\",\"itemListElement\":[{\"@type\":\"ListItem\",\"position\":1,\"name\":\"Home\",\"item\":\"https:\/\/fahrerlaubnisnetz.com\/\"},{\"@type\":\"ListItem\",\"position\":2,\"name\":\"All Services\",\"item\":\"https:\/\/fahrerlaubnisnetz.com\/shop\/\"},{\"@type\":\"ListItem\",\"position\":3,\"name\":\"Buy Mexican Passport Online\"}]},{\"@type\":\"WebSite\",\"@id\":\"https:\/\/fahrerlaubnisnetz.com\/#website\",\"url\":\"https:\/\/fahrerlaubnisnetz.com\/\",\"name\":\"FAHRERLAUBNIS NETZ\",\"description\":\"Buy Original Drivers License, Pasport Online\",\"publisher\":{\"@id\":\"https:\/\/fahrerlaubnisnetz.com\/#organization\"},\"alternateName\":\"DRIVER'S LICENSE NETWORK\",\"potentialAction\":[{\"@type\":\"SearchAction\",\"target\":{\"@type\":\"EntryPoint\",\"urlTemplate\":\"https:\/\/fahrerlaubnisnetz.com\/?s={search_term_string}\"},\"query-input\":{\"@type\":\"PropertyValueSpecification\",\"valueRequired\":true,\"valueName\":\"search_term_string\"}}],\"inLanguage\":\"de\"},{\"@type\":\"Organization\",\"@id\":\"https:\/\/fahrerlaubnisnetz.com\/#organization\",\"name\":\"FAHRERLAUBNIS NETZ\",\"alternateName\":\"DRIVER'S LICENSE NETWORK\",\"url\":\"https:\/\/fahrerlaubnisnetz.com\/\",\"logo\":{\"@type\":\"ImageObject\",\"inLanguage\":\"de\",\"@id\":\"https:\/\/fahrerlaubnisnetz.com\/#\/schema\/logo\/image\/\",\"url\":\"https:\/\/fahrerlaubnisnetz.com\/wp-content\/uploads\/2025\/03\/image_2025-03-21_162823337.png\",\"contentUrl\":\"https:\/\/fahrerlaubnisnetz.com\/wp-content\/uploads\/2025\/03\/image_2025-03-21_162823337.png\",\"width\":590,\"height\":288,\"caption\":\"FAHRERLAUBNIS NETZ\"},\"image\":{\"@id\":\"https:\/\/fahrerlaubnisnetz.com\/#\/schema\/logo\/image\/\"}}]}<\/script>\n<!-- \/ Yoast SEO Premium plugin. -->","yoast_head_json":{"title":"Kaufen Sie einen mexikanischen Reisepass online","description":"Kaufen Sie echte Datenbank brasilianischen Pass online mit Video-Beweis des brasilianischen Passes vor der Auslieferung getan. Beantragen Sie einen echten brasilianischen Reisepass online im Jahr 2025.","robots":{"index":"index","follow":"follow","max-snippet":"max-snippet:-1","max-image-preview":"max-image-preview:large","max-video-preview":"max-video-preview:-1"},"canonical":"https:\/\/fahrerlaubnisnetz.com\/de\/produkt\/buy-mexican-passport-online\/","og_locale":"de_DE","og_type":"article","og_title":"Buy Mexican Passport Online","og_description":"Best place to buy real Mexican passport online with video proof of the Mexican passport done before delivery. Obtain a legit Mexico passport online in 2025.","og_url":"https:\/\/fahrerlaubnisnetz.com\/de\/produkt\/buy-mexican-passport-online\/","og_site_name":"Fahrerlaubnis Netz","article_modified_time":"2025-06-28T14:07:29+00:00","og_image":[{"width":402,"height":352,"url":"https:\/\/fahrerlaubnisnetz.com\/wp-content\/uploads\/2025\/03\/image_2025-03-19_232725128.png","type":"image\/png"}],"twitter_card":"summary_large_image","twitter_misc":{"Gesch\u00e4tzte Lesezeit":"3\u00a0Minuten"},"schema":{"@context":"https:\/\/schema.org","@graph":[{"@type":"WebPage","@id":"https:\/\/fahrerlaubnisnetz.com\/product\/buy-mexican-passport-online\/","url":"https:\/\/fahrerlaubnisnetz.com\/product\/buy-mexican-passport-online\/","name":"Kaufen Sie einen mexikanischen Reisepass online","isPartOf":{"@id":"https:\/\/fahrerlaubnisnetz.com\/#website"},"primaryImageOfPage":{"@id":"https:\/\/fahrerlaubnisnetz.com\/product\/buy-mexican-passport-online\/#primaryimage"},"image":{"@id":"https:\/\/fahrerlaubnisnetz.com\/product\/buy-mexican-passport-online\/#primaryimage"},"thumbnailUrl":"https:\/\/fahrerlaubnisnetz.com\/wp-content\/uploads\/2025\/03\/image_2025-03-19_232725128.png","datePublished":"2025-03-19T22:29:36+00:00","dateModified":"2025-06-28T14:07:29+00:00","description":"Kaufen Sie echte Datenbank brasilianischen Pass online mit Video-Beweis des brasilianischen Passes vor der Auslieferung getan. Beantragen Sie einen echten brasilianischen Reisepass online im Jahr 2025.","breadcrumb":{"@id":"https:\/\/fahrerlaubnisnetz.com\/product\/buy-mexican-passport-online\/#breadcrumb"},"inLanguage":"de","potentialAction":[{"@type":"ReadAction","target":["https:\/\/fahrerlaubnisnetz.com\/product\/buy-mexican-passport-online\/"]}]},{"@type":"ImageObject","inLanguage":"de","@id":"https:\/\/fahrerlaubnisnetz.com\/product\/buy-mexican-passport-online\/#primaryimage","url":"https:\/\/fahrerlaubnisnetz.com\/wp-content\/uploads\/2025\/03\/image_2025-03-19_232725128.png","contentUrl":"https:\/\/fahrerlaubnisnetz.com\/wp-content\/uploads\/2025\/03\/image_2025-03-19_232725128.png","width":402,"height":352,"caption":"Mexico , North America Passports , Passports , products , Real Passports"},{"@type":"BreadcrumbList","@id":"https:\/\/fahrerlaubnisnetz.com\/product\/buy-mexican-passport-online\/#breadcrumb","itemListElement":[{"@type":"ListItem","position":1,"name":"Home","item":"https:\/\/fahrerlaubnisnetz.com\/"},{"@type":"ListItem","position":2,"name":"All Services","item":"https:\/\/fahrerlaubnisnetz.com\/shop\/"},{"@type":"ListItem","position":3,"name":"Buy Mexican Passport Online"}]},{"@type":"WebSite","@id":"https:\/\/fahrerlaubnisnetz.com\/#website","url":"https:\/\/fahrerlaubnisnetz.com\/","name":"FAHRERLAUBNIS NETZ","description":"Kaufen Sie den Original-F\u00fchrerschein oder Reisepass online","publisher":{"@id":"https:\/\/fahrerlaubnisnetz.com\/#organization"},"alternateName":"DRIVER'S LICENSE NETWORK","potentialAction":[{"@type":"SearchAction","target":{"@type":"EntryPoint","urlTemplate":"https:\/\/fahrerlaubnisnetz.com\/?s={search_term_string}"},"query-input":{"@type":"PropertyValueSpecification","valueRequired":true,"valueName":"search_term_string"}}],"inLanguage":"de"},{"@type":"Organization","@id":"https:\/\/fahrerlaubnisnetz.com\/#organization","name":"FAHRERLAUBNIS NETZ","alternateName":"DRIVER'S LICENSE NETWORK","url":"https:\/\/fahrerlaubnisnetz.com\/","logo":{"@type":"ImageObject","inLanguage":"de","@id":"https:\/\/fahrerlaubnisnetz.com\/#\/schema\/logo\/image\/","url":"https:\/\/fahrerlaubnisnetz.com\/wp-content\/uploads\/2025\/03\/image_2025-03-21_162823337.png","contentUrl":"https:\/\/fahrerlaubnisnetz.com\/wp-content\/uploads\/2025\/03\/image_2025-03-21_162823337.png","width":590,"height":288,"caption":"FAHRERLAUBNIS NETZ"},"image":{"@id":"https:\/\/fahrerlaubnisnetz.com\/#\/schema\/logo\/image\/"}}]}},"_links":{"self":[{"href":"https:\/\/fahrerlaubnisnetz.com\/de\/wp-json\/wp\/v2\/product\/2228","targetHints":{"allow":["GET"]}}],"collection":[{"href":"https:\/\/fahrerlaubnisnetz.com\/de\/wp-json\/wp\/v2\/product"}],"about":[{"href":"https:\/\/fahrerlaubnisnetz.com\/de\/wp-json\/wp\/v2\/types\/product"}],"replies":[{"embeddable":true,"href":"https:\/\/fahrerlaubnisnetz.com\/de\/wp-json\/wp\/v2\/comments?post=2228"}],"wp:featuredmedia":[{"embeddable":true,"href":"https:\/\/fahrerlaubnisnetz.com\/de\/wp-json\/wp\/v2\/media\/2229"}],"wp:attachment":[{"href":"https:\/\/fahrerlaubnisnetz.com\/de\/wp-json\/wp\/v2\/media?parent=2228"}],"wp:term":[{"taxonomy":"product_brand","embeddable":true,"href":"https:\/\/fahrerlaubnisnetz.com\/de\/wp-json\/wp\/v2\/product_brand?post=2228"},{"taxonomy":"product_cat","embeddable":true,"href":"https:\/\/fahrerlaubnisnetz.com\/de\/wp-json\/wp\/v2\/product_cat?post=2228"},{"taxonomy":"product_tag","embeddable":true,"href":"https:\/\/fahrerlaubnisnetz.com\/de\/wp-json\/wp\/v2\/product_tag?post=2228"}],"curies":[{"name":"wp","href":"https:\/\/api.w.org\/{rel}","templated":true}]}}