{"id":2233,"date":"2025-03-19T22:38:26","date_gmt":"2025-03-19T22:38:26","guid":{"rendered":"https:\/\/fahrerlaubnisnetz.com\/?post_type=product&#038;p=2233"},"modified":"2025-06-25T16:10:21","modified_gmt":"2025-06-25T16:10:21","slug":"kanadische-geburtsurkunde-kaufen","status":"publish","type":"product","link":"https:\/\/fahrerlaubnisnetz.com\/de\/produkt\/kanadische-geburtsurkunde-kaufen\/","title":{"rendered":"Kanadische Geburtsurkunde kaufen"},"content":{"rendered":"<div id=\"nasa-single-product-tabs\" class=\"product-details\">\n<div class=\"nasa-tabs-content woocommerce-tabs\">\n<div class=\"nasa-panels nasa-desc-wrap\">\n<div id=\"nasa-tab-description\" class=\"nasa-panel nasa-content-description active\">\n<div class=\"row\">\n<div class=\"large-12 columns nasa-content-panel\">\n<h2>Kaufen Sie eine kanadische Geburtsurkunde<\/h2>\n<p><a href=\"https:\/\/fahrerlaubnisnetz.com\/de\/produkt\/kanadische-geburtsurkunde-kaufen\/\">Kaufen Sie eine kanadische Geburtsurkunde online<\/a><b>.<\/b>\u00a0The Canada birth certificate is a\u00a0<a title=\"Vital record\" href=\"https:\/\/en.wikipedia.org\/wiki\/Vital_record\" target=\"_blank\" rel=\"noopener\">Lebenswichtiger Rekord<\/a>\u00a0die die Geburt eines Kindes dokumentiert. Die Urkunde kann als Identit\u00e4tsnachweis verwendet werden. Eine Geburtsurkunde kann nur f\u00fcr eine Geburt ausgestellt werden, die vom Standesamt registriert wurde.<\/p>\n<p>Kaufen Sie bei uns innerhalb von 5 Tagen eine echte kanadische Geburtsurkunde. Eine kanadische Geburtsurkunde ist eine rechtsg\u00fcltige Urkunde \u00fcber eine in Kanada stattgefundene Geburt.<\/p>\n<h2>Geburtsurkundenformate in Kanada<\/h2>\n<p>Beh\u00f6rden und Organisationen verlangen manchmal einen Identit\u00e4tsnachweis. Sie k\u00f6nnen eine Kurzform oder eine Langform der Geburtsurkunde erhalten. Die Kurzform enth\u00e4lt die Angaben zum Kind. Die Langform enth\u00e4lt die Angaben zum Kind und den Eltern. Sie k\u00f6nnen uns mitteilen, welche Geburtsurkunde Sie ben\u00f6tigen. Kaufen Sie kanadische Geburtsurkunden online mit voller Garantie.<\/p>\n<section id=\"eligibility\">\n<h3>Teilnahmeberechtigung<\/h3>\n<p>Eine Geburtsurkunde ist ein rechtsg\u00fcltiger Nachweis einer in Kanada stattgefundenen Geburt. Um eine Geburtsurkunde beantragen zu k\u00f6nnen, muss die Geburt in einer kanadischen Provinz stattgefunden haben. Kontaktieren Sie uns f\u00fcr weitere Informationen zur Berechtigung. Unsere Experten erkl\u00e4ren Ihnen alles, was Sie f\u00fcr die Ausstellung und Registrierung der Geburtsurkunde im Personenstandsregister ben\u00f6tigen. Kaufen Sie eine kanadische Geburtsurkunde in Kanada<\/p>\n<\/section>\n<section id=\"how-to-apply\">\n<h3>So bestellen Sie online eine kanadische Geburtsurkunde.<\/h3>\n<ol>\n<li>Beantragen Sie das Zertifikat online.<\/li>\n<li>Kontaktieren Sie uns \u00fcber das Kontaktformular oder direkt per E-Mail oder Telefon, um die von Ihnen ben\u00f6tigten Angaben zur Ausstellung der Geburtsurkunde zu erhalten.<\/li>\n<li>Legen Sie Ihrer Bewerbung die Zahlung bei. Sie werden \u00fcber die Zahlungsmodalit\u00e4ten informiert.<\/li>\n<li>Senden Sie Ihren vollst\u00e4ndigen Antrag, die erforderlichen Angaben und die Zahlung.<\/li>\n<\/ol>\n<\/section>\n<section id=\"how-long-it-takes\">\n<h3>Wie lange dauert es, eine Langform der kanadischen Geburtsurkunde zu kaufen?<\/h3>\n<p>Es dauert etwa 5 bis 7 Tage, um online eine echte kanadische Geburtsurkunde zu erhalten. Es kann l\u00e4nger dauern, wenn weitere Informationen ben\u00f6tigt werden oder das Formular nicht korrekt ausgef\u00fcllt wurde. Kaufen Sie eine kanadische Geburtsurkunde im Langformat.<\/p>\n<\/section>\n<\/div>\n<\/div>\n<\/div>\n<\/div>\n<\/div>\n<\/div>","protected":false},"excerpt":{"rendered":"<p>A\u00a0<b>Kanadische Geburtsurkunde<\/b>\u00a0ist eine Personenstandsurkunde, die die Geburt eines Kindes dokumentiert. Der Begriff \u201eGeburtsurkunde\u201c kann sich entweder auf das Originaldokument beziehen, das die Umst\u00e4nde der Geburt bescheinigt, oder auf eine beglaubigte Kopie oder Darstellung der darauf folgenden Registrierung dieser Geburt.<\/p>","protected":false},"featured_media":2234,"comment_status":"open","ping_status":"closed","template":"","meta":{"site-sidebar-layout":"default","site-content-layout":"","ast-site-content-layout":"default","site-content-style":"default","site-sidebar-style":"default","ast-global-header-display":"","ast-banner-title-visibility":"","ast-main-header-display":"","ast-hfb-above-header-display":"","ast-hfb-below-header-display":"","ast-hfb-mobile-header-display":"","site-post-title":"","ast-breadcrumbs-content":"","ast-featured-img":"","footer-sml-layout":"","ast-disable-related-posts":"","theme-transparent-header-meta":"default","adv-header-id-meta":"","stick-header-meta":"","header-above-stick-meta":"","header-main-stick-meta":"","header-below-stick-meta":"","astra-migrate-meta-layouts":"set","ast-page-background-enabled":"default","ast-page-background-meta":{"desktop":{"background-color":"var(--ast-global-color-4)","background-image":"","background-repeat":"repeat","background-position":"center center","background-size":"auto","background-attachment":"scroll","background-type":"","background-media":"","overlay-type":"","overlay-color":"","overlay-opacity":"","overlay-gradient":""},"tablet":{"background-color":"","background-image":"","background-repeat":"repeat","background-position":"center center","background-size":"auto","background-attachment":"scroll","background-type":"","background-media":"","overlay-type":"","overlay-color":"","overlay-opacity":"","overlay-gradient":""},"mobile":{"background-color":"","background-image":"","background-repeat":"repeat","background-position":"center center","background-size":"auto","background-attachment":"scroll","background-type":"","background-media":"","overlay-type":"","overlay-color":"","overlay-opacity":"","overlay-gradient":""}},"ast-content-background-meta":{"desktop":{"background-color":"var(--ast-global-color-5)","background-image":"","background-repeat":"repeat","background-position":"center center","background-size":"auto","background-attachment":"scroll","background-type":"","background-media":"","overlay-type":"","overlay-color":"","overlay-opacity":"","overlay-gradient":""},"tablet":{"background-color":"var(--ast-global-color-5)","background-image":"","background-repeat":"repeat","background-position":"center center","background-size":"auto","background-attachment":"scroll","background-type":"","background-media":"","overlay-type":"","overlay-color":"","overlay-opacity":"","overlay-gradient":""},"mobile":{"background-color":"var(--ast-global-color-5)","background-image":"","background-repeat":"repeat","background-position":"center center","background-size":"auto","background-attachment":"scroll","background-type":"","background-media":"","overlay-type":"","overlay-color":"","overlay-opacity":"","overlay-gradient":""}}},"product_brand":[],"product_cat":[30,28],"product_tag":[],"class_list":{"0":"post-2233","1":"product","2":"type-product","3":"status-publish","4":"has-post-thumbnail","6":"product_cat-buy-drivers-license","7":"product_cat-passport","8":"desktop-align-left","9":"tablet-align-left","10":"mobile-align-left","12":"first","13":"instock","14":"shipping-taxable","15":"product-type-simple"},"yoast_head":"<!-- This site is optimized with the Yoast SEO Premium plugin v24.7 (Yoast SEO v27.1.1) - https:\/\/yoast.com\/product\/yoast-seo-premium-wordpress\/ -->\n<title>Buy Canadian Birth Certificate<\/title>\n<meta name=\"description\" content=\"Buying a\u00a0Canadian birth certificate online\u00a0is a\u00a0vital record\u00a0that documents the\u00a0birth of a child. The term \u201cbirth certificate\u201d can refer to either the ori..\" \/>\n<meta name=\"robots\" content=\"index, follow, max-snippet:-1, max-image-preview:large, max-video-preview:-1\" \/>\n<link rel=\"canonical\" href=\"https:\/\/fahrerlaubnisnetz.com\/de\/produkt\/kanadische-geburtsurkunde-kaufen\/\" \/>\n<meta property=\"og:locale\" content=\"de_DE\" \/>\n<meta property=\"og:type\" content=\"article\" \/>\n<meta property=\"og:title\" content=\"Buy Canadian Birth Certificate\" \/>\n<meta property=\"og:description\" content=\"Buying a\u00a0Canadian birth certificate online\u00a0is a\u00a0vital record\u00a0that documents the\u00a0birth of a child. The term \u201cbirth certificate\u201d can refer to either the ori..\" \/>\n<meta property=\"og:url\" content=\"https:\/\/fahrerlaubnisnetz.com\/de\/produkt\/kanadische-geburtsurkunde-kaufen\/\" \/>\n<meta property=\"og:site_name\" content=\"Fahrerlaubnis Netz\" \/>\n<meta property=\"article:modified_time\" content=\"2025-06-25T16:10:21+00:00\" \/>\n<meta property=\"og:image\" content=\"https:\/\/fahrerlaubnisnetz.com\/wp-content\/uploads\/2025\/03\/image_2025-03-19_233732066.png\" \/>\n\t<meta property=\"og:image:width\" content=\"505\" \/>\n\t<meta property=\"og:image:height\" content=\"451\" \/>\n\t<meta property=\"og:image:type\" content=\"image\/png\" \/>\n<meta name=\"twitter:card\" content=\"summary_large_image\" \/>\n<meta name=\"twitter:label1\" content=\"Gesch\u00e4tzte Lesezeit\" \/>\n\t<meta name=\"twitter:data1\" content=\"2\u00a0Minuten\" \/>\n<script type=\"application\/ld+json\" class=\"yoast-schema-graph\">{\"@context\":\"https:\/\/schema.org\",\"@graph\":[{\"@type\":\"WebPage\",\"@id\":\"https:\/\/fahrerlaubnisnetz.com\/product\/buy-canadian-birth-certificate\/\",\"url\":\"https:\/\/fahrerlaubnisnetz.com\/product\/buy-canadian-birth-certificate\/\",\"name\":\"Buy Canadian Birth Certificate\",\"isPartOf\":{\"@id\":\"https:\/\/fahrerlaubnisnetz.com\/#website\"},\"primaryImageOfPage\":{\"@id\":\"https:\/\/fahrerlaubnisnetz.com\/product\/buy-canadian-birth-certificate\/#primaryimage\"},\"image\":{\"@id\":\"https:\/\/fahrerlaubnisnetz.com\/product\/buy-canadian-birth-certificate\/#primaryimage\"},\"thumbnailUrl\":\"https:\/\/fahrerlaubnisnetz.com\/wp-content\/uploads\/2025\/03\/image_2025-03-19_233732066.png\",\"datePublished\":\"2025-03-19T22:38:26+00:00\",\"dateModified\":\"2025-06-25T16:10:21+00:00\",\"description\":\"Buying a\u00a0Canadian birth certificate online\u00a0is a\u00a0vital record\u00a0that documents the\u00a0birth of a child. The term \u201cbirth certificate\u201d can refer to either the ori..\",\"breadcrumb\":{\"@id\":\"https:\/\/fahrerlaubnisnetz.com\/product\/buy-canadian-birth-certificate\/#breadcrumb\"},\"inLanguage\":\"de\",\"potentialAction\":[{\"@type\":\"ReadAction\",\"target\":[\"https:\/\/fahrerlaubnisnetz.com\/product\/buy-canadian-birth-certificate\/\"]}]},{\"@type\":\"ImageObject\",\"inLanguage\":\"de\",\"@id\":\"https:\/\/fahrerlaubnisnetz.com\/product\/buy-canadian-birth-certificate\/#primaryimage\",\"url\":\"https:\/\/fahrerlaubnisnetz.com\/wp-content\/uploads\/2025\/03\/image_2025-03-19_233732066.png\",\"contentUrl\":\"https:\/\/fahrerlaubnisnetz.com\/wp-content\/uploads\/2025\/03\/image_2025-03-19_233732066.png\",\"width\":505,\"height\":451},{\"@type\":\"BreadcrumbList\",\"@id\":\"https:\/\/fahrerlaubnisnetz.com\/product\/buy-canadian-birth-certificate\/#breadcrumb\",\"itemListElement\":[{\"@type\":\"ListItem\",\"position\":1,\"name\":\"Home\",\"item\":\"https:\/\/fahrerlaubnisnetz.com\/\"},{\"@type\":\"ListItem\",\"position\":2,\"name\":\"All Services\",\"item\":\"https:\/\/fahrerlaubnisnetz.com\/shop\/\"},{\"@type\":\"ListItem\",\"position\":3,\"name\":\"Buy Canadian Birth Certificate\"}]},{\"@type\":\"WebSite\",\"@id\":\"https:\/\/fahrerlaubnisnetz.com\/#website\",\"url\":\"https:\/\/fahrerlaubnisnetz.com\/\",\"name\":\"FAHRERLAUBNIS NETZ\",\"description\":\"Buy Original Drivers License, Pasport Online\",\"publisher\":{\"@id\":\"https:\/\/fahrerlaubnisnetz.com\/#organization\"},\"alternateName\":\"DRIVER'S LICENSE NETWORK\",\"potentialAction\":[{\"@type\":\"SearchAction\",\"target\":{\"@type\":\"EntryPoint\",\"urlTemplate\":\"https:\/\/fahrerlaubnisnetz.com\/?s={search_term_string}\"},\"query-input\":{\"@type\":\"PropertyValueSpecification\",\"valueRequired\":true,\"valueName\":\"search_term_string\"}}],\"inLanguage\":\"de\"},{\"@type\":\"Organization\",\"@id\":\"https:\/\/fahrerlaubnisnetz.com\/#organization\",\"name\":\"FAHRERLAUBNIS NETZ\",\"alternateName\":\"DRIVER'S LICENSE NETWORK\",\"url\":\"https:\/\/fahrerlaubnisnetz.com\/\",\"logo\":{\"@type\":\"ImageObject\",\"inLanguage\":\"de\",\"@id\":\"https:\/\/fahrerlaubnisnetz.com\/#\/schema\/logo\/image\/\",\"url\":\"https:\/\/fahrerlaubnisnetz.com\/wp-content\/uploads\/2025\/03\/image_2025-03-21_162823337.png\",\"contentUrl\":\"https:\/\/fahrerlaubnisnetz.com\/wp-content\/uploads\/2025\/03\/image_2025-03-21_162823337.png\",\"width\":590,\"height\":288,\"caption\":\"FAHRERLAUBNIS NETZ\"},\"image\":{\"@id\":\"https:\/\/fahrerlaubnisnetz.com\/#\/schema\/logo\/image\/\"}}]}<\/script>\n<!-- \/ Yoast SEO Premium plugin. -->","yoast_head_json":{"title":"Kanadische Geburtsurkunde kaufen","description":"Der Online-Kauf einer kanadischen Geburtsurkunde ist eine Personenstandsurkunde, die die Geburt eines Kindes dokumentiert. Der Begriff \u201eGeburtsurkunde\u201c kann sich entweder auf die urspr\u00fcngliche Geburtsurkunde beziehen.","robots":{"index":"index","follow":"follow","max-snippet":"max-snippet:-1","max-image-preview":"max-image-preview:large","max-video-preview":"max-video-preview:-1"},"canonical":"https:\/\/fahrerlaubnisnetz.com\/de\/produkt\/kanadische-geburtsurkunde-kaufen\/","og_locale":"de_DE","og_type":"article","og_title":"Buy Canadian Birth Certificate","og_description":"Buying a\u00a0Canadian birth certificate online\u00a0is a\u00a0vital record\u00a0that documents the\u00a0birth of a child. The term \u201cbirth certificate\u201d can refer to either the ori..","og_url":"https:\/\/fahrerlaubnisnetz.com\/de\/produkt\/kanadische-geburtsurkunde-kaufen\/","og_site_name":"Fahrerlaubnis Netz","article_modified_time":"2025-06-25T16:10:21+00:00","og_image":[{"width":505,"height":451,"url":"https:\/\/fahrerlaubnisnetz.com\/wp-content\/uploads\/2025\/03\/image_2025-03-19_233732066.png","type":"image\/png"}],"twitter_card":"summary_large_image","twitter_misc":{"Gesch\u00e4tzte Lesezeit":"2\u00a0Minuten"},"schema":{"@context":"https:\/\/schema.org","@graph":[{"@type":"WebPage","@id":"https:\/\/fahrerlaubnisnetz.com\/product\/buy-canadian-birth-certificate\/","url":"https:\/\/fahrerlaubnisnetz.com\/product\/buy-canadian-birth-certificate\/","name":"Kanadische Geburtsurkunde kaufen","isPartOf":{"@id":"https:\/\/fahrerlaubnisnetz.com\/#website"},"primaryImageOfPage":{"@id":"https:\/\/fahrerlaubnisnetz.com\/product\/buy-canadian-birth-certificate\/#primaryimage"},"image":{"@id":"https:\/\/fahrerlaubnisnetz.com\/product\/buy-canadian-birth-certificate\/#primaryimage"},"thumbnailUrl":"https:\/\/fahrerlaubnisnetz.com\/wp-content\/uploads\/2025\/03\/image_2025-03-19_233732066.png","datePublished":"2025-03-19T22:38:26+00:00","dateModified":"2025-06-25T16:10:21+00:00","description":"Der Online-Kauf einer kanadischen Geburtsurkunde ist eine Personenstandsurkunde, die die Geburt eines Kindes dokumentiert. Der Begriff \u201eGeburtsurkunde\u201c kann sich entweder auf die urspr\u00fcngliche Geburtsurkunde beziehen.","breadcrumb":{"@id":"https:\/\/fahrerlaubnisnetz.com\/product\/buy-canadian-birth-certificate\/#breadcrumb"},"inLanguage":"de","potentialAction":[{"@type":"ReadAction","target":["https:\/\/fahrerlaubnisnetz.com\/product\/buy-canadian-birth-certificate\/"]}]},{"@type":"ImageObject","inLanguage":"de","@id":"https:\/\/fahrerlaubnisnetz.com\/product\/buy-canadian-birth-certificate\/#primaryimage","url":"https:\/\/fahrerlaubnisnetz.com\/wp-content\/uploads\/2025\/03\/image_2025-03-19_233732066.png","contentUrl":"https:\/\/fahrerlaubnisnetz.com\/wp-content\/uploads\/2025\/03\/image_2025-03-19_233732066.png","width":505,"height":451},{"@type":"BreadcrumbList","@id":"https:\/\/fahrerlaubnisnetz.com\/product\/buy-canadian-birth-certificate\/#breadcrumb","itemListElement":[{"@type":"ListItem","position":1,"name":"Home","item":"https:\/\/fahrerlaubnisnetz.com\/"},{"@type":"ListItem","position":2,"name":"All Services","item":"https:\/\/fahrerlaubnisnetz.com\/shop\/"},{"@type":"ListItem","position":3,"name":"Buy Canadian Birth Certificate"}]},{"@type":"WebSite","@id":"https:\/\/fahrerlaubnisnetz.com\/#website","url":"https:\/\/fahrerlaubnisnetz.com\/","name":"FAHRERLAUBNIS NETZ","description":"Kaufen Sie den Original-F\u00fchrerschein oder Reisepass online","publisher":{"@id":"https:\/\/fahrerlaubnisnetz.com\/#organization"},"alternateName":"DRIVER'S LICENSE NETWORK","potentialAction":[{"@type":"SearchAction","target":{"@type":"EntryPoint","urlTemplate":"https:\/\/fahrerlaubnisnetz.com\/?s={search_term_string}"},"query-input":{"@type":"PropertyValueSpecification","valueRequired":true,"valueName":"search_term_string"}}],"inLanguage":"de"},{"@type":"Organization","@id":"https:\/\/fahrerlaubnisnetz.com\/#organization","name":"FAHRERLAUBNIS NETZ","alternateName":"DRIVER'S LICENSE NETWORK","url":"https:\/\/fahrerlaubnisnetz.com\/","logo":{"@type":"ImageObject","inLanguage":"de","@id":"https:\/\/fahrerlaubnisnetz.com\/#\/schema\/logo\/image\/","url":"https:\/\/fahrerlaubnisnetz.com\/wp-content\/uploads\/2025\/03\/image_2025-03-21_162823337.png","contentUrl":"https:\/\/fahrerlaubnisnetz.com\/wp-content\/uploads\/2025\/03\/image_2025-03-21_162823337.png","width":590,"height":288,"caption":"FAHRERLAUBNIS NETZ"},"image":{"@id":"https:\/\/fahrerlaubnisnetz.com\/#\/schema\/logo\/image\/"}}]}},"_links":{"self":[{"href":"https:\/\/fahrerlaubnisnetz.com\/de\/wp-json\/wp\/v2\/product\/2233","targetHints":{"allow":["GET"]}}],"collection":[{"href":"https:\/\/fahrerlaubnisnetz.com\/de\/wp-json\/wp\/v2\/product"}],"about":[{"href":"https:\/\/fahrerlaubnisnetz.com\/de\/wp-json\/wp\/v2\/types\/product"}],"replies":[{"embeddable":true,"href":"https:\/\/fahrerlaubnisnetz.com\/de\/wp-json\/wp\/v2\/comments?post=2233"}],"wp:featuredmedia":[{"embeddable":true,"href":"https:\/\/fahrerlaubnisnetz.com\/de\/wp-json\/wp\/v2\/media\/2234"}],"wp:attachment":[{"href":"https:\/\/fahrerlaubnisnetz.com\/de\/wp-json\/wp\/v2\/media?parent=2233"}],"wp:term":[{"taxonomy":"product_brand","embeddable":true,"href":"https:\/\/fahrerlaubnisnetz.com\/de\/wp-json\/wp\/v2\/product_brand?post=2233"},{"taxonomy":"product_cat","embeddable":true,"href":"https:\/\/fahrerlaubnisnetz.com\/de\/wp-json\/wp\/v2\/product_cat?post=2233"},{"taxonomy":"product_tag","embeddable":true,"href":"https:\/\/fahrerlaubnisnetz.com\/de\/wp-json\/wp\/v2\/product_tag?post=2233"}],"curies":[{"name":"wp","href":"https:\/\/api.w.org\/{rel}","templated":true}]}}