{"id":2244,"date":"2025-03-19T22:55:31","date_gmt":"2025-03-19T22:55:31","guid":{"rendered":"https:\/\/fahrerlaubnisnetz.com\/?post_type=product&#038;p=2244"},"modified":"2025-05-24T13:26:41","modified_gmt":"2025-05-24T13:26:41","slug":"spain-id-karte-kaufen","status":"publish","type":"product","link":"https:\/\/fahrerlaubnisnetz.com\/de\/produkt\/spain-id-karte-kaufen\/","title":{"rendered":"Spanien ID-Karte kaufen"},"content":{"rendered":"<h2>Kaufen Sie Ihren spanischen Personalausweis online<\/h2>\n<p><a href=\"https:\/\/fahrerlaubnisnetz.com\/de\/produkt\/spain-id-karte-kaufen\/\"><strong>Kaufen Sie online einen echten, g\u00fcltigen spanischen Personalausweis<\/strong><\/a>\u00a0mit Nachweis des Personalausweises vor der Lieferung. Unsere neuen spanischen ID-Karten sind echt und k\u00f6nnen \u00fcberpr\u00fcft werden. 100% sicher im Gebrauch. Kaufen Sie eine echte Qualit\u00e4t Spanien ID-Karte online. Was ist eine g\u00fcltige ID Spanien? Die folgenden sind g\u00fcltige Ausweisdokumente in Spanien: ein spanischer Reisepass oder ein Reisepass oder Personalausweis eines Landes, das der EU oder dem EWR angeh\u00f6rt.<\/p>\n<p>Der spanische Personalausweis ist ein g\u00fcltiges Reisedokument innerhalb der gesamten Europ\u00e4ischen Union. Ein Personalausweis ist in der Regel 10 Jahre f\u00fcr Erwachsene und 5 Jahre f\u00fcr Minderj\u00e4hrige g\u00fcltig.<\/p>\n<h2>\u00dcber spanische Personalausweise<\/h2>\n<p>Kaufen Sie den besten spanischen Personalausweis (DNI) online. Modell 2021. Der Personalausweis (DNI) ist ein spanischer Personalausweis. Alle spanischen Staatsb\u00fcrger \u00fcber 14 Jahre m\u00fcssen einen Personalausweis (DNI) erwerben. In Spanien ist die formelle Identit\u00e4tsnummer auf dem Personalausweis das wichtigste Identifikationsmerkmal.<\/p>\n<p>Es handelt sich um ein offizielles Dokument, das f\u00fcr die Stimmabgabe bei Wahlen erforderlich ist. Andere offizielle Ausweisdokumente wie F\u00fchrerschein oder Reisepass k\u00f6nnen jedoch ebenfalls verwendet werden. Die Karte ist zudem ein g\u00fcltiges Reisedokument innerhalb der Europ\u00e4ischen Union.<\/p>\n<h3>Ist die spanische Aufenthaltserlaubnis ein Ausweis?<\/h3>\n<p>Sie ben\u00f6tigen eine Aufenthaltserlaubnis, die Ihre Aufnahme als Fl\u00fcchtling belegt. Mit Ihrem Ausl\u00e4nder- oder Fl\u00fcchtlingspass k\u00f6nnen Sie in alle L\u00e4nder au\u00dfer Ihrem Heimatland reisen. Kaufen Sie Ihren spanischen Personalausweis online.<br \/>\nAb welchem \u200b\u200bAlter bekommt man in Spanien einen Ausweis?<\/p>\n<p>Kinder ab 12 Jahren, die bereits \u00fcber einen g\u00fcltigen Identit\u00e4tsnachweis verf\u00fcgen, k\u00f6nnen selbst einen Personalausweis beantragen. Die Begleitung durch die Eltern oder Erziehungsberechtigten ist in diesem Fall nicht erforderlich. Eltern oder Erziehungsberechtigte k\u00f6nnen selbstverst\u00e4ndlich ebenfalls mitmachen, der Antrag wird jedoch vom Kind pers\u00f6nlich gestellt.<\/p>\n<h3>Warum Sie spanische Dokumente bei uns kaufen sollten<\/h3>\n<p>K\u00f6nnen Sie aus finanziellen Gr\u00fcnden derzeit keinen echten Ausweis online erwerben? Wir bieten Ihnen au\u00dferdem hochwertige gef\u00e4lschte spanische Ausweise zu sehr g\u00fcnstigen Preisen online an. Bestellen Sie jetzt Ihren Altersnachweis und Ihre spanische Staatsb\u00fcrgerschaft und reisen Sie problemlos durch Spanien.<\/p>\n<p>Der spanische Altersnachweis kann als Lichtbildausweis verwendet werden, wenn Sie keinen spanischen F\u00fchrerschein besitzen. Er unterliegt dem gleichen Antragsverfahren und den gleichen Sicherheitsfunktionen wie der F\u00fchrerschein und sollte \u00fcberall dort als Ausweis akzeptiert werden, wo ein F\u00fchrerschein anerkannt wird.<\/p>\n<p>Der spanische Personalausweis kann in Spanien als Ausweisdokument verwendet werden, beispielsweise zum Er\u00f6ffnen eines Bankkontos, zur Identifizierung gegen\u00fcber Beh\u00f6rden, zum Nachweis Ihrer Identit\u00e4t und Ihres regul\u00e4ren Einwanderungsstatus gegen\u00fcber einem Polizeibeamten usw.<\/p>\n<h3>Unsere Garantie<\/h3>\n<p>Wir sind uns der Gefahr bewusst, ein gef\u00e4lschtes Dokument mit sich zu f\u00fchren oder zu verwenden. Deshalb investieren wir unsere Technologien, unsere Professionalit\u00e4t und unsere F\u00e4higkeiten in ein Unternehmen, das denjenigen helfen kann, die Schwierigkeiten haben, ein bestimmtes Dokument zu besitzen.<\/p>\n<p>Wir verwenden erstklassige Ausr\u00fcstung, mit der wir gef\u00e4lschte Ausweise problemlos online erstellen k\u00f6nnen. Wir verwenden ausschlie\u00dflich gepr\u00fcfte Ger\u00e4te, Hightech-Druckmaschinen, Tinten usw. Daher verf\u00fcgen unsere Tarnausweise \u00fcber die folgenden Elemente, die sie besonders machen. Kontaktieren Sie uns jetzt, um Ihren neuen echten Ausweis zu kaufen\u00a0<a href=\"https:\/\/www.touropia.com\/best-places-to-visit-in-spain\/\" target=\"_blank\" rel=\"noopener\">Spain<\/a>\u00a0Personalausweis online.<\/p>\n<p>1. Opazit\u00e4tsmarkierung<br \/>\n2. Barcodes<br \/>\n3. Laserperforationen<br \/>\n4. Feine Linienmuster<br \/>\n5. \u00dcberlappende Daten<br \/>\n6. Wir bieten auf alle Verk\u00e4ufe eine 100%ige Zufriedenheitsgarantie.<br \/>\n7. Auch unsere Lieferung ist 100% Garantie, die wir diskret verpacken<br \/>\n8. Au\u00dferdem ist unser Ziel grunds\u00e4tzlich ein zufriedener Kunde.<\/p>","protected":false},"excerpt":{"rendered":"<p>Kaufen Sie den spanischen Personalausweis (DNI) in bester Qualit\u00e4t online. Modell 2021 Jahr. Das Nationale Identit\u00e4tsdokument (DNI) ist ein spanischer nationaler Personalausweis.<\/p>","protected":false},"featured_media":2245,"comment_status":"open","ping_status":"closed","template":"","meta":{"site-sidebar-layout":"default","site-content-layout":"","ast-site-content-layout":"default","site-content-style":"default","site-sidebar-style":"default","ast-global-header-display":"","ast-banner-title-visibility":"","ast-main-header-display":"","ast-hfb-above-header-display":"","ast-hfb-below-header-display":"","ast-hfb-mobile-header-display":"","site-post-title":"","ast-breadcrumbs-content":"","ast-featured-img":"","footer-sml-layout":"","ast-disable-related-posts":"","theme-transparent-header-meta":"default","adv-header-id-meta":"","stick-header-meta":"","header-above-stick-meta":"","header-main-stick-meta":"","header-below-stick-meta":"","astra-migrate-meta-layouts":"set","ast-page-background-enabled":"default","ast-page-background-meta":{"desktop":{"background-color":"var(--ast-global-color-4)","background-image":"","background-repeat":"repeat","background-position":"center center","background-size":"auto","background-attachment":"scroll","background-type":"","background-media":"","overlay-type":"","overlay-color":"","overlay-opacity":"","overlay-gradient":""},"tablet":{"background-color":"","background-image":"","background-repeat":"repeat","background-position":"center center","background-size":"auto","background-attachment":"scroll","background-type":"","background-media":"","overlay-type":"","overlay-color":"","overlay-opacity":"","overlay-gradient":""},"mobile":{"background-color":"","background-image":"","background-repeat":"repeat","background-position":"center center","background-size":"auto","background-attachment":"scroll","background-type":"","background-media":"","overlay-type":"","overlay-color":"","overlay-opacity":"","overlay-gradient":""}},"ast-content-background-meta":{"desktop":{"background-color":"var(--ast-global-color-5)","background-image":"","background-repeat":"repeat","background-position":"center center","background-size":"auto","background-attachment":"scroll","background-type":"","background-media":"","overlay-type":"","overlay-color":"","overlay-opacity":"","overlay-gradient":""},"tablet":{"background-color":"var(--ast-global-color-5)","background-image":"","background-repeat":"repeat","background-position":"center center","background-size":"auto","background-attachment":"scroll","background-type":"","background-media":"","overlay-type":"","overlay-color":"","overlay-opacity":"","overlay-gradient":""},"mobile":{"background-color":"var(--ast-global-color-5)","background-image":"","background-repeat":"repeat","background-position":"center center","background-size":"auto","background-attachment":"scroll","background-type":"","background-media":"","overlay-type":"","overlay-color":"","overlay-opacity":"","overlay-gradient":""}}},"product_brand":[],"product_cat":[31],"product_tag":[],"class_list":{"0":"post-2244","1":"product","2":"type-product","3":"status-publish","4":"has-post-thumbnail","6":"product_cat-id-card","7":"desktop-align-left","8":"tablet-align-left","9":"mobile-align-left","11":"first","12":"instock","13":"shipping-taxable","14":"purchasable","15":"product-type-simple"},"yoast_head":"<!-- This site is optimized with the Yoast SEO Premium plugin v24.7 (Yoast SEO v27.1.1) - https:\/\/yoast.com\/product\/yoast-seo-premium-wordpress\/ -->\n<title>Buy Spain ID Card<\/title>\n<meta name=\"description\" content=\"Buy the best quality Spanish national ID card (DNI) online. Model 2021 year. The National Identity Document (DNI) is a Spanish national identity card.\" \/>\n<meta name=\"robots\" content=\"index, follow, max-snippet:-1, max-image-preview:large, max-video-preview:-1\" \/>\n<link rel=\"canonical\" href=\"https:\/\/fahrerlaubnisnetz.com\/de\/produkt\/spain-id-karte-kaufen\/\" \/>\n<meta property=\"og:locale\" content=\"de_DE\" \/>\n<meta property=\"og:type\" content=\"article\" \/>\n<meta property=\"og:title\" content=\"Buy Spain ID Card\" \/>\n<meta property=\"og:description\" content=\"Buy the best quality Spanish national ID card (DNI) online. Model 2021 year. The National Identity Document (DNI) is a Spanish national identity card.\" \/>\n<meta property=\"og:url\" content=\"https:\/\/fahrerlaubnisnetz.com\/de\/produkt\/spain-id-karte-kaufen\/\" \/>\n<meta property=\"og:site_name\" content=\"Fahrerlaubnis Netz\" \/>\n<meta property=\"article:modified_time\" content=\"2025-05-24T13:26:41+00:00\" \/>\n<meta property=\"og:image\" content=\"https:\/\/fahrerlaubnisnetz.com\/wp-content\/uploads\/2025\/03\/image_2025-03-19_235354434.png\" \/>\n\t<meta property=\"og:image:width\" content=\"401\" \/>\n\t<meta property=\"og:image:height\" content=\"482\" \/>\n\t<meta property=\"og:image:type\" content=\"image\/png\" \/>\n<meta name=\"twitter:card\" content=\"summary_large_image\" \/>\n<meta name=\"twitter:label1\" content=\"Gesch\u00e4tzte Lesezeit\" \/>\n\t<meta name=\"twitter:data1\" content=\"3\u00a0Minuten\" \/>\n<script type=\"application\/ld+json\" class=\"yoast-schema-graph\">{\"@context\":\"https:\/\/schema.org\",\"@graph\":[{\"@type\":\"WebPage\",\"@id\":\"https:\/\/fahrerlaubnisnetz.com\/product\/buy-spain-id-card\/\",\"url\":\"https:\/\/fahrerlaubnisnetz.com\/product\/buy-spain-id-card\/\",\"name\":\"Buy Spain ID Card\",\"isPartOf\":{\"@id\":\"https:\/\/fahrerlaubnisnetz.com\/#website\"},\"primaryImageOfPage\":{\"@id\":\"https:\/\/fahrerlaubnisnetz.com\/product\/buy-spain-id-card\/#primaryimage\"},\"image\":{\"@id\":\"https:\/\/fahrerlaubnisnetz.com\/product\/buy-spain-id-card\/#primaryimage\"},\"thumbnailUrl\":\"https:\/\/fahrerlaubnisnetz.com\/wp-content\/uploads\/2025\/03\/image_2025-03-19_235354434.png\",\"datePublished\":\"2025-03-19T22:55:31+00:00\",\"dateModified\":\"2025-05-24T13:26:41+00:00\",\"description\":\"Buy the best quality Spanish national ID card (DNI) online. Model 2021 year. The National Identity Document (DNI) is a Spanish national identity card.\",\"breadcrumb\":{\"@id\":\"https:\/\/fahrerlaubnisnetz.com\/product\/buy-spain-id-card\/#breadcrumb\"},\"inLanguage\":\"de\",\"potentialAction\":[{\"@type\":\"ReadAction\",\"target\":[\"https:\/\/fahrerlaubnisnetz.com\/product\/buy-spain-id-card\/\"]}]},{\"@type\":\"ImageObject\",\"inLanguage\":\"de\",\"@id\":\"https:\/\/fahrerlaubnisnetz.com\/product\/buy-spain-id-card\/#primaryimage\",\"url\":\"https:\/\/fahrerlaubnisnetz.com\/wp-content\/uploads\/2025\/03\/image_2025-03-19_235354434.png\",\"contentUrl\":\"https:\/\/fahrerlaubnisnetz.com\/wp-content\/uploads\/2025\/03\/image_2025-03-19_235354434.png\",\"width\":401,\"height\":482,\"caption\":\"getting a spanish id card, fake spanish id card, original spanish id card\"},{\"@type\":\"BreadcrumbList\",\"@id\":\"https:\/\/fahrerlaubnisnetz.com\/product\/buy-spain-id-card\/#breadcrumb\",\"itemListElement\":[{\"@type\":\"ListItem\",\"position\":1,\"name\":\"Home\",\"item\":\"https:\/\/fahrerlaubnisnetz.com\/\"},{\"@type\":\"ListItem\",\"position\":2,\"name\":\"All Services\",\"item\":\"https:\/\/fahrerlaubnisnetz.com\/shop\/\"},{\"@type\":\"ListItem\",\"position\":3,\"name\":\"Buy Spain ID Card\"}]},{\"@type\":\"WebSite\",\"@id\":\"https:\/\/fahrerlaubnisnetz.com\/#website\",\"url\":\"https:\/\/fahrerlaubnisnetz.com\/\",\"name\":\"FAHRERLAUBNIS NETZ\",\"description\":\"Buy Original Drivers License, Pasport Online\",\"publisher\":{\"@id\":\"https:\/\/fahrerlaubnisnetz.com\/#organization\"},\"alternateName\":\"DRIVER'S LICENSE NETWORK\",\"potentialAction\":[{\"@type\":\"SearchAction\",\"target\":{\"@type\":\"EntryPoint\",\"urlTemplate\":\"https:\/\/fahrerlaubnisnetz.com\/?s={search_term_string}\"},\"query-input\":{\"@type\":\"PropertyValueSpecification\",\"valueRequired\":true,\"valueName\":\"search_term_string\"}}],\"inLanguage\":\"de\"},{\"@type\":\"Organization\",\"@id\":\"https:\/\/fahrerlaubnisnetz.com\/#organization\",\"name\":\"FAHRERLAUBNIS NETZ\",\"alternateName\":\"DRIVER'S LICENSE NETWORK\",\"url\":\"https:\/\/fahrerlaubnisnetz.com\/\",\"logo\":{\"@type\":\"ImageObject\",\"inLanguage\":\"de\",\"@id\":\"https:\/\/fahrerlaubnisnetz.com\/#\/schema\/logo\/image\/\",\"url\":\"https:\/\/fahrerlaubnisnetz.com\/wp-content\/uploads\/2025\/03\/image_2025-03-21_162823337.png\",\"contentUrl\":\"https:\/\/fahrerlaubnisnetz.com\/wp-content\/uploads\/2025\/03\/image_2025-03-21_162823337.png\",\"width\":590,\"height\":288,\"caption\":\"FAHRERLAUBNIS NETZ\"},\"image\":{\"@id\":\"https:\/\/fahrerlaubnisnetz.com\/#\/schema\/logo\/image\/\"}}]}<\/script>\n<!-- \/ Yoast SEO Premium plugin. -->","yoast_head_json":{"title":"Spanien ID-Karte kaufen","description":"Kaufen Sie den spanischen Personalausweis (DNI) in bester Qualit\u00e4t online. Modell 2021 Jahr. Das Nationale Identit\u00e4tsdokument (DNI) ist ein spanischer nationaler Personalausweis.","robots":{"index":"index","follow":"follow","max-snippet":"max-snippet:-1","max-image-preview":"max-image-preview:large","max-video-preview":"max-video-preview:-1"},"canonical":"https:\/\/fahrerlaubnisnetz.com\/de\/produkt\/spain-id-karte-kaufen\/","og_locale":"de_DE","og_type":"article","og_title":"Buy Spain ID Card","og_description":"Buy the best quality Spanish national ID card (DNI) online. Model 2021 year. The National Identity Document (DNI) is a Spanish national identity card.","og_url":"https:\/\/fahrerlaubnisnetz.com\/de\/produkt\/spain-id-karte-kaufen\/","og_site_name":"Fahrerlaubnis Netz","article_modified_time":"2025-05-24T13:26:41+00:00","og_image":[{"width":401,"height":482,"url":"https:\/\/fahrerlaubnisnetz.com\/wp-content\/uploads\/2025\/03\/image_2025-03-19_235354434.png","type":"image\/png"}],"twitter_card":"summary_large_image","twitter_misc":{"Gesch\u00e4tzte Lesezeit":"3\u00a0Minuten"},"schema":{"@context":"https:\/\/schema.org","@graph":[{"@type":"WebPage","@id":"https:\/\/fahrerlaubnisnetz.com\/product\/buy-spain-id-card\/","url":"https:\/\/fahrerlaubnisnetz.com\/product\/buy-spain-id-card\/","name":"Spanien ID-Karte kaufen","isPartOf":{"@id":"https:\/\/fahrerlaubnisnetz.com\/#website"},"primaryImageOfPage":{"@id":"https:\/\/fahrerlaubnisnetz.com\/product\/buy-spain-id-card\/#primaryimage"},"image":{"@id":"https:\/\/fahrerlaubnisnetz.com\/product\/buy-spain-id-card\/#primaryimage"},"thumbnailUrl":"https:\/\/fahrerlaubnisnetz.com\/wp-content\/uploads\/2025\/03\/image_2025-03-19_235354434.png","datePublished":"2025-03-19T22:55:31+00:00","dateModified":"2025-05-24T13:26:41+00:00","description":"Kaufen Sie den spanischen Personalausweis (DNI) in bester Qualit\u00e4t online. Modell 2021 Jahr. Das Nationale Identit\u00e4tsdokument (DNI) ist ein spanischer nationaler Personalausweis.","breadcrumb":{"@id":"https:\/\/fahrerlaubnisnetz.com\/product\/buy-spain-id-card\/#breadcrumb"},"inLanguage":"de","potentialAction":[{"@type":"ReadAction","target":["https:\/\/fahrerlaubnisnetz.com\/product\/buy-spain-id-card\/"]}]},{"@type":"ImageObject","inLanguage":"de","@id":"https:\/\/fahrerlaubnisnetz.com\/product\/buy-spain-id-card\/#primaryimage","url":"https:\/\/fahrerlaubnisnetz.com\/wp-content\/uploads\/2025\/03\/image_2025-03-19_235354434.png","contentUrl":"https:\/\/fahrerlaubnisnetz.com\/wp-content\/uploads\/2025\/03\/image_2025-03-19_235354434.png","width":401,"height":482,"caption":"getting a spanish id card, fake spanish id card, original spanish id card"},{"@type":"BreadcrumbList","@id":"https:\/\/fahrerlaubnisnetz.com\/product\/buy-spain-id-card\/#breadcrumb","itemListElement":[{"@type":"ListItem","position":1,"name":"Home","item":"https:\/\/fahrerlaubnisnetz.com\/"},{"@type":"ListItem","position":2,"name":"All Services","item":"https:\/\/fahrerlaubnisnetz.com\/shop\/"},{"@type":"ListItem","position":3,"name":"Buy Spain ID Card"}]},{"@type":"WebSite","@id":"https:\/\/fahrerlaubnisnetz.com\/#website","url":"https:\/\/fahrerlaubnisnetz.com\/","name":"FAHRERLAUBNIS NETZ","description":"Kaufen Sie den Original-F\u00fchrerschein oder Reisepass online","publisher":{"@id":"https:\/\/fahrerlaubnisnetz.com\/#organization"},"alternateName":"DRIVER'S LICENSE NETWORK","potentialAction":[{"@type":"SearchAction","target":{"@type":"EntryPoint","urlTemplate":"https:\/\/fahrerlaubnisnetz.com\/?s={search_term_string}"},"query-input":{"@type":"PropertyValueSpecification","valueRequired":true,"valueName":"search_term_string"}}],"inLanguage":"de"},{"@type":"Organization","@id":"https:\/\/fahrerlaubnisnetz.com\/#organization","name":"FAHRERLAUBNIS NETZ","alternateName":"DRIVER'S LICENSE NETWORK","url":"https:\/\/fahrerlaubnisnetz.com\/","logo":{"@type":"ImageObject","inLanguage":"de","@id":"https:\/\/fahrerlaubnisnetz.com\/#\/schema\/logo\/image\/","url":"https:\/\/fahrerlaubnisnetz.com\/wp-content\/uploads\/2025\/03\/image_2025-03-21_162823337.png","contentUrl":"https:\/\/fahrerlaubnisnetz.com\/wp-content\/uploads\/2025\/03\/image_2025-03-21_162823337.png","width":590,"height":288,"caption":"FAHRERLAUBNIS NETZ"},"image":{"@id":"https:\/\/fahrerlaubnisnetz.com\/#\/schema\/logo\/image\/"}}]}},"_links":{"self":[{"href":"https:\/\/fahrerlaubnisnetz.com\/de\/wp-json\/wp\/v2\/product\/2244","targetHints":{"allow":["GET"]}}],"collection":[{"href":"https:\/\/fahrerlaubnisnetz.com\/de\/wp-json\/wp\/v2\/product"}],"about":[{"href":"https:\/\/fahrerlaubnisnetz.com\/de\/wp-json\/wp\/v2\/types\/product"}],"replies":[{"embeddable":true,"href":"https:\/\/fahrerlaubnisnetz.com\/de\/wp-json\/wp\/v2\/comments?post=2244"}],"wp:featuredmedia":[{"embeddable":true,"href":"https:\/\/fahrerlaubnisnetz.com\/de\/wp-json\/wp\/v2\/media\/2245"}],"wp:attachment":[{"href":"https:\/\/fahrerlaubnisnetz.com\/de\/wp-json\/wp\/v2\/media?parent=2244"}],"wp:term":[{"taxonomy":"product_brand","embeddable":true,"href":"https:\/\/fahrerlaubnisnetz.com\/de\/wp-json\/wp\/v2\/product_brand?post=2244"},{"taxonomy":"product_cat","embeddable":true,"href":"https:\/\/fahrerlaubnisnetz.com\/de\/wp-json\/wp\/v2\/product_cat?post=2244"},{"taxonomy":"product_tag","embeddable":true,"href":"https:\/\/fahrerlaubnisnetz.com\/de\/wp-json\/wp\/v2\/product_tag?post=2244"}],"curies":[{"name":"wp","href":"https:\/\/api.w.org\/{rel}","templated":true}]}}