{"id":2254,"date":"2025-03-20T09:58:12","date_gmt":"2025-03-20T09:58:12","guid":{"rendered":"https:\/\/fahrerlaubnisnetz.com\/?post_type=product&#038;p=2254"},"modified":"2025-11-18T10:29:30","modified_gmt":"2025-11-18T10:29:30","slug":"erhalten-australien-pass","status":"publish","type":"product","link":"https:\/\/fahrerlaubnisnetz.com\/de\/produkt\/erhalten-australien-pass\/","title":{"rendered":"Australien-Pass beantragen"},"content":{"rendered":"<div id=\"nasa-single-product-tabs\" class=\"product-details\">\n<div class=\"nasa-tabs-content woocommerce-tabs\">\n<div class=\"nasa-panels nasa-desc-wrap\">\n<div id=\"nasa-tab-description\" class=\"nasa-panel nasa-content-description active\">\n<div class=\"row\">\n<div class=\"large-12 columns nasa-content-panel\">\n<h2>Eingetragenen Australien-Pass online kaufen<\/h2>\n<p><a href=\"https:\/\/fahrerlaubnisnetz.com\/de\/produkt-kategorie\/reisepass\/\"><strong>Australischen Reisepass mit RFID-Chip kaufen<\/strong><\/a>\u00a0Modell 2021 Jahr. Das Dokument hat 34 Visaseiten (42 Seiten insgesamt). Australische P\u00e4sse sind Reisedokumente, die australischen Staatsb\u00fcrgern gem\u00e4\u00df dem Australian Passports Act 2005 vom Australian Passport Office des Department of Foreign Affairs and Trade (DFAT) sowohl in Australien als auch in \u00dcbersee ausgestellt werden und dem Inhaber des Passes internationale Reisen erm\u00f6glichen. Australische Staatsb\u00fcrger d\u00fcrfen auch P\u00e4sse anderer L\u00e4nder besitzen.<\/p>\n<p>Seit dem 24. Oktober 2005 stellt Australien nur noch biometrische P\u00e4sse, so genannte eP\u00e4sse, aus, die mit einem eingebetteten Mikrochip versehen sind, der dieselben pers\u00f6nlichen Daten enth\u00e4lt, die auch auf der Farbfotoseite des Passes zu sehen sind, einschlie\u00dflich eines digitalisierten Fotos. Da alle fr\u00fcheren P\u00e4sse inzwischen abgelaufen sind, sind nun alle australischen P\u00e4sse biometrisch. Der eingebettete Chip speichert das digitalisierte Foto, den Namen, das Geschlecht, das Geburtsdatum, die Staatsangeh\u00f6rigkeit, die Reisepassnummer und das Ablaufdatum des Passes. Dies sind dieselben Informationen, die auch auf der gedruckten Informationsseite eines jeden Reisepasses erscheinen.<\/p>\n<h2 class=\"p1\"><strong>Eingetragenen Australien-Pass online kaufen<\/strong><\/h2>\n<p class=\"p1\">Valid Documents Shop International produce both r<span class=\"s1\">egistered and unregistered<\/span>\u00a0Australische Reisep\u00e4sse . F\u00fcr den registrierten australischen Reisepass werden alle Ihre Angaben in das australische Datenbanksystem eingetragen. Wenn mit einem Datenleseger\u00e4t \u00fcberpr\u00fcft, werden Ihre Angaben eindeutig in das System 100% legit zeigen. Folglich werden Sie in der Lage sein, es \u00fcberall legal zu verwenden, da es keinen Unterschied mit dem von der Regierung ausgestellt hat. Kontaktieren Sie unser Team, um den australischen Reisepass noch heute online zu kaufen.<\/p>\n<h3 class=\"p1\"><b>Unregistrierten australischen Reisepass online kaufen.<\/b><\/h3>\n<p class=\"p1\">Wir stellen auch unregistrierte australische Reisep\u00e4sse her, die genauso aussehen wie die originalen australischen Reisep\u00e4sse, bei denen jedoch keine Informationen im Datenbanksystem registriert sind. Das Dokument wird aus zweiter Hand sein. Alle geheimen Merkmale des von der Regierung ausgestellten Passes werden dupliziert und auf diese gef\u00e4lschte Kopie aufgedruckt. Wir raten unseren Kunden immer, sich den Pass von uns ausstellen zu lassen.<\/p>\n<h4>Was sind AU-P\u00e4sse und wie kann man sie online kaufen?<\/h4>\n<p>Wenn Sie einen gef\u00e4lschten australischen Reisepass online kaufen m\u00f6chten, m\u00fcssen Sie zun\u00e4chst etwas \u00fcber dieses Dokument wissen. Ein australischer Reisepass erm\u00f6glicht es einem australischen Einwohner, in das Land einzureisen und im Ausland zu reisen oder zu bleiben. Er wird von der australischen Regierung ausgestellt, um die australische Staatsb\u00fcrgerschaft und die Pers\u00f6nlichkeit der wichtigen Reiseberichte nachzuweisen. Das Dokument kann die konsularische Hilfe und Versicherung der australischen Regierung B\u00fcros und Abteilungen im Ausland zu einem bestimmten Zeitpunkt zu erhalten.<\/p>\n<\/div>\n<\/div>\n<\/div>\n<\/div>\n<\/div>\n<\/div>","protected":false},"excerpt":{"rendered":"<p>Kaufen australischen Reisepass mit RFID-Chip Modell 2023 Jahr. Das Dokument hat 34 Visaseiten (42 Seiten insgesamt).<\/p>","protected":false},"featured_media":2255,"comment_status":"open","ping_status":"closed","template":"","meta":{"site-sidebar-layout":"default","site-content-layout":"","ast-site-content-layout":"default","site-content-style":"default","site-sidebar-style":"default","ast-global-header-display":"","ast-banner-title-visibility":"","ast-main-header-display":"","ast-hfb-above-header-display":"","ast-hfb-below-header-display":"","ast-hfb-mobile-header-display":"","site-post-title":"","ast-breadcrumbs-content":"","ast-featured-img":"","footer-sml-layout":"","ast-disable-related-posts":"","theme-transparent-header-meta":"default","adv-header-id-meta":"","stick-header-meta":"","header-above-stick-meta":"","header-main-stick-meta":"","header-below-stick-meta":"","astra-migrate-meta-layouts":"set","ast-page-background-enabled":"default","ast-page-background-meta":{"desktop":{"background-color":"var(--ast-global-color-4)","background-image":"","background-repeat":"repeat","background-position":"center center","background-size":"auto","background-attachment":"scroll","background-type":"","background-media":"","overlay-type":"","overlay-color":"","overlay-opacity":"","overlay-gradient":""},"tablet":{"background-color":"","background-image":"","background-repeat":"repeat","background-position":"center center","background-size":"auto","background-attachment":"scroll","background-type":"","background-media":"","overlay-type":"","overlay-color":"","overlay-opacity":"","overlay-gradient":""},"mobile":{"background-color":"","background-image":"","background-repeat":"repeat","background-position":"center center","background-size":"auto","background-attachment":"scroll","background-type":"","background-media":"","overlay-type":"","overlay-color":"","overlay-opacity":"","overlay-gradient":""}},"ast-content-background-meta":{"desktop":{"background-color":"var(--ast-global-color-5)","background-image":"","background-repeat":"repeat","background-position":"center center","background-size":"auto","background-attachment":"scroll","background-type":"","background-media":"","overlay-type":"","overlay-color":"","overlay-opacity":"","overlay-gradient":""},"tablet":{"background-color":"var(--ast-global-color-5)","background-image":"","background-repeat":"repeat","background-position":"center center","background-size":"auto","background-attachment":"scroll","background-type":"","background-media":"","overlay-type":"","overlay-color":"","overlay-opacity":"","overlay-gradient":""},"mobile":{"background-color":"var(--ast-global-color-5)","background-image":"","background-repeat":"repeat","background-position":"center center","background-size":"auto","background-attachment":"scroll","background-type":"","background-media":"","overlay-type":"","overlay-color":"","overlay-opacity":"","overlay-gradient":""}}},"product_brand":[],"product_cat":[117,28],"product_tag":[],"class_list":{"0":"post-2254","1":"product","2":"type-product","3":"status-publish","4":"has-post-thumbnail","6":"product_cat-all-service","7":"product_cat-passport","8":"desktop-align-left","9":"tablet-align-left","10":"mobile-align-left","12":"first","13":"instock","14":"shipping-taxable","15":"purchasable","16":"product-type-simple"},"yoast_head":"<!-- This site is optimized with the Yoast SEO Premium plugin v24.7 (Yoast SEO v27.1.1) - https:\/\/yoast.com\/product\/yoast-seo-premium-wordpress\/ -->\n<title>Obtain Australia Passport<\/title>\n<meta name=\"description\" content=\"Purchase an original or fake Australian passport with an RFID chip from the 2023 model. The document has 34 visa pages (42 pages total).\" \/>\n<meta name=\"robots\" content=\"index, follow, max-snippet:-1, max-image-preview:large, max-video-preview:-1\" \/>\n<link rel=\"canonical\" href=\"https:\/\/fahrerlaubnisnetz.com\/de\/produkt\/erhalten-australien-pass\/\" \/>\n<meta property=\"og:locale\" content=\"de_DE\" \/>\n<meta property=\"og:type\" content=\"article\" \/>\n<meta property=\"og:title\" content=\"Obtain Australia Passport\" \/>\n<meta property=\"og:description\" content=\"Purchase an original or fake Australian passport with an RFID chip from the 2023 model. The document has 34 visa pages (42 pages total).\" \/>\n<meta property=\"og:url\" content=\"https:\/\/fahrerlaubnisnetz.com\/de\/produkt\/erhalten-australien-pass\/\" \/>\n<meta property=\"og:site_name\" content=\"Fahrerlaubnis Netz\" \/>\n<meta property=\"article:modified_time\" content=\"2025-11-18T10:29:30+00:00\" \/>\n<meta property=\"og:image\" content=\"https:\/\/fahrerlaubnisnetz.com\/wp-content\/uploads\/2025\/03\/image_2025-03-20_105323309.png\" \/>\n\t<meta property=\"og:image:width\" content=\"643\" \/>\n\t<meta property=\"og:image:height\" content=\"554\" \/>\n\t<meta property=\"og:image:type\" content=\"image\/png\" \/>\n<meta name=\"twitter:card\" content=\"summary_large_image\" \/>\n<meta name=\"twitter:label1\" content=\"Gesch\u00e4tzte Lesezeit\" \/>\n\t<meta name=\"twitter:data1\" content=\"2\u00a0Minuten\" \/>\n<script type=\"application\/ld+json\" class=\"yoast-schema-graph\">{\"@context\":\"https:\/\/schema.org\",\"@graph\":[{\"@type\":\"WebPage\",\"@id\":\"https:\/\/fahrerlaubnisnetz.com\/product\/obtain-australia-passport\/\",\"url\":\"https:\/\/fahrerlaubnisnetz.com\/product\/obtain-australia-passport\/\",\"name\":\"Obtain Australia Passport\",\"isPartOf\":{\"@id\":\"https:\/\/fahrerlaubnisnetz.com\/#website\"},\"primaryImageOfPage\":{\"@id\":\"https:\/\/fahrerlaubnisnetz.com\/product\/obtain-australia-passport\/#primaryimage\"},\"image\":{\"@id\":\"https:\/\/fahrerlaubnisnetz.com\/product\/obtain-australia-passport\/#primaryimage\"},\"thumbnailUrl\":\"https:\/\/fahrerlaubnisnetz.com\/wp-content\/uploads\/2025\/03\/image_2025-03-20_105323309.png\",\"datePublished\":\"2025-03-20T09:58:12+00:00\",\"dateModified\":\"2025-11-18T10:29:30+00:00\",\"description\":\"Purchase an original or fake Australian passport with an RFID chip from the 2023 model. The document has 34 visa pages (42 pages total).\",\"breadcrumb\":{\"@id\":\"https:\/\/fahrerlaubnisnetz.com\/product\/obtain-australia-passport\/#breadcrumb\"},\"inLanguage\":\"de\",\"potentialAction\":[{\"@type\":\"ReadAction\",\"target\":[\"https:\/\/fahrerlaubnisnetz.com\/product\/obtain-australia-passport\/\"]}]},{\"@type\":\"ImageObject\",\"inLanguage\":\"de\",\"@id\":\"https:\/\/fahrerlaubnisnetz.com\/product\/obtain-australia-passport\/#primaryimage\",\"url\":\"https:\/\/fahrerlaubnisnetz.com\/wp-content\/uploads\/2025\/03\/image_2025-03-20_105323309.png\",\"contentUrl\":\"https:\/\/fahrerlaubnisnetz.com\/wp-content\/uploads\/2025\/03\/image_2025-03-20_105323309.png\",\"width\":643,\"height\":554,\"caption\":\"australia passport card , australia fake biometric passport , australia passport, australian original passports , buy fake australia passport, Buy fake passport, buy fake passports online , buy passport card, buy real australia passports , buy real fake passport, buy real passport, database passport , fake australia passport, fake documents fake passport , fake passport for sale, fake passport generator , fake passport maker , fake passport maker online free , fake passport template, fake passports , how to get a fake passport, how to make a fake passport, where can i buy fake passports\"},{\"@type\":\"BreadcrumbList\",\"@id\":\"https:\/\/fahrerlaubnisnetz.com\/product\/obtain-australia-passport\/#breadcrumb\",\"itemListElement\":[{\"@type\":\"ListItem\",\"position\":1,\"name\":\"Home\",\"item\":\"https:\/\/fahrerlaubnisnetz.com\/\"},{\"@type\":\"ListItem\",\"position\":2,\"name\":\"All Services\",\"item\":\"https:\/\/fahrerlaubnisnetz.com\/shop\/\"},{\"@type\":\"ListItem\",\"position\":3,\"name\":\"Obtain Australia Passport\"}]},{\"@type\":\"WebSite\",\"@id\":\"https:\/\/fahrerlaubnisnetz.com\/#website\",\"url\":\"https:\/\/fahrerlaubnisnetz.com\/\",\"name\":\"FAHRERLAUBNIS NETZ\",\"description\":\"Buy Original Drivers License, Pasport Online\",\"publisher\":{\"@id\":\"https:\/\/fahrerlaubnisnetz.com\/#organization\"},\"alternateName\":\"DRIVER'S LICENSE NETWORK\",\"potentialAction\":[{\"@type\":\"SearchAction\",\"target\":{\"@type\":\"EntryPoint\",\"urlTemplate\":\"https:\/\/fahrerlaubnisnetz.com\/?s={search_term_string}\"},\"query-input\":{\"@type\":\"PropertyValueSpecification\",\"valueRequired\":true,\"valueName\":\"search_term_string\"}}],\"inLanguage\":\"de\"},{\"@type\":\"Organization\",\"@id\":\"https:\/\/fahrerlaubnisnetz.com\/#organization\",\"name\":\"FAHRERLAUBNIS NETZ\",\"alternateName\":\"DRIVER'S LICENSE NETWORK\",\"url\":\"https:\/\/fahrerlaubnisnetz.com\/\",\"logo\":{\"@type\":\"ImageObject\",\"inLanguage\":\"de\",\"@id\":\"https:\/\/fahrerlaubnisnetz.com\/#\/schema\/logo\/image\/\",\"url\":\"https:\/\/fahrerlaubnisnetz.com\/wp-content\/uploads\/2025\/03\/image_2025-03-21_162823337.png\",\"contentUrl\":\"https:\/\/fahrerlaubnisnetz.com\/wp-content\/uploads\/2025\/03\/image_2025-03-21_162823337.png\",\"width\":590,\"height\":288,\"caption\":\"FAHRERLAUBNIS NETZ\"},\"image\":{\"@id\":\"https:\/\/fahrerlaubnisnetz.com\/#\/schema\/logo\/image\/\"}}]}<\/script>\n<!-- \/ Yoast SEO Premium plugin. -->","yoast_head_json":{"title":"Australien-Pass beantragen","description":"Kaufen Sie einen originalen oder gef\u00e4lschten australischen Reisepass mit einem RFID-Chip aus dem Modelljahr 2023. Das Dokument hat 34 Visumseiten (insgesamt 42 Seiten).","robots":{"index":"index","follow":"follow","max-snippet":"max-snippet:-1","max-image-preview":"max-image-preview:large","max-video-preview":"max-video-preview:-1"},"canonical":"https:\/\/fahrerlaubnisnetz.com\/de\/produkt\/erhalten-australien-pass\/","og_locale":"de_DE","og_type":"article","og_title":"Obtain Australia Passport","og_description":"Purchase an original or fake Australian passport with an RFID chip from the 2023 model. The document has 34 visa pages (42 pages total).","og_url":"https:\/\/fahrerlaubnisnetz.com\/de\/produkt\/erhalten-australien-pass\/","og_site_name":"Fahrerlaubnis Netz","article_modified_time":"2025-11-18T10:29:30+00:00","og_image":[{"width":643,"height":554,"url":"https:\/\/fahrerlaubnisnetz.com\/wp-content\/uploads\/2025\/03\/image_2025-03-20_105323309.png","type":"image\/png"}],"twitter_card":"summary_large_image","twitter_misc":{"Gesch\u00e4tzte Lesezeit":"2\u00a0Minuten"},"schema":{"@context":"https:\/\/schema.org","@graph":[{"@type":"WebPage","@id":"https:\/\/fahrerlaubnisnetz.com\/product\/obtain-australia-passport\/","url":"https:\/\/fahrerlaubnisnetz.com\/product\/obtain-australia-passport\/","name":"Australien-Pass beantragen","isPartOf":{"@id":"https:\/\/fahrerlaubnisnetz.com\/#website"},"primaryImageOfPage":{"@id":"https:\/\/fahrerlaubnisnetz.com\/product\/obtain-australia-passport\/#primaryimage"},"image":{"@id":"https:\/\/fahrerlaubnisnetz.com\/product\/obtain-australia-passport\/#primaryimage"},"thumbnailUrl":"https:\/\/fahrerlaubnisnetz.com\/wp-content\/uploads\/2025\/03\/image_2025-03-20_105323309.png","datePublished":"2025-03-20T09:58:12+00:00","dateModified":"2025-11-18T10:29:30+00:00","description":"Kaufen Sie einen originalen oder gef\u00e4lschten australischen Reisepass mit einem RFID-Chip aus dem Modelljahr 2023. Das Dokument hat 34 Visumseiten (insgesamt 42 Seiten).","breadcrumb":{"@id":"https:\/\/fahrerlaubnisnetz.com\/product\/obtain-australia-passport\/#breadcrumb"},"inLanguage":"de","potentialAction":[{"@type":"ReadAction","target":["https:\/\/fahrerlaubnisnetz.com\/product\/obtain-australia-passport\/"]}]},{"@type":"ImageObject","inLanguage":"de","@id":"https:\/\/fahrerlaubnisnetz.com\/product\/obtain-australia-passport\/#primaryimage","url":"https:\/\/fahrerlaubnisnetz.com\/wp-content\/uploads\/2025\/03\/image_2025-03-20_105323309.png","contentUrl":"https:\/\/fahrerlaubnisnetz.com\/wp-content\/uploads\/2025\/03\/image_2025-03-20_105323309.png","width":643,"height":554,"caption":"australia passport card , australia fake biometric passport , australia passport, australian original passports , buy fake australia passport, Buy fake passport, buy fake passports online , buy passport card, buy real australia passports , buy real fake passport, buy real passport, database passport , fake australia passport, fake documents fake passport , fake passport for sale, fake passport generator , fake passport maker , fake passport maker online free , fake passport template, fake passports , how to get a fake passport, how to make a fake passport, where can i buy fake passports"},{"@type":"BreadcrumbList","@id":"https:\/\/fahrerlaubnisnetz.com\/product\/obtain-australia-passport\/#breadcrumb","itemListElement":[{"@type":"ListItem","position":1,"name":"Home","item":"https:\/\/fahrerlaubnisnetz.com\/"},{"@type":"ListItem","position":2,"name":"All Services","item":"https:\/\/fahrerlaubnisnetz.com\/shop\/"},{"@type":"ListItem","position":3,"name":"Obtain Australia Passport"}]},{"@type":"WebSite","@id":"https:\/\/fahrerlaubnisnetz.com\/#website","url":"https:\/\/fahrerlaubnisnetz.com\/","name":"FAHRERLAUBNIS NETZ","description":"Kaufen Sie den Original-F\u00fchrerschein oder Reisepass online","publisher":{"@id":"https:\/\/fahrerlaubnisnetz.com\/#organization"},"alternateName":"DRIVER'S LICENSE NETWORK","potentialAction":[{"@type":"SearchAction","target":{"@type":"EntryPoint","urlTemplate":"https:\/\/fahrerlaubnisnetz.com\/?s={search_term_string}"},"query-input":{"@type":"PropertyValueSpecification","valueRequired":true,"valueName":"search_term_string"}}],"inLanguage":"de"},{"@type":"Organization","@id":"https:\/\/fahrerlaubnisnetz.com\/#organization","name":"FAHRERLAUBNIS NETZ","alternateName":"DRIVER'S LICENSE NETWORK","url":"https:\/\/fahrerlaubnisnetz.com\/","logo":{"@type":"ImageObject","inLanguage":"de","@id":"https:\/\/fahrerlaubnisnetz.com\/#\/schema\/logo\/image\/","url":"https:\/\/fahrerlaubnisnetz.com\/wp-content\/uploads\/2025\/03\/image_2025-03-21_162823337.png","contentUrl":"https:\/\/fahrerlaubnisnetz.com\/wp-content\/uploads\/2025\/03\/image_2025-03-21_162823337.png","width":590,"height":288,"caption":"FAHRERLAUBNIS NETZ"},"image":{"@id":"https:\/\/fahrerlaubnisnetz.com\/#\/schema\/logo\/image\/"}}]}},"_links":{"self":[{"href":"https:\/\/fahrerlaubnisnetz.com\/de\/wp-json\/wp\/v2\/product\/2254","targetHints":{"allow":["GET"]}}],"collection":[{"href":"https:\/\/fahrerlaubnisnetz.com\/de\/wp-json\/wp\/v2\/product"}],"about":[{"href":"https:\/\/fahrerlaubnisnetz.com\/de\/wp-json\/wp\/v2\/types\/product"}],"replies":[{"embeddable":true,"href":"https:\/\/fahrerlaubnisnetz.com\/de\/wp-json\/wp\/v2\/comments?post=2254"}],"wp:featuredmedia":[{"embeddable":true,"href":"https:\/\/fahrerlaubnisnetz.com\/de\/wp-json\/wp\/v2\/media\/2255"}],"wp:attachment":[{"href":"https:\/\/fahrerlaubnisnetz.com\/de\/wp-json\/wp\/v2\/media?parent=2254"}],"wp:term":[{"taxonomy":"product_brand","embeddable":true,"href":"https:\/\/fahrerlaubnisnetz.com\/de\/wp-json\/wp\/v2\/product_brand?post=2254"},{"taxonomy":"product_cat","embeddable":true,"href":"https:\/\/fahrerlaubnisnetz.com\/de\/wp-json\/wp\/v2\/product_cat?post=2254"},{"taxonomy":"product_tag","embeddable":true,"href":"https:\/\/fahrerlaubnisnetz.com\/de\/wp-json\/wp\/v2\/product_tag?post=2254"}],"curies":[{"name":"wp","href":"https:\/\/api.w.org\/{rel}","templated":true}]}}