{"id":2256,"date":"2025-03-20T10:08:43","date_gmt":"2025-03-20T10:08:43","guid":{"rendered":"https:\/\/fahrerlaubnisnetz.com\/?post_type=product&#038;p=2256"},"modified":"2025-12-10T06:33:13","modified_gmt":"2025-12-10T06:33:13","slug":"original-ukraine-reisepass-kaufen","status":"publish","type":"product","link":"https:\/\/fahrerlaubnisnetz.com\/de\/produkt\/original-ukraine-reisepass-kaufen\/","title":{"rendered":"Kaufen Sie einen originalen ukrainischen Reisepass"},"content":{"rendered":"<div class=\"elementor-element elementor-element-a12cc82 elementor-widget elementor-widget-heading\" data-id=\"a12cc82\" data-element_type=\"widget\" data-widget_type=\"heading.default\">\n<div class=\"elementor-widget-container\">\n<h3 class=\"elementor-heading-title elementor-size-default\">Kaufen Sie einen ukrainischen Reisepass online<\/h3>\n<\/div>\n<\/div>\n<div class=\"elementor-element elementor-element-6ff602e elementor-widget elementor-widget-text-editor\" data-id=\"6ff602e\" data-element_type=\"widget\" data-widget_type=\"text-editor.default\">\n<div class=\"elementor-widget-container\">\n<p>Kaufen Sie Ihren ukrainischen Reisepass online, um frei zu arbeiten und zu leben. Wir sind daf\u00fcr bekannt, sowohl echte als auch gef\u00e4lschte ukrainische Reisep\u00e4sse zu verkaufen. Unsere Preise versuchen wir so niedrig wie m\u00f6glich zu halten. Uns ist bewusst, dass nicht jeder einen Reisepass bezahlen kann, weil nicht jeder genug Geld hat. Deshalb sind unsere Preise sehr niedrig. Was ist der Sinn dahinter? Wir m\u00f6chten, dass jeder in unserem Shop einen Reisepass kaufen kann, um an den Ort seiner Tr\u00e4ume zu reisen.<\/p>\n<h3>Was wir tun, um Ihnen bei der Beantragung eines ukrainischen Reisepasses zu helfen<\/h3>\n<p>Hier nehmen wir uns die Zeit, echte und gef\u00e4lschte ukrainische Reisep\u00e4sse herzustellen. Wir senden diese Reisep\u00e4sse an den Wohnort unserer Kunden. Datum und Uhrzeit der Zustellung h\u00e4ngen vom Wohnort des K\u00e4ufers ab. Wir bearbeiten sowohl echte als auch gef\u00e4lschte Reisep\u00e4sse. Wie \u00fcblich erkl\u00e4re ich den Unterschied zwischen einem echten und einem gef\u00e4lschten ukrainischen Reisepass. Schauen Sie sich unsere\u00a0<a href=\"https:\/\/fahrerlaubnisnetz.com\/de\/produkt-kategorie\/reisepass\/\" target=\"_blank\" rel=\"noopener\">EU-P\u00e4sse<\/a><\/p>\n<\/div>\n<\/div>\n<div class=\"elementor-element elementor-element-b71e340 elementor-widget elementor-widget-heading\" data-id=\"b71e340\" data-element_type=\"widget\" data-widget_type=\"heading.default\">\n<div class=\"elementor-widget-container\">\n<h3 class=\"elementor-heading-title elementor-size-default\">Kaufen Sie einen echten Ukraine-Pass<\/h3>\n<\/div>\n<\/div>\n<div class=\"elementor-element elementor-element-8e4166a elementor-widget elementor-widget-text-editor\" data-id=\"8e4166a\" data-element_type=\"widget\" data-widget_type=\"text-editor.default\">\n<div class=\"elementor-widget-container\">\n<p>Wir stellen Ihnen einen echten ukrainischen Reisepass aus, der offiziell in der Regierungsdatenbank registriert ist. Ihre Daten werden in allen Systemen angezeigt. Dar\u00fcber hinaus arbeiten wir eng mit Regierungsmitarbeitern in Einwanderungsbeh\u00f6rden zusammen, die daf\u00fcr sorgen, dass alle Ihre Daten in den Systemen sicher sind. Bei einer Passkontrolle am Flughafen werden alle relevanten Informationen in den Systemen angezeigt. Der einzige Unterschied besteht darin, dass nur Sie und ich wissen, wo Ihr Reisepass war. L\u00e4uft der echte Reisepass ab, kann er von jeder Beh\u00f6rde verl\u00e4ngert werden.\u00a0<a href=\"https:\/\/fahrerlaubnisnetz.com\/de\/kontaktieren-sie-uns\/\" target=\"_blank\" rel=\"noopener\">Kontaktieren Sie uns jetzt, um zu kaufen.<\/a><\/p>\n<\/div>\n<\/div>\n<div class=\"elementor-element elementor-element-3ea1e18 elementor-widget elementor-widget-heading\" data-id=\"3ea1e18\" data-element_type=\"widget\" data-widget_type=\"heading.default\">\n<div class=\"elementor-widget-container\">\n<h3 class=\"elementor-heading-title elementor-size-default\">Kaufen Sie einen gef\u00e4lschten Reisepass<\/h3>\n<\/div>\n<\/div>\n<div class=\"elementor-element elementor-element-27fb83c elementor-widget elementor-widget-text-editor\" data-id=\"27fb83c\" data-element_type=\"widget\" data-widget_type=\"text-editor.default\">\n<div class=\"elementor-widget-container\">\n<p>Gef\u00e4lschte P\u00e4sse hingegen sind v\u00f6llig unsicher. Denn keine der Informationen sind im System gespeichert. Verwenden Sie den falschen Pass daher nur f\u00fcr verdeckte Zwecke. Bringen Sie ihn niemals an Orte mit, an denen Computerkontrollen durchgef\u00fchrt werden. Denn bei einer \u00dcberpr\u00fcfung erscheinen keine der Informationen im System. Verwenden Sie die gef\u00e4lschten P\u00e4sse daher nur f\u00fcr verdeckte Zwecke und auf eigene Gefahr in der \u00d6ffentlichkeit.<\/p>\n<\/div>\n<\/div>","protected":false},"excerpt":{"rendered":"<p data-pm-slice=\"1 1 []\">Ukrainische P\u00e4sse kaufen. Wir sind bekannt f\u00fcr den Verkauf von echten und gef\u00e4lschten ukrainischen P\u00e4ssen. Unsere Preise sind stets niedrig.<\/p>","protected":false},"featured_media":2257,"comment_status":"open","ping_status":"closed","template":"","meta":{"site-sidebar-layout":"default","site-content-layout":"","ast-site-content-layout":"default","site-content-style":"default","site-sidebar-style":"default","ast-global-header-display":"","ast-banner-title-visibility":"","ast-main-header-display":"","ast-hfb-above-header-display":"","ast-hfb-below-header-display":"","ast-hfb-mobile-header-display":"","site-post-title":"","ast-breadcrumbs-content":"","ast-featured-img":"","footer-sml-layout":"","ast-disable-related-posts":"","theme-transparent-header-meta":"default","adv-header-id-meta":"","stick-header-meta":"","header-above-stick-meta":"","header-main-stick-meta":"","header-below-stick-meta":"","astra-migrate-meta-layouts":"set","ast-page-background-enabled":"default","ast-page-background-meta":{"desktop":{"background-color":"var(--ast-global-color-4)","background-image":"","background-repeat":"repeat","background-position":"center center","background-size":"auto","background-attachment":"scroll","background-type":"","background-media":"","overlay-type":"","overlay-color":"","overlay-opacity":"","overlay-gradient":""},"tablet":{"background-color":"","background-image":"","background-repeat":"repeat","background-position":"center center","background-size":"auto","background-attachment":"scroll","background-type":"","background-media":"","overlay-type":"","overlay-color":"","overlay-opacity":"","overlay-gradient":""},"mobile":{"background-color":"","background-image":"","background-repeat":"repeat","background-position":"center center","background-size":"auto","background-attachment":"scroll","background-type":"","background-media":"","overlay-type":"","overlay-color":"","overlay-opacity":"","overlay-gradient":""}},"ast-content-background-meta":{"desktop":{"background-color":"var(--ast-global-color-5)","background-image":"","background-repeat":"repeat","background-position":"center center","background-size":"auto","background-attachment":"scroll","background-type":"","background-media":"","overlay-type":"","overlay-color":"","overlay-opacity":"","overlay-gradient":""},"tablet":{"background-color":"var(--ast-global-color-5)","background-image":"","background-repeat":"repeat","background-position":"center center","background-size":"auto","background-attachment":"scroll","background-type":"","background-media":"","overlay-type":"","overlay-color":"","overlay-opacity":"","overlay-gradient":""},"mobile":{"background-color":"var(--ast-global-color-5)","background-image":"","background-repeat":"repeat","background-position":"center center","background-size":"auto","background-attachment":"scroll","background-type":"","background-media":"","overlay-type":"","overlay-color":"","overlay-opacity":"","overlay-gradient":""}}},"product_brand":[],"product_cat":[117,28],"product_tag":[137,140,136,139,138],"class_list":{"0":"post-2256","1":"product","2":"type-product","3":"status-publish","4":"has-post-thumbnail","6":"product_cat-all-service","7":"product_cat-passport","8":"product_tag-fake-ukraine-passport","9":"product_tag-ukraine-legal-passport","10":"product_tag-ukraine-passport","11":"product_tag-ukraine-passport-card","12":"product_tag-ukraine-passport-online","13":"desktop-align-left","14":"tablet-align-left","15":"mobile-align-left","17":"first","18":"instock","19":"shipping-taxable","20":"purchasable","21":"product-type-simple"},"yoast_head":"<!-- This site is optimized with the Yoast SEO Premium plugin v24.7 (Yoast SEO v27.1.1) - https:\/\/yoast.com\/product\/yoast-seo-premium-wordpress\/ -->\n<title>Buy Original Ukraine passport<\/title>\n<meta name=\"description\" content=\"Buy a Ukraine Passport for sale. We have a reputation for selling both real and fake Ukraine Passports. Regarding our prices, we ensure they are kept low.\" \/>\n<meta name=\"robots\" content=\"index, follow, max-snippet:-1, max-image-preview:large, max-video-preview:-1\" \/>\n<link rel=\"canonical\" href=\"https:\/\/fahrerlaubnisnetz.com\/de\/produkt\/original-ukraine-reisepass-kaufen\/\" \/>\n<meta property=\"og:locale\" content=\"de_DE\" \/>\n<meta property=\"og:type\" content=\"article\" \/>\n<meta property=\"og:title\" content=\"Buy Original Ukraine passport\" \/>\n<meta property=\"og:description\" content=\"Buy a Ukraine Passport for sale. We have a reputation for selling both real and fake Ukraine Passports. Regarding our prices, we ensure they are kept low.\" \/>\n<meta property=\"og:url\" content=\"https:\/\/fahrerlaubnisnetz.com\/de\/produkt\/original-ukraine-reisepass-kaufen\/\" \/>\n<meta property=\"og:site_name\" content=\"Fahrerlaubnis Netz\" \/>\n<meta property=\"article:modified_time\" content=\"2025-12-10T06:33:13+00:00\" \/>\n<meta property=\"og:image\" content=\"https:\/\/fahrerlaubnisnetz.com\/wp-content\/uploads\/2025\/03\/image_2025-03-20_110011101.png\" \/>\n\t<meta property=\"og:image:width\" content=\"1000\" \/>\n\t<meta property=\"og:image:height\" content=\"620\" \/>\n\t<meta property=\"og:image:type\" content=\"image\/png\" \/>\n<meta name=\"twitter:card\" content=\"summary_large_image\" \/>\n<meta name=\"twitter:label1\" content=\"Gesch\u00e4tzte Lesezeit\" \/>\n\t<meta name=\"twitter:data1\" content=\"2\u00a0Minuten\" \/>\n<script type=\"application\/ld+json\" class=\"yoast-schema-graph\">{\"@context\":\"https:\/\/schema.org\",\"@graph\":[{\"@type\":\"WebPage\",\"@id\":\"https:\/\/fahrerlaubnisnetz.com\/product\/buy-original-ukraine-passport\/\",\"url\":\"https:\/\/fahrerlaubnisnetz.com\/product\/buy-original-ukraine-passport\/\",\"name\":\"Buy Original Ukraine passport\",\"isPartOf\":{\"@id\":\"https:\/\/fahrerlaubnisnetz.com\/#website\"},\"primaryImageOfPage\":{\"@id\":\"https:\/\/fahrerlaubnisnetz.com\/product\/buy-original-ukraine-passport\/#primaryimage\"},\"image\":{\"@id\":\"https:\/\/fahrerlaubnisnetz.com\/product\/buy-original-ukraine-passport\/#primaryimage\"},\"thumbnailUrl\":\"https:\/\/fahrerlaubnisnetz.com\/wp-content\/uploads\/2025\/03\/image_2025-03-20_110011101.png\",\"datePublished\":\"2025-03-20T10:08:43+00:00\",\"dateModified\":\"2025-12-10T06:33:13+00:00\",\"description\":\"Buy a Ukraine Passport for sale. We have a reputation for selling both real and fake Ukraine Passports. Regarding our prices, we ensure they are kept low.\",\"breadcrumb\":{\"@id\":\"https:\/\/fahrerlaubnisnetz.com\/product\/buy-original-ukraine-passport\/#breadcrumb\"},\"inLanguage\":\"de\",\"potentialAction\":[{\"@type\":\"ReadAction\",\"target\":[\"https:\/\/fahrerlaubnisnetz.com\/product\/buy-original-ukraine-passport\/\"]}]},{\"@type\":\"ImageObject\",\"inLanguage\":\"de\",\"@id\":\"https:\/\/fahrerlaubnisnetz.com\/product\/buy-original-ukraine-passport\/#primaryimage\",\"url\":\"https:\/\/fahrerlaubnisnetz.com\/wp-content\/uploads\/2025\/03\/image_2025-03-20_110011101.png\",\"contentUrl\":\"https:\/\/fahrerlaubnisnetz.com\/wp-content\/uploads\/2025\/03\/image_2025-03-20_110011101.png\",\"width\":1000,\"height\":620,\"caption\":\"passport\"},{\"@type\":\"BreadcrumbList\",\"@id\":\"https:\/\/fahrerlaubnisnetz.com\/product\/buy-original-ukraine-passport\/#breadcrumb\",\"itemListElement\":[{\"@type\":\"ListItem\",\"position\":1,\"name\":\"Home\",\"item\":\"https:\/\/fahrerlaubnisnetz.com\/\"},{\"@type\":\"ListItem\",\"position\":2,\"name\":\"All Services\",\"item\":\"https:\/\/fahrerlaubnisnetz.com\/shop\/\"},{\"@type\":\"ListItem\",\"position\":3,\"name\":\"Buy Original Ukraine passport\"}]},{\"@type\":\"WebSite\",\"@id\":\"https:\/\/fahrerlaubnisnetz.com\/#website\",\"url\":\"https:\/\/fahrerlaubnisnetz.com\/\",\"name\":\"FAHRERLAUBNIS NETZ\",\"description\":\"Buy Original Drivers License, Pasport Online\",\"publisher\":{\"@id\":\"https:\/\/fahrerlaubnisnetz.com\/#organization\"},\"alternateName\":\"DRIVER'S LICENSE NETWORK\",\"potentialAction\":[{\"@type\":\"SearchAction\",\"target\":{\"@type\":\"EntryPoint\",\"urlTemplate\":\"https:\/\/fahrerlaubnisnetz.com\/?s={search_term_string}\"},\"query-input\":{\"@type\":\"PropertyValueSpecification\",\"valueRequired\":true,\"valueName\":\"search_term_string\"}}],\"inLanguage\":\"de\"},{\"@type\":\"Organization\",\"@id\":\"https:\/\/fahrerlaubnisnetz.com\/#organization\",\"name\":\"FAHRERLAUBNIS NETZ\",\"alternateName\":\"DRIVER'S LICENSE NETWORK\",\"url\":\"https:\/\/fahrerlaubnisnetz.com\/\",\"logo\":{\"@type\":\"ImageObject\",\"inLanguage\":\"de\",\"@id\":\"https:\/\/fahrerlaubnisnetz.com\/#\/schema\/logo\/image\/\",\"url\":\"https:\/\/fahrerlaubnisnetz.com\/wp-content\/uploads\/2025\/03\/image_2025-03-21_162823337.png\",\"contentUrl\":\"https:\/\/fahrerlaubnisnetz.com\/wp-content\/uploads\/2025\/03\/image_2025-03-21_162823337.png\",\"width\":590,\"height\":288,\"caption\":\"FAHRERLAUBNIS NETZ\"},\"image\":{\"@id\":\"https:\/\/fahrerlaubnisnetz.com\/#\/schema\/logo\/image\/\"}}]}<\/script>\n<!-- \/ Yoast SEO Premium plugin. -->","yoast_head_json":{"title":"Kaufen Sie einen originalen ukrainischen Reisepass","description":"Ukrainische P\u00e4sse kaufen. Wir sind bekannt f\u00fcr den Verkauf von echten und gef\u00e4lschten ukrainischen P\u00e4ssen. Unsere Preise sind stets niedrig.","robots":{"index":"index","follow":"follow","max-snippet":"max-snippet:-1","max-image-preview":"max-image-preview:large","max-video-preview":"max-video-preview:-1"},"canonical":"https:\/\/fahrerlaubnisnetz.com\/de\/produkt\/original-ukraine-reisepass-kaufen\/","og_locale":"de_DE","og_type":"article","og_title":"Buy Original Ukraine passport","og_description":"Buy a Ukraine Passport for sale. We have a reputation for selling both real and fake Ukraine Passports. Regarding our prices, we ensure they are kept low.","og_url":"https:\/\/fahrerlaubnisnetz.com\/de\/produkt\/original-ukraine-reisepass-kaufen\/","og_site_name":"Fahrerlaubnis Netz","article_modified_time":"2025-12-10T06:33:13+00:00","og_image":[{"width":1000,"height":620,"url":"https:\/\/fahrerlaubnisnetz.com\/wp-content\/uploads\/2025\/03\/image_2025-03-20_110011101.png","type":"image\/png"}],"twitter_card":"summary_large_image","twitter_misc":{"Gesch\u00e4tzte Lesezeit":"2\u00a0Minuten"},"schema":{"@context":"https:\/\/schema.org","@graph":[{"@type":"WebPage","@id":"https:\/\/fahrerlaubnisnetz.com\/product\/buy-original-ukraine-passport\/","url":"https:\/\/fahrerlaubnisnetz.com\/product\/buy-original-ukraine-passport\/","name":"Kaufen Sie einen originalen ukrainischen Reisepass","isPartOf":{"@id":"https:\/\/fahrerlaubnisnetz.com\/#website"},"primaryImageOfPage":{"@id":"https:\/\/fahrerlaubnisnetz.com\/product\/buy-original-ukraine-passport\/#primaryimage"},"image":{"@id":"https:\/\/fahrerlaubnisnetz.com\/product\/buy-original-ukraine-passport\/#primaryimage"},"thumbnailUrl":"https:\/\/fahrerlaubnisnetz.com\/wp-content\/uploads\/2025\/03\/image_2025-03-20_110011101.png","datePublished":"2025-03-20T10:08:43+00:00","dateModified":"2025-12-10T06:33:13+00:00","description":"Ukrainische P\u00e4sse kaufen. Wir sind bekannt f\u00fcr den Verkauf von echten und gef\u00e4lschten ukrainischen P\u00e4ssen. Unsere Preise sind stets niedrig.","breadcrumb":{"@id":"https:\/\/fahrerlaubnisnetz.com\/product\/buy-original-ukraine-passport\/#breadcrumb"},"inLanguage":"de","potentialAction":[{"@type":"ReadAction","target":["https:\/\/fahrerlaubnisnetz.com\/product\/buy-original-ukraine-passport\/"]}]},{"@type":"ImageObject","inLanguage":"de","@id":"https:\/\/fahrerlaubnisnetz.com\/product\/buy-original-ukraine-passport\/#primaryimage","url":"https:\/\/fahrerlaubnisnetz.com\/wp-content\/uploads\/2025\/03\/image_2025-03-20_110011101.png","contentUrl":"https:\/\/fahrerlaubnisnetz.com\/wp-content\/uploads\/2025\/03\/image_2025-03-20_110011101.png","width":1000,"height":620,"caption":"passport"},{"@type":"BreadcrumbList","@id":"https:\/\/fahrerlaubnisnetz.com\/product\/buy-original-ukraine-passport\/#breadcrumb","itemListElement":[{"@type":"ListItem","position":1,"name":"Home","item":"https:\/\/fahrerlaubnisnetz.com\/"},{"@type":"ListItem","position":2,"name":"All Services","item":"https:\/\/fahrerlaubnisnetz.com\/shop\/"},{"@type":"ListItem","position":3,"name":"Buy Original Ukraine passport"}]},{"@type":"WebSite","@id":"https:\/\/fahrerlaubnisnetz.com\/#website","url":"https:\/\/fahrerlaubnisnetz.com\/","name":"FAHRERLAUBNIS NETZ","description":"Kaufen Sie den Original-F\u00fchrerschein oder Reisepass online","publisher":{"@id":"https:\/\/fahrerlaubnisnetz.com\/#organization"},"alternateName":"DRIVER'S LICENSE NETWORK","potentialAction":[{"@type":"SearchAction","target":{"@type":"EntryPoint","urlTemplate":"https:\/\/fahrerlaubnisnetz.com\/?s={search_term_string}"},"query-input":{"@type":"PropertyValueSpecification","valueRequired":true,"valueName":"search_term_string"}}],"inLanguage":"de"},{"@type":"Organization","@id":"https:\/\/fahrerlaubnisnetz.com\/#organization","name":"FAHRERLAUBNIS NETZ","alternateName":"DRIVER'S LICENSE NETWORK","url":"https:\/\/fahrerlaubnisnetz.com\/","logo":{"@type":"ImageObject","inLanguage":"de","@id":"https:\/\/fahrerlaubnisnetz.com\/#\/schema\/logo\/image\/","url":"https:\/\/fahrerlaubnisnetz.com\/wp-content\/uploads\/2025\/03\/image_2025-03-21_162823337.png","contentUrl":"https:\/\/fahrerlaubnisnetz.com\/wp-content\/uploads\/2025\/03\/image_2025-03-21_162823337.png","width":590,"height":288,"caption":"FAHRERLAUBNIS NETZ"},"image":{"@id":"https:\/\/fahrerlaubnisnetz.com\/#\/schema\/logo\/image\/"}}]}},"_links":{"self":[{"href":"https:\/\/fahrerlaubnisnetz.com\/de\/wp-json\/wp\/v2\/product\/2256","targetHints":{"allow":["GET"]}}],"collection":[{"href":"https:\/\/fahrerlaubnisnetz.com\/de\/wp-json\/wp\/v2\/product"}],"about":[{"href":"https:\/\/fahrerlaubnisnetz.com\/de\/wp-json\/wp\/v2\/types\/product"}],"replies":[{"embeddable":true,"href":"https:\/\/fahrerlaubnisnetz.com\/de\/wp-json\/wp\/v2\/comments?post=2256"}],"wp:featuredmedia":[{"embeddable":true,"href":"https:\/\/fahrerlaubnisnetz.com\/de\/wp-json\/wp\/v2\/media\/2257"}],"wp:attachment":[{"href":"https:\/\/fahrerlaubnisnetz.com\/de\/wp-json\/wp\/v2\/media?parent=2256"}],"wp:term":[{"taxonomy":"product_brand","embeddable":true,"href":"https:\/\/fahrerlaubnisnetz.com\/de\/wp-json\/wp\/v2\/product_brand?post=2256"},{"taxonomy":"product_cat","embeddable":true,"href":"https:\/\/fahrerlaubnisnetz.com\/de\/wp-json\/wp\/v2\/product_cat?post=2256"},{"taxonomy":"product_tag","embeddable":true,"href":"https:\/\/fahrerlaubnisnetz.com\/de\/wp-json\/wp\/v2\/product_tag?post=2256"}],"curies":[{"name":"wp","href":"https:\/\/api.w.org\/{rel}","templated":true}]}}