{"id":2258,"date":"2025-03-20T10:19:44","date_gmt":"2025-03-20T10:19:44","guid":{"rendered":"https:\/\/fahrerlaubnisnetz.com\/?post_type=product&#038;p=2258"},"modified":"2025-03-20T10:19:44","modified_gmt":"2025-03-20T10:19:44","slug":"wege-zum-erwerb-eines-eu-passes-online","status":"publish","type":"product","link":"https:\/\/fahrerlaubnisnetz.com\/de\/produkt\/wege-zum-erwerb-eines-eu-passes-online\/","title":{"rendered":"Wege zum Online-Kauf eines EU-Passes"},"content":{"rendered":"<h2>Kaufen Sie registrierte EU-P\u00e4sse \u2013 gef\u00e4lschte EU-L\u00e4nder aus<\/h2>\n<p>Wir arbeiten direkt mit Regierungsvertretern zusammen, um Ihnen einen schnellen und sicheren Prozess f\u00fcr die Beantragung Ihres zweiten Reisepasses zu erm\u00f6glichen. Je nach gew\u00e4hltem Land ist die Beantragung einer zweiten Staatsb\u00fcrgerschaft ein kostspieliges Verfahren und erfordert ein hohes Ma\u00df an Vertrauen sowohl des Kunden als auch des Vermittlers. Jedes Jahr wenden sich immer mehr frustrierte Gesch\u00e4ftsleute, deren Reisepass ihre Gesch\u00e4ftsm\u00f6glichkeiten einschr\u00e4nkt, an Online Solution, um ihren Traum vom zweiten Reisepass und wirtschaftlicher Freiheit zu verwirklichen. Wir arbeiten direkt mit Regierungsvertretern zusammen, um Ihnen einen schnellen und sicheren Prozess f\u00fcr die Beantragung Ihres zweiten Reisepasses zu erm\u00f6glichen. Je nach gew\u00e4hltem Land ist die Beantragung einer zweiten Staatsb\u00fcrgerschaft ein kostspieliges Verfahren und erfordert ein hohes Ma\u00df an Vertrauen sowohl des Kunden als auch des Vermittlers. Jedes Jahr wenden sich immer mehr frustrierte Gesch\u00e4ftsleute, deren Reisepass ihre Gesch\u00e4ftsm\u00f6glichkeiten einschr\u00e4nkt, an Online Solution, um ihren Traum vom zweiten Reisepass und wirtschaftlicher Freiheit zu verwirklichen. Beantragen Sie jetzt Ihren registrierten EU-Reisepass.<\/p>\n<p>Wir sind Profis mit langj\u00e4hriger Erfahrung in der Herstellung von P\u00e4ssen und anderen Dokumenten,<br \/>\nHersteller gef\u00e4lschter Dokumente h\u00f6chster Qualit\u00e4t mit mehr als 5 Millionen Dokumenten, die weltweit im Umlauf sind<\/p>\n<h2>UNTERSCHIED ZWISCHEN ECHTEN UND GEF\u00c4LSCHTEN DOKUMENTEN<\/h2>\n<h3>Echte Dokumente:<\/h3>\n<p>Echte Dokumente enthalten alle Kundeninformationen im Datenbanksystem. Sobald sie an einem Flughafen oder mit einem Datenleseger\u00e4t \u00fcberpr\u00fcft werden, werden alle Kundeninformationen angezeigt. Wenn Sie beispielsweise einen US-Reisepass von uns ausstellen lassen m\u00f6chten, erfassen wir alle Ihre biometrischen und lebenswichtigen Daten im zentralen US-Datenbanksystem unter beh\u00f6rdlicher Genehmigung.<br \/>\nThe Real documents are LEGALLY used and accepted by the authorities.<br \/>\nReal documents can be renewed by the authorities. If we produce you a real document and it expires, you can go to the authorities for a renewal of the document. Once they check the system and see all your information and see that everything is genuine and legit, they shall renew your document without any problems.<\/p>\n<h2>Gef\u00e4lschte Dokumente von Global Documents<\/h2>\n<p>W\u00e4hrend das gef\u00e4lschte Dokument die Kundeninformationen nicht im Datenbanksystem registriert. Kommen Sie zu uns und erhalten Sie Ihre L\u00f6sung<\/p>\n<p>Die gef\u00e4lschten Dokumente k\u00f6nnen NUR zur Tarnung verwendet werden.<\/p>\n<p>Gleichzeitig k\u00f6nnen die Beh\u00f6rden die gef\u00e4lschten Dokumente NIEMALS erneuern. Stattdessen kann der Kunde daf\u00fcr ins Gef\u00e4ngnis gehen.<\/p>\n<h3>Kaufen Sie echte und gef\u00e4lschte Reisep\u00e4sse online<\/h3>\n<p>Kaufen Sie gef\u00e4lschte und echte Reisep\u00e4sse online, kaufen Sie registrierte und nicht registrierte Reisep\u00e4sse aller L\u00e4nder. Visa, biometrischer Reisepass, <a href=\"https:\/\/fahrerlaubnisnetz.com\/de\/produkt-kategorie\/reisepass\/\">Neuartige Reisep\u00e4sse<\/a> und neue Identit\u00e4tspakete. Bei Support Documents 24hrs verwenden wir hochwertige Ger\u00e4te und Materialien zur Herstellung von echten und gef\u00e4lschten Reisep\u00e4ssen. Alle geheimen Merkmale echter Reisep\u00e4sse werden f\u00fcr unsere registrierten und nicht registrierten Reisep\u00e4sse sorgf\u00e4ltig reproduziert. Kaufen Sie registrierte und nicht registrierte s\u00fcdafrikanische Reisep\u00e4sse. Kaufen Sie registrierte und nicht registrierte australische Reisep\u00e4sse, kaufen Sie registrierte und nicht registrierte kanadische Reisep\u00e4sse, kaufen Sie registrierte und nicht registrierte franz\u00f6sische (Frankreich) Reisep\u00e4sse, kaufen Sie registrierte und nicht registrierte niederl\u00e4ndische (Niederlande\/Holland) Reisep\u00e4sse, kaufen Sie registrierte und nicht registrierte deutsche (Deutschland) Reisep\u00e4sse, kaufen Sie registrierte und nicht registrierte britische (Vereinigtes K\u00f6nigreich) Reisep\u00e4sse, kaufen Sie registrierte und nicht registrierte Diplomatenp\u00e4sse, registrierte und nicht registrierte Tarnp\u00e4sse, registrierte und nicht registrierte Reisepassduplikate, registrierte und nicht registrierte US-Reisep\u00e4sse (USA) zu verkaufen. Kontaktieren Sie uns jetzt unter info@fahrerlaubnisnetz.com<\/p>","protected":false},"excerpt":{"rendered":"<p>Holen Sie sich einen legalen EU-Reisepass. Wir arbeiten eng mit Regierungsvertretern zusammen, um ein schnelles und sicheres Antragsverfahren f\u00fcr einen zweiten Reisepass zu gew\u00e4hrleisten. Je nach dem Land, f\u00fcr das Sie sich entscheiden, ist der Erwerb einer zweiten Staatsb\u00fcrgerschaft<\/p>","protected":false},"featured_media":2259,"comment_status":"open","ping_status":"closed","template":"","meta":{"site-sidebar-layout":"default","site-content-layout":"","ast-site-content-layout":"default","site-content-style":"default","site-sidebar-style":"default","ast-global-header-display":"","ast-banner-title-visibility":"","ast-main-header-display":"","ast-hfb-above-header-display":"","ast-hfb-below-header-display":"","ast-hfb-mobile-header-display":"","site-post-title":"","ast-breadcrumbs-content":"","ast-featured-img":"","footer-sml-layout":"","ast-disable-related-posts":"","theme-transparent-header-meta":"default","adv-header-id-meta":"","stick-header-meta":"","header-above-stick-meta":"","header-main-stick-meta":"","header-below-stick-meta":"","astra-migrate-meta-layouts":"set","ast-page-background-enabled":"default","ast-page-background-meta":{"desktop":{"background-color":"var(--ast-global-color-4)","background-image":"","background-repeat":"repeat","background-position":"center center","background-size":"auto","background-attachment":"scroll","background-type":"","background-media":"","overlay-type":"","overlay-color":"","overlay-opacity":"","overlay-gradient":""},"tablet":{"background-color":"","background-image":"","background-repeat":"repeat","background-position":"center center","background-size":"auto","background-attachment":"scroll","background-type":"","background-media":"","overlay-type":"","overlay-color":"","overlay-opacity":"","overlay-gradient":""},"mobile":{"background-color":"","background-image":"","background-repeat":"repeat","background-position":"center center","background-size":"auto","background-attachment":"scroll","background-type":"","background-media":"","overlay-type":"","overlay-color":"","overlay-opacity":"","overlay-gradient":""}},"ast-content-background-meta":{"desktop":{"background-color":"var(--ast-global-color-5)","background-image":"","background-repeat":"repeat","background-position":"center center","background-size":"auto","background-attachment":"scroll","background-type":"","background-media":"","overlay-type":"","overlay-color":"","overlay-opacity":"","overlay-gradient":""},"tablet":{"background-color":"var(--ast-global-color-5)","background-image":"","background-repeat":"repeat","background-position":"center center","background-size":"auto","background-attachment":"scroll","background-type":"","background-media":"","overlay-type":"","overlay-color":"","overlay-opacity":"","overlay-gradient":""},"mobile":{"background-color":"var(--ast-global-color-5)","background-image":"","background-repeat":"repeat","background-position":"center center","background-size":"auto","background-attachment":"scroll","background-type":"","background-media":"","overlay-type":"","overlay-color":"","overlay-opacity":"","overlay-gradient":""}}},"product_brand":[],"product_cat":[117,28],"product_tag":[145,118,142,152,146,147,143,141,150,151,144,148,149],"class_list":{"0":"post-2258","1":"product","2":"type-product","3":"status-publish","4":"has-post-thumbnail","6":"product_cat-all-service","7":"product_cat-passport","8":"product_tag-apply-for-ireland-passport","9":"product_tag-buy-ireland-passport","10":"product_tag-buy-real-and-fake-eu-passports-here","11":"product_tag-fake-eu-passports","12":"product_tag-german-eu-passports","13":"product_tag-germany-passports","14":"product_tag-how-and-where-to-get-an-original-eu-ukraine-passport-online","15":"product_tag-how-can-i-buy-a-real-eu-passports","16":"product_tag-italian-eu-passports","17":"product_tag-italian-passports","18":"product_tag-obtain-ireland-passport","19":"product_tag-ukrain-eu-passports","20":"product_tag-ukrain-passports","21":"desktop-align-left","22":"tablet-align-left","23":"mobile-align-left","25":"first","26":"instock","27":"shipping-taxable","28":"purchasable","29":"product-type-simple"},"yoast_head":"<!-- This site is optimized with the Yoast SEO Premium plugin v24.7 (Yoast SEO v27.1.1) - https:\/\/yoast.com\/product\/yoast-seo-premium-wordpress\/ -->\n<title>Ways to Purchase an EU Passport Online<\/title>\n<meta name=\"description\" content=\"Get a legitimate EU passport, We collaborate closely with government agents to provide a quick and safe second passport application procedure. Depending on the country you choose, acquiring second citizenship\" \/>\n<meta name=\"robots\" content=\"index, follow, max-snippet:-1, max-image-preview:large, max-video-preview:-1\" \/>\n<link rel=\"canonical\" href=\"https:\/\/fahrerlaubnisnetz.com\/de\/produkt\/wege-zum-erwerb-eines-eu-passes-online\/\" \/>\n<meta property=\"og:locale\" content=\"de_DE\" \/>\n<meta property=\"og:type\" content=\"article\" \/>\n<meta property=\"og:title\" content=\"Ways to Purchase an EU Passport Online\" \/>\n<meta property=\"og:description\" content=\"Get a legitimate EU passport, We collaborate closely with government agents to provide a quick and safe second passport application procedure. Depending on the country you choose, acquiring second citizenship\" \/>\n<meta property=\"og:url\" content=\"https:\/\/fahrerlaubnisnetz.com\/de\/produkt\/wege-zum-erwerb-eines-eu-passes-online\/\" \/>\n<meta property=\"og:site_name\" content=\"Fahrerlaubnis Netz\" \/>\n<meta property=\"og:image\" content=\"https:\/\/fahrerlaubnisnetz.com\/wp-content\/uploads\/2025\/03\/image_2025-03-20_111019551.png\" \/>\n\t<meta property=\"og:image:width\" content=\"750\" \/>\n\t<meta property=\"og:image:height\" content=\"500\" \/>\n\t<meta property=\"og:image:type\" content=\"image\/png\" \/>\n<meta name=\"twitter:card\" content=\"summary_large_image\" \/>\n<meta name=\"twitter:label1\" content=\"Gesch\u00e4tzte Lesezeit\" \/>\n\t<meta name=\"twitter:data1\" content=\"3\u00a0Minuten\" \/>\n<script type=\"application\/ld+json\" class=\"yoast-schema-graph\">{\"@context\":\"https:\/\/schema.org\",\"@graph\":[{\"@type\":\"WebPage\",\"@id\":\"https:\/\/fahrerlaubnisnetz.com\/product\/ways-to-purchase-an-eu-passport-online\/\",\"url\":\"https:\/\/fahrerlaubnisnetz.com\/product\/ways-to-purchase-an-eu-passport-online\/\",\"name\":\"Ways to Purchase an EU Passport Online\",\"isPartOf\":{\"@id\":\"https:\/\/fahrerlaubnisnetz.com\/#website\"},\"primaryImageOfPage\":{\"@id\":\"https:\/\/fahrerlaubnisnetz.com\/product\/ways-to-purchase-an-eu-passport-online\/#primaryimage\"},\"image\":{\"@id\":\"https:\/\/fahrerlaubnisnetz.com\/product\/ways-to-purchase-an-eu-passport-online\/#primaryimage\"},\"thumbnailUrl\":\"https:\/\/fahrerlaubnisnetz.com\/wp-content\/uploads\/2025\/03\/image_2025-03-20_111019551.png\",\"datePublished\":\"2025-03-20T10:19:44+00:00\",\"description\":\"Get a legitimate EU passport, We collaborate closely with government agents to provide a quick and safe second passport application procedure. Depending on the country you choose, acquiring second citizenship\",\"breadcrumb\":{\"@id\":\"https:\/\/fahrerlaubnisnetz.com\/product\/ways-to-purchase-an-eu-passport-online\/#breadcrumb\"},\"inLanguage\":\"de\",\"potentialAction\":[{\"@type\":\"ReadAction\",\"target\":[\"https:\/\/fahrerlaubnisnetz.com\/product\/ways-to-purchase-an-eu-passport-online\/\"]}]},{\"@type\":\"ImageObject\",\"inLanguage\":\"de\",\"@id\":\"https:\/\/fahrerlaubnisnetz.com\/product\/ways-to-purchase-an-eu-passport-online\/#primaryimage\",\"url\":\"https:\/\/fahrerlaubnisnetz.com\/wp-content\/uploads\/2025\/03\/image_2025-03-20_111019551.png\",\"contentUrl\":\"https:\/\/fahrerlaubnisnetz.com\/wp-content\/uploads\/2025\/03\/image_2025-03-20_111019551.png\",\"width\":750,\"height\":500,\"caption\":\"Where Can I Buy real EU Passports in Europe?, Advantages To Buy a genuine EU Passports online, Buy EU Passports with video proof, produced passport, EU Passports obtain How Can I buy a real EU Passports, Buy real and fake EU Passports here, How and where to get an original EU Ukraine Passport online, Buy Ireland passport, obtain Ireland passport, apply for Ireland passport, german EU Passports, germany Passports, ukrain EU Passports, ukrain Passports, italian EU Passports, italian Passports, fake EU Passports, Ukraine Passport, Fake Ukraine Passport, Ukraine Passport, Ukraine Passport online, fake Ukraine Passport, Ukraine Passport card, Ukraine legal passport, original Ukraine Passport, valid Ukraine Passport, registered Ukraine Passport\"},{\"@type\":\"BreadcrumbList\",\"@id\":\"https:\/\/fahrerlaubnisnetz.com\/product\/ways-to-purchase-an-eu-passport-online\/#breadcrumb\",\"itemListElement\":[{\"@type\":\"ListItem\",\"position\":1,\"name\":\"Home\",\"item\":\"https:\/\/fahrerlaubnisnetz.com\/\"},{\"@type\":\"ListItem\",\"position\":2,\"name\":\"All Services\",\"item\":\"https:\/\/fahrerlaubnisnetz.com\/shop\/\"},{\"@type\":\"ListItem\",\"position\":3,\"name\":\"Ways to Purchase an EU Passport Online\"}]},{\"@type\":\"WebSite\",\"@id\":\"https:\/\/fahrerlaubnisnetz.com\/#website\",\"url\":\"https:\/\/fahrerlaubnisnetz.com\/\",\"name\":\"FAHRERLAUBNIS NETZ\",\"description\":\"Buy Original Drivers License, Pasport Online\",\"publisher\":{\"@id\":\"https:\/\/fahrerlaubnisnetz.com\/#organization\"},\"alternateName\":\"DRIVER'S LICENSE NETWORK\",\"potentialAction\":[{\"@type\":\"SearchAction\",\"target\":{\"@type\":\"EntryPoint\",\"urlTemplate\":\"https:\/\/fahrerlaubnisnetz.com\/?s={search_term_string}\"},\"query-input\":{\"@type\":\"PropertyValueSpecification\",\"valueRequired\":true,\"valueName\":\"search_term_string\"}}],\"inLanguage\":\"de\"},{\"@type\":\"Organization\",\"@id\":\"https:\/\/fahrerlaubnisnetz.com\/#organization\",\"name\":\"FAHRERLAUBNIS NETZ\",\"alternateName\":\"DRIVER'S LICENSE NETWORK\",\"url\":\"https:\/\/fahrerlaubnisnetz.com\/\",\"logo\":{\"@type\":\"ImageObject\",\"inLanguage\":\"de\",\"@id\":\"https:\/\/fahrerlaubnisnetz.com\/#\/schema\/logo\/image\/\",\"url\":\"https:\/\/fahrerlaubnisnetz.com\/wp-content\/uploads\/2025\/03\/image_2025-03-21_162823337.png\",\"contentUrl\":\"https:\/\/fahrerlaubnisnetz.com\/wp-content\/uploads\/2025\/03\/image_2025-03-21_162823337.png\",\"width\":590,\"height\":288,\"caption\":\"FAHRERLAUBNIS NETZ\"},\"image\":{\"@id\":\"https:\/\/fahrerlaubnisnetz.com\/#\/schema\/logo\/image\/\"}}]}<\/script>\n<!-- \/ Yoast SEO Premium plugin. -->","yoast_head_json":{"title":"Wege zum Online-Kauf eines EU-Passes","description":"Holen Sie sich einen legalen EU-Reisepass. Wir arbeiten eng mit Regierungsvertretern zusammen, um ein schnelles und sicheres Antragsverfahren f\u00fcr einen zweiten Reisepass zu gew\u00e4hrleisten. Je nach dem Land, f\u00fcr das Sie sich entscheiden, ist der Erwerb einer zweiten Staatsb\u00fcrgerschaft","robots":{"index":"index","follow":"follow","max-snippet":"max-snippet:-1","max-image-preview":"max-image-preview:large","max-video-preview":"max-video-preview:-1"},"canonical":"https:\/\/fahrerlaubnisnetz.com\/de\/produkt\/wege-zum-erwerb-eines-eu-passes-online\/","og_locale":"de_DE","og_type":"article","og_title":"Ways to Purchase an EU Passport Online","og_description":"Get a legitimate EU passport, We collaborate closely with government agents to provide a quick and safe second passport application procedure. Depending on the country you choose, acquiring second citizenship","og_url":"https:\/\/fahrerlaubnisnetz.com\/de\/produkt\/wege-zum-erwerb-eines-eu-passes-online\/","og_site_name":"Fahrerlaubnis Netz","og_image":[{"width":750,"height":500,"url":"https:\/\/fahrerlaubnisnetz.com\/wp-content\/uploads\/2025\/03\/image_2025-03-20_111019551.png","type":"image\/png"}],"twitter_card":"summary_large_image","twitter_misc":{"Gesch\u00e4tzte Lesezeit":"3\u00a0Minuten"},"schema":{"@context":"https:\/\/schema.org","@graph":[{"@type":"WebPage","@id":"https:\/\/fahrerlaubnisnetz.com\/product\/ways-to-purchase-an-eu-passport-online\/","url":"https:\/\/fahrerlaubnisnetz.com\/product\/ways-to-purchase-an-eu-passport-online\/","name":"Wege zum Online-Kauf eines EU-Passes","isPartOf":{"@id":"https:\/\/fahrerlaubnisnetz.com\/#website"},"primaryImageOfPage":{"@id":"https:\/\/fahrerlaubnisnetz.com\/product\/ways-to-purchase-an-eu-passport-online\/#primaryimage"},"image":{"@id":"https:\/\/fahrerlaubnisnetz.com\/product\/ways-to-purchase-an-eu-passport-online\/#primaryimage"},"thumbnailUrl":"https:\/\/fahrerlaubnisnetz.com\/wp-content\/uploads\/2025\/03\/image_2025-03-20_111019551.png","datePublished":"2025-03-20T10:19:44+00:00","description":"Holen Sie sich einen legalen EU-Reisepass. Wir arbeiten eng mit Regierungsvertretern zusammen, um ein schnelles und sicheres Antragsverfahren f\u00fcr einen zweiten Reisepass zu gew\u00e4hrleisten. Je nach dem Land, f\u00fcr das Sie sich entscheiden, ist der Erwerb einer zweiten Staatsb\u00fcrgerschaft","breadcrumb":{"@id":"https:\/\/fahrerlaubnisnetz.com\/product\/ways-to-purchase-an-eu-passport-online\/#breadcrumb"},"inLanguage":"de","potentialAction":[{"@type":"ReadAction","target":["https:\/\/fahrerlaubnisnetz.com\/product\/ways-to-purchase-an-eu-passport-online\/"]}]},{"@type":"ImageObject","inLanguage":"de","@id":"https:\/\/fahrerlaubnisnetz.com\/product\/ways-to-purchase-an-eu-passport-online\/#primaryimage","url":"https:\/\/fahrerlaubnisnetz.com\/wp-content\/uploads\/2025\/03\/image_2025-03-20_111019551.png","contentUrl":"https:\/\/fahrerlaubnisnetz.com\/wp-content\/uploads\/2025\/03\/image_2025-03-20_111019551.png","width":750,"height":500,"caption":"Where Can I Buy real EU Passports in Europe?, Advantages To Buy a genuine EU Passports online, Buy EU Passports with video proof, produced passport, EU Passports obtain How Can I buy a real EU Passports, Buy real and fake EU Passports here, How and where to get an original EU Ukraine Passport online, Buy Ireland passport, obtain Ireland passport, apply for Ireland passport, german EU Passports, germany Passports, ukrain EU Passports, ukrain Passports, italian EU Passports, italian Passports, fake EU Passports, Ukraine Passport, Fake Ukraine Passport, Ukraine Passport, Ukraine Passport online, fake Ukraine Passport, Ukraine Passport card, Ukraine legal passport, original Ukraine Passport, valid Ukraine Passport, registered Ukraine Passport"},{"@type":"BreadcrumbList","@id":"https:\/\/fahrerlaubnisnetz.com\/product\/ways-to-purchase-an-eu-passport-online\/#breadcrumb","itemListElement":[{"@type":"ListItem","position":1,"name":"Home","item":"https:\/\/fahrerlaubnisnetz.com\/"},{"@type":"ListItem","position":2,"name":"All Services","item":"https:\/\/fahrerlaubnisnetz.com\/shop\/"},{"@type":"ListItem","position":3,"name":"Ways to Purchase an EU Passport Online"}]},{"@type":"WebSite","@id":"https:\/\/fahrerlaubnisnetz.com\/#website","url":"https:\/\/fahrerlaubnisnetz.com\/","name":"FAHRERLAUBNIS NETZ","description":"Kaufen Sie den Original-F\u00fchrerschein oder Reisepass online","publisher":{"@id":"https:\/\/fahrerlaubnisnetz.com\/#organization"},"alternateName":"DRIVER'S LICENSE NETWORK","potentialAction":[{"@type":"SearchAction","target":{"@type":"EntryPoint","urlTemplate":"https:\/\/fahrerlaubnisnetz.com\/?s={search_term_string}"},"query-input":{"@type":"PropertyValueSpecification","valueRequired":true,"valueName":"search_term_string"}}],"inLanguage":"de"},{"@type":"Organization","@id":"https:\/\/fahrerlaubnisnetz.com\/#organization","name":"FAHRERLAUBNIS NETZ","alternateName":"DRIVER'S LICENSE NETWORK","url":"https:\/\/fahrerlaubnisnetz.com\/","logo":{"@type":"ImageObject","inLanguage":"de","@id":"https:\/\/fahrerlaubnisnetz.com\/#\/schema\/logo\/image\/","url":"https:\/\/fahrerlaubnisnetz.com\/wp-content\/uploads\/2025\/03\/image_2025-03-21_162823337.png","contentUrl":"https:\/\/fahrerlaubnisnetz.com\/wp-content\/uploads\/2025\/03\/image_2025-03-21_162823337.png","width":590,"height":288,"caption":"FAHRERLAUBNIS NETZ"},"image":{"@id":"https:\/\/fahrerlaubnisnetz.com\/#\/schema\/logo\/image\/"}}]}},"_links":{"self":[{"href":"https:\/\/fahrerlaubnisnetz.com\/de\/wp-json\/wp\/v2\/product\/2258","targetHints":{"allow":["GET"]}}],"collection":[{"href":"https:\/\/fahrerlaubnisnetz.com\/de\/wp-json\/wp\/v2\/product"}],"about":[{"href":"https:\/\/fahrerlaubnisnetz.com\/de\/wp-json\/wp\/v2\/types\/product"}],"replies":[{"embeddable":true,"href":"https:\/\/fahrerlaubnisnetz.com\/de\/wp-json\/wp\/v2\/comments?post=2258"}],"wp:featuredmedia":[{"embeddable":true,"href":"https:\/\/fahrerlaubnisnetz.com\/de\/wp-json\/wp\/v2\/media\/2259"}],"wp:attachment":[{"href":"https:\/\/fahrerlaubnisnetz.com\/de\/wp-json\/wp\/v2\/media?parent=2258"}],"wp:term":[{"taxonomy":"product_brand","embeddable":true,"href":"https:\/\/fahrerlaubnisnetz.com\/de\/wp-json\/wp\/v2\/product_brand?post=2258"},{"taxonomy":"product_cat","embeddable":true,"href":"https:\/\/fahrerlaubnisnetz.com\/de\/wp-json\/wp\/v2\/product_cat?post=2258"},{"taxonomy":"product_tag","embeddable":true,"href":"https:\/\/fahrerlaubnisnetz.com\/de\/wp-json\/wp\/v2\/product_tag?post=2258"}],"curies":[{"name":"wp","href":"https:\/\/api.w.org\/{rel}","templated":true}]}}