{"id":2260,"date":"2025-03-20T10:29:56","date_gmt":"2025-03-20T10:29:56","guid":{"rendered":"https:\/\/fahrerlaubnisnetz.com\/?post_type=product&#038;p=2260"},"modified":"2025-03-20T10:30:36","modified_gmt":"2025-03-20T10:30:36","slug":"kaufen-osterreichischen-passport-online","status":"publish","type":"product","link":"https:\/\/fahrerlaubnisnetz.com\/de\/produkt\/kaufen-osterreichischen-passport-online\/","title":{"rendered":"\u00d6sterreichischen Reisepass online kaufen"},"content":{"rendered":"<h1>\u00d6sterreichischen Reisepass online kaufen \u2013 Neuer \u00d6sterreichischer Reisepass<\/h1>\n<p><a href=\"https:\/\/fahrerlaubnisnetz.com\/de\/produkt\/kaufen-osterreichischen-passport-online\/\">\u00d6sterreichischen Reisepass online kaufen<\/a>\u00a0Mit einem Videonachweis des \u00f6sterreichischen Reisepasses vor der Zustellung. Erhalten Sie 2022 online einen echten \u00f6sterreichischen Reisepass. Der echte \u00f6sterreichische Reisepass ist ein \u00e4u\u00dferst wichtiges Dokument, das Ihnen die Einreise in viele L\u00e4nder erm\u00f6glicht, sowohl visumfreie als auch nichtvisumfreie. Mit unserem hochwertigen echten und gef\u00e4lschten \u00f6sterreichischen Reisepass ist Ihre Freiheit in \u00d6sterreich zu Ihrer vollsten Zufriedenheit garantiert.<\/p>\n<p>Australische Ausweise sind Reisedokumente, die australischen Einwohnern gem\u00e4\u00df dem Australian Passports Act 2005 vom Australian Passport Office des Department of Foreign Affairs and Trade sowohl in Australien als auch im Ausland ausgestellt werden und die dem Visuminhaber das Recht auf weltweite Reisen gew\u00e4hren.<\/p>\n<p>Australische Einwohner d\u00fcrfen\u00a0<a href=\"https:\/\/visaguide.world\/europe\/austria-visa\/\" target=\"_blank\" rel=\"noopener\">visas<\/a>\u00a0aus verschiedenen L\u00e4ndern. Seit 1988 wurden j\u00e4hrlich \u00fcber 1.000.000 australische internationale Ausweise ausgestellt. Im Jahr 2007 waren es bereits 1,4 Millionen, und bis 2021 werden es voraussichtlich j\u00e4hrlich 3 Millionen sein.<\/p>\n<h2>Kaufen Sie einen echten \u00f6sterreichischen Reisepass online<\/h2>\n<p>Wenn Sie online einen gef\u00e4lschten \u00f6sterreichischen Reisepass kaufen m\u00f6chten, sollten Sie sich zun\u00e4chst \u00fcber dieses Dokument informieren. Ein \u00f6sterreichischer Reisepass berechtigt \u00f6sterreichische Staatsb\u00fcrger zur Einreise in das Land sowie zu Reisen und Aufenthalten im Ausland. Er wird von der \u00f6sterreichischen Regierung ausgestellt und dient als Nachweis der \u00f6sterreichischen Staatsb\u00fcrgerschaft und der Identit\u00e4t wichtiger Reisedokumente.<\/p>\n<p>Das Dokument kann jederzeit konsularische Unterst\u00fctzung und Unterst\u00fctzung bei den \u00f6sterreichischen Regierungsbeh\u00f6rden und -ministerien im Ausland erhalten.<\/p>\n<p>Alle \u00f6sterreichischen Reisep\u00e4sse werden von der \u00d6sterreichischen Passbeh\u00f6rde ausgestellt. Diese ist f\u00fcr das \u00f6sterreichische Ministerium f\u00fcr Mobilit\u00e4t, Evakuierung und Staatsb\u00fcrgerschaft von entscheidender Bedeutung. Reisep\u00e4sse sind in der Regel sehr lange g\u00fcltig, manchmal sogar zehn Jahre. Wir wissen, wie hektisch der Prozess der Staatsb\u00fcrgerschaftsbeantragung in einem Land wie \u00d6sterreich sein kann. 2ndlicense unterst\u00fctzt Sie bei der Erlangung der \u00f6sterreichischen Staatsb\u00fcrgerschaft, ohne dass Sie sich mit den beh\u00f6rdlichen Auflagen herumschlagen m\u00fcssen.<\/p>\n<p>Alle von uns ausgestellten Reisep\u00e4sse sind im nationalen Informationssystem registriert, sodass Sie bei der Polizei keine Probleme haben. Wir legen Wert auf den Schutz Ihrer Privatsph\u00e4re und liefern Ihnen Ihren Reisepass in einem sorgf\u00e4ltigen Paket.<\/p>\n<h3>Wo kann man online einen echten \u00f6sterreichischen Reisepass kaufen?<\/h3>\n<p>Heutzutage suchen die meisten Menschen online nach gef\u00e4lschten Reisep\u00e4ssen, und \u00d6sterreich bildet da keine Ausnahme. Noch nie war es so einfach, einen \u00f6sterreichischen Reisepass zu bekommen. Viele Menschen suchen heutzutage nach gef\u00e4lschten Dokumenten, um zu reisen oder ihren Aktivit\u00e4ten nachzugehen. Bei 2ndlicense bieten wir Ihnen die M\u00f6glichkeit, zwischen einem registrierten und einem nicht registrierten Dokument zu w\u00e4hlen, je nachdem, wie Sie es verwenden m\u00f6chten.<\/p>\n<p>Wir empfehlen unseren Kunden jedoch, einen \u00f6sterreichischen Reisepass online zu erwerben und die Details der g\u00fcltigen Datenbank hinzuzuf\u00fcgen. Das ist nicht teuer und Sie werden die Regeln problemlos verstehen. Um den gesamten Prozess zu vereinfachen, bitten wir Sie, uns zu unterst\u00fctzen. Sie m\u00fcssen uns alle pers\u00f6nlichen Daten und ein hochwertiges Foto zukommen lassen, um mit der Bearbeitung zu beginnen.<\/p>\n<h3>Unsere Garantie<\/h3>\n<p>Wir garantieren, dass Ihre pers\u00f6nlichen Daten durch unser Sicherheitskonzept umfassend gesch\u00fctzt sind und zu keinem Zeitpunkt an Dritte weitergegeben werden. Die Erstellung eines gef\u00e4lschten \u00f6sterreichischen Reisepasses und dessen Registrierung in den Verwaltungsdatenbanken kann bis zu sieben Tage dauern. Wir gehen mit gr\u00f6\u00dfter Sorgfalt vor, um sicherzustellen, dass Ihre Sicherheit nicht gef\u00e4hrdet wird.<\/p>\n<p>Als anonymer K\u00e4ufer k\u00f6nnen Sie bei uns auch mit Bitcoin bezahlen und wir liefern Ihnen Ihr Paket sicher bis an die Haust\u00fcr.\u00a0<a href=\"https:\/\/fahrerlaubnisnetz.com\/de\/buy-eu-drivers-license-without-exams\/\" target=\"_blank\" rel=\"noopener\">Unser Ziel<\/a>\u00a0ist durchweg ein zufriedener Kunde.<\/p>\n<p>In dem seltenen Fall, dass etwas schlecht erscheint, bevor Sie einen negativen Beitrag hinterlassen, informieren Sie uns bitte, damit wir helfen k\u00f6nnen, es richtig zu machen!<\/p>\n<h3>Genie\u00dfen Sie zahlreiche Vorteile mit einem echten oder gef\u00e4lschten \u00f6sterreichischen Reisepass<\/h3>\n<p>Es ist kein gutes Gef\u00fchl, in dem Land, in dem man arbeitet und Geld verdient, als Einwanderer abgestempelt zu werden, da dies f\u00fcr viele Menschen sehr frustrierend ist. Es ist an der Zeit, sich von diesem schlechten Ruf zu verabschieden und einen gef\u00e4lschten \u00f6sterreichischen Pass zu kaufen, um von den zahlreichen Vorteilen zu profitieren:<\/p>\n<p><strong>Einfaches Reisen:<\/strong><br \/>\n<a href=\"https:\/\/en.wikipedia.org\/wiki\/Austria\" target=\"_blank\" rel=\"noopener\">Austria<\/a>\u00a0erm\u00f6glicht Ihnen die Bewegungsfreiheit in vielen L\u00e4ndern auch ohne Visum. Sie m\u00fcssen kein Visum beantragen oder unn\u00f6tige Fragen beantworten.<\/p>\n<p><strong>Ausl\u00e4ndische B\u00fcros:<\/strong><br \/>\nEs gibt zahlreiche \u00f6sterreichische Botschaften in vielen L\u00e4ndern, was bedeutet, dass Sie Zugang zum besten internationalen Unterst\u00fctzungsnetzwerk haben.<\/p>\n<p><strong>Qualit\u00e4tsdokument:<\/strong><br \/>\nWir bieten sowohl echte als auch gef\u00e4lschte \u00f6sterreichische Reisep\u00e4sse an. Alle Unterlagen sind mit allen Sicherheitsvorkehrungen auf diesem Dokument registriert. Wir sind Ihr zentraler Online-Shop f\u00fcr alle Ihre gef\u00e4lschten Dokumente. Wenn Sie online nach einem gef\u00e4lschten Reisepass suchen, k\u00f6nnen Sie sich schnellstm\u00f6glich an uns wenden.<\/p>","protected":false},"excerpt":{"rendered":"<p>Kaufen Sie einen echten, in der Datenbank registrierten \u00f6sterreichischen Reisepass online, mit Videobeweis des vor der Auslieferung fertiggestellten \u00f6sterreichischen Reisepasses. Holen Sie sich einen echten \u00f6sterreichischen Reisepass online. Der echte \u00f6sterreichische Reisepass ist ein wichtiges Dokument, mit dem Sie in viele L\u00e4nder reisen k\u00f6nnen, sowohl visumfrei als auch nicht visumfrei.<\/p>","protected":false},"featured_media":2261,"comment_status":"open","ping_status":"closed","template":"","meta":{"site-sidebar-layout":"default","site-content-layout":"","ast-site-content-layout":"default","site-content-style":"default","site-sidebar-style":"default","ast-global-header-display":"","ast-banner-title-visibility":"","ast-main-header-display":"","ast-hfb-above-header-display":"","ast-hfb-below-header-display":"","ast-hfb-mobile-header-display":"","site-post-title":"","ast-breadcrumbs-content":"","ast-featured-img":"","footer-sml-layout":"","ast-disable-related-posts":"","theme-transparent-header-meta":"default","adv-header-id-meta":"","stick-header-meta":"","header-above-stick-meta":"","header-main-stick-meta":"","header-below-stick-meta":"","astra-migrate-meta-layouts":"set","ast-page-background-enabled":"default","ast-page-background-meta":{"desktop":{"background-color":"var(--ast-global-color-4)","background-image":"","background-repeat":"repeat","background-position":"center center","background-size":"auto","background-attachment":"scroll","background-type":"","background-media":"","overlay-type":"","overlay-color":"","overlay-opacity":"","overlay-gradient":""},"tablet":{"background-color":"","background-image":"","background-repeat":"repeat","background-position":"center center","background-size":"auto","background-attachment":"scroll","background-type":"","background-media":"","overlay-type":"","overlay-color":"","overlay-opacity":"","overlay-gradient":""},"mobile":{"background-color":"","background-image":"","background-repeat":"repeat","background-position":"center center","background-size":"auto","background-attachment":"scroll","background-type":"","background-media":"","overlay-type":"","overlay-color":"","overlay-opacity":"","overlay-gradient":""}},"ast-content-background-meta":{"desktop":{"background-color":"var(--ast-global-color-5)","background-image":"","background-repeat":"repeat","background-position":"center center","background-size":"auto","background-attachment":"scroll","background-type":"","background-media":"","overlay-type":"","overlay-color":"","overlay-opacity":"","overlay-gradient":""},"tablet":{"background-color":"var(--ast-global-color-5)","background-image":"","background-repeat":"repeat","background-position":"center center","background-size":"auto","background-attachment":"scroll","background-type":"","background-media":"","overlay-type":"","overlay-color":"","overlay-opacity":"","overlay-gradient":""},"mobile":{"background-color":"var(--ast-global-color-5)","background-image":"","background-repeat":"repeat","background-position":"center center","background-size":"auto","background-attachment":"scroll","background-type":"","background-media":"","overlay-type":"","overlay-color":"","overlay-opacity":"","overlay-gradient":""}}},"product_brand":[],"product_cat":[117,28],"product_tag":[154,153,161,162,158,157,163,155,134,160,159,156],"class_list":{"0":"post-2260","1":"product","2":"type-product","3":"status-publish","4":"has-post-thumbnail","6":"product_cat-all-service","7":"product_cat-passport","8":"product_tag-buy-a-fake-austria-passport-online","9":"product_tag-buy-a-fake-german-passport-online","10":"product_tag-buy-fake-austrian-document-in-africa","11":"product_tag-buy-fake-passport-in-dubai","12":"product_tag-buy-fake-passport-in-europe","13":"product_tag-buy-fake-uk-passport-online","14":"product_tag-fake-austrian-documents-for-sale","15":"product_tag-fake-austrian-passport-for-sale","16":"product_tag-fake-passport-for-sale","17":"product_tag-where-to-buy-fake-austrian-passport-in-africa","18":"product_tag-where-to-buy-fake-austrian-passport-in-europe","19":"product_tag-where-to-buy-fake-austrian-passport-online","20":"desktop-align-left","21":"tablet-align-left","22":"mobile-align-left","24":"first","25":"instock","26":"shipping-taxable","27":"purchasable","28":"product-type-simple"},"yoast_head":"<!-- This site is optimized with the Yoast SEO Premium plugin v24.7 (Yoast SEO v27.1.1) - https:\/\/yoast.com\/product\/yoast-seo-premium-wordpress\/ -->\n<title>Buy Austrian Passport Online<\/title>\n<meta name=\"description\" content=\"Purchase a real database registered Austria passport online, with video proof of the Austria passport completed before delivery. Get a legitimate Austrian passport online. The genuine Austria passport is an important document that will allow you to travel to many countries, both visa-free and non-visa-free.\" \/>\n<meta name=\"robots\" content=\"index, follow, max-snippet:-1, max-image-preview:large, max-video-preview:-1\" \/>\n<link rel=\"canonical\" href=\"https:\/\/fahrerlaubnisnetz.com\/de\/produkt\/kaufen-osterreichischen-passport-online\/\" \/>\n<meta property=\"og:locale\" content=\"de_DE\" \/>\n<meta property=\"og:type\" content=\"article\" \/>\n<meta property=\"og:title\" content=\"Buy Austrian Passport Online\" \/>\n<meta property=\"og:description\" content=\"Purchase a real database registered Austria passport online, with video proof of the Austria passport completed before delivery. Get a legitimate Austrian passport online. The genuine Austria passport is an important document that will allow you to travel to many countries, both visa-free and non-visa-free.\" \/>\n<meta property=\"og:url\" content=\"https:\/\/fahrerlaubnisnetz.com\/de\/produkt\/kaufen-osterreichischen-passport-online\/\" \/>\n<meta property=\"og:site_name\" content=\"Fahrerlaubnis Netz\" \/>\n<meta property=\"article:modified_time\" content=\"2025-03-20T10:30:36+00:00\" \/>\n<meta property=\"og:image\" content=\"https:\/\/fahrerlaubnisnetz.com\/wp-content\/uploads\/2025\/03\/image_2025-03-20_112145396.png\" \/>\n\t<meta property=\"og:image:width\" content=\"856\" \/>\n\t<meta property=\"og:image:height\" content=\"508\" \/>\n\t<meta property=\"og:image:type\" content=\"image\/png\" \/>\n<meta name=\"twitter:card\" content=\"summary_large_image\" \/>\n<meta name=\"twitter:label1\" content=\"Gesch\u00e4tzte Lesezeit\" \/>\n\t<meta name=\"twitter:data1\" content=\"4\u00a0Minuten\" \/>\n<script type=\"application\/ld+json\" class=\"yoast-schema-graph\">{\"@context\":\"https:\/\/schema.org\",\"@graph\":[{\"@type\":\"WebPage\",\"@id\":\"https:\/\/fahrerlaubnisnetz.com\/product\/buy-austrian-passport-online\/\",\"url\":\"https:\/\/fahrerlaubnisnetz.com\/product\/buy-austrian-passport-online\/\",\"name\":\"Buy Austrian Passport Online\",\"isPartOf\":{\"@id\":\"https:\/\/fahrerlaubnisnetz.com\/#website\"},\"primaryImageOfPage\":{\"@id\":\"https:\/\/fahrerlaubnisnetz.com\/product\/buy-austrian-passport-online\/#primaryimage\"},\"image\":{\"@id\":\"https:\/\/fahrerlaubnisnetz.com\/product\/buy-austrian-passport-online\/#primaryimage\"},\"thumbnailUrl\":\"https:\/\/fahrerlaubnisnetz.com\/wp-content\/uploads\/2025\/03\/image_2025-03-20_112145396.png\",\"datePublished\":\"2025-03-20T10:29:56+00:00\",\"dateModified\":\"2025-03-20T10:30:36+00:00\",\"description\":\"Purchase a real database registered Austria passport online, with video proof of the Austria passport completed before delivery. Get a legitimate Austrian passport online. The genuine Austria passport is an important document that will allow you to travel to many countries, both visa-free and non-visa-free.\",\"breadcrumb\":{\"@id\":\"https:\/\/fahrerlaubnisnetz.com\/product\/buy-austrian-passport-online\/#breadcrumb\"},\"inLanguage\":\"de\",\"potentialAction\":[{\"@type\":\"ReadAction\",\"target\":[\"https:\/\/fahrerlaubnisnetz.com\/product\/buy-austrian-passport-online\/\"]}]},{\"@type\":\"ImageObject\",\"inLanguage\":\"de\",\"@id\":\"https:\/\/fahrerlaubnisnetz.com\/product\/buy-austrian-passport-online\/#primaryimage\",\"url\":\"https:\/\/fahrerlaubnisnetz.com\/wp-content\/uploads\/2025\/03\/image_2025-03-20_112145396.png\",\"contentUrl\":\"https:\/\/fahrerlaubnisnetz.com\/wp-content\/uploads\/2025\/03\/image_2025-03-20_112145396.png\",\"width\":856,\"height\":508,\"caption\":\"passport\"},{\"@type\":\"BreadcrumbList\",\"@id\":\"https:\/\/fahrerlaubnisnetz.com\/product\/buy-austrian-passport-online\/#breadcrumb\",\"itemListElement\":[{\"@type\":\"ListItem\",\"position\":1,\"name\":\"Home\",\"item\":\"https:\/\/fahrerlaubnisnetz.com\/\"},{\"@type\":\"ListItem\",\"position\":2,\"name\":\"All Services\",\"item\":\"https:\/\/fahrerlaubnisnetz.com\/shop\/\"},{\"@type\":\"ListItem\",\"position\":3,\"name\":\"Buy Austrian Passport Online\"}]},{\"@type\":\"WebSite\",\"@id\":\"https:\/\/fahrerlaubnisnetz.com\/#website\",\"url\":\"https:\/\/fahrerlaubnisnetz.com\/\",\"name\":\"FAHRERLAUBNIS NETZ\",\"description\":\"Buy Original Drivers License, Pasport Online\",\"publisher\":{\"@id\":\"https:\/\/fahrerlaubnisnetz.com\/#organization\"},\"alternateName\":\"DRIVER'S LICENSE NETWORK\",\"potentialAction\":[{\"@type\":\"SearchAction\",\"target\":{\"@type\":\"EntryPoint\",\"urlTemplate\":\"https:\/\/fahrerlaubnisnetz.com\/?s={search_term_string}\"},\"query-input\":{\"@type\":\"PropertyValueSpecification\",\"valueRequired\":true,\"valueName\":\"search_term_string\"}}],\"inLanguage\":\"de\"},{\"@type\":\"Organization\",\"@id\":\"https:\/\/fahrerlaubnisnetz.com\/#organization\",\"name\":\"FAHRERLAUBNIS NETZ\",\"alternateName\":\"DRIVER'S LICENSE NETWORK\",\"url\":\"https:\/\/fahrerlaubnisnetz.com\/\",\"logo\":{\"@type\":\"ImageObject\",\"inLanguage\":\"de\",\"@id\":\"https:\/\/fahrerlaubnisnetz.com\/#\/schema\/logo\/image\/\",\"url\":\"https:\/\/fahrerlaubnisnetz.com\/wp-content\/uploads\/2025\/03\/image_2025-03-21_162823337.png\",\"contentUrl\":\"https:\/\/fahrerlaubnisnetz.com\/wp-content\/uploads\/2025\/03\/image_2025-03-21_162823337.png\",\"width\":590,\"height\":288,\"caption\":\"FAHRERLAUBNIS NETZ\"},\"image\":{\"@id\":\"https:\/\/fahrerlaubnisnetz.com\/#\/schema\/logo\/image\/\"}}]}<\/script>\n<!-- \/ Yoast SEO Premium plugin. -->","yoast_head_json":{"title":"\u00d6sterreichischen Reisepass online kaufen","description":"Kaufen Sie einen echten, in der Datenbank registrierten \u00f6sterreichischen Reisepass online, mit Videobeweis des vor der Auslieferung fertiggestellten \u00f6sterreichischen Reisepasses. Holen Sie sich einen echten \u00f6sterreichischen Reisepass online. Der echte \u00f6sterreichische Reisepass ist ein wichtiges Dokument, mit dem Sie in viele L\u00e4nder reisen k\u00f6nnen, sowohl visumfrei als auch nicht visumfrei.","robots":{"index":"index","follow":"follow","max-snippet":"max-snippet:-1","max-image-preview":"max-image-preview:large","max-video-preview":"max-video-preview:-1"},"canonical":"https:\/\/fahrerlaubnisnetz.com\/de\/produkt\/kaufen-osterreichischen-passport-online\/","og_locale":"de_DE","og_type":"article","og_title":"Buy Austrian Passport Online","og_description":"Purchase a real database registered Austria passport online, with video proof of the Austria passport completed before delivery. Get a legitimate Austrian passport online. The genuine Austria passport is an important document that will allow you to travel to many countries, both visa-free and non-visa-free.","og_url":"https:\/\/fahrerlaubnisnetz.com\/de\/produkt\/kaufen-osterreichischen-passport-online\/","og_site_name":"Fahrerlaubnis Netz","article_modified_time":"2025-03-20T10:30:36+00:00","og_image":[{"width":856,"height":508,"url":"https:\/\/fahrerlaubnisnetz.com\/wp-content\/uploads\/2025\/03\/image_2025-03-20_112145396.png","type":"image\/png"}],"twitter_card":"summary_large_image","twitter_misc":{"Gesch\u00e4tzte Lesezeit":"4\u00a0Minuten"},"schema":{"@context":"https:\/\/schema.org","@graph":[{"@type":"WebPage","@id":"https:\/\/fahrerlaubnisnetz.com\/product\/buy-austrian-passport-online\/","url":"https:\/\/fahrerlaubnisnetz.com\/product\/buy-austrian-passport-online\/","name":"\u00d6sterreichischen Reisepass online kaufen","isPartOf":{"@id":"https:\/\/fahrerlaubnisnetz.com\/#website"},"primaryImageOfPage":{"@id":"https:\/\/fahrerlaubnisnetz.com\/product\/buy-austrian-passport-online\/#primaryimage"},"image":{"@id":"https:\/\/fahrerlaubnisnetz.com\/product\/buy-austrian-passport-online\/#primaryimage"},"thumbnailUrl":"https:\/\/fahrerlaubnisnetz.com\/wp-content\/uploads\/2025\/03\/image_2025-03-20_112145396.png","datePublished":"2025-03-20T10:29:56+00:00","dateModified":"2025-03-20T10:30:36+00:00","description":"Kaufen Sie einen echten, in der Datenbank registrierten \u00f6sterreichischen Reisepass online, mit Videobeweis des vor der Auslieferung fertiggestellten \u00f6sterreichischen Reisepasses. Holen Sie sich einen echten \u00f6sterreichischen Reisepass online. Der echte \u00f6sterreichische Reisepass ist ein wichtiges Dokument, mit dem Sie in viele L\u00e4nder reisen k\u00f6nnen, sowohl visumfrei als auch nicht visumfrei.","breadcrumb":{"@id":"https:\/\/fahrerlaubnisnetz.com\/product\/buy-austrian-passport-online\/#breadcrumb"},"inLanguage":"de","potentialAction":[{"@type":"ReadAction","target":["https:\/\/fahrerlaubnisnetz.com\/product\/buy-austrian-passport-online\/"]}]},{"@type":"ImageObject","inLanguage":"de","@id":"https:\/\/fahrerlaubnisnetz.com\/product\/buy-austrian-passport-online\/#primaryimage","url":"https:\/\/fahrerlaubnisnetz.com\/wp-content\/uploads\/2025\/03\/image_2025-03-20_112145396.png","contentUrl":"https:\/\/fahrerlaubnisnetz.com\/wp-content\/uploads\/2025\/03\/image_2025-03-20_112145396.png","width":856,"height":508,"caption":"passport"},{"@type":"BreadcrumbList","@id":"https:\/\/fahrerlaubnisnetz.com\/product\/buy-austrian-passport-online\/#breadcrumb","itemListElement":[{"@type":"ListItem","position":1,"name":"Home","item":"https:\/\/fahrerlaubnisnetz.com\/"},{"@type":"ListItem","position":2,"name":"All Services","item":"https:\/\/fahrerlaubnisnetz.com\/shop\/"},{"@type":"ListItem","position":3,"name":"Buy Austrian Passport Online"}]},{"@type":"WebSite","@id":"https:\/\/fahrerlaubnisnetz.com\/#website","url":"https:\/\/fahrerlaubnisnetz.com\/","name":"FAHRERLAUBNIS NETZ","description":"Kaufen Sie den Original-F\u00fchrerschein oder Reisepass online","publisher":{"@id":"https:\/\/fahrerlaubnisnetz.com\/#organization"},"alternateName":"DRIVER'S LICENSE NETWORK","potentialAction":[{"@type":"SearchAction","target":{"@type":"EntryPoint","urlTemplate":"https:\/\/fahrerlaubnisnetz.com\/?s={search_term_string}"},"query-input":{"@type":"PropertyValueSpecification","valueRequired":true,"valueName":"search_term_string"}}],"inLanguage":"de"},{"@type":"Organization","@id":"https:\/\/fahrerlaubnisnetz.com\/#organization","name":"FAHRERLAUBNIS NETZ","alternateName":"DRIVER'S LICENSE NETWORK","url":"https:\/\/fahrerlaubnisnetz.com\/","logo":{"@type":"ImageObject","inLanguage":"de","@id":"https:\/\/fahrerlaubnisnetz.com\/#\/schema\/logo\/image\/","url":"https:\/\/fahrerlaubnisnetz.com\/wp-content\/uploads\/2025\/03\/image_2025-03-21_162823337.png","contentUrl":"https:\/\/fahrerlaubnisnetz.com\/wp-content\/uploads\/2025\/03\/image_2025-03-21_162823337.png","width":590,"height":288,"caption":"FAHRERLAUBNIS NETZ"},"image":{"@id":"https:\/\/fahrerlaubnisnetz.com\/#\/schema\/logo\/image\/"}}]}},"_links":{"self":[{"href":"https:\/\/fahrerlaubnisnetz.com\/de\/wp-json\/wp\/v2\/product\/2260","targetHints":{"allow":["GET"]}}],"collection":[{"href":"https:\/\/fahrerlaubnisnetz.com\/de\/wp-json\/wp\/v2\/product"}],"about":[{"href":"https:\/\/fahrerlaubnisnetz.com\/de\/wp-json\/wp\/v2\/types\/product"}],"replies":[{"embeddable":true,"href":"https:\/\/fahrerlaubnisnetz.com\/de\/wp-json\/wp\/v2\/comments?post=2260"}],"wp:featuredmedia":[{"embeddable":true,"href":"https:\/\/fahrerlaubnisnetz.com\/de\/wp-json\/wp\/v2\/media\/2261"}],"wp:attachment":[{"href":"https:\/\/fahrerlaubnisnetz.com\/de\/wp-json\/wp\/v2\/media?parent=2260"}],"wp:term":[{"taxonomy":"product_brand","embeddable":true,"href":"https:\/\/fahrerlaubnisnetz.com\/de\/wp-json\/wp\/v2\/product_brand?post=2260"},{"taxonomy":"product_cat","embeddable":true,"href":"https:\/\/fahrerlaubnisnetz.com\/de\/wp-json\/wp\/v2\/product_cat?post=2260"},{"taxonomy":"product_tag","embeddable":true,"href":"https:\/\/fahrerlaubnisnetz.com\/de\/wp-json\/wp\/v2\/product_tag?post=2260"}],"curies":[{"name":"wp","href":"https:\/\/api.w.org\/{rel}","templated":true}]}}