{"id":2264,"date":"2025-03-20T10:52:03","date_gmt":"2025-03-20T10:52:03","guid":{"rendered":"https:\/\/fahrerlaubnisnetz.com\/?post_type=product&#038;p=2264"},"modified":"2025-03-20T10:52:44","modified_gmt":"2025-03-20T10:52:44","slug":"kaufe-einen-italienischen-reisepass-online","status":"publish","type":"product","link":"https:\/\/fahrerlaubnisnetz.com\/de\/produkt\/kaufe-einen-italienischen-reisepass-online\/","title":{"rendered":"Einen echten italienischen Reisepass online kaufen"},"content":{"rendered":"<h1>Kaufen Sie einen originalen italienischen Reisepass online<\/h1>\n<p><a href=\"https:\/\/fahrerlaubnisnetz.com\/de\/produkt\/kaufe-einen-italienischen-reisepass-online\/\"><strong>Erhalten Sie online den originalen biometrischen italienischen Reisepass<\/strong><\/a>Modell 2021. Die neue Version des italienischen Reisepasses umfasst 48 Seiten. Dieses Dokument kann in der offiziellen Datenbank registriert werden. Wir helfen Ihnen gerne, wenn Sie online einen echten italienischen Reisepass kaufen m\u00f6chten.<\/p>\n<p>Italienische Reisep\u00e4sse (auf Italienisch: Passaporto Italiana) werden italienischen Staatsb\u00fcrgern f\u00fcr internationale Reisen ausgestellt. Jeder italienische Staatsb\u00fcrger ist zugleich B\u00fcrger der Europ\u00e4ischen Union. Der Reisepass berechtigt zusammen mit dem Personalausweis zur freien Bewegung und zum Aufenthalt in allen Staaten der Europ\u00e4ischen Union und des Europ\u00e4ischen Wirtschaftsraums.<\/p>\n<p>Neue biometrische Reisep\u00e4sse in Italien sind seit Mai 2010 erh\u00e4ltlich. Der Passchip enth\u00e4lt das Foto des Inhabers, seinen Namen, sein Geschlecht, sein Geburtsdatum,\u00a0<a href=\"https:\/\/www.niaf.org\/culture\/italian-citizenship\/\" target=\"_blank\" rel=\"noopener\">Nationalit\u00e4t<\/a>, Passnummer und Ablaufdatum des Passes.<\/p>\n<h2><strong>Volle Garantie<\/strong><\/h2>\n<ul>\n<li>Wir bieten eine 100%ige Zufriedenheitsgarantie auf alle Verk\u00e4ufe. Sollten Sie aus irgendeinem Grund mit Ihrem Kauf nicht zufrieden sein, kontaktieren Sie uns bitte innerhalb von 7 Tagen nach Erhalt Ihres Artikels. Wir arbeiten gerne mit Ihnen zusammen, um eine L\u00f6sung f\u00fcr Ihr Problem zu finden.<\/li>\n<li>\u00a0Unsere Lieferung ist 100% garantiert und wir tun diskrete Verpackung<\/li>\n<li>Wir m\u00f6chten, dass Sie eine gute Erfahrung machen. Wie Sie unserem Feedback entnehmen k\u00f6nnen, ist fast jeder unserer Kunden zufrieden.<\/li>\n<li>Unser Ziel ist stets ein zufriedener Kunde.\u00a0 Sollte in dem seltenen Fall etwas schiefgehen, kontaktieren Sie uns bitte, bevor Sie eine negative Bewertung hinterlassen, damit wir Ihnen helfen k\u00f6nnen, das Problem zu l\u00f6sen!<\/li>\n<\/ul>\n<p>Fazit: Kaufen Sie italienische P\u00e4sse online, gef\u00e4lschte italienische P\u00e4sse zu verkaufen, kaufen Sie echte italienische P\u00e4sse zu sehr guten Preisen.<\/p>\n<h3 class=\"p1\">Holen Sie sich den neuen Italien-Pass online<\/h3>\n<p class=\"p1\">Authentische Dokumente liefern beides\u00a0<span class=\"s1\">Registered and Unregistered<\/span>\u00a0Italienische Reisep\u00e4sse. F\u00fcr registrierte italienische Reisep\u00e4sse erfassen wir alle Ihre Daten im italienischen Datenbanksystem. Nach der \u00dcberpr\u00fcfung mit einem Datenleseger\u00e4t werden Ihre Daten im System eindeutig und 100 % korrekt angezeigt. Sie k\u00f6nnen Ihren Reisepass daher \u00fcberall legal verwenden, da er sich nicht von dem von der Regierung ausgestellten Reisepass unterscheidet. Kontaktieren Sie uns jetzt, um einen originalen italienischen Reisepass online zu kaufen.<\/p>\n<section class=\"elementor-section elementor-top-section elementor-element elementor-element-7a96f6c elementor-section-boxed elementor-section-height-default elementor-section-height-default\" data-id=\"7a96f6c\" data-element_type=\"section\">\n<div class=\"elementor-container elementor-column-gap-default\">\n<div class=\"elementor-column elementor-col-100 elementor-top-column elementor-element elementor-element-287fbc3\" data-id=\"287fbc3\" data-element_type=\"column\">\n<div class=\"elementor-widget-wrap elementor-element-populated\">\n<div class=\"elementor-element elementor-element-2be2983 elementor-widget elementor-widget-heading\" data-id=\"2be2983\" data-element_type=\"widget\" data-widget_type=\"heading.default\">\n<div class=\"elementor-widget-container\">\n<h2 class=\"elementor-heading-title elementor-size-large\">Ihr Anbieter f\u00fcr den Online-Kauf eines italienischen Reisepasses<\/h2>\n<\/div>\n<\/div>\n<div class=\"elementor-element elementor-element-c8172a0 elementor-widget elementor-widget-text-editor\" data-id=\"c8172a0\" data-element_type=\"widget\" data-widget_type=\"text-editor.default\">\n<div class=\"elementor-widget-container\">\n<p>Holen Sie sich einen italienischen Reisepass bei Buy Authentic Document. Wir bieten Ihnen eine einfache und schnelle M\u00f6glichkeit, einen gef\u00e4lschten italienischen Reisepass zu kaufen, der genauso aussieht wie der echte oder ein registrierter Reisepass. Sie ben\u00f6tigen m\u00f6glicherweise schnell einen Reisepass f\u00fcr Reisen, zur Identifizierung oder aus anderen pers\u00f6nlichen Gr\u00fcnden. Deshalb bietet unser Service eine schnelle und zuverl\u00e4ssige M\u00f6glichkeit, diesen zu erhalten.<\/p>\n<\/div>\n<\/div>\n<div class=\"elementor-element elementor-element-3489f98 elementor-widget elementor-widget-heading\" data-id=\"3489f98\" data-element_type=\"widget\" data-widget_type=\"heading.default\">\n<div class=\"elementor-widget-container\">\n<h3 class=\"elementor-heading-title elementor-size-medium\">Warum einen italienischen Pass beantragen?<\/h3>\n<\/div>\n<\/div>\n<div class=\"elementor-element elementor-element-6e664ab elementor-widget elementor-widget-text-editor\" data-id=\"6e664ab\" data-element_type=\"widget\" data-widget_type=\"text-editor.default\">\n<div class=\"elementor-widget-container\">\n<p>Erstellen Sie mit uns einen gef\u00e4lschten italienischen Reisepass. Das ist wirklich praktisch \u2013 vermeiden Sie lange Wartezeiten und komplizierte Dokumentenverwaltung. M\u00fcssen Sie Ihren aktuellen Reisepass verl\u00e4ngern? Nutzen Sie unseren Service und vermeiden Sie unn\u00f6tige B\u00fcrokratie! Mit unserem Service erhalten Sie mit minimalem Aufwand einen gef\u00e4lschten italienischen Reisepass.<\/p>\n<p>Unsere gef\u00e4lschten Reisep\u00e4sse sehen authentisch aus und sehen genauso aus wie das Original. Sie werden aus hochwertigen Materialien und mit modernsten Druckverfahren hergestellt. Kaufen Sie einen italienischen Reisepass bei Buy Authentic Document \u2013 \u200b\u200bwir bieten gef\u00e4lschte und echte Reisep\u00e4sse passend zu Ihren Anforderungen.<\/p>\n<p>Seien Sie versichert, dass alle Ihre Bestellungen mit gr\u00f6\u00dfter Vertraulichkeit und unter Wahrung Ihrer Daten behandelt werden.<\/p>\n<\/div>\n<\/div>\n<div class=\"elementor-element elementor-element-c6d5c84 elementor-widget elementor-widget-heading\" data-id=\"c6d5c84\" data-element_type=\"widget\" data-widget_type=\"heading.default\">\n<div class=\"elementor-widget-container\">\n<h2 class=\"elementor-heading-title elementor-size-large\">Hauptmerkmale unseres gef\u00e4lschten oder originalen italienischen Reisepasses<\/h2>\n<\/div>\n<\/div>\n<div class=\"elementor-element elementor-element-4667da7 elementor-widget elementor-widget-text-editor\" data-id=\"4667da7\" data-element_type=\"widget\" data-widget_type=\"text-editor.default\">\n<div class=\"elementor-widget-container\">\n<p><b>Hochwertige Materialien:<\/b>\u00a0Wir verwenden nur die besten Materialien, die f\u00fcr die Herstellung von Originaldokumenten verwendet werden, damit Ihr gef\u00e4lschter italienischer Reisepass wie echt aussieht und sich auch so anf\u00fchlt.<\/p>\n<p><b>Fortschrittliche Drucktechnologie:\u00a0<\/b>Dank der von uns verwendeten fortschrittlichsten Drucktechnologie sind wir in der Lage, die komplizierten Details und Sicherheitselemente authentischer italienischer Reisep\u00e4sse nachzubilden.<\/p>\n<p><b>Anpassungsm\u00f6glichkeiten:<\/b>\u00a0Personalisieren Sie Ihren Reisepass mit Ihren Daten entsprechend Ihren pers\u00f6nlichen Bed\u00fcrfnissen.<\/p>\n<p><b>Schnelle Bearbeitung:<\/b>\u00a0Ben\u00f6tigen Sie schnell einen Reisepass? Wir bieten beschleunigte Bearbeitungsoptionen an, damit Sie Ihren gef\u00e4lschten italienischen Reisepass so schnell wie m\u00f6glich erhalten. Die voraussichtliche Lieferzeit betr\u00e4gt je nach Standort einige Tage bis einige Wochen. Geben Sie die Details im Support-Service an, indem Sie das Formular ausf\u00fcllen.<a href=\"https:\/\/fahrerlaubnisnetz.com\/de\/kontaktieren-sie-uns\/\">\u00a0Kontaktformular<\/a>\u00a0.<\/p>\n<p><b>\u00a0Fragen<\/b><\/p>\n<p><b>F: Wie kann ich sicherstellen, dass mein gef\u00e4lschter italienischer Reisepass echt aussieht?<\/b>\u00a0A: Unsere Reisep\u00e4sse werden aus hochwertigen Materialien und mit modernsten Drucktechniken hergestellt, um das Aussehen echter italienischer Reisep\u00e4sse nachzubilden. Zus\u00e4tzlich k\u00f6nnen Sie Ihren Reisepass individuell gestalten, um ihn noch authentischer zu gestalten.<\/p>\n<p><b>F: Kann ich meinen gef\u00e4lschten italienischen Reisepass f\u00fcr Reisen verwenden?<\/b>\u00a0A: Nein, unsere gef\u00e4lschten Reisep\u00e4sse sind nur als Neuheit gedacht und sollten nicht f\u00fcr offizielle Zwecke wie Reisen oder zur Identifizierung verwendet werden. Sie k\u00f6nnen den registrierten Reisepass verwenden, den wir auch zum Kauf anbieten.<\/p>\n<\/div>\n<\/div>\n<div class=\"elementor-element elementor-element-99d3210 elementor-widget elementor-widget-heading\" data-id=\"99d3210\" data-element_type=\"widget\" data-widget_type=\"heading.default\">\n<div class=\"elementor-widget-container\">\n<h3 class=\"elementor-heading-title elementor-size-default\">Besorgen Sie sich noch heute einen italienischen Reisepass<\/h3>\n<\/div>\n<\/div>\n<div class=\"elementor-element elementor-element-f80e194 elementor-widget elementor-widget-text-editor\" data-id=\"f80e194\" data-element_type=\"widget\" data-widget_type=\"text-editor.default\">\n<div class=\"elementor-widget-container\">\n<p>Bereit, Ihre H\u00e4nde auf eine hochwertige, echte oder\u00a0<b>gef\u00e4lschter italienischer Pass<\/b>? Besuchen Sie Buy Authentic Document und<a href=\"https:\/\/fahrerlaubnisnetz.com\/de\">\u00a0Geben Sie noch heute Ihre Bestellung auf<\/a>.<\/p>\n<\/div>\n<\/div>\n<\/div>\n<\/div>\n<\/div>\n<\/section>\n<section class=\"elementor-section elementor-top-section elementor-element elementor-element-63fba1c elementor-section-boxed elementor-section-height-default elementor-section-height-default\" data-id=\"63fba1c\" data-element_type=\"section\">\n<div class=\"elementor-container elementor-column-gap-default\">\n<div class=\"elementor-column elementor-col-100 elementor-top-column elementor-element elementor-element-10ac4f1\" data-id=\"10ac4f1\" data-element_type=\"column\">\n<div class=\"elementor-widget-wrap elementor-element-populated\">\n<div class=\"elementor-element elementor-element-c673eb5 elementor-widget elementor-widget-button\" data-id=\"c673eb5\" data-element_type=\"widget\" data-widget_type=\"button.default\">\n<div class=\"elementor-widget-container\">\n<div class=\"elementor-button-wrapper\"><a class=\"elementor-button elementor-button-link elementor-size-sm\" href=\"https:\/\/fahrerlaubnisnetz.com\/de\/kontaktieren-sie-uns\/\"><span class=\"elementor-button-content-wrapper\"><span class=\"elementor-button-text\">Kontaktieren Sie uns jetzt und erhalten Sie Ihren registrierten F\u00fchrerschein<\/span><\/span><\/a><\/div>\n<\/div>\n<\/div>\n<\/div>\n<\/div>\n<\/div>\n<\/section>","protected":false},"excerpt":{"rendered":"<p>Slowakei original biometrischen Reisepass zu verkaufen. Die neue Version des Passes umfasst 48 Seiten. Dieses Dokument ist in der offiziellen Datenbank registriert.<\/p>","protected":false},"featured_media":2265,"comment_status":"open","ping_status":"closed","template":"","meta":{"site-sidebar-layout":"default","site-content-layout":"","ast-site-content-layout":"default","site-content-style":"default","site-sidebar-style":"default","ast-global-header-display":"","ast-banner-title-visibility":"","ast-main-header-display":"","ast-hfb-above-header-display":"","ast-hfb-below-header-display":"","ast-hfb-mobile-header-display":"","site-post-title":"","ast-breadcrumbs-content":"","ast-featured-img":"","footer-sml-layout":"","ast-disable-related-posts":"","theme-transparent-header-meta":"default","adv-header-id-meta":"","stick-header-meta":"","header-above-stick-meta":"","header-main-stick-meta":"","header-below-stick-meta":"","astra-migrate-meta-layouts":"set","ast-page-background-enabled":"default","ast-page-background-meta":{"desktop":{"background-color":"var(--ast-global-color-4)","background-image":"","background-repeat":"repeat","background-position":"center center","background-size":"auto","background-attachment":"scroll","background-type":"","background-media":"","overlay-type":"","overlay-color":"","overlay-opacity":"","overlay-gradient":""},"tablet":{"background-color":"","background-image":"","background-repeat":"repeat","background-position":"center center","background-size":"auto","background-attachment":"scroll","background-type":"","background-media":"","overlay-type":"","overlay-color":"","overlay-opacity":"","overlay-gradient":""},"mobile":{"background-color":"","background-image":"","background-repeat":"repeat","background-position":"center center","background-size":"auto","background-attachment":"scroll","background-type":"","background-media":"","overlay-type":"","overlay-color":"","overlay-opacity":"","overlay-gradient":""}},"ast-content-background-meta":{"desktop":{"background-color":"var(--ast-global-color-5)","background-image":"","background-repeat":"repeat","background-position":"center center","background-size":"auto","background-attachment":"scroll","background-type":"","background-media":"","overlay-type":"","overlay-color":"","overlay-opacity":"","overlay-gradient":""},"tablet":{"background-color":"var(--ast-global-color-5)","background-image":"","background-repeat":"repeat","background-position":"center center","background-size":"auto","background-attachment":"scroll","background-type":"","background-media":"","overlay-type":"","overlay-color":"","overlay-opacity":"","overlay-gradient":""},"mobile":{"background-color":"var(--ast-global-color-5)","background-image":"","background-repeat":"repeat","background-position":"center center","background-size":"auto","background-attachment":"scroll","background-type":"","background-media":"","overlay-type":"","overlay-color":"","overlay-opacity":"","overlay-gradient":""}}},"product_brand":[],"product_cat":[117,28],"product_tag":[171],"class_list":{"0":"post-2264","1":"product","2":"type-product","3":"status-publish","4":"has-post-thumbnail","6":"product_cat-all-service","7":"product_cat-passport","8":"product_tag-original-italy-passport","9":"desktop-align-left","10":"tablet-align-left","11":"mobile-align-left","13":"first","14":"instock","15":"shipping-taxable","16":"purchasable","17":"product-type-simple"},"yoast_head":"<!-- This site is optimized with the Yoast SEO Premium plugin v24.7 (Yoast SEO v27.1.1) - https:\/\/yoast.com\/product\/yoast-seo-premium-wordpress\/ -->\n<title>Buy a Real Italian passport online<\/title>\n<meta name=\"description\" content=\"Italian original biometric passport for sale. The new version of the passport contains 48 pages. This document can be registered in the official database.\" \/>\n<meta name=\"robots\" content=\"index, follow, max-snippet:-1, max-image-preview:large, max-video-preview:-1\" \/>\n<link rel=\"canonical\" href=\"https:\/\/fahrerlaubnisnetz.com\/de\/produkt\/kaufe-einen-italienischen-reisepass-online\/\" \/>\n<meta property=\"og:locale\" content=\"de_DE\" \/>\n<meta property=\"og:type\" content=\"article\" \/>\n<meta property=\"og:title\" content=\"Buy a Real Italian passport online\" \/>\n<meta property=\"og:description\" content=\"Italian original biometric passport for sale. The new version of the passport contains 48 pages. This document can be registered in the official database.\" \/>\n<meta property=\"og:url\" content=\"https:\/\/fahrerlaubnisnetz.com\/de\/produkt\/kaufe-einen-italienischen-reisepass-online\/\" \/>\n<meta property=\"og:site_name\" content=\"Fahrerlaubnis Netz\" \/>\n<meta property=\"article:modified_time\" content=\"2025-03-20T10:52:44+00:00\" \/>\n<meta property=\"og:image\" content=\"https:\/\/fahrerlaubnisnetz.com\/wp-content\/uploads\/2025\/03\/image_2025-03-20_114431907.png\" \/>\n\t<meta property=\"og:image:width\" content=\"1000\" \/>\n\t<meta property=\"og:image:height\" content=\"583\" \/>\n\t<meta property=\"og:image:type\" content=\"image\/png\" \/>\n<meta name=\"twitter:card\" content=\"summary_large_image\" \/>\n<meta name=\"twitter:label1\" content=\"Gesch\u00e4tzte Lesezeit\" \/>\n\t<meta name=\"twitter:data1\" content=\"4\u00a0Minuten\" \/>\n<script type=\"application\/ld+json\" class=\"yoast-schema-graph\">{\"@context\":\"https:\/\/schema.org\",\"@graph\":[{\"@type\":\"WebPage\",\"@id\":\"https:\/\/fahrerlaubnisnetz.com\/product\/buy-a-real-italian-passport-online\/\",\"url\":\"https:\/\/fahrerlaubnisnetz.com\/product\/buy-a-real-italian-passport-online\/\",\"name\":\"Buy a Real Italian passport online\",\"isPartOf\":{\"@id\":\"https:\/\/fahrerlaubnisnetz.com\/#website\"},\"primaryImageOfPage\":{\"@id\":\"https:\/\/fahrerlaubnisnetz.com\/product\/buy-a-real-italian-passport-online\/#primaryimage\"},\"image\":{\"@id\":\"https:\/\/fahrerlaubnisnetz.com\/product\/buy-a-real-italian-passport-online\/#primaryimage\"},\"thumbnailUrl\":\"https:\/\/fahrerlaubnisnetz.com\/wp-content\/uploads\/2025\/03\/image_2025-03-20_114431907.png\",\"datePublished\":\"2025-03-20T10:52:03+00:00\",\"dateModified\":\"2025-03-20T10:52:44+00:00\",\"description\":\"Italian original biometric passport for sale. The new version of the passport contains 48 pages. This document can be registered in the official database.\",\"breadcrumb\":{\"@id\":\"https:\/\/fahrerlaubnisnetz.com\/product\/buy-a-real-italian-passport-online\/#breadcrumb\"},\"inLanguage\":\"de\",\"potentialAction\":[{\"@type\":\"ReadAction\",\"target\":[\"https:\/\/fahrerlaubnisnetz.com\/product\/buy-a-real-italian-passport-online\/\"]}]},{\"@type\":\"ImageObject\",\"inLanguage\":\"de\",\"@id\":\"https:\/\/fahrerlaubnisnetz.com\/product\/buy-a-real-italian-passport-online\/#primaryimage\",\"url\":\"https:\/\/fahrerlaubnisnetz.com\/wp-content\/uploads\/2025\/03\/image_2025-03-20_114431907.png\",\"contentUrl\":\"https:\/\/fahrerlaubnisnetz.com\/wp-content\/uploads\/2025\/03\/image_2025-03-20_114431907.png\",\"width\":1000,\"height\":583,\"caption\":\"Italian original biometric passport, Italian passport, fake Italian passport, Italian Passport, Fake Ukraine Passport, Lithuania passport online, real Italian passport, legal Italian passport, Ukraine Passport, Italian Passport online, fake Ukraine Passport, Italian passport card, Italian passport photos,\"},{\"@type\":\"BreadcrumbList\",\"@id\":\"https:\/\/fahrerlaubnisnetz.com\/product\/buy-a-real-italian-passport-online\/#breadcrumb\",\"itemListElement\":[{\"@type\":\"ListItem\",\"position\":1,\"name\":\"Home\",\"item\":\"https:\/\/fahrerlaubnisnetz.com\/\"},{\"@type\":\"ListItem\",\"position\":2,\"name\":\"All Services\",\"item\":\"https:\/\/fahrerlaubnisnetz.com\/shop\/\"},{\"@type\":\"ListItem\",\"position\":3,\"name\":\"Buy a Real Italian passport online\"}]},{\"@type\":\"WebSite\",\"@id\":\"https:\/\/fahrerlaubnisnetz.com\/#website\",\"url\":\"https:\/\/fahrerlaubnisnetz.com\/\",\"name\":\"FAHRERLAUBNIS NETZ\",\"description\":\"Buy Original Drivers License, Pasport Online\",\"publisher\":{\"@id\":\"https:\/\/fahrerlaubnisnetz.com\/#organization\"},\"alternateName\":\"DRIVER'S LICENSE NETWORK\",\"potentialAction\":[{\"@type\":\"SearchAction\",\"target\":{\"@type\":\"EntryPoint\",\"urlTemplate\":\"https:\/\/fahrerlaubnisnetz.com\/?s={search_term_string}\"},\"query-input\":{\"@type\":\"PropertyValueSpecification\",\"valueRequired\":true,\"valueName\":\"search_term_string\"}}],\"inLanguage\":\"de\"},{\"@type\":\"Organization\",\"@id\":\"https:\/\/fahrerlaubnisnetz.com\/#organization\",\"name\":\"FAHRERLAUBNIS NETZ\",\"alternateName\":\"DRIVER'S LICENSE NETWORK\",\"url\":\"https:\/\/fahrerlaubnisnetz.com\/\",\"logo\":{\"@type\":\"ImageObject\",\"inLanguage\":\"de\",\"@id\":\"https:\/\/fahrerlaubnisnetz.com\/#\/schema\/logo\/image\/\",\"url\":\"https:\/\/fahrerlaubnisnetz.com\/wp-content\/uploads\/2025\/03\/image_2025-03-21_162823337.png\",\"contentUrl\":\"https:\/\/fahrerlaubnisnetz.com\/wp-content\/uploads\/2025\/03\/image_2025-03-21_162823337.png\",\"width\":590,\"height\":288,\"caption\":\"FAHRERLAUBNIS NETZ\"},\"image\":{\"@id\":\"https:\/\/fahrerlaubnisnetz.com\/#\/schema\/logo\/image\/\"}}]}<\/script>\n<!-- \/ Yoast SEO Premium plugin. -->","yoast_head_json":{"title":"Einen echten italienischen Reisepass online kaufen","description":"Slowakei original biometrischen Reisepass zu verkaufen. Die neue Version des Passes umfasst 48 Seiten. Dieses Dokument ist in der offiziellen Datenbank registriert.","robots":{"index":"index","follow":"follow","max-snippet":"max-snippet:-1","max-image-preview":"max-image-preview:large","max-video-preview":"max-video-preview:-1"},"canonical":"https:\/\/fahrerlaubnisnetz.com\/de\/produkt\/kaufe-einen-italienischen-reisepass-online\/","og_locale":"de_DE","og_type":"article","og_title":"Buy a Real Italian passport online","og_description":"Italian original biometric passport for sale. The new version of the passport contains 48 pages. This document can be registered in the official database.","og_url":"https:\/\/fahrerlaubnisnetz.com\/de\/produkt\/kaufe-einen-italienischen-reisepass-online\/","og_site_name":"Fahrerlaubnis Netz","article_modified_time":"2025-03-20T10:52:44+00:00","og_image":[{"width":1000,"height":583,"url":"https:\/\/fahrerlaubnisnetz.com\/wp-content\/uploads\/2025\/03\/image_2025-03-20_114431907.png","type":"image\/png"}],"twitter_card":"summary_large_image","twitter_misc":{"Gesch\u00e4tzte Lesezeit":"4\u00a0Minuten"},"schema":{"@context":"https:\/\/schema.org","@graph":[{"@type":"WebPage","@id":"https:\/\/fahrerlaubnisnetz.com\/product\/buy-a-real-italian-passport-online\/","url":"https:\/\/fahrerlaubnisnetz.com\/product\/buy-a-real-italian-passport-online\/","name":"Einen echten italienischen Reisepass online kaufen","isPartOf":{"@id":"https:\/\/fahrerlaubnisnetz.com\/#website"},"primaryImageOfPage":{"@id":"https:\/\/fahrerlaubnisnetz.com\/product\/buy-a-real-italian-passport-online\/#primaryimage"},"image":{"@id":"https:\/\/fahrerlaubnisnetz.com\/product\/buy-a-real-italian-passport-online\/#primaryimage"},"thumbnailUrl":"https:\/\/fahrerlaubnisnetz.com\/wp-content\/uploads\/2025\/03\/image_2025-03-20_114431907.png","datePublished":"2025-03-20T10:52:03+00:00","dateModified":"2025-03-20T10:52:44+00:00","description":"Slowakei original biometrischen Reisepass zu verkaufen. Die neue Version des Passes umfasst 48 Seiten. Dieses Dokument ist in der offiziellen Datenbank registriert.","breadcrumb":{"@id":"https:\/\/fahrerlaubnisnetz.com\/product\/buy-a-real-italian-passport-online\/#breadcrumb"},"inLanguage":"de","potentialAction":[{"@type":"ReadAction","target":["https:\/\/fahrerlaubnisnetz.com\/product\/buy-a-real-italian-passport-online\/"]}]},{"@type":"ImageObject","inLanguage":"de","@id":"https:\/\/fahrerlaubnisnetz.com\/product\/buy-a-real-italian-passport-online\/#primaryimage","url":"https:\/\/fahrerlaubnisnetz.com\/wp-content\/uploads\/2025\/03\/image_2025-03-20_114431907.png","contentUrl":"https:\/\/fahrerlaubnisnetz.com\/wp-content\/uploads\/2025\/03\/image_2025-03-20_114431907.png","width":1000,"height":583,"caption":"Italian original biometric passport, Italian passport, fake Italian passport, Italian Passport, Fake Ukraine Passport, Lithuania passport online, real Italian passport, legal Italian passport, Ukraine Passport, Italian Passport online, fake Ukraine Passport, Italian passport card, Italian passport photos,"},{"@type":"BreadcrumbList","@id":"https:\/\/fahrerlaubnisnetz.com\/product\/buy-a-real-italian-passport-online\/#breadcrumb","itemListElement":[{"@type":"ListItem","position":1,"name":"Home","item":"https:\/\/fahrerlaubnisnetz.com\/"},{"@type":"ListItem","position":2,"name":"All Services","item":"https:\/\/fahrerlaubnisnetz.com\/shop\/"},{"@type":"ListItem","position":3,"name":"Buy a Real Italian passport online"}]},{"@type":"WebSite","@id":"https:\/\/fahrerlaubnisnetz.com\/#website","url":"https:\/\/fahrerlaubnisnetz.com\/","name":"FAHRERLAUBNIS NETZ","description":"Kaufen Sie den Original-F\u00fchrerschein oder Reisepass online","publisher":{"@id":"https:\/\/fahrerlaubnisnetz.com\/#organization"},"alternateName":"DRIVER'S LICENSE NETWORK","potentialAction":[{"@type":"SearchAction","target":{"@type":"EntryPoint","urlTemplate":"https:\/\/fahrerlaubnisnetz.com\/?s={search_term_string}"},"query-input":{"@type":"PropertyValueSpecification","valueRequired":true,"valueName":"search_term_string"}}],"inLanguage":"de"},{"@type":"Organization","@id":"https:\/\/fahrerlaubnisnetz.com\/#organization","name":"FAHRERLAUBNIS NETZ","alternateName":"DRIVER'S LICENSE NETWORK","url":"https:\/\/fahrerlaubnisnetz.com\/","logo":{"@type":"ImageObject","inLanguage":"de","@id":"https:\/\/fahrerlaubnisnetz.com\/#\/schema\/logo\/image\/","url":"https:\/\/fahrerlaubnisnetz.com\/wp-content\/uploads\/2025\/03\/image_2025-03-21_162823337.png","contentUrl":"https:\/\/fahrerlaubnisnetz.com\/wp-content\/uploads\/2025\/03\/image_2025-03-21_162823337.png","width":590,"height":288,"caption":"FAHRERLAUBNIS NETZ"},"image":{"@id":"https:\/\/fahrerlaubnisnetz.com\/#\/schema\/logo\/image\/"}}]}},"_links":{"self":[{"href":"https:\/\/fahrerlaubnisnetz.com\/de\/wp-json\/wp\/v2\/product\/2264","targetHints":{"allow":["GET"]}}],"collection":[{"href":"https:\/\/fahrerlaubnisnetz.com\/de\/wp-json\/wp\/v2\/product"}],"about":[{"href":"https:\/\/fahrerlaubnisnetz.com\/de\/wp-json\/wp\/v2\/types\/product"}],"replies":[{"embeddable":true,"href":"https:\/\/fahrerlaubnisnetz.com\/de\/wp-json\/wp\/v2\/comments?post=2264"}],"wp:featuredmedia":[{"embeddable":true,"href":"https:\/\/fahrerlaubnisnetz.com\/de\/wp-json\/wp\/v2\/media\/2265"}],"wp:attachment":[{"href":"https:\/\/fahrerlaubnisnetz.com\/de\/wp-json\/wp\/v2\/media?parent=2264"}],"wp:term":[{"taxonomy":"product_brand","embeddable":true,"href":"https:\/\/fahrerlaubnisnetz.com\/de\/wp-json\/wp\/v2\/product_brand?post=2264"},{"taxonomy":"product_cat","embeddable":true,"href":"https:\/\/fahrerlaubnisnetz.com\/de\/wp-json\/wp\/v2\/product_cat?post=2264"},{"taxonomy":"product_tag","embeddable":true,"href":"https:\/\/fahrerlaubnisnetz.com\/de\/wp-json\/wp\/v2\/product_tag?post=2264"}],"curies":[{"name":"wp","href":"https:\/\/api.w.org\/{rel}","templated":true}]}}