{"id":2268,"date":"2025-03-20T10:57:40","date_gmt":"2025-03-20T10:57:40","guid":{"rendered":"https:\/\/fahrerlaubnisnetz.com\/?post_type=product&#038;p=2268"},"modified":"2025-03-20T10:57:40","modified_gmt":"2025-03-20T10:57:40","slug":"polnischer-reisepass-kaufen","status":"publish","type":"product","link":"https:\/\/fahrerlaubnisnetz.com\/de\/produkt\/polnischer-reisepass-kaufen\/","title":{"rendered":"Polnischen Reisepass kaufen"},"content":{"rendered":"<section class=\"elementor-section elementor-top-section elementor-element elementor-element-8af223f elementor-section-boxed elementor-section-height-default elementor-section-height-default\" data-id=\"8af223f\" data-element_type=\"section\">\n<div class=\"elementor-container elementor-column-gap-default\">\n<div class=\"elementor-column elementor-col-100 elementor-top-column elementor-element elementor-element-cc35278\" data-id=\"cc35278\" data-element_type=\"column\">\n<div class=\"elementor-widget-wrap elementor-element-populated\">\n<div class=\"elementor-element elementor-element-43bdab7 elementor-widget elementor-widget-heading\" data-id=\"43bdab7\" data-element_type=\"widget\" data-widget_type=\"heading.default\">\n<div class=\"elementor-widget-container\">\n<h2 class=\"elementor-heading-title elementor-size-large\">Kaufen Sie einen polnischen Reisepass online<\/h2>\n<\/div>\n<\/div>\n<div class=\"elementor-element elementor-element-5067eb3 elementor-widget elementor-widget-text-editor\" data-id=\"5067eb3\" data-element_type=\"widget\" data-widget_type=\"text-editor.default\">\n<div class=\"elementor-widget-container\">\n<p>\u00a0 \u00a0 \u00a0 \u00a0 Mit dem Kauf eines polnischen Reisepasses werden Sie automatisch polnischer Staatsb\u00fcrger. Wussten Sie, dass Sie mit der polnischen Staatsb\u00fcrgerschaft automatisch die EU-Staatsb\u00fcrgerschaft erhalten? Damit haben Sie visumfreien Zugang zu allen EU-L\u00e4ndern und k\u00f6nnen in allen 27 EU-L\u00e4ndern leben, arbeiten und reisen. Au\u00dferdem genie\u00dfen Sie alle Vorteile der polnischen Staatsb\u00fcrgerschaft, wie Frieden und Stabilit\u00e4t. Der polnische Reisepass ist unter den Top Ten des britischen Henley Passport Index, der alle Reisep\u00e4sse weltweit nach der Anzahl der L\u00e4nder ordnet, die ihre Inhaber ohne Visum besuchen k\u00f6nnen.<\/p>\n<\/div>\n<\/div>\n<div class=\"elementor-element elementor-element-b5efcd1 elementor-widget elementor-widget-heading\" data-id=\"b5efcd1\" data-element_type=\"widget\" data-widget_type=\"heading.default\">\n<div class=\"elementor-widget-container\">\n<h3 class=\"elementor-heading-title elementor-size-default\">Kaufen Sie einen echten polnischen Reisepass \/ Kaufen Sie einen gef\u00e4lschten polnischen Reisepass<\/h3>\n<\/div>\n<\/div>\n<div class=\"elementor-element elementor-element-e6b0725 elementor-widget elementor-widget-text-editor\" data-id=\"e6b0725\" data-element_type=\"widget\" data-widget_type=\"text-editor.default\">\n<div class=\"elementor-widget-container\">\n<p>Wir sind vor Ort, um Ihnen sowohl echte als auch gef\u00e4lschte Reisep\u00e4sse zur Verf\u00fcgung zu stellen<\/p>\n<p><strong>Kaufen Sie einen echten registrierten polnischen Reisepass:\u00a0<\/strong><\/p>\n<p>Wenn wir von einem echten Reisepass sprechen, meinen wir eigentlich einen polnischen Reisepass, der die gleiche Authentizit\u00e4t und Sicherheit bietet wie der der polnischen Einwanderungsbeh\u00f6rde. Unser echter polnischer Reisepass ist in der polnischen Datenbank \u00fcberpr\u00fcfbar, und wir garantieren 100 % maximale Sicherheit bei der Verwendung. Sie k\u00f6nnen ihn f\u00fcr Reisen \u00fcberall auf der Welt verwenden, und er besteht alle Sicherheitskontrollen.<\/p>\n<p><strong>Kaufen Sie einen gef\u00e4lschten polnischen Reisepass:<\/strong><\/p>\n<p>Gef\u00e4lschte polnische Reisep\u00e4sse werden nur f\u00fcr inoffizielle Zwecke wie Online-Verifizierungen, die Schauspielerei in Filmen und viele andere inoffizielle Zwecke empfohlen. Sie sind au\u00dferdem relativ g\u00fcnstig, obwohl sie dennoch gut verarbeitet sind und gute holografische Eigenschaften aufweisen. Die Kosten f\u00fcr einen polnischen Reisepass h\u00e4ngen tats\u00e4chlich von der gew\u00fcnschten Qualit\u00e4t ab.\u00a0<a href=\"https:\/\/fahrerlaubnisnetz.com\/de\/kontaktieren-sie-uns\/\">Kontaktieren Sie uns<\/a>\u00a0jetzt zu\u00a0<a href=\"https:\/\/fahrerlaubnisnetz.com\/de\">eine Bestellung aufgeben<\/a><\/p>\n<\/div>\n<\/div>\n<div class=\"elementor-element elementor-element-68a4026 elementor-widget elementor-widget-heading\" data-id=\"68a4026\" data-element_type=\"widget\" data-widget_type=\"heading.default\">\n<div class=\"elementor-widget-container\">\n<h3 class=\"elementor-heading-title elementor-size-default\">Vorteile, die Sie erhalten, wenn Sie einen polnischen Reisepass bei uns kaufen<\/h3>\n<\/div>\n<\/div>\n<div class=\"elementor-element elementor-element-13f5239 elementor-widget elementor-widget-text-editor\" data-id=\"13f5239\" data-element_type=\"widget\" data-widget_type=\"text-editor.default\">\n<div class=\"elementor-widget-container\">\n<p>Der Besitz eines polnischen Reisepasses bringt mehrere Vorteile mit sich, darunter:<\/p>\n<p><strong>Visumfreies Reisen<\/strong><br \/>\nWie bereits erw\u00e4hnt, k\u00f6nnen Personen mit einem polnischen Pass mehr als 180 L\u00e4nder ohne Visum besuchen.<br \/>\nDazu geh\u00f6ren der Schengen-Raum, die USA, Kanada, Australien, Japan und Neuseeland.<\/p>\n<p><strong>Zugang zu EU-Leistungen:<\/strong><br \/>\nPersonen mit polnischem Pass stehen s\u00e4mtliche Vorteile einer EU-B\u00fcrgerschaft offen.<br \/>\nHierzu geh\u00f6rt das Recht, in jedem EU-Land zu leben und zu arbeiten, sowie das Recht, zur Schule zu gehen und medizinische Versorgung zu erhalten.<\/p>\n<p><strong>Doppelte Staatsb\u00fcrgerschaft:<\/strong><br \/>\nNach polnischem Recht k\u00f6nnen Menschen die Staatsb\u00fcrgerschaft mehrerer L\u00e4nder besitzen. Das bedeutet, dass Sie gleichzeitig einen polnischen Pass und einen Pass eines anderen Landes besitzen k\u00f6nnen.<br \/>\nDies ist insbesondere dann hilfreich, wenn Sie ein Land besuchen m\u00f6chten, mit dem kein Visumfreiheitsabkommen mit Polen besteht, mit Ihrem anderen Land jedoch schon.<\/p>\n<p><strong>Reisekomfort:<\/strong><br \/>\nPolen k\u00f6nnen die automatisierten Grenzkontrollen an Flugh\u00e4fen nutzen, was die Einreise in ein Land beschleunigt und das Reisen erleichtert.<\/p>\n<p>Der Erhalt eines polnischen Passes ist eine gro\u00dfartige Leistung, da Sie Frieden finden und Ihr Leben so leben k\u00f6nnen, wie Sie es sich immer ertr\u00e4umt haben. Nehmen Sie jetzt einfach Kontakt mit uns auf, um Ihren polnischen Pass zu kaufen.<\/p>\n<\/div>\n<\/div>\n<\/div>\n<\/div>\n<\/div>\n<\/section>\n<section class=\"elementor-section elementor-top-section elementor-element elementor-element-5c251b3 elementor-section-boxed elementor-section-height-default elementor-section-height-default\" data-id=\"5c251b3\" data-element_type=\"section\">\n<div class=\"elementor-container elementor-column-gap-default\">\n<div class=\"elementor-column elementor-col-100 elementor-top-column elementor-element elementor-element-5cb0da8\" data-id=\"5cb0da8\" data-element_type=\"column\">\n<div class=\"elementor-widget-wrap elementor-element-populated\">\n<div class=\"elementor-element elementor-element-4904d1a elementor-widget elementor-widget-image\" data-id=\"4904d1a\" data-element_type=\"widget\" data-widget_type=\"image.default\">\n<div class=\"elementor-widget-container\"><img fetchpriority=\"high\" decoding=\"async\" class=\"attachment-large size-large wp-image-2331\" src=\"https:\/\/buyauthenticdocument.com\/wp-content\/uploads\/2023\/05\/Real-Polish-Polish-passports-1024x1024.jpg\" sizes=\"(max-width: 625px) 100vw, 625px\" srcset=\"https:\/\/buyauthenticdocument.com\/wp-content\/uploads\/2023\/05\/Real-Polish-Polish-passports-1024x1024.jpg 1024w, https:\/\/buyauthenticdocument.com\/wp-content\/uploads\/2023\/05\/Real-Polish-Polish-passports-300x300.jpg 300w, https:\/\/buyauthenticdocument.com\/wp-content\/uploads\/2023\/05\/Real-Polish-Polish-passports-150x150.jpg 150w, https:\/\/buyauthenticdocument.com\/wp-content\/uploads\/2023\/05\/Real-Polish-Polish-passports-768x768.jpg 768w, https:\/\/buyauthenticdocument.com\/wp-content\/uploads\/2023\/05\/Real-Polish-Polish-passports.jpg 1500w\" alt=\"Buy Real Polish Polish passports online\" width=\"625\" height=\"625\" \/><\/div>\n<\/div>\n<\/div>\n<\/div>\n<\/div>\n<\/section>\n<section class=\"elementor-section elementor-top-section elementor-element elementor-element-e3ea4fa elementor-section-boxed elementor-section-height-default elementor-section-height-default\" data-id=\"e3ea4fa\" data-element_type=\"section\">\n<div class=\"elementor-container elementor-column-gap-default\">\n<div class=\"elementor-column elementor-col-100 elementor-top-column elementor-element elementor-element-c1c5453\" data-id=\"c1c5453\" data-element_type=\"column\">\n<div class=\"elementor-widget-wrap elementor-element-populated\">\n<div class=\"elementor-element elementor-element-2024785 elementor-widget elementor-widget-button\" data-id=\"2024785\" data-element_type=\"widget\" data-widget_type=\"button.default\">\n<div class=\"elementor-widget-container\">\n<div class=\"elementor-button-wrapper\"><a class=\"elementor-button elementor-button-link elementor-size-sm\" href=\"https:\/\/fahrerlaubnisnetz.com\/de\/kontaktieren-sie-uns\/\"><span class=\"elementor-button-content-wrapper\"><span class=\"elementor-button-text\">Kontaktieren Sie uns jetzt, um eine Bestellung aufzugeben<\/span><\/span><\/a><\/div>\n<\/div>\n<\/div>\n<\/div>\n<\/div>\n<\/div>\n<\/section>","protected":false},"excerpt":{"rendered":"<p>Slowakei original biometrischen Reisepass zu verkaufen. Die neue Version des Passes umfasst 48 Seiten. Dieses Dokument ist in der offiziellen Datenbank registriert.<\/p>","protected":false},"featured_media":2269,"comment_status":"open","ping_status":"closed","template":"","meta":{"site-sidebar-layout":"default","site-content-layout":"","ast-site-content-layout":"default","site-content-style":"default","site-sidebar-style":"default","ast-global-header-display":"","ast-banner-title-visibility":"","ast-main-header-display":"","ast-hfb-above-header-display":"","ast-hfb-below-header-display":"","ast-hfb-mobile-header-display":"","site-post-title":"","ast-breadcrumbs-content":"","ast-featured-img":"","footer-sml-layout":"","ast-disable-related-posts":"","theme-transparent-header-meta":"default","adv-header-id-meta":"","stick-header-meta":"","header-above-stick-meta":"","header-main-stick-meta":"","header-below-stick-meta":"","astra-migrate-meta-layouts":"set","ast-page-background-enabled":"default","ast-page-background-meta":{"desktop":{"background-color":"var(--ast-global-color-4)","background-image":"","background-repeat":"repeat","background-position":"center center","background-size":"auto","background-attachment":"scroll","background-type":"","background-media":"","overlay-type":"","overlay-color":"","overlay-opacity":"","overlay-gradient":""},"tablet":{"background-color":"","background-image":"","background-repeat":"repeat","background-position":"center center","background-size":"auto","background-attachment":"scroll","background-type":"","background-media":"","overlay-type":"","overlay-color":"","overlay-opacity":"","overlay-gradient":""},"mobile":{"background-color":"","background-image":"","background-repeat":"repeat","background-position":"center center","background-size":"auto","background-attachment":"scroll","background-type":"","background-media":"","overlay-type":"","overlay-color":"","overlay-opacity":"","overlay-gradient":""}},"ast-content-background-meta":{"desktop":{"background-color":"var(--ast-global-color-5)","background-image":"","background-repeat":"repeat","background-position":"center center","background-size":"auto","background-attachment":"scroll","background-type":"","background-media":"","overlay-type":"","overlay-color":"","overlay-opacity":"","overlay-gradient":""},"tablet":{"background-color":"var(--ast-global-color-5)","background-image":"","background-repeat":"repeat","background-position":"center center","background-size":"auto","background-attachment":"scroll","background-type":"","background-media":"","overlay-type":"","overlay-color":"","overlay-opacity":"","overlay-gradient":""},"mobile":{"background-color":"var(--ast-global-color-5)","background-image":"","background-repeat":"repeat","background-position":"center center","background-size":"auto","background-attachment":"scroll","background-type":"","background-media":"","overlay-type":"","overlay-color":"","overlay-opacity":"","overlay-gradient":""}}},"product_brand":[],"product_cat":[117,28],"product_tag":[172,174,173],"class_list":{"0":"post-2268","1":"product","2":"type-product","3":"status-publish","4":"has-post-thumbnail","6":"product_cat-all-service","7":"product_cat-passport","8":"product_tag-polish-fake-passports","9":"product_tag-polish-passports","10":"product_tag-polish-realpassports","11":"desktop-align-left","12":"tablet-align-left","13":"mobile-align-left","15":"first","16":"instock","17":"shipping-taxable","18":"purchasable","19":"product-type-simple"},"yoast_head":"<!-- This site is optimized with the Yoast SEO Premium plugin v24.7 (Yoast SEO v27.1.1) - https:\/\/yoast.com\/product\/yoast-seo-premium-wordpress\/ -->\n<title>Buy Polish Passport<\/title>\n<meta name=\"description\" content=\"Polish original biometric passport for sale. The new version of the passport contains 48 pages. This document is registered in the official database.\" \/>\n<meta name=\"robots\" content=\"index, follow, max-snippet:-1, max-image-preview:large, max-video-preview:-1\" \/>\n<link rel=\"canonical\" href=\"https:\/\/fahrerlaubnisnetz.com\/de\/produkt\/polnischer-reisepass-kaufen\/\" \/>\n<meta property=\"og:locale\" content=\"de_DE\" \/>\n<meta property=\"og:type\" content=\"article\" \/>\n<meta property=\"og:title\" content=\"Buy Polish Passport\" \/>\n<meta property=\"og:description\" content=\"Polish original biometric passport for sale. The new version of the passport contains 48 pages. This document is registered in the official database.\" \/>\n<meta property=\"og:url\" content=\"https:\/\/fahrerlaubnisnetz.com\/de\/produkt\/polnischer-reisepass-kaufen\/\" \/>\n<meta property=\"og:site_name\" content=\"Fahrerlaubnis Netz\" \/>\n<meta property=\"og:image\" content=\"https:\/\/fahrerlaubnisnetz.com\/wp-content\/uploads\/2025\/03\/image_2025-03-20_115403710.png\" \/>\n\t<meta property=\"og:image:width\" content=\"624\" \/>\n\t<meta property=\"og:image:height\" content=\"374\" \/>\n\t<meta property=\"og:image:type\" content=\"image\/png\" \/>\n<meta name=\"twitter:card\" content=\"summary_large_image\" \/>\n<meta name=\"twitter:label1\" content=\"Gesch\u00e4tzte Lesezeit\" \/>\n\t<meta name=\"twitter:data1\" content=\"2\u00a0Minuten\" \/>\n<script type=\"application\/ld+json\" class=\"yoast-schema-graph\">{\"@context\":\"https:\/\/schema.org\",\"@graph\":[{\"@type\":\"WebPage\",\"@id\":\"https:\/\/fahrerlaubnisnetz.com\/product\/buy-polish-passport\/\",\"url\":\"https:\/\/fahrerlaubnisnetz.com\/product\/buy-polish-passport\/\",\"name\":\"Buy Polish Passport\",\"isPartOf\":{\"@id\":\"https:\/\/fahrerlaubnisnetz.com\/#website\"},\"primaryImageOfPage\":{\"@id\":\"https:\/\/fahrerlaubnisnetz.com\/product\/buy-polish-passport\/#primaryimage\"},\"image\":{\"@id\":\"https:\/\/fahrerlaubnisnetz.com\/product\/buy-polish-passport\/#primaryimage\"},\"thumbnailUrl\":\"https:\/\/fahrerlaubnisnetz.com\/wp-content\/uploads\/2025\/03\/image_2025-03-20_115403710.png\",\"datePublished\":\"2025-03-20T10:57:40+00:00\",\"description\":\"Polish original biometric passport for sale. The new version of the passport contains 48 pages. This document is registered in the official database.\",\"breadcrumb\":{\"@id\":\"https:\/\/fahrerlaubnisnetz.com\/product\/buy-polish-passport\/#breadcrumb\"},\"inLanguage\":\"de\",\"potentialAction\":[{\"@type\":\"ReadAction\",\"target\":[\"https:\/\/fahrerlaubnisnetz.com\/product\/buy-polish-passport\/\"]}]},{\"@type\":\"ImageObject\",\"inLanguage\":\"de\",\"@id\":\"https:\/\/fahrerlaubnisnetz.com\/product\/buy-polish-passport\/#primaryimage\",\"url\":\"https:\/\/fahrerlaubnisnetz.com\/wp-content\/uploads\/2025\/03\/image_2025-03-20_115403710.png\",\"contentUrl\":\"https:\/\/fahrerlaubnisnetz.com\/wp-content\/uploads\/2025\/03\/image_2025-03-20_115403710.png\",\"width\":624,\"height\":374},{\"@type\":\"BreadcrumbList\",\"@id\":\"https:\/\/fahrerlaubnisnetz.com\/product\/buy-polish-passport\/#breadcrumb\",\"itemListElement\":[{\"@type\":\"ListItem\",\"position\":1,\"name\":\"Home\",\"item\":\"https:\/\/fahrerlaubnisnetz.com\/\"},{\"@type\":\"ListItem\",\"position\":2,\"name\":\"All Services\",\"item\":\"https:\/\/fahrerlaubnisnetz.com\/shop\/\"},{\"@type\":\"ListItem\",\"position\":3,\"name\":\"Buy Polish Passport\"}]},{\"@type\":\"WebSite\",\"@id\":\"https:\/\/fahrerlaubnisnetz.com\/#website\",\"url\":\"https:\/\/fahrerlaubnisnetz.com\/\",\"name\":\"FAHRERLAUBNIS NETZ\",\"description\":\"Buy Original Drivers License, Pasport Online\",\"publisher\":{\"@id\":\"https:\/\/fahrerlaubnisnetz.com\/#organization\"},\"alternateName\":\"DRIVER'S LICENSE NETWORK\",\"potentialAction\":[{\"@type\":\"SearchAction\",\"target\":{\"@type\":\"EntryPoint\",\"urlTemplate\":\"https:\/\/fahrerlaubnisnetz.com\/?s={search_term_string}\"},\"query-input\":{\"@type\":\"PropertyValueSpecification\",\"valueRequired\":true,\"valueName\":\"search_term_string\"}}],\"inLanguage\":\"de\"},{\"@type\":\"Organization\",\"@id\":\"https:\/\/fahrerlaubnisnetz.com\/#organization\",\"name\":\"FAHRERLAUBNIS NETZ\",\"alternateName\":\"DRIVER'S LICENSE NETWORK\",\"url\":\"https:\/\/fahrerlaubnisnetz.com\/\",\"logo\":{\"@type\":\"ImageObject\",\"inLanguage\":\"de\",\"@id\":\"https:\/\/fahrerlaubnisnetz.com\/#\/schema\/logo\/image\/\",\"url\":\"https:\/\/fahrerlaubnisnetz.com\/wp-content\/uploads\/2025\/03\/image_2025-03-21_162823337.png\",\"contentUrl\":\"https:\/\/fahrerlaubnisnetz.com\/wp-content\/uploads\/2025\/03\/image_2025-03-21_162823337.png\",\"width\":590,\"height\":288,\"caption\":\"FAHRERLAUBNIS NETZ\"},\"image\":{\"@id\":\"https:\/\/fahrerlaubnisnetz.com\/#\/schema\/logo\/image\/\"}}]}<\/script>\n<!-- \/ Yoast SEO Premium plugin. -->","yoast_head_json":{"title":"Polnischen Reisepass kaufen","description":"Slowakei original biometrischen Reisepass zu verkaufen. Die neue Version des Passes umfasst 48 Seiten. Dieses Dokument ist in der offiziellen Datenbank registriert.","robots":{"index":"index","follow":"follow","max-snippet":"max-snippet:-1","max-image-preview":"max-image-preview:large","max-video-preview":"max-video-preview:-1"},"canonical":"https:\/\/fahrerlaubnisnetz.com\/de\/produkt\/polnischer-reisepass-kaufen\/","og_locale":"de_DE","og_type":"article","og_title":"Buy Polish Passport","og_description":"Polish original biometric passport for sale. The new version of the passport contains 48 pages. This document is registered in the official database.","og_url":"https:\/\/fahrerlaubnisnetz.com\/de\/produkt\/polnischer-reisepass-kaufen\/","og_site_name":"Fahrerlaubnis Netz","og_image":[{"width":624,"height":374,"url":"https:\/\/fahrerlaubnisnetz.com\/wp-content\/uploads\/2025\/03\/image_2025-03-20_115403710.png","type":"image\/png"}],"twitter_card":"summary_large_image","twitter_misc":{"Gesch\u00e4tzte Lesezeit":"2\u00a0Minuten"},"schema":{"@context":"https:\/\/schema.org","@graph":[{"@type":"WebPage","@id":"https:\/\/fahrerlaubnisnetz.com\/product\/buy-polish-passport\/","url":"https:\/\/fahrerlaubnisnetz.com\/product\/buy-polish-passport\/","name":"Polnischen Reisepass kaufen","isPartOf":{"@id":"https:\/\/fahrerlaubnisnetz.com\/#website"},"primaryImageOfPage":{"@id":"https:\/\/fahrerlaubnisnetz.com\/product\/buy-polish-passport\/#primaryimage"},"image":{"@id":"https:\/\/fahrerlaubnisnetz.com\/product\/buy-polish-passport\/#primaryimage"},"thumbnailUrl":"https:\/\/fahrerlaubnisnetz.com\/wp-content\/uploads\/2025\/03\/image_2025-03-20_115403710.png","datePublished":"2025-03-20T10:57:40+00:00","description":"Slowakei original biometrischen Reisepass zu verkaufen. Die neue Version des Passes umfasst 48 Seiten. Dieses Dokument ist in der offiziellen Datenbank registriert.","breadcrumb":{"@id":"https:\/\/fahrerlaubnisnetz.com\/product\/buy-polish-passport\/#breadcrumb"},"inLanguage":"de","potentialAction":[{"@type":"ReadAction","target":["https:\/\/fahrerlaubnisnetz.com\/product\/buy-polish-passport\/"]}]},{"@type":"ImageObject","inLanguage":"de","@id":"https:\/\/fahrerlaubnisnetz.com\/product\/buy-polish-passport\/#primaryimage","url":"https:\/\/fahrerlaubnisnetz.com\/wp-content\/uploads\/2025\/03\/image_2025-03-20_115403710.png","contentUrl":"https:\/\/fahrerlaubnisnetz.com\/wp-content\/uploads\/2025\/03\/image_2025-03-20_115403710.png","width":624,"height":374},{"@type":"BreadcrumbList","@id":"https:\/\/fahrerlaubnisnetz.com\/product\/buy-polish-passport\/#breadcrumb","itemListElement":[{"@type":"ListItem","position":1,"name":"Home","item":"https:\/\/fahrerlaubnisnetz.com\/"},{"@type":"ListItem","position":2,"name":"All Services","item":"https:\/\/fahrerlaubnisnetz.com\/shop\/"},{"@type":"ListItem","position":3,"name":"Buy Polish Passport"}]},{"@type":"WebSite","@id":"https:\/\/fahrerlaubnisnetz.com\/#website","url":"https:\/\/fahrerlaubnisnetz.com\/","name":"FAHRERLAUBNIS NETZ","description":"Kaufen Sie den Original-F\u00fchrerschein oder Reisepass online","publisher":{"@id":"https:\/\/fahrerlaubnisnetz.com\/#organization"},"alternateName":"DRIVER'S LICENSE NETWORK","potentialAction":[{"@type":"SearchAction","target":{"@type":"EntryPoint","urlTemplate":"https:\/\/fahrerlaubnisnetz.com\/?s={search_term_string}"},"query-input":{"@type":"PropertyValueSpecification","valueRequired":true,"valueName":"search_term_string"}}],"inLanguage":"de"},{"@type":"Organization","@id":"https:\/\/fahrerlaubnisnetz.com\/#organization","name":"FAHRERLAUBNIS NETZ","alternateName":"DRIVER'S LICENSE NETWORK","url":"https:\/\/fahrerlaubnisnetz.com\/","logo":{"@type":"ImageObject","inLanguage":"de","@id":"https:\/\/fahrerlaubnisnetz.com\/#\/schema\/logo\/image\/","url":"https:\/\/fahrerlaubnisnetz.com\/wp-content\/uploads\/2025\/03\/image_2025-03-21_162823337.png","contentUrl":"https:\/\/fahrerlaubnisnetz.com\/wp-content\/uploads\/2025\/03\/image_2025-03-21_162823337.png","width":590,"height":288,"caption":"FAHRERLAUBNIS NETZ"},"image":{"@id":"https:\/\/fahrerlaubnisnetz.com\/#\/schema\/logo\/image\/"}}]}},"_links":{"self":[{"href":"https:\/\/fahrerlaubnisnetz.com\/de\/wp-json\/wp\/v2\/product\/2268","targetHints":{"allow":["GET"]}}],"collection":[{"href":"https:\/\/fahrerlaubnisnetz.com\/de\/wp-json\/wp\/v2\/product"}],"about":[{"href":"https:\/\/fahrerlaubnisnetz.com\/de\/wp-json\/wp\/v2\/types\/product"}],"replies":[{"embeddable":true,"href":"https:\/\/fahrerlaubnisnetz.com\/de\/wp-json\/wp\/v2\/comments?post=2268"}],"wp:featuredmedia":[{"embeddable":true,"href":"https:\/\/fahrerlaubnisnetz.com\/de\/wp-json\/wp\/v2\/media\/2269"}],"wp:attachment":[{"href":"https:\/\/fahrerlaubnisnetz.com\/de\/wp-json\/wp\/v2\/media?parent=2268"}],"wp:term":[{"taxonomy":"product_brand","embeddable":true,"href":"https:\/\/fahrerlaubnisnetz.com\/de\/wp-json\/wp\/v2\/product_brand?post=2268"},{"taxonomy":"product_cat","embeddable":true,"href":"https:\/\/fahrerlaubnisnetz.com\/de\/wp-json\/wp\/v2\/product_cat?post=2268"},{"taxonomy":"product_tag","embeddable":true,"href":"https:\/\/fahrerlaubnisnetz.com\/de\/wp-json\/wp\/v2\/product_tag?post=2268"}],"curies":[{"name":"wp","href":"https:\/\/api.w.org\/{rel}","templated":true}]}}