{"id":2272,"date":"2025-03-20T11:04:21","date_gmt":"2025-03-20T11:04:21","guid":{"rendered":"https:\/\/fahrerlaubnisnetz.com\/?post_type=product&#038;p=2272"},"modified":"2025-12-10T06:50:32","modified_gmt":"2025-12-10T06:50:32","slug":"franzosischer-reisepass-online-bestellen","status":"publish","type":"product","link":"https:\/\/fahrerlaubnisnetz.com\/de\/produkt\/franzosischer-reisepass-online-bestellen\/","title":{"rendered":"Franz\u00f6sischen Reisepass online bestellen"},"content":{"rendered":"<h2>Kaufen Sie online einen originalen franz\u00f6sischen Reisepass<\/h2>\n<p>Kaufen Sie einen originalen biometrischen franz\u00f6sischen Reisepass mit RFID-Chip, Modell 2021. Der franz\u00f6sische Reisepass ist f\u00fcr Inhaber ab 18 Jahren 10 Jahre und f\u00fcr Inhaber unter 18 Jahren 5 Jahre g\u00fcltig. Es handelt sich um einen 32-seitigen Standardreisepass.\u00a0<span class=\"tlid-translation translation\"><span class=\"\" title=\"\">Wenn Sie h\u00e4ufig ins Ausland reisen, k\u00f6nnen Sie einen 48-seitigen Reisepass beantragen<\/span>. Es kostet 100 USD zus\u00e4tzlich.<\/span>\u00a0Wir haben die M\u00f6glichkeit, dieses Dokument in der offiziellen Datenbank zu registrieren.<\/p>\n<h2>Vorteile des franz\u00f6sischen Passes<\/h2>\n<p>Jeder franz\u00f6sische Staatsb\u00fcrger ist zugleich B\u00fcrger der Europ\u00e4ischen Union. Der Reisepass und der Personalausweis erm\u00f6glichen die freie Bewegung und den Aufenthalt in allen Staaten der Europ\u00e4ischen Union und des Europ\u00e4ischen Wirtschaftsraums.<br \/>\nDer franz\u00f6sische Reisepass (auf Franz\u00f6sisch: Passeport fran\u00e7ais) ist ein Ausweisdokument, das franz\u00f6sischen Staatsb\u00fcrgern ausgestellt wird. Er erm\u00f6glicht dem Inhaber nicht nur internationale Reisen und dient als Hinweis auf die franz\u00f6sische Staatsb\u00fcrgerschaft (jedoch nicht als Beweis; der Besitz eines franz\u00f6sischen Reisepasses begr\u00fcndet nach franz\u00f6sischem Recht lediglich die Vermutung der franz\u00f6sischen Staatsb\u00fcrgerschaft), sondern erleichtert auch die Inanspruchnahme der Unterst\u00fctzung durch franz\u00f6sische Konsularbeamte im Ausland oder in anderen Mitgliedstaaten der Europ\u00e4ischen Union, falls ein franz\u00f6sischer Konsul abwesend sein sollte.<\/p>\n<h3>\u00dcber unsere Frankreich-P\u00e4sse<\/h3>\n<p>Der biometrische Reisepass wird seit April 2013 bundesweit ausgegeben. In die H\u00fclle sind ein elektronischer Chip und ein Funksender eingearbeitet. Die darin gespeicherten Informationen sind somit \u00fcber ein elektromagnetisches Leseger\u00e4t aus kurzer Entfernung abfragbar. Die digitalisierten Informationen umfassen das Passfoto, den Namen, das Geburtsdatum, die Staatsangeh\u00f6rigkeit und die Passnummer.<\/p>","protected":false},"excerpt":{"rendered":"<p>Kaufen Sie den originalen biometrischen franz\u00f6sischen Reisepass mit RFID-Chip, Modell 2018 Jahr. Der franz\u00f6sische Reisepass ist 10 Jahre f\u00fcr Inhaber ab 18 Jahren und 5 Jahre f\u00fcr Inhaber unter 18 Jahren g\u00fcltig.<\/p>","protected":false},"featured_media":2665,"comment_status":"open","ping_status":"closed","template":"","meta":{"site-sidebar-layout":"default","site-content-layout":"","ast-site-content-layout":"default","site-content-style":"default","site-sidebar-style":"default","ast-global-header-display":"","ast-banner-title-visibility":"","ast-main-header-display":"","ast-hfb-above-header-display":"","ast-hfb-below-header-display":"","ast-hfb-mobile-header-display":"","site-post-title":"","ast-breadcrumbs-content":"","ast-featured-img":"","footer-sml-layout":"","ast-disable-related-posts":"","theme-transparent-header-meta":"default","adv-header-id-meta":"","stick-header-meta":"","header-above-stick-meta":"","header-main-stick-meta":"","header-below-stick-meta":"","astra-migrate-meta-layouts":"set","ast-page-background-enabled":"default","ast-page-background-meta":{"desktop":{"background-color":"var(--ast-global-color-4)","background-image":"","background-repeat":"repeat","background-position":"center center","background-size":"auto","background-attachment":"scroll","background-type":"","background-media":"","overlay-type":"","overlay-color":"","overlay-opacity":"","overlay-gradient":""},"tablet":{"background-color":"","background-image":"","background-repeat":"repeat","background-position":"center center","background-size":"auto","background-attachment":"scroll","background-type":"","background-media":"","overlay-type":"","overlay-color":"","overlay-opacity":"","overlay-gradient":""},"mobile":{"background-color":"","background-image":"","background-repeat":"repeat","background-position":"center center","background-size":"auto","background-attachment":"scroll","background-type":"","background-media":"","overlay-type":"","overlay-color":"","overlay-opacity":"","overlay-gradient":""}},"ast-content-background-meta":{"desktop":{"background-color":"var(--ast-global-color-5)","background-image":"","background-repeat":"repeat","background-position":"center center","background-size":"auto","background-attachment":"scroll","background-type":"","background-media":"","overlay-type":"","overlay-color":"","overlay-opacity":"","overlay-gradient":""},"tablet":{"background-color":"var(--ast-global-color-5)","background-image":"","background-repeat":"repeat","background-position":"center center","background-size":"auto","background-attachment":"scroll","background-type":"","background-media":"","overlay-type":"","overlay-color":"","overlay-opacity":"","overlay-gradient":""},"mobile":{"background-color":"var(--ast-global-color-5)","background-image":"","background-repeat":"repeat","background-position":"center center","background-size":"auto","background-attachment":"scroll","background-type":"","background-media":"","overlay-type":"","overlay-color":"","overlay-opacity":"","overlay-gradient":""}}},"product_brand":[],"product_cat":[117,28],"product_tag":[175],"class_list":{"0":"post-2272","1":"product","2":"type-product","3":"status-publish","4":"has-post-thumbnail","6":"product_cat-all-service","7":"product_cat-passport","8":"product_tag-french-passport","9":"desktop-align-left","10":"tablet-align-left","11":"mobile-align-left","13":"first","14":"instock","15":"shipping-taxable","16":"purchasable","17":"product-type-simple"},"yoast_head":"<!-- This site is optimized with the Yoast SEO Premium plugin v24.7 (Yoast SEO v27.1.1) - https:\/\/yoast.com\/product\/yoast-seo-premium-wordpress\/ -->\n<title>Buy Original French Passport Online<\/title>\n<meta name=\"description\" content=\"Buy original biometric French passport with RFID-chip model 2018 year. The France passport is valid for 10 years for holders aged 18 or over and 5 years for holders under the age of 18.\" \/>\n<meta name=\"robots\" content=\"index, follow, max-snippet:-1, max-image-preview:large, max-video-preview:-1\" \/>\n<link rel=\"canonical\" href=\"https:\/\/fahrerlaubnisnetz.com\/de\/produkt\/franzosischer-reisepass-online-bestellen\/\" \/>\n<meta property=\"og:locale\" content=\"de_DE\" \/>\n<meta property=\"og:type\" content=\"article\" \/>\n<meta property=\"og:title\" content=\"Order French Passport Online\" \/>\n<meta property=\"og:description\" content=\"Buy original biometric French passport with RFID-chip model 2018 year. The France passport is valid for 10 years for holders aged 18 or over and 5 years for holders under the age of 18.\" \/>\n<meta property=\"og:url\" content=\"https:\/\/fahrerlaubnisnetz.com\/de\/produkt\/franzosischer-reisepass-online-bestellen\/\" \/>\n<meta property=\"og:site_name\" content=\"Fahrerlaubnis Netz\" \/>\n<meta property=\"article:modified_time\" content=\"2025-12-10T06:50:32+00:00\" \/>\n<meta property=\"og:image\" content=\"https:\/\/fahrerlaubnisnetz.com\/wp-content\/uploads\/2025\/03\/French_Passport_Cover.svg_.png\" \/>\n\t<meta property=\"og:image:width\" content=\"841\" \/>\n\t<meta property=\"og:image:height\" content=\"1200\" \/>\n\t<meta property=\"og:image:type\" content=\"image\/png\" \/>\n<meta name=\"twitter:card\" content=\"summary_large_image\" \/>\n<meta name=\"twitter:label1\" content=\"Gesch\u00e4tzte Lesezeit\" \/>\n\t<meta name=\"twitter:data1\" content=\"2\u00a0Minuten\" \/>\n<script type=\"application\/ld+json\" class=\"yoast-schema-graph\">{\"@context\":\"https:\/\/schema.org\",\"@graph\":[{\"@type\":\"WebPage\",\"@id\":\"https:\/\/fahrerlaubnisnetz.com\/product\/order-french-passport-online\/\",\"url\":\"https:\/\/fahrerlaubnisnetz.com\/product\/order-french-passport-online\/\",\"name\":\"Buy Original French Passport Online\",\"isPartOf\":{\"@id\":\"https:\/\/fahrerlaubnisnetz.com\/#website\"},\"primaryImageOfPage\":{\"@id\":\"https:\/\/fahrerlaubnisnetz.com\/product\/order-french-passport-online\/#primaryimage\"},\"image\":{\"@id\":\"https:\/\/fahrerlaubnisnetz.com\/product\/order-french-passport-online\/#primaryimage\"},\"thumbnailUrl\":\"https:\/\/fahrerlaubnisnetz.com\/wp-content\/uploads\/2025\/03\/French_Passport_Cover.svg_.png\",\"datePublished\":\"2025-03-20T11:04:21+00:00\",\"dateModified\":\"2025-12-10T06:50:32+00:00\",\"description\":\"Buy original biometric French passport with RFID-chip model 2018 year. The France passport is valid for 10 years for holders aged 18 or over and 5 years for holders under the age of 18.\",\"breadcrumb\":{\"@id\":\"https:\/\/fahrerlaubnisnetz.com\/product\/order-french-passport-online\/#breadcrumb\"},\"inLanguage\":\"de\",\"potentialAction\":[{\"@type\":\"ReadAction\",\"target\":[\"https:\/\/fahrerlaubnisnetz.com\/product\/order-french-passport-online\/\"]}]},{\"@type\":\"ImageObject\",\"inLanguage\":\"de\",\"@id\":\"https:\/\/fahrerlaubnisnetz.com\/product\/order-french-passport-online\/#primaryimage\",\"url\":\"https:\/\/fahrerlaubnisnetz.com\/wp-content\/uploads\/2025\/03\/French_Passport_Cover.svg_.png\",\"contentUrl\":\"https:\/\/fahrerlaubnisnetz.com\/wp-content\/uploads\/2025\/03\/French_Passport_Cover.svg_.png\",\"width\":841,\"height\":1200,\"caption\":\"French_Passport_\"},{\"@type\":\"BreadcrumbList\",\"@id\":\"https:\/\/fahrerlaubnisnetz.com\/product\/order-french-passport-online\/#breadcrumb\",\"itemListElement\":[{\"@type\":\"ListItem\",\"position\":1,\"name\":\"Home\",\"item\":\"https:\/\/fahrerlaubnisnetz.com\/\"},{\"@type\":\"ListItem\",\"position\":2,\"name\":\"All Services\",\"item\":\"https:\/\/fahrerlaubnisnetz.com\/shop\/\"},{\"@type\":\"ListItem\",\"position\":3,\"name\":\"Order French Passport Online\"}]},{\"@type\":\"WebSite\",\"@id\":\"https:\/\/fahrerlaubnisnetz.com\/#website\",\"url\":\"https:\/\/fahrerlaubnisnetz.com\/\",\"name\":\"FAHRERLAUBNIS NETZ\",\"description\":\"Buy Original Drivers License, Pasport Online\",\"publisher\":{\"@id\":\"https:\/\/fahrerlaubnisnetz.com\/#organization\"},\"alternateName\":\"DRIVER'S LICENSE NETWORK\",\"potentialAction\":[{\"@type\":\"SearchAction\",\"target\":{\"@type\":\"EntryPoint\",\"urlTemplate\":\"https:\/\/fahrerlaubnisnetz.com\/?s={search_term_string}\"},\"query-input\":{\"@type\":\"PropertyValueSpecification\",\"valueRequired\":true,\"valueName\":\"search_term_string\"}}],\"inLanguage\":\"de\"},{\"@type\":\"Organization\",\"@id\":\"https:\/\/fahrerlaubnisnetz.com\/#organization\",\"name\":\"FAHRERLAUBNIS NETZ\",\"alternateName\":\"DRIVER'S LICENSE NETWORK\",\"url\":\"https:\/\/fahrerlaubnisnetz.com\/\",\"logo\":{\"@type\":\"ImageObject\",\"inLanguage\":\"de\",\"@id\":\"https:\/\/fahrerlaubnisnetz.com\/#\/schema\/logo\/image\/\",\"url\":\"https:\/\/fahrerlaubnisnetz.com\/wp-content\/uploads\/2025\/03\/image_2025-03-21_162823337.png\",\"contentUrl\":\"https:\/\/fahrerlaubnisnetz.com\/wp-content\/uploads\/2025\/03\/image_2025-03-21_162823337.png\",\"width\":590,\"height\":288,\"caption\":\"FAHRERLAUBNIS NETZ\"},\"image\":{\"@id\":\"https:\/\/fahrerlaubnisnetz.com\/#\/schema\/logo\/image\/\"}}]}<\/script>\n<!-- \/ Yoast SEO Premium plugin. -->","yoast_head_json":{"title":"Kaufen Sie online einen originalen franz\u00f6sischen Reisepass","description":"Kaufen Sie den originalen biometrischen franz\u00f6sischen Reisepass mit RFID-Chip, Modell 2018 Jahr. Der franz\u00f6sische Reisepass ist 10 Jahre f\u00fcr Inhaber ab 18 Jahren und 5 Jahre f\u00fcr Inhaber unter 18 Jahren g\u00fcltig.","robots":{"index":"index","follow":"follow","max-snippet":"max-snippet:-1","max-image-preview":"max-image-preview:large","max-video-preview":"max-video-preview:-1"},"canonical":"https:\/\/fahrerlaubnisnetz.com\/de\/produkt\/franzosischer-reisepass-online-bestellen\/","og_locale":"de_DE","og_type":"article","og_title":"Order French Passport Online","og_description":"Buy original biometric French passport with RFID-chip model 2018 year. The France passport is valid for 10 years for holders aged 18 or over and 5 years for holders under the age of 18.","og_url":"https:\/\/fahrerlaubnisnetz.com\/de\/produkt\/franzosischer-reisepass-online-bestellen\/","og_site_name":"Fahrerlaubnis Netz","article_modified_time":"2025-12-10T06:50:32+00:00","og_image":[{"width":841,"height":1200,"url":"https:\/\/fahrerlaubnisnetz.com\/wp-content\/uploads\/2025\/03\/French_Passport_Cover.svg_.png","type":"image\/png"}],"twitter_card":"summary_large_image","twitter_misc":{"Gesch\u00e4tzte Lesezeit":"2\u00a0Minuten"},"schema":{"@context":"https:\/\/schema.org","@graph":[{"@type":"WebPage","@id":"https:\/\/fahrerlaubnisnetz.com\/product\/order-french-passport-online\/","url":"https:\/\/fahrerlaubnisnetz.com\/product\/order-french-passport-online\/","name":"Kaufen Sie online einen originalen franz\u00f6sischen Reisepass","isPartOf":{"@id":"https:\/\/fahrerlaubnisnetz.com\/#website"},"primaryImageOfPage":{"@id":"https:\/\/fahrerlaubnisnetz.com\/product\/order-french-passport-online\/#primaryimage"},"image":{"@id":"https:\/\/fahrerlaubnisnetz.com\/product\/order-french-passport-online\/#primaryimage"},"thumbnailUrl":"https:\/\/fahrerlaubnisnetz.com\/wp-content\/uploads\/2025\/03\/French_Passport_Cover.svg_.png","datePublished":"2025-03-20T11:04:21+00:00","dateModified":"2025-12-10T06:50:32+00:00","description":"Kaufen Sie den originalen biometrischen franz\u00f6sischen Reisepass mit RFID-Chip, Modell 2018 Jahr. Der franz\u00f6sische Reisepass ist 10 Jahre f\u00fcr Inhaber ab 18 Jahren und 5 Jahre f\u00fcr Inhaber unter 18 Jahren g\u00fcltig.","breadcrumb":{"@id":"https:\/\/fahrerlaubnisnetz.com\/product\/order-french-passport-online\/#breadcrumb"},"inLanguage":"de","potentialAction":[{"@type":"ReadAction","target":["https:\/\/fahrerlaubnisnetz.com\/product\/order-french-passport-online\/"]}]},{"@type":"ImageObject","inLanguage":"de","@id":"https:\/\/fahrerlaubnisnetz.com\/product\/order-french-passport-online\/#primaryimage","url":"https:\/\/fahrerlaubnisnetz.com\/wp-content\/uploads\/2025\/03\/French_Passport_Cover.svg_.png","contentUrl":"https:\/\/fahrerlaubnisnetz.com\/wp-content\/uploads\/2025\/03\/French_Passport_Cover.svg_.png","width":841,"height":1200,"caption":"French_Passport_"},{"@type":"BreadcrumbList","@id":"https:\/\/fahrerlaubnisnetz.com\/product\/order-french-passport-online\/#breadcrumb","itemListElement":[{"@type":"ListItem","position":1,"name":"Home","item":"https:\/\/fahrerlaubnisnetz.com\/"},{"@type":"ListItem","position":2,"name":"All Services","item":"https:\/\/fahrerlaubnisnetz.com\/shop\/"},{"@type":"ListItem","position":3,"name":"Order French Passport Online"}]},{"@type":"WebSite","@id":"https:\/\/fahrerlaubnisnetz.com\/#website","url":"https:\/\/fahrerlaubnisnetz.com\/","name":"FAHRERLAUBNIS NETZ","description":"Kaufen Sie den Original-F\u00fchrerschein oder Reisepass online","publisher":{"@id":"https:\/\/fahrerlaubnisnetz.com\/#organization"},"alternateName":"DRIVER'S LICENSE NETWORK","potentialAction":[{"@type":"SearchAction","target":{"@type":"EntryPoint","urlTemplate":"https:\/\/fahrerlaubnisnetz.com\/?s={search_term_string}"},"query-input":{"@type":"PropertyValueSpecification","valueRequired":true,"valueName":"search_term_string"}}],"inLanguage":"de"},{"@type":"Organization","@id":"https:\/\/fahrerlaubnisnetz.com\/#organization","name":"FAHRERLAUBNIS NETZ","alternateName":"DRIVER'S LICENSE NETWORK","url":"https:\/\/fahrerlaubnisnetz.com\/","logo":{"@type":"ImageObject","inLanguage":"de","@id":"https:\/\/fahrerlaubnisnetz.com\/#\/schema\/logo\/image\/","url":"https:\/\/fahrerlaubnisnetz.com\/wp-content\/uploads\/2025\/03\/image_2025-03-21_162823337.png","contentUrl":"https:\/\/fahrerlaubnisnetz.com\/wp-content\/uploads\/2025\/03\/image_2025-03-21_162823337.png","width":590,"height":288,"caption":"FAHRERLAUBNIS NETZ"},"image":{"@id":"https:\/\/fahrerlaubnisnetz.com\/#\/schema\/logo\/image\/"}}]}},"_links":{"self":[{"href":"https:\/\/fahrerlaubnisnetz.com\/de\/wp-json\/wp\/v2\/product\/2272","targetHints":{"allow":["GET"]}}],"collection":[{"href":"https:\/\/fahrerlaubnisnetz.com\/de\/wp-json\/wp\/v2\/product"}],"about":[{"href":"https:\/\/fahrerlaubnisnetz.com\/de\/wp-json\/wp\/v2\/types\/product"}],"replies":[{"embeddable":true,"href":"https:\/\/fahrerlaubnisnetz.com\/de\/wp-json\/wp\/v2\/comments?post=2272"}],"wp:featuredmedia":[{"embeddable":true,"href":"https:\/\/fahrerlaubnisnetz.com\/de\/wp-json\/wp\/v2\/media\/2665"}],"wp:attachment":[{"href":"https:\/\/fahrerlaubnisnetz.com\/de\/wp-json\/wp\/v2\/media?parent=2272"}],"wp:term":[{"taxonomy":"product_brand","embeddable":true,"href":"https:\/\/fahrerlaubnisnetz.com\/de\/wp-json\/wp\/v2\/product_brand?post=2272"},{"taxonomy":"product_cat","embeddable":true,"href":"https:\/\/fahrerlaubnisnetz.com\/de\/wp-json\/wp\/v2\/product_cat?post=2272"},{"taxonomy":"product_tag","embeddable":true,"href":"https:\/\/fahrerlaubnisnetz.com\/de\/wp-json\/wp\/v2\/product_tag?post=2272"}],"curies":[{"name":"wp","href":"https:\/\/api.w.org\/{rel}","templated":true}]}}