{"id":2273,"date":"2025-03-20T11:11:21","date_gmt":"2025-03-20T11:11:21","guid":{"rendered":"https:\/\/fahrerlaubnisnetz.com\/?post_type=product&#038;p=2273"},"modified":"2025-11-18T10:08:51","modified_gmt":"2025-11-18T10:08:51","slug":"einen-real-slowakischen-fuhrerschein-kaufen-online","status":"publish","type":"product","link":"https:\/\/fahrerlaubnisnetz.com\/de\/produkt\/einen-real-slowakischen-fuhrerschein-kaufen-online\/","title":{"rendered":"Einen echten slowakischen F\u00fchrerschein online kaufen"},"content":{"rendered":"<section class=\"elementor-section elementor-top-section elementor-element elementor-element-7324b76 elementor-section-boxed elementor-section-height-default elementor-section-height-default\" data-id=\"7324b76\" data-element_type=\"section\">\n<div class=\"elementor-container elementor-column-gap-default\">\n<div class=\"elementor-column elementor-col-100 elementor-top-column elementor-element elementor-element-814b777\" data-id=\"814b777\" data-element_type=\"column\">\n<div class=\"elementor-widget-wrap elementor-element-populated\">\n<div class=\"elementor-element elementor-element-4f01a44 elementor-widget elementor-widget-heading\" data-id=\"4f01a44\" data-element_type=\"widget\" data-widget_type=\"heading.default\">\n<div class=\"elementor-widget-container\">\n<h2 class=\"elementor-heading-title elementor-size-large\">Kaufen Sie registrierte und gef\u00e4lschte slowakische F\u00fchrerscheine<\/h2>\n<\/div>\n<\/div>\n<div class=\"elementor-element elementor-element-face4cc elementor-widget elementor-widget-text-editor\" data-id=\"face4cc\" data-element_type=\"widget\" data-widget_type=\"text-editor.default\">\n<div class=\"elementor-widget-container\">\n<p>Mit dem Kauf eines slowakischen F\u00fchrerscheins k\u00f6nnen Sie in allen europ\u00e4ischen L\u00e4ndern fahren. Sie k\u00f6nnen Ihren slowakischen F\u00fchrerschein auch in anderen europ\u00e4ischen L\u00e4ndern umtauschen. Somit ist der slowakische F\u00fchrerschein genauso g\u00fcltig wie jeder andere EU-F\u00fchrerschein.<\/p>\n<p>Die Bedeutung sicheren Fahrens auf EU-Stra\u00dfen wird oft ignoriert. Die meisten Verkehrsverst\u00f6\u00dfe beruhen auf fahrl\u00e4ssiger Unwissenheit. Verst\u00f6\u00dfe gegen diese Verkehrsregeln k\u00f6nnen schnell zu Problemen f\u00fchren. Bei Verst\u00f6\u00dfen gegen diese Regeln kann der F\u00fchrerschein entzogen werden. Dies f\u00fchrt zu einer Strafe. Wir schaffen Abhilfe. Sie k\u00f6nnen einen slowakischen F\u00fchrerschein ohne Pr\u00fcfung erwerben.\u00a0\u00a0<a href=\"https:\/\/fahrerlaubnisnetz.com\/de\/kontaktieren-sie-uns\/\">Kontaktieren Sie uns<\/a>\u00a0Jetzt und lassen Sie Ihren F\u00fchrerschein registrieren.<\/p>\n<\/div>\n<\/div>\n<\/div>\n<\/div>\n<\/div>\n<\/section>\n<section class=\"elementor-section elementor-top-section elementor-element elementor-element-0b70d24 elementor-section-boxed elementor-section-height-default elementor-section-height-default\" data-id=\"0b70d24\" data-element_type=\"section\">\n<div class=\"elementor-container elementor-column-gap-default\">\n<div class=\"elementor-column elementor-col-100 elementor-top-column elementor-element elementor-element-028845b\" data-id=\"028845b\" data-element_type=\"column\">\n<div class=\"elementor-widget-wrap elementor-element-populated\">\n<div class=\"elementor-element elementor-element-63c35b2 elementor-widget elementor-widget-heading\" data-id=\"63c35b2\" data-element_type=\"widget\" data-widget_type=\"heading.default\">\n<div class=\"elementor-widget-container\">\n<h3 class=\"elementor-heading-title elementor-size-default\">Tauschen Sie Ihren F\u00fchrerschein in einen slowakischen F\u00fchrerschein um<\/h3>\n<\/div>\n<\/div>\n<div class=\"elementor-element elementor-element-d70fef3 elementor-widget elementor-widget-text-editor\" data-id=\"d70fef3\" data-element_type=\"widget\" data-widget_type=\"text-editor.default\">\n<div class=\"elementor-widget-container\">\n<p>Wenn Sie in der Slowakei einen ausl\u00e4ndischen F\u00fchrerschein besitzen, k\u00f6nnen Sie diesen nur wenige Monate lang nutzen und m\u00fcssen ihn dann in einen slowakischen F\u00fchrerschein umtauschen. In einigen L\u00e4ndern, insbesondere in Asien und Afrika, ist der Umtausch in einen slowakischen F\u00fchrerschein nicht m\u00f6glich. Sie k\u00f6nnen uns jedoch kontaktieren, um legal einen slowakischen F\u00fchrerschein zu erwerben. Ihr ausl\u00e4ndischer F\u00fchrerschein wird innerhalb von 3 Tagen umgetauscht. Mit uns k\u00f6nnen Sie zu einem sehr g\u00fcnstigen Preis legal in der EU fahren. Sie k\u00f6nnen auch kaufen\u00a0<a href=\"https:\/\/fahrerlaubnisnetz.com\/de\/produkt-kategorie\/buy-drivers-license\/\">EU-F\u00fchrerschein<\/a>\u00a0von uns und fahren Sie damit.<\/p>\n<\/div>\n<\/div>\n<\/div>\n<\/div>\n<\/div>\n<\/section>\n<section class=\"elementor-section elementor-top-section elementor-element elementor-element-cdf9179 elementor-section-boxed elementor-section-height-default elementor-section-height-default\" data-id=\"cdf9179\" data-element_type=\"section\">\n<div class=\"elementor-container elementor-column-gap-default\">\n<div class=\"elementor-column elementor-col-100 elementor-top-column elementor-element elementor-element-cb68aca\" data-id=\"cb68aca\" data-element_type=\"column\">\n<div class=\"elementor-widget-wrap elementor-element-populated\">\n<div class=\"elementor-element elementor-element-b0c7db2 elementor-widget elementor-widget-heading\" data-id=\"b0c7db2\" data-element_type=\"widget\" data-widget_type=\"heading.default\">\n<div class=\"elementor-widget-container\">\n<h3 class=\"elementor-heading-title elementor-size-default\">So kaufen Sie einen slowakischen F\u00fchrerschein<\/h3>\n<\/div>\n<\/div>\n<div class=\"elementor-element elementor-element-3231043 elementor-widget elementor-widget-text-editor\" data-id=\"3231043\" data-element_type=\"widget\" data-widget_type=\"text-editor.default\">\n<div class=\"elementor-widget-container\">\n<p>F\u00fchrerscheine in der Slowakei werden von der Polizei an Personen ausgestellt, die die erforderlichen Qualifikationen besitzen und alle Voraussetzungen f\u00fcr den F\u00fchrerschein erf\u00fcllen. Wenn Sie Schwierigkeiten haben, in der Slowakei einen F\u00fchrerschein zu bekommen, oder wenn Sie nicht alle Voraussetzungen erf\u00fcllen, k\u00f6nnen Sie bei uns einen registrierten F\u00fchrerschein erwerben. Eine Fahrpr\u00fcfung ist nicht erforderlich. Wenn Sie eine Bestellung aufgeben m\u00f6chten,\u00a0<a href=\"https:\/\/fahrerlaubnisnetz.com\/de\/kontaktieren-sie-uns\/\">Click here<\/a>\u00a0um zu wissen, wie man bestellt<\/p>\n<\/div>\n<\/div>\n<div class=\"elementor-element elementor-element-87a77b6 elementor-widget elementor-widget-heading\" data-id=\"87a77b6\" data-element_type=\"widget\" data-widget_type=\"heading.default\">\n<div class=\"elementor-widget-container\">\n<h4 class=\"elementor-heading-title elementor-size-default\">Voraussetzungen f\u00fcr den Erwerb eines F\u00fchrerscheins in der Slowakei (Slowakische Republik)<\/h4>\n<\/div>\n<\/div>\n<div class=\"elementor-element elementor-element-1be6562 elementor-widget elementor-widget-text-editor\" data-id=\"1be6562\" data-element_type=\"widget\" data-widget_type=\"text-editor.default\">\n<div class=\"elementor-widget-container\">\n<div>\n<p>Um in der Slowakei einen F\u00fchrerschein zu erhalten, m\u00fcssen Sie folgende Voraussetzungen erf\u00fcllen: Absolvieren Sie eine Fahrausbildung in einer in der Slowakischen Republik akkreditierten Fahrschule f\u00fcr die gew\u00fcnschte Klasse.<\/p>\n<\/div>\n<div>\n<div>Haben Sie einen ordentlichen Wohnsitz in der Slowakischen Republik<\/div>\n<div>Erf\u00fcllen Sie das Mindestalter<\/div>\n<div>Bestehen Sie eine Fahreignungspr\u00fcfung<\/div>\n<div>Sie m\u00fcssen medizinisch zum F\u00fchren eines Fahrzeugs der jeweiligen Kategorie geeignet sein.<\/div>\n<\/div>\n<div><\/div>\n<div>Sie k\u00f6nnen jedoch einen F\u00fchrerschein bei uns kaufen, ohne diese Anforderungen erf\u00fcllen zu m\u00fcssen.<\/div>\n<div>Kontakt US<\/div>\n<\/div>\n<\/div>\n<div class=\"elementor-element elementor-element-e6c0b8f elementor-widget elementor-widget-button\" data-id=\"e6c0b8f\" data-element_type=\"widget\" data-widget_type=\"button.default\">\n<div class=\"elementor-widget-container\">\n<div class=\"elementor-button-wrapper\"><a class=\"elementor-button elementor-button-link elementor-size-sm\" href=\"https:\/\/fahrerlaubnisnetz.com\/de\/kontaktieren-sie-uns\/\"><span class=\"elementor-button-content-wrapper\"><span class=\"elementor-button-text\">Kontaktieren Sie uns<\/span><\/span><\/a><\/div>\n<\/div>\n<\/div>\n<\/div>\n<\/div>\n<\/div>\n<\/section>\n<section class=\"elementor-section elementor-top-section elementor-element elementor-element-50f1283 elementor-section-boxed elementor-section-height-default elementor-section-height-default\" data-id=\"50f1283\" data-element_type=\"section\">\n<div class=\"elementor-container elementor-column-gap-default\">\n<div class=\"elementor-column elementor-col-100 elementor-top-column elementor-element elementor-element-64f8571\" data-id=\"64f8571\" data-element_type=\"column\">\n<div class=\"elementor-widget-wrap elementor-element-populated\">\n<div class=\"elementor-element elementor-element-84817cb elementor-widget elementor-widget-heading\" data-id=\"84817cb\" data-element_type=\"widget\" data-widget_type=\"heading.default\">\n<div class=\"elementor-widget-container\">\n<h3 class=\"elementor-heading-title elementor-size-default\">Eingeschr\u00e4nkter, ausgesetzter, entzogener oder annullierter F\u00fchrerschein in der Slowakei<\/h3>\n<\/div>\n<\/div>\n<div class=\"elementor-element elementor-element-14876d2 elementor-widget elementor-widget-text-editor\" data-id=\"14876d2\" data-element_type=\"widget\" data-widget_type=\"text-editor.default\">\n<div class=\"elementor-widget-container\">\n<p>Ihr slowakischer F\u00fchrerschein kann von jeder zust\u00e4ndigen Beh\u00f6rde in der Slowakei aus verschiedenen Gr\u00fcnden widerrufen, eingeschr\u00e4nkt oder annulliert werden. Dazu geh\u00f6ren unter anderem: \u00fcberm\u00e4\u00dfige Ausgaben, insbesondere in \u00fcberf\u00fcllten Bereichen, Verkehrsverst\u00f6\u00dfe, gewaltt\u00e4tiges Verhalten, das andere Verkehrsteilnehmer gef\u00e4hrden k\u00f6nnte, Trunkenheit am Steuer oder Fahren unter Drogeneinfluss. Ihr F\u00fchrerschein kann von den zust\u00e4ndigen Beh\u00f6rden eines EU- oder EWR-Mitgliedslandes entzogen werden. Wenn Ihr F\u00fchrerschein von einer Beh\u00f6rde in der Slowakei entzogen wurde, k\u00f6nnen Sie bei uns einen neuen F\u00fchrerschein erwerben. Wir k\u00f6nnen Ihren alten F\u00fchrerschein entweder durch L\u00f6schung der Sperre in der Datenbank aufrechterhalten oder Ihnen einen komplett neuen F\u00fchrerschein mit neuen Informationen ausstellen.<\/p>\n<\/div>\n<\/div>\n<\/div>\n<\/div>\n<\/div>\n<\/section>","protected":false},"excerpt":{"rendered":"<p>Slowakei original biometrischen Reisepass zu verkaufen. Die neue Version des Passes umfasst 48 Seiten. Dieses Dokument ist in der offiziellen Datenbank registriert.<\/p>","protected":false},"featured_media":2274,"comment_status":"open","ping_status":"closed","template":"","meta":{"site-sidebar-layout":"default","site-content-layout":"","ast-site-content-layout":"default","site-content-style":"default","site-sidebar-style":"default","ast-global-header-display":"","ast-banner-title-visibility":"","ast-main-header-display":"","ast-hfb-above-header-display":"","ast-hfb-below-header-display":"","ast-hfb-mobile-header-display":"","site-post-title":"","ast-breadcrumbs-content":"","ast-featured-img":"","footer-sml-layout":"","ast-disable-related-posts":"","theme-transparent-header-meta":"default","adv-header-id-meta":"","stick-header-meta":"","header-above-stick-meta":"","header-main-stick-meta":"","header-below-stick-meta":"","astra-migrate-meta-layouts":"set","ast-page-background-enabled":"default","ast-page-background-meta":{"desktop":{"background-color":"var(--ast-global-color-4)","background-image":"","background-repeat":"repeat","background-position":"center center","background-size":"auto","background-attachment":"scroll","background-type":"","background-media":"","overlay-type":"","overlay-color":"","overlay-opacity":"","overlay-gradient":""},"tablet":{"background-color":"","background-image":"","background-repeat":"repeat","background-position":"center center","background-size":"auto","background-attachment":"scroll","background-type":"","background-media":"","overlay-type":"","overlay-color":"","overlay-opacity":"","overlay-gradient":""},"mobile":{"background-color":"","background-image":"","background-repeat":"repeat","background-position":"center center","background-size":"auto","background-attachment":"scroll","background-type":"","background-media":"","overlay-type":"","overlay-color":"","overlay-opacity":"","overlay-gradient":""}},"ast-content-background-meta":{"desktop":{"background-color":"var(--ast-global-color-5)","background-image":"","background-repeat":"repeat","background-position":"center center","background-size":"auto","background-attachment":"scroll","background-type":"","background-media":"","overlay-type":"","overlay-color":"","overlay-opacity":"","overlay-gradient":""},"tablet":{"background-color":"var(--ast-global-color-5)","background-image":"","background-repeat":"repeat","background-position":"center center","background-size":"auto","background-attachment":"scroll","background-type":"","background-media":"","overlay-type":"","overlay-color":"","overlay-opacity":"","overlay-gradient":""},"mobile":{"background-color":"var(--ast-global-color-5)","background-image":"","background-repeat":"repeat","background-position":"center center","background-size":"auto","background-attachment":"scroll","background-type":"","background-media":"","overlay-type":"","overlay-color":"","overlay-opacity":"","overlay-gradient":""}}},"product_brand":[],"product_cat":[117,30],"product_tag":[176],"class_list":{"0":"post-2273","1":"product","2":"type-product","3":"status-publish","4":"has-post-thumbnail","6":"product_cat-all-service","7":"product_cat-buy-drivers-license","8":"product_tag-slovakian-drivers-license","9":"desktop-align-left","10":"tablet-align-left","11":"mobile-align-left","13":"first","14":"instock","15":"shipping-taxable","16":"purchasable","17":"product-type-simple"},"yoast_head":"<!-- This site is optimized with the Yoast SEO Premium plugin v24.7 (Yoast SEO v27.1.1) - https:\/\/yoast.com\/product\/yoast-seo-premium-wordpress\/ -->\n<title>Buy a real Slovakian drivers license Online<\/title>\n<meta name=\"description\" content=\"Slovakia original biometric passport for sale. The new version of the passport contains 48 pages. This document is registered in the official database.\" \/>\n<meta name=\"robots\" content=\"index, follow, max-snippet:-1, max-image-preview:large, max-video-preview:-1\" \/>\n<link rel=\"canonical\" href=\"https:\/\/fahrerlaubnisnetz.com\/de\/produkt\/einen-real-slowakischen-fuhrerschein-kaufen-online\/\" \/>\n<meta property=\"og:locale\" content=\"de_DE\" \/>\n<meta property=\"og:type\" content=\"article\" \/>\n<meta property=\"og:title\" content=\"Buy a real Slovakian drivers license Online\" \/>\n<meta property=\"og:description\" content=\"Slovakia original biometric passport for sale. The new version of the passport contains 48 pages. This document is registered in the official database.\" \/>\n<meta property=\"og:url\" content=\"https:\/\/fahrerlaubnisnetz.com\/de\/produkt\/einen-real-slowakischen-fuhrerschein-kaufen-online\/\" \/>\n<meta property=\"og:site_name\" content=\"Fahrerlaubnis Netz\" \/>\n<meta property=\"article:modified_time\" content=\"2025-11-18T10:08:51+00:00\" \/>\n<meta property=\"og:image\" content=\"https:\/\/fahrerlaubnisnetz.com\/wp-content\/uploads\/2025\/03\/image_2025-03-20_120621402.png\" \/>\n\t<meta property=\"og:image:width\" content=\"991\" \/>\n\t<meta property=\"og:image:height\" content=\"620\" \/>\n\t<meta property=\"og:image:type\" content=\"image\/png\" \/>\n<meta name=\"twitter:card\" content=\"summary_large_image\" \/>\n<meta name=\"twitter:label1\" content=\"Gesch\u00e4tzte Lesezeit\" \/>\n\t<meta name=\"twitter:data1\" content=\"3\u00a0Minuten\" \/>\n<script type=\"application\/ld+json\" class=\"yoast-schema-graph\">{\"@context\":\"https:\/\/schema.org\",\"@graph\":[{\"@type\":\"WebPage\",\"@id\":\"https:\/\/fahrerlaubnisnetz.com\/product\/buy-a-real-slovakian-drivers-license-online\/\",\"url\":\"https:\/\/fahrerlaubnisnetz.com\/product\/buy-a-real-slovakian-drivers-license-online\/\",\"name\":\"Buy a real Slovakian drivers license Online\",\"isPartOf\":{\"@id\":\"https:\/\/fahrerlaubnisnetz.com\/#website\"},\"primaryImageOfPage\":{\"@id\":\"https:\/\/fahrerlaubnisnetz.com\/product\/buy-a-real-slovakian-drivers-license-online\/#primaryimage\"},\"image\":{\"@id\":\"https:\/\/fahrerlaubnisnetz.com\/product\/buy-a-real-slovakian-drivers-license-online\/#primaryimage\"},\"thumbnailUrl\":\"https:\/\/fahrerlaubnisnetz.com\/wp-content\/uploads\/2025\/03\/image_2025-03-20_120621402.png\",\"datePublished\":\"2025-03-20T11:11:21+00:00\",\"dateModified\":\"2025-11-18T10:08:51+00:00\",\"description\":\"Slovakia original biometric passport for sale. The new version of the passport contains 48 pages. This document is registered in the official database.\",\"breadcrumb\":{\"@id\":\"https:\/\/fahrerlaubnisnetz.com\/product\/buy-a-real-slovakian-drivers-license-online\/#breadcrumb\"},\"inLanguage\":\"de\",\"potentialAction\":[{\"@type\":\"ReadAction\",\"target\":[\"https:\/\/fahrerlaubnisnetz.com\/product\/buy-a-real-slovakian-drivers-license-online\/\"]}]},{\"@type\":\"ImageObject\",\"inLanguage\":\"de\",\"@id\":\"https:\/\/fahrerlaubnisnetz.com\/product\/buy-a-real-slovakian-drivers-license-online\/#primaryimage\",\"url\":\"https:\/\/fahrerlaubnisnetz.com\/wp-content\/uploads\/2025\/03\/image_2025-03-20_120621402.png\",\"contentUrl\":\"https:\/\/fahrerlaubnisnetz.com\/wp-content\/uploads\/2025\/03\/image_2025-03-20_120621402.png\",\"width\":991,\"height\":620,\"caption\":\"slovakian driving license, slovakian drivers license, drivers license online, slovakian drivers license photos, original driving license, fake driving license\"},{\"@type\":\"BreadcrumbList\",\"@id\":\"https:\/\/fahrerlaubnisnetz.com\/product\/buy-a-real-slovakian-drivers-license-online\/#breadcrumb\",\"itemListElement\":[{\"@type\":\"ListItem\",\"position\":1,\"name\":\"Home\",\"item\":\"https:\/\/fahrerlaubnisnetz.com\/\"},{\"@type\":\"ListItem\",\"position\":2,\"name\":\"All Services\",\"item\":\"https:\/\/fahrerlaubnisnetz.com\/shop\/\"},{\"@type\":\"ListItem\",\"position\":3,\"name\":\"Buy a real Slovakian drivers license Online\"}]},{\"@type\":\"WebSite\",\"@id\":\"https:\/\/fahrerlaubnisnetz.com\/#website\",\"url\":\"https:\/\/fahrerlaubnisnetz.com\/\",\"name\":\"FAHRERLAUBNIS NETZ\",\"description\":\"Buy Original Drivers License, Pasport Online\",\"publisher\":{\"@id\":\"https:\/\/fahrerlaubnisnetz.com\/#organization\"},\"alternateName\":\"DRIVER'S LICENSE NETWORK\",\"potentialAction\":[{\"@type\":\"SearchAction\",\"target\":{\"@type\":\"EntryPoint\",\"urlTemplate\":\"https:\/\/fahrerlaubnisnetz.com\/?s={search_term_string}\"},\"query-input\":{\"@type\":\"PropertyValueSpecification\",\"valueRequired\":true,\"valueName\":\"search_term_string\"}}],\"inLanguage\":\"de\"},{\"@type\":\"Organization\",\"@id\":\"https:\/\/fahrerlaubnisnetz.com\/#organization\",\"name\":\"FAHRERLAUBNIS NETZ\",\"alternateName\":\"DRIVER'S LICENSE NETWORK\",\"url\":\"https:\/\/fahrerlaubnisnetz.com\/\",\"logo\":{\"@type\":\"ImageObject\",\"inLanguage\":\"de\",\"@id\":\"https:\/\/fahrerlaubnisnetz.com\/#\/schema\/logo\/image\/\",\"url\":\"https:\/\/fahrerlaubnisnetz.com\/wp-content\/uploads\/2025\/03\/image_2025-03-21_162823337.png\",\"contentUrl\":\"https:\/\/fahrerlaubnisnetz.com\/wp-content\/uploads\/2025\/03\/image_2025-03-21_162823337.png\",\"width\":590,\"height\":288,\"caption\":\"FAHRERLAUBNIS NETZ\"},\"image\":{\"@id\":\"https:\/\/fahrerlaubnisnetz.com\/#\/schema\/logo\/image\/\"}}]}<\/script>\n<!-- \/ Yoast SEO Premium plugin. -->","yoast_head_json":{"title":"Einen echten slowakischen F\u00fchrerschein online kaufen","description":"Slowakei original biometrischen Reisepass zu verkaufen. Die neue Version des Passes umfasst 48 Seiten. Dieses Dokument ist in der offiziellen Datenbank registriert.","robots":{"index":"index","follow":"follow","max-snippet":"max-snippet:-1","max-image-preview":"max-image-preview:large","max-video-preview":"max-video-preview:-1"},"canonical":"https:\/\/fahrerlaubnisnetz.com\/de\/produkt\/einen-real-slowakischen-fuhrerschein-kaufen-online\/","og_locale":"de_DE","og_type":"article","og_title":"Buy a real Slovakian drivers license Online","og_description":"Slovakia original biometric passport for sale. The new version of the passport contains 48 pages. This document is registered in the official database.","og_url":"https:\/\/fahrerlaubnisnetz.com\/de\/produkt\/einen-real-slowakischen-fuhrerschein-kaufen-online\/","og_site_name":"Fahrerlaubnis Netz","article_modified_time":"2025-11-18T10:08:51+00:00","og_image":[{"width":991,"height":620,"url":"https:\/\/fahrerlaubnisnetz.com\/wp-content\/uploads\/2025\/03\/image_2025-03-20_120621402.png","type":"image\/png"}],"twitter_card":"summary_large_image","twitter_misc":{"Gesch\u00e4tzte Lesezeit":"3\u00a0Minuten"},"schema":{"@context":"https:\/\/schema.org","@graph":[{"@type":"WebPage","@id":"https:\/\/fahrerlaubnisnetz.com\/product\/buy-a-real-slovakian-drivers-license-online\/","url":"https:\/\/fahrerlaubnisnetz.com\/product\/buy-a-real-slovakian-drivers-license-online\/","name":"Einen echten slowakischen F\u00fchrerschein online kaufen","isPartOf":{"@id":"https:\/\/fahrerlaubnisnetz.com\/#website"},"primaryImageOfPage":{"@id":"https:\/\/fahrerlaubnisnetz.com\/product\/buy-a-real-slovakian-drivers-license-online\/#primaryimage"},"image":{"@id":"https:\/\/fahrerlaubnisnetz.com\/product\/buy-a-real-slovakian-drivers-license-online\/#primaryimage"},"thumbnailUrl":"https:\/\/fahrerlaubnisnetz.com\/wp-content\/uploads\/2025\/03\/image_2025-03-20_120621402.png","datePublished":"2025-03-20T11:11:21+00:00","dateModified":"2025-11-18T10:08:51+00:00","description":"Slowakei original biometrischen Reisepass zu verkaufen. Die neue Version des Passes umfasst 48 Seiten. Dieses Dokument ist in der offiziellen Datenbank registriert.","breadcrumb":{"@id":"https:\/\/fahrerlaubnisnetz.com\/product\/buy-a-real-slovakian-drivers-license-online\/#breadcrumb"},"inLanguage":"de","potentialAction":[{"@type":"ReadAction","target":["https:\/\/fahrerlaubnisnetz.com\/product\/buy-a-real-slovakian-drivers-license-online\/"]}]},{"@type":"ImageObject","inLanguage":"de","@id":"https:\/\/fahrerlaubnisnetz.com\/product\/buy-a-real-slovakian-drivers-license-online\/#primaryimage","url":"https:\/\/fahrerlaubnisnetz.com\/wp-content\/uploads\/2025\/03\/image_2025-03-20_120621402.png","contentUrl":"https:\/\/fahrerlaubnisnetz.com\/wp-content\/uploads\/2025\/03\/image_2025-03-20_120621402.png","width":991,"height":620,"caption":"slovakian driving license, slovakian drivers license, drivers license online, slovakian drivers license photos, original driving license, fake driving license"},{"@type":"BreadcrumbList","@id":"https:\/\/fahrerlaubnisnetz.com\/product\/buy-a-real-slovakian-drivers-license-online\/#breadcrumb","itemListElement":[{"@type":"ListItem","position":1,"name":"Home","item":"https:\/\/fahrerlaubnisnetz.com\/"},{"@type":"ListItem","position":2,"name":"All Services","item":"https:\/\/fahrerlaubnisnetz.com\/shop\/"},{"@type":"ListItem","position":3,"name":"Buy a real Slovakian drivers license Online"}]},{"@type":"WebSite","@id":"https:\/\/fahrerlaubnisnetz.com\/#website","url":"https:\/\/fahrerlaubnisnetz.com\/","name":"FAHRERLAUBNIS NETZ","description":"Kaufen Sie den Original-F\u00fchrerschein oder Reisepass online","publisher":{"@id":"https:\/\/fahrerlaubnisnetz.com\/#organization"},"alternateName":"DRIVER'S LICENSE NETWORK","potentialAction":[{"@type":"SearchAction","target":{"@type":"EntryPoint","urlTemplate":"https:\/\/fahrerlaubnisnetz.com\/?s={search_term_string}"},"query-input":{"@type":"PropertyValueSpecification","valueRequired":true,"valueName":"search_term_string"}}],"inLanguage":"de"},{"@type":"Organization","@id":"https:\/\/fahrerlaubnisnetz.com\/#organization","name":"FAHRERLAUBNIS NETZ","alternateName":"DRIVER'S LICENSE NETWORK","url":"https:\/\/fahrerlaubnisnetz.com\/","logo":{"@type":"ImageObject","inLanguage":"de","@id":"https:\/\/fahrerlaubnisnetz.com\/#\/schema\/logo\/image\/","url":"https:\/\/fahrerlaubnisnetz.com\/wp-content\/uploads\/2025\/03\/image_2025-03-21_162823337.png","contentUrl":"https:\/\/fahrerlaubnisnetz.com\/wp-content\/uploads\/2025\/03\/image_2025-03-21_162823337.png","width":590,"height":288,"caption":"FAHRERLAUBNIS NETZ"},"image":{"@id":"https:\/\/fahrerlaubnisnetz.com\/#\/schema\/logo\/image\/"}}]}},"_links":{"self":[{"href":"https:\/\/fahrerlaubnisnetz.com\/de\/wp-json\/wp\/v2\/product\/2273","targetHints":{"allow":["GET"]}}],"collection":[{"href":"https:\/\/fahrerlaubnisnetz.com\/de\/wp-json\/wp\/v2\/product"}],"about":[{"href":"https:\/\/fahrerlaubnisnetz.com\/de\/wp-json\/wp\/v2\/types\/product"}],"replies":[{"embeddable":true,"href":"https:\/\/fahrerlaubnisnetz.com\/de\/wp-json\/wp\/v2\/comments?post=2273"}],"wp:featuredmedia":[{"embeddable":true,"href":"https:\/\/fahrerlaubnisnetz.com\/de\/wp-json\/wp\/v2\/media\/2274"}],"wp:attachment":[{"href":"https:\/\/fahrerlaubnisnetz.com\/de\/wp-json\/wp\/v2\/media?parent=2273"}],"wp:term":[{"taxonomy":"product_brand","embeddable":true,"href":"https:\/\/fahrerlaubnisnetz.com\/de\/wp-json\/wp\/v2\/product_brand?post=2273"},{"taxonomy":"product_cat","embeddable":true,"href":"https:\/\/fahrerlaubnisnetz.com\/de\/wp-json\/wp\/v2\/product_cat?post=2273"},{"taxonomy":"product_tag","embeddable":true,"href":"https:\/\/fahrerlaubnisnetz.com\/de\/wp-json\/wp\/v2\/product_tag?post=2273"}],"curies":[{"name":"wp","href":"https:\/\/api.w.org\/{rel}","templated":true}]}}