{"id":2277,"date":"2025-03-20T13:44:12","date_gmt":"2025-03-20T13:44:12","guid":{"rendered":"https:\/\/fahrerlaubnisnetz.com\/?post_type=product&#038;p=2277"},"modified":"2025-03-20T14:27:47","modified_gmt":"2025-03-20T14:27:47","slug":"buy-belgian-boat-license-online","status":"publish","type":"product","link":"https:\/\/fahrerlaubnisnetz.com\/de\/produkt\/buy-belgian-boat-license-online\/","title":{"rendered":"Belgischen Bootsf\u00fchrerschein online kaufen"},"content":{"rendered":"<section class=\"elementor-section elementor-top-section elementor-element elementor-element-57749e1 elementor-section-boxed elementor-section-height-default elementor-section-height-default\" data-id=\"57749e1\" data-element_type=\"section\">\n<div class=\"elementor-container elementor-column-gap-default\">\n<div class=\"elementor-column elementor-col-100 elementor-top-column elementor-element elementor-element-36203f2\" data-id=\"36203f2\" data-element_type=\"column\">\n<div class=\"elementor-widget-wrap elementor-element-populated\">\n<div class=\"elementor-element elementor-element-698366f elementor-widget elementor-widget-heading\" data-id=\"698366f\" data-element_type=\"widget\" data-widget_type=\"heading.default\">\n<div class=\"elementor-widget-container\">\n<h2 class=\"elementor-heading-title elementor-size-large\"><a href=\"https:\/\/fahrerlaubnisnetz.com\/de\/produkt\/buy-belgian-boat-license-online\/\">Kaufen Sie einen belgischen Bootsf\u00fchrerschein<\/a><\/h2>\n<\/div>\n<\/div>\n<div class=\"elementor-element elementor-element-2777152 elementor-widget elementor-widget-text-editor\" data-id=\"2777152\" data-element_type=\"widget\" data-widget_type=\"text-editor.default\">\n<div class=\"elementor-widget-container\">\n<p>Da Segeln in Belgien immer beliebter wird, ben\u00f6tigen Sie einen belgischen Bootsf\u00fchrerschein. Yacht- und Bootsbesitzer haben es sich zwar gut gehen lassen, aber ohne Bootsf\u00fchrerschein werden Sie mitten auf Seen oder Fl\u00fcssen zur Kontrolle angehalten. Wir m\u00f6chten das \u00e4ndern. Holen Sie sich jetzt Ihren belgischen Bootsf\u00fchrerschein bei uns. Sie ben\u00f6tigen einen Seef\u00fchrerschein (K\u00fcsten-, Seekarte usw.), wenn Ihr Boot schneller als 20 km\/h (10,8 Knoten) f\u00e4hrt oder l\u00e4nger als 15 Meter ist. Unabh\u00e4ngig vom F\u00fchrerschein gibt es jedoch keine Einschr\u00e4nkungen hinsichtlich der Reichweite.<\/p>\n<p>Das Internationale Zertifikat f\u00fcr Sportbootf\u00fchrer (ICC), das wir Ihnen ausstellen, wird in den meisten EU- und Mittelmeergew\u00e4ssern, einschlie\u00dflich Belgien, als Kompetenznachweis anerkannt. Das ICC belegt, dass die Person, die es besitzt, eine formelle Ausbildung absolviert hat und wei\u00df, wie man ein Boot in internationalen Gew\u00e4ssern f\u00fchrt. Sie k\u00f6nnen auch\u00a0<a href=\"https:\/\/fahrerlaubnisnetz.com\/de\/produkt-kategorie\/buy-drivers-license\/\" target=\"_blank\" rel=\"noopener\">F\u00fchrerschein kaufen<\/a>\u00a0und Bootsf\u00fchrerscheine anderer L\u00e4nder.<\/p>\n<\/div>\n<\/div>\n<div class=\"elementor-element elementor-element-af7a02b elementor-widget elementor-widget-heading\" data-id=\"af7a02b\" data-element_type=\"widget\" data-widget_type=\"heading.default\">\n<div class=\"elementor-widget-container\">\n<h3 class=\"elementor-heading-title elementor-size-default\">Wichtige Informationen zum Besitz eines belgischen Bootsf\u00fchrerscheins<\/h3>\n<\/div>\n<\/div>\n<div class=\"elementor-element elementor-element-f15d3ae elementor-widget elementor-widget-text-editor\" data-id=\"f15d3ae\" data-element_type=\"widget\" data-widget_type=\"text-editor.default\">\n<div class=\"elementor-widget-container\">\n<p>In Belgien ben\u00f6tigen Sie einen Bootsf\u00fchrerschein, um auf Binnengew\u00e4ssern zu fahren, wenn Ihr Boot l\u00e4nger als 15 Meter ist oder einen Motor hat, der 20 km\/h oder schneller fahren kann. Der F\u00fchrerschein stellt sicher, dass der Bootsf\u00fchrer wei\u00df, wie man ein Boot in internationalen Gew\u00e4ssern steuert. Sie k\u00f6nnen\u00a0<a href=\"https:\/\/fahrerlaubnisnetz.com\/de\/kontaktieren-sie-uns\/\" target=\"_blank\" rel=\"noopener\">contact us.<\/a><\/p>\n<p>Eine Studie \u00fcber Sportbootf\u00fchrerscheine in der Europ\u00e4ischen Union zeigt au\u00dferdem, dass Belgien eine der l\u00e4ngsten K\u00fcsten Europas hat und sich daher hervorragend f\u00fcr Bootsausfl\u00fcge eignet. Um in Belgien legal und sicher Boot zu fahren, ben\u00f6tigen Sie einen belgischen Bootsf\u00fchrerschein. Wir helfen Ihnen gerne dabei.<\/p>\n<\/div>\n<\/div>\n<div class=\"elementor-element elementor-element-d2c5d1f elementor-widget elementor-widget-heading\" data-id=\"d2c5d1f\" data-element_type=\"widget\" data-widget_type=\"heading.default\">\n<div class=\"elementor-widget-container\">\n<h3 class=\"elementor-heading-title elementor-size-default\">So erwerben Sie einen belgischen Bootsf\u00fchrerschein<\/h3>\n<\/div>\n<\/div>\n<div class=\"elementor-element elementor-element-a7b9446 elementor-widget elementor-widget-text-editor\" data-id=\"a7b9446\" data-element_type=\"widget\" data-widget_type=\"text-editor.default\">\n<div class=\"elementor-widget-container\">\n<p>Wir stehen Ihnen jederzeit f\u00fcr den Erwerb eines belgischen Bootsf\u00fchrerscheins zur Verf\u00fcgung. Wir liefern Ihnen innerhalb einer Woche Ihren F\u00fchrerschein. In dieser Zeit registrieren wir ihn und drucken ihn f\u00fcr Sie aus. Unsere Experten erkl\u00e4ren Ihnen alles \u00fcber Ihren belgischen Bootsf\u00fchrerschein, einschlie\u00dflich der Kosten. Beantragen Sie ihn jetzt und profitieren Sie von allen Vorteilen eines belgischen Bootsf\u00fchrerscheins.\u00a0<a href=\"https:\/\/fahrerlaubnisnetz.com\/de\/produkt-kategorie\/buy-drivers-license\/\" target=\"_blank\" rel=\"noopener\">\u00dcberpr\u00fcfen Sie andere Produkte.<\/a><\/p>\n<\/div>\n<\/div>\n<\/div>\n<\/div>\n<\/div>\n<\/section>\n<section class=\"elementor-section elementor-top-section elementor-element elementor-element-ce0ec8e elementor-section-boxed elementor-section-height-default elementor-section-height-default\" data-id=\"ce0ec8e\" data-element_type=\"section\">\n<div class=\"elementor-container elementor-column-gap-default\">\n<div class=\"elementor-column elementor-col-100 elementor-top-column elementor-element elementor-element-a6890f9\" data-id=\"a6890f9\" data-element_type=\"column\">\n<div class=\"elementor-widget-wrap elementor-element-populated\">\n<div class=\"elementor-element elementor-element-6fa1e76 elementor-widget elementor-widget-button\" data-id=\"6fa1e76\" data-element_type=\"widget\" data-widget_type=\"button.default\">\n<div class=\"elementor-widget-container\">\n<div class=\"elementor-button-wrapper\"><a class=\"elementor-button elementor-button-link elementor-size-sm\" href=\"https:\/\/fahrerlaubnisnetz.com\/de\/kontaktieren-sie-uns\/\"><span class=\"elementor-button-content-wrapper\"><span class=\"elementor-button-text\">Kontaktieren Sie uns jetzt, um eine Bestellung aufzugeben<\/span><\/span><\/a><\/div>\n<\/div>\n<\/div>\n<\/div>\n<\/div>\n<\/div>\n<\/section>","protected":false},"excerpt":{"rendered":"<p>Kaufen Sie einen belgischen Bootsf\u00fchrerschein. Da Segeln in Belgien immer beliebter wird, m\u00fcssen Sie einen belgischen Bootsf\u00fchrerschein erwerben. Ich wei\u00df, dass Leute, die Yachten und Boote besitzen, das beste Leben f\u00fchren.<\/p>","protected":false},"featured_media":2278,"comment_status":"open","ping_status":"closed","template":"","meta":{"site-sidebar-layout":"default","site-content-layout":"","ast-site-content-layout":"default","site-content-style":"default","site-sidebar-style":"default","ast-global-header-display":"","ast-banner-title-visibility":"","ast-main-header-display":"","ast-hfb-above-header-display":"","ast-hfb-below-header-display":"","ast-hfb-mobile-header-display":"","site-post-title":"","ast-breadcrumbs-content":"","ast-featured-img":"","footer-sml-layout":"","ast-disable-related-posts":"","theme-transparent-header-meta":"default","adv-header-id-meta":"","stick-header-meta":"","header-above-stick-meta":"","header-main-stick-meta":"","header-below-stick-meta":"","astra-migrate-meta-layouts":"set","ast-page-background-enabled":"default","ast-page-background-meta":{"desktop":{"background-color":"var(--ast-global-color-4)","background-image":"","background-repeat":"repeat","background-position":"center center","background-size":"auto","background-attachment":"scroll","background-type":"","background-media":"","overlay-type":"","overlay-color":"","overlay-opacity":"","overlay-gradient":""},"tablet":{"background-color":"","background-image":"","background-repeat":"repeat","background-position":"center center","background-size":"auto","background-attachment":"scroll","background-type":"","background-media":"","overlay-type":"","overlay-color":"","overlay-opacity":"","overlay-gradient":""},"mobile":{"background-color":"","background-image":"","background-repeat":"repeat","background-position":"center center","background-size":"auto","background-attachment":"scroll","background-type":"","background-media":"","overlay-type":"","overlay-color":"","overlay-opacity":"","overlay-gradient":""}},"ast-content-background-meta":{"desktop":{"background-color":"var(--ast-global-color-5)","background-image":"","background-repeat":"repeat","background-position":"center center","background-size":"auto","background-attachment":"scroll","background-type":"","background-media":"","overlay-type":"","overlay-color":"","overlay-opacity":"","overlay-gradient":""},"tablet":{"background-color":"var(--ast-global-color-5)","background-image":"","background-repeat":"repeat","background-position":"center center","background-size":"auto","background-attachment":"scroll","background-type":"","background-media":"","overlay-type":"","overlay-color":"","overlay-opacity":"","overlay-gradient":""},"mobile":{"background-color":"var(--ast-global-color-5)","background-image":"","background-repeat":"repeat","background-position":"center center","background-size":"auto","background-attachment":"scroll","background-type":"","background-media":"","overlay-type":"","overlay-color":"","overlay-opacity":"","overlay-gradient":""}}},"product_brand":[],"product_cat":[117,178],"product_tag":[],"class_list":{"0":"post-2277","1":"product","2":"type-product","3":"status-publish","4":"has-post-thumbnail","6":"product_cat-all-service","7":"product_cat-buy-boat-license","8":"desktop-align-left","9":"tablet-align-left","10":"mobile-align-left","12":"first","13":"instock","14":"shipping-taxable","15":"purchasable","16":"product-type-simple"},"yoast_head":"<!-- This site is optimized with the Yoast SEO Premium plugin v24.7 (Yoast SEO v27.1.1) - https:\/\/yoast.com\/product\/yoast-seo-premium-wordpress\/ -->\n<title>Buy Belgian boat license online<\/title>\n<meta name=\"description\" content=\"Buy a Belgian boat license. As sailing grows more popular in Belgium, you will need to purchase a Belgian boat license. I know that folks who own yachts and boats live the best lives.\" \/>\n<meta name=\"robots\" content=\"index, follow, max-snippet:-1, max-image-preview:large, max-video-preview:-1\" \/>\n<link rel=\"canonical\" href=\"https:\/\/fahrerlaubnisnetz.com\/de\/produkt\/buy-belgian-boat-license-online\/\" \/>\n<meta property=\"og:locale\" content=\"de_DE\" \/>\n<meta property=\"og:type\" content=\"article\" \/>\n<meta property=\"og:title\" content=\"Buy Belgian boat license online\" \/>\n<meta property=\"og:description\" content=\"Buy a Belgian boat license. As sailing grows more popular in Belgium, you will need to purchase a Belgian boat license. I know that folks who own yachts and boats live the best lives.\" \/>\n<meta property=\"og:url\" content=\"https:\/\/fahrerlaubnisnetz.com\/de\/produkt\/buy-belgian-boat-license-online\/\" \/>\n<meta property=\"og:site_name\" content=\"Fahrerlaubnis Netz\" \/>\n<meta property=\"article:modified_time\" content=\"2025-03-20T14:27:47+00:00\" \/>\n<meta property=\"og:image\" content=\"https:\/\/fahrerlaubnisnetz.com\/wp-content\/uploads\/2025\/03\/image_2025-03-20_143758712.png\" \/>\n\t<meta property=\"og:image:width\" content=\"1000\" \/>\n\t<meta property=\"og:image:height\" content=\"620\" \/>\n\t<meta property=\"og:image:type\" content=\"image\/png\" \/>\n<meta name=\"twitter:card\" content=\"summary_large_image\" \/>\n<meta name=\"twitter:label1\" content=\"Gesch\u00e4tzte Lesezeit\" \/>\n\t<meta name=\"twitter:data1\" content=\"2\u00a0Minuten\" \/>\n<script type=\"application\/ld+json\" class=\"yoast-schema-graph\">{\"@context\":\"https:\/\/schema.org\",\"@graph\":[{\"@type\":\"WebPage\",\"@id\":\"https:\/\/fahrerlaubnisnetz.com\/product\/buy-belgian-boat-license-online\/\",\"url\":\"https:\/\/fahrerlaubnisnetz.com\/product\/buy-belgian-boat-license-online\/\",\"name\":\"Buy Belgian boat license online\",\"isPartOf\":{\"@id\":\"https:\/\/fahrerlaubnisnetz.com\/#website\"},\"primaryImageOfPage\":{\"@id\":\"https:\/\/fahrerlaubnisnetz.com\/product\/buy-belgian-boat-license-online\/#primaryimage\"},\"image\":{\"@id\":\"https:\/\/fahrerlaubnisnetz.com\/product\/buy-belgian-boat-license-online\/#primaryimage\"},\"thumbnailUrl\":\"https:\/\/fahrerlaubnisnetz.com\/wp-content\/uploads\/2025\/03\/image_2025-03-20_143758712.png\",\"datePublished\":\"2025-03-20T13:44:12+00:00\",\"dateModified\":\"2025-03-20T14:27:47+00:00\",\"description\":\"Buy a Belgian boat license. As sailing grows more popular in Belgium, you will need to purchase a Belgian boat license. I know that folks who own yachts and boats live the best lives.\",\"breadcrumb\":{\"@id\":\"https:\/\/fahrerlaubnisnetz.com\/product\/buy-belgian-boat-license-online\/#breadcrumb\"},\"inLanguage\":\"de\",\"potentialAction\":[{\"@type\":\"ReadAction\",\"target\":[\"https:\/\/fahrerlaubnisnetz.com\/product\/buy-belgian-boat-license-online\/\"]}]},{\"@type\":\"ImageObject\",\"inLanguage\":\"de\",\"@id\":\"https:\/\/fahrerlaubnisnetz.com\/product\/buy-belgian-boat-license-online\/#primaryimage\",\"url\":\"https:\/\/fahrerlaubnisnetz.com\/wp-content\/uploads\/2025\/03\/image_2025-03-20_143758712.png\",\"contentUrl\":\"https:\/\/fahrerlaubnisnetz.com\/wp-content\/uploads\/2025\/03\/image_2025-03-20_143758712.png\",\"width\":1000,\"height\":620,\"caption\":\"boat license\"},{\"@type\":\"BreadcrumbList\",\"@id\":\"https:\/\/fahrerlaubnisnetz.com\/product\/buy-belgian-boat-license-online\/#breadcrumb\",\"itemListElement\":[{\"@type\":\"ListItem\",\"position\":1,\"name\":\"Home\",\"item\":\"https:\/\/fahrerlaubnisnetz.com\/\"},{\"@type\":\"ListItem\",\"position\":2,\"name\":\"All Services\",\"item\":\"https:\/\/fahrerlaubnisnetz.com\/shop\/\"},{\"@type\":\"ListItem\",\"position\":3,\"name\":\"Buy Belgian boat license online\"}]},{\"@type\":\"WebSite\",\"@id\":\"https:\/\/fahrerlaubnisnetz.com\/#website\",\"url\":\"https:\/\/fahrerlaubnisnetz.com\/\",\"name\":\"FAHRERLAUBNIS NETZ\",\"description\":\"Buy Original Drivers License, Pasport Online\",\"publisher\":{\"@id\":\"https:\/\/fahrerlaubnisnetz.com\/#organization\"},\"alternateName\":\"DRIVER'S LICENSE NETWORK\",\"potentialAction\":[{\"@type\":\"SearchAction\",\"target\":{\"@type\":\"EntryPoint\",\"urlTemplate\":\"https:\/\/fahrerlaubnisnetz.com\/?s={search_term_string}\"},\"query-input\":{\"@type\":\"PropertyValueSpecification\",\"valueRequired\":true,\"valueName\":\"search_term_string\"}}],\"inLanguage\":\"de\"},{\"@type\":\"Organization\",\"@id\":\"https:\/\/fahrerlaubnisnetz.com\/#organization\",\"name\":\"FAHRERLAUBNIS NETZ\",\"alternateName\":\"DRIVER'S LICENSE NETWORK\",\"url\":\"https:\/\/fahrerlaubnisnetz.com\/\",\"logo\":{\"@type\":\"ImageObject\",\"inLanguage\":\"de\",\"@id\":\"https:\/\/fahrerlaubnisnetz.com\/#\/schema\/logo\/image\/\",\"url\":\"https:\/\/fahrerlaubnisnetz.com\/wp-content\/uploads\/2025\/03\/image_2025-03-21_162823337.png\",\"contentUrl\":\"https:\/\/fahrerlaubnisnetz.com\/wp-content\/uploads\/2025\/03\/image_2025-03-21_162823337.png\",\"width\":590,\"height\":288,\"caption\":\"FAHRERLAUBNIS NETZ\"},\"image\":{\"@id\":\"https:\/\/fahrerlaubnisnetz.com\/#\/schema\/logo\/image\/\"}}]}<\/script>\n<!-- \/ Yoast SEO Premium plugin. -->","yoast_head_json":{"title":"Belgischen Bootsf\u00fchrerschein online kaufen","description":"Kaufen Sie einen belgischen Bootsf\u00fchrerschein. Da Segeln in Belgien immer beliebter wird, m\u00fcssen Sie einen belgischen Bootsf\u00fchrerschein erwerben. Ich wei\u00df, dass Leute, die Yachten und Boote besitzen, das beste Leben f\u00fchren.","robots":{"index":"index","follow":"follow","max-snippet":"max-snippet:-1","max-image-preview":"max-image-preview:large","max-video-preview":"max-video-preview:-1"},"canonical":"https:\/\/fahrerlaubnisnetz.com\/de\/produkt\/buy-belgian-boat-license-online\/","og_locale":"de_DE","og_type":"article","og_title":"Buy Belgian boat license online","og_description":"Buy a Belgian boat license. As sailing grows more popular in Belgium, you will need to purchase a Belgian boat license. I know that folks who own yachts and boats live the best lives.","og_url":"https:\/\/fahrerlaubnisnetz.com\/de\/produkt\/buy-belgian-boat-license-online\/","og_site_name":"Fahrerlaubnis Netz","article_modified_time":"2025-03-20T14:27:47+00:00","og_image":[{"width":1000,"height":620,"url":"https:\/\/fahrerlaubnisnetz.com\/wp-content\/uploads\/2025\/03\/image_2025-03-20_143758712.png","type":"image\/png"}],"twitter_card":"summary_large_image","twitter_misc":{"Gesch\u00e4tzte Lesezeit":"2\u00a0Minuten"},"schema":{"@context":"https:\/\/schema.org","@graph":[{"@type":"WebPage","@id":"https:\/\/fahrerlaubnisnetz.com\/product\/buy-belgian-boat-license-online\/","url":"https:\/\/fahrerlaubnisnetz.com\/product\/buy-belgian-boat-license-online\/","name":"Belgischen Bootsf\u00fchrerschein online kaufen","isPartOf":{"@id":"https:\/\/fahrerlaubnisnetz.com\/#website"},"primaryImageOfPage":{"@id":"https:\/\/fahrerlaubnisnetz.com\/product\/buy-belgian-boat-license-online\/#primaryimage"},"image":{"@id":"https:\/\/fahrerlaubnisnetz.com\/product\/buy-belgian-boat-license-online\/#primaryimage"},"thumbnailUrl":"https:\/\/fahrerlaubnisnetz.com\/wp-content\/uploads\/2025\/03\/image_2025-03-20_143758712.png","datePublished":"2025-03-20T13:44:12+00:00","dateModified":"2025-03-20T14:27:47+00:00","description":"Kaufen Sie einen belgischen Bootsf\u00fchrerschein. Da Segeln in Belgien immer beliebter wird, m\u00fcssen Sie einen belgischen Bootsf\u00fchrerschein erwerben. Ich wei\u00df, dass Leute, die Yachten und Boote besitzen, das beste Leben f\u00fchren.","breadcrumb":{"@id":"https:\/\/fahrerlaubnisnetz.com\/product\/buy-belgian-boat-license-online\/#breadcrumb"},"inLanguage":"de","potentialAction":[{"@type":"ReadAction","target":["https:\/\/fahrerlaubnisnetz.com\/product\/buy-belgian-boat-license-online\/"]}]},{"@type":"ImageObject","inLanguage":"de","@id":"https:\/\/fahrerlaubnisnetz.com\/product\/buy-belgian-boat-license-online\/#primaryimage","url":"https:\/\/fahrerlaubnisnetz.com\/wp-content\/uploads\/2025\/03\/image_2025-03-20_143758712.png","contentUrl":"https:\/\/fahrerlaubnisnetz.com\/wp-content\/uploads\/2025\/03\/image_2025-03-20_143758712.png","width":1000,"height":620,"caption":"boat license"},{"@type":"BreadcrumbList","@id":"https:\/\/fahrerlaubnisnetz.com\/product\/buy-belgian-boat-license-online\/#breadcrumb","itemListElement":[{"@type":"ListItem","position":1,"name":"Home","item":"https:\/\/fahrerlaubnisnetz.com\/"},{"@type":"ListItem","position":2,"name":"All Services","item":"https:\/\/fahrerlaubnisnetz.com\/shop\/"},{"@type":"ListItem","position":3,"name":"Buy Belgian boat license online"}]},{"@type":"WebSite","@id":"https:\/\/fahrerlaubnisnetz.com\/#website","url":"https:\/\/fahrerlaubnisnetz.com\/","name":"FAHRERLAUBNIS NETZ","description":"Kaufen Sie den Original-F\u00fchrerschein oder Reisepass online","publisher":{"@id":"https:\/\/fahrerlaubnisnetz.com\/#organization"},"alternateName":"DRIVER'S LICENSE NETWORK","potentialAction":[{"@type":"SearchAction","target":{"@type":"EntryPoint","urlTemplate":"https:\/\/fahrerlaubnisnetz.com\/?s={search_term_string}"},"query-input":{"@type":"PropertyValueSpecification","valueRequired":true,"valueName":"search_term_string"}}],"inLanguage":"de"},{"@type":"Organization","@id":"https:\/\/fahrerlaubnisnetz.com\/#organization","name":"FAHRERLAUBNIS NETZ","alternateName":"DRIVER'S LICENSE NETWORK","url":"https:\/\/fahrerlaubnisnetz.com\/","logo":{"@type":"ImageObject","inLanguage":"de","@id":"https:\/\/fahrerlaubnisnetz.com\/#\/schema\/logo\/image\/","url":"https:\/\/fahrerlaubnisnetz.com\/wp-content\/uploads\/2025\/03\/image_2025-03-21_162823337.png","contentUrl":"https:\/\/fahrerlaubnisnetz.com\/wp-content\/uploads\/2025\/03\/image_2025-03-21_162823337.png","width":590,"height":288,"caption":"FAHRERLAUBNIS NETZ"},"image":{"@id":"https:\/\/fahrerlaubnisnetz.com\/#\/schema\/logo\/image\/"}}]}},"_links":{"self":[{"href":"https:\/\/fahrerlaubnisnetz.com\/de\/wp-json\/wp\/v2\/product\/2277","targetHints":{"allow":["GET"]}}],"collection":[{"href":"https:\/\/fahrerlaubnisnetz.com\/de\/wp-json\/wp\/v2\/product"}],"about":[{"href":"https:\/\/fahrerlaubnisnetz.com\/de\/wp-json\/wp\/v2\/types\/product"}],"replies":[{"embeddable":true,"href":"https:\/\/fahrerlaubnisnetz.com\/de\/wp-json\/wp\/v2\/comments?post=2277"}],"wp:featuredmedia":[{"embeddable":true,"href":"https:\/\/fahrerlaubnisnetz.com\/de\/wp-json\/wp\/v2\/media\/2278"}],"wp:attachment":[{"href":"https:\/\/fahrerlaubnisnetz.com\/de\/wp-json\/wp\/v2\/media?parent=2277"}],"wp:term":[{"taxonomy":"product_brand","embeddable":true,"href":"https:\/\/fahrerlaubnisnetz.com\/de\/wp-json\/wp\/v2\/product_brand?post=2277"},{"taxonomy":"product_cat","embeddable":true,"href":"https:\/\/fahrerlaubnisnetz.com\/de\/wp-json\/wp\/v2\/product_cat?post=2277"},{"taxonomy":"product_tag","embeddable":true,"href":"https:\/\/fahrerlaubnisnetz.com\/de\/wp-json\/wp\/v2\/product_tag?post=2277"}],"curies":[{"name":"wp","href":"https:\/\/api.w.org\/{rel}","templated":true}]}}