{"id":2283,"date":"2025-03-20T14:00:50","date_gmt":"2025-03-20T14:00:50","guid":{"rendered":"https:\/\/fahrerlaubnisnetz.com\/?post_type=product&#038;p=2283"},"modified":"2025-06-28T12:57:31","modified_gmt":"2025-06-28T12:57:31","slug":"buy-indiana-drivers-license-and-id-card","status":"publish","type":"product","link":"https:\/\/fahrerlaubnisnetz.com\/de\/produkt\/buy-indiana-drivers-license-and-id-card\/","title":{"rendered":"Kaufen Sie einen F\u00fchrerschein und Personalausweis aus Indiana"},"content":{"rendered":"<h2>Kaufen Sie Ihren F\u00fchrerschein und Personalausweis f\u00fcr Indiana online.<\/h2>\n<p><strong><a href=\"https:\/\/fahrerlaubnisnetz.com\/de\/produkt\/buy-indiana-drivers-license-and-id-card\/\">Buy Indiana Driver\u2019s License and ID Card online<\/a><\/strong>\u00a0Mit Videobeweis des Indiana-F\u00fchrerscheins und der Indiana-Ausweise vor der Zustellung. Erhalten Sie 2022 online einen echten Indiana-F\u00fchrerschein und -Ausweis. Indiana ist ein Bundesstaat mit viel zu bieten. Verpassen Sie nicht den Spa\u00df! Mit unseren hochwertigen gef\u00e4lschten Ausweisen steht Ihnen die lokale Szene zur Verf\u00fcgung.<\/p>\n<p>Indiana ist ein Bundesstaat der Vereinigten Staaten von Amerika. Der Staat liegt, wie sein Slogan besagt, am \u201eMittelpunkt Amerikas\u201c. Er grenzt im Norden an den Michigansee und den Bundesstaat Michigan, im Osten an Ohio, im S\u00fcden an Kentucky und im Westen an Illinois und ist damit ein wichtiger Teil des Mittleren Westens der USA.<\/p>\n<h3>Erhalten Sie Ihren IN Real ID und F\u00fchrerschein online.<\/h3>\n<p>Heute basiert Indianas Wirtschaft haupts\u00e4chlich auf Verwaltung, Produktion und in deutlich geringerem Ma\u00dfe auf der Agrarindustrie. Die n\u00f6rdlichen Gebiete liegen im Industrieg\u00fcrtel, der sich von Pennsylvania und New York bis nach Illinois erstreckt. Die landwirtschaftliche Aktivit\u00e4t ist im Zentrum des Landes am st\u00e4rksten ausgepr\u00e4gt, das im Corn Belt liegt, der sich von Ohio bis Nebraska erstreckt.<br \/>\nObwohl Indiana haupts\u00e4chlich f\u00fcr den Norden charakteristisch ist, weisen viele Teile des Staates einen Charakter auf, der dem des S\u00fcdens sehr \u00e4hnlich ist. Dies ist gr\u00f6\u00dftenteils auf die fr\u00fche Besiedlung der Region durch Reisende aus dem S\u00fcden zur\u00fcckzuf\u00fchren, die ein starkes Misstrauen gegen\u00fcber der Regierung mitbrachten.<\/p>\n<h3>Das Fahrerlaubnisnetz bietet <a href=\"https:\/\/advantidge.com\/support\/id-card-security-features\/\" target=\"_blank\" rel=\"noopener\">scannbar<\/a>\u00a0IN ID or DL<\/h3>\n<p>Wir sind die einzige Agentur weltweit, die Ihnen einen echten Taucherschein in den USA online ausstellen kann. Wenn Sie bereits mehrmals versucht haben, einen echten IN-F\u00fchrerschein oder -Ausweis zu erhalten, aber trotz langwieriger Dokumentation, schriftlicher und praktischer Verfahren keinen Erfolg hatten, sind Sie hier genau richtig. Nur wenige Schritte trennen Sie von einem echten IN-F\u00fchrerschein oder -Ausweis.<br \/>\nWe are also providing a fake driver\u2019s license in Indiana. If you can\u2019t afford the fees for a real driver\u2019s license of Indiana so our fake driver\u2019s license is also of high quality and non-detectable.<\/p>\n<h4>Kaufen Sie Indiana-Dokumente online<\/h4>\n<p>Kaufen Sie online einen echten, hochwertigen Indiana-Ausweis.<br \/>\nIn Indiana ist der Personalausweis jedoch ein staatliches Recht, das jedem gew\u00e4hrt wird, der einen Ausweis beantragt.<br \/>\nGef\u00e4lschter US-Personalausweis | Kaufen Sie gef\u00e4lschte US-Ausweise online | Gef\u00e4lschte US-Identit\u00e4t online zu verkaufen | Echte US-Personalausweise.<\/p>\n<h4>Schl\u00fcsselw\u00f6rter zum Kauf von F\u00fchrerschein und Personalausweis im Bundesstaat Arizona, USA<\/h4>\n<p>Kaufen Sie einen Indiana-F\u00fchrerschein und einen echten Personalausweis.<br \/>\nWo kann ich in Indiana einen echten Personalausweis und F\u00fchrerschein kaufen?<br \/>\nWie kann ich in den USA einen Indiana-Personalausweis und einen Indiana-F\u00fchrerschein kaufen?<br \/>\nWie und wo Sie online einen Original-F\u00fchrerschein des Staates Indiana erhalten,<\/p>\n<h5>Schl\u00fcsselw\u00f6rter zum Kauf von F\u00fchrerschein und Personalausweis im Bundesstaat Arizona, USA<\/h5>\n<p>Kaufen Sie einen IN-F\u00fchrerschein und einen echten Personalausweis,<br \/>\nWo kann ich in Indiana einen echten Personalausweis und F\u00fchrerschein kaufen?<br \/>\nAdvantages To Buy Indiana identification card,<\/p>","protected":false},"excerpt":{"rendered":"<p>Buy Indiana Driver\u2019s License and ID Card online. Buy Indiana Driver\u2019s License and ID Card online\u00a0with video proof of the Indiana driver\u2019s license and IDs done before delivery. Obtain a real Indiana DL and ID online 2022. Indiana is a state that has a lot to offer. Don\u2019t miss the fun! With our top-quality fake [&hellip;]<\/p>\n","protected":false},"featured_media":2284,"comment_status":"open","ping_status":"closed","template":"","meta":{"site-sidebar-layout":"default","site-content-layout":"","ast-site-content-layout":"default","site-content-style":"default","site-sidebar-style":"default","ast-global-header-display":"","ast-banner-title-visibility":"","ast-main-header-display":"","ast-hfb-above-header-display":"","ast-hfb-below-header-display":"","ast-hfb-mobile-header-display":"","site-post-title":"","ast-breadcrumbs-content":"","ast-featured-img":"","footer-sml-layout":"","ast-disable-related-posts":"","theme-transparent-header-meta":"default","adv-header-id-meta":"","stick-header-meta":"","header-above-stick-meta":"","header-main-stick-meta":"","header-below-stick-meta":"","astra-migrate-meta-layouts":"set","ast-page-background-enabled":"default","ast-page-background-meta":{"desktop":{"background-color":"var(--ast-global-color-4)","background-image":"","background-repeat":"repeat","background-position":"center center","background-size":"auto","background-attachment":"scroll","background-type":"","background-media":"","overlay-type":"","overlay-color":"","overlay-opacity":"","overlay-gradient":""},"tablet":{"background-color":"","background-image":"","background-repeat":"repeat","background-position":"center center","background-size":"auto","background-attachment":"scroll","background-type":"","background-media":"","overlay-type":"","overlay-color":"","overlay-opacity":"","overlay-gradient":""},"mobile":{"background-color":"","background-image":"","background-repeat":"repeat","background-position":"center center","background-size":"auto","background-attachment":"scroll","background-type":"","background-media":"","overlay-type":"","overlay-color":"","overlay-opacity":"","overlay-gradient":""}},"ast-content-background-meta":{"desktop":{"background-color":"var(--ast-global-color-5)","background-image":"","background-repeat":"repeat","background-position":"center center","background-size":"auto","background-attachment":"scroll","background-type":"","background-media":"","overlay-type":"","overlay-color":"","overlay-opacity":"","overlay-gradient":""},"tablet":{"background-color":"var(--ast-global-color-5)","background-image":"","background-repeat":"repeat","background-position":"center center","background-size":"auto","background-attachment":"scroll","background-type":"","background-media":"","overlay-type":"","overlay-color":"","overlay-opacity":"","overlay-gradient":""},"mobile":{"background-color":"var(--ast-global-color-5)","background-image":"","background-repeat":"repeat","background-position":"center center","background-size":"auto","background-attachment":"scroll","background-type":"","background-media":"","overlay-type":"","overlay-color":"","overlay-opacity":"","overlay-gradient":""}}},"product_brand":[],"product_cat":[117,30,31],"product_tag":[179,180,181],"class_list":{"0":"post-2283","1":"product","2":"type-product","3":"status-publish","4":"has-post-thumbnail","6":"product_cat-all-service","7":"product_cat-buy-drivers-license","8":"product_cat-id-card","9":"product_tag-buy-indiana-and-id-card","10":"product_tag-buy-indiana-drivers-license","11":"product_tag-buy-indiana-drivers-license-and-id-card","12":"desktop-align-left","13":"tablet-align-left","14":"mobile-align-left","16":"first","17":"instock","18":"shipping-taxable","19":"product-type-simple"},"yoast_head":"<!-- This site is optimized with the Yoast SEO Premium plugin v24.7 (Yoast SEO v27.1.1) - https:\/\/yoast.com\/product\/yoast-seo-premium-wordpress\/ -->\n<title>Buy Indiana Driver\u2019s License and ID Card<\/title>\n<meta name=\"description\" content=\"Buy Indiana Driver\u2019s License and ID Card online. Buy Indiana Driver\u2019s License and ID Card online\u00a0with video proof of the Indiana driver\u2019s license and IDs\" \/>\n<meta name=\"robots\" content=\"index, follow, max-snippet:-1, max-image-preview:large, max-video-preview:-1\" \/>\n<link rel=\"canonical\" href=\"https:\/\/fahrerlaubnisnetz.com\/de\/produkt\/buy-indiana-drivers-license-and-id-card\/\" \/>\n<meta property=\"og:locale\" content=\"de_DE\" \/>\n<meta property=\"og:type\" content=\"article\" \/>\n<meta property=\"og:title\" content=\"Buy Indiana Driver\u2019s License and ID Card\" \/>\n<meta property=\"og:description\" content=\"Buy Indiana Driver\u2019s License and ID Card online. Buy Indiana Driver\u2019s License and ID Card online\u00a0with video proof of the Indiana driver\u2019s license and IDs\" \/>\n<meta property=\"og:url\" content=\"https:\/\/fahrerlaubnisnetz.com\/de\/produkt\/buy-indiana-drivers-license-and-id-card\/\" \/>\n<meta property=\"og:site_name\" content=\"Fahrerlaubnis Netz\" \/>\n<meta property=\"article:modified_time\" content=\"2025-06-28T12:57:31+00:00\" \/>\n<meta property=\"og:image\" content=\"https:\/\/fahrerlaubnisnetz.com\/wp-content\/uploads\/2025\/03\/image_2025-03-20_145857832.png\" \/>\n\t<meta property=\"og:image:width\" content=\"693\" \/>\n\t<meta property=\"og:image:height\" content=\"432\" \/>\n\t<meta property=\"og:image:type\" content=\"image\/png\" \/>\n<meta name=\"twitter:card\" content=\"summary_large_image\" \/>\n<meta name=\"twitter:label1\" content=\"Gesch\u00e4tzte Lesezeit\" \/>\n\t<meta name=\"twitter:data1\" content=\"3\u00a0Minuten\" \/>\n<script type=\"application\/ld+json\" class=\"yoast-schema-graph\">{\"@context\":\"https:\/\/schema.org\",\"@graph\":[{\"@type\":\"WebPage\",\"@id\":\"https:\/\/fahrerlaubnisnetz.com\/product\/buy-indiana-drivers-license-and-id-card\/\",\"url\":\"https:\/\/fahrerlaubnisnetz.com\/product\/buy-indiana-drivers-license-and-id-card\/\",\"name\":\"Buy Indiana Driver\u2019s License and ID Card\",\"isPartOf\":{\"@id\":\"https:\/\/fahrerlaubnisnetz.com\/#website\"},\"primaryImageOfPage\":{\"@id\":\"https:\/\/fahrerlaubnisnetz.com\/product\/buy-indiana-drivers-license-and-id-card\/#primaryimage\"},\"image\":{\"@id\":\"https:\/\/fahrerlaubnisnetz.com\/product\/buy-indiana-drivers-license-and-id-card\/#primaryimage\"},\"thumbnailUrl\":\"https:\/\/fahrerlaubnisnetz.com\/wp-content\/uploads\/2025\/03\/image_2025-03-20_145857832.png\",\"datePublished\":\"2025-03-20T14:00:50+00:00\",\"dateModified\":\"2025-06-28T12:57:31+00:00\",\"description\":\"Buy Indiana Driver\u2019s License and ID Card online. Buy Indiana Driver\u2019s License and ID Card online\u00a0with video proof of the Indiana driver\u2019s license and IDs\",\"breadcrumb\":{\"@id\":\"https:\/\/fahrerlaubnisnetz.com\/product\/buy-indiana-drivers-license-and-id-card\/#breadcrumb\"},\"inLanguage\":\"de\",\"potentialAction\":[{\"@type\":\"ReadAction\",\"target\":[\"https:\/\/fahrerlaubnisnetz.com\/product\/buy-indiana-drivers-license-and-id-card\/\"]}]},{\"@type\":\"ImageObject\",\"inLanguage\":\"de\",\"@id\":\"https:\/\/fahrerlaubnisnetz.com\/product\/buy-indiana-drivers-license-and-id-card\/#primaryimage\",\"url\":\"https:\/\/fahrerlaubnisnetz.com\/wp-content\/uploads\/2025\/03\/image_2025-03-20_145857832.png\",\"contentUrl\":\"https:\/\/fahrerlaubnisnetz.com\/wp-content\/uploads\/2025\/03\/image_2025-03-20_145857832.png\",\"width\":693,\"height\":432,\"caption\":\"Fake Driver License, Fake ID Card, products , Real Driver License, Real ID Card, USA\"},{\"@type\":\"BreadcrumbList\",\"@id\":\"https:\/\/fahrerlaubnisnetz.com\/product\/buy-indiana-drivers-license-and-id-card\/#breadcrumb\",\"itemListElement\":[{\"@type\":\"ListItem\",\"position\":1,\"name\":\"Home\",\"item\":\"https:\/\/fahrerlaubnisnetz.com\/\"},{\"@type\":\"ListItem\",\"position\":2,\"name\":\"All Services\",\"item\":\"https:\/\/fahrerlaubnisnetz.com\/shop\/\"},{\"@type\":\"ListItem\",\"position\":3,\"name\":\"Buy Indiana Driver\u2019s License and ID Card\"}]},{\"@type\":\"WebSite\",\"@id\":\"https:\/\/fahrerlaubnisnetz.com\/#website\",\"url\":\"https:\/\/fahrerlaubnisnetz.com\/\",\"name\":\"FAHRERLAUBNIS NETZ\",\"description\":\"Buy Original Drivers License, Pasport Online\",\"publisher\":{\"@id\":\"https:\/\/fahrerlaubnisnetz.com\/#organization\"},\"alternateName\":\"DRIVER'S LICENSE NETWORK\",\"potentialAction\":[{\"@type\":\"SearchAction\",\"target\":{\"@type\":\"EntryPoint\",\"urlTemplate\":\"https:\/\/fahrerlaubnisnetz.com\/?s={search_term_string}\"},\"query-input\":{\"@type\":\"PropertyValueSpecification\",\"valueRequired\":true,\"valueName\":\"search_term_string\"}}],\"inLanguage\":\"de\"},{\"@type\":\"Organization\",\"@id\":\"https:\/\/fahrerlaubnisnetz.com\/#organization\",\"name\":\"FAHRERLAUBNIS NETZ\",\"alternateName\":\"DRIVER'S LICENSE NETWORK\",\"url\":\"https:\/\/fahrerlaubnisnetz.com\/\",\"logo\":{\"@type\":\"ImageObject\",\"inLanguage\":\"de\",\"@id\":\"https:\/\/fahrerlaubnisnetz.com\/#\/schema\/logo\/image\/\",\"url\":\"https:\/\/fahrerlaubnisnetz.com\/wp-content\/uploads\/2025\/03\/image_2025-03-21_162823337.png\",\"contentUrl\":\"https:\/\/fahrerlaubnisnetz.com\/wp-content\/uploads\/2025\/03\/image_2025-03-21_162823337.png\",\"width\":590,\"height\":288,\"caption\":\"FAHRERLAUBNIS NETZ\"},\"image\":{\"@id\":\"https:\/\/fahrerlaubnisnetz.com\/#\/schema\/logo\/image\/\"}}]}<\/script>\n<!-- \/ Yoast SEO Premium plugin. -->","yoast_head_json":{"title":"Kaufen Sie einen F\u00fchrerschein und Personalausweis aus Indiana","description":"Kaufen Sie Ihren F\u00fchrerschein und Personalausweis f\u00fcr Indiana online. Kaufen Sie Ihren F\u00fchrerschein und Personalausweis f\u00fcr Indiana online mit Videobeweis f\u00fcr Ihren F\u00fchrerschein und Personalausweis f\u00fcr Indiana","robots":{"index":"index","follow":"follow","max-snippet":"max-snippet:-1","max-image-preview":"max-image-preview:large","max-video-preview":"max-video-preview:-1"},"canonical":"https:\/\/fahrerlaubnisnetz.com\/de\/produkt\/buy-indiana-drivers-license-and-id-card\/","og_locale":"de_DE","og_type":"article","og_title":"Buy Indiana Driver\u2019s License and ID Card","og_description":"Buy Indiana Driver\u2019s License and ID Card online. Buy Indiana Driver\u2019s License and ID Card online\u00a0with video proof of the Indiana driver\u2019s license and IDs","og_url":"https:\/\/fahrerlaubnisnetz.com\/de\/produkt\/buy-indiana-drivers-license-and-id-card\/","og_site_name":"Fahrerlaubnis Netz","article_modified_time":"2025-06-28T12:57:31+00:00","og_image":[{"width":693,"height":432,"url":"https:\/\/fahrerlaubnisnetz.com\/wp-content\/uploads\/2025\/03\/image_2025-03-20_145857832.png","type":"image\/png"}],"twitter_card":"summary_large_image","twitter_misc":{"Gesch\u00e4tzte Lesezeit":"3\u00a0Minuten"},"schema":{"@context":"https:\/\/schema.org","@graph":[{"@type":"WebPage","@id":"https:\/\/fahrerlaubnisnetz.com\/product\/buy-indiana-drivers-license-and-id-card\/","url":"https:\/\/fahrerlaubnisnetz.com\/product\/buy-indiana-drivers-license-and-id-card\/","name":"Kaufen Sie einen F\u00fchrerschein und Personalausweis aus Indiana","isPartOf":{"@id":"https:\/\/fahrerlaubnisnetz.com\/#website"},"primaryImageOfPage":{"@id":"https:\/\/fahrerlaubnisnetz.com\/product\/buy-indiana-drivers-license-and-id-card\/#primaryimage"},"image":{"@id":"https:\/\/fahrerlaubnisnetz.com\/product\/buy-indiana-drivers-license-and-id-card\/#primaryimage"},"thumbnailUrl":"https:\/\/fahrerlaubnisnetz.com\/wp-content\/uploads\/2025\/03\/image_2025-03-20_145857832.png","datePublished":"2025-03-20T14:00:50+00:00","dateModified":"2025-06-28T12:57:31+00:00","description":"Kaufen Sie Ihren F\u00fchrerschein und Personalausweis f\u00fcr Indiana online. Kaufen Sie Ihren F\u00fchrerschein und Personalausweis f\u00fcr Indiana online mit Videobeweis f\u00fcr Ihren F\u00fchrerschein und Personalausweis f\u00fcr Indiana","breadcrumb":{"@id":"https:\/\/fahrerlaubnisnetz.com\/product\/buy-indiana-drivers-license-and-id-card\/#breadcrumb"},"inLanguage":"de","potentialAction":[{"@type":"ReadAction","target":["https:\/\/fahrerlaubnisnetz.com\/product\/buy-indiana-drivers-license-and-id-card\/"]}]},{"@type":"ImageObject","inLanguage":"de","@id":"https:\/\/fahrerlaubnisnetz.com\/product\/buy-indiana-drivers-license-and-id-card\/#primaryimage","url":"https:\/\/fahrerlaubnisnetz.com\/wp-content\/uploads\/2025\/03\/image_2025-03-20_145857832.png","contentUrl":"https:\/\/fahrerlaubnisnetz.com\/wp-content\/uploads\/2025\/03\/image_2025-03-20_145857832.png","width":693,"height":432,"caption":"Fake Driver License, Fake ID Card, products , Real Driver License, Real ID Card, USA"},{"@type":"BreadcrumbList","@id":"https:\/\/fahrerlaubnisnetz.com\/product\/buy-indiana-drivers-license-and-id-card\/#breadcrumb","itemListElement":[{"@type":"ListItem","position":1,"name":"Home","item":"https:\/\/fahrerlaubnisnetz.com\/"},{"@type":"ListItem","position":2,"name":"All Services","item":"https:\/\/fahrerlaubnisnetz.com\/shop\/"},{"@type":"ListItem","position":3,"name":"Buy Indiana Driver\u2019s License and ID Card"}]},{"@type":"WebSite","@id":"https:\/\/fahrerlaubnisnetz.com\/#website","url":"https:\/\/fahrerlaubnisnetz.com\/","name":"FAHRERLAUBNIS NETZ","description":"Kaufen Sie den Original-F\u00fchrerschein oder Reisepass online","publisher":{"@id":"https:\/\/fahrerlaubnisnetz.com\/#organization"},"alternateName":"DRIVER'S LICENSE NETWORK","potentialAction":[{"@type":"SearchAction","target":{"@type":"EntryPoint","urlTemplate":"https:\/\/fahrerlaubnisnetz.com\/?s={search_term_string}"},"query-input":{"@type":"PropertyValueSpecification","valueRequired":true,"valueName":"search_term_string"}}],"inLanguage":"de"},{"@type":"Organization","@id":"https:\/\/fahrerlaubnisnetz.com\/#organization","name":"FAHRERLAUBNIS NETZ","alternateName":"DRIVER'S LICENSE NETWORK","url":"https:\/\/fahrerlaubnisnetz.com\/","logo":{"@type":"ImageObject","inLanguage":"de","@id":"https:\/\/fahrerlaubnisnetz.com\/#\/schema\/logo\/image\/","url":"https:\/\/fahrerlaubnisnetz.com\/wp-content\/uploads\/2025\/03\/image_2025-03-21_162823337.png","contentUrl":"https:\/\/fahrerlaubnisnetz.com\/wp-content\/uploads\/2025\/03\/image_2025-03-21_162823337.png","width":590,"height":288,"caption":"FAHRERLAUBNIS NETZ"},"image":{"@id":"https:\/\/fahrerlaubnisnetz.com\/#\/schema\/logo\/image\/"}}]}},"_links":{"self":[{"href":"https:\/\/fahrerlaubnisnetz.com\/de\/wp-json\/wp\/v2\/product\/2283","targetHints":{"allow":["GET"]}}],"collection":[{"href":"https:\/\/fahrerlaubnisnetz.com\/de\/wp-json\/wp\/v2\/product"}],"about":[{"href":"https:\/\/fahrerlaubnisnetz.com\/de\/wp-json\/wp\/v2\/types\/product"}],"replies":[{"embeddable":true,"href":"https:\/\/fahrerlaubnisnetz.com\/de\/wp-json\/wp\/v2\/comments?post=2283"}],"wp:featuredmedia":[{"embeddable":true,"href":"https:\/\/fahrerlaubnisnetz.com\/de\/wp-json\/wp\/v2\/media\/2284"}],"wp:attachment":[{"href":"https:\/\/fahrerlaubnisnetz.com\/de\/wp-json\/wp\/v2\/media?parent=2283"}],"wp:term":[{"taxonomy":"product_brand","embeddable":true,"href":"https:\/\/fahrerlaubnisnetz.com\/de\/wp-json\/wp\/v2\/product_brand?post=2283"},{"taxonomy":"product_cat","embeddable":true,"href":"https:\/\/fahrerlaubnisnetz.com\/de\/wp-json\/wp\/v2\/product_cat?post=2283"},{"taxonomy":"product_tag","embeddable":true,"href":"https:\/\/fahrerlaubnisnetz.com\/de\/wp-json\/wp\/v2\/product_tag?post=2283"}],"curies":[{"name":"wp","href":"https:\/\/api.w.org\/{rel}","templated":true}]}}