{"id":2285,"date":"2025-03-20T14:05:47","date_gmt":"2025-03-20T14:05:47","guid":{"rendered":"https:\/\/fahrerlaubnisnetz.com\/?post_type=product&#038;p=2285"},"modified":"2025-05-24T14:13:34","modified_gmt":"2025-05-24T14:13:34","slug":"so-erhalten-sie-eine-litauische-aufenthaltserlaubnis","status":"publish","type":"product","link":"https:\/\/fahrerlaubnisnetz.com\/de\/produkt\/so-erhalten-sie-eine-litauische-aufenthaltserlaubnis\/","title":{"rendered":"So erhalten Sie eine litauische Aufenthaltserlaubnis"},"content":{"rendered":"<div class=\"elementor-element elementor-element-a3df03d elementor-widget elementor-widget-heading\" data-id=\"a3df03d\" data-element_type=\"widget\" data-widget_type=\"heading.default\">\n<div class=\"elementor-widget-container\">\n<h2 class=\"elementor-heading-title elementor-size-large\">Kaufen Sie eine litauische Aufenthaltserlaubnis,<\/h2>\n<\/div>\n<\/div>\n<div class=\"elementor-element elementor-element-0355ec3 elementor-widget elementor-widget-text-editor\" data-id=\"0355ec3\" data-element_type=\"widget\" data-widget_type=\"text-editor.default\">\n<div class=\"elementor-widget-container\">\n<h3>Erhalten Sie legal eine litauische Aufenthaltserlaubnis<\/h3>\n<p>Wenn Sie einen nahtlosen \u00dcbergang zum Leben in Litauen anstreben, ist der Erwerb eines\u00a0<strong>Litauische unbefristete Aufenthaltserlaubnis<\/strong>\u00a0kann ein strategischer Schritt sein. Bei fahrerlaubnisnetz.com optimieren wir den Prozess und bieten eine unkomplizierte M\u00f6glichkeit, Ihre\u00a0<strong>Lithuanian residency<\/strong>Unser Expertenteam stellt sicher, dass Ihre Genehmigung den gesetzlichen Standards entspricht und stellt Ihnen ein Dokument zur Verf\u00fcgung, das Ihnen die T\u00fcren zu einem neuen Leben in Litauen \u00f6ffnet.<\/p>\n<p>Ich frage mich\u00a0<strong>Kosten der litauischen Staatsb\u00fcrgerschaft<\/strong>? Wir bieten wettbewerbsf\u00e4hige Preise und klare Beratung zu\u00a0<strong>wie man eine Aufenthaltserlaubnis in Litauen bekommt<\/strong>Ob Sie eine vor\u00fcbergehende oder langfristige Aufenthaltserlaubnis suchen, unsere Dienstleistungen sind darauf ausgerichtet, Ihre Bed\u00fcrfnisse effizient zu erf\u00fcllen. Nutzen Sie neue Chancen mit Zuversicht \u2013 kontaktieren Sie uns noch heute, um Ihren Weg zur litauischen Aufenthaltserlaubnis zu beginnen.<\/p>\n<\/div>\n<\/div>\n<div class=\"elementor-element elementor-element-7bbca50 elementor-widget elementor-widget-heading\" data-id=\"7bbca50\" data-element_type=\"widget\" data-widget_type=\"heading.default\">\n<div class=\"elementor-widget-container\">\n<h3 class=\"elementor-heading-title elementor-size-default\">Kaufen Sie eine echte litauische Aufenthaltserlaubnis f\u00fcr einen Umzug nach Litauen.<\/h3>\n<\/div>\n<\/div>\n<div class=\"elementor-element elementor-element-b97b01a elementor-widget elementor-widget-text-editor\" data-id=\"b97b01a\" data-element_type=\"widget\" data-widget_type=\"text-editor.default\">\n<div class=\"elementor-widget-container\">\n<h3>Warum nach Litauen auswandern?<\/h3>\n<p>Es gibt \u00fcberzeugende Gr\u00fcnde, nach Litauen auszuwandern. Ob es die Aussicht auf eine bessere Gesundheitsversorgung und Bildung, attraktive Gesch\u00e4ftsaussichten oder einen h\u00f6heren Lebensstandard ist \u2013 Litauen ist ein attraktives Zielland. \u00dcber 63 % der litauischen Bev\u00f6lkerung blicken zuversichtlich in die eigene Zukunft und 69 % optimistisch in die Zukunft ihrer Kinder. Das Land strahlt also eine positive Stimmung aus.<\/p>\n<p>Warum noch l\u00e4nger warten? Mit all diesen Informationen k\u00f6nnte Ihre litauische Aufenthaltserlaubnis nur noch wenige Tage entfernt sein. Kontaktieren Sie uns noch heute, um den n\u00e4chsten Schritt in Ihr neues Leben in Litauen zu machen.<\/p>\n<p><a href=\"https:\/\/fahrerlaubnisnetz.com\/de\/produkt-kategorie\/aufenthaltserlaubnis\/\">Kaufen Sie bei uns eine EU-Aufenthaltserlaubnis<\/a>.<\/p>\n<\/div>\n<\/div>\n<div class=\"elementor-element elementor-element-f4cc025 elementor-widget elementor-widget-heading\" data-id=\"f4cc025\" data-element_type=\"widget\" data-widget_type=\"heading.default\">\n<div class=\"elementor-widget-container\">\n<h3 class=\"elementor-heading-title elementor-size-default\">Beantragung einer unbefristeten Aufenthaltserlaubnis in Litauen im Jahr 2024<\/h3>\n<\/div>\n<\/div>\n<div class=\"elementor-element elementor-element-3480ad0 elementor-widget elementor-widget-text-editor\" data-id=\"3480ad0\" data-element_type=\"widget\" data-widget_type=\"text-editor.default\">\n<div class=\"elementor-widget-container\">\n<h3>Litauische Aufenthaltsgenehmigungen: Von befristet bis unbefristet<\/h3>\n<p>In Litauen a\u00a0<strong>befristete Aufenthaltserlaubnis<\/strong>\u00a0ist zwei Jahre g\u00fcltig. Ausl\u00e4nder k\u00f6nnen wechseln zu\u00a0<strong>st\u00e4ndiger Wohnsitz<\/strong>\u00a0by demonstrating continuous residence in the country for at least five years. However, there\u2019s always the option to renew the temporary permit if needed.<\/p>\n<p>Warum sich mit einer Erneuerung zufrieden geben, wenn\u00a0<strong>st\u00e4ndiger Wohnsitz<\/strong>\u00a0Kann schnell gesichert werden? Wir k\u00f6nnen diesen Prozess in nur wenigen Tagen durchf\u00fchren. Kontaktieren Sie uns noch heute, um zu erfahren, wie Sie problemlos eine dauerhafte Aufenthaltserlaubnis erhalten k\u00f6nnen.<\/p>\n<\/div>\n<\/div>\n<div class=\"elementor-element elementor-element-eabeb1e elementor-widget elementor-widget-heading\" data-id=\"eabeb1e\" data-element_type=\"widget\" data-widget_type=\"heading.default\">\n<div class=\"elementor-widget-container\">\n<h3 class=\"elementor-heading-title elementor-size-default\">Vorteile einer litauischen Aufenthaltserlaubnis<\/h3>\n<\/div>\n<\/div>\n<div class=\"elementor-element elementor-element-4a8b197 elementor-widget elementor-widget-text-editor\" data-id=\"4a8b197\" data-element_type=\"widget\" data-widget_type=\"text-editor.default\">\n<div class=\"elementor-widget-container\">\n<h3>Advantages of a Lithuanian Residence Permit<\/h3>\n<p>A\u00a0<strong>Lithuanian residence permit<\/strong>\u00a0\u00f6ffnet T\u00fcren zu einer Welt voller Vorteile:<\/p>\n<ul>\n<li><strong>Uneingeschr\u00e4nkte Reisem\u00f6glichkeiten innerhalb des Schengen-Raums:<\/strong>\u00a0Als Schengen-Mitglied bietet Litauen visumfreien Zugang zu 26 europ\u00e4ischen L\u00e4ndern. Mit dieser Genehmigung k\u00f6nnen Sie problemlos reisen und sich innerhalb eines Zeitraums von 180 Tagen bis zu 90 Tage in anderen Schengen-Staaten aufhalten.<\/li>\n<li><strong>Zugang zu Gesundheits- und Sozialdiensten:<\/strong>\u00a0Durch den Aufenthalt in Litauen haben Sie umfassenden Zugang zum Gesundheitssystem, zu Bildungsm\u00f6glichkeiten und zu den Sozialleistungen des Landes.<\/li>\n<li><strong>Besch\u00e4ftigungs- und Gesch\u00e4ftsm\u00f6glichkeiten:<\/strong>\u00a0Mit dieser Erlaubnis k\u00f6nnen Sie in Litauen arbeiten und ein Unternehmen gr\u00fcnden. Dar\u00fcber hinaus k\u00f6nnen Sie in anderen EU-L\u00e4ndern eine Besch\u00e4ftigung suchen, sofern Ihre Erlaubnis anerkannt wird.<\/li>\n<li><strong>Familienzusammenf\u00fchrung:<\/strong>\u00a0Sie k\u00f6nnen einen Antrag auf Familienzusammenf\u00fchrung stellen, um Familienmitglieder aus Nicht-EU-L\u00e4ndern zu sich nach Litauen zu holen.<\/li>\n<li><strong>Weg zur Staatsb\u00fcrgerschaft:<\/strong>\u00a0Nach einer gewissen Aufenthaltsdauer sind Sie m\u00f6glicherweise berechtigt, die litauische Staatsb\u00fcrgerschaft zu beantragen.<\/li>\n<\/ul>\n<p>Nutzen Sie diese M\u00f6glichkeiten und vereinfachen Sie Ihre Reise, indem Sie uns noch heute bez\u00fcglich Ihrer litauischen Aufenthaltserlaubnis kontaktieren.<\/p>\n<\/div>\n<\/div>","protected":false},"excerpt":{"rendered":"<p>Buy Lithuanian Residence Permit, Get Lithuanian Residence Permit Legally If you\u2019re aiming for a seamless transition to life in Lithuania, obtaining a\u00a0Lithuanian permanent residence permit\u00a0can be a strategic move. At Buyauthenticdocument.com, we streamline the process, offering a hassle-free way to secure your\u00a0Lithuanian residency. Our expert team ensures that your permit adheres to legal standards, providing [&hellip;]<\/p>\n","protected":false},"featured_media":2286,"comment_status":"open","ping_status":"closed","template":"","meta":{"site-sidebar-layout":"default","site-content-layout":"","ast-site-content-layout":"default","site-content-style":"default","site-sidebar-style":"default","ast-global-header-display":"","ast-banner-title-visibility":"","ast-main-header-display":"","ast-hfb-above-header-display":"","ast-hfb-below-header-display":"","ast-hfb-mobile-header-display":"","site-post-title":"","ast-breadcrumbs-content":"","ast-featured-img":"","footer-sml-layout":"","ast-disable-related-posts":"","theme-transparent-header-meta":"default","adv-header-id-meta":"","stick-header-meta":"","header-above-stick-meta":"","header-main-stick-meta":"","header-below-stick-meta":"","astra-migrate-meta-layouts":"set","ast-page-background-enabled":"default","ast-page-background-meta":{"desktop":{"background-color":"var(--ast-global-color-4)","background-image":"","background-repeat":"repeat","background-position":"center center","background-size":"auto","background-attachment":"scroll","background-type":"","background-media":"","overlay-type":"","overlay-color":"","overlay-opacity":"","overlay-gradient":""},"tablet":{"background-color":"","background-image":"","background-repeat":"repeat","background-position":"center center","background-size":"auto","background-attachment":"scroll","background-type":"","background-media":"","overlay-type":"","overlay-color":"","overlay-opacity":"","overlay-gradient":""},"mobile":{"background-color":"","background-image":"","background-repeat":"repeat","background-position":"center center","background-size":"auto","background-attachment":"scroll","background-type":"","background-media":"","overlay-type":"","overlay-color":"","overlay-opacity":"","overlay-gradient":""}},"ast-content-background-meta":{"desktop":{"background-color":"var(--ast-global-color-5)","background-image":"","background-repeat":"repeat","background-position":"center center","background-size":"auto","background-attachment":"scroll","background-type":"","background-media":"","overlay-type":"","overlay-color":"","overlay-opacity":"","overlay-gradient":""},"tablet":{"background-color":"var(--ast-global-color-5)","background-image":"","background-repeat":"repeat","background-position":"center center","background-size":"auto","background-attachment":"scroll","background-type":"","background-media":"","overlay-type":"","overlay-color":"","overlay-opacity":"","overlay-gradient":""},"mobile":{"background-color":"var(--ast-global-color-5)","background-image":"","background-repeat":"repeat","background-position":"center center","background-size":"auto","background-attachment":"scroll","background-type":"","background-media":"","overlay-type":"","overlay-color":"","overlay-opacity":"","overlay-gradient":""}}},"product_brand":[],"product_cat":[117,32],"product_tag":[],"class_list":{"0":"post-2285","1":"product","2":"type-product","3":"status-publish","4":"has-post-thumbnail","6":"product_cat-all-service","7":"product_cat-residence-permit","8":"desktop-align-left","9":"tablet-align-left","10":"mobile-align-left","12":"first","13":"instock","14":"shipping-taxable","15":"purchasable","16":"product-type-simple"},"yoast_head":"<!-- This site is optimized with the Yoast SEO Premium plugin v24.7 (Yoast SEO v27.1.1) - https:\/\/yoast.com\/product\/yoast-seo-premium-wordpress\/ -->\n<title>How to get Lithuanian Residence Permit<\/title>\n<meta name=\"description\" content=\"Buy Lithuanian Residence Permit, Get Lithuanian Residence Permit Legally If you\u2019re aiming for a seamless transition to life in Lithuania, obtaining\" \/>\n<meta name=\"robots\" content=\"index, follow, max-snippet:-1, max-image-preview:large, max-video-preview:-1\" \/>\n<link rel=\"canonical\" href=\"https:\/\/fahrerlaubnisnetz.com\/de\/produkt\/so-erhalten-sie-eine-litauische-aufenthaltserlaubnis\/\" \/>\n<meta property=\"og:locale\" content=\"de_DE\" \/>\n<meta property=\"og:type\" content=\"article\" \/>\n<meta property=\"og:title\" content=\"How to get Lithuanian Residence Permit\" \/>\n<meta property=\"og:description\" content=\"Buy Lithuanian Residence Permit, Get Lithuanian Residence Permit Legally If you\u2019re aiming for a seamless transition to life in Lithuania, obtaining\" \/>\n<meta property=\"og:url\" content=\"https:\/\/fahrerlaubnisnetz.com\/de\/produkt\/so-erhalten-sie-eine-litauische-aufenthaltserlaubnis\/\" \/>\n<meta property=\"og:site_name\" content=\"Fahrerlaubnis Netz\" \/>\n<meta property=\"article:modified_time\" content=\"2025-05-24T14:13:34+00:00\" \/>\n<meta property=\"og:image\" content=\"https:\/\/fahrerlaubnisnetz.com\/wp-content\/uploads\/2025\/03\/image_2025-03-20_150408391.png\" \/>\n\t<meta property=\"og:image:width\" content=\"1000\" \/>\n\t<meta property=\"og:image:height\" content=\"620\" \/>\n\t<meta property=\"og:image:type\" content=\"image\/png\" \/>\n<meta name=\"twitter:card\" content=\"summary_large_image\" \/>\n<meta name=\"twitter:label1\" content=\"Gesch\u00e4tzte Lesezeit\" \/>\n\t<meta name=\"twitter:data1\" content=\"3\u00a0Minuten\" \/>\n<script type=\"application\/ld+json\" class=\"yoast-schema-graph\">{\"@context\":\"https:\/\/schema.org\",\"@graph\":[{\"@type\":\"WebPage\",\"@id\":\"https:\/\/fahrerlaubnisnetz.com\/product\/how-to-get-lithuanian-residence-permit\/\",\"url\":\"https:\/\/fahrerlaubnisnetz.com\/product\/how-to-get-lithuanian-residence-permit\/\",\"name\":\"How to get Lithuanian Residence Permit\",\"isPartOf\":{\"@id\":\"https:\/\/fahrerlaubnisnetz.com\/#website\"},\"primaryImageOfPage\":{\"@id\":\"https:\/\/fahrerlaubnisnetz.com\/product\/how-to-get-lithuanian-residence-permit\/#primaryimage\"},\"image\":{\"@id\":\"https:\/\/fahrerlaubnisnetz.com\/product\/how-to-get-lithuanian-residence-permit\/#primaryimage\"},\"thumbnailUrl\":\"https:\/\/fahrerlaubnisnetz.com\/wp-content\/uploads\/2025\/03\/image_2025-03-20_150408391.png\",\"datePublished\":\"2025-03-20T14:05:47+00:00\",\"dateModified\":\"2025-05-24T14:13:34+00:00\",\"description\":\"Buy Lithuanian Residence Permit, Get Lithuanian Residence Permit Legally If you\u2019re aiming for a seamless transition to life in Lithuania, obtaining\",\"breadcrumb\":{\"@id\":\"https:\/\/fahrerlaubnisnetz.com\/product\/how-to-get-lithuanian-residence-permit\/#breadcrumb\"},\"inLanguage\":\"de\",\"potentialAction\":[{\"@type\":\"ReadAction\",\"target\":[\"https:\/\/fahrerlaubnisnetz.com\/product\/how-to-get-lithuanian-residence-permit\/\"]}]},{\"@type\":\"ImageObject\",\"inLanguage\":\"de\",\"@id\":\"https:\/\/fahrerlaubnisnetz.com\/product\/how-to-get-lithuanian-residence-permit\/#primaryimage\",\"url\":\"https:\/\/fahrerlaubnisnetz.com\/wp-content\/uploads\/2025\/03\/image_2025-03-20_150408391.png\",\"contentUrl\":\"https:\/\/fahrerlaubnisnetz.com\/wp-content\/uploads\/2025\/03\/image_2025-03-20_150408391.png\",\"width\":1000,\"height\":620},{\"@type\":\"BreadcrumbList\",\"@id\":\"https:\/\/fahrerlaubnisnetz.com\/product\/how-to-get-lithuanian-residence-permit\/#breadcrumb\",\"itemListElement\":[{\"@type\":\"ListItem\",\"position\":1,\"name\":\"Home\",\"item\":\"https:\/\/fahrerlaubnisnetz.com\/\"},{\"@type\":\"ListItem\",\"position\":2,\"name\":\"All Services\",\"item\":\"https:\/\/fahrerlaubnisnetz.com\/shop\/\"},{\"@type\":\"ListItem\",\"position\":3,\"name\":\"How to get Lithuanian Residence Permit\"}]},{\"@type\":\"WebSite\",\"@id\":\"https:\/\/fahrerlaubnisnetz.com\/#website\",\"url\":\"https:\/\/fahrerlaubnisnetz.com\/\",\"name\":\"FAHRERLAUBNIS NETZ\",\"description\":\"Buy Original Drivers License, Pasport Online\",\"publisher\":{\"@id\":\"https:\/\/fahrerlaubnisnetz.com\/#organization\"},\"alternateName\":\"DRIVER'S LICENSE NETWORK\",\"potentialAction\":[{\"@type\":\"SearchAction\",\"target\":{\"@type\":\"EntryPoint\",\"urlTemplate\":\"https:\/\/fahrerlaubnisnetz.com\/?s={search_term_string}\"},\"query-input\":{\"@type\":\"PropertyValueSpecification\",\"valueRequired\":true,\"valueName\":\"search_term_string\"}}],\"inLanguage\":\"de\"},{\"@type\":\"Organization\",\"@id\":\"https:\/\/fahrerlaubnisnetz.com\/#organization\",\"name\":\"FAHRERLAUBNIS NETZ\",\"alternateName\":\"DRIVER'S LICENSE NETWORK\",\"url\":\"https:\/\/fahrerlaubnisnetz.com\/\",\"logo\":{\"@type\":\"ImageObject\",\"inLanguage\":\"de\",\"@id\":\"https:\/\/fahrerlaubnisnetz.com\/#\/schema\/logo\/image\/\",\"url\":\"https:\/\/fahrerlaubnisnetz.com\/wp-content\/uploads\/2025\/03\/image_2025-03-21_162823337.png\",\"contentUrl\":\"https:\/\/fahrerlaubnisnetz.com\/wp-content\/uploads\/2025\/03\/image_2025-03-21_162823337.png\",\"width\":590,\"height\":288,\"caption\":\"FAHRERLAUBNIS NETZ\"},\"image\":{\"@id\":\"https:\/\/fahrerlaubnisnetz.com\/#\/schema\/logo\/image\/\"}}]}<\/script>\n<!-- \/ Yoast SEO Premium plugin. -->","yoast_head_json":{"title":"So erhalten Sie eine litauische Aufenthaltserlaubnis","description":"Kaufen Sie eine litauische Aufenthaltserlaubnis, erhalten Sie eine litauische Aufenthaltserlaubnis legal Wenn Sie einen nahtlosen \u00dcbergang zum Leben in Litauen anstreben, erhalten Sie","robots":{"index":"index","follow":"follow","max-snippet":"max-snippet:-1","max-image-preview":"max-image-preview:large","max-video-preview":"max-video-preview:-1"},"canonical":"https:\/\/fahrerlaubnisnetz.com\/de\/produkt\/so-erhalten-sie-eine-litauische-aufenthaltserlaubnis\/","og_locale":"de_DE","og_type":"article","og_title":"How to get Lithuanian Residence Permit","og_description":"Buy Lithuanian Residence Permit, Get Lithuanian Residence Permit Legally If you\u2019re aiming for a seamless transition to life in Lithuania, obtaining","og_url":"https:\/\/fahrerlaubnisnetz.com\/de\/produkt\/so-erhalten-sie-eine-litauische-aufenthaltserlaubnis\/","og_site_name":"Fahrerlaubnis Netz","article_modified_time":"2025-05-24T14:13:34+00:00","og_image":[{"width":1000,"height":620,"url":"https:\/\/fahrerlaubnisnetz.com\/wp-content\/uploads\/2025\/03\/image_2025-03-20_150408391.png","type":"image\/png"}],"twitter_card":"summary_large_image","twitter_misc":{"Gesch\u00e4tzte Lesezeit":"3\u00a0Minuten"},"schema":{"@context":"https:\/\/schema.org","@graph":[{"@type":"WebPage","@id":"https:\/\/fahrerlaubnisnetz.com\/product\/how-to-get-lithuanian-residence-permit\/","url":"https:\/\/fahrerlaubnisnetz.com\/product\/how-to-get-lithuanian-residence-permit\/","name":"So erhalten Sie eine litauische Aufenthaltserlaubnis","isPartOf":{"@id":"https:\/\/fahrerlaubnisnetz.com\/#website"},"primaryImageOfPage":{"@id":"https:\/\/fahrerlaubnisnetz.com\/product\/how-to-get-lithuanian-residence-permit\/#primaryimage"},"image":{"@id":"https:\/\/fahrerlaubnisnetz.com\/product\/how-to-get-lithuanian-residence-permit\/#primaryimage"},"thumbnailUrl":"https:\/\/fahrerlaubnisnetz.com\/wp-content\/uploads\/2025\/03\/image_2025-03-20_150408391.png","datePublished":"2025-03-20T14:05:47+00:00","dateModified":"2025-05-24T14:13:34+00:00","description":"Kaufen Sie eine litauische Aufenthaltserlaubnis, erhalten Sie eine litauische Aufenthaltserlaubnis legal Wenn Sie einen nahtlosen \u00dcbergang zum Leben in Litauen anstreben, erhalten Sie","breadcrumb":{"@id":"https:\/\/fahrerlaubnisnetz.com\/product\/how-to-get-lithuanian-residence-permit\/#breadcrumb"},"inLanguage":"de","potentialAction":[{"@type":"ReadAction","target":["https:\/\/fahrerlaubnisnetz.com\/product\/how-to-get-lithuanian-residence-permit\/"]}]},{"@type":"ImageObject","inLanguage":"de","@id":"https:\/\/fahrerlaubnisnetz.com\/product\/how-to-get-lithuanian-residence-permit\/#primaryimage","url":"https:\/\/fahrerlaubnisnetz.com\/wp-content\/uploads\/2025\/03\/image_2025-03-20_150408391.png","contentUrl":"https:\/\/fahrerlaubnisnetz.com\/wp-content\/uploads\/2025\/03\/image_2025-03-20_150408391.png","width":1000,"height":620},{"@type":"BreadcrumbList","@id":"https:\/\/fahrerlaubnisnetz.com\/product\/how-to-get-lithuanian-residence-permit\/#breadcrumb","itemListElement":[{"@type":"ListItem","position":1,"name":"Home","item":"https:\/\/fahrerlaubnisnetz.com\/"},{"@type":"ListItem","position":2,"name":"All Services","item":"https:\/\/fahrerlaubnisnetz.com\/shop\/"},{"@type":"ListItem","position":3,"name":"How to get Lithuanian Residence Permit"}]},{"@type":"WebSite","@id":"https:\/\/fahrerlaubnisnetz.com\/#website","url":"https:\/\/fahrerlaubnisnetz.com\/","name":"FAHRERLAUBNIS NETZ","description":"Kaufen Sie den Original-F\u00fchrerschein oder Reisepass online","publisher":{"@id":"https:\/\/fahrerlaubnisnetz.com\/#organization"},"alternateName":"DRIVER'S LICENSE NETWORK","potentialAction":[{"@type":"SearchAction","target":{"@type":"EntryPoint","urlTemplate":"https:\/\/fahrerlaubnisnetz.com\/?s={search_term_string}"},"query-input":{"@type":"PropertyValueSpecification","valueRequired":true,"valueName":"search_term_string"}}],"inLanguage":"de"},{"@type":"Organization","@id":"https:\/\/fahrerlaubnisnetz.com\/#organization","name":"FAHRERLAUBNIS NETZ","alternateName":"DRIVER'S LICENSE NETWORK","url":"https:\/\/fahrerlaubnisnetz.com\/","logo":{"@type":"ImageObject","inLanguage":"de","@id":"https:\/\/fahrerlaubnisnetz.com\/#\/schema\/logo\/image\/","url":"https:\/\/fahrerlaubnisnetz.com\/wp-content\/uploads\/2025\/03\/image_2025-03-21_162823337.png","contentUrl":"https:\/\/fahrerlaubnisnetz.com\/wp-content\/uploads\/2025\/03\/image_2025-03-21_162823337.png","width":590,"height":288,"caption":"FAHRERLAUBNIS NETZ"},"image":{"@id":"https:\/\/fahrerlaubnisnetz.com\/#\/schema\/logo\/image\/"}}]}},"_links":{"self":[{"href":"https:\/\/fahrerlaubnisnetz.com\/de\/wp-json\/wp\/v2\/product\/2285","targetHints":{"allow":["GET"]}}],"collection":[{"href":"https:\/\/fahrerlaubnisnetz.com\/de\/wp-json\/wp\/v2\/product"}],"about":[{"href":"https:\/\/fahrerlaubnisnetz.com\/de\/wp-json\/wp\/v2\/types\/product"}],"replies":[{"embeddable":true,"href":"https:\/\/fahrerlaubnisnetz.com\/de\/wp-json\/wp\/v2\/comments?post=2285"}],"wp:featuredmedia":[{"embeddable":true,"href":"https:\/\/fahrerlaubnisnetz.com\/de\/wp-json\/wp\/v2\/media\/2286"}],"wp:attachment":[{"href":"https:\/\/fahrerlaubnisnetz.com\/de\/wp-json\/wp\/v2\/media?parent=2285"}],"wp:term":[{"taxonomy":"product_brand","embeddable":true,"href":"https:\/\/fahrerlaubnisnetz.com\/de\/wp-json\/wp\/v2\/product_brand?post=2285"},{"taxonomy":"product_cat","embeddable":true,"href":"https:\/\/fahrerlaubnisnetz.com\/de\/wp-json\/wp\/v2\/product_cat?post=2285"},{"taxonomy":"product_tag","embeddable":true,"href":"https:\/\/fahrerlaubnisnetz.com\/de\/wp-json\/wp\/v2\/product_tag?post=2285"}],"curies":[{"name":"wp","href":"https:\/\/api.w.org\/{rel}","templated":true}]}}