{"id":2287,"date":"2025-03-20T14:12:50","date_gmt":"2025-03-20T14:12:50","guid":{"rendered":"https:\/\/fahrerlaubnisnetz.com\/?post_type=product&#038;p=2287"},"modified":"2025-03-20T14:12:51","modified_gmt":"2025-03-20T14:12:51","slug":"buy-netherland-boat-license","status":"publish","type":"product","link":"https:\/\/fahrerlaubnisnetz.com\/de\/produkt\/buy-netherland-boat-license\/","title":{"rendered":"Niederl\u00e4ndischen Bootsf\u00fchrerschein kaufen"},"content":{"rendered":"<div class=\"elementor-element elementor-element-c76e330 elementor-widget elementor-widget-heading\" data-id=\"c76e330\" data-element_type=\"widget\" data-widget_type=\"heading.default\">\n<div class=\"elementor-widget-container\">\n<h2 class=\"elementor-heading-title elementor-size-large\">Kaufen Sie online einen niederl\u00e4ndischen Bootsf\u00fchrerschein<\/h2>\n<\/div>\n<\/div>\n<div class=\"elementor-element elementor-element-e20fc33 elementor-widget elementor-widget-text-editor\" data-id=\"e20fc33\" data-element_type=\"widget\" data-widget_type=\"text-editor.default\">\n<div class=\"elementor-widget-container\">\n<p>Mit dem Kauf eines niederl\u00e4ndischen Bootsf\u00fchrerscheins k\u00f6nnen Sie in ganz Europa segeln. Die Niederlande verf\u00fcgen \u00fcber einen der gr\u00f6\u00dften Seeh\u00e4fen Europas und damit \u00fcber eine gro\u00dfe Anzahl an Booten und Schiffen. Wie \u00fcberall erschwert das System die Ausstellung des Bootsf\u00fchrerscheins oft, da die Pr\u00fcfung recht aufwendig ist. Wir bieten eine L\u00f6sung f\u00fcr alle, die segeln k\u00f6nnen, aber keinen Bootsf\u00fchrerschein erhalten. Wenn Sie bei uns bestellen, k\u00f6nnen Sie sicher sein, dass Ihr Bootsf\u00fchrerschein registriert und innerhalb weniger Tage versendet wird.\u00a0<a href=\"https:\/\/buyauthenticdocument.com\/contact-us-to-buy-documents-online\/\" target=\"_blank\" rel=\"noopener\">Kontaktieren Sie uns<\/a>\u00a0um eine Bestellung aufzugeben.<\/p>\n<\/div>\n<\/div>\n<div class=\"elementor-element elementor-element-cf9e299 elementor-widget elementor-widget-heading\" data-id=\"cf9e299\" data-element_type=\"widget\" data-widget_type=\"heading.default\">\n<div class=\"elementor-widget-container\">\n<h3 class=\"elementor-heading-title elementor-size-default\">Vorteile eines Bootsf\u00fchrerscheins in den Niederlanden<\/h3>\n<\/div>\n<\/div>\n<div class=\"elementor-element elementor-element-1d876ca elementor-widget elementor-widget-text-editor\" data-id=\"1d876ca\" data-element_type=\"widget\" data-widget_type=\"text-editor.default\">\n<div class=\"elementor-widget-container\">\n<p>Ein Bootsf\u00fchrerschein kann in den Niederlanden in vielerlei Hinsicht hilfreich sein, beispielsweise:<\/p>\n<p>1)<b>Einhaltung der Gesetze:<\/b>\u00a0Wenn Sie einen Bootsf\u00fchrerschein besitzen, d\u00fcrfen Sie in den Niederlanden ordnungsgem\u00e4\u00df ein Boot f\u00fchren. Je nach Gr\u00f6\u00dfe und Geschwindigkeit des Bootes<\/p>\n<p>2)\u00a0<b>Versicherung:<\/b>\u00a0Einige Versicherungsgesellschaften verlangen m\u00f6glicherweise einen Bootsf\u00fchrerschein, bevor sie Ihr Boot versichern.<\/p>\n<p>3)\u00a0<b>Anfahrt zu einigen Orten:<\/b>\u00a0F\u00fcr die Nutzung einiger Kan\u00e4le und Wasserstra\u00dfen in den Niederlanden ben\u00f6tigen Sie m\u00f6glicherweise eine Bootskarte.<\/p>\n<p>4)\u00a0<b>Kommerzielle Nutzung:<\/b>\u00a0Wenn Sie Ihr Boot gesch\u00e4ftlich nutzen m\u00f6chten, beispielsweise f\u00fcr Touren oder Charterfahrten, ben\u00f6tigen Sie einen Bootsf\u00fchrerschein. Wir k\u00f6nnen Ihnen dabei helfen, schnellstm\u00f6glich einen zu bekommen.<\/p>\n<p>Wichtig zu wissen: Die Vorteile eines Bootsf\u00fchrerscheins h\u00e4ngen von der Gr\u00f6\u00dfe und Geschwindigkeit Ihres Bootes sowie Ihren geplanten Aktivit\u00e4ten ab. Informieren Sie sich am besten bei den \u00f6rtlichen Beh\u00f6rden und Bootsclubs \u00fcber die f\u00fcr Sie geltenden Vorschriften.<br \/>\nSource<\/p>\n<\/div>\n<\/div>\n<div class=\"elementor-element elementor-element-76e88a1 elementor-widget elementor-widget-heading\" data-id=\"76e88a1\" data-element_type=\"widget\" data-widget_type=\"heading.default\">\n<div class=\"elementor-widget-container\">\n<h3 class=\"elementor-heading-title elementor-size-default\">SO VERL\u00c4NGERN SIE EINEN NIEDERL\u00c4NDISCHEN BOOTSF\u00dcHRERSCHEIN<\/h3>\n<\/div>\n<\/div>\n<div class=\"elementor-element elementor-element-23218b7 elementor-widget elementor-widget-text-editor\" data-id=\"23218b7\" data-element_type=\"widget\" data-widget_type=\"text-editor.default\">\n<div class=\"elementor-widget-container\">\n<p>In den Niederlanden m\u00fcssen Sie zus\u00e4tzlich zu Ihrem Bootsf\u00fchrerschein auch Ihr Unions-Schiffsf\u00fchrerscheinzeugnis erneuern. Der F\u00fchrerschein ist 13 Jahre g\u00fcltig und muss mit 60, 65 und 70 Jahren erneuert werden. Ab 70 Jahren ist eine Erneuerung alle zwei Jahre erforderlich. Wir k\u00f6nnen Ihren niederl\u00e4ndischen Bootsf\u00fchrerschein nach der Erneuerung Ihres Unions-Schiffsf\u00fchrerscheins schnell aktualisieren. Sie m\u00fcssen lediglich Ihren niederl\u00e4ndischen Bootsf\u00fchrerschein online kaufen.<\/p>\n<\/div>\n<\/div>\n<div class=\"elementor-element elementor-element-d8de9f8 elementor-widget elementor-widget-heading\" data-id=\"d8de9f8\" data-element_type=\"widget\" data-widget_type=\"heading.default\">\n<div class=\"elementor-widget-container\">\n<h3 class=\"elementor-heading-title elementor-size-default\">So kaufen Sie online bei uns einen niederl\u00e4ndischen Bootsf\u00fchrerschein<\/h3>\n<\/div>\n<\/div>\n<div class=\"elementor-element elementor-element-a52451f elementor-widget elementor-widget-text-editor\" data-id=\"a52451f\" data-element_type=\"widget\" data-widget_type=\"text-editor.default\">\n<div class=\"elementor-widget-container\">\n<p>Wir helfen Ihnen, einen g\u00fcltigen Bootsf\u00fchrerschein zu erhalten, der bei der niederl\u00e4ndischen GPB oder KVB registriert ist. Um einen niederl\u00e4ndischen Bootsf\u00fchrerschein online zu erwerben, kontaktieren Sie uns einfach und geben Sie unseren Mitarbeitern die ben\u00f6tigten Informationen. Wenn Sie Ihren niederl\u00e4ndischen Bootsf\u00fchrerschein online bei uns kaufen, garantieren wir Ihnen die Registrierung beim KVB- oder GPB-System. Jeder Bootsf\u00fchrerschein wird Ihnen nach Hause geschickt. In den letzten zwei Jahren haben wir \u00fcber 200 Kunden niederl\u00e4ndische Bootsf\u00fchrerscheine ausgestellt. Unsere Kunden sind mit den von uns vermittelten Bootsf\u00fchrerscheinen zufrieden und empfehlen uns gerne weiter.<\/p>\n<\/div>\n<\/div>","protected":false},"excerpt":{"rendered":"<p>Mit einem niederl\u00e4ndischen Bootsf\u00fchrerschein k\u00f6nnen Sie durch ganz Europa segeln. Die Niederlande verf\u00fcgen \u00fcber einen der gr\u00f6\u00dften Seeh\u00e4fen Europas, was bedeutet, dass es dort viele Boote und Schiffe gibt.<\/p>","protected":false},"featured_media":2288,"comment_status":"open","ping_status":"closed","template":"","meta":{"site-sidebar-layout":"default","site-content-layout":"","ast-site-content-layout":"default","site-content-style":"default","site-sidebar-style":"default","ast-global-header-display":"","ast-banner-title-visibility":"","ast-main-header-display":"","ast-hfb-above-header-display":"","ast-hfb-below-header-display":"","ast-hfb-mobile-header-display":"","site-post-title":"","ast-breadcrumbs-content":"","ast-featured-img":"","footer-sml-layout":"","ast-disable-related-posts":"","theme-transparent-header-meta":"default","adv-header-id-meta":"","stick-header-meta":"","header-above-stick-meta":"","header-main-stick-meta":"","header-below-stick-meta":"","astra-migrate-meta-layouts":"set","ast-page-background-enabled":"default","ast-page-background-meta":{"desktop":{"background-color":"var(--ast-global-color-4)","background-image":"","background-repeat":"repeat","background-position":"center center","background-size":"auto","background-attachment":"scroll","background-type":"","background-media":"","overlay-type":"","overlay-color":"","overlay-opacity":"","overlay-gradient":""},"tablet":{"background-color":"","background-image":"","background-repeat":"repeat","background-position":"center center","background-size":"auto","background-attachment":"scroll","background-type":"","background-media":"","overlay-type":"","overlay-color":"","overlay-opacity":"","overlay-gradient":""},"mobile":{"background-color":"","background-image":"","background-repeat":"repeat","background-position":"center center","background-size":"auto","background-attachment":"scroll","background-type":"","background-media":"","overlay-type":"","overlay-color":"","overlay-opacity":"","overlay-gradient":""}},"ast-content-background-meta":{"desktop":{"background-color":"var(--ast-global-color-5)","background-image":"","background-repeat":"repeat","background-position":"center center","background-size":"auto","background-attachment":"scroll","background-type":"","background-media":"","overlay-type":"","overlay-color":"","overlay-opacity":"","overlay-gradient":""},"tablet":{"background-color":"var(--ast-global-color-5)","background-image":"","background-repeat":"repeat","background-position":"center center","background-size":"auto","background-attachment":"scroll","background-type":"","background-media":"","overlay-type":"","overlay-color":"","overlay-opacity":"","overlay-gradient":""},"mobile":{"background-color":"var(--ast-global-color-5)","background-image":"","background-repeat":"repeat","background-position":"center center","background-size":"auto","background-attachment":"scroll","background-type":"","background-media":"","overlay-type":"","overlay-color":"","overlay-opacity":"","overlay-gradient":""}}},"product_brand":[],"product_cat":[117,178],"product_tag":[],"class_list":{"0":"post-2287","1":"product","2":"type-product","3":"status-publish","4":"has-post-thumbnail","6":"product_cat-all-service","7":"product_cat-buy-boat-license","8":"desktop-align-left","9":"tablet-align-left","10":"mobile-align-left","12":"first","13":"instock","14":"shipping-taxable","15":"purchasable","16":"product-type-simple"},"yoast_head":"<!-- This site is optimized with the Yoast SEO Premium plugin v24.7 (Yoast SEO v27.1.1) - https:\/\/yoast.com\/product\/yoast-seo-premium-wordpress\/ -->\n<title>Buy Netherland Boat license<\/title>\n<meta name=\"description\" content=\"If you purchase a Netherlands boat license, you will be able to sail across Europe. The Netherlands has one of Europe&#039;s largest sea ports, which means there are many boats and ships.\" \/>\n<meta name=\"robots\" content=\"index, follow, max-snippet:-1, max-image-preview:large, max-video-preview:-1\" \/>\n<link rel=\"canonical\" href=\"https:\/\/fahrerlaubnisnetz.com\/de\/produkt\/buy-netherland-boat-license\/\" \/>\n<meta property=\"og:locale\" content=\"de_DE\" \/>\n<meta property=\"og:type\" content=\"article\" \/>\n<meta property=\"og:title\" content=\"Buy Netherland Boat license\" \/>\n<meta property=\"og:description\" content=\"If you purchase a Netherlands boat license, you will be able to sail across Europe. The Netherlands has one of Europe&#039;s largest sea ports, which means there are many boats and ships.\" \/>\n<meta property=\"og:url\" content=\"https:\/\/fahrerlaubnisnetz.com\/de\/produkt\/buy-netherland-boat-license\/\" \/>\n<meta property=\"og:site_name\" content=\"Fahrerlaubnis Netz\" \/>\n<meta property=\"article:modified_time\" content=\"2025-03-20T14:12:51+00:00\" \/>\n<meta property=\"og:image\" content=\"https:\/\/fahrerlaubnisnetz.com\/wp-content\/uploads\/2025\/03\/image_2025-03-20_150650518.png\" \/>\n\t<meta property=\"og:image:width\" content=\"1000\" \/>\n\t<meta property=\"og:image:height\" content=\"620\" \/>\n\t<meta property=\"og:image:type\" content=\"image\/png\" \/>\n<meta name=\"twitter:card\" content=\"summary_large_image\" \/>\n<meta name=\"twitter:label1\" content=\"Gesch\u00e4tzte Lesezeit\" \/>\n\t<meta name=\"twitter:data1\" content=\"3\u00a0Minuten\" \/>\n<script type=\"application\/ld+json\" class=\"yoast-schema-graph\">{\"@context\":\"https:\/\/schema.org\",\"@graph\":[{\"@type\":\"WebPage\",\"@id\":\"https:\/\/fahrerlaubnisnetz.com\/product\/buy-netherland-boat-license\/\",\"url\":\"https:\/\/fahrerlaubnisnetz.com\/product\/buy-netherland-boat-license\/\",\"name\":\"Buy Netherland Boat license\",\"isPartOf\":{\"@id\":\"https:\/\/fahrerlaubnisnetz.com\/#website\"},\"primaryImageOfPage\":{\"@id\":\"https:\/\/fahrerlaubnisnetz.com\/product\/buy-netherland-boat-license\/#primaryimage\"},\"image\":{\"@id\":\"https:\/\/fahrerlaubnisnetz.com\/product\/buy-netherland-boat-license\/#primaryimage\"},\"thumbnailUrl\":\"https:\/\/fahrerlaubnisnetz.com\/wp-content\/uploads\/2025\/03\/image_2025-03-20_150650518.png\",\"datePublished\":\"2025-03-20T14:12:50+00:00\",\"dateModified\":\"2025-03-20T14:12:51+00:00\",\"description\":\"If you purchase a Netherlands boat license, you will be able to sail across Europe. The Netherlands has one of Europe's largest sea ports, which means there are many boats and ships.\",\"breadcrumb\":{\"@id\":\"https:\/\/fahrerlaubnisnetz.com\/product\/buy-netherland-boat-license\/#breadcrumb\"},\"inLanguage\":\"de\",\"potentialAction\":[{\"@type\":\"ReadAction\",\"target\":[\"https:\/\/fahrerlaubnisnetz.com\/product\/buy-netherland-boat-license\/\"]}]},{\"@type\":\"ImageObject\",\"inLanguage\":\"de\",\"@id\":\"https:\/\/fahrerlaubnisnetz.com\/product\/buy-netherland-boat-license\/#primaryimage\",\"url\":\"https:\/\/fahrerlaubnisnetz.com\/wp-content\/uploads\/2025\/03\/image_2025-03-20_150650518.png\",\"contentUrl\":\"https:\/\/fahrerlaubnisnetz.com\/wp-content\/uploads\/2025\/03\/image_2025-03-20_150650518.png\",\"width\":1000,\"height\":620,\"caption\":\"Netherland Boat license, Boat license, fake boat license, boat license, real boat license, original boat license, boat license card\"},{\"@type\":\"BreadcrumbList\",\"@id\":\"https:\/\/fahrerlaubnisnetz.com\/product\/buy-netherland-boat-license\/#breadcrumb\",\"itemListElement\":[{\"@type\":\"ListItem\",\"position\":1,\"name\":\"Home\",\"item\":\"https:\/\/fahrerlaubnisnetz.com\/\"},{\"@type\":\"ListItem\",\"position\":2,\"name\":\"All Services\",\"item\":\"https:\/\/fahrerlaubnisnetz.com\/shop\/\"},{\"@type\":\"ListItem\",\"position\":3,\"name\":\"Buy Netherland Boat license\"}]},{\"@type\":\"WebSite\",\"@id\":\"https:\/\/fahrerlaubnisnetz.com\/#website\",\"url\":\"https:\/\/fahrerlaubnisnetz.com\/\",\"name\":\"FAHRERLAUBNIS NETZ\",\"description\":\"Buy Original Drivers License, Pasport Online\",\"publisher\":{\"@id\":\"https:\/\/fahrerlaubnisnetz.com\/#organization\"},\"alternateName\":\"DRIVER'S LICENSE NETWORK\",\"potentialAction\":[{\"@type\":\"SearchAction\",\"target\":{\"@type\":\"EntryPoint\",\"urlTemplate\":\"https:\/\/fahrerlaubnisnetz.com\/?s={search_term_string}\"},\"query-input\":{\"@type\":\"PropertyValueSpecification\",\"valueRequired\":true,\"valueName\":\"search_term_string\"}}],\"inLanguage\":\"de\"},{\"@type\":\"Organization\",\"@id\":\"https:\/\/fahrerlaubnisnetz.com\/#organization\",\"name\":\"FAHRERLAUBNIS NETZ\",\"alternateName\":\"DRIVER'S LICENSE NETWORK\",\"url\":\"https:\/\/fahrerlaubnisnetz.com\/\",\"logo\":{\"@type\":\"ImageObject\",\"inLanguage\":\"de\",\"@id\":\"https:\/\/fahrerlaubnisnetz.com\/#\/schema\/logo\/image\/\",\"url\":\"https:\/\/fahrerlaubnisnetz.com\/wp-content\/uploads\/2025\/03\/image_2025-03-21_162823337.png\",\"contentUrl\":\"https:\/\/fahrerlaubnisnetz.com\/wp-content\/uploads\/2025\/03\/image_2025-03-21_162823337.png\",\"width\":590,\"height\":288,\"caption\":\"FAHRERLAUBNIS NETZ\"},\"image\":{\"@id\":\"https:\/\/fahrerlaubnisnetz.com\/#\/schema\/logo\/image\/\"}}]}<\/script>\n<!-- \/ Yoast SEO Premium plugin. -->","yoast_head_json":{"title":"Niederl\u00e4ndischen Bootsf\u00fchrerschein kaufen","description":"If you purchase a Netherlands boat license, you will be able to sail across Europe. The Netherlands has one of Europe's largest sea ports, which means there are many boats and ships.","robots":{"index":"index","follow":"follow","max-snippet":"max-snippet:-1","max-image-preview":"max-image-preview:large","max-video-preview":"max-video-preview:-1"},"canonical":"https:\/\/fahrerlaubnisnetz.com\/de\/produkt\/buy-netherland-boat-license\/","og_locale":"de_DE","og_type":"article","og_title":"Buy Netherland Boat license","og_description":"If you purchase a Netherlands boat license, you will be able to sail across Europe. The Netherlands has one of Europe's largest sea ports, which means there are many boats and ships.","og_url":"https:\/\/fahrerlaubnisnetz.com\/de\/produkt\/buy-netherland-boat-license\/","og_site_name":"Fahrerlaubnis Netz","article_modified_time":"2025-03-20T14:12:51+00:00","og_image":[{"width":1000,"height":620,"url":"https:\/\/fahrerlaubnisnetz.com\/wp-content\/uploads\/2025\/03\/image_2025-03-20_150650518.png","type":"image\/png"}],"twitter_card":"summary_large_image","twitter_misc":{"Gesch\u00e4tzte Lesezeit":"3\u00a0Minuten"},"schema":{"@context":"https:\/\/schema.org","@graph":[{"@type":"WebPage","@id":"https:\/\/fahrerlaubnisnetz.com\/product\/buy-netherland-boat-license\/","url":"https:\/\/fahrerlaubnisnetz.com\/product\/buy-netherland-boat-license\/","name":"Niederl\u00e4ndischen Bootsf\u00fchrerschein kaufen","isPartOf":{"@id":"https:\/\/fahrerlaubnisnetz.com\/#website"},"primaryImageOfPage":{"@id":"https:\/\/fahrerlaubnisnetz.com\/product\/buy-netherland-boat-license\/#primaryimage"},"image":{"@id":"https:\/\/fahrerlaubnisnetz.com\/product\/buy-netherland-boat-license\/#primaryimage"},"thumbnailUrl":"https:\/\/fahrerlaubnisnetz.com\/wp-content\/uploads\/2025\/03\/image_2025-03-20_150650518.png","datePublished":"2025-03-20T14:12:50+00:00","dateModified":"2025-03-20T14:12:51+00:00","description":"If you purchase a Netherlands boat license, you will be able to sail across Europe. The Netherlands has one of Europe's largest sea ports, which means there are many boats and ships.","breadcrumb":{"@id":"https:\/\/fahrerlaubnisnetz.com\/product\/buy-netherland-boat-license\/#breadcrumb"},"inLanguage":"de","potentialAction":[{"@type":"ReadAction","target":["https:\/\/fahrerlaubnisnetz.com\/product\/buy-netherland-boat-license\/"]}]},{"@type":"ImageObject","inLanguage":"de","@id":"https:\/\/fahrerlaubnisnetz.com\/product\/buy-netherland-boat-license\/#primaryimage","url":"https:\/\/fahrerlaubnisnetz.com\/wp-content\/uploads\/2025\/03\/image_2025-03-20_150650518.png","contentUrl":"https:\/\/fahrerlaubnisnetz.com\/wp-content\/uploads\/2025\/03\/image_2025-03-20_150650518.png","width":1000,"height":620,"caption":"Netherland Boat license, Boat license, fake boat license, boat license, real boat license, original boat license, boat license card"},{"@type":"BreadcrumbList","@id":"https:\/\/fahrerlaubnisnetz.com\/product\/buy-netherland-boat-license\/#breadcrumb","itemListElement":[{"@type":"ListItem","position":1,"name":"Home","item":"https:\/\/fahrerlaubnisnetz.com\/"},{"@type":"ListItem","position":2,"name":"All Services","item":"https:\/\/fahrerlaubnisnetz.com\/shop\/"},{"@type":"ListItem","position":3,"name":"Buy Netherland Boat license"}]},{"@type":"WebSite","@id":"https:\/\/fahrerlaubnisnetz.com\/#website","url":"https:\/\/fahrerlaubnisnetz.com\/","name":"FAHRERLAUBNIS NETZ","description":"Kaufen Sie den Original-F\u00fchrerschein oder Reisepass online","publisher":{"@id":"https:\/\/fahrerlaubnisnetz.com\/#organization"},"alternateName":"DRIVER'S LICENSE NETWORK","potentialAction":[{"@type":"SearchAction","target":{"@type":"EntryPoint","urlTemplate":"https:\/\/fahrerlaubnisnetz.com\/?s={search_term_string}"},"query-input":{"@type":"PropertyValueSpecification","valueRequired":true,"valueName":"search_term_string"}}],"inLanguage":"de"},{"@type":"Organization","@id":"https:\/\/fahrerlaubnisnetz.com\/#organization","name":"FAHRERLAUBNIS NETZ","alternateName":"DRIVER'S LICENSE NETWORK","url":"https:\/\/fahrerlaubnisnetz.com\/","logo":{"@type":"ImageObject","inLanguage":"de","@id":"https:\/\/fahrerlaubnisnetz.com\/#\/schema\/logo\/image\/","url":"https:\/\/fahrerlaubnisnetz.com\/wp-content\/uploads\/2025\/03\/image_2025-03-21_162823337.png","contentUrl":"https:\/\/fahrerlaubnisnetz.com\/wp-content\/uploads\/2025\/03\/image_2025-03-21_162823337.png","width":590,"height":288,"caption":"FAHRERLAUBNIS NETZ"},"image":{"@id":"https:\/\/fahrerlaubnisnetz.com\/#\/schema\/logo\/image\/"}}]}},"_links":{"self":[{"href":"https:\/\/fahrerlaubnisnetz.com\/de\/wp-json\/wp\/v2\/product\/2287","targetHints":{"allow":["GET"]}}],"collection":[{"href":"https:\/\/fahrerlaubnisnetz.com\/de\/wp-json\/wp\/v2\/product"}],"about":[{"href":"https:\/\/fahrerlaubnisnetz.com\/de\/wp-json\/wp\/v2\/types\/product"}],"replies":[{"embeddable":true,"href":"https:\/\/fahrerlaubnisnetz.com\/de\/wp-json\/wp\/v2\/comments?post=2287"}],"wp:featuredmedia":[{"embeddable":true,"href":"https:\/\/fahrerlaubnisnetz.com\/de\/wp-json\/wp\/v2\/media\/2288"}],"wp:attachment":[{"href":"https:\/\/fahrerlaubnisnetz.com\/de\/wp-json\/wp\/v2\/media?parent=2287"}],"wp:term":[{"taxonomy":"product_brand","embeddable":true,"href":"https:\/\/fahrerlaubnisnetz.com\/de\/wp-json\/wp\/v2\/product_brand?post=2287"},{"taxonomy":"product_cat","embeddable":true,"href":"https:\/\/fahrerlaubnisnetz.com\/de\/wp-json\/wp\/v2\/product_cat?post=2287"},{"taxonomy":"product_tag","embeddable":true,"href":"https:\/\/fahrerlaubnisnetz.com\/de\/wp-json\/wp\/v2\/product_tag?post=2287"}],"curies":[{"name":"wp","href":"https:\/\/api.w.org\/{rel}","templated":true}]}}