{"id":2477,"date":"2025-04-11T15:58:01","date_gmt":"2025-04-11T15:58:01","guid":{"rendered":"https:\/\/fahrerlaubnisnetz.com\/?post_type=product&#038;p=2477"},"modified":"2025-11-18T10:05:35","modified_gmt":"2025-11-18T10:05:35","slug":"malaysischen-fuhrerschein-kaufen-online","status":"publish","type":"product","link":"https:\/\/fahrerlaubnisnetz.com\/de\/produkt\/malaysischen-fuhrerschein-kaufen-online\/","title":{"rendered":"Malaysischen F\u00fchrerschein online kaufen"},"content":{"rendered":"<h2>Malaysischen F\u00fchrerschein online kaufen<\/h2>\n<p>Kaufen Sie Ihren malaysischen F\u00fchrerschein online. Gr\u00fcnde f\u00fcr einen malaysischen F\u00fchrerschein: Sie sind eifriger 17-J\u00e4hriger und m\u00f6chten selbstst\u00e4ndig fahren, Sie sind Auswanderer oder internationaler Student und leben langfristig in Malaysia oder Sie m\u00f6chten f\u00fcr E-Hailing-Unternehmen wie Grab fahren. Bevor Sie sich bei einer Fahrschule anmelden, erkl\u00e4rt Ihnen dieser Artikel, wie Sie in Malaysia einen F\u00fchrerschein bekommen, welche F\u00fchrerscheinarten es gibt und welche Geb\u00fchren anfallen.<\/p>\n<h3>Die verschiedenen F\u00fchrerscheinarten in Malaysia<\/h3>\n<p>In Malaysia gibt es f\u00fcnf verschiedene Arten von F\u00fchrerscheinen, darunter:<\/p>\n<p>1. <strong>Lernf\u00fchrerschein (LDL), auch bekannt als \u201eL\u201c-Kennzeichen<\/strong><br \/>\nDies ist der allererste F\u00fchrerschein, den Sie erhalten, sobald Sie sich bei einer Fahrschule anmelden. Inhaber eines LDL d\u00fcrfen nur ein Auto mit dem Kennzeichen \u201eL\u201c fahren und m\u00fcssen von einem Fahrlehrer begleitet werden.<\/p>\n<p>Der LDL kann f\u00fcr einen Zeitraum von drei bis sechs Monaten ausgestellt und verl\u00e4ngert werden, maximal jedoch f\u00fcr zwei Jahre ab Ausstellungsdatum. Nach Ablauf der G\u00fcltigkeit m\u00fcssen LDL-Inhaber den gesamten Fahrschulprozess neu starten, um einen neuen LDL zu erhalten. Stellen Sie daher sicher, dass Sie Ihre Fahrstunden vor Ablauf der zwei Jahre abschlie\u00dfen.<\/p>\n<p>2. <strong>F\u00fchrerschein auf Probe (PDL), auch bekannt als \u201eP\u201c-Kennzeichen f\u00fcr Fahrer<\/strong><br \/>\nSobald Sie alle Fahrstunden und Pr\u00fcfungen bestanden haben und von der Jabatan Pengangkutan Jalan oder dem Road Transport Department of Malaysia (JPJ) als qualifizierter Fahrer zertifiziert wurden, wird Ihnen ein PDL ausgestellt.<\/p>\n<p>Als Fahranf\u00e4nger unterliegen Sie dem 10-Punkte-System von KEJARA, bei dem Ihnen je nach Art der Verkehrsverst\u00f6\u00dfe Punkte abgezogen werden. Wenn Sie innerhalb von zwei Jahren als Fahrer mit P-Kennzeichen 10 Punkte ansammeln, wird Ihnen der F\u00fchrerschein entzogen. Als Fahranf\u00e4nger sind Sie verpflichtet, das P-Kennzeichen vorne und hinten an Ihrem Fahrzeug anzubringen.<\/p>\n<p>3. <strong>Kompetenter F\u00fchrerschein (CDL)<\/strong><br \/>\nDies ist der vollwertige F\u00fchrerschein, den Sie nach Ablauf der zweij\u00e4hrigen Probezeit erhalten k\u00f6nnen. Als CDL-Fahrer unterliegen Sie dem 15-Punkte-System von KEJARA, das Punkte f\u00fcr Verkehrsverst\u00f6\u00dfe abzieht und zur Aussetzung oder zum Entzug Ihres F\u00fchrerscheins f\u00fchrt.<\/p>\n<p>CDL-Lizenzen sind ein Jahr lang g\u00fcltig und laufen an Ihrem Geburtstag ab. Sie k\u00f6nnen sie jeweils um maximal f\u00fcnf Jahre verl\u00e4ngern. Die Verl\u00e4ngerungsgeb\u00fchr betr\u00e4gt 30 RM pro Jahr (zzgl. Steuern). Je nachdem, wo Sie Ihren F\u00fchrerschein verl\u00e4ngern, k\u00f6nnen zus\u00e4tzliche Servicegeb\u00fchren anfallen.<\/p>\n<p>Um Ihren CDL-F\u00fchrerschein zu erneuern, besuchen Sie einfach die n\u00e4chstgelegene POS Malaysia- oder JPJ-Filiale und bringen Sie Ihren MyKad (oder andere g\u00fcltige Ausweisdokumente) und Ihren bestehenden F\u00fchrerschein mit. Teilen Sie dem Kassierer mit, f\u00fcr wie viele Jahre Sie Ihren CDL-F\u00fchrerschein verl\u00e4ngern m\u00f6chten, und leisten Sie die Zahlung. Ihr neuer CDL-F\u00fchrerschein wird Ihnen sofort ausgestellt.<\/p>\n<p>4. <strong>Berufsf\u00fchrerschein (VDL)\/Gewerbef\u00fchrerschein<\/strong><br \/>\nObwohl sich dieser Artikel haupts\u00e4chlich auf den Erwerb eines Pkw-F\u00fchrerscheins konzentriert, sollten Sie bedenken, dass Sie auch einen speziellen F\u00fchrerschein f\u00fcr gewerbliche Zwecke, einschlie\u00dflich Busse und Lkw, erwerben k\u00f6nnen.<\/p>\n<p>5. <strong>INTERNATIONALER F\u00dcHRERSCHEIN (IDP)<\/strong><br \/>\nDieser F\u00fchrerschein berechtigt malaysische Fahrer zum Fahren im Ausland. Er ist besonders n\u00fctzlich, wenn Sie ins Ausland reisen und ein Auto mieten m\u00f6chten. Nur Inhaber eines CDL ab 18 Jahren k\u00f6nnen einen IDP beantragen. Inhaber eines PDL sind nicht berechtigt.<\/p>\n<p>&nbsp;<\/p>\n<h4>In Malaysia gibt es f\u00fcnf Hauptarten von F\u00fchrerscheinen, n\u00e4mlich<\/h4>\n<p>i) <strong>Lernf\u00fchrerschein (LDL)<\/strong><\/p>\n<p>Inhaber eines LDL d\u00fcrfen nur Fahrzeuge mit dem Kennzeichen \u201eL\u201c von Fahrschulen unter Aufsicht eines Fahrlehrers fahren. Mit einem Motorrad-LDL d\u00fcrfen sie ohne Sozius fahren. Der LDL kann alle 3 oder 6 Monate bis maximal 2 Jahre erneuert werden. Nach Ablauf der 2-Jahres-Frist m\u00fcssen LDL-Inhaber m\u00f6glicherweise die gesamten Fahrschulverfahren erneut beginnen, um einen neuen LDL zu erhalten.<\/p>\n<p>ii) <strong>F\u00fchrerschein auf Probe (PDL)<\/strong><\/p>\n<p>Dieser F\u00fchrerschein wird von Fahranf\u00e4ngern erworben, die alle Fahrstunden und -pr\u00fcfungen bestanden haben. Fahranf\u00e4nger unterliegen dem 10-Punkte-System von KEJARA, bei dem Punkte je nach Art der Verkehrsverst\u00f6\u00dfe abgezogen werden. Der F\u00fchrerschein wird entzogen, sobald ein F\u00fchrerscheininhaber 10 Strafpunkte gesammelt hat. Fahranf\u00e4nger m\u00fcssen das vorl\u00e4ufige Nummernschild (gekennzeichnet mit einem gro\u00dfen wei\u00dfen \u201eP\u201c auf rotem Grund) an der Vorder- und R\u00fcckseite ihres Fahrzeugs anbringen. Der F\u00fchrerschein kann nach zwei Jahren in einen vollwertigen F\u00fchrerschein (CDL) umgewandelt werden. F\u00fcr die Umwandlung des F\u00fchrerscheins gilt eine einj\u00e4hrige Schonfrist, bevor der F\u00fchrerscheininhaber die Fahrstunden von vorne beginnen muss.<\/p>\n<p>iii) <strong>Kompetenter F\u00fchrerschein (CDL)<\/strong><\/p>\n<p>Ein vollwertiger F\u00fchrerschein, der nach zwei Jahren vom PDL aufgewertet wird. Inhaber eines CDL m\u00fcssen das 15-Punkte-KEJARA-System durchlaufen, bevor ihr F\u00fchrerschein ausgesetzt oder entzogen werden kann. Der CDL kann alle ein, zwei, drei oder f\u00fcnf Jahre verl\u00e4ngert werden. Es besteht eine Nachfrist von drei Jahren, bevor der F\u00fchrerschein abl\u00e4uft. Nach Ablauf des F\u00fchrerscheins m\u00fcssen Inhaber eines CDL m\u00f6glicherweise den gesamten Fahrunterricht von vorne beginnen.<\/p>\n<p>iv) <strong>Berufsf\u00fchrerschein (VDL) oder gewerblicher F\u00fchrerschein<\/strong><\/p>\n<p>Spezieller F\u00fchrerschein f\u00fcr Fahrer von Nutzfahrzeugen wie Bussen und LKWs, gemeinsam ausgestellt vom Road Transport Department (JPJ) und dem Commercial Vehicle Licensing Board (LPKP).<\/p>\n<p>v) <strong>Internationaler F\u00fchrerschein (IDP)<\/strong><\/p>\n<p>International Driving Permit (IDP) allowed Malaysian to drive outside of the country. Check here on how to get the IDP in Malaysia.<\/p>","protected":false},"excerpt":{"rendered":"<p>Buy Malaysian Drivers License Online Buy a Malaysian drivers license online, Reasons you need a Malaysian driving license; you\u2019re an eager 17 year old wanting to independently drive yourself, or you\u2019re an expat or international student staying in Malaysia long term or you want to start driving for e-hailing companies like Grab. Before you signup [&hellip;]<\/p>\n","protected":false},"featured_media":2479,"comment_status":"open","ping_status":"closed","template":"","meta":{"site-sidebar-layout":"default","site-content-layout":"","ast-site-content-layout":"default","site-content-style":"default","site-sidebar-style":"default","ast-global-header-display":"","ast-banner-title-visibility":"","ast-main-header-display":"","ast-hfb-above-header-display":"","ast-hfb-below-header-display":"","ast-hfb-mobile-header-display":"","site-post-title":"","ast-breadcrumbs-content":"","ast-featured-img":"","footer-sml-layout":"","ast-disable-related-posts":"","theme-transparent-header-meta":"default","adv-header-id-meta":"","stick-header-meta":"","header-above-stick-meta":"","header-main-stick-meta":"","header-below-stick-meta":"","astra-migrate-meta-layouts":"set","ast-page-background-enabled":"default","ast-page-background-meta":{"desktop":{"background-color":"var(--ast-global-color-4)","background-image":"","background-repeat":"repeat","background-position":"center center","background-size":"auto","background-attachment":"scroll","background-type":"","background-media":"","overlay-type":"","overlay-color":"","overlay-opacity":"","overlay-gradient":""},"tablet":{"background-color":"","background-image":"","background-repeat":"repeat","background-position":"center center","background-size":"auto","background-attachment":"scroll","background-type":"","background-media":"","overlay-type":"","overlay-color":"","overlay-opacity":"","overlay-gradient":""},"mobile":{"background-color":"","background-image":"","background-repeat":"repeat","background-position":"center center","background-size":"auto","background-attachment":"scroll","background-type":"","background-media":"","overlay-type":"","overlay-color":"","overlay-opacity":"","overlay-gradient":""}},"ast-content-background-meta":{"desktop":{"background-color":"var(--ast-global-color-5)","background-image":"","background-repeat":"repeat","background-position":"center center","background-size":"auto","background-attachment":"scroll","background-type":"","background-media":"","overlay-type":"","overlay-color":"","overlay-opacity":"","overlay-gradient":""},"tablet":{"background-color":"var(--ast-global-color-5)","background-image":"","background-repeat":"repeat","background-position":"center center","background-size":"auto","background-attachment":"scroll","background-type":"","background-media":"","overlay-type":"","overlay-color":"","overlay-opacity":"","overlay-gradient":""},"mobile":{"background-color":"var(--ast-global-color-5)","background-image":"","background-repeat":"repeat","background-position":"center center","background-size":"auto","background-attachment":"scroll","background-type":"","background-media":"","overlay-type":"","overlay-color":"","overlay-opacity":"","overlay-gradient":""}}},"product_brand":[],"product_cat":[30],"product_tag":[],"class_list":{"0":"post-2477","1":"product","2":"type-product","3":"status-publish","4":"has-post-thumbnail","6":"product_cat-buy-drivers-license","7":"desktop-align-left","8":"tablet-align-left","9":"mobile-align-left","11":"first","12":"instock","13":"shipping-taxable","14":"purchasable","15":"product-type-variable"},"yoast_head":"<!-- This site is optimized with the Yoast SEO Premium plugin v24.7 (Yoast SEO v27.1.1) - https:\/\/yoast.com\/product\/yoast-seo-premium-wordpress\/ -->\n<title>Buy Malaysian Drivers License Online<\/title>\n<meta name=\"description\" content=\"Buy Malaysian Drivers License Online Buy a Malaysian drivers license online, Reasons you need a Malaysian driving license; you\u2019re an eager 17 year old\" \/>\n<meta name=\"robots\" content=\"index, follow, max-snippet:-1, max-image-preview:large, max-video-preview:-1\" \/>\n<link rel=\"canonical\" href=\"https:\/\/fahrerlaubnisnetz.com\/de\/produkt\/malaysischen-fuhrerschein-kaufen-online\/\" \/>\n<meta property=\"og:locale\" content=\"de_DE\" \/>\n<meta property=\"og:type\" content=\"article\" \/>\n<meta property=\"og:title\" content=\"Buy Malaysian Drivers License Online\" \/>\n<meta property=\"og:description\" content=\"Buy Malaysian Drivers License Online Buy a Malaysian drivers license online, Reasons you need a Malaysian driving license; you\u2019re an eager 17 year old\" \/>\n<meta property=\"og:url\" content=\"https:\/\/fahrerlaubnisnetz.com\/de\/produkt\/malaysischen-fuhrerschein-kaufen-online\/\" \/>\n<meta property=\"og:site_name\" content=\"Fahrerlaubnis Netz\" \/>\n<meta property=\"article:modified_time\" content=\"2025-11-18T10:05:35+00:00\" \/>\n<meta property=\"og:image\" content=\"https:\/\/fahrerlaubnisnetz.com\/wp-content\/uploads\/2025\/04\/image_2025-04-11_163224525.png\" \/>\n\t<meta property=\"og:image:width\" content=\"922\" \/>\n\t<meta property=\"og:image:height\" content=\"569\" \/>\n\t<meta property=\"og:image:type\" content=\"image\/png\" \/>\n<meta name=\"twitter:card\" content=\"summary_large_image\" \/>\n<meta name=\"twitter:label1\" content=\"Gesch\u00e4tzte Lesezeit\" \/>\n\t<meta name=\"twitter:data1\" content=\"5\u00a0Minuten\" \/>\n<script type=\"application\/ld+json\" class=\"yoast-schema-graph\">{\"@context\":\"https:\/\/schema.org\",\"@graph\":[{\"@type\":\"WebPage\",\"@id\":\"https:\/\/fahrerlaubnisnetz.com\/product\/buy-malaysian-drivers-license-online\/\",\"url\":\"https:\/\/fahrerlaubnisnetz.com\/product\/buy-malaysian-drivers-license-online\/\",\"name\":\"Buy Malaysian Drivers License Online\",\"isPartOf\":{\"@id\":\"https:\/\/fahrerlaubnisnetz.com\/#website\"},\"primaryImageOfPage\":{\"@id\":\"https:\/\/fahrerlaubnisnetz.com\/product\/buy-malaysian-drivers-license-online\/#primaryimage\"},\"image\":{\"@id\":\"https:\/\/fahrerlaubnisnetz.com\/product\/buy-malaysian-drivers-license-online\/#primaryimage\"},\"thumbnailUrl\":\"https:\/\/fahrerlaubnisnetz.com\/wp-content\/uploads\/2025\/04\/image_2025-04-11_163224525.png\",\"datePublished\":\"2025-04-11T15:58:01+00:00\",\"dateModified\":\"2025-11-18T10:05:35+00:00\",\"description\":\"Buy Malaysian Drivers License Online Buy a Malaysian drivers license online, Reasons you need a Malaysian driving license; you\u2019re an eager 17 year old\",\"breadcrumb\":{\"@id\":\"https:\/\/fahrerlaubnisnetz.com\/product\/buy-malaysian-drivers-license-online\/#breadcrumb\"},\"inLanguage\":\"de\",\"potentialAction\":[{\"@type\":\"ReadAction\",\"target\":[\"https:\/\/fahrerlaubnisnetz.com\/product\/buy-malaysian-drivers-license-online\/\"]}]},{\"@type\":\"ImageObject\",\"inLanguage\":\"de\",\"@id\":\"https:\/\/fahrerlaubnisnetz.com\/product\/buy-malaysian-drivers-license-online\/#primaryimage\",\"url\":\"https:\/\/fahrerlaubnisnetz.com\/wp-content\/uploads\/2025\/04\/image_2025-04-11_163224525.png\",\"contentUrl\":\"https:\/\/fahrerlaubnisnetz.com\/wp-content\/uploads\/2025\/04\/image_2025-04-11_163224525.png\",\"width\":922,\"height\":569,\"caption\":\"Getting a Malaysian Driving License, fake drivers license, original driving license\"},{\"@type\":\"BreadcrumbList\",\"@id\":\"https:\/\/fahrerlaubnisnetz.com\/product\/buy-malaysian-drivers-license-online\/#breadcrumb\",\"itemListElement\":[{\"@type\":\"ListItem\",\"position\":1,\"name\":\"Home\",\"item\":\"https:\/\/fahrerlaubnisnetz.com\/\"},{\"@type\":\"ListItem\",\"position\":2,\"name\":\"All Services\",\"item\":\"https:\/\/fahrerlaubnisnetz.com\/shop\/\"},{\"@type\":\"ListItem\",\"position\":3,\"name\":\"Buy Malaysian Drivers License Online\"}]},{\"@type\":\"WebSite\",\"@id\":\"https:\/\/fahrerlaubnisnetz.com\/#website\",\"url\":\"https:\/\/fahrerlaubnisnetz.com\/\",\"name\":\"FAHRERLAUBNIS NETZ\",\"description\":\"Buy Original Drivers License, Pasport Online\",\"publisher\":{\"@id\":\"https:\/\/fahrerlaubnisnetz.com\/#organization\"},\"alternateName\":\"DRIVER'S LICENSE NETWORK\",\"potentialAction\":[{\"@type\":\"SearchAction\",\"target\":{\"@type\":\"EntryPoint\",\"urlTemplate\":\"https:\/\/fahrerlaubnisnetz.com\/?s={search_term_string}\"},\"query-input\":{\"@type\":\"PropertyValueSpecification\",\"valueRequired\":true,\"valueName\":\"search_term_string\"}}],\"inLanguage\":\"de\"},{\"@type\":\"Organization\",\"@id\":\"https:\/\/fahrerlaubnisnetz.com\/#organization\",\"name\":\"FAHRERLAUBNIS NETZ\",\"alternateName\":\"DRIVER'S LICENSE NETWORK\",\"url\":\"https:\/\/fahrerlaubnisnetz.com\/\",\"logo\":{\"@type\":\"ImageObject\",\"inLanguage\":\"de\",\"@id\":\"https:\/\/fahrerlaubnisnetz.com\/#\/schema\/logo\/image\/\",\"url\":\"https:\/\/fahrerlaubnisnetz.com\/wp-content\/uploads\/2025\/03\/image_2025-03-21_162823337.png\",\"contentUrl\":\"https:\/\/fahrerlaubnisnetz.com\/wp-content\/uploads\/2025\/03\/image_2025-03-21_162823337.png\",\"width\":590,\"height\":288,\"caption\":\"FAHRERLAUBNIS NETZ\"},\"image\":{\"@id\":\"https:\/\/fahrerlaubnisnetz.com\/#\/schema\/logo\/image\/\"}}]}<\/script>\n<!-- \/ Yoast SEO Premium plugin. -->","yoast_head_json":{"title":"Malaysischen F\u00fchrerschein online kaufen","description":"Malaysischen F\u00fchrerschein online kaufen Einen malaysischen F\u00fchrerschein online kaufen, Gr\u00fcnde, warum Sie einen malaysischen F\u00fchrerschein brauchen; Sie sind ein eifriger 17-J\u00e4hriger","robots":{"index":"index","follow":"follow","max-snippet":"max-snippet:-1","max-image-preview":"max-image-preview:large","max-video-preview":"max-video-preview:-1"},"canonical":"https:\/\/fahrerlaubnisnetz.com\/de\/produkt\/malaysischen-fuhrerschein-kaufen-online\/","og_locale":"de_DE","og_type":"article","og_title":"Buy Malaysian Drivers License Online","og_description":"Buy Malaysian Drivers License Online Buy a Malaysian drivers license online, Reasons you need a Malaysian driving license; you\u2019re an eager 17 year old","og_url":"https:\/\/fahrerlaubnisnetz.com\/de\/produkt\/malaysischen-fuhrerschein-kaufen-online\/","og_site_name":"Fahrerlaubnis Netz","article_modified_time":"2025-11-18T10:05:35+00:00","og_image":[{"width":922,"height":569,"url":"https:\/\/fahrerlaubnisnetz.com\/wp-content\/uploads\/2025\/04\/image_2025-04-11_163224525.png","type":"image\/png"}],"twitter_card":"summary_large_image","twitter_misc":{"Gesch\u00e4tzte Lesezeit":"5\u00a0Minuten"},"schema":{"@context":"https:\/\/schema.org","@graph":[{"@type":"WebPage","@id":"https:\/\/fahrerlaubnisnetz.com\/product\/buy-malaysian-drivers-license-online\/","url":"https:\/\/fahrerlaubnisnetz.com\/product\/buy-malaysian-drivers-license-online\/","name":"Malaysischen F\u00fchrerschein online kaufen","isPartOf":{"@id":"https:\/\/fahrerlaubnisnetz.com\/#website"},"primaryImageOfPage":{"@id":"https:\/\/fahrerlaubnisnetz.com\/product\/buy-malaysian-drivers-license-online\/#primaryimage"},"image":{"@id":"https:\/\/fahrerlaubnisnetz.com\/product\/buy-malaysian-drivers-license-online\/#primaryimage"},"thumbnailUrl":"https:\/\/fahrerlaubnisnetz.com\/wp-content\/uploads\/2025\/04\/image_2025-04-11_163224525.png","datePublished":"2025-04-11T15:58:01+00:00","dateModified":"2025-11-18T10:05:35+00:00","description":"Malaysischen F\u00fchrerschein online kaufen Einen malaysischen F\u00fchrerschein online kaufen, Gr\u00fcnde, warum Sie einen malaysischen F\u00fchrerschein brauchen; Sie sind ein eifriger 17-J\u00e4hriger","breadcrumb":{"@id":"https:\/\/fahrerlaubnisnetz.com\/product\/buy-malaysian-drivers-license-online\/#breadcrumb"},"inLanguage":"de","potentialAction":[{"@type":"ReadAction","target":["https:\/\/fahrerlaubnisnetz.com\/product\/buy-malaysian-drivers-license-online\/"]}]},{"@type":"ImageObject","inLanguage":"de","@id":"https:\/\/fahrerlaubnisnetz.com\/product\/buy-malaysian-drivers-license-online\/#primaryimage","url":"https:\/\/fahrerlaubnisnetz.com\/wp-content\/uploads\/2025\/04\/image_2025-04-11_163224525.png","contentUrl":"https:\/\/fahrerlaubnisnetz.com\/wp-content\/uploads\/2025\/04\/image_2025-04-11_163224525.png","width":922,"height":569,"caption":"Getting a Malaysian Driving License, fake drivers license, original driving license"},{"@type":"BreadcrumbList","@id":"https:\/\/fahrerlaubnisnetz.com\/product\/buy-malaysian-drivers-license-online\/#breadcrumb","itemListElement":[{"@type":"ListItem","position":1,"name":"Home","item":"https:\/\/fahrerlaubnisnetz.com\/"},{"@type":"ListItem","position":2,"name":"All Services","item":"https:\/\/fahrerlaubnisnetz.com\/shop\/"},{"@type":"ListItem","position":3,"name":"Buy Malaysian Drivers License Online"}]},{"@type":"WebSite","@id":"https:\/\/fahrerlaubnisnetz.com\/#website","url":"https:\/\/fahrerlaubnisnetz.com\/","name":"FAHRERLAUBNIS NETZ","description":"Kaufen Sie den Original-F\u00fchrerschein oder Reisepass online","publisher":{"@id":"https:\/\/fahrerlaubnisnetz.com\/#organization"},"alternateName":"DRIVER'S LICENSE NETWORK","potentialAction":[{"@type":"SearchAction","target":{"@type":"EntryPoint","urlTemplate":"https:\/\/fahrerlaubnisnetz.com\/?s={search_term_string}"},"query-input":{"@type":"PropertyValueSpecification","valueRequired":true,"valueName":"search_term_string"}}],"inLanguage":"de"},{"@type":"Organization","@id":"https:\/\/fahrerlaubnisnetz.com\/#organization","name":"FAHRERLAUBNIS NETZ","alternateName":"DRIVER'S LICENSE NETWORK","url":"https:\/\/fahrerlaubnisnetz.com\/","logo":{"@type":"ImageObject","inLanguage":"de","@id":"https:\/\/fahrerlaubnisnetz.com\/#\/schema\/logo\/image\/","url":"https:\/\/fahrerlaubnisnetz.com\/wp-content\/uploads\/2025\/03\/image_2025-03-21_162823337.png","contentUrl":"https:\/\/fahrerlaubnisnetz.com\/wp-content\/uploads\/2025\/03\/image_2025-03-21_162823337.png","width":590,"height":288,"caption":"FAHRERLAUBNIS NETZ"},"image":{"@id":"https:\/\/fahrerlaubnisnetz.com\/#\/schema\/logo\/image\/"}}]}},"_links":{"self":[{"href":"https:\/\/fahrerlaubnisnetz.com\/de\/wp-json\/wp\/v2\/product\/2477","targetHints":{"allow":["GET"]}}],"collection":[{"href":"https:\/\/fahrerlaubnisnetz.com\/de\/wp-json\/wp\/v2\/product"}],"about":[{"href":"https:\/\/fahrerlaubnisnetz.com\/de\/wp-json\/wp\/v2\/types\/product"}],"replies":[{"embeddable":true,"href":"https:\/\/fahrerlaubnisnetz.com\/de\/wp-json\/wp\/v2\/comments?post=2477"}],"wp:featuredmedia":[{"embeddable":true,"href":"https:\/\/fahrerlaubnisnetz.com\/de\/wp-json\/wp\/v2\/media\/2479"}],"wp:attachment":[{"href":"https:\/\/fahrerlaubnisnetz.com\/de\/wp-json\/wp\/v2\/media?parent=2477"}],"wp:term":[{"taxonomy":"product_brand","embeddable":true,"href":"https:\/\/fahrerlaubnisnetz.com\/de\/wp-json\/wp\/v2\/product_brand?post=2477"},{"taxonomy":"product_cat","embeddable":true,"href":"https:\/\/fahrerlaubnisnetz.com\/de\/wp-json\/wp\/v2\/product_cat?post=2477"},{"taxonomy":"product_tag","embeddable":true,"href":"https:\/\/fahrerlaubnisnetz.com\/de\/wp-json\/wp\/v2\/product_tag?post=2477"}],"curies":[{"name":"wp","href":"https:\/\/api.w.org\/{rel}","templated":true}]}}