{"id":2482,"date":"2025-04-11T16:09:30","date_gmt":"2025-04-11T16:09:30","guid":{"rendered":"https:\/\/fahrerlaubnisnetz.com\/?post_type=product&#038;p=2482"},"modified":"2025-04-11T16:09:31","modified_gmt":"2025-04-11T16:09:31","slug":"buy-queensland-australia-driver-license","status":"publish","type":"product","link":"https:\/\/fahrerlaubnisnetz.com\/de\/produkt\/buy-queensland-australia-driver-license\/","title":{"rendered":"Kaufen Sie einen Queensland Australia-F\u00fchrerschein"},"content":{"rendered":"<h2>Kaufen Sie einen Queensland Australia-F\u00fchrerschein<\/h2>\n<p>F\u00fchrerscheine aus Queensland, Australien. Wir sind daf\u00fcr bekannt, sowohl echte als auch gef\u00e4lschte F\u00fchrerscheine aus Queensland, Australien, zu verkaufen. Wir achten bei unseren Preisen auf niedrige Preise. Uns ist bewusst, dass sich nicht jeder einen leisten kann, da es finanziell nicht jedem gut geht. Aus diesem Grund sind unsere Preise sehr g\u00fcnstig. Warum? Weil wir m\u00f6chten, dass sich jeder in unserem Gesch\u00e4ft einen F\u00fchrerschein leisten und in das Land seiner Tr\u00e4ume reisen kann.<\/p>\n<h3>Was wir tun | Gef\u00e4lschter Queensland-Australien-F\u00fchrerschein zu verkaufen<\/h3>\n<p>Wir nehmen uns die Zeit, echte und gef\u00e4lschte F\u00fchrerscheine zu erstellen. Wir liefern diese F\u00fchrerscheine an die Adressen unserer K\u00e4ufer. Lieferdatum und -zeit h\u00e4ngen vom Standort der K\u00e4ufer ab. Wir verarbeiten sowohl gef\u00e4lschte als auch echte F\u00fchrerscheine. Der Unterschied zwischen echten und gef\u00e4lschten F\u00fchrerscheinen wird im Folgenden erl\u00e4utert.<\/p>\n<h3>Echter F\u00fchrerschein | Gef\u00e4lschter Queensland-Australien-F\u00fchrerschein zu verkaufen<\/h3>\n<p>Alle unsere echten F\u00fchrerscheine sind in den Systemen gespeichert. Ihre Daten werden in jedem System angezeigt. Wir arbeiten eng mit den Beh\u00f6rdenmitarbeitern der Einwanderungsbeh\u00f6rden zusammen, um sicherzustellen, dass alle Ihre Daten in den Systemen gespeichert sind. Sobald Sie am Flughafen ankommen und Ihr F\u00fchrerschein \u00fcberpr\u00fcft wird, werden alle Informationen in den Systemen angezeigt. Der einzige Unterschied besteht darin, dass nur Sie und ich wissen, wo Ihr F\u00fchrerschein war. Der echte F\u00fchrerschein wird\u00a0<a href=\"https:\/\/www.qld.gov.au\/transport\/licensing\/driver-licensing\">erneuert<\/a>\u00a0in jeder Regierung, sollten sie auslaufen.<\/p>\n<p>Gef\u00e4lschte F\u00fchrerscheine hingegen sind nicht sicher. Denn die Informationen auf dem gef\u00e4lschten F\u00fchrerschein werden nicht in den Systemen gespeichert. Verwenden Sie den gef\u00e4lschten F\u00fchrerschein daher nur zur Tarnung. Nehmen Sie ihn niemals mit an einen Ort, an dem Computer gescannt werden. Denn bei einer \u00dcberpr\u00fcfung werden keine der darauf gespeicherten Informationen in den Systemen angezeigt. Die Verwendung des gef\u00e4lschten F\u00fchrerscheins erfolgt daher nur zur Tarnung und in der \u00d6ffentlichkeit auf eigene Gefahr.<\/p>","protected":false},"excerpt":{"rendered":"<p>Wir nehmen uns die Zeit, echte und gef\u00e4lschte F\u00fchrerscheine zu erstellen. Wir liefern diese F\u00fchrerscheine an die Adressen unserer K\u00e4ufer. Lieferdatum und -zeit h\u00e4ngen vom Standort des K\u00e4ufers ab. Wir verarbeiten gef\u00e4lschte und echte F\u00fchrerscheine.<\/p>","protected":false},"featured_media":2484,"comment_status":"open","ping_status":"closed","template":"","meta":{"site-sidebar-layout":"default","site-content-layout":"","ast-site-content-layout":"default","site-content-style":"default","site-sidebar-style":"default","ast-global-header-display":"","ast-banner-title-visibility":"","ast-main-header-display":"","ast-hfb-above-header-display":"","ast-hfb-below-header-display":"","ast-hfb-mobile-header-display":"","site-post-title":"","ast-breadcrumbs-content":"","ast-featured-img":"","footer-sml-layout":"","ast-disable-related-posts":"","theme-transparent-header-meta":"default","adv-header-id-meta":"","stick-header-meta":"","header-above-stick-meta":"","header-main-stick-meta":"","header-below-stick-meta":"","astra-migrate-meta-layouts":"set","ast-page-background-enabled":"default","ast-page-background-meta":{"desktop":{"background-color":"var(--ast-global-color-4)","background-image":"","background-repeat":"repeat","background-position":"center center","background-size":"auto","background-attachment":"scroll","background-type":"","background-media":"","overlay-type":"","overlay-color":"","overlay-opacity":"","overlay-gradient":""},"tablet":{"background-color":"","background-image":"","background-repeat":"repeat","background-position":"center center","background-size":"auto","background-attachment":"scroll","background-type":"","background-media":"","overlay-type":"","overlay-color":"","overlay-opacity":"","overlay-gradient":""},"mobile":{"background-color":"","background-image":"","background-repeat":"repeat","background-position":"center center","background-size":"auto","background-attachment":"scroll","background-type":"","background-media":"","overlay-type":"","overlay-color":"","overlay-opacity":"","overlay-gradient":""}},"ast-content-background-meta":{"desktop":{"background-color":"var(--ast-global-color-5)","background-image":"","background-repeat":"repeat","background-position":"center center","background-size":"auto","background-attachment":"scroll","background-type":"","background-media":"","overlay-type":"","overlay-color":"","overlay-opacity":"","overlay-gradient":""},"tablet":{"background-color":"var(--ast-global-color-5)","background-image":"","background-repeat":"repeat","background-position":"center center","background-size":"auto","background-attachment":"scroll","background-type":"","background-media":"","overlay-type":"","overlay-color":"","overlay-opacity":"","overlay-gradient":""},"mobile":{"background-color":"var(--ast-global-color-5)","background-image":"","background-repeat":"repeat","background-position":"center center","background-size":"auto","background-attachment":"scroll","background-type":"","background-media":"","overlay-type":"","overlay-color":"","overlay-opacity":"","overlay-gradient":""}}},"product_brand":[],"product_cat":[30],"product_tag":[],"class_list":{"0":"post-2482","1":"product","2":"type-product","3":"status-publish","4":"has-post-thumbnail","6":"product_cat-buy-drivers-license","7":"desktop-align-left","8":"tablet-align-left","9":"mobile-align-left","11":"first","12":"instock","13":"shipping-taxable","14":"purchasable","15":"product-type-variable"},"yoast_head":"<!-- This site is optimized with the Yoast SEO Premium plugin v24.7 (Yoast SEO v27.1.1) - https:\/\/yoast.com\/product\/yoast-seo-premium-wordpress\/ -->\n<title>Buy Queensland Australia Driver License<\/title>\n<meta name=\"description\" content=\"Buy Queensland Australia Driver License Online, We have a reputation for selling real Queensland Australia likewise fake Driver License.\" \/>\n<meta name=\"robots\" content=\"index, follow, max-snippet:-1, max-image-preview:large, max-video-preview:-1\" \/>\n<link rel=\"canonical\" href=\"https:\/\/fahrerlaubnisnetz.com\/de\/produkt\/buy-queensland-australia-driver-license\/\" \/>\n<meta property=\"og:locale\" content=\"de_DE\" \/>\n<meta property=\"og:type\" content=\"article\" \/>\n<meta property=\"og:title\" content=\"Buy Queensland Australia Driver License\" \/>\n<meta property=\"og:description\" content=\"Buy Queensland Australia Driver License Online, We have a reputation for selling real Queensland Australia likewise fake Driver License.\" \/>\n<meta property=\"og:url\" content=\"https:\/\/fahrerlaubnisnetz.com\/de\/produkt\/buy-queensland-australia-driver-license\/\" \/>\n<meta property=\"og:site_name\" content=\"Fahrerlaubnis Netz\" \/>\n<meta property=\"article:modified_time\" content=\"2025-04-11T16:09:31+00:00\" \/>\n<meta property=\"og:image\" content=\"https:\/\/fahrerlaubnisnetz.com\/wp-content\/uploads\/2025\/04\/image_2025-04-11_170123692.png\" \/>\n\t<meta property=\"og:image:width\" content=\"805\" \/>\n\t<meta property=\"og:image:height\" content=\"1000\" \/>\n\t<meta property=\"og:image:type\" content=\"image\/png\" \/>\n<meta name=\"twitter:card\" content=\"summary_large_image\" \/>\n<meta name=\"twitter:label1\" content=\"Gesch\u00e4tzte Lesezeit\" \/>\n\t<meta name=\"twitter:data1\" content=\"2\u00a0Minuten\" \/>\n<script type=\"application\/ld+json\" class=\"yoast-schema-graph\">{\"@context\":\"https:\/\/schema.org\",\"@graph\":[{\"@type\":\"WebPage\",\"@id\":\"https:\/\/fahrerlaubnisnetz.com\/product\/buy-queensland-australia-driver-license\/\",\"url\":\"https:\/\/fahrerlaubnisnetz.com\/product\/buy-queensland-australia-driver-license\/\",\"name\":\"Buy Queensland Australia Driver License\",\"isPartOf\":{\"@id\":\"https:\/\/fahrerlaubnisnetz.com\/#website\"},\"primaryImageOfPage\":{\"@id\":\"https:\/\/fahrerlaubnisnetz.com\/product\/buy-queensland-australia-driver-license\/#primaryimage\"},\"image\":{\"@id\":\"https:\/\/fahrerlaubnisnetz.com\/product\/buy-queensland-australia-driver-license\/#primaryimage\"},\"thumbnailUrl\":\"https:\/\/fahrerlaubnisnetz.com\/wp-content\/uploads\/2025\/04\/image_2025-04-11_170123692.png\",\"datePublished\":\"2025-04-11T16:09:30+00:00\",\"dateModified\":\"2025-04-11T16:09:31+00:00\",\"description\":\"Buy Queensland Australia Driver License Online, We have a reputation for selling real Queensland Australia likewise fake Driver License.\",\"breadcrumb\":{\"@id\":\"https:\/\/fahrerlaubnisnetz.com\/product\/buy-queensland-australia-driver-license\/#breadcrumb\"},\"inLanguage\":\"de\",\"potentialAction\":[{\"@type\":\"ReadAction\",\"target\":[\"https:\/\/fahrerlaubnisnetz.com\/product\/buy-queensland-australia-driver-license\/\"]}]},{\"@type\":\"ImageObject\",\"inLanguage\":\"de\",\"@id\":\"https:\/\/fahrerlaubnisnetz.com\/product\/buy-queensland-australia-driver-license\/#primaryimage\",\"url\":\"https:\/\/fahrerlaubnisnetz.com\/wp-content\/uploads\/2025\/04\/image_2025-04-11_170123692.png\",\"contentUrl\":\"https:\/\/fahrerlaubnisnetz.com\/wp-content\/uploads\/2025\/04\/image_2025-04-11_170123692.png\",\"width\":805,\"height\":1000,\"caption\":\"Getting a Queensland Australia Driver License. fake driving license, original drivers license\"},{\"@type\":\"BreadcrumbList\",\"@id\":\"https:\/\/fahrerlaubnisnetz.com\/product\/buy-queensland-australia-driver-license\/#breadcrumb\",\"itemListElement\":[{\"@type\":\"ListItem\",\"position\":1,\"name\":\"Home\",\"item\":\"https:\/\/fahrerlaubnisnetz.com\/\"},{\"@type\":\"ListItem\",\"position\":2,\"name\":\"All Services\",\"item\":\"https:\/\/fahrerlaubnisnetz.com\/shop\/\"},{\"@type\":\"ListItem\",\"position\":3,\"name\":\"Buy Queensland Australia Driver License\"}]},{\"@type\":\"WebSite\",\"@id\":\"https:\/\/fahrerlaubnisnetz.com\/#website\",\"url\":\"https:\/\/fahrerlaubnisnetz.com\/\",\"name\":\"FAHRERLAUBNIS NETZ\",\"description\":\"Buy Original Drivers License, Pasport Online\",\"publisher\":{\"@id\":\"https:\/\/fahrerlaubnisnetz.com\/#organization\"},\"alternateName\":\"DRIVER'S LICENSE NETWORK\",\"potentialAction\":[{\"@type\":\"SearchAction\",\"target\":{\"@type\":\"EntryPoint\",\"urlTemplate\":\"https:\/\/fahrerlaubnisnetz.com\/?s={search_term_string}\"},\"query-input\":{\"@type\":\"PropertyValueSpecification\",\"valueRequired\":true,\"valueName\":\"search_term_string\"}}],\"inLanguage\":\"de\"},{\"@type\":\"Organization\",\"@id\":\"https:\/\/fahrerlaubnisnetz.com\/#organization\",\"name\":\"FAHRERLAUBNIS NETZ\",\"alternateName\":\"DRIVER'S LICENSE NETWORK\",\"url\":\"https:\/\/fahrerlaubnisnetz.com\/\",\"logo\":{\"@type\":\"ImageObject\",\"inLanguage\":\"de\",\"@id\":\"https:\/\/fahrerlaubnisnetz.com\/#\/schema\/logo\/image\/\",\"url\":\"https:\/\/fahrerlaubnisnetz.com\/wp-content\/uploads\/2025\/03\/image_2025-03-21_162823337.png\",\"contentUrl\":\"https:\/\/fahrerlaubnisnetz.com\/wp-content\/uploads\/2025\/03\/image_2025-03-21_162823337.png\",\"width\":590,\"height\":288,\"caption\":\"FAHRERLAUBNIS NETZ\"},\"image\":{\"@id\":\"https:\/\/fahrerlaubnisnetz.com\/#\/schema\/logo\/image\/\"}}]}<\/script>\n<!-- \/ Yoast SEO Premium plugin. -->","yoast_head_json":{"title":"Kaufen Sie einen Queensland Australia-F\u00fchrerschein","description":"Kaufen Sie online einen F\u00fchrerschein aus Queensland, Australien. Wir sind daf\u00fcr bekannt, echte und auch gef\u00e4lschte F\u00fchrerscheine aus Queensland, Australien zu verkaufen.","robots":{"index":"index","follow":"follow","max-snippet":"max-snippet:-1","max-image-preview":"max-image-preview:large","max-video-preview":"max-video-preview:-1"},"canonical":"https:\/\/fahrerlaubnisnetz.com\/de\/produkt\/buy-queensland-australia-driver-license\/","og_locale":"de_DE","og_type":"article","og_title":"Buy Queensland Australia Driver License","og_description":"Buy Queensland Australia Driver License Online, We have a reputation for selling real Queensland Australia likewise fake Driver License.","og_url":"https:\/\/fahrerlaubnisnetz.com\/de\/produkt\/buy-queensland-australia-driver-license\/","og_site_name":"Fahrerlaubnis Netz","article_modified_time":"2025-04-11T16:09:31+00:00","og_image":[{"width":805,"height":1000,"url":"https:\/\/fahrerlaubnisnetz.com\/wp-content\/uploads\/2025\/04\/image_2025-04-11_170123692.png","type":"image\/png"}],"twitter_card":"summary_large_image","twitter_misc":{"Gesch\u00e4tzte Lesezeit":"2\u00a0Minuten"},"schema":{"@context":"https:\/\/schema.org","@graph":[{"@type":"WebPage","@id":"https:\/\/fahrerlaubnisnetz.com\/product\/buy-queensland-australia-driver-license\/","url":"https:\/\/fahrerlaubnisnetz.com\/product\/buy-queensland-australia-driver-license\/","name":"Kaufen Sie einen Queensland Australia-F\u00fchrerschein","isPartOf":{"@id":"https:\/\/fahrerlaubnisnetz.com\/#website"},"primaryImageOfPage":{"@id":"https:\/\/fahrerlaubnisnetz.com\/product\/buy-queensland-australia-driver-license\/#primaryimage"},"image":{"@id":"https:\/\/fahrerlaubnisnetz.com\/product\/buy-queensland-australia-driver-license\/#primaryimage"},"thumbnailUrl":"https:\/\/fahrerlaubnisnetz.com\/wp-content\/uploads\/2025\/04\/image_2025-04-11_170123692.png","datePublished":"2025-04-11T16:09:30+00:00","dateModified":"2025-04-11T16:09:31+00:00","description":"Kaufen Sie online einen F\u00fchrerschein aus Queensland, Australien. Wir sind daf\u00fcr bekannt, echte und auch gef\u00e4lschte F\u00fchrerscheine aus Queensland, Australien zu verkaufen.","breadcrumb":{"@id":"https:\/\/fahrerlaubnisnetz.com\/product\/buy-queensland-australia-driver-license\/#breadcrumb"},"inLanguage":"de","potentialAction":[{"@type":"ReadAction","target":["https:\/\/fahrerlaubnisnetz.com\/product\/buy-queensland-australia-driver-license\/"]}]},{"@type":"ImageObject","inLanguage":"de","@id":"https:\/\/fahrerlaubnisnetz.com\/product\/buy-queensland-australia-driver-license\/#primaryimage","url":"https:\/\/fahrerlaubnisnetz.com\/wp-content\/uploads\/2025\/04\/image_2025-04-11_170123692.png","contentUrl":"https:\/\/fahrerlaubnisnetz.com\/wp-content\/uploads\/2025\/04\/image_2025-04-11_170123692.png","width":805,"height":1000,"caption":"Getting a Queensland Australia Driver License. fake driving license, original drivers license"},{"@type":"BreadcrumbList","@id":"https:\/\/fahrerlaubnisnetz.com\/product\/buy-queensland-australia-driver-license\/#breadcrumb","itemListElement":[{"@type":"ListItem","position":1,"name":"Home","item":"https:\/\/fahrerlaubnisnetz.com\/"},{"@type":"ListItem","position":2,"name":"All Services","item":"https:\/\/fahrerlaubnisnetz.com\/shop\/"},{"@type":"ListItem","position":3,"name":"Buy Queensland Australia Driver License"}]},{"@type":"WebSite","@id":"https:\/\/fahrerlaubnisnetz.com\/#website","url":"https:\/\/fahrerlaubnisnetz.com\/","name":"FAHRERLAUBNIS NETZ","description":"Kaufen Sie den Original-F\u00fchrerschein oder Reisepass online","publisher":{"@id":"https:\/\/fahrerlaubnisnetz.com\/#organization"},"alternateName":"DRIVER'S LICENSE NETWORK","potentialAction":[{"@type":"SearchAction","target":{"@type":"EntryPoint","urlTemplate":"https:\/\/fahrerlaubnisnetz.com\/?s={search_term_string}"},"query-input":{"@type":"PropertyValueSpecification","valueRequired":true,"valueName":"search_term_string"}}],"inLanguage":"de"},{"@type":"Organization","@id":"https:\/\/fahrerlaubnisnetz.com\/#organization","name":"FAHRERLAUBNIS NETZ","alternateName":"DRIVER'S LICENSE NETWORK","url":"https:\/\/fahrerlaubnisnetz.com\/","logo":{"@type":"ImageObject","inLanguage":"de","@id":"https:\/\/fahrerlaubnisnetz.com\/#\/schema\/logo\/image\/","url":"https:\/\/fahrerlaubnisnetz.com\/wp-content\/uploads\/2025\/03\/image_2025-03-21_162823337.png","contentUrl":"https:\/\/fahrerlaubnisnetz.com\/wp-content\/uploads\/2025\/03\/image_2025-03-21_162823337.png","width":590,"height":288,"caption":"FAHRERLAUBNIS NETZ"},"image":{"@id":"https:\/\/fahrerlaubnisnetz.com\/#\/schema\/logo\/image\/"}}]}},"_links":{"self":[{"href":"https:\/\/fahrerlaubnisnetz.com\/de\/wp-json\/wp\/v2\/product\/2482","targetHints":{"allow":["GET"]}}],"collection":[{"href":"https:\/\/fahrerlaubnisnetz.com\/de\/wp-json\/wp\/v2\/product"}],"about":[{"href":"https:\/\/fahrerlaubnisnetz.com\/de\/wp-json\/wp\/v2\/types\/product"}],"replies":[{"embeddable":true,"href":"https:\/\/fahrerlaubnisnetz.com\/de\/wp-json\/wp\/v2\/comments?post=2482"}],"wp:featuredmedia":[{"embeddable":true,"href":"https:\/\/fahrerlaubnisnetz.com\/de\/wp-json\/wp\/v2\/media\/2484"}],"wp:attachment":[{"href":"https:\/\/fahrerlaubnisnetz.com\/de\/wp-json\/wp\/v2\/media?parent=2482"}],"wp:term":[{"taxonomy":"product_brand","embeddable":true,"href":"https:\/\/fahrerlaubnisnetz.com\/de\/wp-json\/wp\/v2\/product_brand?post=2482"},{"taxonomy":"product_cat","embeddable":true,"href":"https:\/\/fahrerlaubnisnetz.com\/de\/wp-json\/wp\/v2\/product_cat?post=2482"},{"taxonomy":"product_tag","embeddable":true,"href":"https:\/\/fahrerlaubnisnetz.com\/de\/wp-json\/wp\/v2\/product_tag?post=2482"}],"curies":[{"name":"wp","href":"https:\/\/api.w.org\/{rel}","templated":true}]}}