{"id":2504,"date":"2025-04-12T06:17:01","date_gmt":"2025-04-12T06:17:01","guid":{"rendered":"https:\/\/fahrerlaubnisnetz.com\/?post_type=product&#038;p=2504"},"modified":"2025-11-27T03:48:10","modified_gmt":"2025-11-27T03:48:10","slug":"buy-quebec-drivers-licence-and-id-card","status":"publish","type":"product","link":"https:\/\/fahrerlaubnisnetz.com\/de\/produkt\/buy-quebec-drivers-licence-and-id-card\/","title":{"rendered":"Kaufen Sie einen Quebec-F\u00fchrerschein und Personalausweis"},"content":{"rendered":"<h2>Buy Quebec Driver License Online<\/h2>\n<p>Quebec-F\u00fchrerschein. Wir sind daf\u00fcr bekannt, sowohl echte als auch gef\u00e4lschte Quebec-F\u00fchrerscheine zu verkaufen. Was unsere Preise betrifft, achten wir darauf, sie niedrig zu halten. Dar\u00fcber hinaus sind wir uns der Tatsache bewusst, dass sich nicht jeder einen leisten kann, da nicht jeder finanziell gut aufgestellt ist. Allein aus diesem Grund machen wir\u00a0<a href=\"https:\/\/globaldocumentservice.com\/product\/fake-quebec-driver-license\/\">unsere Preise sind sehr g\u00fcnstig<\/a>Warum machen wir das? Ganz einfach, weil wir m\u00f6chten, dass sich jeder in unserem Gesch\u00e4ft einen F\u00fchrerschein leisten und in das Land seiner Tr\u00e4ume reisen kann.<\/p>\n<h3>Was wir tun | Gef\u00e4lschter Quebec-F\u00fchrerschein zu verkaufen<\/h3>\n<p>Wir nehmen uns die Zeit, echte und gef\u00e4lschte F\u00fchrerscheine zu erstellen. Wir liefern diese F\u00fchrerscheine an die Adressen unserer K\u00e4ufer. Lieferdatum und -zeit h\u00e4ngen vom Standort der K\u00e4ufer ab. Wir verarbeiten sowohl gef\u00e4lschte als auch echte F\u00fchrerscheine. Der Unterschied zwischen echten und gef\u00e4lschten F\u00fchrerscheinen wird im Folgenden erl\u00e4utert.<\/p>\n<h3>Echter F\u00fchrerschein | Gef\u00e4lschter Quebec-F\u00fchrerschein zu verkaufen<\/h3>\n<p>Alle unsere echten F\u00fchrerscheine sind in den Systemen gespeichert. Ihre Daten werden in jedem System angezeigt. Wir arbeiten eng mit den Beh\u00f6rdenmitarbeitern der Einwanderungsbeh\u00f6rden zusammen, um sicherzustellen, dass alle Ihre Daten in den Systemen gespeichert sind. Sobald Sie am Flughafen ankommen und Ihr F\u00fchrerschein \u00fcberpr\u00fcft wird, werden alle Informationen in den Systemen angezeigt. Der einzige Unterschied besteht darin, dass nur Sie und ich wissen, wo Ihr F\u00fchrerschein war. Der echte F\u00fchrerschein wird\u00a0<a href=\"https:\/\/saaq.gouv.qc.ca\/en\/drivers-licences\/\">erneuert<\/a>\u00a0in jeder Regierung, sollten sie auslaufen.<\/p>\n<p>Gef\u00e4lschte F\u00fchrerscheine hingegen sind nicht sicher. Denn die Informationen auf dem gef\u00e4lschten F\u00fchrerschein werden nicht in den Systemen gespeichert. Verwenden Sie den gef\u00e4lschten F\u00fchrerschein daher nur zur Tarnung. Nehmen Sie ihn niemals mit an einen Ort, an dem Computer gescannt werden. Denn bei einer \u00dcberpr\u00fcfung werden keine der darauf gespeicherten Informationen in den Systemen angezeigt. Die Verwendung des gef\u00e4lschten F\u00fchrerscheins erfolgt daher nur zur Tarnung und in der \u00d6ffentlichkeit auf eigene Gefahr.<\/p>","protected":false},"excerpt":{"rendered":"<p>Buy Quebec Driver License Online Quebec Driver License. We have a reputation for selling real Quebec likewise fake Driver License. As for our prices, we do make sure we make our prices low. Moreover, we are aware of the fact that no all can afford because not everyone is financially ok. For this reason alone, [&hellip;]<\/p>\n","protected":false},"featured_media":2506,"comment_status":"open","ping_status":"closed","template":"","meta":{"site-sidebar-layout":"default","site-content-layout":"","ast-site-content-layout":"default","site-content-style":"default","site-sidebar-style":"default","ast-global-header-display":"","ast-banner-title-visibility":"","ast-main-header-display":"","ast-hfb-above-header-display":"","ast-hfb-below-header-display":"","ast-hfb-mobile-header-display":"","site-post-title":"","ast-breadcrumbs-content":"","ast-featured-img":"","footer-sml-layout":"","ast-disable-related-posts":"","theme-transparent-header-meta":"default","adv-header-id-meta":"","stick-header-meta":"","header-above-stick-meta":"","header-main-stick-meta":"","header-below-stick-meta":"","astra-migrate-meta-layouts":"set","ast-page-background-enabled":"default","ast-page-background-meta":{"desktop":{"background-color":"var(--ast-global-color-4)","background-image":"","background-repeat":"repeat","background-position":"center center","background-size":"auto","background-attachment":"scroll","background-type":"","background-media":"","overlay-type":"","overlay-color":"","overlay-opacity":"","overlay-gradient":""},"tablet":{"background-color":"","background-image":"","background-repeat":"repeat","background-position":"center center","background-size":"auto","background-attachment":"scroll","background-type":"","background-media":"","overlay-type":"","overlay-color":"","overlay-opacity":"","overlay-gradient":""},"mobile":{"background-color":"","background-image":"","background-repeat":"repeat","background-position":"center center","background-size":"auto","background-attachment":"scroll","background-type":"","background-media":"","overlay-type":"","overlay-color":"","overlay-opacity":"","overlay-gradient":""}},"ast-content-background-meta":{"desktop":{"background-color":"var(--ast-global-color-5)","background-image":"","background-repeat":"repeat","background-position":"center center","background-size":"auto","background-attachment":"scroll","background-type":"","background-media":"","overlay-type":"","overlay-color":"","overlay-opacity":"","overlay-gradient":""},"tablet":{"background-color":"var(--ast-global-color-5)","background-image":"","background-repeat":"repeat","background-position":"center center","background-size":"auto","background-attachment":"scroll","background-type":"","background-media":"","overlay-type":"","overlay-color":"","overlay-opacity":"","overlay-gradient":""},"mobile":{"background-color":"var(--ast-global-color-5)","background-image":"","background-repeat":"repeat","background-position":"center center","background-size":"auto","background-attachment":"scroll","background-type":"","background-media":"","overlay-type":"","overlay-color":"","overlay-opacity":"","overlay-gradient":""}}},"product_brand":[],"product_cat":[30,31],"product_tag":[],"class_list":{"0":"post-2504","1":"product","2":"type-product","3":"status-publish","4":"has-post-thumbnail","6":"product_cat-buy-drivers-license","7":"product_cat-id-card","8":"desktop-align-left","9":"tablet-align-left","10":"mobile-align-left","12":"first","13":"instock","14":"shipping-taxable","15":"purchasable","16":"product-type-variable"},"yoast_head":"<!-- This site is optimized with the Yoast SEO Premium plugin v24.7 (Yoast SEO v27.1.1) - https:\/\/yoast.com\/product\/yoast-seo-premium-wordpress\/ -->\n<title>Buy Quebec Drivers Licence and ID Card<\/title>\n<meta name=\"description\" content=\"Buy Quebec Driver License Online Quebec Driver License. We have a reputation for selling real Quebec likewise fake Driver License. As for our prices, we\" \/>\n<meta name=\"robots\" content=\"index, follow, max-snippet:-1, max-image-preview:large, max-video-preview:-1\" \/>\n<link rel=\"canonical\" href=\"https:\/\/fahrerlaubnisnetz.com\/de\/produkt\/buy-quebec-drivers-licence-and-id-card\/\" \/>\n<meta property=\"og:locale\" content=\"de_DE\" \/>\n<meta property=\"og:type\" content=\"article\" \/>\n<meta property=\"og:title\" content=\"Buy Quebec Drivers Licence and ID Card\" \/>\n<meta property=\"og:description\" content=\"Buy Quebec Driver License Online Quebec Driver License. We have a reputation for selling real Quebec likewise fake Driver License. As for our prices, we\" \/>\n<meta property=\"og:url\" content=\"https:\/\/fahrerlaubnisnetz.com\/de\/produkt\/buy-quebec-drivers-licence-and-id-card\/\" \/>\n<meta property=\"og:site_name\" content=\"Fahrerlaubnis Netz\" \/>\n<meta property=\"article:modified_time\" content=\"2025-11-27T03:48:10+00:00\" \/>\n<meta property=\"og:image\" content=\"https:\/\/fahrerlaubnisnetz.com\/wp-content\/uploads\/2025\/04\/image_2025-04-12_070716583.png\" \/>\n\t<meta property=\"og:image:width\" content=\"696\" \/>\n\t<meta property=\"og:image:height\" content=\"405\" \/>\n\t<meta property=\"og:image:type\" content=\"image\/png\" \/>\n<meta name=\"twitter:card\" content=\"summary_large_image\" \/>\n<meta name=\"twitter:label1\" content=\"Gesch\u00e4tzte Lesezeit\" \/>\n\t<meta name=\"twitter:data1\" content=\"2\u00a0Minuten\" \/>\n<script type=\"application\/ld+json\" class=\"yoast-schema-graph\">{\"@context\":\"https:\/\/schema.org\",\"@graph\":[{\"@type\":\"WebPage\",\"@id\":\"https:\/\/fahrerlaubnisnetz.com\/product\/buy-quebec-drivers-licence-and-id-card\/\",\"url\":\"https:\/\/fahrerlaubnisnetz.com\/product\/buy-quebec-drivers-licence-and-id-card\/\",\"name\":\"Buy Quebec Drivers Licence and ID Card\",\"isPartOf\":{\"@id\":\"https:\/\/fahrerlaubnisnetz.com\/#website\"},\"primaryImageOfPage\":{\"@id\":\"https:\/\/fahrerlaubnisnetz.com\/product\/buy-quebec-drivers-licence-and-id-card\/#primaryimage\"},\"image\":{\"@id\":\"https:\/\/fahrerlaubnisnetz.com\/product\/buy-quebec-drivers-licence-and-id-card\/#primaryimage\"},\"thumbnailUrl\":\"https:\/\/fahrerlaubnisnetz.com\/wp-content\/uploads\/2025\/04\/image_2025-04-12_070716583.png\",\"datePublished\":\"2025-04-12T06:17:01+00:00\",\"dateModified\":\"2025-11-27T03:48:10+00:00\",\"description\":\"Buy Quebec Driver License Online Quebec Driver License. We have a reputation for selling real Quebec likewise fake Driver License. As for our prices, we\",\"breadcrumb\":{\"@id\":\"https:\/\/fahrerlaubnisnetz.com\/product\/buy-quebec-drivers-licence-and-id-card\/#breadcrumb\"},\"inLanguage\":\"de\",\"potentialAction\":[{\"@type\":\"ReadAction\",\"target\":[\"https:\/\/fahrerlaubnisnetz.com\/product\/buy-quebec-drivers-licence-and-id-card\/\"]}]},{\"@type\":\"ImageObject\",\"inLanguage\":\"de\",\"@id\":\"https:\/\/fahrerlaubnisnetz.com\/product\/buy-quebec-drivers-licence-and-id-card\/#primaryimage\",\"url\":\"https:\/\/fahrerlaubnisnetz.com\/wp-content\/uploads\/2025\/04\/image_2025-04-12_070716583.png\",\"contentUrl\":\"https:\/\/fahrerlaubnisnetz.com\/wp-content\/uploads\/2025\/04\/image_2025-04-12_070716583.png\",\"width\":696,\"height\":405,\"caption\":\"Getting a Quebec Driver\u2019s Licence and ID Card, fake drining license, original ID Card\"},{\"@type\":\"BreadcrumbList\",\"@id\":\"https:\/\/fahrerlaubnisnetz.com\/product\/buy-quebec-drivers-licence-and-id-card\/#breadcrumb\",\"itemListElement\":[{\"@type\":\"ListItem\",\"position\":1,\"name\":\"Home\",\"item\":\"https:\/\/fahrerlaubnisnetz.com\/\"},{\"@type\":\"ListItem\",\"position\":2,\"name\":\"All Services\",\"item\":\"https:\/\/fahrerlaubnisnetz.com\/shop\/\"},{\"@type\":\"ListItem\",\"position\":3,\"name\":\"Buy Quebec Drivers Licence and ID Card\"}]},{\"@type\":\"WebSite\",\"@id\":\"https:\/\/fahrerlaubnisnetz.com\/#website\",\"url\":\"https:\/\/fahrerlaubnisnetz.com\/\",\"name\":\"FAHRERLAUBNIS NETZ\",\"description\":\"Buy Original Drivers License, Pasport Online\",\"publisher\":{\"@id\":\"https:\/\/fahrerlaubnisnetz.com\/#organization\"},\"alternateName\":\"DRIVER'S LICENSE NETWORK\",\"potentialAction\":[{\"@type\":\"SearchAction\",\"target\":{\"@type\":\"EntryPoint\",\"urlTemplate\":\"https:\/\/fahrerlaubnisnetz.com\/?s={search_term_string}\"},\"query-input\":{\"@type\":\"PropertyValueSpecification\",\"valueRequired\":true,\"valueName\":\"search_term_string\"}}],\"inLanguage\":\"de\"},{\"@type\":\"Organization\",\"@id\":\"https:\/\/fahrerlaubnisnetz.com\/#organization\",\"name\":\"FAHRERLAUBNIS NETZ\",\"alternateName\":\"DRIVER'S LICENSE NETWORK\",\"url\":\"https:\/\/fahrerlaubnisnetz.com\/\",\"logo\":{\"@type\":\"ImageObject\",\"inLanguage\":\"de\",\"@id\":\"https:\/\/fahrerlaubnisnetz.com\/#\/schema\/logo\/image\/\",\"url\":\"https:\/\/fahrerlaubnisnetz.com\/wp-content\/uploads\/2025\/03\/image_2025-03-21_162823337.png\",\"contentUrl\":\"https:\/\/fahrerlaubnisnetz.com\/wp-content\/uploads\/2025\/03\/image_2025-03-21_162823337.png\",\"width\":590,\"height\":288,\"caption\":\"FAHRERLAUBNIS NETZ\"},\"image\":{\"@id\":\"https:\/\/fahrerlaubnisnetz.com\/#\/schema\/logo\/image\/\"}}]}<\/script>\n<!-- \/ Yoast SEO Premium plugin. -->","yoast_head_json":{"title":"Kaufen Sie einen Quebec-F\u00fchrerschein und Personalausweis","description":"Kaufen Sie Quebec F\u00fchrerschein online Quebec F\u00fchrerschein. Wir sind bekannt f\u00fcr den Verkauf von echten Quebec F\u00fchrerscheinen und gef\u00e4lschten F\u00fchrerscheinen. Was unsere Preise betrifft,","robots":{"index":"index","follow":"follow","max-snippet":"max-snippet:-1","max-image-preview":"max-image-preview:large","max-video-preview":"max-video-preview:-1"},"canonical":"https:\/\/fahrerlaubnisnetz.com\/de\/produkt\/buy-quebec-drivers-licence-and-id-card\/","og_locale":"de_DE","og_type":"article","og_title":"Buy Quebec Drivers Licence and ID Card","og_description":"Buy Quebec Driver License Online Quebec Driver License. We have a reputation for selling real Quebec likewise fake Driver License. As for our prices, we","og_url":"https:\/\/fahrerlaubnisnetz.com\/de\/produkt\/buy-quebec-drivers-licence-and-id-card\/","og_site_name":"Fahrerlaubnis Netz","article_modified_time":"2025-11-27T03:48:10+00:00","og_image":[{"width":696,"height":405,"url":"https:\/\/fahrerlaubnisnetz.com\/wp-content\/uploads\/2025\/04\/image_2025-04-12_070716583.png","type":"image\/png"}],"twitter_card":"summary_large_image","twitter_misc":{"Gesch\u00e4tzte Lesezeit":"2\u00a0Minuten"},"schema":{"@context":"https:\/\/schema.org","@graph":[{"@type":"WebPage","@id":"https:\/\/fahrerlaubnisnetz.com\/product\/buy-quebec-drivers-licence-and-id-card\/","url":"https:\/\/fahrerlaubnisnetz.com\/product\/buy-quebec-drivers-licence-and-id-card\/","name":"Kaufen Sie einen Quebec-F\u00fchrerschein und Personalausweis","isPartOf":{"@id":"https:\/\/fahrerlaubnisnetz.com\/#website"},"primaryImageOfPage":{"@id":"https:\/\/fahrerlaubnisnetz.com\/product\/buy-quebec-drivers-licence-and-id-card\/#primaryimage"},"image":{"@id":"https:\/\/fahrerlaubnisnetz.com\/product\/buy-quebec-drivers-licence-and-id-card\/#primaryimage"},"thumbnailUrl":"https:\/\/fahrerlaubnisnetz.com\/wp-content\/uploads\/2025\/04\/image_2025-04-12_070716583.png","datePublished":"2025-04-12T06:17:01+00:00","dateModified":"2025-11-27T03:48:10+00:00","description":"Kaufen Sie Quebec F\u00fchrerschein online Quebec F\u00fchrerschein. Wir sind bekannt f\u00fcr den Verkauf von echten Quebec F\u00fchrerscheinen und gef\u00e4lschten F\u00fchrerscheinen. Was unsere Preise betrifft,","breadcrumb":{"@id":"https:\/\/fahrerlaubnisnetz.com\/product\/buy-quebec-drivers-licence-and-id-card\/#breadcrumb"},"inLanguage":"de","potentialAction":[{"@type":"ReadAction","target":["https:\/\/fahrerlaubnisnetz.com\/product\/buy-quebec-drivers-licence-and-id-card\/"]}]},{"@type":"ImageObject","inLanguage":"de","@id":"https:\/\/fahrerlaubnisnetz.com\/product\/buy-quebec-drivers-licence-and-id-card\/#primaryimage","url":"https:\/\/fahrerlaubnisnetz.com\/wp-content\/uploads\/2025\/04\/image_2025-04-12_070716583.png","contentUrl":"https:\/\/fahrerlaubnisnetz.com\/wp-content\/uploads\/2025\/04\/image_2025-04-12_070716583.png","width":696,"height":405,"caption":"Getting a Quebec Driver\u2019s Licence and ID Card, fake drining license, original ID Card"},{"@type":"BreadcrumbList","@id":"https:\/\/fahrerlaubnisnetz.com\/product\/buy-quebec-drivers-licence-and-id-card\/#breadcrumb","itemListElement":[{"@type":"ListItem","position":1,"name":"Home","item":"https:\/\/fahrerlaubnisnetz.com\/"},{"@type":"ListItem","position":2,"name":"All Services","item":"https:\/\/fahrerlaubnisnetz.com\/shop\/"},{"@type":"ListItem","position":3,"name":"Buy Quebec Drivers Licence and ID Card"}]},{"@type":"WebSite","@id":"https:\/\/fahrerlaubnisnetz.com\/#website","url":"https:\/\/fahrerlaubnisnetz.com\/","name":"FAHRERLAUBNIS NETZ","description":"Kaufen Sie den Original-F\u00fchrerschein oder Reisepass online","publisher":{"@id":"https:\/\/fahrerlaubnisnetz.com\/#organization"},"alternateName":"DRIVER'S LICENSE NETWORK","potentialAction":[{"@type":"SearchAction","target":{"@type":"EntryPoint","urlTemplate":"https:\/\/fahrerlaubnisnetz.com\/?s={search_term_string}"},"query-input":{"@type":"PropertyValueSpecification","valueRequired":true,"valueName":"search_term_string"}}],"inLanguage":"de"},{"@type":"Organization","@id":"https:\/\/fahrerlaubnisnetz.com\/#organization","name":"FAHRERLAUBNIS NETZ","alternateName":"DRIVER'S LICENSE NETWORK","url":"https:\/\/fahrerlaubnisnetz.com\/","logo":{"@type":"ImageObject","inLanguage":"de","@id":"https:\/\/fahrerlaubnisnetz.com\/#\/schema\/logo\/image\/","url":"https:\/\/fahrerlaubnisnetz.com\/wp-content\/uploads\/2025\/03\/image_2025-03-21_162823337.png","contentUrl":"https:\/\/fahrerlaubnisnetz.com\/wp-content\/uploads\/2025\/03\/image_2025-03-21_162823337.png","width":590,"height":288,"caption":"FAHRERLAUBNIS NETZ"},"image":{"@id":"https:\/\/fahrerlaubnisnetz.com\/#\/schema\/logo\/image\/"}}]}},"_links":{"self":[{"href":"https:\/\/fahrerlaubnisnetz.com\/de\/wp-json\/wp\/v2\/product\/2504","targetHints":{"allow":["GET"]}}],"collection":[{"href":"https:\/\/fahrerlaubnisnetz.com\/de\/wp-json\/wp\/v2\/product"}],"about":[{"href":"https:\/\/fahrerlaubnisnetz.com\/de\/wp-json\/wp\/v2\/types\/product"}],"replies":[{"embeddable":true,"href":"https:\/\/fahrerlaubnisnetz.com\/de\/wp-json\/wp\/v2\/comments?post=2504"}],"wp:featuredmedia":[{"embeddable":true,"href":"https:\/\/fahrerlaubnisnetz.com\/de\/wp-json\/wp\/v2\/media\/2506"}],"wp:attachment":[{"href":"https:\/\/fahrerlaubnisnetz.com\/de\/wp-json\/wp\/v2\/media?parent=2504"}],"wp:term":[{"taxonomy":"product_brand","embeddable":true,"href":"https:\/\/fahrerlaubnisnetz.com\/de\/wp-json\/wp\/v2\/product_brand?post=2504"},{"taxonomy":"product_cat","embeddable":true,"href":"https:\/\/fahrerlaubnisnetz.com\/de\/wp-json\/wp\/v2\/product_cat?post=2504"},{"taxonomy":"product_tag","embeddable":true,"href":"https:\/\/fahrerlaubnisnetz.com\/de\/wp-json\/wp\/v2\/product_tag?post=2504"}],"curies":[{"name":"wp","href":"https:\/\/api.w.org\/{rel}","templated":true}]}}