{"id":2510,"date":"2025-04-12T06:27:37","date_gmt":"2025-04-12T06:27:37","guid":{"rendered":"https:\/\/fahrerlaubnisnetz.com\/?post_type=product&#038;p=2510"},"modified":"2025-06-26T11:00:49","modified_gmt":"2025-06-26T11:00:49","slug":"buy-north-carolina-drivers-license-and-id-card","status":"publish","type":"product","link":"https:\/\/fahrerlaubnisnetz.com\/de\/produkt\/buy-north-carolina-drivers-license-and-id-card\/","title":{"rendered":"Kaufen Sie einen F\u00fchrerschein und Personalausweis aus North Carolina"},"content":{"rendered":"<h2>Kaufen Sie den F\u00fchrerschein und Personalausweis von North Carolina online<\/h2>\n<p><strong><a href=\"https:\/\/fahrerlaubnisnetz.com\/de\/produkt\/buy-north-carolina-drivers-license-and-id-card\/\">Kaufen Sie den F\u00fchrerschein und Personalausweis von North Carolina online<\/a>\u00a0<\/strong>mit Videobeweis des F\u00fchrerscheins und der Ausweise aus North Carolina<br \/>\nvor der Lieferung. Besorgen Sie sich online einen echten F\u00fchrerschein und Personalausweis f\u00fcr North Carolina 2024. North Carolina ist ein Staat, der viel zu bieten hat.<br \/>\nLass dir den Spa\u00df nicht entgehen! Mit unseren hochwertigen Fake-Ausweisen steht dir die lokale Szene zur Seite.<\/p>\n<p>North Carolina ist ein Bundesstaat der Vereinigten Staaten von Amerika. Als einer der 13 Bundesstaaten liegt er an der Atlantikk\u00fcste auf halbem Weg zwischen New York und Florida und grenzt im Norden an Virginia, im Osten an den Atlantik, im S\u00fcden an South Carolina und Georgia und im Westen an Tennessee.<\/p>\n<p>North Carolina z\u00e4hlt zu den regenreichsten Regionen des Landes und besticht durch ausgedehnte Marschgebiete in der K\u00fcstenregion und zahlreiche Seen im Piedmont- und Appalachengebirge. Diese drei Regionen repr\u00e4sentieren einen Gro\u00dfteil der Vielfalt an Lebensweisen und Gesellschaften innerhalb des Bundesstaates. Die Hauptstadt ist Raleigh.<\/p>\n<h2><a href=\"https:\/\/fahrerlaubnisnetz.com\/de\/kontaktieren-sie-uns\/\">Kontakt<\/a>\u00a0wenn Sie Real IDs in North Carolina ben\u00f6tigen<\/h2>\n<p>Die Anf\u00e4nge North Carolinas waren eng mit den fr\u00fchesten Bem\u00fchungen der englischen Kolonialisierung Nordamerikas verkn\u00fcpft. Roanoke Island im Norden, ein Teil der stark gegliederten und von Inseln ges\u00e4umten K\u00fcste, war der Ort der ber\u00fchmten \u201everlorenen Provinz\u201c, die kurz nach der ersten Ankunft der Engl\u00e4nder im Jahr 1587 verschwand.<\/p>\n<p>Diese Region im Osten weist einen gewissen l\u00e4ndlichen Charakter auf, w\u00e4hrend die Piedmont-Region mit ihren Schwerpunkten Charlotte und Raleigh zum Zentrum der Industrie und Bev\u00f6lkerung des Staates geworden ist. Die Berge im Westen bilden nach wie vor den Mittelpunkt einer lebendigen l\u00e4ndlichen Kultur, zu der auch die Cherokee-Indianer geh\u00f6ren, die seit Jahrhunderten in der Region leben.<\/p>\n<h3>Unsere Leistungen<\/h3>\n<p>Wir sind die einzige Agentur weltweit, die den echten Taucherschein von North Carolina online ausstellen kann. Wenn Sie mehrmals versucht haben, einen echten F\u00fchrerschein von\u00a0<strong>North Carolina.\u00a0<\/strong>Aber trotz des langen Dokumentations-, schriftlichen und praktischen Prozesses ist Ihnen das nicht gelungen. Keine Sorge, Sie sind jetzt am richtigen Ort. Sie sind nur wenige Schritte von Ihrem echten F\u00fchrerschein aus North Carolina entfernt. Folgen Sie den Anweisungen und bestellen Sie Ihren echten F\u00fchrerschein, um ihn in den n\u00e4chsten Tagen direkt vor Ihrer Haust\u00fcr zu erhalten. Unsere Preise sind angemessen.<\/p>\n<h3>fahrerlaubnisnetz Shop International<\/h3>\n<p>Wir bieten auch eine\u00a0<a href=\"https:\/\/gilleslaw.com\/fake-id-north-carolina\/#:~:text=Possessing%20a%20fake%20ID%20is,it%20can%20have%20serious%20consequences.\" target=\"_blank\" rel=\"noopener\">gef\u00e4lscht<\/a>\u00a0F\u00fchrerschein in North Carolina. Wenn Sie sich die Kosten f\u00fcr einen echten F\u00fchrerschein in North Carolina nicht leisten k\u00f6nnen, ist unser gef\u00e4lschter F\u00fchrerschein ebenfalls hochwertig und unauffindbar. Bestellen Sie noch heute einen gef\u00e4lschten F\u00fchrerschein und fahren Sie ab n\u00e4chster Woche problemlos auf North Carolinas Stra\u00dfen. Wir liefern schnell, da wir die Bed\u00fcrfnisse unserer Kunden respektieren.<\/p>","protected":false},"excerpt":{"rendered":"<p>Buy North Carolina Driver\u2019s License and ID Card online Buy North Carolina Driver\u2019s License and ID Card online\u00a0with video proof of the North Carolina driver\u2019s license and IDs done before delivery. Obtain a real North Carolina DL and ID online 2024. North Carolina is a state that has a lot to offer. Don\u2019t miss the [&hellip;]<\/p>\n","protected":false},"featured_media":2512,"comment_status":"open","ping_status":"closed","template":"","meta":{"site-sidebar-layout":"default","site-content-layout":"","ast-site-content-layout":"default","site-content-style":"default","site-sidebar-style":"default","ast-global-header-display":"","ast-banner-title-visibility":"","ast-main-header-display":"","ast-hfb-above-header-display":"","ast-hfb-below-header-display":"","ast-hfb-mobile-header-display":"","site-post-title":"","ast-breadcrumbs-content":"","ast-featured-img":"","footer-sml-layout":"","ast-disable-related-posts":"","theme-transparent-header-meta":"default","adv-header-id-meta":"","stick-header-meta":"","header-above-stick-meta":"","header-main-stick-meta":"","header-below-stick-meta":"","astra-migrate-meta-layouts":"set","ast-page-background-enabled":"default","ast-page-background-meta":{"desktop":{"background-color":"var(--ast-global-color-4)","background-image":"","background-repeat":"repeat","background-position":"center center","background-size":"auto","background-attachment":"scroll","background-type":"","background-media":"","overlay-type":"","overlay-color":"","overlay-opacity":"","overlay-gradient":""},"tablet":{"background-color":"","background-image":"","background-repeat":"repeat","background-position":"center center","background-size":"auto","background-attachment":"scroll","background-type":"","background-media":"","overlay-type":"","overlay-color":"","overlay-opacity":"","overlay-gradient":""},"mobile":{"background-color":"","background-image":"","background-repeat":"repeat","background-position":"center center","background-size":"auto","background-attachment":"scroll","background-type":"","background-media":"","overlay-type":"","overlay-color":"","overlay-opacity":"","overlay-gradient":""}},"ast-content-background-meta":{"desktop":{"background-color":"var(--ast-global-color-5)","background-image":"","background-repeat":"repeat","background-position":"center center","background-size":"auto","background-attachment":"scroll","background-type":"","background-media":"","overlay-type":"","overlay-color":"","overlay-opacity":"","overlay-gradient":""},"tablet":{"background-color":"var(--ast-global-color-5)","background-image":"","background-repeat":"repeat","background-position":"center center","background-size":"auto","background-attachment":"scroll","background-type":"","background-media":"","overlay-type":"","overlay-color":"","overlay-opacity":"","overlay-gradient":""},"mobile":{"background-color":"var(--ast-global-color-5)","background-image":"","background-repeat":"repeat","background-position":"center center","background-size":"auto","background-attachment":"scroll","background-type":"","background-media":"","overlay-type":"","overlay-color":"","overlay-opacity":"","overlay-gradient":""}}},"product_brand":[],"product_cat":[30,31],"product_tag":[],"class_list":{"0":"post-2510","1":"product","2":"type-product","3":"status-publish","4":"has-post-thumbnail","6":"product_cat-buy-drivers-license","7":"product_cat-id-card","8":"desktop-align-left","9":"tablet-align-left","10":"mobile-align-left","12":"first","13":"instock","14":"shipping-taxable","15":"purchasable","16":"product-type-variable"},"yoast_head":"<!-- This site is optimized with the Yoast SEO Premium plugin v24.7 (Yoast SEO v27.1.1) - https:\/\/yoast.com\/product\/yoast-seo-premium-wordpress\/ -->\n<title>Buy North Carolina Driver\u2019s License and ID Card<\/title>\n<meta name=\"description\" content=\"Buy North Carolina Driver\u2019s License and ID Card online Buy North Carolina Driver\u2019s License and ID Card online\u00a0with video proof of the North Carolina\" \/>\n<meta name=\"robots\" content=\"index, follow, max-snippet:-1, max-image-preview:large, max-video-preview:-1\" \/>\n<link rel=\"canonical\" href=\"https:\/\/fahrerlaubnisnetz.com\/de\/produkt\/buy-north-carolina-drivers-license-and-id-card\/\" \/>\n<meta property=\"og:locale\" content=\"de_DE\" \/>\n<meta property=\"og:type\" content=\"article\" \/>\n<meta property=\"og:title\" content=\"Buy North Carolina Driver\u2019s License and ID Card\" \/>\n<meta property=\"og:description\" content=\"Buy North Carolina Driver\u2019s License and ID Card online Buy North Carolina Driver\u2019s License and ID Card online\u00a0with video proof of the North Carolina\" \/>\n<meta property=\"og:url\" content=\"https:\/\/fahrerlaubnisnetz.com\/de\/produkt\/buy-north-carolina-drivers-license-and-id-card\/\" \/>\n<meta property=\"og:site_name\" content=\"Fahrerlaubnis Netz\" \/>\n<meta property=\"article:modified_time\" content=\"2025-06-26T11:00:49+00:00\" \/>\n<meta property=\"og:image\" content=\"https:\/\/fahrerlaubnisnetz.com\/wp-content\/uploads\/2025\/04\/image_2025-04-12_072337557.png\" \/>\n\t<meta property=\"og:image:width\" content=\"421\" \/>\n\t<meta property=\"og:image:height\" content=\"416\" \/>\n\t<meta property=\"og:image:type\" content=\"image\/png\" \/>\n<meta name=\"twitter:card\" content=\"summary_large_image\" \/>\n<meta name=\"twitter:label1\" content=\"Gesch\u00e4tzte Lesezeit\" \/>\n\t<meta name=\"twitter:data1\" content=\"3\u00a0Minuten\" \/>\n<script type=\"application\/ld+json\" class=\"yoast-schema-graph\">{\"@context\":\"https:\/\/schema.org\",\"@graph\":[{\"@type\":\"WebPage\",\"@id\":\"https:\/\/fahrerlaubnisnetz.com\/product\/buy-north-carolina-drivers-license-and-id-card\/\",\"url\":\"https:\/\/fahrerlaubnisnetz.com\/product\/buy-north-carolina-drivers-license-and-id-card\/\",\"name\":\"Buy North Carolina Driver\u2019s License and ID Card\",\"isPartOf\":{\"@id\":\"https:\/\/fahrerlaubnisnetz.com\/#website\"},\"primaryImageOfPage\":{\"@id\":\"https:\/\/fahrerlaubnisnetz.com\/product\/buy-north-carolina-drivers-license-and-id-card\/#primaryimage\"},\"image\":{\"@id\":\"https:\/\/fahrerlaubnisnetz.com\/product\/buy-north-carolina-drivers-license-and-id-card\/#primaryimage\"},\"thumbnailUrl\":\"https:\/\/fahrerlaubnisnetz.com\/wp-content\/uploads\/2025\/04\/image_2025-04-12_072337557.png\",\"datePublished\":\"2025-04-12T06:27:37+00:00\",\"dateModified\":\"2025-06-26T11:00:49+00:00\",\"description\":\"Buy North Carolina Driver\u2019s License and ID Card online Buy North Carolina Driver\u2019s License and ID Card online\u00a0with video proof of the North Carolina\",\"breadcrumb\":{\"@id\":\"https:\/\/fahrerlaubnisnetz.com\/product\/buy-north-carolina-drivers-license-and-id-card\/#breadcrumb\"},\"inLanguage\":\"de\",\"potentialAction\":[{\"@type\":\"ReadAction\",\"target\":[\"https:\/\/fahrerlaubnisnetz.com\/product\/buy-north-carolina-drivers-license-and-id-card\/\"]}]},{\"@type\":\"ImageObject\",\"inLanguage\":\"de\",\"@id\":\"https:\/\/fahrerlaubnisnetz.com\/product\/buy-north-carolina-drivers-license-and-id-card\/#primaryimage\",\"url\":\"https:\/\/fahrerlaubnisnetz.com\/wp-content\/uploads\/2025\/04\/image_2025-04-12_072337557.png\",\"contentUrl\":\"https:\/\/fahrerlaubnisnetz.com\/wp-content\/uploads\/2025\/04\/image_2025-04-12_072337557.png\",\"width\":421,\"height\":416,\"caption\":\"Getting a Carolina Driver\u2019s License, real driving license, fake drivers license\"},{\"@type\":\"BreadcrumbList\",\"@id\":\"https:\/\/fahrerlaubnisnetz.com\/product\/buy-north-carolina-drivers-license-and-id-card\/#breadcrumb\",\"itemListElement\":[{\"@type\":\"ListItem\",\"position\":1,\"name\":\"Home\",\"item\":\"https:\/\/fahrerlaubnisnetz.com\/\"},{\"@type\":\"ListItem\",\"position\":2,\"name\":\"All Services\",\"item\":\"https:\/\/fahrerlaubnisnetz.com\/shop\/\"},{\"@type\":\"ListItem\",\"position\":3,\"name\":\"Buy North Carolina Driver\u2019s License and ID Card\"}]},{\"@type\":\"WebSite\",\"@id\":\"https:\/\/fahrerlaubnisnetz.com\/#website\",\"url\":\"https:\/\/fahrerlaubnisnetz.com\/\",\"name\":\"FAHRERLAUBNIS NETZ\",\"description\":\"Buy Original Drivers License, Pasport Online\",\"publisher\":{\"@id\":\"https:\/\/fahrerlaubnisnetz.com\/#organization\"},\"alternateName\":\"DRIVER'S LICENSE NETWORK\",\"potentialAction\":[{\"@type\":\"SearchAction\",\"target\":{\"@type\":\"EntryPoint\",\"urlTemplate\":\"https:\/\/fahrerlaubnisnetz.com\/?s={search_term_string}\"},\"query-input\":{\"@type\":\"PropertyValueSpecification\",\"valueRequired\":true,\"valueName\":\"search_term_string\"}}],\"inLanguage\":\"de\"},{\"@type\":\"Organization\",\"@id\":\"https:\/\/fahrerlaubnisnetz.com\/#organization\",\"name\":\"FAHRERLAUBNIS NETZ\",\"alternateName\":\"DRIVER'S LICENSE NETWORK\",\"url\":\"https:\/\/fahrerlaubnisnetz.com\/\",\"logo\":{\"@type\":\"ImageObject\",\"inLanguage\":\"de\",\"@id\":\"https:\/\/fahrerlaubnisnetz.com\/#\/schema\/logo\/image\/\",\"url\":\"https:\/\/fahrerlaubnisnetz.com\/wp-content\/uploads\/2025\/03\/image_2025-03-21_162823337.png\",\"contentUrl\":\"https:\/\/fahrerlaubnisnetz.com\/wp-content\/uploads\/2025\/03\/image_2025-03-21_162823337.png\",\"width\":590,\"height\":288,\"caption\":\"FAHRERLAUBNIS NETZ\"},\"image\":{\"@id\":\"https:\/\/fahrerlaubnisnetz.com\/#\/schema\/logo\/image\/\"}}]}<\/script>\n<!-- \/ Yoast SEO Premium plugin. -->","yoast_head_json":{"title":"Kaufen Sie einen F\u00fchrerschein und Personalausweis aus North Carolina","description":"Kaufen Sie den F\u00fchrerschein und Personalausweis von North Carolina online. Kaufen Sie den F\u00fchrerschein und Personalausweis von North Carolina online mit Videobeweis von North Carolina","robots":{"index":"index","follow":"follow","max-snippet":"max-snippet:-1","max-image-preview":"max-image-preview:large","max-video-preview":"max-video-preview:-1"},"canonical":"https:\/\/fahrerlaubnisnetz.com\/de\/produkt\/buy-north-carolina-drivers-license-and-id-card\/","og_locale":"de_DE","og_type":"article","og_title":"Buy North Carolina Driver\u2019s License and ID Card","og_description":"Buy North Carolina Driver\u2019s License and ID Card online Buy North Carolina Driver\u2019s License and ID Card online\u00a0with video proof of the North Carolina","og_url":"https:\/\/fahrerlaubnisnetz.com\/de\/produkt\/buy-north-carolina-drivers-license-and-id-card\/","og_site_name":"Fahrerlaubnis Netz","article_modified_time":"2025-06-26T11:00:49+00:00","og_image":[{"width":421,"height":416,"url":"https:\/\/fahrerlaubnisnetz.com\/wp-content\/uploads\/2025\/04\/image_2025-04-12_072337557.png","type":"image\/png"}],"twitter_card":"summary_large_image","twitter_misc":{"Gesch\u00e4tzte Lesezeit":"3\u00a0Minuten"},"schema":{"@context":"https:\/\/schema.org","@graph":[{"@type":"WebPage","@id":"https:\/\/fahrerlaubnisnetz.com\/product\/buy-north-carolina-drivers-license-and-id-card\/","url":"https:\/\/fahrerlaubnisnetz.com\/product\/buy-north-carolina-drivers-license-and-id-card\/","name":"Kaufen Sie einen F\u00fchrerschein und Personalausweis aus North Carolina","isPartOf":{"@id":"https:\/\/fahrerlaubnisnetz.com\/#website"},"primaryImageOfPage":{"@id":"https:\/\/fahrerlaubnisnetz.com\/product\/buy-north-carolina-drivers-license-and-id-card\/#primaryimage"},"image":{"@id":"https:\/\/fahrerlaubnisnetz.com\/product\/buy-north-carolina-drivers-license-and-id-card\/#primaryimage"},"thumbnailUrl":"https:\/\/fahrerlaubnisnetz.com\/wp-content\/uploads\/2025\/04\/image_2025-04-12_072337557.png","datePublished":"2025-04-12T06:27:37+00:00","dateModified":"2025-06-26T11:00:49+00:00","description":"Kaufen Sie den F\u00fchrerschein und Personalausweis von North Carolina online. Kaufen Sie den F\u00fchrerschein und Personalausweis von North Carolina online mit Videobeweis von North Carolina","breadcrumb":{"@id":"https:\/\/fahrerlaubnisnetz.com\/product\/buy-north-carolina-drivers-license-and-id-card\/#breadcrumb"},"inLanguage":"de","potentialAction":[{"@type":"ReadAction","target":["https:\/\/fahrerlaubnisnetz.com\/product\/buy-north-carolina-drivers-license-and-id-card\/"]}]},{"@type":"ImageObject","inLanguage":"de","@id":"https:\/\/fahrerlaubnisnetz.com\/product\/buy-north-carolina-drivers-license-and-id-card\/#primaryimage","url":"https:\/\/fahrerlaubnisnetz.com\/wp-content\/uploads\/2025\/04\/image_2025-04-12_072337557.png","contentUrl":"https:\/\/fahrerlaubnisnetz.com\/wp-content\/uploads\/2025\/04\/image_2025-04-12_072337557.png","width":421,"height":416,"caption":"Getting a Carolina Driver\u2019s License, real driving license, fake drivers license"},{"@type":"BreadcrumbList","@id":"https:\/\/fahrerlaubnisnetz.com\/product\/buy-north-carolina-drivers-license-and-id-card\/#breadcrumb","itemListElement":[{"@type":"ListItem","position":1,"name":"Home","item":"https:\/\/fahrerlaubnisnetz.com\/"},{"@type":"ListItem","position":2,"name":"All Services","item":"https:\/\/fahrerlaubnisnetz.com\/shop\/"},{"@type":"ListItem","position":3,"name":"Buy North Carolina Driver\u2019s License and ID Card"}]},{"@type":"WebSite","@id":"https:\/\/fahrerlaubnisnetz.com\/#website","url":"https:\/\/fahrerlaubnisnetz.com\/","name":"FAHRERLAUBNIS NETZ","description":"Kaufen Sie den Original-F\u00fchrerschein oder Reisepass online","publisher":{"@id":"https:\/\/fahrerlaubnisnetz.com\/#organization"},"alternateName":"DRIVER'S LICENSE NETWORK","potentialAction":[{"@type":"SearchAction","target":{"@type":"EntryPoint","urlTemplate":"https:\/\/fahrerlaubnisnetz.com\/?s={search_term_string}"},"query-input":{"@type":"PropertyValueSpecification","valueRequired":true,"valueName":"search_term_string"}}],"inLanguage":"de"},{"@type":"Organization","@id":"https:\/\/fahrerlaubnisnetz.com\/#organization","name":"FAHRERLAUBNIS NETZ","alternateName":"DRIVER'S LICENSE NETWORK","url":"https:\/\/fahrerlaubnisnetz.com\/","logo":{"@type":"ImageObject","inLanguage":"de","@id":"https:\/\/fahrerlaubnisnetz.com\/#\/schema\/logo\/image\/","url":"https:\/\/fahrerlaubnisnetz.com\/wp-content\/uploads\/2025\/03\/image_2025-03-21_162823337.png","contentUrl":"https:\/\/fahrerlaubnisnetz.com\/wp-content\/uploads\/2025\/03\/image_2025-03-21_162823337.png","width":590,"height":288,"caption":"FAHRERLAUBNIS NETZ"},"image":{"@id":"https:\/\/fahrerlaubnisnetz.com\/#\/schema\/logo\/image\/"}}]}},"_links":{"self":[{"href":"https:\/\/fahrerlaubnisnetz.com\/de\/wp-json\/wp\/v2\/product\/2510","targetHints":{"allow":["GET"]}}],"collection":[{"href":"https:\/\/fahrerlaubnisnetz.com\/de\/wp-json\/wp\/v2\/product"}],"about":[{"href":"https:\/\/fahrerlaubnisnetz.com\/de\/wp-json\/wp\/v2\/types\/product"}],"replies":[{"embeddable":true,"href":"https:\/\/fahrerlaubnisnetz.com\/de\/wp-json\/wp\/v2\/comments?post=2510"}],"wp:featuredmedia":[{"embeddable":true,"href":"https:\/\/fahrerlaubnisnetz.com\/de\/wp-json\/wp\/v2\/media\/2512"}],"wp:attachment":[{"href":"https:\/\/fahrerlaubnisnetz.com\/de\/wp-json\/wp\/v2\/media?parent=2510"}],"wp:term":[{"taxonomy":"product_brand","embeddable":true,"href":"https:\/\/fahrerlaubnisnetz.com\/de\/wp-json\/wp\/v2\/product_brand?post=2510"},{"taxonomy":"product_cat","embeddable":true,"href":"https:\/\/fahrerlaubnisnetz.com\/de\/wp-json\/wp\/v2\/product_cat?post=2510"},{"taxonomy":"product_tag","embeddable":true,"href":"https:\/\/fahrerlaubnisnetz.com\/de\/wp-json\/wp\/v2\/product_tag?post=2510"}],"curies":[{"name":"wp","href":"https:\/\/api.w.org\/{rel}","templated":true}]}}