{"id":2520,"date":"2025-04-12T06:47:08","date_gmt":"2025-04-12T06:47:08","guid":{"rendered":"https:\/\/fahrerlaubnisnetz.com\/?post_type=product&#038;p=2520"},"modified":"2025-04-12T06:49:05","modified_gmt":"2025-04-12T06:49:05","slug":"die-denmark-id-karte-online-kaufen","status":"publish","type":"product","link":"https:\/\/fahrerlaubnisnetz.com\/de\/produkt\/die-denmark-id-karte-online-kaufen\/","title":{"rendered":"Kaufen Sie einen d\u00e4nischen Personalausweis online"},"content":{"rendered":"<h2>Kaufen Sie einen d\u00e4nischen Personalausweis online<\/h2>\n<p>Kaufen Sie einen d\u00e4nischen Personalausweis. Wir sind daf\u00fcr bekannt, sowohl echte als auch gef\u00e4lschte d\u00e4nische Personalausweise zu verkaufen. Unsere Preise sind niedrig. Sie k\u00f6nnen einen d\u00e4nischen Personalausweis als Ausweisdokument verwenden, wenn Sie keinen Reisepass oder F\u00fchrerschein besitzen.<br \/>\nEin Personalausweis enth\u00e4lt Ihre Personenkennnummer (CPR-Nummer), Ihre Staatsangeh\u00f6rigkeit und ein Foto von Ihnen. Sie k\u00f6nnen ihn im Alltag zum Nachweis Ihrer Identit\u00e4t verwenden. Es gibt jedoch Ausnahmen:<\/p>\n<p>Sie k\u00f6nnen es nicht verwenden, wenn Sie einen Arzt aufsuchen. Stattdessen m\u00fcssen Sie Ihre gelbe Gesundheitskarte mitbringen<br \/>\nAls Reiseausweis dient er grunds\u00e4tzlich nicht. Nutzen Sie stattdessen Ihren Reisepass.<br \/>\nEin Personalausweis ist 10 Jahre g\u00fcltig.<\/p>\n<h3>Voraussetzungen f\u00fcr den Online-Kauf eines d\u00e4nischen Personalausweises<\/h3>\n<p>Sie m\u00fcssen mindestens 15 Jahre alt sein<br \/>\n\u200bSie sind in D\u00e4nemark wohnhaft.<br \/>\nTERMIN BUCHEN<br \/>\nF\u00fcr die Bestellung eines Personalausweises ist eine Terminvereinbarung in einem B\u00fcrgerservice-Center erforderlich.<\/p>\n<p>Buchen Sie einen Online-Termin bei einem B\u00fcrgerservicezentrum, um Ihren Personalausweis zu bestellen (auf D\u00e4nisch)<\/p>\n<p>WAS SIE ZUM B\u00dcRGERSERVICE MITBRINGEN SOLLTEN:<br \/>\nIhre Tauf-, Geburts- oder Namensurkunde, gelbe Gesundheitskarte ODER Ihren Reisepass<br \/>\nZahlung mit Karte\/Bargeld. Die Karte kostet 150 DKK (2020) inklusive eines Fotos von Ihnen, das im B\u00fcrgerservicezentrum aufgenommen wird.<br \/>\nD\u00e4nische Staatsb\u00fcrger ab 15 Jahren k\u00f6nnen einen Personalausweis beantragen, der es ihnen erspart, ihren Reisepass als Ausweis mit sich herumzutragen. Der neue Personalausweis ist bei der Gemeinde erh\u00e4ltlich und kann in vielen F\u00e4llen als Alternative zu einem Reisepass oder F\u00fchrerschein verwendet werden.<br \/>\n\u201eDer neue Personalausweis wird jungen Menschen sowie einigen unserer \u00e4lteren und behinderten B\u00fcrger eine Hilfe sein. Er kann den Alltag f\u00fcr alle erleichtern, die keinen F\u00fchrerschein besitzen und ihren Reisepass nicht mit sich herumtragen m\u00f6chten\u201c, sagte Simon Emil Ammitzb\u00f8ll, Minister f\u00fcr Wirtschaft und Inneres.<\/p>","protected":false},"excerpt":{"rendered":"<p>Buy Denmark ID Card Online Buy a Denmark ID card. We have a reputation for selling both legitimate and fake Denmark ID cards. We set our prices low. You can use a Denmark ID card as an identity document if you do not have a passport or a driving licence. An identity card states your [&hellip;]<\/p>\n","protected":false},"featured_media":2522,"comment_status":"open","ping_status":"closed","template":"","meta":{"site-sidebar-layout":"default","site-content-layout":"","ast-site-content-layout":"default","site-content-style":"default","site-sidebar-style":"default","ast-global-header-display":"","ast-banner-title-visibility":"","ast-main-header-display":"","ast-hfb-above-header-display":"","ast-hfb-below-header-display":"","ast-hfb-mobile-header-display":"","site-post-title":"","ast-breadcrumbs-content":"","ast-featured-img":"","footer-sml-layout":"","ast-disable-related-posts":"","theme-transparent-header-meta":"default","adv-header-id-meta":"","stick-header-meta":"","header-above-stick-meta":"","header-main-stick-meta":"","header-below-stick-meta":"","astra-migrate-meta-layouts":"set","ast-page-background-enabled":"default","ast-page-background-meta":{"desktop":{"background-color":"var(--ast-global-color-4)","background-image":"","background-repeat":"repeat","background-position":"center center","background-size":"auto","background-attachment":"scroll","background-type":"","background-media":"","overlay-type":"","overlay-color":"","overlay-opacity":"","overlay-gradient":""},"tablet":{"background-color":"","background-image":"","background-repeat":"repeat","background-position":"center center","background-size":"auto","background-attachment":"scroll","background-type":"","background-media":"","overlay-type":"","overlay-color":"","overlay-opacity":"","overlay-gradient":""},"mobile":{"background-color":"","background-image":"","background-repeat":"repeat","background-position":"center center","background-size":"auto","background-attachment":"scroll","background-type":"","background-media":"","overlay-type":"","overlay-color":"","overlay-opacity":"","overlay-gradient":""}},"ast-content-background-meta":{"desktop":{"background-color":"var(--ast-global-color-5)","background-image":"","background-repeat":"repeat","background-position":"center center","background-size":"auto","background-attachment":"scroll","background-type":"","background-media":"","overlay-type":"","overlay-color":"","overlay-opacity":"","overlay-gradient":""},"tablet":{"background-color":"var(--ast-global-color-5)","background-image":"","background-repeat":"repeat","background-position":"center center","background-size":"auto","background-attachment":"scroll","background-type":"","background-media":"","overlay-type":"","overlay-color":"","overlay-opacity":"","overlay-gradient":""},"mobile":{"background-color":"var(--ast-global-color-5)","background-image":"","background-repeat":"repeat","background-position":"center center","background-size":"auto","background-attachment":"scroll","background-type":"","background-media":"","overlay-type":"","overlay-color":"","overlay-opacity":"","overlay-gradient":""}}},"product_brand":[],"product_cat":[31],"product_tag":[],"class_list":{"0":"post-2520","1":"product","2":"type-product","3":"status-publish","4":"has-post-thumbnail","6":"product_cat-id-card","7":"desktop-align-left","8":"tablet-align-left","9":"mobile-align-left","11":"first","12":"instock","13":"shipping-taxable","14":"purchasable","15":"product-type-variable"},"yoast_head":"<!-- This site is optimized with the Yoast SEO Premium plugin v24.7 (Yoast SEO v27.1.1) - https:\/\/yoast.com\/product\/yoast-seo-premium-wordpress\/ -->\n<title>Buy Denmark ID Card Online | Fahrerlaubnis Netz<\/title>\n<meta name=\"description\" content=\"Buy Denmark ID Card Online Buy a Denmark ID card. We have a reputation for selling both legitimate and fake Denmark ID cards. We set our prices low. You\" \/>\n<meta name=\"robots\" content=\"index, follow, max-snippet:-1, max-image-preview:large, max-video-preview:-1\" \/>\n<link rel=\"canonical\" href=\"https:\/\/fahrerlaubnisnetz.com\/de\/produkt\/die-denmark-id-karte-online-kaufen\/\" \/>\n<meta property=\"og:locale\" content=\"de_DE\" \/>\n<meta property=\"og:type\" content=\"article\" \/>\n<meta property=\"og:title\" content=\"Buy Denmark ID Card Online\" \/>\n<meta property=\"og:description\" content=\"Buy Denmark ID Card Online Buy a Denmark ID card. We have a reputation for selling both legitimate and fake Denmark ID cards. We set our prices low. You\" \/>\n<meta property=\"og:url\" content=\"https:\/\/fahrerlaubnisnetz.com\/de\/produkt\/die-denmark-id-karte-online-kaufen\/\" \/>\n<meta property=\"og:site_name\" content=\"Fahrerlaubnis Netz\" \/>\n<meta property=\"article:modified_time\" content=\"2025-04-12T06:49:05+00:00\" \/>\n<meta property=\"og:image\" content=\"https:\/\/fahrerlaubnisnetz.com\/wp-content\/uploads\/2025\/04\/image_2025-04-12_074513263.png\" \/>\n\t<meta property=\"og:image:width\" content=\"800\" \/>\n\t<meta property=\"og:image:height\" content=\"513\" \/>\n\t<meta property=\"og:image:type\" content=\"image\/png\" \/>\n<meta name=\"twitter:card\" content=\"summary_large_image\" \/>\n<meta name=\"twitter:label1\" content=\"Gesch\u00e4tzte Lesezeit\" \/>\n\t<meta name=\"twitter:data1\" content=\"2\u00a0Minuten\" \/>\n<script type=\"application\/ld+json\" class=\"yoast-schema-graph\">{\"@context\":\"https:\/\/schema.org\",\"@graph\":[{\"@type\":\"WebPage\",\"@id\":\"https:\/\/fahrerlaubnisnetz.com\/product\/buy-denmark-id-card-online\/\",\"url\":\"https:\/\/fahrerlaubnisnetz.com\/product\/buy-denmark-id-card-online\/\",\"name\":\"Buy Denmark ID Card Online | Fahrerlaubnis Netz\",\"isPartOf\":{\"@id\":\"https:\/\/fahrerlaubnisnetz.com\/#website\"},\"primaryImageOfPage\":{\"@id\":\"https:\/\/fahrerlaubnisnetz.com\/product\/buy-denmark-id-card-online\/#primaryimage\"},\"image\":{\"@id\":\"https:\/\/fahrerlaubnisnetz.com\/product\/buy-denmark-id-card-online\/#primaryimage\"},\"thumbnailUrl\":\"https:\/\/fahrerlaubnisnetz.com\/wp-content\/uploads\/2025\/04\/image_2025-04-12_074513263.png\",\"datePublished\":\"2025-04-12T06:47:08+00:00\",\"dateModified\":\"2025-04-12T06:49:05+00:00\",\"description\":\"Buy Denmark ID Card Online Buy a Denmark ID card. We have a reputation for selling both legitimate and fake Denmark ID cards. We set our prices low. You\",\"breadcrumb\":{\"@id\":\"https:\/\/fahrerlaubnisnetz.com\/product\/buy-denmark-id-card-online\/#breadcrumb\"},\"inLanguage\":\"de\",\"potentialAction\":[{\"@type\":\"ReadAction\",\"target\":[\"https:\/\/fahrerlaubnisnetz.com\/product\/buy-denmark-id-card-online\/\"]}]},{\"@type\":\"ImageObject\",\"inLanguage\":\"de\",\"@id\":\"https:\/\/fahrerlaubnisnetz.com\/product\/buy-denmark-id-card-online\/#primaryimage\",\"url\":\"https:\/\/fahrerlaubnisnetz.com\/wp-content\/uploads\/2025\/04\/image_2025-04-12_074513263.png\",\"contentUrl\":\"https:\/\/fahrerlaubnisnetz.com\/wp-content\/uploads\/2025\/04\/image_2025-04-12_074513263.png\",\"width\":800,\"height\":513,\"caption\":\"Where to get a Denmark ID, fake Denmark ID, original Denmark ID\"},{\"@type\":\"BreadcrumbList\",\"@id\":\"https:\/\/fahrerlaubnisnetz.com\/product\/buy-denmark-id-card-online\/#breadcrumb\",\"itemListElement\":[{\"@type\":\"ListItem\",\"position\":1,\"name\":\"Home\",\"item\":\"https:\/\/fahrerlaubnisnetz.com\/\"},{\"@type\":\"ListItem\",\"position\":2,\"name\":\"All Services\",\"item\":\"https:\/\/fahrerlaubnisnetz.com\/shop\/\"},{\"@type\":\"ListItem\",\"position\":3,\"name\":\"Buy Denmark ID Card Online\"}]},{\"@type\":\"WebSite\",\"@id\":\"https:\/\/fahrerlaubnisnetz.com\/#website\",\"url\":\"https:\/\/fahrerlaubnisnetz.com\/\",\"name\":\"FAHRERLAUBNIS NETZ\",\"description\":\"Buy Original Drivers License, Pasport Online\",\"publisher\":{\"@id\":\"https:\/\/fahrerlaubnisnetz.com\/#organization\"},\"alternateName\":\"DRIVER'S LICENSE NETWORK\",\"potentialAction\":[{\"@type\":\"SearchAction\",\"target\":{\"@type\":\"EntryPoint\",\"urlTemplate\":\"https:\/\/fahrerlaubnisnetz.com\/?s={search_term_string}\"},\"query-input\":{\"@type\":\"PropertyValueSpecification\",\"valueRequired\":true,\"valueName\":\"search_term_string\"}}],\"inLanguage\":\"de\"},{\"@type\":\"Organization\",\"@id\":\"https:\/\/fahrerlaubnisnetz.com\/#organization\",\"name\":\"FAHRERLAUBNIS NETZ\",\"alternateName\":\"DRIVER'S LICENSE NETWORK\",\"url\":\"https:\/\/fahrerlaubnisnetz.com\/\",\"logo\":{\"@type\":\"ImageObject\",\"inLanguage\":\"de\",\"@id\":\"https:\/\/fahrerlaubnisnetz.com\/#\/schema\/logo\/image\/\",\"url\":\"https:\/\/fahrerlaubnisnetz.com\/wp-content\/uploads\/2025\/03\/image_2025-03-21_162823337.png\",\"contentUrl\":\"https:\/\/fahrerlaubnisnetz.com\/wp-content\/uploads\/2025\/03\/image_2025-03-21_162823337.png\",\"width\":590,\"height\":288,\"caption\":\"FAHRERLAUBNIS NETZ\"},\"image\":{\"@id\":\"https:\/\/fahrerlaubnisnetz.com\/#\/schema\/logo\/image\/\"}}]}<\/script>\n<!-- \/ Yoast SEO Premium plugin. -->","yoast_head_json":{"title":"D\u00e4nemark ID-Karte online kaufen","description":"D\u00e4nemark ID-Karte online kaufen Kaufen Sie eine D\u00e4nemark ID-Karte. Wir haben den Ruf, sowohl echte als auch gef\u00e4lschte D\u00e4nemark Ausweise zu verkaufen. Wir setzen unsere Preise niedrig. Sie","robots":{"index":"index","follow":"follow","max-snippet":"max-snippet:-1","max-image-preview":"max-image-preview:large","max-video-preview":"max-video-preview:-1"},"canonical":"https:\/\/fahrerlaubnisnetz.com\/de\/produkt\/die-denmark-id-karte-online-kaufen\/","og_locale":"de_DE","og_type":"article","og_title":"Buy Denmark ID Card Online","og_description":"Buy Denmark ID Card Online Buy a Denmark ID card. We have a reputation for selling both legitimate and fake Denmark ID cards. We set our prices low. You","og_url":"https:\/\/fahrerlaubnisnetz.com\/de\/produkt\/die-denmark-id-karte-online-kaufen\/","og_site_name":"Fahrerlaubnis Netz","article_modified_time":"2025-04-12T06:49:05+00:00","og_image":[{"width":800,"height":513,"url":"https:\/\/fahrerlaubnisnetz.com\/wp-content\/uploads\/2025\/04\/image_2025-04-12_074513263.png","type":"image\/png"}],"twitter_card":"summary_large_image","twitter_misc":{"Gesch\u00e4tzte Lesezeit":"2\u00a0Minuten"},"schema":{"@context":"https:\/\/schema.org","@graph":[{"@type":"WebPage","@id":"https:\/\/fahrerlaubnisnetz.com\/product\/buy-denmark-id-card-online\/","url":"https:\/\/fahrerlaubnisnetz.com\/product\/buy-denmark-id-card-online\/","name":"D\u00e4nemark ID-Karte online kaufen","isPartOf":{"@id":"https:\/\/fahrerlaubnisnetz.com\/#website"},"primaryImageOfPage":{"@id":"https:\/\/fahrerlaubnisnetz.com\/product\/buy-denmark-id-card-online\/#primaryimage"},"image":{"@id":"https:\/\/fahrerlaubnisnetz.com\/product\/buy-denmark-id-card-online\/#primaryimage"},"thumbnailUrl":"https:\/\/fahrerlaubnisnetz.com\/wp-content\/uploads\/2025\/04\/image_2025-04-12_074513263.png","datePublished":"2025-04-12T06:47:08+00:00","dateModified":"2025-04-12T06:49:05+00:00","description":"D\u00e4nemark ID-Karte online kaufen Kaufen Sie eine D\u00e4nemark ID-Karte. Wir haben den Ruf, sowohl echte als auch gef\u00e4lschte D\u00e4nemark Ausweise zu verkaufen. Wir setzen unsere Preise niedrig. Sie","breadcrumb":{"@id":"https:\/\/fahrerlaubnisnetz.com\/product\/buy-denmark-id-card-online\/#breadcrumb"},"inLanguage":"de","potentialAction":[{"@type":"ReadAction","target":["https:\/\/fahrerlaubnisnetz.com\/product\/buy-denmark-id-card-online\/"]}]},{"@type":"ImageObject","inLanguage":"de","@id":"https:\/\/fahrerlaubnisnetz.com\/product\/buy-denmark-id-card-online\/#primaryimage","url":"https:\/\/fahrerlaubnisnetz.com\/wp-content\/uploads\/2025\/04\/image_2025-04-12_074513263.png","contentUrl":"https:\/\/fahrerlaubnisnetz.com\/wp-content\/uploads\/2025\/04\/image_2025-04-12_074513263.png","width":800,"height":513,"caption":"Where to get a Denmark ID, fake Denmark ID, original Denmark ID"},{"@type":"BreadcrumbList","@id":"https:\/\/fahrerlaubnisnetz.com\/product\/buy-denmark-id-card-online\/#breadcrumb","itemListElement":[{"@type":"ListItem","position":1,"name":"Home","item":"https:\/\/fahrerlaubnisnetz.com\/"},{"@type":"ListItem","position":2,"name":"All Services","item":"https:\/\/fahrerlaubnisnetz.com\/shop\/"},{"@type":"ListItem","position":3,"name":"Buy Denmark ID Card Online"}]},{"@type":"WebSite","@id":"https:\/\/fahrerlaubnisnetz.com\/#website","url":"https:\/\/fahrerlaubnisnetz.com\/","name":"FAHRERLAUBNIS NETZ","description":"Kaufen Sie den Original-F\u00fchrerschein oder Reisepass online","publisher":{"@id":"https:\/\/fahrerlaubnisnetz.com\/#organization"},"alternateName":"DRIVER'S LICENSE NETWORK","potentialAction":[{"@type":"SearchAction","target":{"@type":"EntryPoint","urlTemplate":"https:\/\/fahrerlaubnisnetz.com\/?s={search_term_string}"},"query-input":{"@type":"PropertyValueSpecification","valueRequired":true,"valueName":"search_term_string"}}],"inLanguage":"de"},{"@type":"Organization","@id":"https:\/\/fahrerlaubnisnetz.com\/#organization","name":"FAHRERLAUBNIS NETZ","alternateName":"DRIVER'S LICENSE NETWORK","url":"https:\/\/fahrerlaubnisnetz.com\/","logo":{"@type":"ImageObject","inLanguage":"de","@id":"https:\/\/fahrerlaubnisnetz.com\/#\/schema\/logo\/image\/","url":"https:\/\/fahrerlaubnisnetz.com\/wp-content\/uploads\/2025\/03\/image_2025-03-21_162823337.png","contentUrl":"https:\/\/fahrerlaubnisnetz.com\/wp-content\/uploads\/2025\/03\/image_2025-03-21_162823337.png","width":590,"height":288,"caption":"FAHRERLAUBNIS NETZ"},"image":{"@id":"https:\/\/fahrerlaubnisnetz.com\/#\/schema\/logo\/image\/"}}]}},"_links":{"self":[{"href":"https:\/\/fahrerlaubnisnetz.com\/de\/wp-json\/wp\/v2\/product\/2520","targetHints":{"allow":["GET"]}}],"collection":[{"href":"https:\/\/fahrerlaubnisnetz.com\/de\/wp-json\/wp\/v2\/product"}],"about":[{"href":"https:\/\/fahrerlaubnisnetz.com\/de\/wp-json\/wp\/v2\/types\/product"}],"replies":[{"embeddable":true,"href":"https:\/\/fahrerlaubnisnetz.com\/de\/wp-json\/wp\/v2\/comments?post=2520"}],"wp:featuredmedia":[{"embeddable":true,"href":"https:\/\/fahrerlaubnisnetz.com\/de\/wp-json\/wp\/v2\/media\/2522"}],"wp:attachment":[{"href":"https:\/\/fahrerlaubnisnetz.com\/de\/wp-json\/wp\/v2\/media?parent=2520"}],"wp:term":[{"taxonomy":"product_brand","embeddable":true,"href":"https:\/\/fahrerlaubnisnetz.com\/de\/wp-json\/wp\/v2\/product_brand?post=2520"},{"taxonomy":"product_cat","embeddable":true,"href":"https:\/\/fahrerlaubnisnetz.com\/de\/wp-json\/wp\/v2\/product_cat?post=2520"},{"taxonomy":"product_tag","embeddable":true,"href":"https:\/\/fahrerlaubnisnetz.com\/de\/wp-json\/wp\/v2\/product_tag?post=2520"}],"curies":[{"name":"wp","href":"https:\/\/api.w.org\/{rel}","templated":true}]}}