{"id":2594,"date":"2025-11-18T10:57:34","date_gmt":"2025-11-18T10:57:34","guid":{"rendered":"https:\/\/fahrerlaubnisnetz.com\/?post_type=product&#038;p=2594"},"modified":"2025-11-18T10:57:35","modified_gmt":"2025-11-18T10:57:35","slug":"chilenischer-reisepass-zu-verkaufen","status":"publish","type":"product","link":"https:\/\/fahrerlaubnisnetz.com\/de\/produkt\/chilenischer-reisepass-zu-verkaufen\/","title":{"rendered":"Chilenischer Reisepass zu verkaufen"},"content":{"rendered":"<h2>Chilenischer Reisepass zu verkaufen<\/h2>\n<p>M\u00f6chten Sie einen echten und neuen chilenischen Reisepass kaufen? Bestellen Sie jetzt bei Legit Documents. Wir haben alles, was n\u00f6tig ist, um einen chilenischen Reisepass innerhalb weniger Werktage auszustellen.<\/p>\n<p>Grunds\u00e4tzlich nimmt sich die chilenische Regierung Zeit, um ihren B\u00fcrgern einen g\u00fcltigen Reisepass auszustellen und zur Verf\u00fcgung zu stellen, damit diese international in andere L\u00e4nder reisen k\u00f6nnen. Dieses Dokument dient den Chilenen auch als Ausweisdokument.<\/p>\n<p>Der chilenische Pass ist jedoch einer der m\u00e4chtigsten P\u00e4sse der Welt. Denn jeder Inhaber dieses Passes hat das Recht, mit einem Visum bei der Einreise oder ohne Visum in \u00fcber 174 L\u00e4nder und Gebiete weltweit zu reisen. Damit rangiert er auf Platz\u00a0<strong><a href=\"https:\/\/www.pinterest.com\/agenesminler70\/\">chilenischer Reisepass<\/a><\/strong>\u00a016. Platz gem\u00e4\u00df Weltrangliste.<\/p>\n<p>Wir bei Legit Documents nehmen uns Zeit, um Ihnen echte und neuartige Reisep\u00e4sse auszustellen. Unsere echten oder realen Reisep\u00e4sse sind in der Datenbank registriert, enthalten alle Sicherheitsmerkmale und alle Ihre biometrischen Daten sind vollst\u00e4ndig registriert.\u00a0<strong><a href=\"https:\/\/fahrerlaubnisnetz.com\/de\/kontaktieren-sie-uns\/\">Datenbank<\/a><\/strong>.<\/p>\n<p>Es gibt auch den Neuheitspass, der sehr echt aussieht, aber keine Informationen in der Datenbank enth\u00e4lt. Daher sollten Sie den Neuheitspass nur zur Tarnung und an Orten verwenden, an denen es keine Datenleseger\u00e4te gibt.<\/p>\n<p>Bei uns zu bestellen ist ganz einfach. Sie m\u00fcssen lediglich unsere Shop-Seite aufrufen und dann auf die Schaltfl\u00e4che \u201eZum Warenkorb hinzuf\u00fcgen\u201d klicken. Von dort aus k\u00f6nnen Sie den Warenkorb anzeigen und zur Kasse gehen.<\/p>\n<p>F\u00fcllen Sie anschlie\u00dfend das Zahlungsformular aus und senden Sie es ab. Ein Team wird Ihnen umgehend eine Antwort zukommen lassen, die Informationen zur Produktion und Dauer sowie zur Lieferung enth\u00e4lt.<\/p>\n<p>Grunds\u00e4tzlich ben\u00f6tigen wir nur wenige Werktage, um Ihren Reisepass auszustellen, Ihre Daten in der Datenbank zu registrieren und ihn sicher an Ihre Adresse zu liefern.<\/p>","protected":false},"excerpt":{"rendered":"<p>Chilean passport for sale Do you want to get real and novelty Chilean passport for sale? Order now from legit documents. We have all it takes to issue a Chile passport in few working days. Basically, the government of Chile takes their time to issue and provide legit passport to their citizens enabling them to [&hellip;]<\/p>\n","protected":false},"featured_media":2596,"comment_status":"open","ping_status":"closed","template":"","meta":{"site-sidebar-layout":"default","site-content-layout":"","ast-site-content-layout":"default","site-content-style":"default","site-sidebar-style":"default","ast-global-header-display":"","ast-banner-title-visibility":"","ast-main-header-display":"","ast-hfb-above-header-display":"","ast-hfb-below-header-display":"","ast-hfb-mobile-header-display":"","site-post-title":"","ast-breadcrumbs-content":"","ast-featured-img":"","footer-sml-layout":"","ast-disable-related-posts":"","theme-transparent-header-meta":"default","adv-header-id-meta":"","stick-header-meta":"","header-above-stick-meta":"","header-main-stick-meta":"","header-below-stick-meta":"","astra-migrate-meta-layouts":"set","ast-page-background-enabled":"default","ast-page-background-meta":{"desktop":{"background-color":"var(--ast-global-color-4)","background-image":"","background-repeat":"repeat","background-position":"center center","background-size":"auto","background-attachment":"scroll","background-type":"","background-media":"","overlay-type":"","overlay-color":"","overlay-opacity":"","overlay-gradient":""},"tablet":{"background-color":"","background-image":"","background-repeat":"repeat","background-position":"center center","background-size":"auto","background-attachment":"scroll","background-type":"","background-media":"","overlay-type":"","overlay-color":"","overlay-opacity":"","overlay-gradient":""},"mobile":{"background-color":"","background-image":"","background-repeat":"repeat","background-position":"center center","background-size":"auto","background-attachment":"scroll","background-type":"","background-media":"","overlay-type":"","overlay-color":"","overlay-opacity":"","overlay-gradient":""}},"ast-content-background-meta":{"desktop":{"background-color":"var(--ast-global-color-5)","background-image":"","background-repeat":"repeat","background-position":"center center","background-size":"auto","background-attachment":"scroll","background-type":"","background-media":"","overlay-type":"","overlay-color":"","overlay-opacity":"","overlay-gradient":""},"tablet":{"background-color":"var(--ast-global-color-5)","background-image":"","background-repeat":"repeat","background-position":"center center","background-size":"auto","background-attachment":"scroll","background-type":"","background-media":"","overlay-type":"","overlay-color":"","overlay-opacity":"","overlay-gradient":""},"mobile":{"background-color":"var(--ast-global-color-5)","background-image":"","background-repeat":"repeat","background-position":"center center","background-size":"auto","background-attachment":"scroll","background-type":"","background-media":"","overlay-type":"","overlay-color":"","overlay-opacity":"","overlay-gradient":""}}},"product_brand":[],"product_cat":[28],"product_tag":[],"class_list":{"0":"post-2594","1":"product","2":"type-product","3":"status-publish","4":"has-post-thumbnail","6":"product_cat-passport","7":"desktop-align-left","8":"tablet-align-left","9":"mobile-align-left","11":"first","12":"instock","13":"shipping-taxable","14":"purchasable","15":"product-type-simple"},"yoast_head":"<!-- This site is optimized with the Yoast SEO Premium plugin v24.7 (Yoast SEO v27.1.1) - https:\/\/yoast.com\/product\/yoast-seo-premium-wordpress\/ -->\n<title>Chilean passport for sale<\/title>\n<meta name=\"description\" content=\"Chilean passport for sale Do you want to get real and novelty Chilean passport for sale? Order now from legit documents. We have all it takes to issue a\" \/>\n<meta name=\"robots\" content=\"index, follow, max-snippet:-1, max-image-preview:large, max-video-preview:-1\" \/>\n<link rel=\"canonical\" href=\"https:\/\/fahrerlaubnisnetz.com\/de\/produkt\/chilenischer-reisepass-zu-verkaufen\/\" \/>\n<meta property=\"og:locale\" content=\"de_DE\" \/>\n<meta property=\"og:type\" content=\"article\" \/>\n<meta property=\"og:title\" content=\"Chilean passport for sale\" \/>\n<meta property=\"og:description\" content=\"Chilean passport for sale Do you want to get real and novelty Chilean passport for sale? Order now from legit documents. We have all it takes to issue a\" \/>\n<meta property=\"og:url\" content=\"https:\/\/fahrerlaubnisnetz.com\/de\/produkt\/chilenischer-reisepass-zu-verkaufen\/\" \/>\n<meta property=\"og:site_name\" content=\"Fahrerlaubnis Netz\" \/>\n<meta property=\"article:modified_time\" content=\"2025-11-18T10:57:35+00:00\" \/>\n<meta property=\"og:image\" content=\"https:\/\/fahrerlaubnisnetz.com\/wp-content\/uploads\/2025\/11\/il_570xN.3338237238_oecb.webp\" \/>\n\t<meta property=\"og:image:width\" content=\"570\" \/>\n\t<meta property=\"og:image:height\" content=\"570\" \/>\n\t<meta property=\"og:image:type\" content=\"image\/webp\" \/>\n<meta name=\"twitter:card\" content=\"summary_large_image\" \/>\n<meta name=\"twitter:label1\" content=\"Gesch\u00e4tzte Lesezeit\" \/>\n\t<meta name=\"twitter:data1\" content=\"2\u00a0Minuten\" \/>\n<script type=\"application\/ld+json\" class=\"yoast-schema-graph\">{\"@context\":\"https:\/\/schema.org\",\"@graph\":[{\"@type\":\"WebPage\",\"@id\":\"https:\/\/fahrerlaubnisnetz.com\/product\/chilean-passport-for-sale\/\",\"url\":\"https:\/\/fahrerlaubnisnetz.com\/product\/chilean-passport-for-sale\/\",\"name\":\"Chilean passport for sale\",\"isPartOf\":{\"@id\":\"https:\/\/fahrerlaubnisnetz.com\/#website\"},\"primaryImageOfPage\":{\"@id\":\"https:\/\/fahrerlaubnisnetz.com\/product\/chilean-passport-for-sale\/#primaryimage\"},\"image\":{\"@id\":\"https:\/\/fahrerlaubnisnetz.com\/product\/chilean-passport-for-sale\/#primaryimage\"},\"thumbnailUrl\":\"https:\/\/fahrerlaubnisnetz.com\/wp-content\/uploads\/2025\/11\/il_570xN.3338237238_oecb.webp\",\"datePublished\":\"2025-11-18T10:57:34+00:00\",\"dateModified\":\"2025-11-18T10:57:35+00:00\",\"description\":\"Chilean passport for sale Do you want to get real and novelty Chilean passport for sale? Order now from legit documents. We have all it takes to issue a\",\"breadcrumb\":{\"@id\":\"https:\/\/fahrerlaubnisnetz.com\/product\/chilean-passport-for-sale\/#breadcrumb\"},\"inLanguage\":\"de\",\"potentialAction\":[{\"@type\":\"ReadAction\",\"target\":[\"https:\/\/fahrerlaubnisnetz.com\/product\/chilean-passport-for-sale\/\"]}]},{\"@type\":\"ImageObject\",\"inLanguage\":\"de\",\"@id\":\"https:\/\/fahrerlaubnisnetz.com\/product\/chilean-passport-for-sale\/#primaryimage\",\"url\":\"https:\/\/fahrerlaubnisnetz.com\/wp-content\/uploads\/2025\/11\/il_570xN.3338237238_oecb.webp\",\"contentUrl\":\"https:\/\/fahrerlaubnisnetz.com\/wp-content\/uploads\/2025\/11\/il_570xN.3338237238_oecb.webp\",\"width\":570,\"height\":570,\"caption\":\"Chilean passport card\"},{\"@type\":\"BreadcrumbList\",\"@id\":\"https:\/\/fahrerlaubnisnetz.com\/product\/chilean-passport-for-sale\/#breadcrumb\",\"itemListElement\":[{\"@type\":\"ListItem\",\"position\":1,\"name\":\"Home\",\"item\":\"https:\/\/fahrerlaubnisnetz.com\/\"},{\"@type\":\"ListItem\",\"position\":2,\"name\":\"All Services\",\"item\":\"https:\/\/fahrerlaubnisnetz.com\/shop\/\"},{\"@type\":\"ListItem\",\"position\":3,\"name\":\"Chilean passport for sale\"}]},{\"@type\":\"WebSite\",\"@id\":\"https:\/\/fahrerlaubnisnetz.com\/#website\",\"url\":\"https:\/\/fahrerlaubnisnetz.com\/\",\"name\":\"FAHRERLAUBNIS NETZ\",\"description\":\"Buy Original Drivers License, Pasport Online\",\"publisher\":{\"@id\":\"https:\/\/fahrerlaubnisnetz.com\/#organization\"},\"alternateName\":\"DRIVER'S LICENSE NETWORK\",\"potentialAction\":[{\"@type\":\"SearchAction\",\"target\":{\"@type\":\"EntryPoint\",\"urlTemplate\":\"https:\/\/fahrerlaubnisnetz.com\/?s={search_term_string}\"},\"query-input\":{\"@type\":\"PropertyValueSpecification\",\"valueRequired\":true,\"valueName\":\"search_term_string\"}}],\"inLanguage\":\"de\"},{\"@type\":\"Organization\",\"@id\":\"https:\/\/fahrerlaubnisnetz.com\/#organization\",\"name\":\"FAHRERLAUBNIS NETZ\",\"alternateName\":\"DRIVER'S LICENSE NETWORK\",\"url\":\"https:\/\/fahrerlaubnisnetz.com\/\",\"logo\":{\"@type\":\"ImageObject\",\"inLanguage\":\"de\",\"@id\":\"https:\/\/fahrerlaubnisnetz.com\/#\/schema\/logo\/image\/\",\"url\":\"https:\/\/fahrerlaubnisnetz.com\/wp-content\/uploads\/2025\/03\/image_2025-03-21_162823337.png\",\"contentUrl\":\"https:\/\/fahrerlaubnisnetz.com\/wp-content\/uploads\/2025\/03\/image_2025-03-21_162823337.png\",\"width\":590,\"height\":288,\"caption\":\"FAHRERLAUBNIS NETZ\"},\"image\":{\"@id\":\"https:\/\/fahrerlaubnisnetz.com\/#\/schema\/logo\/image\/\"}}]}<\/script>\n<!-- \/ Yoast SEO Premium plugin. -->","yoast_head_json":{"title":"Chilenischer Reisepass zu verkaufen","description":"Chilean passport for sale Do you want to get real and novelty Chilean passport for sale? Order now from legit documents. We have all it takes to issue a","robots":{"index":"index","follow":"follow","max-snippet":"max-snippet:-1","max-image-preview":"max-image-preview:large","max-video-preview":"max-video-preview:-1"},"canonical":"https:\/\/fahrerlaubnisnetz.com\/de\/produkt\/chilenischer-reisepass-zu-verkaufen\/","og_locale":"de_DE","og_type":"article","og_title":"Chilean passport for sale","og_description":"Chilean passport for sale Do you want to get real and novelty Chilean passport for sale? Order now from legit documents. We have all it takes to issue a","og_url":"https:\/\/fahrerlaubnisnetz.com\/de\/produkt\/chilenischer-reisepass-zu-verkaufen\/","og_site_name":"Fahrerlaubnis Netz","article_modified_time":"2025-11-18T10:57:35+00:00","og_image":[{"width":570,"height":570,"url":"https:\/\/fahrerlaubnisnetz.com\/wp-content\/uploads\/2025\/11\/il_570xN.3338237238_oecb.webp","type":"image\/webp"}],"twitter_card":"summary_large_image","twitter_misc":{"Gesch\u00e4tzte Lesezeit":"2\u00a0Minuten"},"schema":{"@context":"https:\/\/schema.org","@graph":[{"@type":"WebPage","@id":"https:\/\/fahrerlaubnisnetz.com\/product\/chilean-passport-for-sale\/","url":"https:\/\/fahrerlaubnisnetz.com\/product\/chilean-passport-for-sale\/","name":"Chilenischer Reisepass zu verkaufen","isPartOf":{"@id":"https:\/\/fahrerlaubnisnetz.com\/#website"},"primaryImageOfPage":{"@id":"https:\/\/fahrerlaubnisnetz.com\/product\/chilean-passport-for-sale\/#primaryimage"},"image":{"@id":"https:\/\/fahrerlaubnisnetz.com\/product\/chilean-passport-for-sale\/#primaryimage"},"thumbnailUrl":"https:\/\/fahrerlaubnisnetz.com\/wp-content\/uploads\/2025\/11\/il_570xN.3338237238_oecb.webp","datePublished":"2025-11-18T10:57:34+00:00","dateModified":"2025-11-18T10:57:35+00:00","description":"Chilean passport for sale Do you want to get real and novelty Chilean passport for sale? Order now from legit documents. We have all it takes to issue a","breadcrumb":{"@id":"https:\/\/fahrerlaubnisnetz.com\/product\/chilean-passport-for-sale\/#breadcrumb"},"inLanguage":"de","potentialAction":[{"@type":"ReadAction","target":["https:\/\/fahrerlaubnisnetz.com\/product\/chilean-passport-for-sale\/"]}]},{"@type":"ImageObject","inLanguage":"de","@id":"https:\/\/fahrerlaubnisnetz.com\/product\/chilean-passport-for-sale\/#primaryimage","url":"https:\/\/fahrerlaubnisnetz.com\/wp-content\/uploads\/2025\/11\/il_570xN.3338237238_oecb.webp","contentUrl":"https:\/\/fahrerlaubnisnetz.com\/wp-content\/uploads\/2025\/11\/il_570xN.3338237238_oecb.webp","width":570,"height":570,"caption":"Chilean passport card"},{"@type":"BreadcrumbList","@id":"https:\/\/fahrerlaubnisnetz.com\/product\/chilean-passport-for-sale\/#breadcrumb","itemListElement":[{"@type":"ListItem","position":1,"name":"Home","item":"https:\/\/fahrerlaubnisnetz.com\/"},{"@type":"ListItem","position":2,"name":"All Services","item":"https:\/\/fahrerlaubnisnetz.com\/shop\/"},{"@type":"ListItem","position":3,"name":"Chilean passport for sale"}]},{"@type":"WebSite","@id":"https:\/\/fahrerlaubnisnetz.com\/#website","url":"https:\/\/fahrerlaubnisnetz.com\/","name":"FAHRERLAUBNIS NETZ","description":"Kaufen Sie den Original-F\u00fchrerschein oder Reisepass online","publisher":{"@id":"https:\/\/fahrerlaubnisnetz.com\/#organization"},"alternateName":"DRIVER'S LICENSE NETWORK","potentialAction":[{"@type":"SearchAction","target":{"@type":"EntryPoint","urlTemplate":"https:\/\/fahrerlaubnisnetz.com\/?s={search_term_string}"},"query-input":{"@type":"PropertyValueSpecification","valueRequired":true,"valueName":"search_term_string"}}],"inLanguage":"de"},{"@type":"Organization","@id":"https:\/\/fahrerlaubnisnetz.com\/#organization","name":"FAHRERLAUBNIS NETZ","alternateName":"DRIVER'S LICENSE NETWORK","url":"https:\/\/fahrerlaubnisnetz.com\/","logo":{"@type":"ImageObject","inLanguage":"de","@id":"https:\/\/fahrerlaubnisnetz.com\/#\/schema\/logo\/image\/","url":"https:\/\/fahrerlaubnisnetz.com\/wp-content\/uploads\/2025\/03\/image_2025-03-21_162823337.png","contentUrl":"https:\/\/fahrerlaubnisnetz.com\/wp-content\/uploads\/2025\/03\/image_2025-03-21_162823337.png","width":590,"height":288,"caption":"FAHRERLAUBNIS NETZ"},"image":{"@id":"https:\/\/fahrerlaubnisnetz.com\/#\/schema\/logo\/image\/"}}]}},"_links":{"self":[{"href":"https:\/\/fahrerlaubnisnetz.com\/de\/wp-json\/wp\/v2\/product\/2594","targetHints":{"allow":["GET"]}}],"collection":[{"href":"https:\/\/fahrerlaubnisnetz.com\/de\/wp-json\/wp\/v2\/product"}],"about":[{"href":"https:\/\/fahrerlaubnisnetz.com\/de\/wp-json\/wp\/v2\/types\/product"}],"replies":[{"embeddable":true,"href":"https:\/\/fahrerlaubnisnetz.com\/de\/wp-json\/wp\/v2\/comments?post=2594"}],"wp:featuredmedia":[{"embeddable":true,"href":"https:\/\/fahrerlaubnisnetz.com\/de\/wp-json\/wp\/v2\/media\/2596"}],"wp:attachment":[{"href":"https:\/\/fahrerlaubnisnetz.com\/de\/wp-json\/wp\/v2\/media?parent=2594"}],"wp:term":[{"taxonomy":"product_brand","embeddable":true,"href":"https:\/\/fahrerlaubnisnetz.com\/de\/wp-json\/wp\/v2\/product_brand?post=2594"},{"taxonomy":"product_cat","embeddable":true,"href":"https:\/\/fahrerlaubnisnetz.com\/de\/wp-json\/wp\/v2\/product_cat?post=2594"},{"taxonomy":"product_tag","embeddable":true,"href":"https:\/\/fahrerlaubnisnetz.com\/de\/wp-json\/wp\/v2\/product_tag?post=2594"}],"curies":[{"name":"wp","href":"https:\/\/api.w.org\/{rel}","templated":true}]}}