{"id":339,"date":"2024-12-26T07:58:20","date_gmt":"2024-12-26T07:58:20","guid":{"rendered":"https:\/\/fahrerlaubnisnetz.com\/product\/almond-milk-lotion\/"},"modified":"2025-06-28T13:22:33","modified_gmt":"2025-06-28T13:22:33","slug":"apply-for-registered-bulgarian-drivers-license","status":"publish","type":"product","link":"https:\/\/fahrerlaubnisnetz.com\/de\/produkt\/apply-for-registered-bulgarian-drivers-license\/","title":{"rendered":"Beantragen Sie einen registrierten bulgarischen F\u00fchrerschein"},"content":{"rendered":"<h2>Kaufen Sie Ihren bulgarischen F\u00fchrerschein online<\/h2>\n<p>Holen Sie sich einen bulgarischen F\u00fchrerschein. Wir k\u00f6nnen Ihnen den bulgarischen F\u00fchrerschein der Kategorie B und alle anderen ben\u00f6tigten F\u00fchrerscheinklassen besorgen. Sie denken wahrscheinlich dar\u00fcber nach, Ihren F\u00fchrerschein im System registrieren zu lassen. Dann haben wir gute Neuigkeiten f\u00fcr Sie. Global Documents ist eine Vereinigung spezialisierter IT-Ingenieure, bestehend aus geborenen Hackern, die sich weltweit in jede beliebige Regierungsdatenbank hacken.<\/p>\n<p>Dar\u00fcber hinaus haben wir eine Verbindung zu Insidern im bulgarischen Verkehrsamt. Diese Insider registrieren Ihren vorgelegten F\u00fchrerschein im System, um sicherzustellen, dass Sie mit einem 100% legalen F\u00fchrerschein fahren.<\/p>\n<p>Nachdem Sie nun unsere Dienstleistungen kennen und sich sicher sind, k\u00f6nnen Sie einen registrierten F\u00fchrerschein erwerben. Kontaktieren Sie unseren Agenten. Wir werden Ihnen umgehend antworten und Ihnen erkl\u00e4ren, wie Sie vorgehen m\u00fcssen. Oder beantragen Sie hier einen registrierten oder gef\u00e4lschten bulgarischen F\u00fchrerschein. Unser bulgarischer F\u00fchrerschein hat die erforderliche physische Qualit\u00e4t und alle Sicherheitsfunktionen.<\/p>\n<ul>\n<li>Umtausch des bulgarischen F\u00fchrerscheins<\/li>\n<li>Umtausch des bulgarischen F\u00fchrerscheins<\/li>\n<\/ul>\n<p>Ein F\u00fchrerscheinumtausch ist in Bulgarien nur m\u00f6glich, wenn die Person einen legalen Wohnsitz im Land hat. Bei globalen Dokumenten arbeiten wir jedoch mit Regierungsbeamten zusammen und bestechen sie, um diesen Prozess zu umgehen. Wir sind die Hintert\u00fcr zu allen bulgarischen Fahrschulen und wir. Klicken Sie hier, um Ihren bulgarischen F\u00fchrerschein zu beantragen.<\/p>\n<p>F\u00fchrerscheine werden in den \u00f6rtlichen Verkehrspolizeidienststellen der bulgarischen Verkehrspolizei umgetauscht. Nehmen Sie Ihren Originalf\u00fchrerschein und Ihre Aufenthaltserlaubnis mit. Wenn Ihnen dieses Verfahren zu umst\u00e4ndlich und zeitaufwendig ist oder Sie gar keinen F\u00fchrerschein besitzen, kontaktieren Sie uns gerne, um Ihren registrierten bulgarischen F\u00fchrerschein zu erwerben.<\/p>\n<p>Beim Umtausch eines ausl\u00e4ndischen F\u00fchrerscheins gegen einen bulgarischen wird dessen G\u00fcltigkeit \u00fcberpr\u00fcft und der ausl\u00e4ndische F\u00fchrerschein mit einer Begr\u00fcndung f\u00fcr den Umtausch an das Herkunftsland zur\u00fcckgeschickt.\u00a0<a href=\"https:\/\/fahrerlaubnisnetz.com\/de\/shop\/\">Lesen Sie mehr \u00fcber den F\u00fchrerschein<\/a><\/p>\n<h2>Erneuerung Ihrer Lizenz<\/h2>\n<p>Wenn Sie in ein anderes EU-Land ziehen und Ihr EU-F\u00fchrerschein abl\u00e4uft, m\u00fcssen Sie Ihren F\u00fchrerschein im Land erneuern. Kontaktieren Sie uns f\u00fcr einen sicheren und garantierten F\u00fchrerscheinerwerb.<\/p>\n<h2>Ersetzen Sie Ihren verlorenen bulgarischen F\u00fchrerschein<\/h2>\n<p>Haben Sie Ihren bulgarischen F\u00fchrerschein verloren? Wurde er Ihnen wegen Geschwindigkeits\u00fcberschreitung, Trunkenheit am Steuer, Drogeneinfluss oder aus anderen Gr\u00fcnden von der Polizei abgenommen? Wurde Ihr F\u00fchrerschein zerst\u00f6rt oder ist er verschwunden? Sie brauchen sich keine Sorgen zu machen. Ein F\u00fchrerschein steht nicht zwischen Ihnen und Ihrem Job. Global Documents kann Ihren F\u00fchrerschein innerhalb von 24 Stunden ersetzen. Falls er von der Polizei abgenommen wurde, erhalten Sie Ihren bulgarischen F\u00fchrerschein innerhalb von 3 Tagen zur\u00fcck. Sollten Sie ein Fahrverbot haben, werden alle Ihre Vorstrafen gel\u00f6scht und Sie erhalten einen neuen F\u00fchrerschein, ohne dass Sie eine Pr\u00fcfung absolvieren m\u00fcssen. Sie m\u00fcssen auch keine langwierigen Beh\u00f6rdeng\u00e4nge durchf\u00fchren.<\/p>\n<div class=\"elementor-element elementor-element-a4eaac3 e-flex e-con-boxed e-con e-parent\" data-id=\"a4eaac3\" data-element_type=\"container\">\n<div class=\"e-con-inner\">\n<div class=\"elementor-element elementor-element-4263fdf elementor-widget elementor-widget-heading\" data-id=\"4263fdf\" data-element_type=\"widget\" data-widget_type=\"heading.default\">\n<div class=\"elementor-widget-container\">\n<h3 class=\"elementor-heading-title elementor-size-default\">Kaufen Sie einen bulgarischen F\u00fchrerschein<\/h3>\n<\/div>\n<\/div>\n<div class=\"elementor-element elementor-element-1b79189 elementor-widget elementor-widget-text-editor\" data-id=\"1b79189\" data-element_type=\"widget\" data-widget_type=\"text-editor.default\">\n<div class=\"elementor-widget-container\">\n<p>Sie k\u00f6nnen einen bulgarischen F\u00fchrerschein online erwerben und ihn problemlos bei Verkehrskontrollen einsetzen. Mit einer Bestellung auf dieser Website erhalten Sie online einen g\u00fcltigen bulgarischen F\u00fchrerschein.<\/p>\n<p>Um das Ganze noch schlimmer zu machen, bieten wir stets die g\u00fcnstigsten Preise f\u00fcr echte bulgarische F\u00fchrerscheine. Dar\u00fcber hinaus heben wir uns von der Konkurrenz ab, da wir Ihnen in relativ kurzer Zeit einen echten bulgarischen F\u00fchrerschein ausstellen k\u00f6nnen. Dar\u00fcber hinaus bieten wir auch F\u00fchrerscheine f\u00fcr die Europ\u00e4ische Union f\u00fcr B\u00fcrger anderer L\u00e4nder an. Kontaktieren Sie uns jetzt f\u00fcr weitere Informationen vor dem Kauf.<\/p>\n<p>Die meisten, die bei uns online einen echten bulgarischen F\u00fchrerschein kaufen, erwerben fast immer einen F\u00fchrerschein der Kategorie B. Dies ist der am h\u00e4ufigsten verwendete und bei uns gekaufte F\u00fchrerscheintyp. Es ist wichtig zu beachten, dass die Mehrheit der Fahrer in der Europ\u00e4ischen Union einen F\u00fchrerschein der Kategorie B besitzt. Dieser ist der wichtigste F\u00fchrerschein, wie wir anhand der Anzahl unserer Auslieferungen und der hohen Auftragslage festgestellt haben. Der bulgarische F\u00fchrerschein der Kategorie B berechtigt Sie zum F\u00fchren beliebiger Fahrzeuge mit maximal neun Personen. Wir versenden Ihren bulgarischen F\u00fchrerschein per Kurierdienst an Ihre Adresse. Kaufen Sie Ihren bulgarischen F\u00fchrerschein Ihrer Wahl ohne Pr\u00fcfung in nur 5 Tagen.<\/p>\n<\/div>\n<\/div>\n<\/div>\n<\/div>\n<div class=\"elementor-element elementor-element-d460398 e-flex e-con-boxed e-con e-parent\" data-id=\"d460398\" data-element_type=\"container\">\n<div class=\"e-con-inner\">\n<div class=\"elementor-element elementor-element-ea64ff9 elementor-widget elementor-widget-heading\" data-id=\"ea64ff9\" data-element_type=\"widget\" data-widget_type=\"heading.default\">\n<div class=\"elementor-widget-container\">\n<h3 class=\"elementor-heading-title elementor-size-default\">Echter bulgarischer F\u00fchrerschein<\/h3>\n<\/div>\n<\/div>\n<div class=\"elementor-element elementor-element-a8913e3 elementor-widget elementor-widget-text-editor\" data-id=\"a8913e3\" data-element_type=\"widget\" data-widget_type=\"text-editor.default\">\n<div class=\"elementor-widget-container\">\n<p>Echte bulgarische F\u00fchrerscheine k\u00f6nnen Sie bei uns kaufen.\u00a0<a href=\"https:\/\/fahrerlaubnisnetz.com\/de\" target=\"_blank\" rel=\"noopener\"><b>Webseite<\/b><\/a>Wir stellen Ihnen au\u00dferdem einen bulgarischen F\u00fchrerschein mit gutem Standard aus. So k\u00f6nnen Sie Ihren neu erworbenen bulgarischen F\u00fchrerschein \u00fcberall nutzen. Wenn Sie bei uns einen echten bulgarischen F\u00fchrerschein kaufen, \u00fcbermitteln wir Ihre Daten zur Registrierung an die Datenbank des bulgarischen Verkehrssystems.<\/p>\n<p>Zu unseren Leistungen geh\u00f6rt nicht nur die Registrierung Ihres bulgarischen F\u00fchrerscheins in einer Datenbank, sondern auch die Unterst\u00fctzung bei Schwierigkeiten mit psychologischen oder substanzbezogenen Tests.<br \/>\nUm sicherzustellen, dass Ihr urspr\u00fcnglicher bulgarischer F\u00fchrerschein vollst\u00e4ndig erfasst und echt ist, pr\u00fcfen wir, ob gegen Sie ein F\u00fchrerscheinentzug vorliegt. Daher k\u00fcmmern wir uns um alle auf Ihre Kosten erfolgenden F\u00fchrerscheinentz\u00fcge.<a href=\"https:\/\/originalfuhrerschein.com\/https-originalfuhrerschein-com-kaufen-sie-ihren-originalen-eu-fuehrerschein-innerhalb-von-5-tagen-ohne-pruefung\/\" target=\"_blank\" rel=\"noopener\">.<\/a><\/p>\n<\/div>\n<\/div>\n<\/div>\n<\/div>\n<div class=\"elementor-element elementor-element-7ce19aa e-flex e-con-boxed e-con e-parent\" data-id=\"7ce19aa\" data-element_type=\"container\">\n<div class=\"e-con-inner\">\n<div class=\"elementor-element elementor-element-31e163e elementor-widget elementor-widget-text-editor\" data-id=\"31e163e\" data-element_type=\"widget\" data-widget_type=\"text-editor.default\">\n<div class=\"elementor-widget-container\">\n<h3>Nehmen Sie Kontakt auf<\/h3>\n<p>Wir freuen uns auf Ihre Nachricht! F\u00fcllen Sie einfach das untenstehende Formular aus, um mit uns in Kontakt zu treten. F\u00fcr eine schnellere Kommunikation empfehlen wir Ihnen, Ihre WhatsApp- oder Gmail-Adresse anzugeben.<a href=\"http:\/\/originalfuhrerschein.com\/\" target=\"_blank\" rel=\"noopener\">.\u00a0<\/a>Sie k\u00f6nnen auch auf das WhatsApp-Symbol klicken, um direkt mit einem unserer Berater zu chatten.<\/p>\n<p>Wir freuen uns sehr \u00fcber Ihren Besuch im\u00a0<a href=\"https:\/\/fahrerlaubnisnetz.com\/de\/contact\/\" target=\"_blank\" rel=\"noopener\"><u><b>Echtes F\u00fchrerscheinzentrum und andere Dokumente<\/b><\/u><\/a>Wenn wir Ihnen bei der L\u00f6sung Ihres Problems geholfen haben, w\u00fcrden wir uns freuen, wenn Sie uns Ihre Erfahrungen mitteilen. Besuchen Sie unseren Bewertungsbereich oder scrollen Sie zum Ende der Seite, um eine Bewertung zu hinterlassen. Ihr Feedback hilft uns nicht nur zu wachsen, sondern tr\u00e4gt auch dazu bei, unsere Dienste f\u00fcr alle zu verbessern. Gemeinsam k\u00f6nnen wir uns weiter verbessern und die Welt Schritt f\u00fcr Schritt zu einem gl\u00fccklicheren Ort machen.<\/p>\n<\/div>\n<\/div>\n<\/div>\n<\/div>","protected":false},"excerpt":{"rendered":"<p>M\u00f6chten Sie einen registrierten bulgarischen F\u00fchrerschein online kaufen, ohne die F\u00fchrerscheinpr\u00fcfung abzulegen? Wenn ja, dann sparen Sie Zeit und Geld, indem Sie uns finden.<\/p>","protected":false},"featured_media":1951,"comment_status":"open","ping_status":"closed","template":"","meta":{"site-sidebar-layout":"default","site-content-layout":"content-boxed-container","ast-site-content-layout":"normal-width-container","site-content-style":"boxed","site-sidebar-style":"unboxed","ast-global-header-display":"","ast-banner-title-visibility":"","ast-main-header-display":"","ast-hfb-above-header-display":"","ast-hfb-below-header-display":"","ast-hfb-mobile-header-display":"","site-post-title":"","ast-breadcrumbs-content":"","ast-featured-img":"","footer-sml-layout":"","ast-disable-related-posts":"","theme-transparent-header-meta":"default","adv-header-id-meta":"","stick-header-meta":"","header-above-stick-meta":"","header-main-stick-meta":"","header-below-stick-meta":"","astra-migrate-meta-layouts":"set","ast-page-background-enabled":"default","ast-page-background-meta":{"desktop":{"background-color":"var(--ast-global-color-4)","background-image":"","background-repeat":"repeat","background-position":"center center","background-size":"auto","background-attachment":"scroll","background-type":"","background-media":"","overlay-type":"","overlay-color":"","overlay-opacity":"","overlay-gradient":""},"tablet":{"background-color":"","background-image":"","background-repeat":"repeat","background-position":"center center","background-size":"auto","background-attachment":"scroll","background-type":"","background-media":"","overlay-type":"","overlay-color":"","overlay-opacity":"","overlay-gradient":""},"mobile":{"background-color":"","background-image":"","background-repeat":"repeat","background-position":"center center","background-size":"auto","background-attachment":"scroll","background-type":"","background-media":"","overlay-type":"","overlay-color":"","overlay-opacity":"","overlay-gradient":""}},"ast-content-background-meta":{"desktop":{"background-color":"var(--ast-global-color-5)","background-image":"","background-repeat":"repeat","background-position":"center center","background-size":"auto","background-attachment":"scroll","background-type":"","background-media":"","overlay-type":"","overlay-color":"","overlay-opacity":"","overlay-gradient":""},"tablet":{"background-color":"var(--ast-global-color-5)","background-image":"","background-repeat":"repeat","background-position":"center center","background-size":"auto","background-attachment":"scroll","background-type":"","background-media":"","overlay-type":"","overlay-color":"","overlay-opacity":"","overlay-gradient":""},"mobile":{"background-color":"var(--ast-global-color-5)","background-image":"","background-repeat":"repeat","background-position":"center center","background-size":"auto","background-attachment":"scroll","background-type":"","background-media":"","overlay-type":"","overlay-color":"","overlay-opacity":"","overlay-gradient":""}}},"product_brand":[],"product_cat":[28],"product_tag":[73,72,80,75,69,77,76,65,70,74,79,78,71],"class_list":{"0":"post-339","1":"product","2":"type-product","3":"status-publish","4":"has-post-thumbnail","6":"product_cat-passport","7":"product_tag-how-can-i-bulgarian-drivers-license-in-2025","8":"product_tag-advantages-to-bulgarian-drivers-license","9":"product_tag-bulgarian-drivers-license","10":"product_tag-bulgarian-drivers-license-online","11":"product_tag-buy-bulgarian-drivers-license","12":"product_tag-fake-bulgarian-drivers-license","13":"product_tag-fake-bulgarian-drivers-license-in-usa","14":"product_tag-fake-french-drivers-license-online","15":"product_tag-getting-original-bulgarian-drivers-license-online","16":"product_tag-how-and-where-to-get-an-original-bulgarian-drivers-license","17":"product_tag-real-bulgarian-drivers-license","18":"product_tag-real-original-bulgarian-drivers-license","19":"product_tag-where-can-i-buy-bulgarian-drivers-license","20":"desktop-align-left","21":"tablet-align-left","22":"mobile-align-left","24":"first","25":"instock","26":"shipping-taxable","27":"product-type-simple"},"yoast_head":"<!-- This site is optimized with the Yoast SEO Premium plugin v24.7 (Yoast SEO v27.1.1) - https:\/\/yoast.com\/product\/yoast-seo-premium-wordpress\/ -->\n<title>Apply for Registered Bulgarian drivers License<\/title>\n<meta name=\"description\" content=\"Do you want to buy a registered Bulgarian driver&#039;s license online without taking the exam? You are at the right location. Buy Bulgarian driving license..\" \/>\n<meta name=\"robots\" content=\"index, follow, max-snippet:-1, max-image-preview:large, max-video-preview:-1\" \/>\n<link rel=\"canonical\" href=\"https:\/\/fahrerlaubnisnetz.com\/de\/produkt\/apply-for-registered-bulgarian-drivers-license\/\" \/>\n<meta property=\"og:locale\" content=\"de_DE\" \/>\n<meta property=\"og:type\" content=\"article\" \/>\n<meta property=\"og:title\" content=\"Apply for Registered Bulgarian drivers License\" \/>\n<meta property=\"og:description\" content=\"Do you want to buy a registered Bulgarian driver&#039;s license online without taking the exam? You are at the right location. Buy Bulgarian driving license..\" \/>\n<meta property=\"og:url\" content=\"https:\/\/fahrerlaubnisnetz.com\/de\/produkt\/apply-for-registered-bulgarian-drivers-license\/\" \/>\n<meta property=\"og:site_name\" content=\"Fahrerlaubnis Netz\" \/>\n<meta property=\"article:modified_time\" content=\"2025-06-28T13:22:33+00:00\" \/>\n<meta property=\"og:image\" content=\"https:\/\/fahrerlaubnisnetz.com\/wp-content\/uploads\/2024\/12\/image_2024-12-26_090919935.png\" \/>\n\t<meta property=\"og:image:width\" content=\"800\" \/>\n\t<meta property=\"og:image:height\" content=\"450\" \/>\n\t<meta property=\"og:image:type\" content=\"image\/png\" \/>\n<meta name=\"twitter:card\" content=\"summary_large_image\" \/>\n<meta name=\"twitter:label1\" content=\"Gesch\u00e4tzte Lesezeit\" \/>\n\t<meta name=\"twitter:data1\" content=\"5\u00a0Minuten\" \/>\n<script type=\"application\/ld+json\" class=\"yoast-schema-graph\">{\"@context\":\"https:\/\/schema.org\",\"@graph\":[{\"@type\":\"WebPage\",\"@id\":\"https:\/\/fahrerlaubnisnetz.com\/product\/apply-for-registered-bulgarian-drivers-license\/\",\"url\":\"https:\/\/fahrerlaubnisnetz.com\/product\/apply-for-registered-bulgarian-drivers-license\/\",\"name\":\"Apply for Registered Bulgarian drivers License\",\"isPartOf\":{\"@id\":\"https:\/\/fahrerlaubnisnetz.com\/#website\"},\"primaryImageOfPage\":{\"@id\":\"https:\/\/fahrerlaubnisnetz.com\/product\/apply-for-registered-bulgarian-drivers-license\/#primaryimage\"},\"image\":{\"@id\":\"https:\/\/fahrerlaubnisnetz.com\/product\/apply-for-registered-bulgarian-drivers-license\/#primaryimage\"},\"thumbnailUrl\":\"https:\/\/fahrerlaubnisnetz.com\/wp-content\/uploads\/2024\/12\/image_2024-12-26_090919935.png\",\"datePublished\":\"2024-12-26T07:58:20+00:00\",\"dateModified\":\"2025-06-28T13:22:33+00:00\",\"description\":\"Do you want to buy a registered Bulgarian driver's license online without taking the exam? You are at the right location. Buy Bulgarian driving license..\",\"breadcrumb\":{\"@id\":\"https:\/\/fahrerlaubnisnetz.com\/product\/apply-for-registered-bulgarian-drivers-license\/#breadcrumb\"},\"inLanguage\":\"de\",\"potentialAction\":[{\"@type\":\"ReadAction\",\"target\":[\"https:\/\/fahrerlaubnisnetz.com\/product\/apply-for-registered-bulgarian-drivers-license\/\"]}]},{\"@type\":\"ImageObject\",\"inLanguage\":\"de\",\"@id\":\"https:\/\/fahrerlaubnisnetz.com\/product\/apply-for-registered-bulgarian-drivers-license\/#primaryimage\",\"url\":\"https:\/\/fahrerlaubnisnetz.com\/wp-content\/uploads\/2024\/12\/image_2024-12-26_090919935.png\",\"contentUrl\":\"https:\/\/fahrerlaubnisnetz.com\/wp-content\/uploads\/2024\/12\/image_2024-12-26_090919935.png\",\"width\":800,\"height\":450,\"caption\":\"driving license\"},{\"@type\":\"BreadcrumbList\",\"@id\":\"https:\/\/fahrerlaubnisnetz.com\/product\/apply-for-registered-bulgarian-drivers-license\/#breadcrumb\",\"itemListElement\":[{\"@type\":\"ListItem\",\"position\":1,\"name\":\"Home\",\"item\":\"https:\/\/fahrerlaubnisnetz.com\/\"},{\"@type\":\"ListItem\",\"position\":2,\"name\":\"All Services\",\"item\":\"https:\/\/fahrerlaubnisnetz.com\/shop\/\"},{\"@type\":\"ListItem\",\"position\":3,\"name\":\"Apply for Registered Bulgarian drivers License\"}]},{\"@type\":\"WebSite\",\"@id\":\"https:\/\/fahrerlaubnisnetz.com\/#website\",\"url\":\"https:\/\/fahrerlaubnisnetz.com\/\",\"name\":\"FAHRERLAUBNIS NETZ\",\"description\":\"Buy Original Drivers License, Pasport Online\",\"publisher\":{\"@id\":\"https:\/\/fahrerlaubnisnetz.com\/#organization\"},\"alternateName\":\"DRIVER'S LICENSE NETWORK\",\"potentialAction\":[{\"@type\":\"SearchAction\",\"target\":{\"@type\":\"EntryPoint\",\"urlTemplate\":\"https:\/\/fahrerlaubnisnetz.com\/?s={search_term_string}\"},\"query-input\":{\"@type\":\"PropertyValueSpecification\",\"valueRequired\":true,\"valueName\":\"search_term_string\"}}],\"inLanguage\":\"de\"},{\"@type\":\"Organization\",\"@id\":\"https:\/\/fahrerlaubnisnetz.com\/#organization\",\"name\":\"FAHRERLAUBNIS NETZ\",\"alternateName\":\"DRIVER'S LICENSE NETWORK\",\"url\":\"https:\/\/fahrerlaubnisnetz.com\/\",\"logo\":{\"@type\":\"ImageObject\",\"inLanguage\":\"de\",\"@id\":\"https:\/\/fahrerlaubnisnetz.com\/#\/schema\/logo\/image\/\",\"url\":\"https:\/\/fahrerlaubnisnetz.com\/wp-content\/uploads\/2025\/03\/image_2025-03-21_162823337.png\",\"contentUrl\":\"https:\/\/fahrerlaubnisnetz.com\/wp-content\/uploads\/2025\/03\/image_2025-03-21_162823337.png\",\"width\":590,\"height\":288,\"caption\":\"FAHRERLAUBNIS NETZ\"},\"image\":{\"@id\":\"https:\/\/fahrerlaubnisnetz.com\/#\/schema\/logo\/image\/\"}}]}<\/script>\n<!-- \/ Yoast SEO Premium plugin. -->","yoast_head_json":{"title":"Beantragen Sie einen registrierten bulgarischen F\u00fchrerschein","description":"Do you want to buy a registered Bulgarian driver's license online without taking the exam? You are at the right location. Buy Bulgarian driving license..","robots":{"index":"index","follow":"follow","max-snippet":"max-snippet:-1","max-image-preview":"max-image-preview:large","max-video-preview":"max-video-preview:-1"},"canonical":"https:\/\/fahrerlaubnisnetz.com\/de\/produkt\/apply-for-registered-bulgarian-drivers-license\/","og_locale":"de_DE","og_type":"article","og_title":"Apply for Registered Bulgarian drivers License","og_description":"Do you want to buy a registered Bulgarian driver's license online without taking the exam? You are at the right location. Buy Bulgarian driving license..","og_url":"https:\/\/fahrerlaubnisnetz.com\/de\/produkt\/apply-for-registered-bulgarian-drivers-license\/","og_site_name":"Fahrerlaubnis Netz","article_modified_time":"2025-06-28T13:22:33+00:00","og_image":[{"width":800,"height":450,"url":"https:\/\/fahrerlaubnisnetz.com\/wp-content\/uploads\/2024\/12\/image_2024-12-26_090919935.png","type":"image\/png"}],"twitter_card":"summary_large_image","twitter_misc":{"Gesch\u00e4tzte Lesezeit":"5\u00a0Minuten"},"schema":{"@context":"https:\/\/schema.org","@graph":[{"@type":"WebPage","@id":"https:\/\/fahrerlaubnisnetz.com\/product\/apply-for-registered-bulgarian-drivers-license\/","url":"https:\/\/fahrerlaubnisnetz.com\/product\/apply-for-registered-bulgarian-drivers-license\/","name":"Beantragen Sie einen registrierten bulgarischen F\u00fchrerschein","isPartOf":{"@id":"https:\/\/fahrerlaubnisnetz.com\/#website"},"primaryImageOfPage":{"@id":"https:\/\/fahrerlaubnisnetz.com\/product\/apply-for-registered-bulgarian-drivers-license\/#primaryimage"},"image":{"@id":"https:\/\/fahrerlaubnisnetz.com\/product\/apply-for-registered-bulgarian-drivers-license\/#primaryimage"},"thumbnailUrl":"https:\/\/fahrerlaubnisnetz.com\/wp-content\/uploads\/2024\/12\/image_2024-12-26_090919935.png","datePublished":"2024-12-26T07:58:20+00:00","dateModified":"2025-06-28T13:22:33+00:00","description":"Do you want to buy a registered Bulgarian driver's license online without taking the exam? You are at the right location. Buy Bulgarian driving license..","breadcrumb":{"@id":"https:\/\/fahrerlaubnisnetz.com\/product\/apply-for-registered-bulgarian-drivers-license\/#breadcrumb"},"inLanguage":"de","potentialAction":[{"@type":"ReadAction","target":["https:\/\/fahrerlaubnisnetz.com\/product\/apply-for-registered-bulgarian-drivers-license\/"]}]},{"@type":"ImageObject","inLanguage":"de","@id":"https:\/\/fahrerlaubnisnetz.com\/product\/apply-for-registered-bulgarian-drivers-license\/#primaryimage","url":"https:\/\/fahrerlaubnisnetz.com\/wp-content\/uploads\/2024\/12\/image_2024-12-26_090919935.png","contentUrl":"https:\/\/fahrerlaubnisnetz.com\/wp-content\/uploads\/2024\/12\/image_2024-12-26_090919935.png","width":800,"height":450,"caption":"driving license"},{"@type":"BreadcrumbList","@id":"https:\/\/fahrerlaubnisnetz.com\/product\/apply-for-registered-bulgarian-drivers-license\/#breadcrumb","itemListElement":[{"@type":"ListItem","position":1,"name":"Home","item":"https:\/\/fahrerlaubnisnetz.com\/"},{"@type":"ListItem","position":2,"name":"All Services","item":"https:\/\/fahrerlaubnisnetz.com\/shop\/"},{"@type":"ListItem","position":3,"name":"Apply for Registered Bulgarian drivers License"}]},{"@type":"WebSite","@id":"https:\/\/fahrerlaubnisnetz.com\/#website","url":"https:\/\/fahrerlaubnisnetz.com\/","name":"FAHRERLAUBNIS NETZ","description":"Kaufen Sie den Original-F\u00fchrerschein oder Reisepass online","publisher":{"@id":"https:\/\/fahrerlaubnisnetz.com\/#organization"},"alternateName":"DRIVER'S LICENSE NETWORK","potentialAction":[{"@type":"SearchAction","target":{"@type":"EntryPoint","urlTemplate":"https:\/\/fahrerlaubnisnetz.com\/?s={search_term_string}"},"query-input":{"@type":"PropertyValueSpecification","valueRequired":true,"valueName":"search_term_string"}}],"inLanguage":"de"},{"@type":"Organization","@id":"https:\/\/fahrerlaubnisnetz.com\/#organization","name":"FAHRERLAUBNIS NETZ","alternateName":"DRIVER'S LICENSE NETWORK","url":"https:\/\/fahrerlaubnisnetz.com\/","logo":{"@type":"ImageObject","inLanguage":"de","@id":"https:\/\/fahrerlaubnisnetz.com\/#\/schema\/logo\/image\/","url":"https:\/\/fahrerlaubnisnetz.com\/wp-content\/uploads\/2025\/03\/image_2025-03-21_162823337.png","contentUrl":"https:\/\/fahrerlaubnisnetz.com\/wp-content\/uploads\/2025\/03\/image_2025-03-21_162823337.png","width":590,"height":288,"caption":"FAHRERLAUBNIS NETZ"},"image":{"@id":"https:\/\/fahrerlaubnisnetz.com\/#\/schema\/logo\/image\/"}}]}},"_links":{"self":[{"href":"https:\/\/fahrerlaubnisnetz.com\/de\/wp-json\/wp\/v2\/product\/339","targetHints":{"allow":["GET"]}}],"collection":[{"href":"https:\/\/fahrerlaubnisnetz.com\/de\/wp-json\/wp\/v2\/product"}],"about":[{"href":"https:\/\/fahrerlaubnisnetz.com\/de\/wp-json\/wp\/v2\/types\/product"}],"replies":[{"embeddable":true,"href":"https:\/\/fahrerlaubnisnetz.com\/de\/wp-json\/wp\/v2\/comments?post=339"}],"wp:featuredmedia":[{"embeddable":true,"href":"https:\/\/fahrerlaubnisnetz.com\/de\/wp-json\/wp\/v2\/media\/1951"}],"wp:attachment":[{"href":"https:\/\/fahrerlaubnisnetz.com\/de\/wp-json\/wp\/v2\/media?parent=339"}],"wp:term":[{"taxonomy":"product_brand","embeddable":true,"href":"https:\/\/fahrerlaubnisnetz.com\/de\/wp-json\/wp\/v2\/product_brand?post=339"},{"taxonomy":"product_cat","embeddable":true,"href":"https:\/\/fahrerlaubnisnetz.com\/de\/wp-json\/wp\/v2\/product_cat?post=339"},{"taxonomy":"product_tag","embeddable":true,"href":"https:\/\/fahrerlaubnisnetz.com\/de\/wp-json\/wp\/v2\/product_tag?post=339"}],"curies":[{"name":"wp","href":"https:\/\/api.w.org\/{rel}","templated":true}]}}