{"id":341,"date":"2024-12-26T07:58:20","date_gmt":"2024-12-26T07:58:20","guid":{"rendered":"https:\/\/fahrerlaubnisnetz.com\/product\/cream-to-foam-lotion\/"},"modified":"2025-05-26T12:06:36","modified_gmt":"2025-05-26T12:06:36","slug":"einen-franzosischen-fuhrerschein-ohne-prufung-kaufen","status":"publish","type":"product","link":"https:\/\/fahrerlaubnisnetz.com\/de\/produkt\/einen-franzosischen-fuhrerschein-ohne-prufung-kaufen\/","title":{"rendered":"Einen franz\u00f6sischen F\u00fchrerschein ohne Pr\u00fcfung kaufen"},"content":{"rendered":"<h2>Einen franz\u00f6sischen F\u00fchrerschein ohne Pr\u00fcfung kaufen<\/h2>\n<p>Wir sind f\u00fcr Sie da. Kontaktieren Sie uns einfach \u00fcber diese Website. Wir besorgen Ihnen einen g\u00fcltigen F\u00fchrerschein der Kategorie B oder eine andere Kategorie, die Sie f\u00fcr Ihren Beruf ben\u00f6tigen. Die Theoriepr\u00fcfung f\u00fcr den Schweizer F\u00fchrerschein sollte Sie nicht von Ihrem Job oder Ihren t\u00e4glichen Gesch\u00e4ften abhalten. Wir sind eng mit den Schweizer Verkehrsbetrieben vernetzt. Kontaktieren Sie uns gerne f\u00fcr Informationen zu den Verkehrsregeln in der Schweiz. Wenn Sie sich auch \u00fcber die Verfahren zum legalen Erwerb eines F\u00fchrerscheins in der Schweiz oder einem anderen Land informieren m\u00f6chten, klicken Sie hier.\u00a0<a href=\"https:\/\/fahrerlaubnisnetz.com\/de\/contact\/\">Kontaktieren Sie uns<\/a>\u00a0Damit wir Ihnen Informationen zu den Verkehrsregeln in Frankreich geben k\u00f6nnen. Wenn Sie sich auch \u00fcber die Verfahren zur legalen Erlangung eines F\u00fchrerscheins in Frankreich oder einem anderen Land informieren m\u00f6chten, k\u00f6nnen Sie\u00a0<a href=\"https:\/\/europa.eu\/youreurope\/citizens\/vehicles\/driving-licence\/driving-licence-exchange-recognition\/index_en.htm\">klicken Sie hier.<\/a><\/p>\n<p>Unsere Agentur ist au\u00dferdem mit vielen Fahrschulen in der Schweiz verbunden, was das Fahren in der Schweiz sehr einfach macht. Sollten Sie Ihren F\u00fchrerschein in der Schweiz verloren haben, kontaktieren Sie uns bitte hier, um innerhalb von 3 Tagen einen Ersatz zu erhalten. Fahren ohne F\u00fchrerschein in der Schweiz kann zu einer Verhaftung durch die Polizei f\u00fchren.\u00a0<a href=\"https:\/\/fahrerlaubnisnetz.com\/de\">Mehr lesen<\/a><\/p>\n<h2>Fahren in Frankreich mit einem ausl\u00e4ndischen F\u00fchrerschein<\/h2>\n<p>Sie k\u00f6nnen in Frankreich mit einem ausl\u00e4ndischen F\u00fchrerschein fahren, manche Nationalit\u00e4ten m\u00fcssen ihn jedoch nach einer bestimmten Zeit gegen einen franz\u00f6sischen F\u00fchrerschein umtauschen.<\/p>\n<p>Ganz gleich, ob Sie nach Frankreich ziehen oder nur zu Besuch sind: Die gute Nachricht ist, dass Frankreich die F\u00fchrerscheine einer gro\u00dfen Zahl von L\u00e4ndern anerkennt und dass es Abkommen gibt, die es bestimmten Fahrern erm\u00f6glichen, ihren bestehenden F\u00fchrerschein problemlos gegen einen franz\u00f6sischen F\u00fchrerschein einzutauschen.<\/p>\n<p>Sofern Sie nicht aus der Europ\u00e4ischen Union (EU), dem Europ\u00e4ischen Wirtschaftsraum (EWR \u2013 EU plus Island, Norwegen und Liechtenstein) oder der Schweiz kommen, k\u00f6nnen die meisten Ausl\u00e4nder einen ausl\u00e4ndischen F\u00fchrerschein in Frankreich nur im ersten Jahr nach Erhalt der Aufenthaltserlaubnis nutzen. Zuvor m\u00fcssen Sie einen franz\u00f6sischen F\u00fchrerschein erwerben, indem Sie Ihren ausl\u00e4ndischen F\u00fchrerschein umtauschen oder die franz\u00f6sische Fahrpr\u00fcfung ablegen. Wenn Sie also aus einem der oben nicht genannten L\u00e4nder kommen, sollten Sie uns kontaktieren. Wir stellen Ihnen dann einen registrierten franz\u00f6sischen F\u00fchrerschein zur Verf\u00fcgung.<\/p>\n<h2>Wer darf mit dem franz\u00f6sischen F\u00fchrerschein in Frankreich Auto fahren?<\/h2>\n<p>Jeder Ausl\u00e4nder ab 18 Jahren mit einem anerkannten ausl\u00e4ndischen F\u00fchrerschein darf nach seiner Ankunft mindestens ein Jahr lang in Frankreich fahren. J\u00fcngere Fahrer, die in ihrem Heimatland einen F\u00fchrerschein besitzen, d\u00fcrfen erst mit 18 Jahren in Frankreich fahren.<\/p>\n<p>Wenn Sie einen F\u00fchrerschein eines EU-\/EWR-Mitgliedsstaates oder der Schweiz besitzen, k\u00f6nnen Sie Ihren F\u00fchrerschein in Frankreich unbegrenzt nutzen.<\/p>\n<p>Alle anderen m\u00fcssen innerhalb der ersten 12 Monate nach der Ankunft einen franz\u00f6sischen F\u00fchrerschein erwerben, da ausl\u00e4ndische F\u00fchrerscheine ein Jahr nach dem Aufenthaltsdatum ung\u00fcltig werden.<\/p>\n<p>Wenn Sie Zeit und Geld sparen m\u00f6chten, um einen franz\u00f6sischen F\u00fchrerschein zu erhalten, kontaktieren Sie uns, um ihn innerhalb von 3 Werktagen zu erhalten<\/p>\n<h1>Kaufen Sie einen franz\u00f6sischen F\u00fchrerschein<\/h1>\n<p>Kaufen\u00a0<a href=\"https:\/\/fahrerlaubnisnetz.com\/de\/produkt-kategorie\/buy-drivers-license\/\"><strong>France driver\u2019s license online.<\/strong><\/a>\u00a0Modelljahr 2023. Seit dem 15. Juli 2015 enth\u00e4lt der F\u00fchrerschein keinen elektronischen Chip mehr. In Frankreich ist der F\u00fchrerschein (franz\u00f6sisch: Permis de conduire) ein staatliches Recht, das jedem erteilt wird, der einen F\u00fchrerschein f\u00fcr eine beliebige Klasse beantragt. Er ist f\u00fcr alle Arten von Kraftfahrzeugen erforderlich.<\/p>\n<p>Das Mindestalter f\u00fcr den Erwerb eines F\u00fchrerscheins betr\u00e4gt: 16 Jahre f\u00fcr ein Motorrad, 18 Jahre f\u00fcr ein Auto und 21 Jahre f\u00fcr Busse und Lastkraftwagen.<\/p>\n<h2>Die Kategorien des franz\u00f6sischen F\u00fchrerscheins sind:<b><br \/>\n<\/b><\/h2>\n<ul>\n<li>A \u2013 Motorr\u00e4der und Mopeds (F\u00fchrerscheinklassen AM, A1, A2, A),<\/li>\n<li>B \u2013 Pkw, Traktoren und Arbeitsfahrzeuge (F\u00fchrerscheinklassen B, BE, W)<\/li>\n<li>C \u2013 Transporter und LKW \u00fcber 3.500kg (F\u00fchrerscheinklassen C, C1, CE, C1E)<\/li>\n<li>D \u2013 Busse (F\u00fchrerscheinklassen D, D1, DE, D1E)<\/li>\n<li>CD \u2013 LKW und Busse (F\u00fchrerscheinklassen C, C1, CE, C1E, D, D1, DE, D1E)<\/li>\n<li>TMT \u2013 LKW-Modul (muss D-Test bestanden haben)<\/li>\n<li>BMT \u2013 Busmodul (Test C muss bestanden sein). Kaufen Sie jetzt Ihren franz\u00f6sischen F\u00fchrerschein online<\/li>\n<\/ul>\n<h3>Umtausch eines ausl\u00e4ndischen F\u00fchrerscheins in Frankreich<\/h3>\n<p>Frankreich hat mit einer Reihe von L\u00e4ndern \u2013 darunter der Schweiz, Australien, S\u00fcdafrika sowie einigen US-Bundesstaaten und kanadischen Provinzen \u2013 gegenseitige Abkommen geschlossen. Diese erm\u00f6glichen es B\u00fcrgern anderer L\u00e4nder, die weniger als ein Jahr in Frankreich leben, ihren bestehenden F\u00fchrerschein gegen den franz\u00f6sischen einzutauschen, ohne in Frankreich eine Pr\u00fcfung ablegen zu m\u00fcssen. Hier finden Sie eine Liste der L\u00e4nder mit entsprechenden Abkommen. Sie k\u00f6nnen sich auch bei der franz\u00f6sischen Konsularbeh\u00f6rde Ihres Landes erkundigen.<\/p>\n<p>Wenn Ihr Land kein Abkommen mit Frankreich hat, m\u00fcssen Sie nach 12 Monaten einen franz\u00f6sischen F\u00fchrerschein erwerben, indem Sie sowohl die praktische als auch die theoretische franz\u00f6sische Fahrpr\u00fcfung bestehen.<\/p>\n<p>Erkundigen Sie sich bei Ihrer Region, ob bestimmte Fahrzeugf\u00fchrerscheine, beispielsweise f\u00fcr schwere Fahrzeuge, davon ausgenommen sind und ob eine Pr\u00fcfung erforderlich ist, um den entsprechenden franz\u00f6sischen F\u00fchrerschein zu erhalten.<\/p>\n<p>Viele Versicherungen k\u00f6nnen Ihnen auch mit einem Nicht-EU-F\u00fchrerschein eine Police ausstellen. Aber Vorsicht: Wenn Sie einen Unfall haben und die Versicherung sp\u00e4ter feststellt, dass Sie mit einem ung\u00fcltigen F\u00fchrerschein gefahren sind, k\u00f6nnen Sie schadensersatzpflichtig sein.<\/p>","protected":false},"excerpt":{"rendered":"<p>Qualitativen Original-F\u00fchrerschein von Frankreich online kaufen. Modell 2023 Jahr. Seit dem 15. Juli 2015, der F\u00fchrerschein nicht mehr einen elektronischen Chip enth\u00e4lt.<\/p>","protected":false},"featured_media":1989,"comment_status":"open","ping_status":"closed","template":"","meta":{"site-sidebar-layout":"default","site-content-layout":"content-boxed-container","ast-site-content-layout":"normal-width-container","site-content-style":"boxed","site-sidebar-style":"unboxed","ast-global-header-display":"","ast-banner-title-visibility":"","ast-main-header-display":"","ast-hfb-above-header-display":"","ast-hfb-below-header-display":"","ast-hfb-mobile-header-display":"","site-post-title":"","ast-breadcrumbs-content":"","ast-featured-img":"","footer-sml-layout":"","ast-disable-related-posts":"","theme-transparent-header-meta":"default","adv-header-id-meta":"","stick-header-meta":"","header-above-stick-meta":"","header-main-stick-meta":"","header-below-stick-meta":"","astra-migrate-meta-layouts":"set","ast-page-background-enabled":"default","ast-page-background-meta":{"desktop":{"background-color":"var(--ast-global-color-4)","background-image":"","background-repeat":"repeat","background-position":"center center","background-size":"auto","background-attachment":"scroll","background-type":"","background-media":"","overlay-type":"","overlay-color":"","overlay-opacity":"","overlay-gradient":""},"tablet":{"background-color":"","background-image":"","background-repeat":"repeat","background-position":"center center","background-size":"auto","background-attachment":"scroll","background-type":"","background-media":"","overlay-type":"","overlay-color":"","overlay-opacity":"","overlay-gradient":""},"mobile":{"background-color":"","background-image":"","background-repeat":"repeat","background-position":"center center","background-size":"auto","background-attachment":"scroll","background-type":"","background-media":"","overlay-type":"","overlay-color":"","overlay-opacity":"","overlay-gradient":""}},"ast-content-background-meta":{"desktop":{"background-color":"var(--ast-global-color-5)","background-image":"","background-repeat":"repeat","background-position":"center center","background-size":"auto","background-attachment":"scroll","background-type":"","background-media":"","overlay-type":"","overlay-color":"","overlay-opacity":"","overlay-gradient":""},"tablet":{"background-color":"var(--ast-global-color-5)","background-image":"","background-repeat":"repeat","background-position":"center center","background-size":"auto","background-attachment":"scroll","background-type":"","background-media":"","overlay-type":"","overlay-color":"","overlay-opacity":"","overlay-gradient":""},"mobile":{"background-color":"var(--ast-global-color-5)","background-image":"","background-repeat":"repeat","background-position":"center center","background-size":"auto","background-attachment":"scroll","background-type":"","background-media":"","overlay-type":"","overlay-color":"","overlay-opacity":"","overlay-gradient":""}}},"product_brand":[],"product_cat":[30],"product_tag":[60],"class_list":{"0":"post-341","1":"product","2":"type-product","3":"status-publish","4":"has-post-thumbnail","6":"product_cat-buy-drivers-license","7":"product_tag-how-can-i-buyfrench-drivers-license-in-2025","8":"desktop-align-left","9":"tablet-align-left","10":"mobile-align-left","12":"first","13":"instock","14":"shipping-taxable","15":"purchasable","16":"product-type-variable"},"yoast_head":"<!-- This site is optimized with the Yoast SEO Premium plugin v24.7 (Yoast SEO v27.1.1) - https:\/\/yoast.com\/product\/yoast-seo-premium-wordpress\/ -->\n<title>Buy a French driving license without exams<\/title>\n<meta name=\"description\" content=\"Buy original qualitative driver\u2019s licence of France online. Model 2023 year. Since July 15, 2015, the driver\u2019s license no longer includes an electronic chip.\" \/>\n<meta name=\"robots\" content=\"index, follow, max-snippet:-1, max-image-preview:large, max-video-preview:-1\" \/>\n<link rel=\"canonical\" href=\"https:\/\/fahrerlaubnisnetz.com\/de\/produkt\/einen-franzosischen-fuhrerschein-ohne-prufung-kaufen\/\" \/>\n<meta property=\"og:locale\" content=\"de_DE\" \/>\n<meta property=\"og:type\" content=\"article\" \/>\n<meta property=\"og:title\" content=\"Buy a French driving license without exams\" \/>\n<meta property=\"og:description\" content=\"Buy original qualitative driver\u2019s licence of France online. Model 2023 year. Since July 15, 2015, the driver\u2019s license no longer includes an electronic chip.\" \/>\n<meta property=\"og:url\" content=\"https:\/\/fahrerlaubnisnetz.com\/de\/produkt\/einen-franzosischen-fuhrerschein-ohne-prufung-kaufen\/\" \/>\n<meta property=\"og:site_name\" content=\"Fahrerlaubnis Netz\" \/>\n<meta property=\"article:modified_time\" content=\"2025-05-26T12:06:36+00:00\" \/>\n<meta property=\"og:image\" content=\"https:\/\/fahrerlaubnisnetz.com\/wp-content\/uploads\/2024\/12\/image_2024-12-26_183240223.png\" \/>\n\t<meta property=\"og:image:width\" content=\"598\" \/>\n\t<meta property=\"og:image:height\" content=\"395\" \/>\n\t<meta property=\"og:image:type\" content=\"image\/png\" \/>\n<meta name=\"twitter:card\" content=\"summary_large_image\" \/>\n<meta name=\"twitter:label1\" content=\"Gesch\u00e4tzte Lesezeit\" \/>\n\t<meta name=\"twitter:data1\" content=\"4\u00a0Minuten\" \/>\n<script type=\"application\/ld+json\" class=\"yoast-schema-graph\">{\"@context\":\"https:\/\/schema.org\",\"@graph\":[{\"@type\":\"WebPage\",\"@id\":\"https:\/\/fahrerlaubnisnetz.com\/product\/buy-a-french-driving-license-without-exams\/\",\"url\":\"https:\/\/fahrerlaubnisnetz.com\/product\/buy-a-french-driving-license-without-exams\/\",\"name\":\"Buy a French driving license without exams\",\"isPartOf\":{\"@id\":\"https:\/\/fahrerlaubnisnetz.com\/#website\"},\"primaryImageOfPage\":{\"@id\":\"https:\/\/fahrerlaubnisnetz.com\/product\/buy-a-french-driving-license-without-exams\/#primaryimage\"},\"image\":{\"@id\":\"https:\/\/fahrerlaubnisnetz.com\/product\/buy-a-french-driving-license-without-exams\/#primaryimage\"},\"thumbnailUrl\":\"https:\/\/fahrerlaubnisnetz.com\/wp-content\/uploads\/2024\/12\/image_2024-12-26_183240223.png\",\"datePublished\":\"2024-12-26T07:58:20+00:00\",\"dateModified\":\"2025-05-26T12:06:36+00:00\",\"description\":\"Buy original qualitative driver\u2019s licence of France online. Model 2023 year. Since July 15, 2015, the driver\u2019s license no longer includes an electronic chip.\",\"breadcrumb\":{\"@id\":\"https:\/\/fahrerlaubnisnetz.com\/product\/buy-a-french-driving-license-without-exams\/#breadcrumb\"},\"inLanguage\":\"de\",\"potentialAction\":[{\"@type\":\"ReadAction\",\"target\":[\"https:\/\/fahrerlaubnisnetz.com\/product\/buy-a-french-driving-license-without-exams\/\"]}]},{\"@type\":\"ImageObject\",\"inLanguage\":\"de\",\"@id\":\"https:\/\/fahrerlaubnisnetz.com\/product\/buy-a-french-driving-license-without-exams\/#primaryimage\",\"url\":\"https:\/\/fahrerlaubnisnetz.com\/wp-content\/uploads\/2024\/12\/image_2024-12-26_183240223.png\",\"contentUrl\":\"https:\/\/fahrerlaubnisnetz.com\/wp-content\/uploads\/2024\/12\/image_2024-12-26_183240223.png\",\"width\":598,\"height\":395,\"caption\":\"Buy French Drivers License, getting original French Drivers License online, Where Can I Buy French Drivers License?, Advantages To French Drivers License,. How Can I BuyFrench Drivers License in 2025, How and where to get an original French Drivers License, French Drivers License online, Fake French Drivers License in USA, Fake French Drivers License, Fake French Drivers License online, real original French Drivers License, Real French Drivers License, French Drivers License\"},{\"@type\":\"BreadcrumbList\",\"@id\":\"https:\/\/fahrerlaubnisnetz.com\/product\/buy-a-french-driving-license-without-exams\/#breadcrumb\",\"itemListElement\":[{\"@type\":\"ListItem\",\"position\":1,\"name\":\"Home\",\"item\":\"https:\/\/fahrerlaubnisnetz.com\/\"},{\"@type\":\"ListItem\",\"position\":2,\"name\":\"All Services\",\"item\":\"https:\/\/fahrerlaubnisnetz.com\/shop\/\"},{\"@type\":\"ListItem\",\"position\":3,\"name\":\"Buy a French driving license without exams\"}]},{\"@type\":\"WebSite\",\"@id\":\"https:\/\/fahrerlaubnisnetz.com\/#website\",\"url\":\"https:\/\/fahrerlaubnisnetz.com\/\",\"name\":\"FAHRERLAUBNIS NETZ\",\"description\":\"Buy Original Drivers License, Pasport Online\",\"publisher\":{\"@id\":\"https:\/\/fahrerlaubnisnetz.com\/#organization\"},\"alternateName\":\"DRIVER'S LICENSE NETWORK\",\"potentialAction\":[{\"@type\":\"SearchAction\",\"target\":{\"@type\":\"EntryPoint\",\"urlTemplate\":\"https:\/\/fahrerlaubnisnetz.com\/?s={search_term_string}\"},\"query-input\":{\"@type\":\"PropertyValueSpecification\",\"valueRequired\":true,\"valueName\":\"search_term_string\"}}],\"inLanguage\":\"de\"},{\"@type\":\"Organization\",\"@id\":\"https:\/\/fahrerlaubnisnetz.com\/#organization\",\"name\":\"FAHRERLAUBNIS NETZ\",\"alternateName\":\"DRIVER'S LICENSE NETWORK\",\"url\":\"https:\/\/fahrerlaubnisnetz.com\/\",\"logo\":{\"@type\":\"ImageObject\",\"inLanguage\":\"de\",\"@id\":\"https:\/\/fahrerlaubnisnetz.com\/#\/schema\/logo\/image\/\",\"url\":\"https:\/\/fahrerlaubnisnetz.com\/wp-content\/uploads\/2025\/03\/image_2025-03-21_162823337.png\",\"contentUrl\":\"https:\/\/fahrerlaubnisnetz.com\/wp-content\/uploads\/2025\/03\/image_2025-03-21_162823337.png\",\"width\":590,\"height\":288,\"caption\":\"FAHRERLAUBNIS NETZ\"},\"image\":{\"@id\":\"https:\/\/fahrerlaubnisnetz.com\/#\/schema\/logo\/image\/\"}}]}<\/script>\n<!-- \/ Yoast SEO Premium plugin. -->","yoast_head_json":{"title":"Einen franz\u00f6sischen F\u00fchrerschein ohne Pr\u00fcfung kaufen","description":"Qualitativen Original-F\u00fchrerschein von Frankreich online kaufen. Modell 2023 Jahr. Seit dem 15. Juli 2015, der F\u00fchrerschein nicht mehr einen elektronischen Chip enth\u00e4lt.","robots":{"index":"index","follow":"follow","max-snippet":"max-snippet:-1","max-image-preview":"max-image-preview:large","max-video-preview":"max-video-preview:-1"},"canonical":"https:\/\/fahrerlaubnisnetz.com\/de\/produkt\/einen-franzosischen-fuhrerschein-ohne-prufung-kaufen\/","og_locale":"de_DE","og_type":"article","og_title":"Buy a French driving license without exams","og_description":"Buy original qualitative driver\u2019s licence of France online. Model 2023 year. Since July 15, 2015, the driver\u2019s license no longer includes an electronic chip.","og_url":"https:\/\/fahrerlaubnisnetz.com\/de\/produkt\/einen-franzosischen-fuhrerschein-ohne-prufung-kaufen\/","og_site_name":"Fahrerlaubnis Netz","article_modified_time":"2025-05-26T12:06:36+00:00","og_image":[{"width":598,"height":395,"url":"https:\/\/fahrerlaubnisnetz.com\/wp-content\/uploads\/2024\/12\/image_2024-12-26_183240223.png","type":"image\/png"}],"twitter_card":"summary_large_image","twitter_misc":{"Gesch\u00e4tzte Lesezeit":"4\u00a0Minuten"},"schema":{"@context":"https:\/\/schema.org","@graph":[{"@type":"WebPage","@id":"https:\/\/fahrerlaubnisnetz.com\/product\/buy-a-french-driving-license-without-exams\/","url":"https:\/\/fahrerlaubnisnetz.com\/product\/buy-a-french-driving-license-without-exams\/","name":"Einen franz\u00f6sischen F\u00fchrerschein ohne Pr\u00fcfung kaufen","isPartOf":{"@id":"https:\/\/fahrerlaubnisnetz.com\/#website"},"primaryImageOfPage":{"@id":"https:\/\/fahrerlaubnisnetz.com\/product\/buy-a-french-driving-license-without-exams\/#primaryimage"},"image":{"@id":"https:\/\/fahrerlaubnisnetz.com\/product\/buy-a-french-driving-license-without-exams\/#primaryimage"},"thumbnailUrl":"https:\/\/fahrerlaubnisnetz.com\/wp-content\/uploads\/2024\/12\/image_2024-12-26_183240223.png","datePublished":"2024-12-26T07:58:20+00:00","dateModified":"2025-05-26T12:06:36+00:00","description":"Qualitativen Original-F\u00fchrerschein von Frankreich online kaufen. Modell 2023 Jahr. Seit dem 15. Juli 2015, der F\u00fchrerschein nicht mehr einen elektronischen Chip enth\u00e4lt.","breadcrumb":{"@id":"https:\/\/fahrerlaubnisnetz.com\/product\/buy-a-french-driving-license-without-exams\/#breadcrumb"},"inLanguage":"de","potentialAction":[{"@type":"ReadAction","target":["https:\/\/fahrerlaubnisnetz.com\/product\/buy-a-french-driving-license-without-exams\/"]}]},{"@type":"ImageObject","inLanguage":"de","@id":"https:\/\/fahrerlaubnisnetz.com\/product\/buy-a-french-driving-license-without-exams\/#primaryimage","url":"https:\/\/fahrerlaubnisnetz.com\/wp-content\/uploads\/2024\/12\/image_2024-12-26_183240223.png","contentUrl":"https:\/\/fahrerlaubnisnetz.com\/wp-content\/uploads\/2024\/12\/image_2024-12-26_183240223.png","width":598,"height":395,"caption":"Buy French Drivers License, getting original French Drivers License online, Where Can I Buy French Drivers License?, Advantages To French Drivers License,. How Can I BuyFrench Drivers License in 2025, How and where to get an original French Drivers License, French Drivers License online, Fake French Drivers License in USA, Fake French Drivers License, Fake French Drivers License online, real original French Drivers License, Real French Drivers License, French Drivers License"},{"@type":"BreadcrumbList","@id":"https:\/\/fahrerlaubnisnetz.com\/product\/buy-a-french-driving-license-without-exams\/#breadcrumb","itemListElement":[{"@type":"ListItem","position":1,"name":"Home","item":"https:\/\/fahrerlaubnisnetz.com\/"},{"@type":"ListItem","position":2,"name":"All Services","item":"https:\/\/fahrerlaubnisnetz.com\/shop\/"},{"@type":"ListItem","position":3,"name":"Buy a French driving license without exams"}]},{"@type":"WebSite","@id":"https:\/\/fahrerlaubnisnetz.com\/#website","url":"https:\/\/fahrerlaubnisnetz.com\/","name":"FAHRERLAUBNIS NETZ","description":"Kaufen Sie den Original-F\u00fchrerschein oder Reisepass online","publisher":{"@id":"https:\/\/fahrerlaubnisnetz.com\/#organization"},"alternateName":"DRIVER'S LICENSE NETWORK","potentialAction":[{"@type":"SearchAction","target":{"@type":"EntryPoint","urlTemplate":"https:\/\/fahrerlaubnisnetz.com\/?s={search_term_string}"},"query-input":{"@type":"PropertyValueSpecification","valueRequired":true,"valueName":"search_term_string"}}],"inLanguage":"de"},{"@type":"Organization","@id":"https:\/\/fahrerlaubnisnetz.com\/#organization","name":"FAHRERLAUBNIS NETZ","alternateName":"DRIVER'S LICENSE NETWORK","url":"https:\/\/fahrerlaubnisnetz.com\/","logo":{"@type":"ImageObject","inLanguage":"de","@id":"https:\/\/fahrerlaubnisnetz.com\/#\/schema\/logo\/image\/","url":"https:\/\/fahrerlaubnisnetz.com\/wp-content\/uploads\/2025\/03\/image_2025-03-21_162823337.png","contentUrl":"https:\/\/fahrerlaubnisnetz.com\/wp-content\/uploads\/2025\/03\/image_2025-03-21_162823337.png","width":590,"height":288,"caption":"FAHRERLAUBNIS NETZ"},"image":{"@id":"https:\/\/fahrerlaubnisnetz.com\/#\/schema\/logo\/image\/"}}]}},"_links":{"self":[{"href":"https:\/\/fahrerlaubnisnetz.com\/de\/wp-json\/wp\/v2\/product\/341","targetHints":{"allow":["GET"]}}],"collection":[{"href":"https:\/\/fahrerlaubnisnetz.com\/de\/wp-json\/wp\/v2\/product"}],"about":[{"href":"https:\/\/fahrerlaubnisnetz.com\/de\/wp-json\/wp\/v2\/types\/product"}],"replies":[{"embeddable":true,"href":"https:\/\/fahrerlaubnisnetz.com\/de\/wp-json\/wp\/v2\/comments?post=341"}],"wp:featuredmedia":[{"embeddable":true,"href":"https:\/\/fahrerlaubnisnetz.com\/de\/wp-json\/wp\/v2\/media\/1989"}],"wp:attachment":[{"href":"https:\/\/fahrerlaubnisnetz.com\/de\/wp-json\/wp\/v2\/media?parent=341"}],"wp:term":[{"taxonomy":"product_brand","embeddable":true,"href":"https:\/\/fahrerlaubnisnetz.com\/de\/wp-json\/wp\/v2\/product_brand?post=341"},{"taxonomy":"product_cat","embeddable":true,"href":"https:\/\/fahrerlaubnisnetz.com\/de\/wp-json\/wp\/v2\/product_cat?post=341"},{"taxonomy":"product_tag","embeddable":true,"href":"https:\/\/fahrerlaubnisnetz.com\/de\/wp-json\/wp\/v2\/product_tag?post=341"}],"curies":[{"name":"wp","href":"https:\/\/api.w.org\/{rel}","templated":true}]}}