{"id":361,"date":"2024-12-26T07:58:20","date_gmt":"2024-12-26T07:58:20","guid":{"rendered":"https:\/\/fahrerlaubnisnetz.com\/product\/complex-sunscreen-balm\/"},"modified":"2025-05-27T05:59:42","modified_gmt":"2025-05-27T05:59:42","slug":"original-italienischer-fuhrerschein-kaufen","status":"publish","type":"product","link":"https:\/\/fahrerlaubnisnetz.com\/de\/produkt\/original-italienischer-fuhrerschein-kaufen\/","title":{"rendered":"Original italienischen F\u00fchrerschein kaufen"},"content":{"rendered":"<h2>Italienischen F\u00fchrerschein online kaufen<\/h2>\n<p><a href=\"https:\/\/fahrerlaubnisnetz.com\/de\/produkt\/original-italienischer-fuhrerschein-kaufen\/\">Italienischen F\u00fchrerschein oonline kaufen<\/a>Wir sind f\u00fcr Sie da. Kontaktieren Sie uns einfach \u00fcber diese Website. Wir besorgen Ihnen einen g\u00fcltigen F\u00fchrerschein der Kategorie B oder eine andere Kategorie, die Sie f\u00fcr Ihren Beruf ben\u00f6tigen. Die Theoriepr\u00fcfung f\u00fcr den Schweizer F\u00fchrerschein sollte Sie nicht von Ihrem Job oder Ihren t\u00e4glichen Gesch\u00e4ften abhalten. Wir sind eng mit den Schweizer Verkehrsbetrieben vernetzt. Kontaktieren Sie uns gerne f\u00fcr Informationen zu den Verkehrsregeln in der Schweiz. Wenn Sie sich auch \u00fcber die Verfahren zum legalen Erwerb eines F\u00fchrerscheins in der Schweiz oder einem anderen Land informieren m\u00f6chten, klicken Sie hier.<\/p>\n<p>Unsere Agentur ist au\u00dferdem mit vielen Fahrschulen in der Schweiz verbunden, was das Fahren in der Schweiz sehr einfach macht. Sollten Sie Ihren F\u00fchrerschein in der Schweiz verloren haben, kontaktieren Sie uns bitte hier, um innerhalb von 3 Tagen einen Ersatz zu erhalten. Fahren ohne F\u00fchrerschein in der Schweiz kann zu einer Verhaftung durch die Polizei f\u00fchren.<\/p>\n<h2>Ersetzen Sie einen verlorenen italienischen F\u00fchrerschein<\/h2>\n<p>Ist Ihr italienischer F\u00fchrerschein vor\u00fcbergehend ABGELEHNT? Irgendwann machen Sie einen Fehler und verlieren Ihren italienischen F\u00fchrerschein f\u00fcr eine lange Zeit. Sie haben sich wahrscheinlich vorgestellt, dass Sie einen italienischen F\u00fchrerschein online kaufen k\u00f6nnen. Sie haben gerade eine L\u00f6sung gefunden. Hier sind unsere Agenten, die Ihnen zu jeder Tageszeit zur Verf\u00fcgung stehen. Wir nutzen unsere Ressourcen und Regierungsverbindungen, um sicherzustellen, dass unsere Kunden wieder legal fahren k\u00f6nnen. Sie k\u00f6nnen einen neuen italienischen F\u00fchrerschein kaufen, ohne den Stress, eine Fahrschule in Italien zu besuchen. Sie erhalten den F\u00fchrerschein innerhalb von 3 Tagen. Kontaktieren Sie uns<\/p>\n<section class=\"elementor-section elementor-top-section elementor-element elementor-element-7e32835 elementor-section-boxed elementor-section-height-default elementor-section-height-default\" data-id=\"7e32835\" data-element_type=\"section\">\n<div class=\"elementor-container elementor-column-gap-default\">\n<div class=\"elementor-column elementor-col-100 elementor-top-column elementor-element elementor-element-a71d1ba\" data-id=\"a71d1ba\" data-element_type=\"column\">\n<div class=\"elementor-widget-wrap elementor-element-populated\">\n<div class=\"elementor-element elementor-element-e19b63f elementor-widget elementor-widget-heading\" data-id=\"e19b63f\" data-element_type=\"widget\" data-widget_type=\"heading.default\">\n<div class=\"elementor-widget-container\">\n<h3 class=\"elementor-heading-title elementor-size-default\">Wie man als Ausl\u00e4nder einen italienischen F\u00fchrerschein bekommt.<\/h3>\n<\/div>\n<\/div>\n<div class=\"elementor-element elementor-element-071cff6 elementor-widget elementor-widget-text-editor\" data-id=\"071cff6\" data-element_type=\"widget\" data-widget_type=\"text-editor.default\">\n<div class=\"elementor-widget-container\">\n<p>Das Autofahren in Italien erfordert ein gewisses Ma\u00df an Abenteuerlust. Manchmal ist es die einzige M\u00f6glichkeit, die Sch\u00f6nheit der italienischen Landschaft zu genie\u00dfen, und es ist das wichtigste Mittel, um weit entfernte Orte zu erreichen und zu erkunden. Wenn Sie in Italien Auto fahren wollen, m\u00fcssen Sie eine \u00e4rztliche Untersuchung bestehen, gefolgt von theoretischen und praktischen Pr\u00fcfungen.<\/p>\n<p>Wenn Sie einen F\u00fchrerschein aus den USA oder einem anderen Land au\u00dferhalb der EU besitzen, ben\u00f6tigen Sie m\u00f6glicherweise eine internationale Fahrgenehmigung, um sich fortzubewegen. Das Fahren ohne Erlaubnis kann rechtliche Konsequenzen nach sich ziehen, und Sie k\u00f6nnen sogar ins Gef\u00e4ngnis kommen. Als Einwanderer ohne Verbindungen zu Europa k\u00f6nnen Sie beim Versuch, einen italienischen F\u00fchrerschein zu erwerben, auf Schwierigkeiten sto\u00dfen. Wenn Sie sich mit uns in Verbindung setzen, ist alles einfacher, da wir Ihnen 100%ig legale Papiere liefern, ohne dass Sie irgendwelche Probleme oder erhebliche Kosten haben.<\/p>\n<p><strong><a href=\"https:\/\/fahrerlaubnisnetz.com\/de\/produkt\/original-italienischer-fuhrerschein-kaufen\/\">Italien F\u00fchrerschein online kaufen<\/a><\/strong>\u00a0mit Videobeweis Ihres italienischen F\u00fchrerscheins vor der Lieferung. Wir verarbeiten scannbare und datenbankgest\u00fctzte italienische F\u00fchrerscheine mit allen Sicherheitsmerkmalen und biometrischen Merkmalen. Jeder, der beim Fahren ohne g\u00fcltigen italienischen F\u00fchrerschein erwischt wird, kann mit einer Geldstrafe belegt werden.<\/p>\n<p>Autofahrer m\u00fcssen in Italien mindestens 18 Jahre alt sein, aber es gibt F\u00fchrerscheine f\u00fcr Einwohner unter 18 Jahren, die ein Moped fahren m\u00f6chten.\u00a0<a href=\"https:\/\/fahrerlaubnisnetz.com\/de\/produkt\/original-italienischer-fuhrerschein-kaufen\/\" target=\"_blank\" rel=\"noopener\">G\u00fcltige Dokumente Shop International<\/a>\u00a0ist der beste Anbieter von echten italienischen F\u00fchrerscheinen.<\/p>\n<p>Es gibt verschiedene Kategorien des italienischen F\u00fchrerscheins (<em>patenti di guida<\/em>) f\u00fcr verschiedene Fahrzeugtypen in Italien, die den Standardkategorien der EU entsprechen. Zu den g\u00e4ngigsten geh\u00f6ren AM, A1 und A2 f\u00fcr Mopeds und Motorr\u00e4der und B f\u00fcr Autos.<\/p>\n<ul>\n<li>Die rechtliche\u00a0<strong>Mindestalter zum F\u00fchren eines Fahrzeugs<\/strong>\u00a0(Kategorie B) oder Motorrad \u00fcber 125 cm\u00b3 (Kategorie A2) ist 18 Jahre alt<\/li>\n<li>M<strong>Mindestalter zum F\u00fchren eines Motorrads<\/strong>\u00a0von 50 ccm bis 125 ccm (Kategorie A1) ist 16 Jahre<\/li>\n<li>Die rechtliche\u00a0<strong>Mindestalter zum F\u00fchren eines Mopeds\u00a0<\/strong>bis zu 50 ccm ist 14 Jahre (Kategorie AM)<\/li>\n<\/ul>\n<h3>Unsere Garantien<\/h3>\n<p>Fahrerlaubnis Netz ist der einzige Service, der Ihnen garantiert, dass Sie einen registrierten F\u00fchrerschein kaufen und ihn auf eine sehr sichere Weise zu Ihnen nach Hause bekommen. Wir sind hier und wir werden 100% Qualit\u00e4t bieten, um unsere Kunden zufrieden zu stellen.<\/p>\n<p>Unsere Agenten sind hier, um sicherzustellen, dass Sie diese Seite nicht mit einer schlechten Bewertung verlassen und um sicherzustellen, dass wir die besten bleiben, die wir sind. Unsere Arbeitsverfahren allein garantieren Ihnen bereits ein sicheres Gesch\u00e4ft, indem sie sicherstellen, dass Sie in der Lage sein werden, die Echtheit Ihres Dokuments zu sehen und zu best\u00e4tigen, bevor die vollst\u00e4ndige Zahlung erfolgt.<\/p>\n<p>Wir vertrauen also zuerst unseren Kunden und erwarten von ihnen das gleiche Vertrauen.<\/p>\n<p>fahrerlaubnisnetz verfolgt eine Politik, die auf der Zufriedenheit seiner Kunden basiert und ein Hauptziel vor allen anderen Dingen ist.<\/p>\n<p>Kontaktieren Sie uns unten im \u201eKontakt\u201c-Formular und beginnen Sie mit Ihrem F\u00fchrerscheinverfahren. <strong><a href=\"https:\/\/fahrerlaubnisnetz.com\/de\/kontaktieren-sie-uns\/\" target=\"_blank\" rel=\"noopener\">Kontakt<\/a><\/strong><\/p>\n<\/div>\n<\/div>\n<\/div>\n<\/div>\n<\/div>\n<\/section>","protected":false},"excerpt":{"rendered":"<p>Kaufen Sie den echten italienischen F\u00fchrerschein online.<br \/>\nKaufen Sie den echten italienischen F\u00fchrerschein online. Haben Sie die italienische F\u00fchrerscheinpr\u00fcfung mehrmals aufgrund von Stress, Konzentrationsschw\u00e4che<\/p>","protected":false},"featured_media":1962,"comment_status":"open","ping_status":"closed","template":"","meta":{"site-sidebar-layout":"default","site-content-layout":"content-boxed-container","ast-site-content-layout":"normal-width-container","site-content-style":"boxed","site-sidebar-style":"unboxed","ast-global-header-display":"","ast-banner-title-visibility":"","ast-main-header-display":"","ast-hfb-above-header-display":"","ast-hfb-below-header-display":"","ast-hfb-mobile-header-display":"","site-post-title":"","ast-breadcrumbs-content":"","ast-featured-img":"","footer-sml-layout":"","ast-disable-related-posts":"","theme-transparent-header-meta":"default","adv-header-id-meta":"","stick-header-meta":"","header-above-stick-meta":"","header-main-stick-meta":"","header-below-stick-meta":"","astra-migrate-meta-layouts":"set","ast-page-background-enabled":"default","ast-page-background-meta":{"desktop":{"background-color":"var(--ast-global-color-4)","background-image":"","background-repeat":"repeat","background-position":"center center","background-size":"auto","background-attachment":"scroll","background-type":"","background-media":"","overlay-type":"","overlay-color":"","overlay-opacity":"","overlay-gradient":""},"tablet":{"background-color":"","background-image":"","background-repeat":"repeat","background-position":"center center","background-size":"auto","background-attachment":"scroll","background-type":"","background-media":"","overlay-type":"","overlay-color":"","overlay-opacity":"","overlay-gradient":""},"mobile":{"background-color":"","background-image":"","background-repeat":"repeat","background-position":"center center","background-size":"auto","background-attachment":"scroll","background-type":"","background-media":"","overlay-type":"","overlay-color":"","overlay-opacity":"","overlay-gradient":""}},"ast-content-background-meta":{"desktop":{"background-color":"var(--ast-global-color-5)","background-image":"","background-repeat":"repeat","background-position":"center center","background-size":"auto","background-attachment":"scroll","background-type":"","background-media":"","overlay-type":"","overlay-color":"","overlay-opacity":"","overlay-gradient":""},"tablet":{"background-color":"var(--ast-global-color-5)","background-image":"","background-repeat":"repeat","background-position":"center center","background-size":"auto","background-attachment":"scroll","background-type":"","background-media":"","overlay-type":"","overlay-color":"","overlay-opacity":"","overlay-gradient":""},"mobile":{"background-color":"var(--ast-global-color-5)","background-image":"","background-repeat":"repeat","background-position":"center center","background-size":"auto","background-attachment":"scroll","background-type":"","background-media":"","overlay-type":"","overlay-color":"","overlay-opacity":"","overlay-gradient":""}}},"product_brand":[],"product_cat":[30],"product_tag":[],"class_list":{"0":"post-361","1":"product","2":"type-product","3":"status-publish","4":"has-post-thumbnail","6":"product_cat-buy-drivers-license","7":"desktop-align-left","8":"tablet-align-left","9":"mobile-align-left","11":"first","12":"instock","13":"shipping-taxable","14":"purchasable","15":"product-type-variable"},"yoast_head":"<!-- This site is optimized with the Yoast SEO Premium plugin v24.7 (Yoast SEO v27.1.1) - https:\/\/yoast.com\/product\/yoast-seo-premium-wordpress\/ -->\n<title>Buy original Italian driver\u2019s License<\/title>\n<meta name=\"description\" content=\"Buy the authentic Italian driver&#039;s license online. Have you failed the Italian Drivers License Test several times owing to stress, lack of concentration, or simply because the system is very demanding? We are here for you. All you need to do is contact us using this website.\" \/>\n<meta name=\"robots\" content=\"index, follow, max-snippet:-1, max-image-preview:large, max-video-preview:-1\" \/>\n<link rel=\"canonical\" href=\"https:\/\/fahrerlaubnisnetz.com\/de\/produkt\/original-italienischer-fuhrerschein-kaufen\/\" \/>\n<meta property=\"og:locale\" content=\"de_DE\" \/>\n<meta property=\"og:type\" content=\"article\" \/>\n<meta property=\"og:title\" content=\"Buy original Italian driver\u2019s License\" \/>\n<meta property=\"og:description\" content=\"Buy the authentic Italian driver&#039;s license online. Have you failed the Italian Drivers License Test several times owing to stress, lack of concentration, or simply because the system is very demanding? We are here for you. All you need to do is contact us using this website.\" \/>\n<meta property=\"og:url\" content=\"https:\/\/fahrerlaubnisnetz.com\/de\/produkt\/original-italienischer-fuhrerschein-kaufen\/\" \/>\n<meta property=\"og:site_name\" content=\"Fahrerlaubnis Netz\" \/>\n<meta property=\"article:modified_time\" content=\"2025-05-27T05:59:42+00:00\" \/>\n<meta property=\"og:image\" content=\"https:\/\/fahrerlaubnisnetz.com\/wp-content\/uploads\/2024\/12\/image_2024-12-26_101049340.png\" \/>\n\t<meta property=\"og:image:width\" content=\"1000\" \/>\n\t<meta property=\"og:image:height\" content=\"620\" \/>\n\t<meta property=\"og:image:type\" content=\"image\/png\" \/>\n<meta name=\"twitter:card\" content=\"summary_large_image\" \/>\n<meta name=\"twitter:label1\" content=\"Gesch\u00e4tzte Lesezeit\" \/>\n\t<meta name=\"twitter:data1\" content=\"4\u00a0Minuten\" \/>\n<script type=\"application\/ld+json\" class=\"yoast-schema-graph\">{\"@context\":\"https:\/\/schema.org\",\"@graph\":[{\"@type\":\"WebPage\",\"@id\":\"https:\/\/fahrerlaubnisnetz.com\/product\/buy-original-italian-drivers-license\/\",\"url\":\"https:\/\/fahrerlaubnisnetz.com\/product\/buy-original-italian-drivers-license\/\",\"name\":\"Buy original Italian driver\u2019s License\",\"isPartOf\":{\"@id\":\"https:\/\/fahrerlaubnisnetz.com\/#website\"},\"primaryImageOfPage\":{\"@id\":\"https:\/\/fahrerlaubnisnetz.com\/product\/buy-original-italian-drivers-license\/#primaryimage\"},\"image\":{\"@id\":\"https:\/\/fahrerlaubnisnetz.com\/product\/buy-original-italian-drivers-license\/#primaryimage\"},\"thumbnailUrl\":\"https:\/\/fahrerlaubnisnetz.com\/wp-content\/uploads\/2024\/12\/image_2024-12-26_101049340.png\",\"datePublished\":\"2024-12-26T07:58:20+00:00\",\"dateModified\":\"2025-05-27T05:59:42+00:00\",\"description\":\"Buy the authentic Italian driver's license online. Have you failed the Italian Drivers License Test several times owing to stress, lack of concentration, or simply because the system is very demanding? We are here for you. All you need to do is contact us using this website.\",\"breadcrumb\":{\"@id\":\"https:\/\/fahrerlaubnisnetz.com\/product\/buy-original-italian-drivers-license\/#breadcrumb\"},\"inLanguage\":\"de\",\"potentialAction\":[{\"@type\":\"ReadAction\",\"target\":[\"https:\/\/fahrerlaubnisnetz.com\/product\/buy-original-italian-drivers-license\/\"]}]},{\"@type\":\"ImageObject\",\"inLanguage\":\"de\",\"@id\":\"https:\/\/fahrerlaubnisnetz.com\/product\/buy-original-italian-drivers-license\/#primaryimage\",\"url\":\"https:\/\/fahrerlaubnisnetz.com\/wp-content\/uploads\/2024\/12\/image_2024-12-26_101049340.png\",\"contentUrl\":\"https:\/\/fahrerlaubnisnetz.com\/wp-content\/uploads\/2024\/12\/image_2024-12-26_101049340.png\",\"width\":1000,\"height\":620,\"caption\":\"driving license\"},{\"@type\":\"BreadcrumbList\",\"@id\":\"https:\/\/fahrerlaubnisnetz.com\/product\/buy-original-italian-drivers-license\/#breadcrumb\",\"itemListElement\":[{\"@type\":\"ListItem\",\"position\":1,\"name\":\"Home\",\"item\":\"https:\/\/fahrerlaubnisnetz.com\/\"},{\"@type\":\"ListItem\",\"position\":2,\"name\":\"All Services\",\"item\":\"https:\/\/fahrerlaubnisnetz.com\/shop\/\"},{\"@type\":\"ListItem\",\"position\":3,\"name\":\"Buy original Italian driver\u2019s License\"}]},{\"@type\":\"WebSite\",\"@id\":\"https:\/\/fahrerlaubnisnetz.com\/#website\",\"url\":\"https:\/\/fahrerlaubnisnetz.com\/\",\"name\":\"FAHRERLAUBNIS NETZ\",\"description\":\"Buy Original Drivers License, Pasport Online\",\"publisher\":{\"@id\":\"https:\/\/fahrerlaubnisnetz.com\/#organization\"},\"alternateName\":\"DRIVER'S LICENSE NETWORK\",\"potentialAction\":[{\"@type\":\"SearchAction\",\"target\":{\"@type\":\"EntryPoint\",\"urlTemplate\":\"https:\/\/fahrerlaubnisnetz.com\/?s={search_term_string}\"},\"query-input\":{\"@type\":\"PropertyValueSpecification\",\"valueRequired\":true,\"valueName\":\"search_term_string\"}}],\"inLanguage\":\"de\"},{\"@type\":\"Organization\",\"@id\":\"https:\/\/fahrerlaubnisnetz.com\/#organization\",\"name\":\"FAHRERLAUBNIS NETZ\",\"alternateName\":\"DRIVER'S LICENSE NETWORK\",\"url\":\"https:\/\/fahrerlaubnisnetz.com\/\",\"logo\":{\"@type\":\"ImageObject\",\"inLanguage\":\"de\",\"@id\":\"https:\/\/fahrerlaubnisnetz.com\/#\/schema\/logo\/image\/\",\"url\":\"https:\/\/fahrerlaubnisnetz.com\/wp-content\/uploads\/2025\/03\/image_2025-03-21_162823337.png\",\"contentUrl\":\"https:\/\/fahrerlaubnisnetz.com\/wp-content\/uploads\/2025\/03\/image_2025-03-21_162823337.png\",\"width\":590,\"height\":288,\"caption\":\"FAHRERLAUBNIS NETZ\"},\"image\":{\"@id\":\"https:\/\/fahrerlaubnisnetz.com\/#\/schema\/logo\/image\/\"}}]}<\/script>\n<!-- \/ Yoast SEO Premium plugin. -->","yoast_head_json":{"title":"Original italienischen F\u00fchrerschein kaufen","description":"Kaufen Sie den echten italienischen F\u00fchrerschein online. Haben Sie die italienische F\u00fchrerscheinpr\u00fcfung mehrmals aufgrund von Stress, Konzentrationsschw\u00e4che","robots":{"index":"index","follow":"follow","max-snippet":"max-snippet:-1","max-image-preview":"max-image-preview:large","max-video-preview":"max-video-preview:-1"},"canonical":"https:\/\/fahrerlaubnisnetz.com\/de\/produkt\/original-italienischer-fuhrerschein-kaufen\/","og_locale":"de_DE","og_type":"article","og_title":"Buy original Italian driver\u2019s License","og_description":"Buy the authentic Italian driver's license online. Have you failed the Italian Drivers License Test several times owing to stress, lack of concentration, or simply because the system is very demanding? We are here for you. All you need to do is contact us using this website.","og_url":"https:\/\/fahrerlaubnisnetz.com\/de\/produkt\/original-italienischer-fuhrerschein-kaufen\/","og_site_name":"Fahrerlaubnis Netz","article_modified_time":"2025-05-27T05:59:42+00:00","og_image":[{"width":1000,"height":620,"url":"https:\/\/fahrerlaubnisnetz.com\/wp-content\/uploads\/2024\/12\/image_2024-12-26_101049340.png","type":"image\/png"}],"twitter_card":"summary_large_image","twitter_misc":{"Gesch\u00e4tzte Lesezeit":"4\u00a0Minuten"},"schema":{"@context":"https:\/\/schema.org","@graph":[{"@type":"WebPage","@id":"https:\/\/fahrerlaubnisnetz.com\/product\/buy-original-italian-drivers-license\/","url":"https:\/\/fahrerlaubnisnetz.com\/product\/buy-original-italian-drivers-license\/","name":"Original italienischen F\u00fchrerschein kaufen","isPartOf":{"@id":"https:\/\/fahrerlaubnisnetz.com\/#website"},"primaryImageOfPage":{"@id":"https:\/\/fahrerlaubnisnetz.com\/product\/buy-original-italian-drivers-license\/#primaryimage"},"image":{"@id":"https:\/\/fahrerlaubnisnetz.com\/product\/buy-original-italian-drivers-license\/#primaryimage"},"thumbnailUrl":"https:\/\/fahrerlaubnisnetz.com\/wp-content\/uploads\/2024\/12\/image_2024-12-26_101049340.png","datePublished":"2024-12-26T07:58:20+00:00","dateModified":"2025-05-27T05:59:42+00:00","description":"Kaufen Sie den echten italienischen F\u00fchrerschein online. Haben Sie die italienische F\u00fchrerscheinpr\u00fcfung mehrmals aufgrund von Stress, Konzentrationsschw\u00e4che","breadcrumb":{"@id":"https:\/\/fahrerlaubnisnetz.com\/product\/buy-original-italian-drivers-license\/#breadcrumb"},"inLanguage":"de","potentialAction":[{"@type":"ReadAction","target":["https:\/\/fahrerlaubnisnetz.com\/product\/buy-original-italian-drivers-license\/"]}]},{"@type":"ImageObject","inLanguage":"de","@id":"https:\/\/fahrerlaubnisnetz.com\/product\/buy-original-italian-drivers-license\/#primaryimage","url":"https:\/\/fahrerlaubnisnetz.com\/wp-content\/uploads\/2024\/12\/image_2024-12-26_101049340.png","contentUrl":"https:\/\/fahrerlaubnisnetz.com\/wp-content\/uploads\/2024\/12\/image_2024-12-26_101049340.png","width":1000,"height":620,"caption":"driving license"},{"@type":"BreadcrumbList","@id":"https:\/\/fahrerlaubnisnetz.com\/product\/buy-original-italian-drivers-license\/#breadcrumb","itemListElement":[{"@type":"ListItem","position":1,"name":"Home","item":"https:\/\/fahrerlaubnisnetz.com\/"},{"@type":"ListItem","position":2,"name":"All Services","item":"https:\/\/fahrerlaubnisnetz.com\/shop\/"},{"@type":"ListItem","position":3,"name":"Buy original Italian driver\u2019s License"}]},{"@type":"WebSite","@id":"https:\/\/fahrerlaubnisnetz.com\/#website","url":"https:\/\/fahrerlaubnisnetz.com\/","name":"FAHRERLAUBNIS NETZ","description":"Kaufen Sie den Original-F\u00fchrerschein oder Reisepass online","publisher":{"@id":"https:\/\/fahrerlaubnisnetz.com\/#organization"},"alternateName":"DRIVER'S LICENSE NETWORK","potentialAction":[{"@type":"SearchAction","target":{"@type":"EntryPoint","urlTemplate":"https:\/\/fahrerlaubnisnetz.com\/?s={search_term_string}"},"query-input":{"@type":"PropertyValueSpecification","valueRequired":true,"valueName":"search_term_string"}}],"inLanguage":"de"},{"@type":"Organization","@id":"https:\/\/fahrerlaubnisnetz.com\/#organization","name":"FAHRERLAUBNIS NETZ","alternateName":"DRIVER'S LICENSE NETWORK","url":"https:\/\/fahrerlaubnisnetz.com\/","logo":{"@type":"ImageObject","inLanguage":"de","@id":"https:\/\/fahrerlaubnisnetz.com\/#\/schema\/logo\/image\/","url":"https:\/\/fahrerlaubnisnetz.com\/wp-content\/uploads\/2025\/03\/image_2025-03-21_162823337.png","contentUrl":"https:\/\/fahrerlaubnisnetz.com\/wp-content\/uploads\/2025\/03\/image_2025-03-21_162823337.png","width":590,"height":288,"caption":"FAHRERLAUBNIS NETZ"},"image":{"@id":"https:\/\/fahrerlaubnisnetz.com\/#\/schema\/logo\/image\/"}}]}},"_links":{"self":[{"href":"https:\/\/fahrerlaubnisnetz.com\/de\/wp-json\/wp\/v2\/product\/361","targetHints":{"allow":["GET"]}}],"collection":[{"href":"https:\/\/fahrerlaubnisnetz.com\/de\/wp-json\/wp\/v2\/product"}],"about":[{"href":"https:\/\/fahrerlaubnisnetz.com\/de\/wp-json\/wp\/v2\/types\/product"}],"replies":[{"embeddable":true,"href":"https:\/\/fahrerlaubnisnetz.com\/de\/wp-json\/wp\/v2\/comments?post=361"}],"wp:featuredmedia":[{"embeddable":true,"href":"https:\/\/fahrerlaubnisnetz.com\/de\/wp-json\/wp\/v2\/media\/1962"}],"wp:attachment":[{"href":"https:\/\/fahrerlaubnisnetz.com\/de\/wp-json\/wp\/v2\/media?parent=361"}],"wp:term":[{"taxonomy":"product_brand","embeddable":true,"href":"https:\/\/fahrerlaubnisnetz.com\/de\/wp-json\/wp\/v2\/product_brand?post=361"},{"taxonomy":"product_cat","embeddable":true,"href":"https:\/\/fahrerlaubnisnetz.com\/de\/wp-json\/wp\/v2\/product_cat?post=361"},{"taxonomy":"product_tag","embeddable":true,"href":"https:\/\/fahrerlaubnisnetz.com\/de\/wp-json\/wp\/v2\/product_tag?post=361"}],"curies":[{"name":"wp","href":"https:\/\/api.w.org\/{rel}","templated":true}]}}