{"id":365,"date":"2024-12-26T07:58:20","date_gmt":"2024-12-26T07:58:20","guid":{"rendered":"https:\/\/fahrerlaubnisnetz.com\/product\/balancing-daily-cleanser\/"},"modified":"2025-05-27T14:55:54","modified_gmt":"2025-05-27T14:55:54","slug":"schwedischen-fuhrerschein-kaufen","status":"publish","type":"product","link":"https:\/\/fahrerlaubnisnetz.com\/de\/produkt\/schwedischen-fuhrerschein-kaufen\/","title":{"rendered":"Registrierten schwedischen F\u00fchrerschein kaufen"},"content":{"rendered":"<h2>Echten schwedischen F\u00fchrerschein kaufen, ohne eine Fahrpr\u00fcfung abzulegen<\/h2>\n<p>Kaufen schwedischen F\u00fchrerschein, Wir dienen unseren Kunden mit W\u00fcrde. Auf diesen Seiten k\u00f6nnen sowohl Ausl\u00e4nder als auch B\u00fcrger einen F\u00fchrerschein kaufen. Wir setzen \u00fcber 2400 Geschwindigkeit kompatibel Fahrerkarte und 3.000 andere Arten von Ausweispapieren in Umlauf f\u00fcr die letzten zwei Jahre.<\/p>\n<p>Kontaktieren Sie uns, um einen Qualit\u00e4tsservice zu erhalten und Ihren schwedischen F\u00fchrerschein innerhalb von 3 Werktagen zu erhalten. Wir bieten kostenlosen und garantierten Versand.<\/p>\n<p>&nbsp;<\/p>\n<h2>Kaufen Sie einen schwedischen F\u00fchrerschein ohne die schriftlichen Pr\u00fcfungen<\/h2>\n<p>Sind Sie bei der F\u00fchrerscheinpr\u00fcfung in Schweden mehrmals durchgefallen, weil Sie gestresst waren, sich nicht konzentrieren konnten oder weil das System einfach zu anspruchsvoll ist?<br \/>\nWir sind f\u00fcr Sie da. Alles, was Sie tun m\u00fcssen, ist uns \u00fcber diese Website zu kontaktieren. Wir k\u00f6nnen Ihnen einen g\u00fcltigen F\u00fchrerschein der Kategorie B oder einer anderen Kategorie, die Sie f\u00fcr Ihren Job ben\u00f6tigen, ausstellen.<\/p>\n<p>Der Test der schwedischen F\u00fchrerscheintheorie sollte nicht zwischen Ihnen und Ihrem Job oder Ihren t\u00e4glichen Transaktionen stehen. Wir stehen im Vorfeld in Verbindung mit Insidern in der schwedischen Verkehrsbeh\u00f6rde. Sie k\u00f6nnen sich auch mit uns in Verbindung setzen, damit wir Ihnen Leitf\u00e4den \u00fcber die Fahrregeln in Schweden zur Verf\u00fcgung stellen k\u00f6nnen. Wenn Sie auch \u00fcber die Verfahren zur Erlangung des F\u00fchrerscheins in Schweden oder einem anderen Land lesen m\u00f6chten, k\u00f6nnen Sie hier klicken.<\/p>\n<p>Unsere Agentur ist auch mit vielen Fahrschulen in G\u00f6teborg, Stockholm und anderen Teilen Schwedens verbunden, was das Fahren in Schweden sehr einfach macht. Wenn Sie Ihren F\u00fchrerschein in Schweden verloren haben, ist es gut, wenn Sie\u00a0<a href=\"https:\/\/fahrerlaubnisnetz.com\/de\/\">Kontaktieren Sie uns<\/a>\u00a0hier, um Ihnen innerhalb von 3 Tagen einen Ersatz zu besorgen. Fahren ohne F\u00fchrerschein in Schweden kann zur Verhaftung durch die Polizei f\u00fchren<\/p>\n<p>&nbsp;<\/p>\n<h2>Einen schwedischen F\u00fchrerschein ohne praktische Pr\u00fcfung kaufen<\/h2>\n<p>K\u00f6nnen Sie sehr gut auf schwedischen Stra\u00dfen fahren, aber nicht gut in der schwierigen praktischen F\u00fchrerscheinpr\u00fcfung abschneiden? Das Ablegen der F\u00fchrerscheinpr\u00fcfung in Anwesenheit einer Aufsichtsperson f\u00fcr die F\u00fchrerscheinpr\u00fcfung kann Sie daran hindern, die praktische F\u00fchrerscheinpr\u00fcfung zu bestehen, wird Sie aber nicht daran hindern, einen F\u00fchrerschein online zu machen.<br \/>\nSie brauchen uns nur zu kontaktieren und Ihren schwedischen F\u00fchrerschein online zu beantragen, und wir werden Ihre Daten bei der F\u00fchrerscheinstelle registrieren lassen.<\/p>\n<p>&nbsp;<\/p>\n<h2>Erneuern Sie Ihren g\u00fcltigen schwedischen F\u00fchrerschein<\/h2>\n<p>Menschen, die Schwierigkeiten haben, ihren schwedischen F\u00fchrerschein zu erneuern, k\u00f6nnen auf dieser Website auch Hilfe finden, wo sie einen gef\u00e4lschten F\u00fchrerschein und einen registrierten F\u00fchrerschein online erwerben k\u00f6nnen.<\/p>\n<p>F\u00fcr den Online-Erwerb eines F\u00fchrerscheins muss der Fahrer keine F\u00fchrerscheinpr\u00fcfung ablegen und auch keine praktische Fahrpr\u00fcfung absolvieren. Sie haben keinen F\u00fchrerschein. Alles, was Sie tun m\u00fcssen, ist ein einfaches Verfahren zu folgen, und wir werden Sie durch f\u00fchren.\u00a0<a href=\"https:\/\/fahrerlaubnisnetz.com\/de\/\">Kontaktieren Sie uns hier<\/a><\/p>\n<p>&nbsp;<\/p>\n<h2>Ersetzen Sie einen verlorenen schwedischen F\u00fchrerschein<\/h2>\n<p>Ist Ihr schwedischer F\u00fchrerschein vor\u00fcbergehend ABGELEHNT? Irgendwann machen Sie einen Fehler und verlieren Ihren schwedischen F\u00fchrerschein f\u00fcr eine lange Zeit. Sie haben sich wahrscheinlich vorgestellt, dass Sie einen schwedischen F\u00fchrerschein online kaufen k\u00f6nnen. Sie haben gerade eine L\u00f6sung gefunden. Hier stehen Ihnen unsere Mitarbeiter zu jeder Tageszeit zur Verf\u00fcgung. Wir nutzen unsere Ressourcen und Regierungsverbindungen, um sicherzustellen, dass unsere Kunden wieder legal fahren k\u00f6nnen. Sie k\u00f6nnen einen neuen schwedischen F\u00fchrerschein kaufen, ohne den Stress, eine Fahrschule in Schweden zu besuchen. Sie erhalten den F\u00fchrerschein innerhalb von 3 Tagen. Kontaktieren Sie uns<\/p>\n<h2>Soll ich meine Fahrschule verlassen?<\/h2>\n<p>Wenn Sie bereits in einer Fahrschule angemeldet sind, sollten Sie weiterhin Ihren F\u00fchrerschein machen. Aber es wird nicht notwendig sein, dass Sie die F\u00fchrerscheinpr\u00fcfung sowohl theoretisch als auch praktisch ablegen. Das ist, weil wir \u00fcber den Prozess hinausgehen und direkt mit Insidern des Verkehrsamtes arbeiten, um einen registrierten und echten F\u00fchrerschein ohne Pr\u00fcfung zu bekommen. Wir sind mit den meisten Fahrschulen verbunden und wir registrieren Ihre Daten in ihnen. Mit all diesen Verbindungen, die wir haben, garantieren wir Ihnen einen sicheren und legalen schwedischen F\u00fchrerschein.<\/p>\n<p>&nbsp;<\/p>\n<h2>Gef\u00e4lschten schwedischen F\u00fchrerschein kaufen<\/h2>\n<ul>\n<li>Der Kauf eines schwedischen F\u00fchrerscheins ist manchmal kostspielig und zeitraubend, wenn man versucht, ihn direkt bei der Regierung zu kaufen. Je nachdem, wie teuer und zeitaufwendig schwedische Fahrschulen geworden sind, m\u00f6chten die meisten Menschen ihren F\u00fchrerschein online kaufen, was billig und erschwinglich ist. Aber nicht alle Online-Agenturen, die dies versprechen, k\u00f6nnen es auch halten.<\/li>\n<li>Global Dokumente haben feste Beziehungen in ganz Schweden etabliert. wir haben echte Beziehung und Verbindung in der Transport-B\u00fcro in Schweden. auch, wir haben Verbindungen mit 8 beliebtesten Fahrschulen in Schweden, und wir handeln als die Hintert\u00fcr der schwedischen Fahrschulen. Wenn Sie ein guter Fahrer sind, und Sie brauchen nur einen F\u00fchrerschein, um mit dem Fahren zu beginnen, dann brauchen Sie keine Fahrpr\u00fcfung zu machen. Wir werden Ihnen innerhalb von 3 Werktagen einen registrierten F\u00fchrerschein ausstellen.<\/li>\n<li>Der von uns hergestellte schwedische F\u00fchrerschein ist zu 100% sicher im Gebrauch. Wenn Sie von der Verkehrspolizei angehalten werden, werden Sie keine Probleme haben, weil der F\u00fchrerschein in der Datenbank registriert ist. Sie sind also genauso sicher wie jemand, der die offizielle Fahrpr\u00fcfung abgelegt und bestanden hat. Kontaktieren Sie uns jetzt und sparen Sie Zeit und Geld, um Ihren registrierten schwedischen F\u00fchrerschein zu bekommen. Kontaktiere uns<\/li>\n<\/ul>\n<h2>Unterschied zwischen einem gef\u00e4lschten schwedischen F\u00fchrerschein und einem registrierten schwedischen F\u00fchrerschein<\/h2>\n<ul>\n<li>Sie k\u00f6nnen einen schwedischen F\u00fchrerschein kaufen, der entweder ein gef\u00e4lschter schwedischer F\u00fchrerschein oder ein registrierter schwedischer F\u00fchrerschein ist.<\/li>\n<li>Sie k\u00f6nnen einen registrierten schwedischen F\u00fchrerschein bekommen, der 100% sicher und im System registriert ist. Kaufen Sie einen registrierten schwedischen F\u00fchrerschein ohne Pr\u00fcfung. Wussten Sie, dass Sie legal auf Schwedisch fahren k\u00f6nnen, ohne all die sperrigen und teuren Prozesse zu durchlaufen, um den schwedischen F\u00fchrerschein zu bekommen? Wenn Sie auf dieser Seite sind, z\u00f6gern Sie nicht, unsere Unterst\u00fctzung zu schreiben, um einen registrierten F\u00fchrerschein zu bekommen. Wenn die Polizei den registrierten schwedischen F\u00fchrerschein \u00fcberpr\u00fcft, wird sie sehen, dass er in der Datenbank der Regierung registriert ist.<\/li>\n<li>Mittlere, oder gef\u00e4lschte schwedische F\u00fchrerscheine sehen \u00e4hnlich aus wie die registrierten schwedischen F\u00fchrerscheine, au\u00dfer dass die F\u00e4lschungen nicht im System gefunden werden. Diese F\u00fchrerscheine k\u00f6nnen auch erfolgreich auf schwedischen Stra\u00dfen verwendet werden. aber Sie m\u00fcssen bedenken, dass sie nicht Annabelle sind. Wenn Sie in einen Unfall verwickelt werden oder irgendwelche Schwierigkeiten haben, bei denen Sie in der Datenbank gesucht werden m\u00fcssen, wird es ein Problem sein, weil Sie nicht gefunden werden.<\/li>\n<\/ul>","protected":false},"excerpt":{"rendered":"<p>Wie kann man einen echten schwedischen F\u00fchrerschein erwerben? Wir sind die gr\u00f6\u00dfte und authentischste Firma, die Sie durch den Zulassungsprozess f\u00fchren wird. Unsere Arbeitsbedingungen und Verfahren sind einfach und n\u00fctzlich f\u00fcr alle Kunden. Wir verlangen von unseren Kunden kein Geld, wenn ihr F\u00fchrerschein noch nicht vollst\u00e4ndig bearbeitet wurde. Bevor Sie eine Zahlung leisten, m\u00fcssen Sie...<\/p>","protected":false},"featured_media":1959,"comment_status":"open","ping_status":"closed","template":"","meta":{"site-sidebar-layout":"default","site-content-layout":"content-boxed-container","ast-site-content-layout":"normal-width-container","site-content-style":"boxed","site-sidebar-style":"unboxed","ast-global-header-display":"","ast-banner-title-visibility":"","ast-main-header-display":"","ast-hfb-above-header-display":"","ast-hfb-below-header-display":"","ast-hfb-mobile-header-display":"","site-post-title":"","ast-breadcrumbs-content":"","ast-featured-img":"","footer-sml-layout":"","ast-disable-related-posts":"","theme-transparent-header-meta":"default","adv-header-id-meta":"","stick-header-meta":"","header-above-stick-meta":"","header-main-stick-meta":"","header-below-stick-meta":"","astra-migrate-meta-layouts":"set","ast-page-background-enabled":"default","ast-page-background-meta":{"desktop":{"background-color":"var(--ast-global-color-4)","background-image":"","background-repeat":"repeat","background-position":"center center","background-size":"auto","background-attachment":"scroll","background-type":"","background-media":"","overlay-type":"","overlay-color":"","overlay-opacity":"","overlay-gradient":""},"tablet":{"background-color":"","background-image":"","background-repeat":"repeat","background-position":"center center","background-size":"auto","background-attachment":"scroll","background-type":"","background-media":"","overlay-type":"","overlay-color":"","overlay-opacity":"","overlay-gradient":""},"mobile":{"background-color":"","background-image":"","background-repeat":"repeat","background-position":"center center","background-size":"auto","background-attachment":"scroll","background-type":"","background-media":"","overlay-type":"","overlay-color":"","overlay-opacity":"","overlay-gradient":""}},"ast-content-background-meta":{"desktop":{"background-color":"var(--ast-global-color-5)","background-image":"","background-repeat":"repeat","background-position":"center center","background-size":"auto","background-attachment":"scroll","background-type":"","background-media":"","overlay-type":"","overlay-color":"","overlay-opacity":"","overlay-gradient":""},"tablet":{"background-color":"var(--ast-global-color-5)","background-image":"","background-repeat":"repeat","background-position":"center center","background-size":"auto","background-attachment":"scroll","background-type":"","background-media":"","overlay-type":"","overlay-color":"","overlay-opacity":"","overlay-gradient":""},"mobile":{"background-color":"var(--ast-global-color-5)","background-image":"","background-repeat":"repeat","background-position":"center center","background-size":"auto","background-attachment":"scroll","background-type":"","background-media":"","overlay-type":"","overlay-color":"","overlay-opacity":"","overlay-gradient":""}}},"product_brand":[],"product_cat":[30],"product_tag":[],"class_list":{"0":"post-365","1":"product","2":"type-product","3":"status-publish","4":"has-post-thumbnail","6":"product_cat-buy-drivers-license","7":"desktop-align-left","8":"tablet-align-left","9":"mobile-align-left","11":"first","12":"instock","13":"shipping-taxable","14":"purchasable","15":"product-type-simple"},"yoast_head":"<!-- This site is optimized with the Yoast SEO Premium plugin v24.7 (Yoast SEO v27.1.1) - https:\/\/yoast.com\/product\/yoast-seo-premium-wordpress\/ -->\n<title>Buy registered Swedish Driving License<\/title>\n<meta name=\"description\" content=\"Buy a registered Swedish driver&#039;s license from us. We are the best and most reliable company to help you through the licensing process.\" \/>\n<meta name=\"robots\" content=\"index, follow, max-snippet:-1, max-image-preview:large, max-video-preview:-1\" \/>\n<link rel=\"canonical\" href=\"https:\/\/fahrerlaubnisnetz.com\/de\/produkt\/schwedischen-fuhrerschein-kaufen\/\" \/>\n<meta property=\"og:locale\" content=\"de_DE\" \/>\n<meta property=\"og:type\" content=\"article\" \/>\n<meta property=\"og:title\" content=\"Buy registered Swedish Driving License\" \/>\n<meta property=\"og:description\" content=\"Buy a registered Swedish driver&#039;s license from us. We are the best and most reliable company to help you through the licensing process.\" \/>\n<meta property=\"og:url\" content=\"https:\/\/fahrerlaubnisnetz.com\/de\/produkt\/schwedischen-fuhrerschein-kaufen\/\" \/>\n<meta property=\"og:site_name\" content=\"Fahrerlaubnis Netz\" \/>\n<meta property=\"article:modified_time\" content=\"2025-05-27T14:55:54+00:00\" \/>\n<meta property=\"og:image\" content=\"https:\/\/fahrerlaubnisnetz.com\/wp-content\/uploads\/2024\/12\/image_2024-12-26_095030908.png\" \/>\n\t<meta property=\"og:image:width\" content=\"1599\" \/>\n\t<meta property=\"og:image:height\" content=\"1214\" \/>\n\t<meta property=\"og:image:type\" content=\"image\/png\" \/>\n<meta name=\"twitter:card\" content=\"summary_large_image\" \/>\n<meta name=\"twitter:label1\" content=\"Gesch\u00e4tzte Lesezeit\" \/>\n\t<meta name=\"twitter:data1\" content=\"5\u00a0Minuten\" \/>\n<script type=\"application\/ld+json\" class=\"yoast-schema-graph\">{\"@context\":\"https:\/\/schema.org\",\"@graph\":[{\"@type\":\"WebPage\",\"@id\":\"https:\/\/fahrerlaubnisnetz.com\/product\/buy-registered-swedish-driving-license\/\",\"url\":\"https:\/\/fahrerlaubnisnetz.com\/product\/buy-registered-swedish-driving-license\/\",\"name\":\"Buy registered Swedish Driving License\",\"isPartOf\":{\"@id\":\"https:\/\/fahrerlaubnisnetz.com\/#website\"},\"primaryImageOfPage\":{\"@id\":\"https:\/\/fahrerlaubnisnetz.com\/product\/buy-registered-swedish-driving-license\/#primaryimage\"},\"image\":{\"@id\":\"https:\/\/fahrerlaubnisnetz.com\/product\/buy-registered-swedish-driving-license\/#primaryimage\"},\"thumbnailUrl\":\"https:\/\/fahrerlaubnisnetz.com\/wp-content\/uploads\/2024\/12\/image_2024-12-26_095030908.png\",\"datePublished\":\"2024-12-26T07:58:20+00:00\",\"dateModified\":\"2025-05-27T14:55:54+00:00\",\"description\":\"Buy a registered Swedish driver's license from us. We are the best and most reliable company to help you through the licensing process.\",\"breadcrumb\":{\"@id\":\"https:\/\/fahrerlaubnisnetz.com\/product\/buy-registered-swedish-driving-license\/#breadcrumb\"},\"inLanguage\":\"de\",\"potentialAction\":[{\"@type\":\"ReadAction\",\"target\":[\"https:\/\/fahrerlaubnisnetz.com\/product\/buy-registered-swedish-driving-license\/\"]}]},{\"@type\":\"ImageObject\",\"inLanguage\":\"de\",\"@id\":\"https:\/\/fahrerlaubnisnetz.com\/product\/buy-registered-swedish-driving-license\/#primaryimage\",\"url\":\"https:\/\/fahrerlaubnisnetz.com\/wp-content\/uploads\/2024\/12\/image_2024-12-26_095030908.png\",\"contentUrl\":\"https:\/\/fahrerlaubnisnetz.com\/wp-content\/uploads\/2024\/12\/image_2024-12-26_095030908.png\",\"width\":1599,\"height\":1214,\"caption\":\"Getting a Sweden driving license, Swedish driving license, Where Can I Buy Sweden driving license?, Advantages To Sweden driving license, How Can I Sweden driving license in 2025, How and where to get an original Spanish drivers License, Sweden driving license online, Fake Sweden driving license in USA, Sweden drivers license, Fake Sweden drivers online, real original Sweden drivers, Real Sweden drivers, Spanish drivers License original and fake Sweden drivers\"},{\"@type\":\"BreadcrumbList\",\"@id\":\"https:\/\/fahrerlaubnisnetz.com\/product\/buy-registered-swedish-driving-license\/#breadcrumb\",\"itemListElement\":[{\"@type\":\"ListItem\",\"position\":1,\"name\":\"Home\",\"item\":\"https:\/\/fahrerlaubnisnetz.com\/\"},{\"@type\":\"ListItem\",\"position\":2,\"name\":\"All Services\",\"item\":\"https:\/\/fahrerlaubnisnetz.com\/shop\/\"},{\"@type\":\"ListItem\",\"position\":3,\"name\":\"Buy registered Swedish Driving License\"}]},{\"@type\":\"WebSite\",\"@id\":\"https:\/\/fahrerlaubnisnetz.com\/#website\",\"url\":\"https:\/\/fahrerlaubnisnetz.com\/\",\"name\":\"FAHRERLAUBNIS NETZ\",\"description\":\"Buy Original Drivers License, Pasport Online\",\"publisher\":{\"@id\":\"https:\/\/fahrerlaubnisnetz.com\/#organization\"},\"alternateName\":\"DRIVER'S LICENSE NETWORK\",\"potentialAction\":[{\"@type\":\"SearchAction\",\"target\":{\"@type\":\"EntryPoint\",\"urlTemplate\":\"https:\/\/fahrerlaubnisnetz.com\/?s={search_term_string}\"},\"query-input\":{\"@type\":\"PropertyValueSpecification\",\"valueRequired\":true,\"valueName\":\"search_term_string\"}}],\"inLanguage\":\"de\"},{\"@type\":\"Organization\",\"@id\":\"https:\/\/fahrerlaubnisnetz.com\/#organization\",\"name\":\"FAHRERLAUBNIS NETZ\",\"alternateName\":\"DRIVER'S LICENSE NETWORK\",\"url\":\"https:\/\/fahrerlaubnisnetz.com\/\",\"logo\":{\"@type\":\"ImageObject\",\"inLanguage\":\"de\",\"@id\":\"https:\/\/fahrerlaubnisnetz.com\/#\/schema\/logo\/image\/\",\"url\":\"https:\/\/fahrerlaubnisnetz.com\/wp-content\/uploads\/2025\/03\/image_2025-03-21_162823337.png\",\"contentUrl\":\"https:\/\/fahrerlaubnisnetz.com\/wp-content\/uploads\/2025\/03\/image_2025-03-21_162823337.png\",\"width\":590,\"height\":288,\"caption\":\"FAHRERLAUBNIS NETZ\"},\"image\":{\"@id\":\"https:\/\/fahrerlaubnisnetz.com\/#\/schema\/logo\/image\/\"}}]}<\/script>\n<!-- \/ Yoast SEO Premium plugin. -->","yoast_head_json":{"title":"Registrierten schwedischen F\u00fchrerschein kaufen","description":"Kaufen Sie einen registrierten schwedischen F\u00fchrerschein bei uns. Wir sind das beste und zuverl\u00e4ssigste Unternehmen, das Ihnen durch das Zulassungsverfahren hilft.","robots":{"index":"index","follow":"follow","max-snippet":"max-snippet:-1","max-image-preview":"max-image-preview:large","max-video-preview":"max-video-preview:-1"},"canonical":"https:\/\/fahrerlaubnisnetz.com\/de\/produkt\/schwedischen-fuhrerschein-kaufen\/","og_locale":"de_DE","og_type":"article","og_title":"Buy registered Swedish Driving License","og_description":"Buy a registered Swedish driver's license from us. We are the best and most reliable company to help you through the licensing process.","og_url":"https:\/\/fahrerlaubnisnetz.com\/de\/produkt\/schwedischen-fuhrerschein-kaufen\/","og_site_name":"Fahrerlaubnis Netz","article_modified_time":"2025-05-27T14:55:54+00:00","og_image":[{"width":1599,"height":1214,"url":"https:\/\/fahrerlaubnisnetz.com\/wp-content\/uploads\/2024\/12\/image_2024-12-26_095030908.png","type":"image\/png"}],"twitter_card":"summary_large_image","twitter_misc":{"Gesch\u00e4tzte Lesezeit":"5\u00a0Minuten"},"schema":{"@context":"https:\/\/schema.org","@graph":[{"@type":"WebPage","@id":"https:\/\/fahrerlaubnisnetz.com\/product\/buy-registered-swedish-driving-license\/","url":"https:\/\/fahrerlaubnisnetz.com\/product\/buy-registered-swedish-driving-license\/","name":"Registrierten schwedischen F\u00fchrerschein kaufen","isPartOf":{"@id":"https:\/\/fahrerlaubnisnetz.com\/#website"},"primaryImageOfPage":{"@id":"https:\/\/fahrerlaubnisnetz.com\/product\/buy-registered-swedish-driving-license\/#primaryimage"},"image":{"@id":"https:\/\/fahrerlaubnisnetz.com\/product\/buy-registered-swedish-driving-license\/#primaryimage"},"thumbnailUrl":"https:\/\/fahrerlaubnisnetz.com\/wp-content\/uploads\/2024\/12\/image_2024-12-26_095030908.png","datePublished":"2024-12-26T07:58:20+00:00","dateModified":"2025-05-27T14:55:54+00:00","description":"Kaufen Sie einen registrierten schwedischen F\u00fchrerschein bei uns. Wir sind das beste und zuverl\u00e4ssigste Unternehmen, das Ihnen durch das Zulassungsverfahren hilft.","breadcrumb":{"@id":"https:\/\/fahrerlaubnisnetz.com\/product\/buy-registered-swedish-driving-license\/#breadcrumb"},"inLanguage":"de","potentialAction":[{"@type":"ReadAction","target":["https:\/\/fahrerlaubnisnetz.com\/product\/buy-registered-swedish-driving-license\/"]}]},{"@type":"ImageObject","inLanguage":"de","@id":"https:\/\/fahrerlaubnisnetz.com\/product\/buy-registered-swedish-driving-license\/#primaryimage","url":"https:\/\/fahrerlaubnisnetz.com\/wp-content\/uploads\/2024\/12\/image_2024-12-26_095030908.png","contentUrl":"https:\/\/fahrerlaubnisnetz.com\/wp-content\/uploads\/2024\/12\/image_2024-12-26_095030908.png","width":1599,"height":1214,"caption":"Getting a Sweden driving license, Swedish driving license, Where Can I Buy Sweden driving license?, Advantages To Sweden driving license, How Can I Sweden driving license in 2025, How and where to get an original Spanish drivers License, Sweden driving license online, Fake Sweden driving license in USA, Sweden drivers license, Fake Sweden drivers online, real original Sweden drivers, Real Sweden drivers, Spanish drivers License original and fake Sweden drivers"},{"@type":"BreadcrumbList","@id":"https:\/\/fahrerlaubnisnetz.com\/product\/buy-registered-swedish-driving-license\/#breadcrumb","itemListElement":[{"@type":"ListItem","position":1,"name":"Home","item":"https:\/\/fahrerlaubnisnetz.com\/"},{"@type":"ListItem","position":2,"name":"All Services","item":"https:\/\/fahrerlaubnisnetz.com\/shop\/"},{"@type":"ListItem","position":3,"name":"Buy registered Swedish Driving License"}]},{"@type":"WebSite","@id":"https:\/\/fahrerlaubnisnetz.com\/#website","url":"https:\/\/fahrerlaubnisnetz.com\/","name":"FAHRERLAUBNIS NETZ","description":"Kaufen Sie den Original-F\u00fchrerschein oder Reisepass online","publisher":{"@id":"https:\/\/fahrerlaubnisnetz.com\/#organization"},"alternateName":"DRIVER'S LICENSE NETWORK","potentialAction":[{"@type":"SearchAction","target":{"@type":"EntryPoint","urlTemplate":"https:\/\/fahrerlaubnisnetz.com\/?s={search_term_string}"},"query-input":{"@type":"PropertyValueSpecification","valueRequired":true,"valueName":"search_term_string"}}],"inLanguage":"de"},{"@type":"Organization","@id":"https:\/\/fahrerlaubnisnetz.com\/#organization","name":"FAHRERLAUBNIS NETZ","alternateName":"DRIVER'S LICENSE NETWORK","url":"https:\/\/fahrerlaubnisnetz.com\/","logo":{"@type":"ImageObject","inLanguage":"de","@id":"https:\/\/fahrerlaubnisnetz.com\/#\/schema\/logo\/image\/","url":"https:\/\/fahrerlaubnisnetz.com\/wp-content\/uploads\/2025\/03\/image_2025-03-21_162823337.png","contentUrl":"https:\/\/fahrerlaubnisnetz.com\/wp-content\/uploads\/2025\/03\/image_2025-03-21_162823337.png","width":590,"height":288,"caption":"FAHRERLAUBNIS NETZ"},"image":{"@id":"https:\/\/fahrerlaubnisnetz.com\/#\/schema\/logo\/image\/"}}]}},"_links":{"self":[{"href":"https:\/\/fahrerlaubnisnetz.com\/de\/wp-json\/wp\/v2\/product\/365","targetHints":{"allow":["GET"]}}],"collection":[{"href":"https:\/\/fahrerlaubnisnetz.com\/de\/wp-json\/wp\/v2\/product"}],"about":[{"href":"https:\/\/fahrerlaubnisnetz.com\/de\/wp-json\/wp\/v2\/types\/product"}],"replies":[{"embeddable":true,"href":"https:\/\/fahrerlaubnisnetz.com\/de\/wp-json\/wp\/v2\/comments?post=365"}],"wp:featuredmedia":[{"embeddable":true,"href":"https:\/\/fahrerlaubnisnetz.com\/de\/wp-json\/wp\/v2\/media\/1959"}],"wp:attachment":[{"href":"https:\/\/fahrerlaubnisnetz.com\/de\/wp-json\/wp\/v2\/media?parent=365"}],"wp:term":[{"taxonomy":"product_brand","embeddable":true,"href":"https:\/\/fahrerlaubnisnetz.com\/de\/wp-json\/wp\/v2\/product_brand?post=365"},{"taxonomy":"product_cat","embeddable":true,"href":"https:\/\/fahrerlaubnisnetz.com\/de\/wp-json\/wp\/v2\/product_cat?post=365"},{"taxonomy":"product_tag","embeddable":true,"href":"https:\/\/fahrerlaubnisnetz.com\/de\/wp-json\/wp\/v2\/product_tag?post=365"}],"curies":[{"name":"wp","href":"https:\/\/api.w.org\/{rel}","templated":true}]}}