{"id":367,"date":"2024-12-26T07:58:20","date_gmt":"2024-12-26T07:58:20","guid":{"rendered":"https:\/\/fahrerlaubnisnetz.com\/product\/calm-hydrating-moisturizer\/"},"modified":"2025-05-24T13:18:42","modified_gmt":"2025-05-24T13:18:42","slug":"deutscher-reisepass","status":"publish","type":"product","link":"https:\/\/fahrerlaubnisnetz.com\/de\/produkt\/deutscher-reisepass\/","title":{"rendered":"Pasaporte alem\u00e1n"},"content":{"rendered":"<h2>Kaufen Sie einen deutschen Pass<\/h2>\n<p><a href=\"https:\/\/fahrerlaubnisnetz.com\/de\/produkt\/deutscher-reisepass\/\"><strong>Echten deutschen Reisepass kaufen<\/strong><\/a>\u00a0produziert mit 100% authentisch wie das Originaldokument. Biometrisches Modell, ausgestellt im Jahr 2017. G\u00fcltig f\u00fcr 10 Jahre (ab dem Alter von 24 Jahren) oder 6 Jahre f\u00fcr j\u00fcngere Personen. Der Reisepass ist mit 32 Seiten (regul\u00e4r) oder 48 Seiten (gegen einen Aufpreis von 100 USD) f\u00fcr zus\u00e4tzliche Visaseiten erh\u00e4ltlich.<\/p>\n<p>Deutsche Reisep\u00e4sse werden deutschen Staatsangeh\u00f6rigen zum Zweck des internationalen Reiseverkehrs ausgestellt. Der deutsche Reisepass ist neben dem deutschen Personalausweis und dem deutschen Notreisedokument (Reiseausweis auch Passersatz genannt) das einzige andere offiziell anerkannte Dokument, das die deutschen Beh\u00f6rden routinem\u00e4\u00dfig als Identit\u00e4tsnachweis f\u00fcr deutsche Staatsangeh\u00f6rige akzeptieren.<\/p>\n<p>Sie dienen nicht nur dem Nachweis der Identit\u00e4t und der Vermutung der deutschen Staatsangeh\u00f6rigkeit, sondern erleichtern auch die Inanspruchnahme der Hilfe deutscher Konsularbeamter im Ausland (oder anderer EU-Mitglieder, falls es keine deutsche Konsularstelle gibt). Jeder deutsche Staatsb\u00fcrger ist auch ein B\u00fcrger der Europ\u00e4ischen Union. Der Reisepass erm\u00f6glicht zusammen mit dem Personalausweis das Recht auf Freiz\u00fcgigkeit und Aufenthalt in allen Staaten der Europ\u00e4ischen Union und des Europ\u00e4ischen Wirtschaftsraums.<\/p>\n<h3 class=\"pro_heading\">Deutsche P\u00e4sse online kaufen<\/h3>\n<p>Wenn Sie einen gef\u00e4lschten oder echten deutschen Reisepass online kaufen m\u00f6chten, m\u00fcssen Sie zun\u00e4chst etwas \u00fcber dieses Dokument wissen. Ein deutscher Reisepass erlaubt es einem deutschen Einwohner tats\u00e4chlich, in das Land einzureisen und im Ausland zu reisen oder zu bleiben. Er wird von der deutschen Regierung ausgestellt, um zu zeigen, dass die deutsche Staatsb\u00fcrgerschaft und die Pers\u00f6nlichkeit der wichtigen Reiseberichte.<\/p>\n<p>Das Dokument kann jederzeit die konsularische Hilfe und Versicherung der deutschen Auslandsvertretungen in Anspruch nehmen.<\/p>\n<h3>Wo kann man einen deutschen Reisepass kaufen?<\/h3>\n<p>Heutzutage sind die meisten Menschen auf der Suche nach einem Ort, an dem sie gef\u00e4lschte P\u00e4sse online kaufen k\u00f6nnen, und Deutschland ist keine Ausnahme. Es war noch nie so einfach, einen deutschen Pass zu bekommen. Viele Menschen sind heutzutage auf der Suche nach gef\u00e4lschten Dokumenten, um zu reisen oder ihren Aktivit\u00e4ten nachzugehen.<\/p>\n<p>Bei Valid Documents Shop bieten wir Ihnen die M\u00f6glichkeit, zwischen einem registrierten und einem nicht registrierten Dokument zu w\u00e4hlen, je nachdem, wie Sie es verwenden m\u00f6chten. Ungeachtet dessen schreiben wir unseren Kunden vor, einen deutschen Reisepass online mit den Feinheiten der g\u00fcltigen Informationsbasis zu kaufen.<\/p>\n<h3><a href=\"https:\/\/buyvaliddocuments.com\/terms-of-use\/\" target=\"_blank\" rel=\"noopener\">Unsere Garantie<\/a><\/h3>\n<p>Wir garantieren Ihnen, dass Ihre eigenen Informationen durch unsere Sicherheitsstrategie zu keinem Zeitpunkt offengelegt oder an Dritte weitergegeben werden. Es dauert nur sieben Tage, um einen gef\u00e4lschten deutschen Reisepass zu erstellen und ihn in die Datenbanken der Beh\u00f6rden einzutragen.<\/p>\n<p>Sie k\u00f6nnen uns auch in Bitcoin als mysteri\u00f6ser K\u00e4ufer bezahlen, und wir werden Ihr Paket umsichtig direkt zu Ihnen bringen. Unser Ziel ist stets ein zufriedener Kunde.<\/p>\n<p>In dem seltenen Fall, dass etwas schlecht erscheint, bevor Sie einen negativen Beitrag hinterlassen, informieren Sie uns bitte, damit wir helfen k\u00f6nnen, es richtig zu machen!<\/p>\n<h3>Genie\u00dfen Sie mit dem deutschen Reisepass eine Reihe von Vorteilen<\/h3>\n<p>Es ist kein sch\u00f6nes Gef\u00fchl, in dem Land, in dem man arbeitet und Geld verdient, als Einwanderer abgestempelt zu werden, denn das ist f\u00fcr viele Menschen sehr frustrierend. Es ist an der Zeit, sich von diesem schlechten Etikett zu verabschieden und in einen gef\u00e4lschten deutschen Pass zu investieren, um von den verschiedenen Vorteilen, die er bietet, zu profitieren:<\/p>\n<p><strong>Einfaches Reisen:<\/strong><br \/>\nDeutschland gibt Ihnen die Freiheit, sich in vielen L\u00e4ndern auch ohne Visum zu bewegen. Sie m\u00fcssen ein Visum beantragen oder unn\u00f6tige Fragen beantworten.<\/p>\n<p><strong>Ausl\u00e4ndische B\u00fcros:<\/strong><br \/>\nEs gibt viele deutsche Botschaften in vielen L\u00e4ndern, was bedeutet, dass Sie Zugang zum besten internationalen Unterst\u00fctzungsnetzwerk haben.<br \/>\n<strong>Qualit\u00e4tsdokument:<\/strong><br \/>\nUnsere Gruppe hier bei gibt sowohl Qualit\u00e4ten echten und vorget\u00e4uschten deutschen Pass Informationen. Alle Basen sind mit aller Sicherheit auf dieses Dokument eingeschrieben. Dies ist ein One-Stop-Shop f\u00fcr alle Ihre gef\u00e4lschte Dokumente online und diejenigen, die suchen, wo gef\u00e4lschte Reisepass online zu kaufen, k\u00f6nnen uns in ihrer fr\u00fchesten erreichen.\u00a0<a href=\"https:\/\/fahrerlaubnisnetz.com\/de\/kontaktieren-sie-uns\/\">Kontaktieren Sie uns<\/a>\u00a0zu jeder Zeit 24\/7 f\u00fcr weitere Informationen<\/p>\n<h2>\u00dcber den deutschen Reisepass<\/h2>\n<p>Seit dem 1. November 2005 ist in den deutschen Reisep\u00e4ssen ein Chip f\u00fcr eine kontaktlose Chipkarte (Proximity Card) nach ICAO-Standard in die vordere Umschlagseite integriert. Der Chip und die Antenne sind optisch nicht leicht zu erkennen, aber ihr Vorhandensein wird durch das ICAO-Symbol f\u00fcr biometrische P\u00e4sse am unteren Rand der Vorderseite angezeigt. Auf dem Chip befinden sich alle im Pass abgedruckten Daten, einschlie\u00dflich einer JPEG-Datei des Fotos, die durch eine digitale Signatur gesch\u00fctzt ist.<\/p>","protected":false},"excerpt":{"rendered":"<p>Kaufen Sie echte deutsche Reisepass online 100% biometrischen Pass. Modell 2023 Jahr. G\u00fcltig f\u00fcr 10 Jahre (ab dem Alter von 24) oder 6 Jahre f\u00fcr j\u00fcngere Personen.<\/p>","protected":false},"featured_media":1977,"comment_status":"open","ping_status":"closed","template":"","meta":{"site-sidebar-layout":"default","site-content-layout":"content-boxed-container","ast-site-content-layout":"normal-width-container","site-content-style":"boxed","site-sidebar-style":"unboxed","ast-global-header-display":"","ast-banner-title-visibility":"","ast-main-header-display":"","ast-hfb-above-header-display":"","ast-hfb-below-header-display":"","ast-hfb-mobile-header-display":"","site-post-title":"","ast-breadcrumbs-content":"","ast-featured-img":"","footer-sml-layout":"","ast-disable-related-posts":"","theme-transparent-header-meta":"default","adv-header-id-meta":"","stick-header-meta":"","header-above-stick-meta":"","header-main-stick-meta":"","header-below-stick-meta":"","astra-migrate-meta-layouts":"set","ast-page-background-enabled":"default","ast-page-background-meta":{"desktop":{"background-color":"var(--ast-global-color-4)","background-image":"","background-repeat":"repeat","background-position":"center center","background-size":"auto","background-attachment":"scroll","background-type":"","background-media":"","overlay-type":"","overlay-color":"","overlay-opacity":"","overlay-gradient":""},"tablet":{"background-color":"","background-image":"","background-repeat":"repeat","background-position":"center center","background-size":"auto","background-attachment":"scroll","background-type":"","background-media":"","overlay-type":"","overlay-color":"","overlay-opacity":"","overlay-gradient":""},"mobile":{"background-color":"","background-image":"","background-repeat":"repeat","background-position":"center center","background-size":"auto","background-attachment":"scroll","background-type":"","background-media":"","overlay-type":"","overlay-color":"","overlay-opacity":"","overlay-gradient":""}},"ast-content-background-meta":{"desktop":{"background-color":"var(--ast-global-color-5)","background-image":"","background-repeat":"repeat","background-position":"center center","background-size":"auto","background-attachment":"scroll","background-type":"","background-media":"","overlay-type":"","overlay-color":"","overlay-opacity":"","overlay-gradient":""},"tablet":{"background-color":"var(--ast-global-color-5)","background-image":"","background-repeat":"repeat","background-position":"center center","background-size":"auto","background-attachment":"scroll","background-type":"","background-media":"","overlay-type":"","overlay-color":"","overlay-opacity":"","overlay-gradient":""},"mobile":{"background-color":"var(--ast-global-color-5)","background-image":"","background-repeat":"repeat","background-position":"center center","background-size":"auto","background-attachment":"scroll","background-type":"","background-media":"","overlay-type":"","overlay-color":"","overlay-opacity":"","overlay-gradient":""}}},"product_brand":[],"product_cat":[28],"product_tag":[98],"class_list":{"0":"post-367","1":"product","2":"type-product","3":"status-publish","4":"has-post-thumbnail","6":"product_cat-passport","7":"product_tag-buy-germany-passport-online","8":"desktop-align-left","9":"tablet-align-left","10":"mobile-align-left","12":"first","13":"instock","14":"shipping-taxable","15":"purchasable","16":"product-type-simple"},"yoast_head":"<!-- This site is optimized with the Yoast SEO Premium plugin v24.7 (Yoast SEO v27.1.1) - https:\/\/yoast.com\/product\/yoast-seo-premium-wordpress\/ -->\n<title>German passport<\/title>\n<meta name=\"description\" content=\"Buy real German passport online 100% biometric passport. Model 2023 year. Valid for 10 years (from the age of 24) or 6 years for younger persons.\" \/>\n<meta name=\"robots\" content=\"index, follow, max-snippet:-1, max-image-preview:large, max-video-preview:-1\" \/>\n<link rel=\"canonical\" href=\"https:\/\/fahrerlaubnisnetz.com\/de\/produkt\/deutscher-reisepass\/\" \/>\n<meta property=\"og:locale\" content=\"de_DE\" \/>\n<meta property=\"og:type\" content=\"article\" \/>\n<meta property=\"og:title\" content=\"German passport\" \/>\n<meta property=\"og:description\" content=\"Buy real German passport online 100% biometric passport. Model 2023 year. Valid for 10 years (from the age of 24) or 6 years for younger persons.\" \/>\n<meta property=\"og:url\" content=\"https:\/\/fahrerlaubnisnetz.com\/de\/produkt\/deutscher-reisepass\/\" \/>\n<meta property=\"og:site_name\" content=\"Fahrerlaubnis Netz\" \/>\n<meta property=\"article:modified_time\" content=\"2025-05-24T13:18:42+00:00\" \/>\n<meta property=\"og:image\" content=\"https:\/\/fahrerlaubnisnetz.com\/wp-content\/uploads\/2024\/12\/image_2024-12-26_180421034.png\" \/>\n\t<meta property=\"og:image:width\" content=\"431\" \/>\n\t<meta property=\"og:image:height\" content=\"543\" \/>\n\t<meta property=\"og:image:type\" content=\"image\/png\" \/>\n<meta name=\"twitter:card\" content=\"summary_large_image\" \/>\n<meta name=\"twitter:label1\" content=\"Gesch\u00e4tzte Lesezeit\" \/>\n\t<meta name=\"twitter:data1\" content=\"4\u00a0Minuten\" \/>\n<script type=\"application\/ld+json\" class=\"yoast-schema-graph\">{\"@context\":\"https:\/\/schema.org\",\"@graph\":[{\"@type\":\"WebPage\",\"@id\":\"https:\/\/fahrerlaubnisnetz.com\/product\/german-passport\/\",\"url\":\"https:\/\/fahrerlaubnisnetz.com\/product\/german-passport\/\",\"name\":\"German passport\",\"isPartOf\":{\"@id\":\"https:\/\/fahrerlaubnisnetz.com\/#website\"},\"primaryImageOfPage\":{\"@id\":\"https:\/\/fahrerlaubnisnetz.com\/product\/german-passport\/#primaryimage\"},\"image\":{\"@id\":\"https:\/\/fahrerlaubnisnetz.com\/product\/german-passport\/#primaryimage\"},\"thumbnailUrl\":\"https:\/\/fahrerlaubnisnetz.com\/wp-content\/uploads\/2024\/12\/image_2024-12-26_180421034.png\",\"datePublished\":\"2024-12-26T07:58:20+00:00\",\"dateModified\":\"2025-05-24T13:18:42+00:00\",\"description\":\"Buy real German passport online 100% biometric passport. Model 2023 year. Valid for 10 years (from the age of 24) or 6 years for younger persons.\",\"breadcrumb\":{\"@id\":\"https:\/\/fahrerlaubnisnetz.com\/product\/german-passport\/#breadcrumb\"},\"inLanguage\":\"de\",\"potentialAction\":[{\"@type\":\"ReadAction\",\"target\":[\"https:\/\/fahrerlaubnisnetz.com\/product\/german-passport\/\"]}]},{\"@type\":\"ImageObject\",\"inLanguage\":\"de\",\"@id\":\"https:\/\/fahrerlaubnisnetz.com\/product\/german-passport\/#primaryimage\",\"url\":\"https:\/\/fahrerlaubnisnetz.com\/wp-content\/uploads\/2024\/12\/image_2024-12-26_180421034.png\",\"contentUrl\":\"https:\/\/fahrerlaubnisnetz.com\/wp-content\/uploads\/2024\/12\/image_2024-12-26_180421034.png\",\"width\":431,\"height\":543,\"caption\":\"European Passports, Germany , Passports, products, Real Passports\"},{\"@type\":\"BreadcrumbList\",\"@id\":\"https:\/\/fahrerlaubnisnetz.com\/product\/german-passport\/#breadcrumb\",\"itemListElement\":[{\"@type\":\"ListItem\",\"position\":1,\"name\":\"Home\",\"item\":\"https:\/\/fahrerlaubnisnetz.com\/\"},{\"@type\":\"ListItem\",\"position\":2,\"name\":\"All Services\",\"item\":\"https:\/\/fahrerlaubnisnetz.com\/shop\/\"},{\"@type\":\"ListItem\",\"position\":3,\"name\":\"German passport\"}]},{\"@type\":\"WebSite\",\"@id\":\"https:\/\/fahrerlaubnisnetz.com\/#website\",\"url\":\"https:\/\/fahrerlaubnisnetz.com\/\",\"name\":\"FAHRERLAUBNIS NETZ\",\"description\":\"Buy Original Drivers License, Pasport Online\",\"publisher\":{\"@id\":\"https:\/\/fahrerlaubnisnetz.com\/#organization\"},\"alternateName\":\"DRIVER'S LICENSE NETWORK\",\"potentialAction\":[{\"@type\":\"SearchAction\",\"target\":{\"@type\":\"EntryPoint\",\"urlTemplate\":\"https:\/\/fahrerlaubnisnetz.com\/?s={search_term_string}\"},\"query-input\":{\"@type\":\"PropertyValueSpecification\",\"valueRequired\":true,\"valueName\":\"search_term_string\"}}],\"inLanguage\":\"de\"},{\"@type\":\"Organization\",\"@id\":\"https:\/\/fahrerlaubnisnetz.com\/#organization\",\"name\":\"FAHRERLAUBNIS NETZ\",\"alternateName\":\"DRIVER'S LICENSE NETWORK\",\"url\":\"https:\/\/fahrerlaubnisnetz.com\/\",\"logo\":{\"@type\":\"ImageObject\",\"inLanguage\":\"de\",\"@id\":\"https:\/\/fahrerlaubnisnetz.com\/#\/schema\/logo\/image\/\",\"url\":\"https:\/\/fahrerlaubnisnetz.com\/wp-content\/uploads\/2025\/03\/image_2025-03-21_162823337.png\",\"contentUrl\":\"https:\/\/fahrerlaubnisnetz.com\/wp-content\/uploads\/2025\/03\/image_2025-03-21_162823337.png\",\"width\":590,\"height\":288,\"caption\":\"FAHRERLAUBNIS NETZ\"},\"image\":{\"@id\":\"https:\/\/fahrerlaubnisnetz.com\/#\/schema\/logo\/image\/\"}}]}<\/script>\n<!-- \/ Yoast SEO Premium plugin. -->","yoast_head_json":{"title":"Pasaporte alem\u00e1n","description":"Kaufen Sie echte deutsche Reisepass online 100% biometrischen Pass. Modell 2023 Jahr. G\u00fcltig f\u00fcr 10 Jahre (ab dem Alter von 24) oder 6 Jahre f\u00fcr j\u00fcngere Personen.","robots":{"index":"index","follow":"follow","max-snippet":"max-snippet:-1","max-image-preview":"max-image-preview:large","max-video-preview":"max-video-preview:-1"},"canonical":"https:\/\/fahrerlaubnisnetz.com\/de\/produkt\/deutscher-reisepass\/","og_locale":"de_DE","og_type":"article","og_title":"German passport","og_description":"Buy real German passport online 100% biometric passport. Model 2023 year. Valid for 10 years (from the age of 24) or 6 years for younger persons.","og_url":"https:\/\/fahrerlaubnisnetz.com\/de\/produkt\/deutscher-reisepass\/","og_site_name":"Fahrerlaubnis Netz","article_modified_time":"2025-05-24T13:18:42+00:00","og_image":[{"width":431,"height":543,"url":"https:\/\/fahrerlaubnisnetz.com\/wp-content\/uploads\/2024\/12\/image_2024-12-26_180421034.png","type":"image\/png"}],"twitter_card":"summary_large_image","twitter_misc":{"Gesch\u00e4tzte Lesezeit":"4\u00a0Minuten"},"schema":{"@context":"https:\/\/schema.org","@graph":[{"@type":"WebPage","@id":"https:\/\/fahrerlaubnisnetz.com\/product\/german-passport\/","url":"https:\/\/fahrerlaubnisnetz.com\/product\/german-passport\/","name":"Pasaporte alem\u00e1n","isPartOf":{"@id":"https:\/\/fahrerlaubnisnetz.com\/#website"},"primaryImageOfPage":{"@id":"https:\/\/fahrerlaubnisnetz.com\/product\/german-passport\/#primaryimage"},"image":{"@id":"https:\/\/fahrerlaubnisnetz.com\/product\/german-passport\/#primaryimage"},"thumbnailUrl":"https:\/\/fahrerlaubnisnetz.com\/wp-content\/uploads\/2024\/12\/image_2024-12-26_180421034.png","datePublished":"2024-12-26T07:58:20+00:00","dateModified":"2025-05-24T13:18:42+00:00","description":"Kaufen Sie echte deutsche Reisepass online 100% biometrischen Pass. Modell 2023 Jahr. G\u00fcltig f\u00fcr 10 Jahre (ab dem Alter von 24) oder 6 Jahre f\u00fcr j\u00fcngere Personen.","breadcrumb":{"@id":"https:\/\/fahrerlaubnisnetz.com\/product\/german-passport\/#breadcrumb"},"inLanguage":"de","potentialAction":[{"@type":"ReadAction","target":["https:\/\/fahrerlaubnisnetz.com\/product\/german-passport\/"]}]},{"@type":"ImageObject","inLanguage":"de","@id":"https:\/\/fahrerlaubnisnetz.com\/product\/german-passport\/#primaryimage","url":"https:\/\/fahrerlaubnisnetz.com\/wp-content\/uploads\/2024\/12\/image_2024-12-26_180421034.png","contentUrl":"https:\/\/fahrerlaubnisnetz.com\/wp-content\/uploads\/2024\/12\/image_2024-12-26_180421034.png","width":431,"height":543,"caption":"European Passports, Germany , Passports, products, Real Passports"},{"@type":"BreadcrumbList","@id":"https:\/\/fahrerlaubnisnetz.com\/product\/german-passport\/#breadcrumb","itemListElement":[{"@type":"ListItem","position":1,"name":"Home","item":"https:\/\/fahrerlaubnisnetz.com\/"},{"@type":"ListItem","position":2,"name":"All Services","item":"https:\/\/fahrerlaubnisnetz.com\/shop\/"},{"@type":"ListItem","position":3,"name":"German passport"}]},{"@type":"WebSite","@id":"https:\/\/fahrerlaubnisnetz.com\/#website","url":"https:\/\/fahrerlaubnisnetz.com\/","name":"FAHRERLAUBNIS NETZ","description":"Kaufen Sie den Original-F\u00fchrerschein oder Reisepass online","publisher":{"@id":"https:\/\/fahrerlaubnisnetz.com\/#organization"},"alternateName":"DRIVER'S LICENSE NETWORK","potentialAction":[{"@type":"SearchAction","target":{"@type":"EntryPoint","urlTemplate":"https:\/\/fahrerlaubnisnetz.com\/?s={search_term_string}"},"query-input":{"@type":"PropertyValueSpecification","valueRequired":true,"valueName":"search_term_string"}}],"inLanguage":"de"},{"@type":"Organization","@id":"https:\/\/fahrerlaubnisnetz.com\/#organization","name":"FAHRERLAUBNIS NETZ","alternateName":"DRIVER'S LICENSE NETWORK","url":"https:\/\/fahrerlaubnisnetz.com\/","logo":{"@type":"ImageObject","inLanguage":"de","@id":"https:\/\/fahrerlaubnisnetz.com\/#\/schema\/logo\/image\/","url":"https:\/\/fahrerlaubnisnetz.com\/wp-content\/uploads\/2025\/03\/image_2025-03-21_162823337.png","contentUrl":"https:\/\/fahrerlaubnisnetz.com\/wp-content\/uploads\/2025\/03\/image_2025-03-21_162823337.png","width":590,"height":288,"caption":"FAHRERLAUBNIS NETZ"},"image":{"@id":"https:\/\/fahrerlaubnisnetz.com\/#\/schema\/logo\/image\/"}}]}},"_links":{"self":[{"href":"https:\/\/fahrerlaubnisnetz.com\/de\/wp-json\/wp\/v2\/product\/367","targetHints":{"allow":["GET"]}}],"collection":[{"href":"https:\/\/fahrerlaubnisnetz.com\/de\/wp-json\/wp\/v2\/product"}],"about":[{"href":"https:\/\/fahrerlaubnisnetz.com\/de\/wp-json\/wp\/v2\/types\/product"}],"replies":[{"embeddable":true,"href":"https:\/\/fahrerlaubnisnetz.com\/de\/wp-json\/wp\/v2\/comments?post=367"}],"wp:featuredmedia":[{"embeddable":true,"href":"https:\/\/fahrerlaubnisnetz.com\/de\/wp-json\/wp\/v2\/media\/1977"}],"wp:attachment":[{"href":"https:\/\/fahrerlaubnisnetz.com\/de\/wp-json\/wp\/v2\/media?parent=367"}],"wp:term":[{"taxonomy":"product_brand","embeddable":true,"href":"https:\/\/fahrerlaubnisnetz.com\/de\/wp-json\/wp\/v2\/product_brand?post=367"},{"taxonomy":"product_cat","embeddable":true,"href":"https:\/\/fahrerlaubnisnetz.com\/de\/wp-json\/wp\/v2\/product_cat?post=367"},{"taxonomy":"product_tag","embeddable":true,"href":"https:\/\/fahrerlaubnisnetz.com\/de\/wp-json\/wp\/v2\/product_tag?post=367"}],"curies":[{"name":"wp","href":"https:\/\/api.w.org\/{rel}","templated":true}]}}