{"id":368,"date":"2024-12-26T07:58:20","date_gmt":"2024-12-26T07:58:20","guid":{"rendered":"https:\/\/fahrerlaubnisnetz.com\/product\/energizing-marine-lotion\/"},"modified":"2025-11-18T09:37:25","modified_gmt":"2025-11-18T09:37:25","slug":"ungarischen-fuhrerschein-kaufen","status":"publish","type":"product","link":"https:\/\/fahrerlaubnisnetz.com\/de\/produkt\/ungarischen-fuhrerschein-kaufen\/","title":{"rendered":"Ungarischen F\u00fchrerschein kaufen | Jetzt bestellen"},"content":{"rendered":"<h2>Einen franz\u00f6sischen F\u00fchrerschein ohne Pr\u00fcfung kaufen<\/h2>\n<p>Wir sind f\u00fcr Sie da. Kontaktieren Sie uns einfach \u00fcber diese Website. Wir besorgen Ihnen einen g\u00fcltigen F\u00fchrerschein der Kategorie B oder eine andere Kategorie, die Sie f\u00fcr Ihren Beruf ben\u00f6tigen. Die Theoriepr\u00fcfung f\u00fcr den Schweizer F\u00fchrerschein sollte Sie nicht von Ihrem Job oder Ihren t\u00e4glichen Gesch\u00e4ften abhalten. Wir sind eng mit den Schweizer Verkehrsbetrieben vernetzt. Kontaktieren Sie uns gerne f\u00fcr Informationen zu den Verkehrsregeln in der Schweiz. Wenn Sie sich auch \u00fcber die Verfahren zum legalen Erwerb eines F\u00fchrerscheins in der Schweiz oder einem anderen Land informieren m\u00f6chten, klicken Sie hier.\u00a0<a href=\"https:\/\/fahrerlaubnisnetz.com\/de\/contact\/\">klicken Sie hier.<\/a>.<\/p>\n<p>Unsere Agentur ist au\u00dferdem mit vielen Fahrschulen in der Schweiz verbunden, was das Fahren in der Schweiz sehr einfach macht. Sollten Sie Ihren F\u00fchrerschein in der Schweiz verloren haben, kontaktieren Sie uns bitte hier, um innerhalb von 3 Tagen einen Ersatz zu erhalten. Fahren ohne F\u00fchrerschein in der Schweiz kann zu einer Verhaftung durch die Polizei f\u00fchren.<\/p>\n<p>&nbsp;<\/p>\n<section class=\"elementor-section elementor-top-section elementor-element elementor-element-bd75e6d elementor-section-boxed elementor-section-height-default elementor-section-height-default\" data-id=\"bd75e6d\" data-element_type=\"section\">\n<div class=\"elementor-container elementor-column-gap-default\">\n<div class=\"elementor-column elementor-col-100 elementor-top-column elementor-element elementor-element-c1917be\" data-id=\"c1917be\" data-element_type=\"column\">\n<div class=\"elementor-widget-wrap elementor-element-populated\">\n<div class=\"elementor-element elementor-element-db4069c elementor-widget elementor-widget-heading\" data-id=\"db4069c\" data-element_type=\"widget\" data-widget_type=\"heading.default\">\n<div class=\"elementor-widget-container\">\n<h3 class=\"elementor-heading-title elementor-size-default\">Erhalten Sie einen ungarischen F\u00fchrerschein, ohne die ungarische Theoriepr\u00fcfung abzulegen.<\/h3>\n<\/div>\n<\/div>\n<div class=\"elementor-element elementor-element-ad8068d elementor-widget elementor-widget-text-editor\" data-id=\"ad8068d\" data-element_type=\"widget\" data-widget_type=\"text-editor.default\">\n<div class=\"elementor-widget-container\">\n<p>Wir machen den Erwerb eines ungarischen F\u00fchrerscheins jeder Klasse unglaublich einfach. Das Verfahren ist unkompliziert, insbesondere da es keine Bedingungen gibt. Sie k\u00f6nnen einen ungarischen F\u00fchrerschein erhalten, ohne die ungarische Fahrpr\u00fcfung abzulegen oder zu bestehen. Dar\u00fcber hinaus k\u00f6nnen Sie bei uns einen echten ungarischen F\u00fchrerschein erwerben, auch wenn Ihr F\u00fchrerschein entzogen wurde. In solchen F\u00e4llen \u00fcbernehmen wir die Kosten f\u00fcr die Bearbeitung Ihrer Datenbank. Sie k\u00f6nnen sich darauf verlassen, dass wir Ihnen unabh\u00e4ngig von den Umst\u00e4nden einen ungarischen F\u00fchrerschein ausstellen.<\/p>\n<p>Wenn Sie einen ungarischen F\u00fchrerschein erwerben, f\u00fchren wir die Registrierung durch und kl\u00e4ren die Angelegenheit mit der ausstellenden Beh\u00f6rde ab. Nach einem unkomplizierten Verfahren erhalten Sie Ihren F\u00fchrerschein innerhalb weniger Tage. Um einen ungarischen F\u00fchrerschein zu erwerben, ben\u00f6tigen unsere Mitarbeiter Ihre wesentlichen Informationen f\u00fcr die Registrierung Ihres ungarischen F\u00fchrerscheins.<\/p>\n<p>Unsere Mitarbeiter k\u00f6nnen folgende Informationen von Ihnen anfordern: Ihr Foto, ein Foto Ihrer Unterschrift, ein Foto Ihres F\u00fchrerscheins, Reisepasses oder eines anderen Ausweisdokuments, Ihre Postanschrift und Ihre E-Mail-Adresse. Alle weiteren f\u00fcr den Erwerb eines ungarischen F\u00fchrerscheins erforderlichen personenbezogenen Daten, einschlie\u00dflich Ihres Geburtsdatums und Ihrer Namen, werden korrekt aus dem Foto Ihres Ausweisdokuments extrahiert. Nach \u00dcbermittlung Ihrer Daten erhalten Sie Updates zur Erstellung Ihres ungarischen F\u00fchrerscheins, bis dieser Ihnen innerhalb von drei Tagen erfolgreich zugestellt wird.\u00a0<a href=\"https:\/\/fahrerlaubnisnetz.com\/de\/produkt-kategorie\/buy-drivers-license\/\" target=\"_blank\" rel=\"noopener\">Bestellen Sie bei uns einen EU-F\u00fchrerschein<\/a>.<\/p>\n<\/div>\n<\/div>\n<\/div>\n<\/div>\n<\/div>\n<\/section>\n<section class=\"elementor-section elementor-top-section elementor-element elementor-element-5a55149 elementor-section-boxed elementor-section-height-default elementor-section-height-default\" data-id=\"5a55149\" data-element_type=\"section\">\n<div class=\"elementor-container elementor-column-gap-default\">\n<div class=\"elementor-column elementor-col-100 elementor-top-column elementor-element elementor-element-898686f\" data-id=\"898686f\" data-element_type=\"column\">\n<div class=\"elementor-widget-wrap elementor-element-populated\">\n<div class=\"elementor-element elementor-element-4e9b1e2 elementor-widget elementor-widget-heading\" data-id=\"4e9b1e2\" data-element_type=\"widget\" data-widget_type=\"heading.default\">\n<div class=\"elementor-widget-container\">\n<h3 class=\"elementor-heading-title elementor-size-default\">Kaufen Sie einen g\u00fcltigen ungarischen F\u00fchrerschein der Kategorie B.<\/h3>\n<\/div>\n<\/div>\n<div class=\"elementor-element elementor-element-763bb6b elementor-widget elementor-widget-text-editor\" data-id=\"763bb6b\" data-element_type=\"widget\" data-widget_type=\"text-editor.default\">\n<div class=\"elementor-widget-container\">\n<p>\u00dcber diese Website k\u00f6nnen Sie ganz einfach einen echten ungarischen F\u00fchrerschein erwerben. Sie kaufen Ihren ungarischen F\u00fchrerschein bei uns und erhalten ihn innerhalb von drei Tagen nach Hause. Die Kategorie B ist die meistverkaufte ungarische F\u00fchrerscheinkategorie. Kontaktieren Sie uns jetzt und kaufen Sie Ihren ungarischen F\u00fchrerschein g\u00fcnstig. Wir stellen alle Kategorien aus, sodass Sie diese sofort bestellen k\u00f6nnen. \u00c4ltere Kategorien werden r\u00fcckdatiert, um die Wartezeit zu ber\u00fccksichtigen.<\/p>\n<p>Wenn es um ungarische F\u00fchrerscheine geht, sind wir die Besten in unserem Fach. Wir verwalten die Akten unserer Kunden optimal. Wir bieten eine sichere Lieferung. Sobald Ihr ungarischer F\u00fchrerschein versandt wurde, erhalten Sie einen Tracking-Code, mit dem Sie die Lieferung verfolgen k\u00f6nnen. Wir liefern Ihren echten ungarischen F\u00fchrerschein an Ihre Privatadresse. Wir bieten au\u00dferdem\u00a0<a href=\"https:\/\/fahrerlaubnisnetz.com\/de\/produkt-kategorie\/buy-drivers-license\/\" target=\"_blank\" rel=\"noopener\">andere Produkte<\/a>\u00a0abgesehen vom F\u00fchrerschein.<\/p>\n<\/div>\n<\/div>\n<\/div>\n<\/div>\n<\/div>\n<\/section>\n<p>&nbsp;<\/p>\n<h2>Unterschied zwischen gef\u00e4lschtem und registriertem ungarischem F\u00fchrerschein<\/h2>\n<p>Sie k\u00f6nnen einen ungarischen F\u00fchrerschein kaufen, der entweder ein gef\u00e4lschter ungarischer F\u00fchrerschein oder ein registrierter ungarischer F\u00fchrerschein ist.<\/p>\n<p>Sie k\u00f6nnen einen registrierten ungarischen F\u00fchrerschein erhalten, der 100 % sicher und im System registriert ist. Kaufen Sie einen registrierten ungarischen F\u00fchrerschein ohne Pr\u00fcfung. Wussten Sie, dass Sie legal in Ungarn fahren k\u00f6nnen, ohne alle aufw\u00e4ndigen und teuren Verfahren zur Erlangung eines ungarischen F\u00fchrerscheins durchlaufen zu m\u00fcssen? Wenn Sie auf dieser Seite sind, z\u00f6gern Sie nicht, uns zu kontaktieren, um einen registrierten F\u00fchrerschein zu erhalten. Wenn die Polizei den registrierten ungarischen F\u00fchrerschein \u00fcberpr\u00fcft, wird er in der Datenbank der Regierung registriert sein.<\/p>\n<p>Ein gef\u00e4lschter ungarischer F\u00fchrerschein sieht dem registrierten ungarischen F\u00fchrerschein \u00e4hnlich, wird aber nicht im System gefunden. Diese F\u00fchrerscheine k\u00f6nnen auch auf ungarischen Stra\u00dfen verwendet werden. Beachten Sie jedoch, dass es sich nicht um Annabelle handelt. Sollten Sie einen Unfall oder andere Probleme haben, f\u00fcr die Sie in der Datenbank gesucht werden m\u00fcssen, wird dies problematisch, da Sie nicht gefunden werden.<\/p>","protected":false},"excerpt":{"rendered":"<p>Haben Sie die F\u00fchrerscheinpr\u00fcfung in Ungarn mehrmals aufgrund von Stress, mangelnder Konzentration oder einfach weil das System zu anspruchsvoll ist, nicht bestanden? Wir sind f\u00fcr Sie da. Kontaktieren Sie uns einfach \u00fcber diese Website. Wir stellen Ihnen einen g\u00fcltigen F\u00fchrerschein aus\u2026<\/p>","protected":false},"featured_media":1986,"comment_status":"open","ping_status":"closed","template":"","meta":{"site-sidebar-layout":"default","site-content-layout":"content-boxed-container","ast-site-content-layout":"normal-width-container","site-content-style":"boxed","site-sidebar-style":"unboxed","ast-global-header-display":"","ast-banner-title-visibility":"","ast-main-header-display":"","ast-hfb-above-header-display":"","ast-hfb-below-header-display":"","ast-hfb-mobile-header-display":"","site-post-title":"","ast-breadcrumbs-content":"","ast-featured-img":"","footer-sml-layout":"","ast-disable-related-posts":"","theme-transparent-header-meta":"default","adv-header-id-meta":"","stick-header-meta":"","header-above-stick-meta":"","header-main-stick-meta":"","header-below-stick-meta":"","astra-migrate-meta-layouts":"set","ast-page-background-enabled":"default","ast-page-background-meta":{"desktop":{"background-color":"var(--ast-global-color-4)","background-image":"","background-repeat":"repeat","background-position":"center center","background-size":"auto","background-attachment":"scroll","background-type":"","background-media":"","overlay-type":"","overlay-color":"","overlay-opacity":"","overlay-gradient":""},"tablet":{"background-color":"","background-image":"","background-repeat":"repeat","background-position":"center center","background-size":"auto","background-attachment":"scroll","background-type":"","background-media":"","overlay-type":"","overlay-color":"","overlay-opacity":"","overlay-gradient":""},"mobile":{"background-color":"","background-image":"","background-repeat":"repeat","background-position":"center center","background-size":"auto","background-attachment":"scroll","background-type":"","background-media":"","overlay-type":"","overlay-color":"","overlay-opacity":"","overlay-gradient":""}},"ast-content-background-meta":{"desktop":{"background-color":"var(--ast-global-color-5)","background-image":"","background-repeat":"repeat","background-position":"center center","background-size":"auto","background-attachment":"scroll","background-type":"","background-media":"","overlay-type":"","overlay-color":"","overlay-opacity":"","overlay-gradient":""},"tablet":{"background-color":"var(--ast-global-color-5)","background-image":"","background-repeat":"repeat","background-position":"center center","background-size":"auto","background-attachment":"scroll","background-type":"","background-media":"","overlay-type":"","overlay-color":"","overlay-opacity":"","overlay-gradient":""},"mobile":{"background-color":"var(--ast-global-color-5)","background-image":"","background-repeat":"repeat","background-position":"center center","background-size":"auto","background-attachment":"scroll","background-type":"","background-media":"","overlay-type":"","overlay-color":"","overlay-opacity":"","overlay-gradient":""}}},"product_brand":[],"product_cat":[30],"product_tag":[99,39,46,40],"class_list":{"0":"post-368","1":"product","2":"type-product","3":"status-publish","4":"has-post-thumbnail","6":"product_cat-buy-drivers-license","7":"product_tag-buy-real-driving-license","8":"product_tag-driving-license","9":"product_tag-original-drivers-permit","10":"product_tag-original-driving-license","11":"desktop-align-left","12":"tablet-align-left","13":"mobile-align-left","15":"first","16":"instock","17":"shipping-taxable","18":"purchasable","19":"product-type-simple"},"yoast_head":"<!-- This site is optimized with the Yoast SEO Premium plugin v24.7 (Yoast SEO v27.1.1) - https:\/\/yoast.com\/product\/yoast-seo-premium-wordpress\/ -->\n<title>Buy Hungarian Driver\u2019s License | Order Now<\/title>\n<meta name=\"description\" content=\"Get a valid Hungarian Drivers License online, Have you failed Drivers License Test in Hungary on Several occasions due to stress or lack of concentration..\" \/>\n<meta name=\"robots\" content=\"index, follow, max-snippet:-1, max-image-preview:large, max-video-preview:-1\" \/>\n<link rel=\"canonical\" href=\"https:\/\/fahrerlaubnisnetz.com\/de\/produkt\/ungarischen-fuhrerschein-kaufen\/\" \/>\n<meta property=\"og:locale\" content=\"de_DE\" \/>\n<meta property=\"og:type\" content=\"article\" \/>\n<meta property=\"og:title\" content=\"Buy Hungarian Driver\u2019s License\" \/>\n<meta property=\"og:description\" content=\"Get a valid Hungarian Drivers License online, Have you failed Drivers License Test in Hungary on Several occasions due to stress or lack of concentration..\" \/>\n<meta property=\"og:url\" content=\"https:\/\/fahrerlaubnisnetz.com\/de\/produkt\/ungarischen-fuhrerschein-kaufen\/\" \/>\n<meta property=\"og:site_name\" content=\"Fahrerlaubnis Netz\" \/>\n<meta property=\"article:modified_time\" content=\"2025-11-18T09:37:25+00:00\" \/>\n<meta property=\"og:image\" content=\"https:\/\/fahrerlaubnisnetz.com\/wp-content\/uploads\/2024\/12\/image_2024-12-26_182048380.png\" \/>\n\t<meta property=\"og:image:width\" content=\"800\" \/>\n\t<meta property=\"og:image:height\" content=\"600\" \/>\n\t<meta property=\"og:image:type\" content=\"image\/png\" \/>\n<meta name=\"twitter:card\" content=\"summary_large_image\" \/>\n<meta name=\"twitter:label1\" content=\"Gesch\u00e4tzte Lesezeit\" \/>\n\t<meta name=\"twitter:data1\" content=\"4\u00a0Minuten\" \/>\n<script type=\"application\/ld+json\" class=\"yoast-schema-graph\">{\"@context\":\"https:\/\/schema.org\",\"@graph\":[{\"@type\":\"WebPage\",\"@id\":\"https:\/\/fahrerlaubnisnetz.com\/product\/buy-hungarian-drivers-license\/\",\"url\":\"https:\/\/fahrerlaubnisnetz.com\/product\/buy-hungarian-drivers-license\/\",\"name\":\"Buy Hungarian Driver\u2019s License | Order Now\",\"isPartOf\":{\"@id\":\"https:\/\/fahrerlaubnisnetz.com\/#website\"},\"primaryImageOfPage\":{\"@id\":\"https:\/\/fahrerlaubnisnetz.com\/product\/buy-hungarian-drivers-license\/#primaryimage\"},\"image\":{\"@id\":\"https:\/\/fahrerlaubnisnetz.com\/product\/buy-hungarian-drivers-license\/#primaryimage\"},\"thumbnailUrl\":\"https:\/\/fahrerlaubnisnetz.com\/wp-content\/uploads\/2024\/12\/image_2024-12-26_182048380.png\",\"datePublished\":\"2024-12-26T07:58:20+00:00\",\"dateModified\":\"2025-11-18T09:37:25+00:00\",\"description\":\"Get a valid Hungarian Drivers License online, Have you failed Drivers License Test in Hungary on Several occasions due to stress or lack of concentration..\",\"breadcrumb\":{\"@id\":\"https:\/\/fahrerlaubnisnetz.com\/product\/buy-hungarian-drivers-license\/#breadcrumb\"},\"inLanguage\":\"de\",\"potentialAction\":[{\"@type\":\"ReadAction\",\"target\":[\"https:\/\/fahrerlaubnisnetz.com\/product\/buy-hungarian-drivers-license\/\"]}]},{\"@type\":\"ImageObject\",\"inLanguage\":\"de\",\"@id\":\"https:\/\/fahrerlaubnisnetz.com\/product\/buy-hungarian-drivers-license\/#primaryimage\",\"url\":\"https:\/\/fahrerlaubnisnetz.com\/wp-content\/uploads\/2024\/12\/image_2024-12-26_182048380.png\",\"contentUrl\":\"https:\/\/fahrerlaubnisnetz.com\/wp-content\/uploads\/2024\/12\/image_2024-12-26_182048380.png\",\"width\":800,\"height\":600,\"caption\":\"Hungarian driving license card front side\"},{\"@type\":\"BreadcrumbList\",\"@id\":\"https:\/\/fahrerlaubnisnetz.com\/product\/buy-hungarian-drivers-license\/#breadcrumb\",\"itemListElement\":[{\"@type\":\"ListItem\",\"position\":1,\"name\":\"Home\",\"item\":\"https:\/\/fahrerlaubnisnetz.com\/\"},{\"@type\":\"ListItem\",\"position\":2,\"name\":\"All Services\",\"item\":\"https:\/\/fahrerlaubnisnetz.com\/shop\/\"},{\"@type\":\"ListItem\",\"position\":3,\"name\":\"Buy Hungarian Driver\u2019s License\"}]},{\"@type\":\"WebSite\",\"@id\":\"https:\/\/fahrerlaubnisnetz.com\/#website\",\"url\":\"https:\/\/fahrerlaubnisnetz.com\/\",\"name\":\"FAHRERLAUBNIS NETZ\",\"description\":\"Buy Original Drivers License, Pasport Online\",\"publisher\":{\"@id\":\"https:\/\/fahrerlaubnisnetz.com\/#organization\"},\"alternateName\":\"DRIVER'S LICENSE NETWORK\",\"potentialAction\":[{\"@type\":\"SearchAction\",\"target\":{\"@type\":\"EntryPoint\",\"urlTemplate\":\"https:\/\/fahrerlaubnisnetz.com\/?s={search_term_string}\"},\"query-input\":{\"@type\":\"PropertyValueSpecification\",\"valueRequired\":true,\"valueName\":\"search_term_string\"}}],\"inLanguage\":\"de\"},{\"@type\":\"Organization\",\"@id\":\"https:\/\/fahrerlaubnisnetz.com\/#organization\",\"name\":\"FAHRERLAUBNIS NETZ\",\"alternateName\":\"DRIVER'S LICENSE NETWORK\",\"url\":\"https:\/\/fahrerlaubnisnetz.com\/\",\"logo\":{\"@type\":\"ImageObject\",\"inLanguage\":\"de\",\"@id\":\"https:\/\/fahrerlaubnisnetz.com\/#\/schema\/logo\/image\/\",\"url\":\"https:\/\/fahrerlaubnisnetz.com\/wp-content\/uploads\/2025\/03\/image_2025-03-21_162823337.png\",\"contentUrl\":\"https:\/\/fahrerlaubnisnetz.com\/wp-content\/uploads\/2025\/03\/image_2025-03-21_162823337.png\",\"width\":590,\"height\":288,\"caption\":\"FAHRERLAUBNIS NETZ\"},\"image\":{\"@id\":\"https:\/\/fahrerlaubnisnetz.com\/#\/schema\/logo\/image\/\"}}]}<\/script>\n<!-- \/ Yoast SEO Premium plugin. -->","yoast_head_json":{"title":"Ungarischen F\u00fchrerschein kaufen | Jetzt bestellen","description":"Besorgen Sie sich online einen g\u00fcltigen ungarischen F\u00fchrerschein. Sind Sie aufgrund von Stress oder mangelnder Konzentration mehrmals durch die F\u00fchrerscheinpr\u00fcfung in Ungarn gefallen?","robots":{"index":"index","follow":"follow","max-snippet":"max-snippet:-1","max-image-preview":"max-image-preview:large","max-video-preview":"max-video-preview:-1"},"canonical":"https:\/\/fahrerlaubnisnetz.com\/de\/produkt\/ungarischen-fuhrerschein-kaufen\/","og_locale":"de_DE","og_type":"article","og_title":"Buy Hungarian Driver\u2019s License","og_description":"Get a valid Hungarian Drivers License online, Have you failed Drivers License Test in Hungary on Several occasions due to stress or lack of concentration..","og_url":"https:\/\/fahrerlaubnisnetz.com\/de\/produkt\/ungarischen-fuhrerschein-kaufen\/","og_site_name":"Fahrerlaubnis Netz","article_modified_time":"2025-11-18T09:37:25+00:00","og_image":[{"width":800,"height":600,"url":"https:\/\/fahrerlaubnisnetz.com\/wp-content\/uploads\/2024\/12\/image_2024-12-26_182048380.png","type":"image\/png"}],"twitter_card":"summary_large_image","twitter_misc":{"Gesch\u00e4tzte Lesezeit":"4\u00a0Minuten"},"schema":{"@context":"https:\/\/schema.org","@graph":[{"@type":"WebPage","@id":"https:\/\/fahrerlaubnisnetz.com\/product\/buy-hungarian-drivers-license\/","url":"https:\/\/fahrerlaubnisnetz.com\/product\/buy-hungarian-drivers-license\/","name":"Ungarischen F\u00fchrerschein kaufen | Jetzt bestellen","isPartOf":{"@id":"https:\/\/fahrerlaubnisnetz.com\/#website"},"primaryImageOfPage":{"@id":"https:\/\/fahrerlaubnisnetz.com\/product\/buy-hungarian-drivers-license\/#primaryimage"},"image":{"@id":"https:\/\/fahrerlaubnisnetz.com\/product\/buy-hungarian-drivers-license\/#primaryimage"},"thumbnailUrl":"https:\/\/fahrerlaubnisnetz.com\/wp-content\/uploads\/2024\/12\/image_2024-12-26_182048380.png","datePublished":"2024-12-26T07:58:20+00:00","dateModified":"2025-11-18T09:37:25+00:00","description":"Besorgen Sie sich online einen g\u00fcltigen ungarischen F\u00fchrerschein. Sind Sie aufgrund von Stress oder mangelnder Konzentration mehrmals durch die F\u00fchrerscheinpr\u00fcfung in Ungarn gefallen?","breadcrumb":{"@id":"https:\/\/fahrerlaubnisnetz.com\/product\/buy-hungarian-drivers-license\/#breadcrumb"},"inLanguage":"de","potentialAction":[{"@type":"ReadAction","target":["https:\/\/fahrerlaubnisnetz.com\/product\/buy-hungarian-drivers-license\/"]}]},{"@type":"ImageObject","inLanguage":"de","@id":"https:\/\/fahrerlaubnisnetz.com\/product\/buy-hungarian-drivers-license\/#primaryimage","url":"https:\/\/fahrerlaubnisnetz.com\/wp-content\/uploads\/2024\/12\/image_2024-12-26_182048380.png","contentUrl":"https:\/\/fahrerlaubnisnetz.com\/wp-content\/uploads\/2024\/12\/image_2024-12-26_182048380.png","width":800,"height":600,"caption":"Hungarian driving license card front side"},{"@type":"BreadcrumbList","@id":"https:\/\/fahrerlaubnisnetz.com\/product\/buy-hungarian-drivers-license\/#breadcrumb","itemListElement":[{"@type":"ListItem","position":1,"name":"Home","item":"https:\/\/fahrerlaubnisnetz.com\/"},{"@type":"ListItem","position":2,"name":"All Services","item":"https:\/\/fahrerlaubnisnetz.com\/shop\/"},{"@type":"ListItem","position":3,"name":"Buy Hungarian Driver\u2019s License"}]},{"@type":"WebSite","@id":"https:\/\/fahrerlaubnisnetz.com\/#website","url":"https:\/\/fahrerlaubnisnetz.com\/","name":"FAHRERLAUBNIS NETZ","description":"Kaufen Sie den Original-F\u00fchrerschein oder Reisepass online","publisher":{"@id":"https:\/\/fahrerlaubnisnetz.com\/#organization"},"alternateName":"DRIVER'S LICENSE NETWORK","potentialAction":[{"@type":"SearchAction","target":{"@type":"EntryPoint","urlTemplate":"https:\/\/fahrerlaubnisnetz.com\/?s={search_term_string}"},"query-input":{"@type":"PropertyValueSpecification","valueRequired":true,"valueName":"search_term_string"}}],"inLanguage":"de"},{"@type":"Organization","@id":"https:\/\/fahrerlaubnisnetz.com\/#organization","name":"FAHRERLAUBNIS NETZ","alternateName":"DRIVER'S LICENSE NETWORK","url":"https:\/\/fahrerlaubnisnetz.com\/","logo":{"@type":"ImageObject","inLanguage":"de","@id":"https:\/\/fahrerlaubnisnetz.com\/#\/schema\/logo\/image\/","url":"https:\/\/fahrerlaubnisnetz.com\/wp-content\/uploads\/2025\/03\/image_2025-03-21_162823337.png","contentUrl":"https:\/\/fahrerlaubnisnetz.com\/wp-content\/uploads\/2025\/03\/image_2025-03-21_162823337.png","width":590,"height":288,"caption":"FAHRERLAUBNIS NETZ"},"image":{"@id":"https:\/\/fahrerlaubnisnetz.com\/#\/schema\/logo\/image\/"}}]}},"_links":{"self":[{"href":"https:\/\/fahrerlaubnisnetz.com\/de\/wp-json\/wp\/v2\/product\/368","targetHints":{"allow":["GET"]}}],"collection":[{"href":"https:\/\/fahrerlaubnisnetz.com\/de\/wp-json\/wp\/v2\/product"}],"about":[{"href":"https:\/\/fahrerlaubnisnetz.com\/de\/wp-json\/wp\/v2\/types\/product"}],"replies":[{"embeddable":true,"href":"https:\/\/fahrerlaubnisnetz.com\/de\/wp-json\/wp\/v2\/comments?post=368"}],"wp:featuredmedia":[{"embeddable":true,"href":"https:\/\/fahrerlaubnisnetz.com\/de\/wp-json\/wp\/v2\/media\/1986"}],"wp:attachment":[{"href":"https:\/\/fahrerlaubnisnetz.com\/de\/wp-json\/wp\/v2\/media?parent=368"}],"wp:term":[{"taxonomy":"product_brand","embeddable":true,"href":"https:\/\/fahrerlaubnisnetz.com\/de\/wp-json\/wp\/v2\/product_brand?post=368"},{"taxonomy":"product_cat","embeddable":true,"href":"https:\/\/fahrerlaubnisnetz.com\/de\/wp-json\/wp\/v2\/product_cat?post=368"},{"taxonomy":"product_tag","embeddable":true,"href":"https:\/\/fahrerlaubnisnetz.com\/de\/wp-json\/wp\/v2\/product_tag?post=368"}],"curies":[{"name":"wp","href":"https:\/\/api.w.org\/{rel}","templated":true}]}}