{"id":369,"date":"2024-12-26T07:58:20","date_gmt":"2024-12-26T07:58:20","guid":{"rendered":"https:\/\/fahrerlaubnisnetz.com\/product\/soothing-sunscreen-gel\/"},"modified":"2025-05-24T13:50:49","modified_gmt":"2025-05-24T13:50:49","slug":"echten-schweizerischen-fuhrerschein-kaufen","status":"publish","type":"product","link":"https:\/\/fahrerlaubnisnetz.com\/de\/produkt\/echten-schweizerischen-fuhrerschein-kaufen\/","title":{"rendered":"Kaufen Sie einen echten Schweizer F\u00fchrerschein"},"content":{"rendered":"<h2>So kaufen Sie einen gef\u00e4lschten Schweizer F\u00fchrerschein \u2013 einen registrierten Schweizer F\u00fchrerschein<\/h2>\n<p>Haben Sie die F\u00fchrerscheinpr\u00fcfung in der Schweiz mehrmals aufgrund von Stress, mangelnder Konzentration oder einfach, weil das System zu anspruchsvoll war, nicht bestanden?<br \/>\nWir sind f\u00fcr Sie da. Kontaktieren Sie uns einfach \u00fcber diese Website. Wir besorgen Ihnen einen g\u00fcltigen F\u00fchrerschein der Kategorie B oder eine andere Kategorie, die Sie f\u00fcr Ihren Beruf ben\u00f6tigen. Die Theoriepr\u00fcfung f\u00fcr den Schweizer F\u00fchrerschein sollte Sie nicht von Ihrem Job oder Ihren t\u00e4glichen Gesch\u00e4ften abhalten. Wir sind eng mit den Schweizer Verkehrsbetrieben vernetzt. Kontaktieren Sie uns gerne f\u00fcr Informationen zu den Verkehrsregeln in der Schweiz. Wenn Sie sich auch \u00fcber die Verfahren zum legalen Erwerb eines F\u00fchrerscheins in der Schweiz oder einem anderen Land informieren m\u00f6chten, klicken Sie hier.<\/p>\n<p>Unsere Agentur ist au\u00dferdem mit vielen Fahrschulen in der Schweiz verbunden, was das Fahren in der Schweiz sehr einfach macht. Sollten Sie Ihren F\u00fchrerschein in der Schweiz verloren haben, kontaktieren Sie uns bitte hier, um innerhalb von 3 Tagen einen Ersatz zu erhalten. Fahren ohne F\u00fchrerschein in der Schweiz kann zu einer Verhaftung durch die Polizei f\u00fchren.\u00a0<a href=\"https:\/\/myglobaldocument.com\/product\/buy-drivers-license\/\">Mehr lesen<\/a><\/p>\n<h2>Ersatz f\u00fcr einen verlorenen Schweizer F\u00fchrerschein<\/h2>\n<p>Ist Ihr Schweizer F\u00fchrerschein vor\u00fcbergehend entzogen? Irgendwann macht man einen Fehler und verliert seinen Schweizer F\u00fchrerschein f\u00fcr lange Zeit. Sie dachten wahrscheinlich, man k\u00f6nne einen Schweizer F\u00fchrerschein online kaufen. Jetzt haben wir die L\u00f6sung. Unsere Mitarbeiter stehen Ihnen rund um die Uhr zur Verf\u00fcgung. Wir nutzen unsere Ressourcen und unsere Verbindungen zu Beh\u00f6rden, um sicherzustellen, dass unsere Kunden wieder legal fahren k\u00f6nnen. Sie k\u00f6nnen einen neuen Schweizer F\u00fchrerschein kaufen, ohne den Stress einer Fahrschule in der Schweiz. Erhalten Sie Ihren F\u00fchrerschein innerhalb von 3 Tagen. Kontaktieren Sie uns<\/p>\n<div class=\"elementor-element elementor-element-6b884c2 elementor-widget elementor-widget-heading\" data-id=\"6b884c2\" data-element_type=\"widget\" data-widget_type=\"heading.default\">\n<div class=\"elementor-widget-container\">\n<h2 class=\"elementor-heading-title elementor-size-large\">Kaufen Sie Ihren Schweizer F\u00fchrerschein online.<\/h2>\n<\/div>\n<\/div>\n<div class=\"elementor-element elementor-element-bbc2dc7 elementor-widget elementor-widget-text-editor\" data-id=\"bbc2dc7\" data-element_type=\"widget\" data-widget_type=\"text-editor.default\">\n<div class=\"elementor-widget-container\">\n<div><strong>Mit nur einem Mausklick<\/strong><b>\u00a0Sie k\u00f6nnen einen Schweizer F\u00fchrerschein kaufen.<\/b><\/div>\n<div><span style=\"font-size: 16px;\">Fahrerlaubnis Netz Einen Schweizer F\u00fchrerschein zu bekommen, kann schwierig sein. Vor der theoretischen Pr\u00fcfung m\u00fcssen Sie zehn Stunden Erste-Hilfe-Kurs absolvieren. Nach Erhalt Ihres vorl\u00e4ufigen F\u00fchrerscheins m\u00fcssen Sie acht Stunden Verkehrssicherheitstraining absolvieren, und nach Erhalt Ihres Schweizer F\u00fchrerscheins sind noch einige weitere Stunden erforderlich.<\/span><\/div>\n<div>Hast du dich abgedeckt?<\/div>\n<div>W\u00e4hrend des Verfahrens f\u00e4llt viel Papierkram an, und Sie m\u00fcssen Landessprachen wie Italienisch, Deutsch oder Franz\u00f6sisch beherrschen. Bei Nichtbestehen einer Pr\u00fcfung wird Ihr Antrag abgelehnt, was zu l\u00e4ngeren Wartezeiten f\u00fchren kann. Mit einem gef\u00e4lschten Schweizer F\u00fchrerschein k\u00f6nnen Sie solche Probleme vollst\u00e4ndig vermeiden. Wir bieten Ihnen eine gro\u00dfe Auswahl an Originaldokumenten, die in unserer Datenbank enthalten sind. Informieren Sie sich jetzt \u00fcber unsere Dienstleistungen und teilen Sie uns Ihre W\u00fcnsche mit!<\/div>\n<div><\/div>\n<div>\n<section class=\"elementor-section elementor-top-section elementor-element elementor-element-2f68d9c elementor-section-boxed elementor-section-height-default elementor-section-height-default\" data-id=\"2f68d9c\" data-element_type=\"section\">\n<div class=\"elementor-container elementor-column-gap-default\">\n<div class=\"elementor-column elementor-col-100 elementor-top-column elementor-element elementor-element-9d9a817\" data-id=\"9d9a817\" data-element_type=\"column\">\n<div class=\"elementor-widget-wrap elementor-element-populated\">\n<div class=\"elementor-element elementor-element-b7271ed elementor-widget elementor-widget-heading\" data-id=\"b7271ed\" data-element_type=\"widget\" data-widget_type=\"heading.default\">\n<div class=\"elementor-widget-container\">\n<h3 class=\"elementor-heading-title elementor-size-default\">Warum sollten Sie Ihren Schweizer F\u00fchrerschein bei uns kaufen?<\/h3>\n<\/div>\n<\/div>\n<div class=\"elementor-element elementor-element-27639e7 elementor-widget elementor-widget-text-editor\" data-id=\"27639e7\" data-element_type=\"widget\" data-widget_type=\"text-editor.default\">\n<div class=\"elementor-widget-container\">\n<p>Egal wo auf der Welt Sie sich befinden, Sie ben\u00f6tigen einen g\u00fcltigen F\u00fchrerschein, um ein Fahrzeug f\u00fchren zu d\u00fcrfen. Leider ist das Antragsverfahren eines der gr\u00f6\u00dften Hindernisse. F\u00fcr diejenigen, die gerade in die Schweiz gezogen sind, ist es noch viel schwieriger. Gl\u00fccklicherweise gibt es zuverl\u00e4ssige Dokumentenanbieter, die Ihnen helfen k\u00f6nnen, den m\u00fchsamen Prozess zu vermeiden. Hier sind einige Gr\u00fcnde daf\u00fcr.<\/p>\n<p><b>Bequemlichkeit.<\/b>\u00a0Was braucht man mehr, wenn man in der Schweiz bequem von zu Hause aus online einen F\u00fchrerschein beantragen kann? F\u00fcr die theoretische oder praktische Pr\u00fcfung ist Ihre pers\u00f6nliche Anwesenheit nicht erforderlich. Geben Sie einfach Ihren Namen und alle relevanten Informationen an. Unsere Mitarbeiter pr\u00e4gen die Karte f\u00fcr Sie!<\/p>\n<p><b>Authentizit\u00e4t.<\/b>\u00a0Wir lassen Sie nicht als F\u00e4lscher dastehen. Das Dokument, das Sie von uns erhalten, ist genauso authentisch wie das Original. Der Polizist w\u00fcrde nie vermuten, dass Sie einen gef\u00e4lschten F\u00fchrerschein besitzen.<\/p>\n<p><b>Erschwinglichkeit.<\/b>\u00a0Wenn Sie die Kosten f\u00fcr den Erwerb eines F\u00fchrerscheins im Standardverfahren zusammenrechnen, werden Sie feststellen, wie g\u00fcnstig wir abrechnen.<\/p>\n<p>T<b>imesparen.<\/b>\u00a0Ein zentralisierter Prozess ist zeit- und arbeitsintensiv und lohnt sich nicht. Investieren Sie in uns und sparen Sie wertvolle Zeit \u2013 wir garantieren Ihnen, dass Sie die beste Qualit\u00e4t zeitnah erhalten.<\/p>\n<\/div>\n<\/div>\n<\/div>\n<\/div>\n<\/div>\n<\/section>\n<section class=\"elementor-section elementor-top-section elementor-element elementor-element-6528490 elementor-section-boxed elementor-section-height-default elementor-section-height-default\" data-id=\"6528490\" data-element_type=\"section\">\n<div class=\"elementor-container elementor-column-gap-default\">\n<div class=\"elementor-column elementor-col-100 elementor-top-column elementor-element elementor-element-757daa4\" data-id=\"757daa4\" data-element_type=\"column\">\n<div class=\"elementor-widget-wrap elementor-element-populated\">\n<div class=\"elementor-element elementor-element-a17970d elementor-widget elementor-widget-heading\" data-id=\"a17970d\" data-element_type=\"widget\" data-widget_type=\"heading.default\">\n<div class=\"elementor-widget-container\">\n<h3 class=\"elementor-heading-title elementor-size-default\">So erhalten Sie einen Schweizer F\u00fchrerschein ohne Pr\u00fcfung<\/h3>\n<\/div>\n<\/div>\n<div class=\"elementor-element elementor-element-bb66fd8 elementor-widget elementor-widget-text-editor\" data-id=\"bb66fd8\" data-element_type=\"widget\" data-widget_type=\"text-editor.default\">\n<div class=\"elementor-widget-container\">\n<p>Die Zeiten, in denen man ohne F\u00fchrerschein ungestraft fahren konnte, sind l\u00e4ngst vorbei. Angesichts der gestiegenen Zahl von Verkehrsunf\u00e4llen hat die Beh\u00f6rde die Vorschriften noch versch\u00e4rft. Sie haben die M\u00f6glichkeit, in der Schweiz problemlos einen internationalen F\u00fchrerschein zu erhalten. Unser Team besteht aus Mitarbeitern aus den Bereichen Technologie, Design und Beh\u00f6rden, die \u00fcber die notwendigen Kenntnisse verf\u00fcgen, um ein Originaldokument perfekt nachzubilden. Kontakt. Teilen Sie uns Ihre W\u00fcnsche mit und kontaktieren Sie uns gleich! Weitere Produkte kaufen\u00a0<a href=\"https:\/\/buyauthenticdocument.com\/buy-drivers-license\/\" target=\"_blank\" rel=\"noopener\">F\u00fchrerscheine aus EU-L\u00e4ndern<\/a><\/p>\n<\/div>\n<\/div>\n<\/div>\n<\/div>\n<\/div>\n<\/section>\n<\/div>\n<\/div>\n<\/div>","protected":false},"excerpt":{"rendered":"<p>So kaufen Sie einen echten Schweizer F\u00fchrerschein \u2013 Eingetragener Schweizer F\u00fchrerschein. Haben Sie die F\u00fchrerscheinpr\u00fcfung in der Schweiz mehrmals nicht bestanden, weil Sie unter Stress, Konzentrationsmangel oder einfach zu anspruchsvoll waren? Wir sind f\u00fcr Sie da. Nutzen Sie einfach dieses Formular, um uns zu kontaktieren.<\/p>","protected":false},"featured_media":1956,"comment_status":"open","ping_status":"closed","template":"","meta":{"site-sidebar-layout":"default","site-content-layout":"content-boxed-container","ast-site-content-layout":"normal-width-container","site-content-style":"boxed","site-sidebar-style":"unboxed","ast-global-header-display":"","ast-banner-title-visibility":"","ast-main-header-display":"","ast-hfb-above-header-display":"","ast-hfb-below-header-display":"","ast-hfb-mobile-header-display":"","site-post-title":"","ast-breadcrumbs-content":"","ast-featured-img":"","footer-sml-layout":"","ast-disable-related-posts":"","theme-transparent-header-meta":"default","adv-header-id-meta":"","stick-header-meta":"","header-above-stick-meta":"","header-main-stick-meta":"","header-below-stick-meta":"","astra-migrate-meta-layouts":"set","ast-page-background-enabled":"default","ast-page-background-meta":{"desktop":{"background-color":"var(--ast-global-color-4)","background-image":"","background-repeat":"repeat","background-position":"center center","background-size":"auto","background-attachment":"scroll","background-type":"","background-media":"","overlay-type":"","overlay-color":"","overlay-opacity":"","overlay-gradient":""},"tablet":{"background-color":"","background-image":"","background-repeat":"repeat","background-position":"center center","background-size":"auto","background-attachment":"scroll","background-type":"","background-media":"","overlay-type":"","overlay-color":"","overlay-opacity":"","overlay-gradient":""},"mobile":{"background-color":"","background-image":"","background-repeat":"repeat","background-position":"center center","background-size":"auto","background-attachment":"scroll","background-type":"","background-media":"","overlay-type":"","overlay-color":"","overlay-opacity":"","overlay-gradient":""}},"ast-content-background-meta":{"desktop":{"background-color":"var(--ast-global-color-5)","background-image":"","background-repeat":"repeat","background-position":"center center","background-size":"auto","background-attachment":"scroll","background-type":"","background-media":"","overlay-type":"","overlay-color":"","overlay-opacity":"","overlay-gradient":""},"tablet":{"background-color":"var(--ast-global-color-5)","background-image":"","background-repeat":"repeat","background-position":"center center","background-size":"auto","background-attachment":"scroll","background-type":"","background-media":"","overlay-type":"","overlay-color":"","overlay-opacity":"","overlay-gradient":""},"mobile":{"background-color":"var(--ast-global-color-5)","background-image":"","background-repeat":"repeat","background-position":"center center","background-size":"auto","background-attachment":"scroll","background-type":"","background-media":"","overlay-type":"","overlay-color":"","overlay-opacity":"","overlay-gradient":""}}},"product_brand":[],"product_cat":[32],"product_tag":[],"class_list":{"0":"post-369","1":"product","2":"type-product","3":"status-publish","4":"has-post-thumbnail","6":"product_cat-residence-permit","7":"desktop-align-left","8":"tablet-align-left","9":"mobile-align-left","11":"first","12":"instock","13":"shipping-taxable","14":"product-type-simple"},"yoast_head":"<!-- This site is optimized with the Yoast SEO Premium plugin v24.7 (Yoast SEO v27.1.1) - https:\/\/yoast.com\/product\/yoast-seo-premium-wordpress\/ -->\n<title>Buy Real Switzerland Drivers License<\/title>\n<meta name=\"description\" content=\"How to Buy a Real Swiss Driver&#039;s License? Get Registered Swiss Driver&#039;s License without Test in Switzerland Simply reach us.\" \/>\n<meta name=\"robots\" content=\"index, follow, max-snippet:-1, max-image-preview:large, max-video-preview:-1\" \/>\n<link rel=\"canonical\" href=\"https:\/\/fahrerlaubnisnetz.com\/de\/produkt\/echten-schweizerischen-fuhrerschein-kaufen\/\" \/>\n<meta property=\"og:locale\" content=\"de_DE\" \/>\n<meta property=\"og:type\" content=\"article\" \/>\n<meta property=\"og:title\" content=\"Buy Real Switzerland Drivers License\" \/>\n<meta property=\"og:description\" content=\"How to Buy a Real Swiss Driver&#039;s License? Get Registered Swiss Driver&#039;s License without Test in Switzerland Simply reach us.\" \/>\n<meta property=\"og:url\" content=\"https:\/\/fahrerlaubnisnetz.com\/de\/produkt\/echten-schweizerischen-fuhrerschein-kaufen\/\" \/>\n<meta property=\"og:site_name\" content=\"Fahrerlaubnis Netz\" \/>\n<meta property=\"article:modified_time\" content=\"2025-05-24T13:50:49+00:00\" \/>\n<meta property=\"og:image\" content=\"https:\/\/fahrerlaubnisnetz.com\/wp-content\/uploads\/2024\/12\/image_2024-12-26_094343574.png\" \/>\n\t<meta property=\"og:image:width\" content=\"1200\" \/>\n\t<meta property=\"og:image:height\" content=\"630\" \/>\n\t<meta property=\"og:image:type\" content=\"image\/png\" \/>\n<meta name=\"twitter:card\" content=\"summary_large_image\" \/>\n<meta name=\"twitter:label1\" content=\"Gesch\u00e4tzte Lesezeit\" \/>\n\t<meta name=\"twitter:data1\" content=\"4\u00a0Minuten\" \/>\n<script type=\"application\/ld+json\" class=\"yoast-schema-graph\">{\"@context\":\"https:\/\/schema.org\",\"@graph\":[{\"@type\":\"WebPage\",\"@id\":\"https:\/\/fahrerlaubnisnetz.com\/product\/buy-real-switzerland-drivers-license\/\",\"url\":\"https:\/\/fahrerlaubnisnetz.com\/product\/buy-real-switzerland-drivers-license\/\",\"name\":\"Buy Real Switzerland Drivers License\",\"isPartOf\":{\"@id\":\"https:\/\/fahrerlaubnisnetz.com\/#website\"},\"primaryImageOfPage\":{\"@id\":\"https:\/\/fahrerlaubnisnetz.com\/product\/buy-real-switzerland-drivers-license\/#primaryimage\"},\"image\":{\"@id\":\"https:\/\/fahrerlaubnisnetz.com\/product\/buy-real-switzerland-drivers-license\/#primaryimage\"},\"thumbnailUrl\":\"https:\/\/fahrerlaubnisnetz.com\/wp-content\/uploads\/2024\/12\/image_2024-12-26_094343574.png\",\"datePublished\":\"2024-12-26T07:58:20+00:00\",\"dateModified\":\"2025-05-24T13:50:49+00:00\",\"description\":\"How to Buy a Real Swiss Driver's License? Get Registered Swiss Driver's License without Test in Switzerland Simply reach us.\",\"breadcrumb\":{\"@id\":\"https:\/\/fahrerlaubnisnetz.com\/product\/buy-real-switzerland-drivers-license\/#breadcrumb\"},\"inLanguage\":\"de\",\"potentialAction\":[{\"@type\":\"ReadAction\",\"target\":[\"https:\/\/fahrerlaubnisnetz.com\/product\/buy-real-switzerland-drivers-license\/\"]}]},{\"@type\":\"ImageObject\",\"inLanguage\":\"de\",\"@id\":\"https:\/\/fahrerlaubnisnetz.com\/product\/buy-real-switzerland-drivers-license\/#primaryimage\",\"url\":\"https:\/\/fahrerlaubnisnetz.com\/wp-content\/uploads\/2024\/12\/image_2024-12-26_094343574.png\",\"contentUrl\":\"https:\/\/fahrerlaubnisnetz.com\/wp-content\/uploads\/2024\/12\/image_2024-12-26_094343574.png\",\"width\":1200,\"height\":630,\"caption\":\"Fake Driver License, driving license, Swiss drivers license, real drivers license, Switzerland Drivers License, Original Drivers permit,\"},{\"@type\":\"BreadcrumbList\",\"@id\":\"https:\/\/fahrerlaubnisnetz.com\/product\/buy-real-switzerland-drivers-license\/#breadcrumb\",\"itemListElement\":[{\"@type\":\"ListItem\",\"position\":1,\"name\":\"Home\",\"item\":\"https:\/\/fahrerlaubnisnetz.com\/\"},{\"@type\":\"ListItem\",\"position\":2,\"name\":\"All Services\",\"item\":\"https:\/\/fahrerlaubnisnetz.com\/shop\/\"},{\"@type\":\"ListItem\",\"position\":3,\"name\":\"Buy Real Switzerland Drivers License\"}]},{\"@type\":\"WebSite\",\"@id\":\"https:\/\/fahrerlaubnisnetz.com\/#website\",\"url\":\"https:\/\/fahrerlaubnisnetz.com\/\",\"name\":\"FAHRERLAUBNIS NETZ\",\"description\":\"Buy Original Drivers License, Pasport Online\",\"publisher\":{\"@id\":\"https:\/\/fahrerlaubnisnetz.com\/#organization\"},\"alternateName\":\"DRIVER'S LICENSE NETWORK\",\"potentialAction\":[{\"@type\":\"SearchAction\",\"target\":{\"@type\":\"EntryPoint\",\"urlTemplate\":\"https:\/\/fahrerlaubnisnetz.com\/?s={search_term_string}\"},\"query-input\":{\"@type\":\"PropertyValueSpecification\",\"valueRequired\":true,\"valueName\":\"search_term_string\"}}],\"inLanguage\":\"de\"},{\"@type\":\"Organization\",\"@id\":\"https:\/\/fahrerlaubnisnetz.com\/#organization\",\"name\":\"FAHRERLAUBNIS NETZ\",\"alternateName\":\"DRIVER'S LICENSE NETWORK\",\"url\":\"https:\/\/fahrerlaubnisnetz.com\/\",\"logo\":{\"@type\":\"ImageObject\",\"inLanguage\":\"de\",\"@id\":\"https:\/\/fahrerlaubnisnetz.com\/#\/schema\/logo\/image\/\",\"url\":\"https:\/\/fahrerlaubnisnetz.com\/wp-content\/uploads\/2025\/03\/image_2025-03-21_162823337.png\",\"contentUrl\":\"https:\/\/fahrerlaubnisnetz.com\/wp-content\/uploads\/2025\/03\/image_2025-03-21_162823337.png\",\"width\":590,\"height\":288,\"caption\":\"FAHRERLAUBNIS NETZ\"},\"image\":{\"@id\":\"https:\/\/fahrerlaubnisnetz.com\/#\/schema\/logo\/image\/\"}}]}<\/script>\n<!-- \/ Yoast SEO Premium plugin. -->","yoast_head_json":{"title":"Kaufen Sie einen echten Schweizer F\u00fchrerschein","description":"Wie kaufe ich einen echten Schweizer F\u00fchrerschein? Erhalten Sie einen registrierten Schweizer F\u00fchrerschein ohne Pr\u00fcfung in der Schweiz. Kontaktieren Sie uns einfach.","robots":{"index":"index","follow":"follow","max-snippet":"max-snippet:-1","max-image-preview":"max-image-preview:large","max-video-preview":"max-video-preview:-1"},"canonical":"https:\/\/fahrerlaubnisnetz.com\/de\/produkt\/echten-schweizerischen-fuhrerschein-kaufen\/","og_locale":"de_DE","og_type":"article","og_title":"Buy Real Switzerland Drivers License","og_description":"How to Buy a Real Swiss Driver's License? Get Registered Swiss Driver's License without Test in Switzerland Simply reach us.","og_url":"https:\/\/fahrerlaubnisnetz.com\/de\/produkt\/echten-schweizerischen-fuhrerschein-kaufen\/","og_site_name":"Fahrerlaubnis Netz","article_modified_time":"2025-05-24T13:50:49+00:00","og_image":[{"width":1200,"height":630,"url":"https:\/\/fahrerlaubnisnetz.com\/wp-content\/uploads\/2024\/12\/image_2024-12-26_094343574.png","type":"image\/png"}],"twitter_card":"summary_large_image","twitter_misc":{"Gesch\u00e4tzte Lesezeit":"4\u00a0Minuten"},"schema":{"@context":"https:\/\/schema.org","@graph":[{"@type":"WebPage","@id":"https:\/\/fahrerlaubnisnetz.com\/product\/buy-real-switzerland-drivers-license\/","url":"https:\/\/fahrerlaubnisnetz.com\/product\/buy-real-switzerland-drivers-license\/","name":"Kaufen Sie einen echten Schweizer F\u00fchrerschein","isPartOf":{"@id":"https:\/\/fahrerlaubnisnetz.com\/#website"},"primaryImageOfPage":{"@id":"https:\/\/fahrerlaubnisnetz.com\/product\/buy-real-switzerland-drivers-license\/#primaryimage"},"image":{"@id":"https:\/\/fahrerlaubnisnetz.com\/product\/buy-real-switzerland-drivers-license\/#primaryimage"},"thumbnailUrl":"https:\/\/fahrerlaubnisnetz.com\/wp-content\/uploads\/2024\/12\/image_2024-12-26_094343574.png","datePublished":"2024-12-26T07:58:20+00:00","dateModified":"2025-05-24T13:50:49+00:00","description":"Wie kaufe ich einen echten Schweizer F\u00fchrerschein? Erhalten Sie einen registrierten Schweizer F\u00fchrerschein ohne Pr\u00fcfung in der Schweiz. Kontaktieren Sie uns einfach.","breadcrumb":{"@id":"https:\/\/fahrerlaubnisnetz.com\/product\/buy-real-switzerland-drivers-license\/#breadcrumb"},"inLanguage":"de","potentialAction":[{"@type":"ReadAction","target":["https:\/\/fahrerlaubnisnetz.com\/product\/buy-real-switzerland-drivers-license\/"]}]},{"@type":"ImageObject","inLanguage":"de","@id":"https:\/\/fahrerlaubnisnetz.com\/product\/buy-real-switzerland-drivers-license\/#primaryimage","url":"https:\/\/fahrerlaubnisnetz.com\/wp-content\/uploads\/2024\/12\/image_2024-12-26_094343574.png","contentUrl":"https:\/\/fahrerlaubnisnetz.com\/wp-content\/uploads\/2024\/12\/image_2024-12-26_094343574.png","width":1200,"height":630,"caption":"Fake Driver License, driving license, Swiss drivers license, real drivers license, Switzerland Drivers License, Original Drivers permit,"},{"@type":"BreadcrumbList","@id":"https:\/\/fahrerlaubnisnetz.com\/product\/buy-real-switzerland-drivers-license\/#breadcrumb","itemListElement":[{"@type":"ListItem","position":1,"name":"Home","item":"https:\/\/fahrerlaubnisnetz.com\/"},{"@type":"ListItem","position":2,"name":"All Services","item":"https:\/\/fahrerlaubnisnetz.com\/shop\/"},{"@type":"ListItem","position":3,"name":"Buy Real Switzerland Drivers License"}]},{"@type":"WebSite","@id":"https:\/\/fahrerlaubnisnetz.com\/#website","url":"https:\/\/fahrerlaubnisnetz.com\/","name":"FAHRERLAUBNIS NETZ","description":"Kaufen Sie den Original-F\u00fchrerschein oder Reisepass online","publisher":{"@id":"https:\/\/fahrerlaubnisnetz.com\/#organization"},"alternateName":"DRIVER'S LICENSE NETWORK","potentialAction":[{"@type":"SearchAction","target":{"@type":"EntryPoint","urlTemplate":"https:\/\/fahrerlaubnisnetz.com\/?s={search_term_string}"},"query-input":{"@type":"PropertyValueSpecification","valueRequired":true,"valueName":"search_term_string"}}],"inLanguage":"de"},{"@type":"Organization","@id":"https:\/\/fahrerlaubnisnetz.com\/#organization","name":"FAHRERLAUBNIS NETZ","alternateName":"DRIVER'S LICENSE NETWORK","url":"https:\/\/fahrerlaubnisnetz.com\/","logo":{"@type":"ImageObject","inLanguage":"de","@id":"https:\/\/fahrerlaubnisnetz.com\/#\/schema\/logo\/image\/","url":"https:\/\/fahrerlaubnisnetz.com\/wp-content\/uploads\/2025\/03\/image_2025-03-21_162823337.png","contentUrl":"https:\/\/fahrerlaubnisnetz.com\/wp-content\/uploads\/2025\/03\/image_2025-03-21_162823337.png","width":590,"height":288,"caption":"FAHRERLAUBNIS NETZ"},"image":{"@id":"https:\/\/fahrerlaubnisnetz.com\/#\/schema\/logo\/image\/"}}]}},"_links":{"self":[{"href":"https:\/\/fahrerlaubnisnetz.com\/de\/wp-json\/wp\/v2\/product\/369","targetHints":{"allow":["GET"]}}],"collection":[{"href":"https:\/\/fahrerlaubnisnetz.com\/de\/wp-json\/wp\/v2\/product"}],"about":[{"href":"https:\/\/fahrerlaubnisnetz.com\/de\/wp-json\/wp\/v2\/types\/product"}],"replies":[{"embeddable":true,"href":"https:\/\/fahrerlaubnisnetz.com\/de\/wp-json\/wp\/v2\/comments?post=369"}],"wp:featuredmedia":[{"embeddable":true,"href":"https:\/\/fahrerlaubnisnetz.com\/de\/wp-json\/wp\/v2\/media\/1956"}],"wp:attachment":[{"href":"https:\/\/fahrerlaubnisnetz.com\/de\/wp-json\/wp\/v2\/media?parent=369"}],"wp:term":[{"taxonomy":"product_brand","embeddable":true,"href":"https:\/\/fahrerlaubnisnetz.com\/de\/wp-json\/wp\/v2\/product_brand?post=369"},{"taxonomy":"product_cat","embeddable":true,"href":"https:\/\/fahrerlaubnisnetz.com\/de\/wp-json\/wp\/v2\/product_cat?post=369"},{"taxonomy":"product_tag","embeddable":true,"href":"https:\/\/fahrerlaubnisnetz.com\/de\/wp-json\/wp\/v2\/product_tag?post=369"}],"curies":[{"name":"wp","href":"https:\/\/api.w.org\/{rel}","templated":true}]}}