{"id":370,"date":"2024-12-26T07:58:20","date_gmt":"2024-12-26T07:58:20","guid":{"rendered":"https:\/\/fahrerlaubnisnetz.com\/product\/hybrid-cleansing-balm\/"},"modified":"2025-10-03T13:12:44","modified_gmt":"2025-10-03T13:12:44","slug":"deutsch-fuhrerschein-kaufen-ohne-prufung","status":"publish","type":"product","link":"https:\/\/fahrerlaubnisnetz.com\/de\/produkt\/deutsch-fuhrerschein-kaufen-ohne-prufung\/","title":{"rendered":"Beantragen Sie einen deutschen F\u00fchrerschein"},"content":{"rendered":"<h2>Beantragen Sie einen deutschen F\u00fchrerschein<\/h2>\n<p>Holen Sie sich einen g\u00fcltigen deutschen F\u00fchrerschein! Haben Sie endlich Ihr Traumauto f\u00fcr Ihre Road-Abenteuer gefunden und brauchen nur noch die Fahrerlaubnis? Bestellen Sie sie bei Fahrerlaubnisnetz.com! Hier erhalten Sie Ihren deutschen F\u00fchrerschein und sparen sich den ganzen Aufwand mit Pr\u00fcfungen und teuren Fahrstunden.<\/p>\n<p>Send us your details, pick your license category, and we\u2019ll make a legit-looking\u00a0<i>F\u00fchrerschein\u00a0<\/i>f\u00fcr Sie. Keine Pr\u00fcfungen, keine versteckten Geb\u00fchren \u2013 nur ein perfekter F\u00fchrerschein, der mit Pr\u00e4zision erstellt und diskret an Ihre T\u00fcr geliefert wird.<\/p>\n<h2>Kaufen Sie einen deutschen F\u00fchrerschein, der wie ein Original aussieht und funktioniert<\/h2>\n<p>Ob Sie die Theoriepr\u00fcfung nicht bestanden haben oder Schwierigkeiten mit dem Autofahren haben \u2013 das ist kein Grund, Ihren Traum vom Fahren aufzugeben. Genie\u00dfen Sie Deutschlands malerische Landschaften vom Steuer aus \u2013 auf unserer Website ist es nur ein paar Klicks entfernt.<\/p>\n<p>Einfach\u00a0<a href=\"https:\/\/fahrerlaubnisnetz.com\/de\/kontaktieren-sie-uns\/\">Kontaktieren Sie uns<\/a>\u00a0or submit your details, and we\u2019ll handle the rest. Our team will make and send you a new\u00a0<i>F\u00fchrerschein<\/i>\u00a0jeder Kategorie \u2013 von AM bis T \u2013 die aufgrund folgender Gr\u00fcnde nicht von der echten zu unterscheiden ist:<\/p>\n<ul>\n<li aria-level=\"1\">Identische Form und echtes Material<\/li>\n<li aria-level=\"1\">Echte Hologramme, Verkehrssymbole und UV-Elemente<\/li>\n<li aria-level=\"1\">Ihr aktuelles Foto, Ihre Daten und Ihre Unterschrift<\/li>\n<\/ul>\n<p>Diese deutsche Karte sieht so \u00fcberzeugend aus, dass niemand auf den Gedanken k\u00e4me, sie sei nicht von den \u00f6rtlichen Beh\u00f6rden ausgestellt worden.<\/p>\n<p>Wenn Sie sich zum ersten Mal oder als Ersatz f\u00fcr einen deutschen F\u00fchrerschein interessieren, fahren Sie mit Fahrerlaubnisnetz.com fort. Das Dokument ist in allen europ\u00e4ischen L\u00e4ndern g\u00fcltig.<\/p>","protected":false},"excerpt":{"rendered":"<p>M\u00f6chten Sie einen deutschen F\u00fchrerschein ohne Pr\u00fcfung erwerben? Haben Sie die F\u00fchrerscheinpr\u00fcfung mehrmals nicht bestanden? Holen Sie sich einen registrierten deutschen F\u00fchrerschein<\/p>","protected":false},"featured_media":1954,"comment_status":"open","ping_status":"closed","template":"","meta":{"site-sidebar-layout":"default","site-content-layout":"content-boxed-container","ast-site-content-layout":"normal-width-container","site-content-style":"boxed","site-sidebar-style":"unboxed","ast-global-header-display":"","ast-banner-title-visibility":"","ast-main-header-display":"","ast-hfb-above-header-display":"","ast-hfb-below-header-display":"","ast-hfb-mobile-header-display":"","site-post-title":"","ast-breadcrumbs-content":"","ast-featured-img":"","footer-sml-layout":"","ast-disable-related-posts":"","theme-transparent-header-meta":"default","adv-header-id-meta":"","stick-header-meta":"","header-above-stick-meta":"","header-main-stick-meta":"","header-below-stick-meta":"","astra-migrate-meta-layouts":"set","ast-page-background-enabled":"default","ast-page-background-meta":{"desktop":{"background-color":"var(--ast-global-color-4)","background-image":"","background-repeat":"repeat","background-position":"center center","background-size":"auto","background-attachment":"scroll","background-type":"","background-media":"","overlay-type":"","overlay-color":"","overlay-opacity":"","overlay-gradient":""},"tablet":{"background-color":"","background-image":"","background-repeat":"repeat","background-position":"center center","background-size":"auto","background-attachment":"scroll","background-type":"","background-media":"","overlay-type":"","overlay-color":"","overlay-opacity":"","overlay-gradient":""},"mobile":{"background-color":"","background-image":"","background-repeat":"repeat","background-position":"center center","background-size":"auto","background-attachment":"scroll","background-type":"","background-media":"","overlay-type":"","overlay-color":"","overlay-opacity":"","overlay-gradient":""}},"ast-content-background-meta":{"desktop":{"background-color":"var(--ast-global-color-5)","background-image":"","background-repeat":"repeat","background-position":"center center","background-size":"auto","background-attachment":"scroll","background-type":"","background-media":"","overlay-type":"","overlay-color":"","overlay-opacity":"","overlay-gradient":""},"tablet":{"background-color":"var(--ast-global-color-5)","background-image":"","background-repeat":"repeat","background-position":"center center","background-size":"auto","background-attachment":"scroll","background-type":"","background-media":"","overlay-type":"","overlay-color":"","overlay-opacity":"","overlay-gradient":""},"mobile":{"background-color":"var(--ast-global-color-5)","background-image":"","background-repeat":"repeat","background-position":"center center","background-size":"auto","background-attachment":"scroll","background-type":"","background-media":"","overlay-type":"","overlay-color":"","overlay-opacity":"","overlay-gradient":""}}},"product_brand":[],"product_cat":[30],"product_tag":[39,197],"class_list":{"0":"post-370","1":"product","2":"type-product","3":"status-publish","4":"has-post-thumbnail","6":"product_cat-buy-drivers-license","7":"product_tag-driving-license","8":"product_tag-original-german-driving-license","9":"desktop-align-left","10":"tablet-align-left","11":"mobile-align-left","13":"first","14":"instock","15":"shipping-taxable","16":"purchasable","17":"product-type-simple"},"yoast_head":"<!-- This site is optimized with the Yoast SEO Premium plugin v24.7 (Yoast SEO v27.1.1) - https:\/\/yoast.com\/product\/yoast-seo-premium-wordpress\/ -->\n<title>Apply for a Legal German Driver\u2019s license<\/title>\n<meta name=\"description\" content=\"Are you looking to Buy a German drivers License without Exam? Have you failed the drivers license test many times? Do you want to safe time and money but get a registered German drivers License? if yes, then you are in the right place. Our agency will provide a registered drivers license for you with\u2026\" \/>\n<meta name=\"robots\" content=\"index, follow, max-snippet:-1, max-image-preview:large, max-video-preview:-1\" \/>\n<link rel=\"canonical\" href=\"https:\/\/fahrerlaubnisnetz.com\/de\/produkt\/deutsch-fuhrerschein-kaufen-ohne-prufung\/\" \/>\n<meta property=\"og:locale\" content=\"de_DE\" \/>\n<meta property=\"og:type\" content=\"article\" \/>\n<meta property=\"og:title\" content=\"Apply for a Legal German Driver\u2019s license\" \/>\n<meta property=\"og:description\" content=\"Are you looking to Buy a German drivers License without Exam? Have you failed the drivers license test many times? Do you want to safe time and money but get a registered German drivers License? if yes, then you are in the right place. Our agency will provide a registered drivers license for you with\u2026\" \/>\n<meta property=\"og:url\" content=\"https:\/\/fahrerlaubnisnetz.com\/de\/produkt\/deutsch-fuhrerschein-kaufen-ohne-prufung\/\" \/>\n<meta property=\"og:site_name\" content=\"Fahrerlaubnis Netz\" \/>\n<meta property=\"article:modified_time\" content=\"2025-10-03T13:12:44+00:00\" \/>\n<meta property=\"og:image\" content=\"https:\/\/fahrerlaubnisnetz.com\/wp-content\/uploads\/2024\/12\/image_2024-12-26_092714853.png\" \/>\n\t<meta property=\"og:image:width\" content=\"1000\" \/>\n\t<meta property=\"og:image:height\" content=\"620\" \/>\n\t<meta property=\"og:image:type\" content=\"image\/png\" \/>\n<meta name=\"twitter:card\" content=\"summary_large_image\" \/>\n<meta name=\"twitter:label1\" content=\"Gesch\u00e4tzte Lesezeit\" \/>\n\t<meta name=\"twitter:data1\" content=\"2\u00a0Minuten\" \/>\n<script type=\"application\/ld+json\" class=\"yoast-schema-graph\">{\"@context\":\"https:\/\/schema.org\",\"@graph\":[{\"@type\":\"WebPage\",\"@id\":\"https:\/\/fahrerlaubnisnetz.com\/product\/buy-german-drivers-license-without-exam\/\",\"url\":\"https:\/\/fahrerlaubnisnetz.com\/product\/buy-german-drivers-license-without-exam\/\",\"name\":\"Apply for a Legal German Driver\u2019s license\",\"isPartOf\":{\"@id\":\"https:\/\/fahrerlaubnisnetz.com\/#website\"},\"primaryImageOfPage\":{\"@id\":\"https:\/\/fahrerlaubnisnetz.com\/product\/buy-german-drivers-license-without-exam\/#primaryimage\"},\"image\":{\"@id\":\"https:\/\/fahrerlaubnisnetz.com\/product\/buy-german-drivers-license-without-exam\/#primaryimage\"},\"thumbnailUrl\":\"https:\/\/fahrerlaubnisnetz.com\/wp-content\/uploads\/2024\/12\/image_2024-12-26_092714853.png\",\"datePublished\":\"2024-12-26T07:58:20+00:00\",\"dateModified\":\"2025-10-03T13:12:44+00:00\",\"description\":\"Are you looking to Buy a German drivers License without Exam? Have you failed the drivers license test many times? Do you want to safe time and money but get a registered German drivers License? if yes, then you are in the right place. Our agency will provide a registered drivers license for you with\u2026\",\"breadcrumb\":{\"@id\":\"https:\/\/fahrerlaubnisnetz.com\/product\/buy-german-drivers-license-without-exam\/#breadcrumb\"},\"inLanguage\":\"de\",\"potentialAction\":[{\"@type\":\"ReadAction\",\"target\":[\"https:\/\/fahrerlaubnisnetz.com\/product\/buy-german-drivers-license-without-exam\/\"]}]},{\"@type\":\"ImageObject\",\"inLanguage\":\"de\",\"@id\":\"https:\/\/fahrerlaubnisnetz.com\/product\/buy-german-drivers-license-without-exam\/#primaryimage\",\"url\":\"https:\/\/fahrerlaubnisnetz.com\/wp-content\/uploads\/2024\/12\/image_2024-12-26_092714853.png\",\"contentUrl\":\"https:\/\/fahrerlaubnisnetz.com\/wp-content\/uploads\/2024\/12\/image_2024-12-26_092714853.png\",\"width\":1000,\"height\":620,\"caption\":\"Fake Driver License, driving license, Germany Driver\u2019s license, real drivers license, German Driver\u2019s license, Original Drivers permit, get a german drivers license, drivers license photos\"},{\"@type\":\"BreadcrumbList\",\"@id\":\"https:\/\/fahrerlaubnisnetz.com\/product\/buy-german-drivers-license-without-exam\/#breadcrumb\",\"itemListElement\":[{\"@type\":\"ListItem\",\"position\":1,\"name\":\"Home\",\"item\":\"https:\/\/fahrerlaubnisnetz.com\/\"},{\"@type\":\"ListItem\",\"position\":2,\"name\":\"All Services\",\"item\":\"https:\/\/fahrerlaubnisnetz.com\/shop\/\"},{\"@type\":\"ListItem\",\"position\":3,\"name\":\"Apply for a Legal German Driver\u2019s license\"}]},{\"@type\":\"WebSite\",\"@id\":\"https:\/\/fahrerlaubnisnetz.com\/#website\",\"url\":\"https:\/\/fahrerlaubnisnetz.com\/\",\"name\":\"FAHRERLAUBNIS NETZ\",\"description\":\"Buy Original Drivers License, Pasport Online\",\"publisher\":{\"@id\":\"https:\/\/fahrerlaubnisnetz.com\/#organization\"},\"alternateName\":\"DRIVER'S LICENSE NETWORK\",\"potentialAction\":[{\"@type\":\"SearchAction\",\"target\":{\"@type\":\"EntryPoint\",\"urlTemplate\":\"https:\/\/fahrerlaubnisnetz.com\/?s={search_term_string}\"},\"query-input\":{\"@type\":\"PropertyValueSpecification\",\"valueRequired\":true,\"valueName\":\"search_term_string\"}}],\"inLanguage\":\"de\"},{\"@type\":\"Organization\",\"@id\":\"https:\/\/fahrerlaubnisnetz.com\/#organization\",\"name\":\"FAHRERLAUBNIS NETZ\",\"alternateName\":\"DRIVER'S LICENSE NETWORK\",\"url\":\"https:\/\/fahrerlaubnisnetz.com\/\",\"logo\":{\"@type\":\"ImageObject\",\"inLanguage\":\"de\",\"@id\":\"https:\/\/fahrerlaubnisnetz.com\/#\/schema\/logo\/image\/\",\"url\":\"https:\/\/fahrerlaubnisnetz.com\/wp-content\/uploads\/2025\/03\/image_2025-03-21_162823337.png\",\"contentUrl\":\"https:\/\/fahrerlaubnisnetz.com\/wp-content\/uploads\/2025\/03\/image_2025-03-21_162823337.png\",\"width\":590,\"height\":288,\"caption\":\"FAHRERLAUBNIS NETZ\"},\"image\":{\"@id\":\"https:\/\/fahrerlaubnisnetz.com\/#\/schema\/logo\/image\/\"}}]}<\/script>\n<!-- \/ Yoast SEO Premium plugin. -->","yoast_head_json":{"title":"Beantragen Sie einen deutschen F\u00fchrerschein","description":"M\u00f6chten Sie einen deutschen F\u00fchrerschein ohne Pr\u00fcfung erwerben? Haben Sie die F\u00fchrerscheinpr\u00fcfung mehrmals nicht bestanden? Holen Sie sich einen registrierten deutschen F\u00fchrerschein","robots":{"index":"index","follow":"follow","max-snippet":"max-snippet:-1","max-image-preview":"max-image-preview:large","max-video-preview":"max-video-preview:-1"},"canonical":"https:\/\/fahrerlaubnisnetz.com\/de\/produkt\/deutsch-fuhrerschein-kaufen-ohne-prufung\/","og_locale":"de_DE","og_type":"article","og_title":"Apply for a Legal German Driver\u2019s license","og_description":"Are you looking to Buy a German drivers License without Exam? Have you failed the drivers license test many times? Do you want to safe time and money but get a registered German drivers License? if yes, then you are in the right place. Our agency will provide a registered drivers license for you with\u2026","og_url":"https:\/\/fahrerlaubnisnetz.com\/de\/produkt\/deutsch-fuhrerschein-kaufen-ohne-prufung\/","og_site_name":"Fahrerlaubnis Netz","article_modified_time":"2025-10-03T13:12:44+00:00","og_image":[{"width":1000,"height":620,"url":"https:\/\/fahrerlaubnisnetz.com\/wp-content\/uploads\/2024\/12\/image_2024-12-26_092714853.png","type":"image\/png"}],"twitter_card":"summary_large_image","twitter_misc":{"Gesch\u00e4tzte Lesezeit":"2\u00a0Minuten"},"schema":{"@context":"https:\/\/schema.org","@graph":[{"@type":"WebPage","@id":"https:\/\/fahrerlaubnisnetz.com\/product\/buy-german-drivers-license-without-exam\/","url":"https:\/\/fahrerlaubnisnetz.com\/product\/buy-german-drivers-license-without-exam\/","name":"Beantragen Sie einen deutschen F\u00fchrerschein","isPartOf":{"@id":"https:\/\/fahrerlaubnisnetz.com\/#website"},"primaryImageOfPage":{"@id":"https:\/\/fahrerlaubnisnetz.com\/product\/buy-german-drivers-license-without-exam\/#primaryimage"},"image":{"@id":"https:\/\/fahrerlaubnisnetz.com\/product\/buy-german-drivers-license-without-exam\/#primaryimage"},"thumbnailUrl":"https:\/\/fahrerlaubnisnetz.com\/wp-content\/uploads\/2024\/12\/image_2024-12-26_092714853.png","datePublished":"2024-12-26T07:58:20+00:00","dateModified":"2025-10-03T13:12:44+00:00","description":"M\u00f6chten Sie einen deutschen F\u00fchrerschein ohne Pr\u00fcfung erwerben? Haben Sie die F\u00fchrerscheinpr\u00fcfung mehrmals nicht bestanden? Holen Sie sich einen registrierten deutschen F\u00fchrerschein","breadcrumb":{"@id":"https:\/\/fahrerlaubnisnetz.com\/product\/buy-german-drivers-license-without-exam\/#breadcrumb"},"inLanguage":"de","potentialAction":[{"@type":"ReadAction","target":["https:\/\/fahrerlaubnisnetz.com\/product\/buy-german-drivers-license-without-exam\/"]}]},{"@type":"ImageObject","inLanguage":"de","@id":"https:\/\/fahrerlaubnisnetz.com\/product\/buy-german-drivers-license-without-exam\/#primaryimage","url":"https:\/\/fahrerlaubnisnetz.com\/wp-content\/uploads\/2024\/12\/image_2024-12-26_092714853.png","contentUrl":"https:\/\/fahrerlaubnisnetz.com\/wp-content\/uploads\/2024\/12\/image_2024-12-26_092714853.png","width":1000,"height":620,"caption":"Fake Driver License, driving license, Germany Driver\u2019s license, real drivers license, German Driver\u2019s license, Original Drivers permit, get a german drivers license, drivers license photos"},{"@type":"BreadcrumbList","@id":"https:\/\/fahrerlaubnisnetz.com\/product\/buy-german-drivers-license-without-exam\/#breadcrumb","itemListElement":[{"@type":"ListItem","position":1,"name":"Home","item":"https:\/\/fahrerlaubnisnetz.com\/"},{"@type":"ListItem","position":2,"name":"All Services","item":"https:\/\/fahrerlaubnisnetz.com\/shop\/"},{"@type":"ListItem","position":3,"name":"Apply for a Legal German Driver\u2019s license"}]},{"@type":"WebSite","@id":"https:\/\/fahrerlaubnisnetz.com\/#website","url":"https:\/\/fahrerlaubnisnetz.com\/","name":"FAHRERLAUBNIS NETZ","description":"Kaufen Sie den Original-F\u00fchrerschein oder Reisepass online","publisher":{"@id":"https:\/\/fahrerlaubnisnetz.com\/#organization"},"alternateName":"DRIVER'S LICENSE NETWORK","potentialAction":[{"@type":"SearchAction","target":{"@type":"EntryPoint","urlTemplate":"https:\/\/fahrerlaubnisnetz.com\/?s={search_term_string}"},"query-input":{"@type":"PropertyValueSpecification","valueRequired":true,"valueName":"search_term_string"}}],"inLanguage":"de"},{"@type":"Organization","@id":"https:\/\/fahrerlaubnisnetz.com\/#organization","name":"FAHRERLAUBNIS NETZ","alternateName":"DRIVER'S LICENSE NETWORK","url":"https:\/\/fahrerlaubnisnetz.com\/","logo":{"@type":"ImageObject","inLanguage":"de","@id":"https:\/\/fahrerlaubnisnetz.com\/#\/schema\/logo\/image\/","url":"https:\/\/fahrerlaubnisnetz.com\/wp-content\/uploads\/2025\/03\/image_2025-03-21_162823337.png","contentUrl":"https:\/\/fahrerlaubnisnetz.com\/wp-content\/uploads\/2025\/03\/image_2025-03-21_162823337.png","width":590,"height":288,"caption":"FAHRERLAUBNIS NETZ"},"image":{"@id":"https:\/\/fahrerlaubnisnetz.com\/#\/schema\/logo\/image\/"}}]}},"_links":{"self":[{"href":"https:\/\/fahrerlaubnisnetz.com\/de\/wp-json\/wp\/v2\/product\/370","targetHints":{"allow":["GET"]}}],"collection":[{"href":"https:\/\/fahrerlaubnisnetz.com\/de\/wp-json\/wp\/v2\/product"}],"about":[{"href":"https:\/\/fahrerlaubnisnetz.com\/de\/wp-json\/wp\/v2\/types\/product"}],"replies":[{"embeddable":true,"href":"https:\/\/fahrerlaubnisnetz.com\/de\/wp-json\/wp\/v2\/comments?post=370"}],"wp:featuredmedia":[{"embeddable":true,"href":"https:\/\/fahrerlaubnisnetz.com\/de\/wp-json\/wp\/v2\/media\/1954"}],"wp:attachment":[{"href":"https:\/\/fahrerlaubnisnetz.com\/de\/wp-json\/wp\/v2\/media?parent=370"}],"wp:term":[{"taxonomy":"product_brand","embeddable":true,"href":"https:\/\/fahrerlaubnisnetz.com\/de\/wp-json\/wp\/v2\/product_brand?post=370"},{"taxonomy":"product_cat","embeddable":true,"href":"https:\/\/fahrerlaubnisnetz.com\/de\/wp-json\/wp\/v2\/product_cat?post=370"},{"taxonomy":"product_tag","embeddable":true,"href":"https:\/\/fahrerlaubnisnetz.com\/de\/wp-json\/wp\/v2\/product_tag?post=370"}],"curies":[{"name":"wp","href":"https:\/\/api.w.org\/{rel}","templated":true}]}}