{"id":2324,"date":"2025-03-21T12:13:31","date_gmt":"2025-03-21T12:13:31","guid":{"rendered":"https:\/\/fahrerlaubnisnetz.com\/?page_id=2324"},"modified":"2025-03-21T12:15:50","modified_gmt":"2025-03-21T12:15:50","slug":"informacion-de-entrega","status":"publish","type":"page","link":"https:\/\/fahrerlaubnisnetz.com\/es\/informacion-de-entrega\/","title":{"rendered":"Informaci\u00f3n de entrega"},"content":{"rendered":"<h2 class=\"wp-block-heading\">Informaci\u00f3n de entrega<\/h2>\n\n\n\n<figure class=\"wp-block-image\"><img decoding=\"async\" src=\"https:\/\/buylegitdocs.com\/wp-content\/uploads\/2024\/05\/deliveryinformationnew.png\" alt=\"delivery information\" class=\"wp-image-25347\" title=\"Informaci\u00f3n de entrega\"\/><\/figure>\n\n\n\n<p><\/p>\n\n\n\n<h3 class=\"wp-block-heading\">Informaci\u00f3n de env\u00edo:<\/h3>\n\n\n\n<p>Informaci\u00f3n de entrega: Nos esforzamos por entregar los productos adquiridos en Fahrerlaubnis netz en excelentes condiciones. <a href=\"https:\/\/fahrerlaubnisnetz.com\/es\/product-category\/permiso-de-residencia\/\" title=\"\">Red de carn\u00e9s de conducir<\/a>El env\u00edo ser\u00e1 completamente GRATIS. Adem\u00e1s, para todas las compras posteriores de USD 500 o m\u00e1s,...\u00a0<a href=\"https:\/\/fahrerlaubnisnetz.com\/es\/product-category\/permiso-de-residencia\/\" target=\"_blank\" rel=\"noopener\" title=\"\">entregar el pedido<\/a>\u00a0A domicilio sin costo. Se aplicar\u00e1 un cargo por env\u00edo a todos los pedidos inferiores a USD 500.<\/p>\n\n\n\n<ul class=\"wp-block-list\">\n<li>Si el pedido se cancela, se pierde o no se entrega en su ubicaci\u00f3n preferida, le reembolsaremos el monto total del pedido, incluidos los gastos de env\u00edo.<\/li>\n\n\n\n<li>Si devuelve un pedido que le hemos entregado, no se le reembolsar\u00e1n los gastos de env\u00edo.<\/li>\n<\/ul>\n\n\n\n<p>*El valor del pedido se calcula despu\u00e9s de aplicar los descuentos. &nbsp;<\/p>\n\n\n\n<h3 class=\"wp-block-heading\">Sobre los plazos de entrega y entrega garantizada:<\/h3>\n\n\n\n<p>La entrega urgente a trav\u00e9s de&nbsp;<a href=\"https:\/\/www.dhl.com\/us-en\/home.html\" target=\"_blank\" rel=\"noreferrer noopener\">DHL<\/a>\/FedEx\/UPS tardar\u00e1 entre 3 y 7 d\u00edas seg\u00fan su regi\u00f3n.<\/p>\n\n\n\n<p>Tambi\u00e9n ofrecemos entrega garantizada en ciertas fechas de entrega r\u00e1pidas y en productos seleccionados. Cuando la entrega garantizada est\u00e9 disponible en un pedido, se indicar\u00e1 claramente en la p\u00e1gina de pago con la fecha de entrega correspondiente (si corresponde).<\/p>\n\n\n\n<p>Si proporcionamos una fecha de entrega garantizada y no se realiza un intento de entrega para esta fecha, le ofreceremos un buen descuento (hasta el 50%) para su pr\u00f3ximo pedido (comun\u00edquese con nuestro operador).<\/p>","protected":false},"excerpt":{"rendered":"<p>Delivery Information Shipping information: Delivery Information. We strive to deliver products purchased from Fahrerlaubnis netz, in excellent condition and in the fastest time possible. If this is your first order with Fahrerlaubnis Netz, shipping will be completely FREE. Also, for all the subsequent purchases of USD 500 or more, we will\u00a0deliver the order\u00a0to your doorstep [&hellip;]<\/p>\n","protected":false},"author":1,"featured_media":0,"parent":0,"menu_order":0,"comment_status":"closed","ping_status":"closed","template":"","meta":{"site-sidebar-layout":"default","site-content-layout":"","ast-site-content-layout":"default","site-content-style":"default","site-sidebar-style":"default","ast-global-header-display":"","ast-banner-title-visibility":"","ast-main-header-display":"","ast-hfb-above-header-display":"","ast-hfb-below-header-display":"","ast-hfb-mobile-header-display":"","site-post-title":"disabled","ast-breadcrumbs-content":"","ast-featured-img":"","footer-sml-layout":"","ast-disable-related-posts":"","theme-transparent-header-meta":"","adv-header-id-meta":"","stick-header-meta":"","header-above-stick-meta":"","header-main-stick-meta":"","header-below-stick-meta":"","astra-migrate-meta-layouts":"set","ast-page-background-enabled":"default","ast-page-background-meta":{"desktop":{"background-color":"var(--ast-global-color-4)","background-image":"","background-repeat":"repeat","background-position":"center center","background-size":"auto","background-attachment":"scroll","background-type":"","background-media":"","overlay-type":"","overlay-color":"","overlay-opacity":"","overlay-gradient":""},"tablet":{"background-color":"","background-image":"","background-repeat":"repeat","background-position":"center center","background-size":"auto","background-attachment":"scroll","background-type":"","background-media":"","overlay-type":"","overlay-color":"","overlay-opacity":"","overlay-gradient":""},"mobile":{"background-color":"","background-image":"","background-repeat":"repeat","background-position":"center center","background-size":"auto","background-attachment":"scroll","background-type":"","background-media":"","overlay-type":"","overlay-color":"","overlay-opacity":"","overlay-gradient":""}},"ast-content-background-meta":{"desktop":{"background-color":"var(--ast-global-color-5)","background-image":"","background-repeat":"repeat","background-position":"center center","background-size":"auto","background-attachment":"scroll","background-type":"","background-media":"","overlay-type":"","overlay-color":"","overlay-opacity":"","overlay-gradient":""},"tablet":{"background-color":"var(--ast-global-color-5)","background-image":"","background-repeat":"repeat","background-position":"center center","background-size":"auto","background-attachment":"scroll","background-type":"","background-media":"","overlay-type":"","overlay-color":"","overlay-opacity":"","overlay-gradient":""},"mobile":{"background-color":"var(--ast-global-color-5)","background-image":"","background-repeat":"repeat","background-position":"center center","background-size":"auto","background-attachment":"scroll","background-type":"","background-media":"","overlay-type":"","overlay-color":"","overlay-opacity":"","overlay-gradient":""}},"footnotes":""},"class_list":["post-2324","page","type-page","status-publish","hentry"],"yoast_head":"<!-- This site is optimized with the Yoast SEO Premium plugin v24.7 (Yoast SEO v27.1.1) - https:\/\/yoast.com\/product\/yoast-seo-premium-wordpress\/ -->\n<title>Delivery Information | Fahrerlaubnis Netz<\/title>\n<meta name=\"description\" content=\"Delivery Information Shipping information: Delivery Information. We strive to deliver products purchased from Fahrerlaubnis netz, in excellent condition\" \/>\n<meta name=\"robots\" content=\"index, follow, max-snippet:-1, max-image-preview:large, max-video-preview:-1\" \/>\n<link rel=\"canonical\" href=\"https:\/\/fahrerlaubnisnetz.com\/es\/informacion-de-entrega\/\" \/>\n<meta property=\"og:locale\" content=\"es_ES\" \/>\n<meta property=\"og:type\" content=\"article\" \/>\n<meta property=\"og:title\" content=\"Delivery Information\" \/>\n<meta property=\"og:description\" content=\"Delivery Information Shipping information: Delivery Information. We strive to deliver products purchased from Fahrerlaubnis netz, in excellent condition\" \/>\n<meta property=\"og:url\" content=\"https:\/\/fahrerlaubnisnetz.com\/es\/informacion-de-entrega\/\" \/>\n<meta property=\"og:site_name\" content=\"Fahrerlaubnis Netz\" \/>\n<meta property=\"article:modified_time\" content=\"2025-03-21T12:15:50+00:00\" \/>\n<meta property=\"og:image\" content=\"https:\/\/fahrerlaubnisnetz.com\/wp-content\/uploads\/2025\/04\/image_2025-04-08_074319487.png\" \/>\n\t<meta property=\"og:image:width\" content=\"621\" \/>\n\t<meta property=\"og:image:height\" content=\"500\" \/>\n\t<meta property=\"og:image:type\" content=\"image\/png\" \/>\n<meta name=\"twitter:card\" content=\"summary_large_image\" \/>\n<meta name=\"twitter:label1\" content=\"Tiempo de lectura\" \/>\n\t<meta name=\"twitter:data1\" content=\"1 minuto\" \/>\n<script type=\"application\/ld+json\" class=\"yoast-schema-graph\">{\"@context\":\"https:\/\/schema.org\",\"@graph\":[{\"@type\":\"WebPage\",\"@id\":\"https:\/\/fahrerlaubnisnetz.com\/delivery-information\/\",\"url\":\"https:\/\/fahrerlaubnisnetz.com\/delivery-information\/\",\"name\":\"Delivery Information | Fahrerlaubnis Netz\",\"isPartOf\":{\"@id\":\"https:\/\/fahrerlaubnisnetz.com\/#website\"},\"primaryImageOfPage\":{\"@id\":\"https:\/\/fahrerlaubnisnetz.com\/delivery-information\/#primaryimage\"},\"image\":{\"@id\":\"https:\/\/fahrerlaubnisnetz.com\/delivery-information\/#primaryimage\"},\"thumbnailUrl\":\"https:\/\/buylegitdocs.com\/wp-content\/uploads\/2024\/05\/deliveryinformationnew.png\",\"datePublished\":\"2025-03-21T12:13:31+00:00\",\"dateModified\":\"2025-03-21T12:15:50+00:00\",\"description\":\"Delivery Information Shipping information: Delivery Information. We strive to deliver products purchased from Fahrerlaubnis netz, in excellent condition\",\"breadcrumb\":{\"@id\":\"https:\/\/fahrerlaubnisnetz.com\/delivery-information\/#breadcrumb\"},\"inLanguage\":\"es\",\"potentialAction\":[{\"@type\":\"ReadAction\",\"target\":[\"https:\/\/fahrerlaubnisnetz.com\/delivery-information\/\"]}]},{\"@type\":\"ImageObject\",\"inLanguage\":\"es\",\"@id\":\"https:\/\/fahrerlaubnisnetz.com\/delivery-information\/#primaryimage\",\"url\":\"https:\/\/buylegitdocs.com\/wp-content\/uploads\/2024\/05\/deliveryinformationnew.png\",\"contentUrl\":\"https:\/\/buylegitdocs.com\/wp-content\/uploads\/2024\/05\/deliveryinformationnew.png\"},{\"@type\":\"BreadcrumbList\",\"@id\":\"https:\/\/fahrerlaubnisnetz.com\/delivery-information\/#breadcrumb\",\"itemListElement\":[{\"@type\":\"ListItem\",\"position\":1,\"name\":\"Home\",\"item\":\"https:\/\/fahrerlaubnisnetz.com\/\"},{\"@type\":\"ListItem\",\"position\":2,\"name\":\"Delivery Information\"}]},{\"@type\":\"WebSite\",\"@id\":\"https:\/\/fahrerlaubnisnetz.com\/#website\",\"url\":\"https:\/\/fahrerlaubnisnetz.com\/\",\"name\":\"FAHRERLAUBNIS NETZ\",\"description\":\"Buy Original Drivers License, Pasport Online\",\"publisher\":{\"@id\":\"https:\/\/fahrerlaubnisnetz.com\/#organization\"},\"alternateName\":\"DRIVER'S LICENSE NETWORK\",\"potentialAction\":[{\"@type\":\"SearchAction\",\"target\":{\"@type\":\"EntryPoint\",\"urlTemplate\":\"https:\/\/fahrerlaubnisnetz.com\/?s={search_term_string}\"},\"query-input\":{\"@type\":\"PropertyValueSpecification\",\"valueRequired\":true,\"valueName\":\"search_term_string\"}}],\"inLanguage\":\"es\"},{\"@type\":\"Organization\",\"@id\":\"https:\/\/fahrerlaubnisnetz.com\/#organization\",\"name\":\"FAHRERLAUBNIS NETZ\",\"alternateName\":\"DRIVER'S LICENSE NETWORK\",\"url\":\"https:\/\/fahrerlaubnisnetz.com\/\",\"logo\":{\"@type\":\"ImageObject\",\"inLanguage\":\"es\",\"@id\":\"https:\/\/fahrerlaubnisnetz.com\/#\/schema\/logo\/image\/\",\"url\":\"https:\/\/fahrerlaubnisnetz.com\/wp-content\/uploads\/2025\/03\/image_2025-03-21_162823337.png\",\"contentUrl\":\"https:\/\/fahrerlaubnisnetz.com\/wp-content\/uploads\/2025\/03\/image_2025-03-21_162823337.png\",\"width\":590,\"height\":288,\"caption\":\"FAHRERLAUBNIS NETZ\"},\"image\":{\"@id\":\"https:\/\/fahrerlaubnisnetz.com\/#\/schema\/logo\/image\/\"}}]}<\/script>\n<!-- \/ Yoast SEO Premium plugin. -->","yoast_head_json":{"title":"Informaci\u00f3n de entrega | Fahrerlaubnis Netz","description":"Informaci\u00f3n de entrega: Nos esforzamos por entregar los productos adquiridos en Fahrerlaubnis netz en excelentes condiciones.","robots":{"index":"index","follow":"follow","max-snippet":"max-snippet:-1","max-image-preview":"max-image-preview:large","max-video-preview":"max-video-preview:-1"},"canonical":"https:\/\/fahrerlaubnisnetz.com\/es\/informacion-de-entrega\/","og_locale":"es_ES","og_type":"article","og_title":"Delivery Information","og_description":"Delivery Information Shipping information: Delivery Information. We strive to deliver products purchased from Fahrerlaubnis netz, in excellent condition","og_url":"https:\/\/fahrerlaubnisnetz.com\/es\/informacion-de-entrega\/","og_site_name":"Fahrerlaubnis Netz","article_modified_time":"2025-03-21T12:15:50+00:00","og_image":[{"width":621,"height":500,"url":"https:\/\/fahrerlaubnisnetz.com\/wp-content\/uploads\/2025\/04\/image_2025-04-08_074319487.png","type":"image\/png"}],"twitter_card":"summary_large_image","twitter_misc":{"Tiempo de lectura":"1 minuto"},"schema":{"@context":"https:\/\/schema.org","@graph":[{"@type":"WebPage","@id":"https:\/\/fahrerlaubnisnetz.com\/delivery-information\/","url":"https:\/\/fahrerlaubnisnetz.com\/delivery-information\/","name":"Informaci\u00f3n de entrega | Fahrerlaubnis Netz","isPartOf":{"@id":"https:\/\/fahrerlaubnisnetz.com\/#website"},"primaryImageOfPage":{"@id":"https:\/\/fahrerlaubnisnetz.com\/delivery-information\/#primaryimage"},"image":{"@id":"https:\/\/fahrerlaubnisnetz.com\/delivery-information\/#primaryimage"},"thumbnailUrl":"https:\/\/buylegitdocs.com\/wp-content\/uploads\/2024\/05\/deliveryinformationnew.png","datePublished":"2025-03-21T12:13:31+00:00","dateModified":"2025-03-21T12:15:50+00:00","description":"Informaci\u00f3n de entrega: Nos esforzamos por entregar los productos adquiridos en Fahrerlaubnis netz en excelentes condiciones.","breadcrumb":{"@id":"https:\/\/fahrerlaubnisnetz.com\/delivery-information\/#breadcrumb"},"inLanguage":"es","potentialAction":[{"@type":"ReadAction","target":["https:\/\/fahrerlaubnisnetz.com\/delivery-information\/"]}]},{"@type":"ImageObject","inLanguage":"es","@id":"https:\/\/fahrerlaubnisnetz.com\/delivery-information\/#primaryimage","url":"https:\/\/buylegitdocs.com\/wp-content\/uploads\/2024\/05\/deliveryinformationnew.png","contentUrl":"https:\/\/buylegitdocs.com\/wp-content\/uploads\/2024\/05\/deliveryinformationnew.png"},{"@type":"BreadcrumbList","@id":"https:\/\/fahrerlaubnisnetz.com\/delivery-information\/#breadcrumb","itemListElement":[{"@type":"ListItem","position":1,"name":"Home","item":"https:\/\/fahrerlaubnisnetz.com\/"},{"@type":"ListItem","position":2,"name":"Delivery Information"}]},{"@type":"WebSite","@id":"https:\/\/fahrerlaubnisnetz.com\/#website","url":"https:\/\/fahrerlaubnisnetz.com\/","name":"FAHRERLAUBNIS NETZ","description":"Compre su licencia de conducir y pasaporte originales en l\u00ednea","publisher":{"@id":"https:\/\/fahrerlaubnisnetz.com\/#organization"},"alternateName":"DRIVER'S LICENSE NETWORK","potentialAction":[{"@type":"SearchAction","target":{"@type":"EntryPoint","urlTemplate":"https:\/\/fahrerlaubnisnetz.com\/?s={search_term_string}"},"query-input":{"@type":"PropertyValueSpecification","valueRequired":true,"valueName":"search_term_string"}}],"inLanguage":"es"},{"@type":"Organization","@id":"https:\/\/fahrerlaubnisnetz.com\/#organization","name":"FAHRERLAUBNIS NETZ","alternateName":"DRIVER'S LICENSE NETWORK","url":"https:\/\/fahrerlaubnisnetz.com\/","logo":{"@type":"ImageObject","inLanguage":"es","@id":"https:\/\/fahrerlaubnisnetz.com\/#\/schema\/logo\/image\/","url":"https:\/\/fahrerlaubnisnetz.com\/wp-content\/uploads\/2025\/03\/image_2025-03-21_162823337.png","contentUrl":"https:\/\/fahrerlaubnisnetz.com\/wp-content\/uploads\/2025\/03\/image_2025-03-21_162823337.png","width":590,"height":288,"caption":"FAHRERLAUBNIS NETZ"},"image":{"@id":"https:\/\/fahrerlaubnisnetz.com\/#\/schema\/logo\/image\/"}}]}},"_links":{"self":[{"href":"https:\/\/fahrerlaubnisnetz.com\/es\/wp-json\/wp\/v2\/pages\/2324","targetHints":{"allow":["GET"]}}],"collection":[{"href":"https:\/\/fahrerlaubnisnetz.com\/es\/wp-json\/wp\/v2\/pages"}],"about":[{"href":"https:\/\/fahrerlaubnisnetz.com\/es\/wp-json\/wp\/v2\/types\/page"}],"author":[{"embeddable":true,"href":"https:\/\/fahrerlaubnisnetz.com\/es\/wp-json\/wp\/v2\/users\/1"}],"replies":[{"embeddable":true,"href":"https:\/\/fahrerlaubnisnetz.com\/es\/wp-json\/wp\/v2\/comments?post=2324"}],"version-history":[{"count":3,"href":"https:\/\/fahrerlaubnisnetz.com\/es\/wp-json\/wp\/v2\/pages\/2324\/revisions"}],"predecessor-version":[{"id":2328,"href":"https:\/\/fahrerlaubnisnetz.com\/es\/wp-json\/wp\/v2\/pages\/2324\/revisions\/2328"}],"wp:attachment":[{"href":"https:\/\/fahrerlaubnisnetz.com\/es\/wp-json\/wp\/v2\/media?parent=2324"}],"curies":[{"name":"wp","href":"https:\/\/api.w.org\/{rel}","templated":true}]}}