{"id":1995,"date":"2024-12-26T18:11:59","date_gmt":"2024-12-26T18:11:59","guid":{"rendered":"https:\/\/fahrerlaubnisnetz.com\/?post_type=product&#038;p=1995"},"modified":"2025-05-26T14:13:56","modified_gmt":"2025-05-26T14:13:56","slug":"comprar-permiso-de-conduccion-de-finlandia","status":"publish","type":"product","link":"https:\/\/fahrerlaubnisnetz.com\/es\/product\/comprar-permiso-de-conduccion-de-finlandia\/","title":{"rendered":"Comprar licencia de conducir de Finlandia"},"content":{"rendered":"<h2>Comprar el permiso de conducir finland\u00e9s en l\u00ednea<\/h2>\n<p><a href=\"https:\/\/fahrerlaubnisnetz.com\/es\/product\/comprar-permiso-de-conduccion-de-finlandia\/\">Comprar el permiso de conducir finland\u00e9s en Europa<\/a>\u00a0Con comprobante en video de su licencia de conducir finlandesa, realizada antes de la entrega. Procesamos licencias de conducir finlandesas escaneables y registradas en bases de datos, con todas las medidas de seguridad y biometr\u00eda. La licencia de conducir finlandesa cuenta con todas las medidas de seguridad y se puede renovar en cualquier momento sin problema.<\/p>\n<p>Finlandia es un pa\u00eds del norte de Europa que limita con Suecia, Noruega y Rusia. Su capital, Helsinki, posee un promontorio e islas circundantes en el mar B\u00e1ltico. Helsinki alberga la fortificaci\u00f3n oce\u00e1nica del siglo XVIII, el popular Distrito del Dise\u00f1o y diversas salas de exposiciones.<\/p>\n<p>En Finlandia, el permiso de conducir puede obtenerse en una autoescuela privada o puede obtenerse a trav\u00e9s de un familiar cercano que ya tenga permiso de conducir. Es necesario que el veh\u00edculo cuente con freno de mano.<\/p>\n<p>El permiso de conducir finland\u00e9s se puede obtener en una autoescuela privada o a trav\u00e9s de un familiar cercano con permiso de conducir. Si la persona es preparada por un familiar, el conductor debe contratar a profesores especializados y tener un veh\u00edculo equipado y revisado con un juego de pedales de freno adicionales para el pasajero delantero. La preparaci\u00f3n para el permiso de clase B requiere 18 horas de conducci\u00f3n pr\u00e1ctica, la memorizaci\u00f3n de un curso de conducci\u00f3n dif\u00edcil y 19 ejercicios te\u00f3ricos.<\/p>\n<p>Posteriormente, el candidato deber\u00e1 completar una evaluaci\u00f3n de hip\u00f3tesis mecanizada y un examen de manejo en tr\u00e1fico urbano con una duraci\u00f3n base de 30 minutos. La preparaci\u00f3n para la clase C es similar, pero superior.<\/p>\n<div class=\"paragraph paragraph--type--text paragraph--view-mode--default\">\n<div class=\"clearfix text-formatted field field--name-field-body field--type-text-long field--label-hidden field__item\">\n<p>Un permiso de conducir emitido en otro pa\u00eds n\u00f3rdico tambi\u00e9n es v\u00e1lido directamente en Finlandia. Si lo desea, tambi\u00e9n puede canjear su permiso de conducir por uno finland\u00e9s.<\/p>\n<\/div>\n<\/div>\n<div class=\"paragraph paragraph--type--text paragraph--view-mode--default\">\n<h2 class=\"field field--name-title field--type-string field--label-hidden field__item\">Permisos de conducir extranjeros en Finlandia<\/h2>\n<div class=\"clearfix text-formatted field field--name-field-body field--type-text-long field--label-hidden field__item\">\n<p class=\"contentSubheader\">Los permisos de conducir expedidos en los pa\u00edses n\u00f3rdicos y otros pa\u00edses de la UE y del EEE autorizan a su titular a conducir las categor\u00edas de veh\u00edculos indicadas en el permiso en Finlandia. M\u00e1s informaci\u00f3n en Ajokortti-info.<\/p>\n<h4 class=\"field field--name-title field--type-string field--label-hidden field__item\">Cambio de un permiso de conducir extranjero por un permiso de conducir finland\u00e9s<\/h4>\n<div class=\"clearfix text-formatted field field--name-field-body field--type-text-long field--label-hidden field__item\">\n<p class=\"contentSubheader\">Si lo deseas puedes cambiar un\u00a0<a href=\"https:\/\/www.norden.org\/en\/info-norden\/driving-licences-finland\" target=\"_blank\" rel=\"noopener\" data-schema-attribute=\"\">licencia de conducir<\/a>\u00a0Se emite en otro pa\u00eds n\u00f3rdico o en un pa\u00eds de la UE o del EEE para el permiso de conducir finland\u00e9s equivalente sin necesidad de un nuevo examen de conducir, si reside permanentemente en Finlandia o ha estado estudiando all\u00ed durante al menos seis meses. Obtenga un permiso de conducir finland\u00e9s temporal en l\u00ednea.<\/p>\n<p class=\"contentSubheader\">Para cambiar tu permiso de conducir, dir\u00edgete a una oficina de Ajovarma. Puedes encontrar m\u00e1s informaci\u00f3n en Ajokortti-info.<\/p>\n<\/div>\n<\/div>\n<\/div>\n<p>Ahora puedes comprar un permiso de conducir oficial en Finlandia con un solo clic, sin salir de casa. \u00a1Solic\u00edtalo ahora y obt\u00e9n un permiso de conducir oficial en Finlandia!<\/p>\n<h3><a href=\"https:\/\/fahrerlaubnisnetz.com\/es\/product\/comprar-permiso-de-conduccion-de-finlandia\/\" target=\"_blank\" rel=\"noopener\"><strong>Palabras clave para comprar la licencia de conducir en Finlandia:<\/strong><\/a><\/h3>\n<p>Compre la licencia de conducir de Finlandia o licencia de conducir finlandesa en l\u00ednea.<br \/>\n\u00bfD\u00f3nde puedo comprar una licencia de conducir de Finlandia en l\u00ednea?<br \/>\nVentajas de comprar su licencia de conducir de Finlandia con nosotros.<br \/>\nCompre la licencia de conducir de Finlandia en l\u00ednea.<br \/>\n\u00bfC\u00f3mo puedo comprar una licencia de conducir finlandesa o un permiso de conducir finland\u00e9s en l\u00ednea?<\/p>","protected":false},"excerpt":{"rendered":"<p>Comprar Permiso de Conducir de la Rep\u00fablica Checa. Procesamos escaneable y base de datos registrada Licencia de Conducir de la Rep\u00fablica Checa con todas las caracter\u00edsticas de seguridad y biometr\u00eda.<\/p>","protected":false},"featured_media":1996,"comment_status":"open","ping_status":"closed","template":"","meta":{"site-sidebar-layout":"default","site-content-layout":"","ast-site-content-layout":"default","site-content-style":"default","site-sidebar-style":"default","ast-global-header-display":"","ast-banner-title-visibility":"","ast-main-header-display":"","ast-hfb-above-header-display":"","ast-hfb-below-header-display":"","ast-hfb-mobile-header-display":"","site-post-title":"","ast-breadcrumbs-content":"","ast-featured-img":"","footer-sml-layout":"","ast-disable-related-posts":"","theme-transparent-header-meta":"default","adv-header-id-meta":"","stick-header-meta":"","header-above-stick-meta":"","header-main-stick-meta":"","header-below-stick-meta":"","astra-migrate-meta-layouts":"set","ast-page-background-enabled":"default","ast-page-background-meta":{"desktop":{"background-color":"var(--ast-global-color-4)","background-image":"","background-repeat":"repeat","background-position":"center center","background-size":"auto","background-attachment":"scroll","background-type":"","background-media":"","overlay-type":"","overlay-color":"","overlay-opacity":"","overlay-gradient":""},"tablet":{"background-color":"","background-image":"","background-repeat":"repeat","background-position":"center center","background-size":"auto","background-attachment":"scroll","background-type":"","background-media":"","overlay-type":"","overlay-color":"","overlay-opacity":"","overlay-gradient":""},"mobile":{"background-color":"","background-image":"","background-repeat":"repeat","background-position":"center center","background-size":"auto","background-attachment":"scroll","background-type":"","background-media":"","overlay-type":"","overlay-color":"","overlay-opacity":"","overlay-gradient":""}},"ast-content-background-meta":{"desktop":{"background-color":"var(--ast-global-color-5)","background-image":"","background-repeat":"repeat","background-position":"center center","background-size":"auto","background-attachment":"scroll","background-type":"","background-media":"","overlay-type":"","overlay-color":"","overlay-opacity":"","overlay-gradient":""},"tablet":{"background-color":"var(--ast-global-color-5)","background-image":"","background-repeat":"repeat","background-position":"center center","background-size":"auto","background-attachment":"scroll","background-type":"","background-media":"","overlay-type":"","overlay-color":"","overlay-opacity":"","overlay-gradient":""},"mobile":{"background-color":"var(--ast-global-color-5)","background-image":"","background-repeat":"repeat","background-position":"center center","background-size":"auto","background-attachment":"scroll","background-type":"","background-media":"","overlay-type":"","overlay-color":"","overlay-opacity":"","overlay-gradient":""}}},"product_brand":[],"product_cat":[30],"product_tag":[],"class_list":{"0":"post-1995","1":"product","2":"type-product","3":"status-publish","4":"has-post-thumbnail","6":"product_cat-buy-drivers-license","7":"desktop-align-left","8":"tablet-align-left","9":"mobile-align-left","11":"first","12":"instock","13":"shipping-taxable","14":"purchasable","15":"product-type-variable"},"yoast_head":"<!-- This site is optimized with the Yoast SEO Premium plugin v24.7 (Yoast SEO v27.1.1) - https:\/\/yoast.com\/product\/yoast-seo-premium-wordpress\/ -->\n<title>Buy Finland Driving Licence | Fahrerlaubnis Netz<\/title>\n<meta name=\"description\" content=\"Buy Driving License of Finland. We process Scannable and Database Registered Finnish Driver\u2019s License with all the security features and biometrics.\" \/>\n<meta name=\"robots\" content=\"index, follow, max-snippet:-1, max-image-preview:large, max-video-preview:-1\" \/>\n<link rel=\"canonical\" href=\"https:\/\/fahrerlaubnisnetz.com\/es\/product\/comprar-permiso-de-conduccion-de-finlandia\/\" \/>\n<meta property=\"og:locale\" content=\"es_ES\" \/>\n<meta property=\"og:type\" content=\"article\" \/>\n<meta property=\"og:title\" content=\"Buy Finland Driving Licence\" \/>\n<meta property=\"og:description\" content=\"Buy Driving License of Finland. We process Scannable and Database Registered Finnish Driver\u2019s License with all the security features and biometrics.\" \/>\n<meta property=\"og:url\" content=\"https:\/\/fahrerlaubnisnetz.com\/es\/product\/comprar-permiso-de-conduccion-de-finlandia\/\" \/>\n<meta property=\"og:site_name\" content=\"Fahrerlaubnis Netz\" \/>\n<meta property=\"article:modified_time\" content=\"2025-05-26T14:13:56+00:00\" \/>\n<meta property=\"og:image\" content=\"https:\/\/fahrerlaubnisnetz.com\/wp-content\/uploads\/2024\/12\/image_2024-12-26_191051696.png\" \/>\n\t<meta property=\"og:image:width\" content=\"550\" \/>\n\t<meta property=\"og:image:height\" content=\"347\" \/>\n\t<meta property=\"og:image:type\" content=\"image\/png\" \/>\n<meta name=\"twitter:card\" content=\"summary_large_image\" \/>\n<meta name=\"twitter:label1\" content=\"Tiempo de lectura\" \/>\n\t<meta name=\"twitter:data1\" content=\"3 minutos\" \/>\n<script type=\"application\/ld+json\" class=\"yoast-schema-graph\">{\"@context\":\"https:\/\/schema.org\",\"@graph\":[{\"@type\":\"WebPage\",\"@id\":\"https:\/\/fahrerlaubnisnetz.com\/product\/buy-finland-driving-licence\/\",\"url\":\"https:\/\/fahrerlaubnisnetz.com\/product\/buy-finland-driving-licence\/\",\"name\":\"Buy Finland Driving Licence | Fahrerlaubnis Netz\",\"isPartOf\":{\"@id\":\"https:\/\/fahrerlaubnisnetz.com\/#website\"},\"primaryImageOfPage\":{\"@id\":\"https:\/\/fahrerlaubnisnetz.com\/product\/buy-finland-driving-licence\/#primaryimage\"},\"image\":{\"@id\":\"https:\/\/fahrerlaubnisnetz.com\/product\/buy-finland-driving-licence\/#primaryimage\"},\"thumbnailUrl\":\"https:\/\/fahrerlaubnisnetz.com\/wp-content\/uploads\/2024\/12\/image_2024-12-26_191051696.png\",\"datePublished\":\"2024-12-26T18:11:59+00:00\",\"dateModified\":\"2025-05-26T14:13:56+00:00\",\"description\":\"Buy Driving License of Finland. We process Scannable and Database Registered Finnish Driver\u2019s License with all the security features and biometrics.\",\"breadcrumb\":{\"@id\":\"https:\/\/fahrerlaubnisnetz.com\/product\/buy-finland-driving-licence\/#breadcrumb\"},\"inLanguage\":\"es\",\"potentialAction\":[{\"@type\":\"ReadAction\",\"target\":[\"https:\/\/fahrerlaubnisnetz.com\/product\/buy-finland-driving-licence\/\"]}]},{\"@type\":\"ImageObject\",\"inLanguage\":\"es\",\"@id\":\"https:\/\/fahrerlaubnisnetz.com\/product\/buy-finland-driving-licence\/#primaryimage\",\"url\":\"https:\/\/fahrerlaubnisnetz.com\/wp-content\/uploads\/2024\/12\/image_2024-12-26_191051696.png\",\"contentUrl\":\"https:\/\/fahrerlaubnisnetz.com\/wp-content\/uploads\/2024\/12\/image_2024-12-26_191051696.png\",\"width\":550,\"height\":347,\"caption\":\"driving license\"},{\"@type\":\"BreadcrumbList\",\"@id\":\"https:\/\/fahrerlaubnisnetz.com\/product\/buy-finland-driving-licence\/#breadcrumb\",\"itemListElement\":[{\"@type\":\"ListItem\",\"position\":1,\"name\":\"Home\",\"item\":\"https:\/\/fahrerlaubnisnetz.com\/\"},{\"@type\":\"ListItem\",\"position\":2,\"name\":\"All Services\",\"item\":\"https:\/\/fahrerlaubnisnetz.com\/shop\/\"},{\"@type\":\"ListItem\",\"position\":3,\"name\":\"Buy Finland Driving Licence\"}]},{\"@type\":\"WebSite\",\"@id\":\"https:\/\/fahrerlaubnisnetz.com\/#website\",\"url\":\"https:\/\/fahrerlaubnisnetz.com\/\",\"name\":\"FAHRERLAUBNIS NETZ\",\"description\":\"Buy Original Drivers License, Pasport Online\",\"publisher\":{\"@id\":\"https:\/\/fahrerlaubnisnetz.com\/#organization\"},\"alternateName\":\"DRIVER'S LICENSE NETWORK\",\"potentialAction\":[{\"@type\":\"SearchAction\",\"target\":{\"@type\":\"EntryPoint\",\"urlTemplate\":\"https:\/\/fahrerlaubnisnetz.com\/?s={search_term_string}\"},\"query-input\":{\"@type\":\"PropertyValueSpecification\",\"valueRequired\":true,\"valueName\":\"search_term_string\"}}],\"inLanguage\":\"es\"},{\"@type\":\"Organization\",\"@id\":\"https:\/\/fahrerlaubnisnetz.com\/#organization\",\"name\":\"FAHRERLAUBNIS NETZ\",\"alternateName\":\"DRIVER'S LICENSE NETWORK\",\"url\":\"https:\/\/fahrerlaubnisnetz.com\/\",\"logo\":{\"@type\":\"ImageObject\",\"inLanguage\":\"es\",\"@id\":\"https:\/\/fahrerlaubnisnetz.com\/#\/schema\/logo\/image\/\",\"url\":\"https:\/\/fahrerlaubnisnetz.com\/wp-content\/uploads\/2025\/03\/image_2025-03-21_162823337.png\",\"contentUrl\":\"https:\/\/fahrerlaubnisnetz.com\/wp-content\/uploads\/2025\/03\/image_2025-03-21_162823337.png\",\"width\":590,\"height\":288,\"caption\":\"FAHRERLAUBNIS NETZ\"},\"image\":{\"@id\":\"https:\/\/fahrerlaubnisnetz.com\/#\/schema\/logo\/image\/\"}}]}<\/script>\n<!-- \/ Yoast SEO Premium plugin. -->","yoast_head_json":{"title":"Comprar permiso de conducir de Finlandia por Internet","description":"Comprar Permiso de Conducir de la Rep\u00fablica Checa. Procesamos escaneable y base de datos registrada Licencia de Conducir de la Rep\u00fablica Checa con todas las caracter\u00edsticas de seguridad y biometr\u00eda.","robots":{"index":"index","follow":"follow","max-snippet":"max-snippet:-1","max-image-preview":"max-image-preview:large","max-video-preview":"max-video-preview:-1"},"canonical":"https:\/\/fahrerlaubnisnetz.com\/es\/product\/comprar-permiso-de-conduccion-de-finlandia\/","og_locale":"es_ES","og_type":"article","og_title":"Buy Finland Driving Licence","og_description":"Buy Driving License of Finland. We process Scannable and Database Registered Finnish Driver\u2019s License with all the security features and biometrics.","og_url":"https:\/\/fahrerlaubnisnetz.com\/es\/product\/comprar-permiso-de-conduccion-de-finlandia\/","og_site_name":"Fahrerlaubnis Netz","article_modified_time":"2025-05-26T14:13:56+00:00","og_image":[{"width":550,"height":347,"url":"https:\/\/fahrerlaubnisnetz.com\/wp-content\/uploads\/2024\/12\/image_2024-12-26_191051696.png","type":"image\/png"}],"twitter_card":"summary_large_image","twitter_misc":{"Tiempo de lectura":"3 minutos"},"schema":{"@context":"https:\/\/schema.org","@graph":[{"@type":"WebPage","@id":"https:\/\/fahrerlaubnisnetz.com\/product\/buy-finland-driving-licence\/","url":"https:\/\/fahrerlaubnisnetz.com\/product\/buy-finland-driving-licence\/","name":"Comprar permiso de conducir de Finlandia por Internet","isPartOf":{"@id":"https:\/\/fahrerlaubnisnetz.com\/#website"},"primaryImageOfPage":{"@id":"https:\/\/fahrerlaubnisnetz.com\/product\/buy-finland-driving-licence\/#primaryimage"},"image":{"@id":"https:\/\/fahrerlaubnisnetz.com\/product\/buy-finland-driving-licence\/#primaryimage"},"thumbnailUrl":"https:\/\/fahrerlaubnisnetz.com\/wp-content\/uploads\/2024\/12\/image_2024-12-26_191051696.png","datePublished":"2024-12-26T18:11:59+00:00","dateModified":"2025-05-26T14:13:56+00:00","description":"Comprar Permiso de Conducir de la Rep\u00fablica Checa. Procesamos escaneable y base de datos registrada Licencia de Conducir de la Rep\u00fablica Checa con todas las caracter\u00edsticas de seguridad y biometr\u00eda.","breadcrumb":{"@id":"https:\/\/fahrerlaubnisnetz.com\/product\/buy-finland-driving-licence\/#breadcrumb"},"inLanguage":"es","potentialAction":[{"@type":"ReadAction","target":["https:\/\/fahrerlaubnisnetz.com\/product\/buy-finland-driving-licence\/"]}]},{"@type":"ImageObject","inLanguage":"es","@id":"https:\/\/fahrerlaubnisnetz.com\/product\/buy-finland-driving-licence\/#primaryimage","url":"https:\/\/fahrerlaubnisnetz.com\/wp-content\/uploads\/2024\/12\/image_2024-12-26_191051696.png","contentUrl":"https:\/\/fahrerlaubnisnetz.com\/wp-content\/uploads\/2024\/12\/image_2024-12-26_191051696.png","width":550,"height":347,"caption":"driving license"},{"@type":"BreadcrumbList","@id":"https:\/\/fahrerlaubnisnetz.com\/product\/buy-finland-driving-licence\/#breadcrumb","itemListElement":[{"@type":"ListItem","position":1,"name":"Home","item":"https:\/\/fahrerlaubnisnetz.com\/"},{"@type":"ListItem","position":2,"name":"All Services","item":"https:\/\/fahrerlaubnisnetz.com\/shop\/"},{"@type":"ListItem","position":3,"name":"Buy Finland Driving Licence"}]},{"@type":"WebSite","@id":"https:\/\/fahrerlaubnisnetz.com\/#website","url":"https:\/\/fahrerlaubnisnetz.com\/","name":"FAHRERLAUBNIS NETZ","description":"Compre su licencia de conducir y pasaporte originales en l\u00ednea","publisher":{"@id":"https:\/\/fahrerlaubnisnetz.com\/#organization"},"alternateName":"DRIVER'S LICENSE NETWORK","potentialAction":[{"@type":"SearchAction","target":{"@type":"EntryPoint","urlTemplate":"https:\/\/fahrerlaubnisnetz.com\/?s={search_term_string}"},"query-input":{"@type":"PropertyValueSpecification","valueRequired":true,"valueName":"search_term_string"}}],"inLanguage":"es"},{"@type":"Organization","@id":"https:\/\/fahrerlaubnisnetz.com\/#organization","name":"FAHRERLAUBNIS NETZ","alternateName":"DRIVER'S LICENSE NETWORK","url":"https:\/\/fahrerlaubnisnetz.com\/","logo":{"@type":"ImageObject","inLanguage":"es","@id":"https:\/\/fahrerlaubnisnetz.com\/#\/schema\/logo\/image\/","url":"https:\/\/fahrerlaubnisnetz.com\/wp-content\/uploads\/2025\/03\/image_2025-03-21_162823337.png","contentUrl":"https:\/\/fahrerlaubnisnetz.com\/wp-content\/uploads\/2025\/03\/image_2025-03-21_162823337.png","width":590,"height":288,"caption":"FAHRERLAUBNIS NETZ"},"image":{"@id":"https:\/\/fahrerlaubnisnetz.com\/#\/schema\/logo\/image\/"}}]}},"_links":{"self":[{"href":"https:\/\/fahrerlaubnisnetz.com\/es\/wp-json\/wp\/v2\/product\/1995","targetHints":{"allow":["GET"]}}],"collection":[{"href":"https:\/\/fahrerlaubnisnetz.com\/es\/wp-json\/wp\/v2\/product"}],"about":[{"href":"https:\/\/fahrerlaubnisnetz.com\/es\/wp-json\/wp\/v2\/types\/product"}],"replies":[{"embeddable":true,"href":"https:\/\/fahrerlaubnisnetz.com\/es\/wp-json\/wp\/v2\/comments?post=1995"}],"wp:featuredmedia":[{"embeddable":true,"href":"https:\/\/fahrerlaubnisnetz.com\/es\/wp-json\/wp\/v2\/media\/1996"}],"wp:attachment":[{"href":"https:\/\/fahrerlaubnisnetz.com\/es\/wp-json\/wp\/v2\/media?parent=1995"}],"wp:term":[{"taxonomy":"product_brand","embeddable":true,"href":"https:\/\/fahrerlaubnisnetz.com\/es\/wp-json\/wp\/v2\/product_brand?post=1995"},{"taxonomy":"product_cat","embeddable":true,"href":"https:\/\/fahrerlaubnisnetz.com\/es\/wp-json\/wp\/v2\/product_cat?post=1995"},{"taxonomy":"product_tag","embeddable":true,"href":"https:\/\/fahrerlaubnisnetz.com\/es\/wp-json\/wp\/v2\/product_tag?post=1995"}],"curies":[{"name":"wp","href":"https:\/\/api.w.org\/{rel}","templated":true}]}}