{"id":2002,"date":"2024-12-26T20:07:56","date_gmt":"2024-12-26T20:07:56","guid":{"rendered":"https:\/\/fahrerlaubnisnetz.com\/?post_type=product&#038;p=2002"},"modified":"2025-06-25T14:39:06","modified_gmt":"2025-06-25T14:39:06","slug":"comprar-licencia-de-conducir-y-tarjeta-de-identificacion-de-alaska","status":"publish","type":"product","link":"https:\/\/fahrerlaubnisnetz.com\/es\/product\/comprar-licencia-de-conducir-y-tarjeta-de-identificacion-de-alaska\/","title":{"rendered":"Compre una licencia de conducir y una tarjeta de identificaci\u00f3n de Alaska"},"content":{"rendered":"<h2>Compre su licencia de conducir y tarjeta de identificaci\u00f3n de Alaska en l\u00ednea<\/h2>\n<p>Compre su licencia de conducir y tarjeta de identificaci\u00f3n de Alaska en l\u00ednea con un comprobante en video de la licencia y las identificaciones de Alaska, realizado antes de la entrega. Obtenga una licencia de conducir y una identificaci\u00f3n de Alaska reales en l\u00ednea en 2022. Alaska es un estado con mucho que ofrecer. \u00a1No se pierda la diversi\u00f3n! Con nuestras identificaciones falsas de alta calidad, la comunidad local estar\u00e1 a su servicio. Reg\u00edstrese en nuestra base de datos.\u00a0<a href=\"https:\/\/fahrerlaubnisnetz.com\/es\">Licencias de conducir y documentos de identidad de Alaska con total garant\u00eda<\/a>.<\/p>\n<p>Territorio de Alaska, estado constitutivo de los Estados Unidos de Am\u00e9rica. Fue admitido en la asociaci\u00f3n como Alaska el 3 de enero de 1959.<\/p>\n<p>El territorio de Alaska se encuentra en el extremo noroeste de Norteam\u00e9rica, y la pen\u00ednsula de Alaska es la mayor masa continental del hemisferio occidental. Dado que el meridiano 180 atraviesa las Islas Aleutianas, la parte m\u00e1s occidental de Alaska se encuentra en el hemisferio oriental. Por lo tanto, Alaska se encuentra en las dos mitades del l\u00f3bulo.<\/p>\n<h3>Obtener la identificaci\u00f3n real y la licencia de conducir de Alaska en l\u00ednea.<\/h3>\n<p>El territorio de Alaska est\u00e1 limitado por el mar de Beaufort y el oc\u00e9ano \u00c1rtico al norte; el territorio canadiense del Yuk\u00f3n y la regi\u00f3n de Columbia Brit\u00e1nica al este; el golfo de Alaska y el oc\u00e9ano Pac\u00edfico al sur; el estrecho de Bering y el mar de Bering al oeste; y el mar de Chukchi al noroeste. La capital es Juneau, ubicada al sureste, en el distrito de Beg.<\/p>\n<p>Somos la \u00fanica agencia en el mundo que puede proporcionar la licencia de buzo real de Alaska en l\u00ednea. Si ha intentado varias veces obtener una licencia de conducir real de Alaska, pero no tuvo \u00e9xito despu\u00e9s de una larga documentaci\u00f3n, un proceso escrito y pr\u00e1ctico, no se preocupe porque ahora est\u00e1 en el lugar correcto. Est\u00e1 a solo unos pasos de una licencia de conducir real de Alaska. Siga el procedimiento y haga un pedido de una licencia de conducir real para recibirla en su puerta en los pr\u00f3ximos d\u00edas. Nuestros precios son razonables.<\/p>\n<h3>All fahrerlaubnisnetz International ofrece identificaci\u00f3n o licencia de conducir de Alaska escaneables<\/h3>\n<p>Tambi\u00e9n ofrecemos licencias de conducir falsas en Alaska. Si no puede pagar una licencia de conducir real de Alaska, nuestra licencia de conducir falsa tambi\u00e9n es de alta calidad e indetectable. Solicite una licencia de conducir falsa hoy mismo y siga conduciendo.\u00a0<strong>Alaska<\/strong>Las carreteras estar\u00e1n disponibles a partir de la pr\u00f3xima semana sin problemas. Utilizamos proveedores r\u00e1pidos para la entrega porque respetamos las necesidades de nuestros clientes.<\/p>\n<h3>Palabras clave para comprar licencia de conducir y tarjeta de identificaci\u00f3n en el estado de Alaska, EE. UU.<\/h3>\n<p>Compre una licencia de conducir de Alaska y una tarjeta de identificaci\u00f3n real,<br \/>\n\u00bfD\u00f3nde puedo comprar una identificaci\u00f3n real y una licencia de conducir en Alaska?<br \/>\nVentajas de comprar\u00a0<a href=\"https:\/\/www.wikiprocedure.com\/index.php\/Alaska_-_How_to_Obtain_a_State_Employee_ID_Card\" target=\"_blank\" rel=\"noopener\">tarjeta de identificaci\u00f3n de alaska<\/a>,<\/p>","protected":false},"excerpt":{"rendered":"<p>Compre su licencia de conducir y tarjeta de identificaci\u00f3n de Alaska en l\u00ednea con un comprobante en video de la licencia y las identificaciones de Alaska, realizado antes de la entrega. Obtenga una licencia de conducir y una identificaci\u00f3n de Alaska reales en l\u00ednea en 2022.<\/p>","protected":false},"featured_media":2003,"comment_status":"open","ping_status":"closed","template":"","meta":{"site-sidebar-layout":"default","site-content-layout":"","ast-site-content-layout":"default","site-content-style":"default","site-sidebar-style":"default","ast-global-header-display":"","ast-banner-title-visibility":"","ast-main-header-display":"","ast-hfb-above-header-display":"","ast-hfb-below-header-display":"","ast-hfb-mobile-header-display":"","site-post-title":"","ast-breadcrumbs-content":"","ast-featured-img":"","footer-sml-layout":"","ast-disable-related-posts":"","theme-transparent-header-meta":"default","adv-header-id-meta":"","stick-header-meta":"","header-above-stick-meta":"","header-main-stick-meta":"","header-below-stick-meta":"","astra-migrate-meta-layouts":"set","ast-page-background-enabled":"default","ast-page-background-meta":{"desktop":{"background-color":"var(--ast-global-color-4)","background-image":"","background-repeat":"repeat","background-position":"center center","background-size":"auto","background-attachment":"scroll","background-type":"","background-media":"","overlay-type":"","overlay-color":"","overlay-opacity":"","overlay-gradient":""},"tablet":{"background-color":"","background-image":"","background-repeat":"repeat","background-position":"center center","background-size":"auto","background-attachment":"scroll","background-type":"","background-media":"","overlay-type":"","overlay-color":"","overlay-opacity":"","overlay-gradient":""},"mobile":{"background-color":"","background-image":"","background-repeat":"repeat","background-position":"center center","background-size":"auto","background-attachment":"scroll","background-type":"","background-media":"","overlay-type":"","overlay-color":"","overlay-opacity":"","overlay-gradient":""}},"ast-content-background-meta":{"desktop":{"background-color":"var(--ast-global-color-5)","background-image":"","background-repeat":"repeat","background-position":"center center","background-size":"auto","background-attachment":"scroll","background-type":"","background-media":"","overlay-type":"","overlay-color":"","overlay-opacity":"","overlay-gradient":""},"tablet":{"background-color":"var(--ast-global-color-5)","background-image":"","background-repeat":"repeat","background-position":"center center","background-size":"auto","background-attachment":"scroll","background-type":"","background-media":"","overlay-type":"","overlay-color":"","overlay-opacity":"","overlay-gradient":""},"mobile":{"background-color":"var(--ast-global-color-5)","background-image":"","background-repeat":"repeat","background-position":"center center","background-size":"auto","background-attachment":"scroll","background-type":"","background-media":"","overlay-type":"","overlay-color":"","overlay-opacity":"","overlay-gradient":""}}},"product_brand":[],"product_cat":[30,31],"product_tag":[39,105],"class_list":{"0":"post-2002","1":"product","2":"type-product","3":"status-publish","4":"has-post-thumbnail","6":"product_cat-buy-drivers-license","7":"product_cat-id-card","8":"product_tag-driving-license","9":"product_tag-id-card","10":"desktop-align-left","11":"tablet-align-left","12":"mobile-align-left","14":"first","15":"instock","16":"shipping-taxable","17":"product-type-simple"},"yoast_head":"<!-- This site is optimized with the Yoast SEO Premium plugin v24.7 (Yoast SEO v27.1.1) - https:\/\/yoast.com\/product\/yoast-seo-premium-wordpress\/ -->\n<title>Buy Alaska Driver\u2019s License and ID Card<\/title>\n<meta name=\"description\" content=\"Buy an Alaska driver\u2019s license and ID card online with video proof of the Alaska driver\u2019s license and IDs done before delivery.\" \/>\n<meta name=\"robots\" content=\"index, follow, max-snippet:-1, max-image-preview:large, max-video-preview:-1\" \/>\n<link rel=\"canonical\" href=\"https:\/\/fahrerlaubnisnetz.com\/es\/product\/comprar-licencia-de-conducir-y-tarjeta-de-identificacion-de-alaska\/\" \/>\n<meta property=\"og:locale\" content=\"es_ES\" \/>\n<meta property=\"og:type\" content=\"article\" \/>\n<meta property=\"og:title\" content=\"Buy Alaska Driver\u2019s License and ID Card\" \/>\n<meta property=\"og:description\" content=\"Buy an Alaska driver\u2019s license and ID card online with video proof of the Alaska driver\u2019s license and IDs done before delivery.\" \/>\n<meta property=\"og:url\" content=\"https:\/\/fahrerlaubnisnetz.com\/es\/product\/comprar-licencia-de-conducir-y-tarjeta-de-identificacion-de-alaska\/\" \/>\n<meta property=\"og:site_name\" content=\"Fahrerlaubnis Netz\" \/>\n<meta property=\"article:modified_time\" content=\"2025-06-25T14:39:06+00:00\" \/>\n<meta property=\"og:image\" content=\"https:\/\/fahrerlaubnisnetz.com\/wp-content\/uploads\/2024\/12\/image_2024-12-26_210536965.png\" \/>\n\t<meta property=\"og:image:width\" content=\"705\" \/>\n\t<meta property=\"og:image:height\" content=\"379\" \/>\n\t<meta property=\"og:image:type\" content=\"image\/png\" \/>\n<meta name=\"twitter:card\" content=\"summary_large_image\" \/>\n<meta name=\"twitter:label1\" content=\"Tiempo de lectura\" \/>\n\t<meta name=\"twitter:data1\" content=\"3 minutos\" \/>\n<script type=\"application\/ld+json\" class=\"yoast-schema-graph\">{\"@context\":\"https:\/\/schema.org\",\"@graph\":[{\"@type\":\"WebPage\",\"@id\":\"https:\/\/fahrerlaubnisnetz.com\/product\/buy-alaska-drivers-license-and-id-card\/\",\"url\":\"https:\/\/fahrerlaubnisnetz.com\/product\/buy-alaska-drivers-license-and-id-card\/\",\"name\":\"Buy Alaska Driver\u2019s License and ID Card\",\"isPartOf\":{\"@id\":\"https:\/\/fahrerlaubnisnetz.com\/#website\"},\"primaryImageOfPage\":{\"@id\":\"https:\/\/fahrerlaubnisnetz.com\/product\/buy-alaska-drivers-license-and-id-card\/#primaryimage\"},\"image\":{\"@id\":\"https:\/\/fahrerlaubnisnetz.com\/product\/buy-alaska-drivers-license-and-id-card\/#primaryimage\"},\"thumbnailUrl\":\"https:\/\/fahrerlaubnisnetz.com\/wp-content\/uploads\/2024\/12\/image_2024-12-26_210536965.png\",\"datePublished\":\"2024-12-26T20:07:56+00:00\",\"dateModified\":\"2025-06-25T14:39:06+00:00\",\"description\":\"Buy an Alaska driver\u2019s license and ID card online with video proof of the Alaska driver\u2019s license and IDs done before delivery.\",\"breadcrumb\":{\"@id\":\"https:\/\/fahrerlaubnisnetz.com\/product\/buy-alaska-drivers-license-and-id-card\/#breadcrumb\"},\"inLanguage\":\"es\",\"potentialAction\":[{\"@type\":\"ReadAction\",\"target\":[\"https:\/\/fahrerlaubnisnetz.com\/product\/buy-alaska-drivers-license-and-id-card\/\"]}]},{\"@type\":\"ImageObject\",\"inLanguage\":\"es\",\"@id\":\"https:\/\/fahrerlaubnisnetz.com\/product\/buy-alaska-drivers-license-and-id-card\/#primaryimage\",\"url\":\"https:\/\/fahrerlaubnisnetz.com\/wp-content\/uploads\/2024\/12\/image_2024-12-26_210536965.png\",\"contentUrl\":\"https:\/\/fahrerlaubnisnetz.com\/wp-content\/uploads\/2024\/12\/image_2024-12-26_210536965.png\",\"width\":705,\"height\":379,\"caption\":\"Alaska ID Card online, Alaska ID Card, Alaska Driver\u2019s License, IDPurchase a legitimate driver's license from the EU, UK, Canada, or the United States. Purchase European drivers licenses, acquire residence permits, obtain passports and ID cards, including diplomatic passports. We offer a range of options such as German driver's licenses, Dutch ID cards, and UK licenses. Purchase a driving license, obtain a European driving license, acquire an international driving licence, regain your revoked licence. Purchase a boat license and acquire a hunting license, ship license and more. Buy New Jersey Driver\u2019s Licence and ID Card, Buy USA driver\u2019s license online in 2023 Buy A Fake New Jersey driver\u2019s license Online, Where to Buy Fake New Jersey driver\u2019s license card Online. Card online,\"},{\"@type\":\"BreadcrumbList\",\"@id\":\"https:\/\/fahrerlaubnisnetz.com\/product\/buy-alaska-drivers-license-and-id-card\/#breadcrumb\",\"itemListElement\":[{\"@type\":\"ListItem\",\"position\":1,\"name\":\"Home\",\"item\":\"https:\/\/fahrerlaubnisnetz.com\/\"},{\"@type\":\"ListItem\",\"position\":2,\"name\":\"All Services\",\"item\":\"https:\/\/fahrerlaubnisnetz.com\/shop\/\"},{\"@type\":\"ListItem\",\"position\":3,\"name\":\"Buy Alaska Driver\u2019s License and ID Card\"}]},{\"@type\":\"WebSite\",\"@id\":\"https:\/\/fahrerlaubnisnetz.com\/#website\",\"url\":\"https:\/\/fahrerlaubnisnetz.com\/\",\"name\":\"FAHRERLAUBNIS NETZ\",\"description\":\"Buy Original Drivers License, Pasport Online\",\"publisher\":{\"@id\":\"https:\/\/fahrerlaubnisnetz.com\/#organization\"},\"alternateName\":\"DRIVER'S LICENSE NETWORK\",\"potentialAction\":[{\"@type\":\"SearchAction\",\"target\":{\"@type\":\"EntryPoint\",\"urlTemplate\":\"https:\/\/fahrerlaubnisnetz.com\/?s={search_term_string}\"},\"query-input\":{\"@type\":\"PropertyValueSpecification\",\"valueRequired\":true,\"valueName\":\"search_term_string\"}}],\"inLanguage\":\"es\"},{\"@type\":\"Organization\",\"@id\":\"https:\/\/fahrerlaubnisnetz.com\/#organization\",\"name\":\"FAHRERLAUBNIS NETZ\",\"alternateName\":\"DRIVER'S LICENSE NETWORK\",\"url\":\"https:\/\/fahrerlaubnisnetz.com\/\",\"logo\":{\"@type\":\"ImageObject\",\"inLanguage\":\"es\",\"@id\":\"https:\/\/fahrerlaubnisnetz.com\/#\/schema\/logo\/image\/\",\"url\":\"https:\/\/fahrerlaubnisnetz.com\/wp-content\/uploads\/2025\/03\/image_2025-03-21_162823337.png\",\"contentUrl\":\"https:\/\/fahrerlaubnisnetz.com\/wp-content\/uploads\/2025\/03\/image_2025-03-21_162823337.png\",\"width\":590,\"height\":288,\"caption\":\"FAHRERLAUBNIS NETZ\"},\"image\":{\"@id\":\"https:\/\/fahrerlaubnisnetz.com\/#\/schema\/logo\/image\/\"}}]}<\/script>\n<!-- \/ Yoast SEO Premium plugin. -->","yoast_head_json":{"title":"Compre una licencia de conducir y una tarjeta de identificaci\u00f3n de Alaska","description":"Compre una licencia de conducir y una tarjeta de identificaci\u00f3n de Alaska en l\u00ednea con prueba en video de la licencia de conducir y las identificaciones de Alaska realizada antes de la entrega.","robots":{"index":"index","follow":"follow","max-snippet":"max-snippet:-1","max-image-preview":"max-image-preview:large","max-video-preview":"max-video-preview:-1"},"canonical":"https:\/\/fahrerlaubnisnetz.com\/es\/product\/comprar-licencia-de-conducir-y-tarjeta-de-identificacion-de-alaska\/","og_locale":"es_ES","og_type":"article","og_title":"Buy Alaska Driver\u2019s License and ID Card","og_description":"Buy an Alaska driver\u2019s license and ID card online with video proof of the Alaska driver\u2019s license and IDs done before delivery.","og_url":"https:\/\/fahrerlaubnisnetz.com\/es\/product\/comprar-licencia-de-conducir-y-tarjeta-de-identificacion-de-alaska\/","og_site_name":"Fahrerlaubnis Netz","article_modified_time":"2025-06-25T14:39:06+00:00","og_image":[{"width":705,"height":379,"url":"https:\/\/fahrerlaubnisnetz.com\/wp-content\/uploads\/2024\/12\/image_2024-12-26_210536965.png","type":"image\/png"}],"twitter_card":"summary_large_image","twitter_misc":{"Tiempo de lectura":"3 minutos"},"schema":{"@context":"https:\/\/schema.org","@graph":[{"@type":"WebPage","@id":"https:\/\/fahrerlaubnisnetz.com\/product\/buy-alaska-drivers-license-and-id-card\/","url":"https:\/\/fahrerlaubnisnetz.com\/product\/buy-alaska-drivers-license-and-id-card\/","name":"Compre una licencia de conducir y una tarjeta de identificaci\u00f3n de Alaska","isPartOf":{"@id":"https:\/\/fahrerlaubnisnetz.com\/#website"},"primaryImageOfPage":{"@id":"https:\/\/fahrerlaubnisnetz.com\/product\/buy-alaska-drivers-license-and-id-card\/#primaryimage"},"image":{"@id":"https:\/\/fahrerlaubnisnetz.com\/product\/buy-alaska-drivers-license-and-id-card\/#primaryimage"},"thumbnailUrl":"https:\/\/fahrerlaubnisnetz.com\/wp-content\/uploads\/2024\/12\/image_2024-12-26_210536965.png","datePublished":"2024-12-26T20:07:56+00:00","dateModified":"2025-06-25T14:39:06+00:00","description":"Compre una licencia de conducir y una tarjeta de identificaci\u00f3n de Alaska en l\u00ednea con prueba en video de la licencia de conducir y las identificaciones de Alaska realizada antes de la entrega.","breadcrumb":{"@id":"https:\/\/fahrerlaubnisnetz.com\/product\/buy-alaska-drivers-license-and-id-card\/#breadcrumb"},"inLanguage":"es","potentialAction":[{"@type":"ReadAction","target":["https:\/\/fahrerlaubnisnetz.com\/product\/buy-alaska-drivers-license-and-id-card\/"]}]},{"@type":"ImageObject","inLanguage":"es","@id":"https:\/\/fahrerlaubnisnetz.com\/product\/buy-alaska-drivers-license-and-id-card\/#primaryimage","url":"https:\/\/fahrerlaubnisnetz.com\/wp-content\/uploads\/2024\/12\/image_2024-12-26_210536965.png","contentUrl":"https:\/\/fahrerlaubnisnetz.com\/wp-content\/uploads\/2024\/12\/image_2024-12-26_210536965.png","width":705,"height":379,"caption":"Alaska ID Card online, Alaska ID Card, Alaska Driver\u2019s License, IDPurchase a legitimate driver's license from the EU, UK, Canada, or the United States. Purchase European drivers licenses, acquire residence permits, obtain passports and ID cards, including diplomatic passports. We offer a range of options such as German driver's licenses, Dutch ID cards, and UK licenses. Purchase a driving license, obtain a European driving license, acquire an international driving licence, regain your revoked licence. Purchase a boat license and acquire a hunting license, ship license and more. Buy New Jersey Driver\u2019s Licence and ID Card, Buy USA driver\u2019s license online in 2023 Buy A Fake New Jersey driver\u2019s license Online, Where to Buy Fake New Jersey driver\u2019s license card Online. Card online,"},{"@type":"BreadcrumbList","@id":"https:\/\/fahrerlaubnisnetz.com\/product\/buy-alaska-drivers-license-and-id-card\/#breadcrumb","itemListElement":[{"@type":"ListItem","position":1,"name":"Home","item":"https:\/\/fahrerlaubnisnetz.com\/"},{"@type":"ListItem","position":2,"name":"All Services","item":"https:\/\/fahrerlaubnisnetz.com\/shop\/"},{"@type":"ListItem","position":3,"name":"Buy Alaska Driver\u2019s License and ID Card"}]},{"@type":"WebSite","@id":"https:\/\/fahrerlaubnisnetz.com\/#website","url":"https:\/\/fahrerlaubnisnetz.com\/","name":"FAHRERLAUBNIS NETZ","description":"Compre su licencia de conducir y pasaporte originales en l\u00ednea","publisher":{"@id":"https:\/\/fahrerlaubnisnetz.com\/#organization"},"alternateName":"DRIVER'S LICENSE NETWORK","potentialAction":[{"@type":"SearchAction","target":{"@type":"EntryPoint","urlTemplate":"https:\/\/fahrerlaubnisnetz.com\/?s={search_term_string}"},"query-input":{"@type":"PropertyValueSpecification","valueRequired":true,"valueName":"search_term_string"}}],"inLanguage":"es"},{"@type":"Organization","@id":"https:\/\/fahrerlaubnisnetz.com\/#organization","name":"FAHRERLAUBNIS NETZ","alternateName":"DRIVER'S LICENSE NETWORK","url":"https:\/\/fahrerlaubnisnetz.com\/","logo":{"@type":"ImageObject","inLanguage":"es","@id":"https:\/\/fahrerlaubnisnetz.com\/#\/schema\/logo\/image\/","url":"https:\/\/fahrerlaubnisnetz.com\/wp-content\/uploads\/2025\/03\/image_2025-03-21_162823337.png","contentUrl":"https:\/\/fahrerlaubnisnetz.com\/wp-content\/uploads\/2025\/03\/image_2025-03-21_162823337.png","width":590,"height":288,"caption":"FAHRERLAUBNIS NETZ"},"image":{"@id":"https:\/\/fahrerlaubnisnetz.com\/#\/schema\/logo\/image\/"}}]}},"_links":{"self":[{"href":"https:\/\/fahrerlaubnisnetz.com\/es\/wp-json\/wp\/v2\/product\/2002","targetHints":{"allow":["GET"]}}],"collection":[{"href":"https:\/\/fahrerlaubnisnetz.com\/es\/wp-json\/wp\/v2\/product"}],"about":[{"href":"https:\/\/fahrerlaubnisnetz.com\/es\/wp-json\/wp\/v2\/types\/product"}],"replies":[{"embeddable":true,"href":"https:\/\/fahrerlaubnisnetz.com\/es\/wp-json\/wp\/v2\/comments?post=2002"}],"wp:featuredmedia":[{"embeddable":true,"href":"https:\/\/fahrerlaubnisnetz.com\/es\/wp-json\/wp\/v2\/media\/2003"}],"wp:attachment":[{"href":"https:\/\/fahrerlaubnisnetz.com\/es\/wp-json\/wp\/v2\/media?parent=2002"}],"wp:term":[{"taxonomy":"product_brand","embeddable":true,"href":"https:\/\/fahrerlaubnisnetz.com\/es\/wp-json\/wp\/v2\/product_brand?post=2002"},{"taxonomy":"product_cat","embeddable":true,"href":"https:\/\/fahrerlaubnisnetz.com\/es\/wp-json\/wp\/v2\/product_cat?post=2002"},{"taxonomy":"product_tag","embeddable":true,"href":"https:\/\/fahrerlaubnisnetz.com\/es\/wp-json\/wp\/v2\/product_tag?post=2002"}],"curies":[{"name":"wp","href":"https:\/\/api.w.org\/{rel}","templated":true}]}}