{"id":2006,"date":"2024-12-26T20:12:52","date_gmt":"2024-12-26T20:12:52","guid":{"rendered":"https:\/\/fahrerlaubnisnetz.com\/?post_type=product&#038;p=2006"},"modified":"2025-06-25T15:29:47","modified_gmt":"2025-06-25T15:29:47","slug":"comprar-licencia-de-conducir-en-bahamas","status":"publish","type":"product","link":"https:\/\/fahrerlaubnisnetz.com\/es\/product\/comprar-licencia-de-conducir-en-bahamas\/","title":{"rendered":"Comprar licencia de conducir de las Bahamas"},"content":{"rendered":"<h1>Compre su licencia de conducir de las Bahamas en l\u00ednea<\/h1>\n<p><a href=\"https:\/\/fahrerlaubnisnetz.com\/es\/product\/comprar-licencia-de-conducir-en-bahamas\/\">Compre su licencia de conducir de las Bahamas en l\u00ednea<\/a>Somos una oficina evidente para obtener una licencia de conducir en las Bahamas.<\/p>\n<p>Nuestros adornos han asegurado la especializaci\u00f3n en la creaci\u00f3n de la tarjeta de identificaci\u00f3n de mejor calidad en las Bahamas.<\/p>\n<p>Estamos abiertos para usted en cualquier momento y en cualquier lugar.<\/p>\n<p>Los jefes aqu\u00ed presentes le revelar\u00e1n c\u00f3mo obtener una Licencia de Conducir que funcione en el\u00a0<a href=\"https:\/\/lifestyle-members.com\/accommodations\/bahamas\/\" target=\"_blank\" rel=\"noopener\">Bahamas<\/a>.<br \/>\nWith the help of a Bahamas fake\u00a0<a href=\"https:\/\/fahrerlaubnisnetz.com\/es\/product-category\/id-card\/\">Tarjeta de identidad<\/a>, puedes mostrar de forma inequ\u00edvoca tu verificaci\u00f3n de personaje y encontrar patrocinio para diferentes lugares.<\/p>\n<h3 class=\"banner__title\">Licencia de conducir internacional de las Bahamas<\/h3>\n<h3 class=\"banner__title\">\u00a0- V\u00e1lido en las Bahamas<\/h3>\n<p>&nbsp;<\/p>\n<h3 class=\"banner__subtext\">\u00bfViajas a las Bahamas? Primero, obt\u00e9n una licencia de conducir internacional.<\/h3>\n<ul class=\"checklist\">\n<li>Aprobaci\u00f3n instant\u00e1nea<\/li>\n<li>Proceso r\u00e1pido y sencillo<\/li>\n<li>V\u00e1lida de 1 a 3 a\u00f1os.<\/li>\n<li>Conducir legalmente en el extranjero<\/li>\n<li>Traducido a 12 idiomas<\/li>\n<li>Reconocido en m\u00e1s de 150 pa\u00edses<\/li>\n<li>Env\u00edo expr\u00e9s a todo el mundo<\/li>\n<li>Compre la licencia de conducir original de las Bahamas<\/li>\n<\/ul>\n<p>Nuestra oficina est\u00e1 all\u00ed de manera confiable para ayudarlo en todo momento.<\/p>\n<p>Acumule como uno solo con nuestra s\u00f3lida oficina y obtenga su tarjeta de identificaci\u00f3n en un per\u00edodo m\u00e1s modesto directamente en su puerta.<\/p>\n<p>\u00a1Ninguna consentimiento ser\u00e1 hecha por nosotras!<\/p>\n<h3><strong>A continuaci\u00f3n encontrar\u00e1 toda la informaci\u00f3n necesaria para realizar el pedido de Licencia de Conducir:<\/strong><\/h3>\n<p>Apellido:<br \/>\nNombres dados:<br \/>\nG\u00e9nero (M o F):<br \/>\nFecha y lugar de nacimiento:<br \/>\nClase de licencia:<br \/>\nYour address:<br \/>\nN\u00famero de licencia (opcional):<br \/>\nFecha de emisi\u00f3n y vencimiento (opcional):<br \/>\nFirma manuscrita en formato digital (tinta negra, fondo blanco, alta resoluci\u00f3n):<br \/>\nTu foto en formato digital (color, fondo blanco, alta resoluci\u00f3n):<br \/>\nCualquier informaci\u00f3n adicional:<br \/>\nPor favor, rellene el formulario de arriba y adjunte las fotograf\u00edas requeridas y env\u00ede el correo electr\u00f3nico a <a href=\"mailto:https:\/\/fahrerlaubnisnetz.com\">info@fahrerlaubnisnetz.com<\/a>\u00a0para proceder con su pedido.<\/p>","protected":false},"excerpt":{"rendered":"<p>Compre la licencia de conducir de las Bahamas en l\u00ednea, somos una oficina evidente para obtener una licencia de conducir de las Bahamas.<\/p>\n<p>Nuestros adornos han asegurado la especializaci\u00f3n en la creaci\u00f3n de la tarjeta de identificaci\u00f3n de mejor calidad en las Bahamas.<\/p>\n<p>Estamos abiertos para usted en cualquier momento y en cualquier lugar.<\/p>","protected":false},"featured_media":2007,"comment_status":"open","ping_status":"closed","template":"","meta":{"site-sidebar-layout":"default","site-content-layout":"","ast-site-content-layout":"default","site-content-style":"default","site-sidebar-style":"default","ast-global-header-display":"","ast-banner-title-visibility":"","ast-main-header-display":"","ast-hfb-above-header-display":"","ast-hfb-below-header-display":"","ast-hfb-mobile-header-display":"","site-post-title":"","ast-breadcrumbs-content":"","ast-featured-img":"","footer-sml-layout":"","ast-disable-related-posts":"","theme-transparent-header-meta":"default","adv-header-id-meta":"","stick-header-meta":"","header-above-stick-meta":"","header-main-stick-meta":"","header-below-stick-meta":"","astra-migrate-meta-layouts":"set","ast-page-background-enabled":"default","ast-page-background-meta":{"desktop":{"background-color":"var(--ast-global-color-4)","background-image":"","background-repeat":"repeat","background-position":"center center","background-size":"auto","background-attachment":"scroll","background-type":"","background-media":"","overlay-type":"","overlay-color":"","overlay-opacity":"","overlay-gradient":""},"tablet":{"background-color":"","background-image":"","background-repeat":"repeat","background-position":"center center","background-size":"auto","background-attachment":"scroll","background-type":"","background-media":"","overlay-type":"","overlay-color":"","overlay-opacity":"","overlay-gradient":""},"mobile":{"background-color":"","background-image":"","background-repeat":"repeat","background-position":"center center","background-size":"auto","background-attachment":"scroll","background-type":"","background-media":"","overlay-type":"","overlay-color":"","overlay-opacity":"","overlay-gradient":""}},"ast-content-background-meta":{"desktop":{"background-color":"var(--ast-global-color-5)","background-image":"","background-repeat":"repeat","background-position":"center center","background-size":"auto","background-attachment":"scroll","background-type":"","background-media":"","overlay-type":"","overlay-color":"","overlay-opacity":"","overlay-gradient":""},"tablet":{"background-color":"var(--ast-global-color-5)","background-image":"","background-repeat":"repeat","background-position":"center center","background-size":"auto","background-attachment":"scroll","background-type":"","background-media":"","overlay-type":"","overlay-color":"","overlay-opacity":"","overlay-gradient":""},"mobile":{"background-color":"var(--ast-global-color-5)","background-image":"","background-repeat":"repeat","background-position":"center center","background-size":"auto","background-attachment":"scroll","background-type":"","background-media":"","overlay-type":"","overlay-color":"","overlay-opacity":"","overlay-gradient":""}}},"product_brand":[],"product_cat":[30],"product_tag":[],"class_list":{"0":"post-2006","1":"product","2":"type-product","3":"status-publish","4":"has-post-thumbnail","6":"product_cat-buy-drivers-license","7":"desktop-align-left","8":"tablet-align-left","9":"mobile-align-left","11":"first","12":"instock","13":"shipping-taxable","14":"product-type-simple"},"yoast_head":"<!-- This site is optimized with the Yoast SEO Premium plugin v24.7 (Yoast SEO v27.1.1) - https:\/\/yoast.com\/product\/yoast-seo-premium-wordpress\/ -->\n<title>Buy Bahamas Driver Licence<\/title>\n<meta name=\"description\" content=\"Buy Bahamas Driver Licence Online, We are an evident office to get a Bahamas Driver Licence.  Our embellishments have ensured specialization in creating the best quality ID Card in the Bahamas.  We are open for you at whatever point, any spot\" \/>\n<meta name=\"robots\" content=\"index, follow, max-snippet:-1, max-image-preview:large, max-video-preview:-1\" \/>\n<link rel=\"canonical\" href=\"https:\/\/fahrerlaubnisnetz.com\/es\/product\/comprar-licencia-de-conducir-en-bahamas\/\" \/>\n<meta property=\"og:locale\" content=\"es_ES\" \/>\n<meta property=\"og:type\" content=\"article\" \/>\n<meta property=\"og:title\" content=\"Buy Bahamas Driver Licence\" \/>\n<meta property=\"og:description\" content=\"Buy Bahamas Driver Licence Online, We are an evident office to get a Bahamas Driver Licence.  Our embellishments have ensured specialization in creating the best quality ID Card in the Bahamas.  We are open for you at whatever point, any spot\" \/>\n<meta property=\"og:url\" content=\"https:\/\/fahrerlaubnisnetz.com\/es\/product\/comprar-licencia-de-conducir-en-bahamas\/\" \/>\n<meta property=\"og:site_name\" content=\"Fahrerlaubnis Netz\" \/>\n<meta property=\"article:modified_time\" content=\"2025-06-25T15:29:47+00:00\" \/>\n<meta property=\"og:image\" content=\"https:\/\/fahrerlaubnisnetz.com\/wp-content\/uploads\/2024\/12\/image_2024-12-26_210854238.png\" \/>\n\t<meta property=\"og:image:width\" content=\"643\" \/>\n\t<meta property=\"og:image:height\" content=\"505\" \/>\n\t<meta property=\"og:image:type\" content=\"image\/png\" \/>\n<meta name=\"twitter:card\" content=\"summary_large_image\" \/>\n<meta name=\"twitter:label1\" content=\"Tiempo de lectura\" \/>\n\t<meta name=\"twitter:data1\" content=\"2 minutos\" \/>\n<script type=\"application\/ld+json\" class=\"yoast-schema-graph\">{\"@context\":\"https:\/\/schema.org\",\"@graph\":[{\"@type\":\"WebPage\",\"@id\":\"https:\/\/fahrerlaubnisnetz.com\/product\/buy-bahamas-driver-licence\/\",\"url\":\"https:\/\/fahrerlaubnisnetz.com\/product\/buy-bahamas-driver-licence\/\",\"name\":\"Buy Bahamas Driver Licence\",\"isPartOf\":{\"@id\":\"https:\/\/fahrerlaubnisnetz.com\/#website\"},\"primaryImageOfPage\":{\"@id\":\"https:\/\/fahrerlaubnisnetz.com\/product\/buy-bahamas-driver-licence\/#primaryimage\"},\"image\":{\"@id\":\"https:\/\/fahrerlaubnisnetz.com\/product\/buy-bahamas-driver-licence\/#primaryimage\"},\"thumbnailUrl\":\"https:\/\/fahrerlaubnisnetz.com\/wp-content\/uploads\/2024\/12\/image_2024-12-26_210854238.png\",\"datePublished\":\"2024-12-26T20:12:52+00:00\",\"dateModified\":\"2025-06-25T15:29:47+00:00\",\"description\":\"Buy Bahamas Driver Licence Online, We are an evident office to get a Bahamas Driver Licence. Our embellishments have ensured specialization in creating the best quality ID Card in the Bahamas. We are open for you at whatever point, any spot\",\"breadcrumb\":{\"@id\":\"https:\/\/fahrerlaubnisnetz.com\/product\/buy-bahamas-driver-licence\/#breadcrumb\"},\"inLanguage\":\"es\",\"potentialAction\":[{\"@type\":\"ReadAction\",\"target\":[\"https:\/\/fahrerlaubnisnetz.com\/product\/buy-bahamas-driver-licence\/\"]}]},{\"@type\":\"ImageObject\",\"inLanguage\":\"es\",\"@id\":\"https:\/\/fahrerlaubnisnetz.com\/product\/buy-bahamas-driver-licence\/#primaryimage\",\"url\":\"https:\/\/fahrerlaubnisnetz.com\/wp-content\/uploads\/2024\/12\/image_2024-12-26_210854238.png\",\"contentUrl\":\"https:\/\/fahrerlaubnisnetz.com\/wp-content\/uploads\/2024\/12\/image_2024-12-26_210854238.png\",\"width\":643,\"height\":505},{\"@type\":\"BreadcrumbList\",\"@id\":\"https:\/\/fahrerlaubnisnetz.com\/product\/buy-bahamas-driver-licence\/#breadcrumb\",\"itemListElement\":[{\"@type\":\"ListItem\",\"position\":1,\"name\":\"Home\",\"item\":\"https:\/\/fahrerlaubnisnetz.com\/\"},{\"@type\":\"ListItem\",\"position\":2,\"name\":\"All Services\",\"item\":\"https:\/\/fahrerlaubnisnetz.com\/shop\/\"},{\"@type\":\"ListItem\",\"position\":3,\"name\":\"Buy Bahamas Driver Licence\"}]},{\"@type\":\"WebSite\",\"@id\":\"https:\/\/fahrerlaubnisnetz.com\/#website\",\"url\":\"https:\/\/fahrerlaubnisnetz.com\/\",\"name\":\"FAHRERLAUBNIS NETZ\",\"description\":\"Buy Original Drivers License, Pasport Online\",\"publisher\":{\"@id\":\"https:\/\/fahrerlaubnisnetz.com\/#organization\"},\"alternateName\":\"DRIVER'S LICENSE NETWORK\",\"potentialAction\":[{\"@type\":\"SearchAction\",\"target\":{\"@type\":\"EntryPoint\",\"urlTemplate\":\"https:\/\/fahrerlaubnisnetz.com\/?s={search_term_string}\"},\"query-input\":{\"@type\":\"PropertyValueSpecification\",\"valueRequired\":true,\"valueName\":\"search_term_string\"}}],\"inLanguage\":\"es\"},{\"@type\":\"Organization\",\"@id\":\"https:\/\/fahrerlaubnisnetz.com\/#organization\",\"name\":\"FAHRERLAUBNIS NETZ\",\"alternateName\":\"DRIVER'S LICENSE NETWORK\",\"url\":\"https:\/\/fahrerlaubnisnetz.com\/\",\"logo\":{\"@type\":\"ImageObject\",\"inLanguage\":\"es\",\"@id\":\"https:\/\/fahrerlaubnisnetz.com\/#\/schema\/logo\/image\/\",\"url\":\"https:\/\/fahrerlaubnisnetz.com\/wp-content\/uploads\/2025\/03\/image_2025-03-21_162823337.png\",\"contentUrl\":\"https:\/\/fahrerlaubnisnetz.com\/wp-content\/uploads\/2025\/03\/image_2025-03-21_162823337.png\",\"width\":590,\"height\":288,\"caption\":\"FAHRERLAUBNIS NETZ\"},\"image\":{\"@id\":\"https:\/\/fahrerlaubnisnetz.com\/#\/schema\/logo\/image\/\"}}]}<\/script>\n<!-- \/ Yoast SEO Premium plugin. -->","yoast_head_json":{"title":"Comprar licencia de conducir de las Bahamas","description":"Compre su licencia de conducir de Bahamas en l\u00ednea. Somos una oficina confiable para obtener su licencia de conducir en Bahamas. Nuestros servicios garantizan la especializaci\u00f3n en la creaci\u00f3n de la tarjeta de identificaci\u00f3n de mejor calidad en Bahamas. Estamos disponibles en cualquier momento y lugar.","robots":{"index":"index","follow":"follow","max-snippet":"max-snippet:-1","max-image-preview":"max-image-preview:large","max-video-preview":"max-video-preview:-1"},"canonical":"https:\/\/fahrerlaubnisnetz.com\/es\/product\/comprar-licencia-de-conducir-en-bahamas\/","og_locale":"es_ES","og_type":"article","og_title":"Buy Bahamas Driver Licence","og_description":"Buy Bahamas Driver Licence Online, We are an evident office to get a Bahamas Driver Licence.  Our embellishments have ensured specialization in creating the best quality ID Card in the Bahamas.  We are open for you at whatever point, any spot","og_url":"https:\/\/fahrerlaubnisnetz.com\/es\/product\/comprar-licencia-de-conducir-en-bahamas\/","og_site_name":"Fahrerlaubnis Netz","article_modified_time":"2025-06-25T15:29:47+00:00","og_image":[{"width":643,"height":505,"url":"https:\/\/fahrerlaubnisnetz.com\/wp-content\/uploads\/2024\/12\/image_2024-12-26_210854238.png","type":"image\/png"}],"twitter_card":"summary_large_image","twitter_misc":{"Tiempo de lectura":"2 minutos"},"schema":{"@context":"https:\/\/schema.org","@graph":[{"@type":"WebPage","@id":"https:\/\/fahrerlaubnisnetz.com\/product\/buy-bahamas-driver-licence\/","url":"https:\/\/fahrerlaubnisnetz.com\/product\/buy-bahamas-driver-licence\/","name":"Comprar licencia de conducir de las Bahamas","isPartOf":{"@id":"https:\/\/fahrerlaubnisnetz.com\/#website"},"primaryImageOfPage":{"@id":"https:\/\/fahrerlaubnisnetz.com\/product\/buy-bahamas-driver-licence\/#primaryimage"},"image":{"@id":"https:\/\/fahrerlaubnisnetz.com\/product\/buy-bahamas-driver-licence\/#primaryimage"},"thumbnailUrl":"https:\/\/fahrerlaubnisnetz.com\/wp-content\/uploads\/2024\/12\/image_2024-12-26_210854238.png","datePublished":"2024-12-26T20:12:52+00:00","dateModified":"2025-06-25T15:29:47+00:00","description":"Buy Bahamas Driver Licence Online, We are an evident office to get a Bahamas Driver Licence. Our embellishments have ensured specialization in creating the best quality ID Card in the Bahamas. We are open for you at whatever point, any spot","breadcrumb":{"@id":"https:\/\/fahrerlaubnisnetz.com\/product\/buy-bahamas-driver-licence\/#breadcrumb"},"inLanguage":"es","potentialAction":[{"@type":"ReadAction","target":["https:\/\/fahrerlaubnisnetz.com\/product\/buy-bahamas-driver-licence\/"]}]},{"@type":"ImageObject","inLanguage":"es","@id":"https:\/\/fahrerlaubnisnetz.com\/product\/buy-bahamas-driver-licence\/#primaryimage","url":"https:\/\/fahrerlaubnisnetz.com\/wp-content\/uploads\/2024\/12\/image_2024-12-26_210854238.png","contentUrl":"https:\/\/fahrerlaubnisnetz.com\/wp-content\/uploads\/2024\/12\/image_2024-12-26_210854238.png","width":643,"height":505},{"@type":"BreadcrumbList","@id":"https:\/\/fahrerlaubnisnetz.com\/product\/buy-bahamas-driver-licence\/#breadcrumb","itemListElement":[{"@type":"ListItem","position":1,"name":"Home","item":"https:\/\/fahrerlaubnisnetz.com\/"},{"@type":"ListItem","position":2,"name":"All Services","item":"https:\/\/fahrerlaubnisnetz.com\/shop\/"},{"@type":"ListItem","position":3,"name":"Buy Bahamas Driver Licence"}]},{"@type":"WebSite","@id":"https:\/\/fahrerlaubnisnetz.com\/#website","url":"https:\/\/fahrerlaubnisnetz.com\/","name":"FAHRERLAUBNIS NETZ","description":"Compre su licencia de conducir y pasaporte originales en l\u00ednea","publisher":{"@id":"https:\/\/fahrerlaubnisnetz.com\/#organization"},"alternateName":"DRIVER'S LICENSE NETWORK","potentialAction":[{"@type":"SearchAction","target":{"@type":"EntryPoint","urlTemplate":"https:\/\/fahrerlaubnisnetz.com\/?s={search_term_string}"},"query-input":{"@type":"PropertyValueSpecification","valueRequired":true,"valueName":"search_term_string"}}],"inLanguage":"es"},{"@type":"Organization","@id":"https:\/\/fahrerlaubnisnetz.com\/#organization","name":"FAHRERLAUBNIS NETZ","alternateName":"DRIVER'S LICENSE NETWORK","url":"https:\/\/fahrerlaubnisnetz.com\/","logo":{"@type":"ImageObject","inLanguage":"es","@id":"https:\/\/fahrerlaubnisnetz.com\/#\/schema\/logo\/image\/","url":"https:\/\/fahrerlaubnisnetz.com\/wp-content\/uploads\/2025\/03\/image_2025-03-21_162823337.png","contentUrl":"https:\/\/fahrerlaubnisnetz.com\/wp-content\/uploads\/2025\/03\/image_2025-03-21_162823337.png","width":590,"height":288,"caption":"FAHRERLAUBNIS NETZ"},"image":{"@id":"https:\/\/fahrerlaubnisnetz.com\/#\/schema\/logo\/image\/"}}]}},"_links":{"self":[{"href":"https:\/\/fahrerlaubnisnetz.com\/es\/wp-json\/wp\/v2\/product\/2006","targetHints":{"allow":["GET"]}}],"collection":[{"href":"https:\/\/fahrerlaubnisnetz.com\/es\/wp-json\/wp\/v2\/product"}],"about":[{"href":"https:\/\/fahrerlaubnisnetz.com\/es\/wp-json\/wp\/v2\/types\/product"}],"replies":[{"embeddable":true,"href":"https:\/\/fahrerlaubnisnetz.com\/es\/wp-json\/wp\/v2\/comments?post=2006"}],"wp:featuredmedia":[{"embeddable":true,"href":"https:\/\/fahrerlaubnisnetz.com\/es\/wp-json\/wp\/v2\/media\/2007"}],"wp:attachment":[{"href":"https:\/\/fahrerlaubnisnetz.com\/es\/wp-json\/wp\/v2\/media?parent=2006"}],"wp:term":[{"taxonomy":"product_brand","embeddable":true,"href":"https:\/\/fahrerlaubnisnetz.com\/es\/wp-json\/wp\/v2\/product_brand?post=2006"},{"taxonomy":"product_cat","embeddable":true,"href":"https:\/\/fahrerlaubnisnetz.com\/es\/wp-json\/wp\/v2\/product_cat?post=2006"},{"taxonomy":"product_tag","embeddable":true,"href":"https:\/\/fahrerlaubnisnetz.com\/es\/wp-json\/wp\/v2\/product_tag?post=2006"}],"curies":[{"name":"wp","href":"https:\/\/api.w.org\/{rel}","templated":true}]}}