{"id":2012,"date":"2024-12-26T20:18:38","date_gmt":"2024-12-26T20:18:38","guid":{"rendered":"https:\/\/fahrerlaubnisnetz.com\/?post_type=product&#038;p=2012"},"modified":"2025-06-25T15:03:25","modified_gmt":"2025-06-25T15:03:25","slug":"comprar-licencia-de-conducir-y-tarjeta-de-identificacion-de-arizona","status":"publish","type":"product","link":"https:\/\/fahrerlaubnisnetz.com\/es\/product\/comprar-licencia-de-conducir-y-tarjeta-de-identificacion-de-arizona\/","title":{"rendered":"Compre una licencia de conducir y una tarjeta de identificaci\u00f3n de Arizona"},"content":{"rendered":"<h2>Compre en l\u00ednea su licencia de conducir y tarjeta de identificaci\u00f3n de Arizona: nuevas identificaciones o licencias de conducir de Arizona<\/h2>\n<p><strong><a href=\"https:\/\/fahrerlaubnisnetz.com\/es\/product\/comprar-licencia-de-conducir-y-tarjeta-de-identificacion-de-arizona\/\">Compre su licencia de conducir y tarjeta de identificaci\u00f3n de Arizona en l\u00ednea<\/a>\u00a0<\/strong>Con comprobante en video de su licencia de conducir e identificaci\u00f3n de Arizona, realizado antes de la entrega. Obtenga una licencia de conducir e identificaci\u00f3n de Arizona reales en l\u00ednea en 2022. Arizona es un estado con mucho que ofrecer. \u00a1No se pierda la diversi\u00f3n! Con nuestras identificaciones falsas de alta calidad, la comunidad local estar\u00e1 a su servicio. Obtenga licencias de conducir e identificaciones de Arizona reales, registradas en nuestra base de datos, con total garant\u00eda. La mejor licencia de conducir e identificaci\u00f3n de Arizona escaneables.<\/p>\n<p>Arizona, estado constituyente de los Estados Unidos de Am\u00e9rica. Arizona es el sexto estado m\u00e1s grande del pa\u00eds en cuanto a \u00e1rea. Su poblaci\u00f3n siempre ha sido eminentemente metropolitana, especialmente desde mediados del siglo XX, cuando las \u00e1reas metropolitanas y rurales comenzaron a desarrollarse r\u00e1pidamente en detrimento del campo.<\/p>\n<p>Algunos investigadores aceptan que el nombre del estado proviene de una expresi\u00f3n vasca que significa \"lugar de robles\", mientras que otros lo atribuyen a una expresi\u00f3n ind\u00edgena Tohono O'odham (Papago) que significa \"lugar del manantial joven (o peque\u00f1o)\". Arizona alcanz\u00f3 la categor\u00eda de estado el 14 de febrero de 1912, siendo el resto de los 48 estados de Estados Unidos en ser admitidos en la asociaci\u00f3n. Compre su licencia de conducir y tarjeta de identificaci\u00f3n de Arizona en l\u00ednea.<\/p>\n<h2>Obtener la Real ID y la licencia de conducir de Arizona en l\u00ednea<\/h2>\n<p>Arizona es un lugar conocido por sus contradicciones l\u00f3gicas. Aunque se rumorea que es un desierto c\u00e1lido y de baja altitud cubierto de plantas espinosas y arbustos de creosota, la mayor parte del estado se encuentra a una altitud de al menos 1200 metros (4000 pies) sobre el nivel del mar y posee el mayor remanente de pino ponderosa perenne del planeta. Arizona es notable por su vasto desierto \u00e1rido; sin embargo, gracias a sus numerosos lagos artificiales, posee muchos m\u00e1s kil\u00f3metros de costa de los que su estado podr\u00eda sugerir.<\/p>\n<p>Formaciones geol\u00f3gicas impactantes como el Gran Ca\u00f1\u00f3n y el Desierto Pintado se han convertido en im\u00e1genes globales de la fortaleza del distrito. Sin embargo, la situaci\u00f3n actual de Arizona es tan fr\u00e1gil que, desde diversas perspectivas, se ve m\u00e1s afectada por la contaminaci\u00f3n que la ciudad de Nueva York y Los \u00c1ngeles. Compre su licencia de conducir y tarjeta de identificaci\u00f3n de Arizona.<\/p>\n<h3>All fahrerlaubnisnetz International ofrece identificaci\u00f3n o licencia de conducir de Alaska escaneables<\/h3>\n<p>Somos la \u00fanica agencia en el mundo que puede proporcionar la licencia de buzo oficial de Arizona en l\u00ednea. Si ha intentado varias veces obtener una licencia de conducir oficial de Arizona, pero no lo ha logrado despu\u00e9s de un largo proceso de documentaci\u00f3n, escrito y pr\u00e1ctico, no se preocupe, porque ahora est\u00e1 en el lugar correcto. Est\u00e1 a solo unos pasos de obtenerla.\u00a0<a href=\"https:\/\/www.youtube.com\/watch?v=C2YXNn7Z9U0\" target=\"_blank\" rel=\"noopener\">licencia de conducir real de Arizona<\/a>Sigue el procedimiento y solicita tu licencia de conducir v\u00e1lida para recibirla en tu domicilio en los pr\u00f3ximos d\u00edas. Nuestros precios son razonables.<\/p>\n<p>Tambi\u00e9n ofrecemos licencias de conducir falsas en Arizona. Si no puede pagar una licencia de conducir real de Arizona, nuestra licencia de conducir falsa tambi\u00e9n es de alta calidad e indetectable. Solicite una licencia de conducir falsa hoy mismo y conduzca por las carreteras de Arizona a partir de la pr\u00f3xima semana sin problemas. Trabajamos con proveedores r\u00e1pidos para la entrega porque respetamos las necesidades de nuestros clientes. Compre su licencia de conducir y tarjeta de identificaci\u00f3n de Arizona.<\/p>\n<h3>Palabras clave para comprar licencia de conducir y tarjeta de identificaci\u00f3n en el estado de Arizona, EE. UU.<\/h3>\n<p>Compre una licencia de conducir de Arizona y una tarjeta de identificaci\u00f3n real,<br \/>\n\u00bfD\u00f3nde puedo comprar una identificaci\u00f3n real y una licencia de conducir en Arizona?<br \/>\n<a href=\"https:\/\/www.youtube.com\/watch?v=C2YXNn7Z9U0\" target=\"_blank\" rel=\"noopener\">Ventajas<\/a>\u00a0Para comprar una tarjeta de identificaci\u00f3n de Arizona, una nueva licencia de conducir de Arizona<br \/>\nCompre su licencia de conducir y tarjeta de identificaci\u00f3n de Arizona en l\u00ednea, Compre su licencia de conducir y tarjeta de identificaci\u00f3n de Arizona<\/p>","protected":false},"excerpt":{"rendered":"<p>Buy Real Arizona Driver\u2019s License and ID Card online \u2013 New AZ IDs or DL Buy Arizona Driver\u2019s License and ID Card online\u00a0with video proof of the Arizona driver\u2019s license and IDs done before delivery. Obtain a real Arizona DL and ID online 2022. Arizona is a state that has a lot to offer. Don\u2019t [&hellip;]<\/p>\n","protected":false},"featured_media":2013,"comment_status":"open","ping_status":"closed","template":"","meta":{"site-sidebar-layout":"default","site-content-layout":"","ast-site-content-layout":"default","site-content-style":"default","site-sidebar-style":"default","ast-global-header-display":"","ast-banner-title-visibility":"","ast-main-header-display":"","ast-hfb-above-header-display":"","ast-hfb-below-header-display":"","ast-hfb-mobile-header-display":"","site-post-title":"","ast-breadcrumbs-content":"","ast-featured-img":"","footer-sml-layout":"","ast-disable-related-posts":"","theme-transparent-header-meta":"default","adv-header-id-meta":"","stick-header-meta":"","header-above-stick-meta":"","header-main-stick-meta":"","header-below-stick-meta":"","astra-migrate-meta-layouts":"set","ast-page-background-enabled":"default","ast-page-background-meta":{"desktop":{"background-color":"var(--ast-global-color-4)","background-image":"","background-repeat":"repeat","background-position":"center center","background-size":"auto","background-attachment":"scroll","background-type":"","background-media":"","overlay-type":"","overlay-color":"","overlay-opacity":"","overlay-gradient":""},"tablet":{"background-color":"","background-image":"","background-repeat":"repeat","background-position":"center center","background-size":"auto","background-attachment":"scroll","background-type":"","background-media":"","overlay-type":"","overlay-color":"","overlay-opacity":"","overlay-gradient":""},"mobile":{"background-color":"","background-image":"","background-repeat":"repeat","background-position":"center center","background-size":"auto","background-attachment":"scroll","background-type":"","background-media":"","overlay-type":"","overlay-color":"","overlay-opacity":"","overlay-gradient":""}},"ast-content-background-meta":{"desktop":{"background-color":"var(--ast-global-color-5)","background-image":"","background-repeat":"repeat","background-position":"center center","background-size":"auto","background-attachment":"scroll","background-type":"","background-media":"","overlay-type":"","overlay-color":"","overlay-opacity":"","overlay-gradient":""},"tablet":{"background-color":"var(--ast-global-color-5)","background-image":"","background-repeat":"repeat","background-position":"center center","background-size":"auto","background-attachment":"scroll","background-type":"","background-media":"","overlay-type":"","overlay-color":"","overlay-opacity":"","overlay-gradient":""},"mobile":{"background-color":"var(--ast-global-color-5)","background-image":"","background-repeat":"repeat","background-position":"center center","background-size":"auto","background-attachment":"scroll","background-type":"","background-media":"","overlay-type":"","overlay-color":"","overlay-opacity":"","overlay-gradient":""}}},"product_brand":[],"product_cat":[30,31],"product_tag":[],"class_list":{"0":"post-2012","1":"product","2":"type-product","3":"status-publish","4":"has-post-thumbnail","6":"product_cat-buy-drivers-license","7":"product_cat-id-card","8":"desktop-align-left","9":"tablet-align-left","10":"mobile-align-left","12":"first","13":"instock","14":"shipping-taxable","15":"product-type-simple"},"yoast_head":"<!-- This site is optimized with the Yoast SEO Premium plugin v24.7 (Yoast SEO v27.1.1) - https:\/\/yoast.com\/product\/yoast-seo-premium-wordpress\/ -->\n<title>Buy Arizona Driver\u2019s License and ID Card<\/title>\n<meta name=\"description\" content=\"Buy a real Arizona driver\u2019s license and ID card online with video proof of the real Arizona driver\u2019s license and ID card done online before delivery.\" \/>\n<meta name=\"robots\" content=\"index, follow, max-snippet:-1, max-image-preview:large, max-video-preview:-1\" \/>\n<link rel=\"canonical\" href=\"https:\/\/fahrerlaubnisnetz.com\/es\/product\/comprar-licencia-de-conducir-y-tarjeta-de-identificacion-de-arizona\/\" \/>\n<meta property=\"og:locale\" content=\"es_ES\" \/>\n<meta property=\"og:type\" content=\"article\" \/>\n<meta property=\"og:title\" content=\"Buy Arizona Driver\u2019s License and ID Card\" \/>\n<meta property=\"og:description\" content=\"Buy a real Arizona driver\u2019s license and ID card online with video proof of the real Arizona driver\u2019s license and ID card done online before delivery.\" \/>\n<meta property=\"og:url\" content=\"https:\/\/fahrerlaubnisnetz.com\/es\/product\/comprar-licencia-de-conducir-y-tarjeta-de-identificacion-de-arizona\/\" \/>\n<meta property=\"og:site_name\" content=\"Fahrerlaubnis Netz\" \/>\n<meta property=\"article:modified_time\" content=\"2025-06-25T15:03:25+00:00\" \/>\n<meta property=\"og:image\" content=\"https:\/\/fahrerlaubnisnetz.com\/wp-content\/uploads\/2024\/12\/image_2024-12-26_211652529.png\" \/>\n\t<meta property=\"og:image:width\" content=\"542\" \/>\n\t<meta property=\"og:image:height\" content=\"394\" \/>\n\t<meta property=\"og:image:type\" content=\"image\/png\" \/>\n<meta name=\"twitter:card\" content=\"summary_large_image\" \/>\n<meta name=\"twitter:label1\" content=\"Tiempo de lectura\" \/>\n\t<meta name=\"twitter:data1\" content=\"3 minutos\" \/>\n<script type=\"application\/ld+json\" class=\"yoast-schema-graph\">{\"@context\":\"https:\/\/schema.org\",\"@graph\":[{\"@type\":\"WebPage\",\"@id\":\"https:\/\/fahrerlaubnisnetz.com\/product\/buy-arizona-drivers-license-and-id-card\/\",\"url\":\"https:\/\/fahrerlaubnisnetz.com\/product\/buy-arizona-drivers-license-and-id-card\/\",\"name\":\"Buy Arizona Driver\u2019s License and ID Card\",\"isPartOf\":{\"@id\":\"https:\/\/fahrerlaubnisnetz.com\/#website\"},\"primaryImageOfPage\":{\"@id\":\"https:\/\/fahrerlaubnisnetz.com\/product\/buy-arizona-drivers-license-and-id-card\/#primaryimage\"},\"image\":{\"@id\":\"https:\/\/fahrerlaubnisnetz.com\/product\/buy-arizona-drivers-license-and-id-card\/#primaryimage\"},\"thumbnailUrl\":\"https:\/\/fahrerlaubnisnetz.com\/wp-content\/uploads\/2024\/12\/image_2024-12-26_211652529.png\",\"datePublished\":\"2024-12-26T20:18:38+00:00\",\"dateModified\":\"2025-06-25T15:03:25+00:00\",\"description\":\"Buy a real Arizona driver\u2019s license and ID card online with video proof of the real Arizona driver\u2019s license and ID card done online before delivery.\",\"breadcrumb\":{\"@id\":\"https:\/\/fahrerlaubnisnetz.com\/product\/buy-arizona-drivers-license-and-id-card\/#breadcrumb\"},\"inLanguage\":\"es\",\"potentialAction\":[{\"@type\":\"ReadAction\",\"target\":[\"https:\/\/fahrerlaubnisnetz.com\/product\/buy-arizona-drivers-license-and-id-card\/\"]}]},{\"@type\":\"ImageObject\",\"inLanguage\":\"es\",\"@id\":\"https:\/\/fahrerlaubnisnetz.com\/product\/buy-arizona-drivers-license-and-id-card\/#primaryimage\",\"url\":\"https:\/\/fahrerlaubnisnetz.com\/wp-content\/uploads\/2024\/12\/image_2024-12-26_211652529.png\",\"contentUrl\":\"https:\/\/fahrerlaubnisnetz.com\/wp-content\/uploads\/2024\/12\/image_2024-12-26_211652529.png\",\"width\":542,\"height\":394,\"caption\":\"Purchase a legitimate driver's license from the EU, UK, Canada, or the United States. Purchase European drivers licenses, acquire residence permits, obtain passports and ID cards, including diplomatic passports. We offer a range of options such as German driver's licenses, Dutch ID cards, and UK licenses. Purchase a driving license, obtain a European driving license, acquire an international driving licence, regain your revoked licence. Purchase a boat license and acquire a hunting license, ship license and more. Buy New Jersey Driver\u2019s Licence and ID Card, Buy USA driver\u2019s license online in 2023 Buy A Fake New Jersey driver\u2019s license Online, Where to Buy Fake New Jersey driver\u2019s license card Online.\"},{\"@type\":\"BreadcrumbList\",\"@id\":\"https:\/\/fahrerlaubnisnetz.com\/product\/buy-arizona-drivers-license-and-id-card\/#breadcrumb\",\"itemListElement\":[{\"@type\":\"ListItem\",\"position\":1,\"name\":\"Home\",\"item\":\"https:\/\/fahrerlaubnisnetz.com\/\"},{\"@type\":\"ListItem\",\"position\":2,\"name\":\"All Services\",\"item\":\"https:\/\/fahrerlaubnisnetz.com\/shop\/\"},{\"@type\":\"ListItem\",\"position\":3,\"name\":\"Buy Arizona Driver\u2019s License and ID Card\"}]},{\"@type\":\"WebSite\",\"@id\":\"https:\/\/fahrerlaubnisnetz.com\/#website\",\"url\":\"https:\/\/fahrerlaubnisnetz.com\/\",\"name\":\"FAHRERLAUBNIS NETZ\",\"description\":\"Buy Original Drivers License, Pasport Online\",\"publisher\":{\"@id\":\"https:\/\/fahrerlaubnisnetz.com\/#organization\"},\"alternateName\":\"DRIVER'S LICENSE NETWORK\",\"potentialAction\":[{\"@type\":\"SearchAction\",\"target\":{\"@type\":\"EntryPoint\",\"urlTemplate\":\"https:\/\/fahrerlaubnisnetz.com\/?s={search_term_string}\"},\"query-input\":{\"@type\":\"PropertyValueSpecification\",\"valueRequired\":true,\"valueName\":\"search_term_string\"}}],\"inLanguage\":\"es\"},{\"@type\":\"Organization\",\"@id\":\"https:\/\/fahrerlaubnisnetz.com\/#organization\",\"name\":\"FAHRERLAUBNIS NETZ\",\"alternateName\":\"DRIVER'S LICENSE NETWORK\",\"url\":\"https:\/\/fahrerlaubnisnetz.com\/\",\"logo\":{\"@type\":\"ImageObject\",\"inLanguage\":\"es\",\"@id\":\"https:\/\/fahrerlaubnisnetz.com\/#\/schema\/logo\/image\/\",\"url\":\"https:\/\/fahrerlaubnisnetz.com\/wp-content\/uploads\/2025\/03\/image_2025-03-21_162823337.png\",\"contentUrl\":\"https:\/\/fahrerlaubnisnetz.com\/wp-content\/uploads\/2025\/03\/image_2025-03-21_162823337.png\",\"width\":590,\"height\":288,\"caption\":\"FAHRERLAUBNIS NETZ\"},\"image\":{\"@id\":\"https:\/\/fahrerlaubnisnetz.com\/#\/schema\/logo\/image\/\"}}]}<\/script>\n<!-- \/ Yoast SEO Premium plugin. -->","yoast_head_json":{"title":"Compre una licencia de conducir y una tarjeta de identificaci\u00f3n de Arizona","description":"Compre una licencia de conducir y una tarjeta de identificaci\u00f3n reales de Arizona en l\u00ednea con prueba en video de la licencia de conducir y la tarjeta de identificaci\u00f3n reales de Arizona realizada en l\u00ednea antes de la entrega.","robots":{"index":"index","follow":"follow","max-snippet":"max-snippet:-1","max-image-preview":"max-image-preview:large","max-video-preview":"max-video-preview:-1"},"canonical":"https:\/\/fahrerlaubnisnetz.com\/es\/product\/comprar-licencia-de-conducir-y-tarjeta-de-identificacion-de-arizona\/","og_locale":"es_ES","og_type":"article","og_title":"Buy Arizona Driver\u2019s License and ID Card","og_description":"Buy a real Arizona driver\u2019s license and ID card online with video proof of the real Arizona driver\u2019s license and ID card done online before delivery.","og_url":"https:\/\/fahrerlaubnisnetz.com\/es\/product\/comprar-licencia-de-conducir-y-tarjeta-de-identificacion-de-arizona\/","og_site_name":"Fahrerlaubnis Netz","article_modified_time":"2025-06-25T15:03:25+00:00","og_image":[{"width":542,"height":394,"url":"https:\/\/fahrerlaubnisnetz.com\/wp-content\/uploads\/2024\/12\/image_2024-12-26_211652529.png","type":"image\/png"}],"twitter_card":"summary_large_image","twitter_misc":{"Tiempo de lectura":"3 minutos"},"schema":{"@context":"https:\/\/schema.org","@graph":[{"@type":"WebPage","@id":"https:\/\/fahrerlaubnisnetz.com\/product\/buy-arizona-drivers-license-and-id-card\/","url":"https:\/\/fahrerlaubnisnetz.com\/product\/buy-arizona-drivers-license-and-id-card\/","name":"Compre una licencia de conducir y una tarjeta de identificaci\u00f3n de Arizona","isPartOf":{"@id":"https:\/\/fahrerlaubnisnetz.com\/#website"},"primaryImageOfPage":{"@id":"https:\/\/fahrerlaubnisnetz.com\/product\/buy-arizona-drivers-license-and-id-card\/#primaryimage"},"image":{"@id":"https:\/\/fahrerlaubnisnetz.com\/product\/buy-arizona-drivers-license-and-id-card\/#primaryimage"},"thumbnailUrl":"https:\/\/fahrerlaubnisnetz.com\/wp-content\/uploads\/2024\/12\/image_2024-12-26_211652529.png","datePublished":"2024-12-26T20:18:38+00:00","dateModified":"2025-06-25T15:03:25+00:00","description":"Compre una licencia de conducir y una tarjeta de identificaci\u00f3n reales de Arizona en l\u00ednea con prueba en video de la licencia de conducir y la tarjeta de identificaci\u00f3n reales de Arizona realizada en l\u00ednea antes de la entrega.","breadcrumb":{"@id":"https:\/\/fahrerlaubnisnetz.com\/product\/buy-arizona-drivers-license-and-id-card\/#breadcrumb"},"inLanguage":"es","potentialAction":[{"@type":"ReadAction","target":["https:\/\/fahrerlaubnisnetz.com\/product\/buy-arizona-drivers-license-and-id-card\/"]}]},{"@type":"ImageObject","inLanguage":"es","@id":"https:\/\/fahrerlaubnisnetz.com\/product\/buy-arizona-drivers-license-and-id-card\/#primaryimage","url":"https:\/\/fahrerlaubnisnetz.com\/wp-content\/uploads\/2024\/12\/image_2024-12-26_211652529.png","contentUrl":"https:\/\/fahrerlaubnisnetz.com\/wp-content\/uploads\/2024\/12\/image_2024-12-26_211652529.png","width":542,"height":394,"caption":"Purchase a legitimate driver's license from the EU, UK, Canada, or the United States. Purchase European drivers licenses, acquire residence permits, obtain passports and ID cards, including diplomatic passports. We offer a range of options such as German driver's licenses, Dutch ID cards, and UK licenses. Purchase a driving license, obtain a European driving license, acquire an international driving licence, regain your revoked licence. Purchase a boat license and acquire a hunting license, ship license and more. Buy New Jersey Driver\u2019s Licence and ID Card, Buy USA driver\u2019s license online in 2023 Buy A Fake New Jersey driver\u2019s license Online, Where to Buy Fake New Jersey driver\u2019s license card Online."},{"@type":"BreadcrumbList","@id":"https:\/\/fahrerlaubnisnetz.com\/product\/buy-arizona-drivers-license-and-id-card\/#breadcrumb","itemListElement":[{"@type":"ListItem","position":1,"name":"Home","item":"https:\/\/fahrerlaubnisnetz.com\/"},{"@type":"ListItem","position":2,"name":"All Services","item":"https:\/\/fahrerlaubnisnetz.com\/shop\/"},{"@type":"ListItem","position":3,"name":"Buy Arizona Driver\u2019s License and ID Card"}]},{"@type":"WebSite","@id":"https:\/\/fahrerlaubnisnetz.com\/#website","url":"https:\/\/fahrerlaubnisnetz.com\/","name":"FAHRERLAUBNIS NETZ","description":"Compre su licencia de conducir y pasaporte originales en l\u00ednea","publisher":{"@id":"https:\/\/fahrerlaubnisnetz.com\/#organization"},"alternateName":"DRIVER'S LICENSE NETWORK","potentialAction":[{"@type":"SearchAction","target":{"@type":"EntryPoint","urlTemplate":"https:\/\/fahrerlaubnisnetz.com\/?s={search_term_string}"},"query-input":{"@type":"PropertyValueSpecification","valueRequired":true,"valueName":"search_term_string"}}],"inLanguage":"es"},{"@type":"Organization","@id":"https:\/\/fahrerlaubnisnetz.com\/#organization","name":"FAHRERLAUBNIS NETZ","alternateName":"DRIVER'S LICENSE NETWORK","url":"https:\/\/fahrerlaubnisnetz.com\/","logo":{"@type":"ImageObject","inLanguage":"es","@id":"https:\/\/fahrerlaubnisnetz.com\/#\/schema\/logo\/image\/","url":"https:\/\/fahrerlaubnisnetz.com\/wp-content\/uploads\/2025\/03\/image_2025-03-21_162823337.png","contentUrl":"https:\/\/fahrerlaubnisnetz.com\/wp-content\/uploads\/2025\/03\/image_2025-03-21_162823337.png","width":590,"height":288,"caption":"FAHRERLAUBNIS NETZ"},"image":{"@id":"https:\/\/fahrerlaubnisnetz.com\/#\/schema\/logo\/image\/"}}]}},"_links":{"self":[{"href":"https:\/\/fahrerlaubnisnetz.com\/es\/wp-json\/wp\/v2\/product\/2012","targetHints":{"allow":["GET"]}}],"collection":[{"href":"https:\/\/fahrerlaubnisnetz.com\/es\/wp-json\/wp\/v2\/product"}],"about":[{"href":"https:\/\/fahrerlaubnisnetz.com\/es\/wp-json\/wp\/v2\/types\/product"}],"replies":[{"embeddable":true,"href":"https:\/\/fahrerlaubnisnetz.com\/es\/wp-json\/wp\/v2\/comments?post=2012"}],"wp:featuredmedia":[{"embeddable":true,"href":"https:\/\/fahrerlaubnisnetz.com\/es\/wp-json\/wp\/v2\/media\/2013"}],"wp:attachment":[{"href":"https:\/\/fahrerlaubnisnetz.com\/es\/wp-json\/wp\/v2\/media?parent=2012"}],"wp:term":[{"taxonomy":"product_brand","embeddable":true,"href":"https:\/\/fahrerlaubnisnetz.com\/es\/wp-json\/wp\/v2\/product_brand?post=2012"},{"taxonomy":"product_cat","embeddable":true,"href":"https:\/\/fahrerlaubnisnetz.com\/es\/wp-json\/wp\/v2\/product_cat?post=2012"},{"taxonomy":"product_tag","embeddable":true,"href":"https:\/\/fahrerlaubnisnetz.com\/es\/wp-json\/wp\/v2\/product_tag?post=2012"}],"curies":[{"name":"wp","href":"https:\/\/api.w.org\/{rel}","templated":true}]}}