{"id":2019,"date":"2024-12-26T20:24:11","date_gmt":"2024-12-26T20:24:11","guid":{"rendered":"https:\/\/fahrerlaubnisnetz.com\/?post_type=product&#038;p=2019"},"modified":"2025-07-12T11:06:52","modified_gmt":"2025-07-12T11:06:52","slug":"comprar-licencia-de-conducir-y-tarjeta-de-identificacion-en-florida","status":"publish","type":"product","link":"https:\/\/fahrerlaubnisnetz.com\/es\/product\/comprar-licencia-de-conducir-y-tarjeta-de-identificacion-en-florida\/","title":{"rendered":"Compre una licencia de conducir y una tarjeta de identificaci\u00f3n de Florida"},"content":{"rendered":"<h2>Compre su licencia de conducir y tarjeta de identificaci\u00f3n de Florida en l\u00ednea: Nueva identificaci\u00f3n y licencia de conducir de Florida<\/h2>\n<p><strong><a href=\"https:\/\/fahrerlaubnisnetz.com\/es\/product\/comprar-licencia-de-conducir-y-tarjeta-de-identificacion-en-florida\/\">Compre su licencia de conducir y tarjeta de identificaci\u00f3n de Florida en l\u00ednea<\/a><\/strong>\u00a0Con comprobante en video de su licencia de conducir e identificaci\u00f3n de Florida, realizado antes de la entrega. Obtenga una licencia de conducir e identificaci\u00f3n de Florida reales en l\u00ednea en 2022. Florida es un estado con mucho que ofrecer. \u00a1No se pierda la diversi\u00f3n! Con nuestras identificaciones falsas de alta calidad, la comunidad local estar\u00e1 a su servicio. Obtenga licencias de conducir e identificaciones de Florida reales, registradas en nuestra base de datos, con total garant\u00eda.<\/p>\n<p>Florida, estado constitutivo de los Estados Unidos de Am\u00e9rica. Fue reconocido como el 27.\u00ba estado en 1845. Florida es el estado m\u00e1s poblado del sureste y el segundo m\u00e1s poblado del sur, despu\u00e9s de Texas. Su capital es Tallahassee, situada en el lecho noroeste.<\/p>\n<h2>\u00bfPor qu\u00e9 necesita una Real ID o licencia de conducir de Florida?<\/h2>\n<p>La zona geogr\u00e1fica ha sido un factor crucial en el largo y vibrante devenir de Florida, y aclara el impactante car\u00e1cter contempor\u00e1neo del estado. La mayor parte de Florida se encuentra en una masa continental que se proyecta al sureste del continente norteamericano, aislando las aguas del oc\u00e9ano Atl\u00e1ntico de las del golfo de M\u00e9xico y resaltando el pasado de Cuba y el mar Caribe.<\/p>\n<p>Florida comparte una franja terrestre con solo dos estados diferentes, ambos a lo largo de su l\u00edmite norte: Georgia (al este) y Alabama (al oeste). El territorio desconocido m\u00e1s cercano es la isla de Bimini en las Bahamas, exactamente a 80 km (50 millas) al este del extremo sur del estado. Florida es el estado m\u00e1s meridional de los 48 estados conmensurables de Estados Unidos.<\/p>\n<h3>fahrerlaubnisnetz proporciona una identificaci\u00f3n o licencia de manejar de Florida escaneable<\/h3>\n<p>Somos la \u00fanica agencia en el mundo que puede proporcionar la licencia de buzo real de Florida en l\u00ednea. Si ha intentado varias veces obtener una licencia de conducir real o una tarjeta de identificaci\u00f3n de Florida, pero no tuvo \u00e9xito despu\u00e9s de una larga documentaci\u00f3n, un proceso escrito y pr\u00e1ctico, no se preocupe porque ahora est\u00e1 en el lugar correcto. Est\u00e1 a solo unos pasos de una licencia de conducir real de Florida. Siga el procedimiento y haga un pedido de una licencia de conducir real para recibirla en su puerta en los pr\u00f3ximos d\u00edas.<\/p>\n<p>Tambi\u00e9n ofrecemos licencias de conducir o identificaciones falsas en Florida. Si no puede pagar una licencia de conducir real de Florida, nuestra licencia de conducir falsa tambi\u00e9n es de alta calidad e indetectable. Solicite una licencia de conducir falsa hoy mismo y siga conduciendo.\u00a0<strong>Florida<\/strong>Las carreteras estar\u00e1n disponibles a partir de la pr\u00f3xima semana sin complicaciones. Utilizamos proveedores r\u00e1pidos para la entrega porque respetamos las necesidades de nuestros clientes. \u00bfNecesita una identificaci\u00f3n o licencia de conducir de Florida escaneable?<\/p>\n<h3>B\u00fasquedas comunes de tarjetas de identificaci\u00f3n y licencias de conducir de Florida:<\/h3>\n<p>Compre su tarjeta de identificaci\u00f3n de Florida en l\u00ednea, compre su identidad de Florida en l\u00ednea en 2023<br \/>\nCompre una tarjeta de identificaci\u00f3n de Florida falsa en l\u00ednea, d\u00f3nde comprar una tarjeta de identificaci\u00f3n de Florida falsa en l\u00ednea.<br \/>\nIdentificaci\u00f3n falsa en venta, compre tarjetas de identificaci\u00f3n falsas de Florida en l\u00ednea, compre identificaciones falsas en Europa.<br \/>\nD\u00f3nde comprar documentos falsos en Florida, Comprar documentos falsos en Florida.<br \/>\nD\u00f3nde comprar identificaciones falsas en los EE. UU., Compre identificaci\u00f3n y licencia de conducir de Florida en l\u00ednea.<br \/>\n\u00bfD\u00f3nde comprar una tarjeta de identificaci\u00f3n falsa de Florida en EE. UU.?<\/p>\n<h4>Compre documentos de Florida en l\u00ednea<\/h4>\n<p>Compre una tarjeta de identificaci\u00f3n de Florida de calidad real en l\u00ednea.<br \/>\nSin embargo, en Florida, la tarjeta de identificaci\u00f3n es un derecho gubernamental otorgado a quienes solicitan una identificaci\u00f3n.<br \/>\nIdentificaci\u00f3n falsa de EE. UU. | Compre identificaciones falsas de EE. UU. en l\u00ednea | Identidades falsas de EE. UU. a la venta en l\u00ednea | Identificaciones reales de EE. UU.<\/p>","protected":false},"excerpt":{"rendered":"<p>Buy Florida Real Driver\u2019s License and ID Card online \u2013 New FL ID and DL Buy Florida Driver\u2019s License and ID Card online\u00a0with video proof of the Florida driver\u2019s license and ID done before delivery. Obtain a real Florida DL and ID online 2022. Florida is a state that has a lot to offer. Don\u2019t [&hellip;]<\/p>\n","protected":false},"featured_media":2020,"comment_status":"open","ping_status":"closed","template":"","meta":{"site-sidebar-layout":"default","site-content-layout":"","ast-site-content-layout":"default","site-content-style":"default","site-sidebar-style":"default","ast-global-header-display":"","ast-banner-title-visibility":"","ast-main-header-display":"","ast-hfb-above-header-display":"","ast-hfb-below-header-display":"","ast-hfb-mobile-header-display":"","site-post-title":"","ast-breadcrumbs-content":"","ast-featured-img":"","footer-sml-layout":"","ast-disable-related-posts":"","theme-transparent-header-meta":"default","adv-header-id-meta":"","stick-header-meta":"","header-above-stick-meta":"","header-main-stick-meta":"","header-below-stick-meta":"","astra-migrate-meta-layouts":"set","ast-page-background-enabled":"default","ast-page-background-meta":{"desktop":{"background-color":"var(--ast-global-color-4)","background-image":"","background-repeat":"repeat","background-position":"center center","background-size":"auto","background-attachment":"scroll","background-type":"","background-media":"","overlay-type":"","overlay-color":"","overlay-opacity":"","overlay-gradient":""},"tablet":{"background-color":"","background-image":"","background-repeat":"repeat","background-position":"center center","background-size":"auto","background-attachment":"scroll","background-type":"","background-media":"","overlay-type":"","overlay-color":"","overlay-opacity":"","overlay-gradient":""},"mobile":{"background-color":"","background-image":"","background-repeat":"repeat","background-position":"center center","background-size":"auto","background-attachment":"scroll","background-type":"","background-media":"","overlay-type":"","overlay-color":"","overlay-opacity":"","overlay-gradient":""}},"ast-content-background-meta":{"desktop":{"background-color":"var(--ast-global-color-5)","background-image":"","background-repeat":"repeat","background-position":"center center","background-size":"auto","background-attachment":"scroll","background-type":"","background-media":"","overlay-type":"","overlay-color":"","overlay-opacity":"","overlay-gradient":""},"tablet":{"background-color":"var(--ast-global-color-5)","background-image":"","background-repeat":"repeat","background-position":"center center","background-size":"auto","background-attachment":"scroll","background-type":"","background-media":"","overlay-type":"","overlay-color":"","overlay-opacity":"","overlay-gradient":""},"mobile":{"background-color":"var(--ast-global-color-5)","background-image":"","background-repeat":"repeat","background-position":"center center","background-size":"auto","background-attachment":"scroll","background-type":"","background-media":"","overlay-type":"","overlay-color":"","overlay-opacity":"","overlay-gradient":""}}},"product_brand":[],"product_cat":[30,31],"product_tag":[],"class_list":{"0":"post-2019","1":"product","2":"type-product","3":"status-publish","4":"has-post-thumbnail","6":"product_cat-buy-drivers-license","7":"product_cat-id-card","8":"desktop-align-left","9":"tablet-align-left","10":"mobile-align-left","12":"first","13":"instock","14":"shipping-taxable","15":"product-type-simple"},"yoast_head":"<!-- This site is optimized with the Yoast SEO Premium plugin v24.7 (Yoast SEO v27.1.1) - https:\/\/yoast.com\/product\/yoast-seo-premium-wordpress\/ -->\n<title>Buy Florida Driver\u2019s License and ID Card<\/title>\n<meta name=\"description\" content=\"Buy Florida Real Driver\u2019s License and ID Card online \u2013 New FL ID and DL Buy Florida Driver\u2019s License and ID Card online\u00a0with video proof of the Florida\" \/>\n<meta name=\"robots\" content=\"index, follow, max-snippet:-1, max-image-preview:large, max-video-preview:-1\" \/>\n<link rel=\"canonical\" href=\"https:\/\/fahrerlaubnisnetz.com\/es\/product\/comprar-licencia-de-conducir-y-tarjeta-de-identificacion-en-florida\/\" \/>\n<meta property=\"og:locale\" content=\"es_ES\" \/>\n<meta property=\"og:type\" content=\"article\" \/>\n<meta property=\"og:title\" content=\"Buy Florida Driver\u2019s License and ID Card\" \/>\n<meta property=\"og:description\" content=\"Buy Florida Real Driver\u2019s License and ID Card online \u2013 New FL ID and DL Buy Florida Driver\u2019s License and ID Card online\u00a0with video proof of the Florida\" \/>\n<meta property=\"og:url\" content=\"https:\/\/fahrerlaubnisnetz.com\/es\/product\/comprar-licencia-de-conducir-y-tarjeta-de-identificacion-en-florida\/\" \/>\n<meta property=\"og:site_name\" content=\"Fahrerlaubnis Netz\" \/>\n<meta property=\"article:modified_time\" content=\"2025-07-12T11:06:52+00:00\" \/>\n<meta property=\"og:image\" content=\"https:\/\/fahrerlaubnisnetz.com\/wp-content\/uploads\/2024\/12\/image_2024-12-26_212215925.png\" \/>\n\t<meta property=\"og:image:width\" content=\"510\" \/>\n\t<meta property=\"og:image:height\" content=\"363\" \/>\n\t<meta property=\"og:image:type\" content=\"image\/png\" \/>\n<meta name=\"twitter:card\" content=\"summary_large_image\" \/>\n<meta name=\"twitter:label1\" content=\"Tiempo de lectura\" \/>\n\t<meta name=\"twitter:data1\" content=\"3 minutos\" \/>\n<script type=\"application\/ld+json\" class=\"yoast-schema-graph\">{\"@context\":\"https:\/\/schema.org\",\"@graph\":[{\"@type\":\"WebPage\",\"@id\":\"https:\/\/fahrerlaubnisnetz.com\/product\/buy-florida-drivers-license-and-id-card\/\",\"url\":\"https:\/\/fahrerlaubnisnetz.com\/product\/buy-florida-drivers-license-and-id-card\/\",\"name\":\"Buy Florida Driver\u2019s License and ID Card\",\"isPartOf\":{\"@id\":\"https:\/\/fahrerlaubnisnetz.com\/#website\"},\"primaryImageOfPage\":{\"@id\":\"https:\/\/fahrerlaubnisnetz.com\/product\/buy-florida-drivers-license-and-id-card\/#primaryimage\"},\"image\":{\"@id\":\"https:\/\/fahrerlaubnisnetz.com\/product\/buy-florida-drivers-license-and-id-card\/#primaryimage\"},\"thumbnailUrl\":\"https:\/\/fahrerlaubnisnetz.com\/wp-content\/uploads\/2024\/12\/image_2024-12-26_212215925.png\",\"datePublished\":\"2024-12-26T20:24:11+00:00\",\"dateModified\":\"2025-07-12T11:06:52+00:00\",\"description\":\"Buy Florida Real Driver\u2019s License and ID Card online \u2013 New FL ID and DL Buy Florida Driver\u2019s License and ID Card online\u00a0with video proof of the Florida\",\"breadcrumb\":{\"@id\":\"https:\/\/fahrerlaubnisnetz.com\/product\/buy-florida-drivers-license-and-id-card\/#breadcrumb\"},\"inLanguage\":\"es\",\"potentialAction\":[{\"@type\":\"ReadAction\",\"target\":[\"https:\/\/fahrerlaubnisnetz.com\/product\/buy-florida-drivers-license-and-id-card\/\"]}]},{\"@type\":\"ImageObject\",\"inLanguage\":\"es\",\"@id\":\"https:\/\/fahrerlaubnisnetz.com\/product\/buy-florida-drivers-license-and-id-card\/#primaryimage\",\"url\":\"https:\/\/fahrerlaubnisnetz.com\/wp-content\/uploads\/2024\/12\/image_2024-12-26_212215925.png\",\"contentUrl\":\"https:\/\/fahrerlaubnisnetz.com\/wp-content\/uploads\/2024\/12\/image_2024-12-26_212215925.png\",\"width\":510,\"height\":363,\"caption\":\"Driving license\"},{\"@type\":\"BreadcrumbList\",\"@id\":\"https:\/\/fahrerlaubnisnetz.com\/product\/buy-florida-drivers-license-and-id-card\/#breadcrumb\",\"itemListElement\":[{\"@type\":\"ListItem\",\"position\":1,\"name\":\"Home\",\"item\":\"https:\/\/fahrerlaubnisnetz.com\/\"},{\"@type\":\"ListItem\",\"position\":2,\"name\":\"All Services\",\"item\":\"https:\/\/fahrerlaubnisnetz.com\/shop\/\"},{\"@type\":\"ListItem\",\"position\":3,\"name\":\"Buy Florida Driver\u2019s License and ID Card\"}]},{\"@type\":\"WebSite\",\"@id\":\"https:\/\/fahrerlaubnisnetz.com\/#website\",\"url\":\"https:\/\/fahrerlaubnisnetz.com\/\",\"name\":\"FAHRERLAUBNIS NETZ\",\"description\":\"Buy Original Drivers License, Pasport Online\",\"publisher\":{\"@id\":\"https:\/\/fahrerlaubnisnetz.com\/#organization\"},\"alternateName\":\"DRIVER'S LICENSE NETWORK\",\"potentialAction\":[{\"@type\":\"SearchAction\",\"target\":{\"@type\":\"EntryPoint\",\"urlTemplate\":\"https:\/\/fahrerlaubnisnetz.com\/?s={search_term_string}\"},\"query-input\":{\"@type\":\"PropertyValueSpecification\",\"valueRequired\":true,\"valueName\":\"search_term_string\"}}],\"inLanguage\":\"es\"},{\"@type\":\"Organization\",\"@id\":\"https:\/\/fahrerlaubnisnetz.com\/#organization\",\"name\":\"FAHRERLAUBNIS NETZ\",\"alternateName\":\"DRIVER'S LICENSE NETWORK\",\"url\":\"https:\/\/fahrerlaubnisnetz.com\/\",\"logo\":{\"@type\":\"ImageObject\",\"inLanguage\":\"es\",\"@id\":\"https:\/\/fahrerlaubnisnetz.com\/#\/schema\/logo\/image\/\",\"url\":\"https:\/\/fahrerlaubnisnetz.com\/wp-content\/uploads\/2025\/03\/image_2025-03-21_162823337.png\",\"contentUrl\":\"https:\/\/fahrerlaubnisnetz.com\/wp-content\/uploads\/2025\/03\/image_2025-03-21_162823337.png\",\"width\":590,\"height\":288,\"caption\":\"FAHRERLAUBNIS NETZ\"},\"image\":{\"@id\":\"https:\/\/fahrerlaubnisnetz.com\/#\/schema\/logo\/image\/\"}}]}<\/script>\n<!-- \/ Yoast SEO Premium plugin. -->","yoast_head_json":{"title":"Compre una licencia de conducir y una tarjeta de identificaci\u00f3n de Florida","description":"Compre una licencia de conducir y una tarjeta de identificaci\u00f3n reales de Florida en l\u00ednea: nueva identificaci\u00f3n y licencia de conducir de Florida Compre una licencia de conducir y una tarjeta de identificaci\u00f3n de Florida en l\u00ednea con prueba en video de la Florida","robots":{"index":"index","follow":"follow","max-snippet":"max-snippet:-1","max-image-preview":"max-image-preview:large","max-video-preview":"max-video-preview:-1"},"canonical":"https:\/\/fahrerlaubnisnetz.com\/es\/product\/comprar-licencia-de-conducir-y-tarjeta-de-identificacion-en-florida\/","og_locale":"es_ES","og_type":"article","og_title":"Buy Florida Driver\u2019s License and ID Card","og_description":"Buy Florida Real Driver\u2019s License and ID Card online \u2013 New FL ID and DL Buy Florida Driver\u2019s License and ID Card online\u00a0with video proof of the Florida","og_url":"https:\/\/fahrerlaubnisnetz.com\/es\/product\/comprar-licencia-de-conducir-y-tarjeta-de-identificacion-en-florida\/","og_site_name":"Fahrerlaubnis Netz","article_modified_time":"2025-07-12T11:06:52+00:00","og_image":[{"width":510,"height":363,"url":"https:\/\/fahrerlaubnisnetz.com\/wp-content\/uploads\/2024\/12\/image_2024-12-26_212215925.png","type":"image\/png"}],"twitter_card":"summary_large_image","twitter_misc":{"Tiempo de lectura":"3 minutos"},"schema":{"@context":"https:\/\/schema.org","@graph":[{"@type":"WebPage","@id":"https:\/\/fahrerlaubnisnetz.com\/product\/buy-florida-drivers-license-and-id-card\/","url":"https:\/\/fahrerlaubnisnetz.com\/product\/buy-florida-drivers-license-and-id-card\/","name":"Compre una licencia de conducir y una tarjeta de identificaci\u00f3n de Florida","isPartOf":{"@id":"https:\/\/fahrerlaubnisnetz.com\/#website"},"primaryImageOfPage":{"@id":"https:\/\/fahrerlaubnisnetz.com\/product\/buy-florida-drivers-license-and-id-card\/#primaryimage"},"image":{"@id":"https:\/\/fahrerlaubnisnetz.com\/product\/buy-florida-drivers-license-and-id-card\/#primaryimage"},"thumbnailUrl":"https:\/\/fahrerlaubnisnetz.com\/wp-content\/uploads\/2024\/12\/image_2024-12-26_212215925.png","datePublished":"2024-12-26T20:24:11+00:00","dateModified":"2025-07-12T11:06:52+00:00","description":"Compre una licencia de conducir y una tarjeta de identificaci\u00f3n reales de Florida en l\u00ednea: nueva identificaci\u00f3n y licencia de conducir de Florida Compre una licencia de conducir y una tarjeta de identificaci\u00f3n de Florida en l\u00ednea con prueba en video de la Florida","breadcrumb":{"@id":"https:\/\/fahrerlaubnisnetz.com\/product\/buy-florida-drivers-license-and-id-card\/#breadcrumb"},"inLanguage":"es","potentialAction":[{"@type":"ReadAction","target":["https:\/\/fahrerlaubnisnetz.com\/product\/buy-florida-drivers-license-and-id-card\/"]}]},{"@type":"ImageObject","inLanguage":"es","@id":"https:\/\/fahrerlaubnisnetz.com\/product\/buy-florida-drivers-license-and-id-card\/#primaryimage","url":"https:\/\/fahrerlaubnisnetz.com\/wp-content\/uploads\/2024\/12\/image_2024-12-26_212215925.png","contentUrl":"https:\/\/fahrerlaubnisnetz.com\/wp-content\/uploads\/2024\/12\/image_2024-12-26_212215925.png","width":510,"height":363,"caption":"Driving license"},{"@type":"BreadcrumbList","@id":"https:\/\/fahrerlaubnisnetz.com\/product\/buy-florida-drivers-license-and-id-card\/#breadcrumb","itemListElement":[{"@type":"ListItem","position":1,"name":"Home","item":"https:\/\/fahrerlaubnisnetz.com\/"},{"@type":"ListItem","position":2,"name":"All Services","item":"https:\/\/fahrerlaubnisnetz.com\/shop\/"},{"@type":"ListItem","position":3,"name":"Buy Florida Driver\u2019s License and ID Card"}]},{"@type":"WebSite","@id":"https:\/\/fahrerlaubnisnetz.com\/#website","url":"https:\/\/fahrerlaubnisnetz.com\/","name":"FAHRERLAUBNIS NETZ","description":"Compre su licencia de conducir y pasaporte originales en l\u00ednea","publisher":{"@id":"https:\/\/fahrerlaubnisnetz.com\/#organization"},"alternateName":"DRIVER'S LICENSE NETWORK","potentialAction":[{"@type":"SearchAction","target":{"@type":"EntryPoint","urlTemplate":"https:\/\/fahrerlaubnisnetz.com\/?s={search_term_string}"},"query-input":{"@type":"PropertyValueSpecification","valueRequired":true,"valueName":"search_term_string"}}],"inLanguage":"es"},{"@type":"Organization","@id":"https:\/\/fahrerlaubnisnetz.com\/#organization","name":"FAHRERLAUBNIS NETZ","alternateName":"DRIVER'S LICENSE NETWORK","url":"https:\/\/fahrerlaubnisnetz.com\/","logo":{"@type":"ImageObject","inLanguage":"es","@id":"https:\/\/fahrerlaubnisnetz.com\/#\/schema\/logo\/image\/","url":"https:\/\/fahrerlaubnisnetz.com\/wp-content\/uploads\/2025\/03\/image_2025-03-21_162823337.png","contentUrl":"https:\/\/fahrerlaubnisnetz.com\/wp-content\/uploads\/2025\/03\/image_2025-03-21_162823337.png","width":590,"height":288,"caption":"FAHRERLAUBNIS NETZ"},"image":{"@id":"https:\/\/fahrerlaubnisnetz.com\/#\/schema\/logo\/image\/"}}]}},"_links":{"self":[{"href":"https:\/\/fahrerlaubnisnetz.com\/es\/wp-json\/wp\/v2\/product\/2019","targetHints":{"allow":["GET"]}}],"collection":[{"href":"https:\/\/fahrerlaubnisnetz.com\/es\/wp-json\/wp\/v2\/product"}],"about":[{"href":"https:\/\/fahrerlaubnisnetz.com\/es\/wp-json\/wp\/v2\/types\/product"}],"replies":[{"embeddable":true,"href":"https:\/\/fahrerlaubnisnetz.com\/es\/wp-json\/wp\/v2\/comments?post=2019"}],"wp:featuredmedia":[{"embeddable":true,"href":"https:\/\/fahrerlaubnisnetz.com\/es\/wp-json\/wp\/v2\/media\/2020"}],"wp:attachment":[{"href":"https:\/\/fahrerlaubnisnetz.com\/es\/wp-json\/wp\/v2\/media?parent=2019"}],"wp:term":[{"taxonomy":"product_brand","embeddable":true,"href":"https:\/\/fahrerlaubnisnetz.com\/es\/wp-json\/wp\/v2\/product_brand?post=2019"},{"taxonomy":"product_cat","embeddable":true,"href":"https:\/\/fahrerlaubnisnetz.com\/es\/wp-json\/wp\/v2\/product_cat?post=2019"},{"taxonomy":"product_tag","embeddable":true,"href":"https:\/\/fahrerlaubnisnetz.com\/es\/wp-json\/wp\/v2\/product_tag?post=2019"}],"curies":[{"name":"wp","href":"https:\/\/api.w.org\/{rel}","templated":true}]}}